{"id":1038,"date":"2021-09-20T17:59:29","date_gmt":"2021-09-20T22:59:29","guid":{"rendered":"http:\/\/repam.net\/?page_id=1038"},"modified":"2024-03-11T14:18:56","modified_gmt":"2024-03-11T19:18:56","slug":"serie-laudato-si","status":"publish","type":"page","link":"https:\/\/www.repam.net\/es\/publicaciones\/series-radiales\/serie-laudato-si\/","title":{"rendered":"Serie Laudato Si\u2019"},"content":{"rendered":"\n<h2 class=\"wp-block-heading\">Sobre el cuidado de nuestra Casa Com\u00fan<\/h2>\n\n\n\n<p>La serie Laudato Si\u2019 es una adaptaci\u00f3n radiof\u00f3nica de la idea central que atraviesa la enc\u00edclica del Papa Francisco: el cambio clim\u00e1tico est\u00e1 arruinando a la Madre Tierra y sus terribles consecuencias perjudican a todos los seres vivos, especialmente a los hombres y mujeres empobrecidos por un sistema que ya no se aguanta.<\/p>\n\n\n\n<iframe id='audio_10124958' frameborder='0' allowfullscreen='' scrolling='no' height='200' style='border:1px solid #EEE; box-sizing:border-box; width:100%;' src='https:\/\/mx.ivoox.com\/es\/player_ej_10124958_4_1.html?c1=ff6600'><\/iframe>\n\n\n\n<div style=\"height:24px\" aria-hidden=\"true\" class=\"wp-block-spacer\"><\/div>\n\n\n\n<iframe id='audio_10125040' frameborder='0' allowfullscreen='' scrolling='no' height='200' style='border:1px solid #EEE; box-sizing:border-box; width:100%;' src='https:\/\/mx.ivoox.com\/es\/player_ej_10125040_4_1.html?c1=ff6600'><\/iframe>\n\n\n\n<div style=\"height:24px\" aria-hidden=\"true\" class=\"wp-block-spacer\"><\/div>\n\n\n\n<iframe id='audio_10125921' frameborder='0' allowfullscreen='' scrolling='no' height='200' style='border:1px solid #EEE; box-sizing:border-box; width:100%;' src='https:\/\/mx.ivoox.com\/es\/player_ej_10125921_4_1.html?c1=ff6600'><\/iframe>\n\n\n\n<div style=\"height:24px\" aria-hidden=\"true\" class=\"wp-block-spacer\"><\/div>\n\n\n\n<iframe id='audio_10125992' frameborder='0' allowfullscreen='' scrolling='no' height='200' style='border:1px solid #EEE; box-sizing:border-box; width:100%;' src='https:\/\/mx.ivoox.com\/es\/player_ej_10125992_4_1.html?c1=ff6600'><\/iframe>\n\n\n\n<div style=\"height:24px\" aria-hidden=\"true\" class=\"wp-block-spacer\"><\/div>\n\n\n\n<iframe id='audio_10126165' frameborder='0' allowfullscreen='' scrolling='no' height='200' style='border:1px solid #EEE; box-sizing:border-box; width:100%;' src='https:\/\/mx.ivoox.com\/es\/player_ej_10126165_4_1.html?c1=ff6600'><\/iframe>\n\n\n\n<div style=\"height:24px\" aria-hidden=\"true\" class=\"wp-block-spacer\"><\/div>\n\n\n\n<iframe id='audio_10126184' frameborder='0' allowfullscreen='' scrolling='no' height='200' style='border:1px solid #EEE; box-sizing:border-box; width:100%;' src='https:\/\/mx.ivoox.com\/es\/player_ej_10126184_4_1.html?c1=ff6600'><\/iframe>\n\n\n\n<div style=\"height:24px\" aria-hidden=\"true\" class=\"wp-block-spacer\"><\/div>\n\n\n\n<iframe id='audio_10126226' frameborder='0' allowfullscreen='' scrolling='no' height='200' style='border:1px solid #EEE; box-sizing:border-box; width:100%;' src='https:\/\/mx.ivoox.com\/es\/player_ej_10126226_4_1.html?c1=ff6600'><\/iframe>\n\n\n\n<div style=\"height:24px\" aria-hidden=\"true\" class=\"wp-block-spacer\"><\/div>\n\n\n\n<iframe id='audio_10126326' frameborder='0' allowfullscreen='' scrolling='no' height='200' style='border:1px solid #EEE; box-sizing:border-box; width:100%;' src='https:\/\/mx.ivoox.com\/es\/player_ej_10126326_4_1.html?c1=ff6600'><\/iframe>\n\n\n\n<div style=\"height:24px\" aria-hidden=\"true\" class=\"wp-block-spacer\"><\/div>\n\n\n\n<iframe id='audio_10126425' frameborder='0' allowfullscreen='' scrolling='no' height='200' style='border:1px solid #EEE; box-sizing:border-box; width:100%;' src='https:\/\/mx.ivoox.com\/es\/player_ej_10126425_4_1.html?c1=ff6600'><\/iframe>\n\n\n\n<div style=\"height:24px\" aria-hidden=\"true\" class=\"wp-block-spacer\"><\/div>\n\n\n\n<iframe id='audio_10126544' frameborder='0' allowfullscreen='' scrolling='no' height='200' style='border:1px solid #EEE; box-sizing:border-box; width:100%;' src='https:\/\/mx.ivoox.com\/es\/player_ej_10126544_4_1.html?c1=ff6600'><\/iframe>\n\n\n\n<div style=\"height:24px\" aria-hidden=\"true\" class=\"wp-block-spacer\"><\/div>\n\n\n\n<iframe id='audio_10127766' frameborder='0' allowfullscreen='' scrolling='no' height='200' style='border:1px solid #EEE; box-sizing:border-box; width:100%;' src='https:\/\/mx.ivoox.com\/es\/player_ej_10127766_4_1.html?c1=ff6600'><\/iframe>\n\n\n\n<div style=\"height:24px\" aria-hidden=\"true\" class=\"wp-block-spacer\"><\/div>\n\n\n\n<iframe id='audio_10127807' frameborder='0' allowfullscreen='' scrolling='no' height='200' style='border:1px solid #EEE; box-sizing:border-box; width:100%;' src='https:\/\/mx.ivoox.com\/es\/player_ej_10127807_4_1.html?c1=ff6600'><\/iframe>\n\n\n\n<div style=\"height:24px\" aria-hidden=\"true\" class=\"wp-block-spacer\"><\/div>\n\n\n\n<iframe id='audio_10127844' frameborder='0' allowfullscreen='' scrolling='no' height='200' style='border:1px solid #EEE; box-sizing:border-box; width:100%;' src='https:\/\/mx.ivoox.com\/es\/player_ej_10127844_4_1.html?c1=ff6600'><\/iframe>\n\n\n\n<div style=\"height:24px\" aria-hidden=\"true\" class=\"wp-block-spacer\"><\/div>\n\n\n\n<iframe id='audio_10127899' frameborder='0' allowfullscreen='' scrolling='no' height='200' style='border:1px solid #EEE; box-sizing:border-box; width:100%;' src='https:\/\/mx.ivoox.com\/es\/player_ej_10127899_4_1.html?c1=ff6600'><\/iframe>\n\n\n\n<div style=\"height:24px\" aria-hidden=\"true\" class=\"wp-block-spacer\"><\/div>\n\n\n\n<iframe id='audio_10128007' frameborder='0' allowfullscreen='' scrolling='no' height='200' style='border:1px solid #EEE; box-sizing:border-box; width:100%;' src='https:\/\/mx.ivoox.com\/es\/player_ej_10128007_4_1.html?c1=ff6600'><\/iframe>\n\n\n\n<div style=\"height:24px\" aria-hidden=\"true\" class=\"wp-block-spacer\"><\/div>\n\n\n\n<iframe id='audio_10128053' frameborder='0' allowfullscreen='' scrolling='no' height='200' style='border:1px solid #EEE; box-sizing:border-box; width:100%;' src='https:\/\/mx.ivoox.com\/es\/player_ej_10128053_4_1.html?c1=ff6600'><\/iframe>\n\n\n\n<div style=\"height:24px\" aria-hidden=\"true\" class=\"wp-block-spacer\"><\/div>\n\n\n\n<iframe id='audio_10128088' frameborder='0' allowfullscreen='' scrolling='no' height='200' style='border:1px solid #EEE; box-sizing:border-box; width:100%;' src='https:\/\/mx.ivoox.com\/es\/player_ej_10128088_4_1.html?c1=ff6600'><\/iframe>\n\n\n\n<div style=\"height:24px\" aria-hidden=\"true\" class=\"wp-block-spacer\"><\/div>\n\n\n\n<iframe id='audio_10128146' frameborder='0' allowfullscreen='' scrolling='no' height='200' style='border:1px solid #EEE; box-sizing:border-box; width:100%;' src='https:\/\/mx.ivoox.com\/es\/player_ej_10128146_4_1.html?c1=ff6600'><\/iframe>\n\n\n\n<div style=\"height:24px\" aria-hidden=\"true\" class=\"wp-block-spacer\"><\/div>\n\n\n\n<iframe id='audio_10128222' frameborder='0' allowfullscreen='' scrolling='no' height='200' style='border:1px solid #EEE; box-sizing:border-box; width:100%;' src='https:\/\/mx.ivoox.com\/es\/player_ej_10128222_4_1.html?c1=ff6600'><\/iframe>\n\n\n\n<div style=\"height:24px\" aria-hidden=\"true\" class=\"wp-block-spacer\"><\/div>\n\n\n\n<iframe id='audio_10128433' frameborder='0' allowfullscreen='' scrolling='no' height='200' style='border:1px solid #EEE; box-sizing:border-box; width:100%;' src='https:\/\/mx.ivoox.com\/es\/player_ej_10128433_4_1.html?c1=ff6600'><\/iframe>\n\n\n\n<p class=\"has-text-align-center\"><a href=\"https:\/\/www.repam.net\/es\/wp-content\/uploads\/2024\/03\/Guia-Serie-Laudato-Si-REPAM-esp.pdf\">Descargue aqu\u00ed el folleto gui\u00f3n con todos los episodios<\/a><\/p>\n","protected":false},"excerpt":{"rendered":"<p>Sobre el cuidado de nuestra Casa Com\u00fan La serie Laudato Si\u2019 es una adaptaci\u00f3n radiof\u00f3nica de la idea central que atraviesa la enc\u00edclica del Papa Francisco: el cambio clim\u00e1tico est\u00e1 arruinando a la Madre Tierra y sus terribles consecuencias perjudican a todos los seres vivos, especialmente a los hombres y mujeres empobrecidos por un sistema [&hellip;]<\/p>\n","protected":false},"author":1,"featured_media":0,"parent":1023,"menu_order":2,"comment_status":"closed","ping_status":"closed","template":"page-multipla.php","meta":{"_acf_changed":false,"_uf_show_specific_survey":0,"_uf_disable_surveys":false,"footnotes":""},"class_list":["post-1038","page","type-page","status-publish","hentry"],"acf":[],"aioseo_notices":[],"yoast_head":"<!-- This site is optimized with the Yoast SEO plugin v27.4 - https:\/\/yoast.com\/product\/yoast-seo-wordpress\/ -->\n<title>Serie Laudato Si\u2019 - REPAM<\/title>\n<meta name=\"robots\" content=\"index, follow, max-snippet:-1, max-image-preview:large, max-video-preview:-1\" \/>\n<link rel=\"canonical\" href=\"https:\/\/www.repam.net\/es\/publicaciones\/series-radiales\/serie-laudato-si\/\" \/>\n<meta property=\"og:locale\" content=\"es_ES\" \/>\n<meta property=\"og:type\" content=\"article\" \/>\n<meta property=\"og:title\" content=\"Serie Laudato Si\u2019 - REPAM\" \/>\n<meta property=\"og:description\" content=\"Sobre el cuidado de nuestra Casa Com\u00fan La serie Laudato Si\u2019 es una adaptaci\u00f3n radiof\u00f3nica de la idea central que atraviesa la enc\u00edclica del Papa Francisco: el cambio clim\u00e1tico est\u00e1 arruinando a la Madre Tierra y sus terribles consecuencias perjudican a todos los seres vivos, especialmente a los hombres y mujeres empobrecidos por un sistema [&hellip;]\" \/>\n<meta property=\"og:url\" content=\"https:\/\/www.repam.net\/es\/publicaciones\/series-radiales\/serie-laudato-si\/\" \/>\n<meta property=\"og:site_name\" content=\"REPAM\" \/>\n<meta property=\"article:modified_time\" content=\"2024-03-11T19:18:56+00:00\" \/>\n<meta name=\"twitter:card\" content=\"summary_large_image\" \/>\n<script type=\"application\/ld+json\" class=\"yoast-schema-graph\">{\"@context\":\"https:\\\/\\\/schema.org\",\"@graph\":[{\"@type\":\"WebPage\",\"@id\":\"https:\\\/\\\/www.repam.net\\\/es\\\/publicaciones\\\/series-radiales\\\/serie-laudato-si\\\/\",\"url\":\"https:\\\/\\\/www.repam.net\\\/es\\\/publicaciones\\\/series-radiales\\\/serie-laudato-si\\\/\",\"name\":\"Serie Laudato Si\u2019 - REPAM\",\"isPartOf\":{\"@id\":\"https:\\\/\\\/www.repam.net\\\/es\\\/#website\"},\"datePublished\":\"2021-09-20T22:59:29+00:00\",\"dateModified\":\"2024-03-11T19:18:56+00:00\",\"breadcrumb\":{\"@id\":\"https:\\\/\\\/www.repam.net\\\/es\\\/publicaciones\\\/series-radiales\\\/serie-laudato-si\\\/#breadcrumb\"},\"inLanguage\":\"es-CO\",\"potentialAction\":[{\"@type\":\"ReadAction\",\"target\":[\"https:\\\/\\\/www.repam.net\\\/es\\\/publicaciones\\\/series-radiales\\\/serie-laudato-si\\\/\"]}]},{\"@type\":\"BreadcrumbList\",\"@id\":\"https:\\\/\\\/www.repam.net\\\/es\\\/publicaciones\\\/series-radiales\\\/serie-laudato-si\\\/#breadcrumb\",\"itemListElement\":[{\"@type\":\"ListItem\",\"position\":1,\"name\":\"Inicio\",\"item\":\"https:\\\/\\\/www.repam.net\\\/es\\\/\"},{\"@type\":\"ListItem\",\"position\":2,\"name\":\"Publicaciones\",\"item\":\"https:\\\/\\\/www.repam.net\\\/es\\\/publicaciones\\\/\"},{\"@type\":\"ListItem\",\"position\":3,\"name\":\"Series Radiales\",\"item\":\"https:\\\/\\\/www.repam.net\\\/es\\\/publicaciones\\\/series-radiales\\\/\"},{\"@type\":\"ListItem\",\"position\":4,\"name\":\"Serie Laudato Si\u2019\"}]},{\"@type\":\"WebSite\",\"@id\":\"https:\\\/\\\/www.repam.net\\\/es\\\/#website\",\"url\":\"https:\\\/\\\/www.repam.net\\\/es\\\/\",\"name\":\"REPAM\",\"description\":\"Red Eclesial Panamaz\u00f3nica\",\"publisher\":{\"@id\":\"https:\\\/\\\/www.repam.net\\\/es\\\/#organization\"},\"potentialAction\":[{\"@type\":\"SearchAction\",\"target\":{\"@type\":\"EntryPoint\",\"urlTemplate\":\"https:\\\/\\\/www.repam.net\\\/es\\\/?s={search_term_string}\"},\"query-input\":{\"@type\":\"PropertyValueSpecification\",\"valueRequired\":true,\"valueName\":\"search_term_string\"}}],\"inLanguage\":\"es-CO\"},{\"@type\":\"Organization\",\"@id\":\"https:\\\/\\\/www.repam.net\\\/es\\\/#organization\",\"name\":\"REPAM\",\"url\":\"https:\\\/\\\/www.repam.net\\\/es\\\/\",\"logo\":{\"@type\":\"ImageObject\",\"inLanguage\":\"es-CO\",\"@id\":\"https:\\\/\\\/www.repam.net\\\/es\\\/#\\\/schema\\\/logo\\\/image\\\/\",\"url\":\"https:\\\/\\\/www.repam.net\\\/es\\\/wp-content\\\/uploads\\\/2021\\\/11\\\/cropped-favicon.png\",\"contentUrl\":\"https:\\\/\\\/www.repam.net\\\/es\\\/wp-content\\\/uploads\\\/2021\\\/11\\\/cropped-favicon.png\",\"width\":512,\"height\":512,\"caption\":\"REPAM\"},\"image\":{\"@id\":\"https:\\\/\\\/www.repam.net\\\/es\\\/#\\\/schema\\\/logo\\\/image\\\/\"}}]}<\/script>\n<!-- \/ Yoast SEO plugin. -->","yoast_head_json":{"title":"Serie Laudato Si\u2019 - REPAM","robots":{"index":"index","follow":"follow","max-snippet":"max-snippet:-1","max-image-preview":"max-image-preview:large","max-video-preview":"max-video-preview:-1"},"canonical":"https:\/\/www.repam.net\/es\/publicaciones\/series-radiales\/serie-laudato-si\/","og_locale":"es_ES","og_type":"article","og_title":"Serie Laudato Si\u2019 - REPAM","og_description":"Sobre el cuidado de nuestra Casa Com\u00fan La serie Laudato Si\u2019 es una adaptaci\u00f3n radiof\u00f3nica de la idea central que atraviesa la enc\u00edclica del Papa Francisco: el cambio clim\u00e1tico est\u00e1 arruinando a la Madre Tierra y sus terribles consecuencias perjudican a todos los seres vivos, especialmente a los hombres y mujeres empobrecidos por un sistema [&hellip;]","og_url":"https:\/\/www.repam.net\/es\/publicaciones\/series-radiales\/serie-laudato-si\/","og_site_name":"REPAM","article_modified_time":"2024-03-11T19:18:56+00:00","twitter_card":"summary_large_image","schema":{"@context":"https:\/\/schema.org","@graph":[{"@type":"WebPage","@id":"https:\/\/www.repam.net\/es\/publicaciones\/series-radiales\/serie-laudato-si\/","url":"https:\/\/www.repam.net\/es\/publicaciones\/series-radiales\/serie-laudato-si\/","name":"Serie Laudato Si\u2019 - REPAM","isPartOf":{"@id":"https:\/\/www.repam.net\/es\/#website"},"datePublished":"2021-09-20T22:59:29+00:00","dateModified":"2024-03-11T19:18:56+00:00","breadcrumb":{"@id":"https:\/\/www.repam.net\/es\/publicaciones\/series-radiales\/serie-laudato-si\/#breadcrumb"},"inLanguage":"es-CO","potentialAction":[{"@type":"ReadAction","target":["https:\/\/www.repam.net\/es\/publicaciones\/series-radiales\/serie-laudato-si\/"]}]},{"@type":"BreadcrumbList","@id":"https:\/\/www.repam.net\/es\/publicaciones\/series-radiales\/serie-laudato-si\/#breadcrumb","itemListElement":[{"@type":"ListItem","position":1,"name":"Inicio","item":"https:\/\/www.repam.net\/es\/"},{"@type":"ListItem","position":2,"name":"Publicaciones","item":"https:\/\/www.repam.net\/es\/publicaciones\/"},{"@type":"ListItem","position":3,"name":"Series Radiales","item":"https:\/\/www.repam.net\/es\/publicaciones\/series-radiales\/"},{"@type":"ListItem","position":4,"name":"Serie Laudato Si\u2019"}]},{"@type":"WebSite","@id":"https:\/\/www.repam.net\/es\/#website","url":"https:\/\/www.repam.net\/es\/","name":"REPAM","description":"Red Eclesial Panamaz\u00f3nica","publisher":{"@id":"https:\/\/www.repam.net\/es\/#organization"},"potentialAction":[{"@type":"SearchAction","target":{"@type":"EntryPoint","urlTemplate":"https:\/\/www.repam.net\/es\/?s={search_term_string}"},"query-input":{"@type":"PropertyValueSpecification","valueRequired":true,"valueName":"search_term_string"}}],"inLanguage":"es-CO"},{"@type":"Organization","@id":"https:\/\/www.repam.net\/es\/#organization","name":"REPAM","url":"https:\/\/www.repam.net\/es\/","logo":{"@type":"ImageObject","inLanguage":"es-CO","@id":"https:\/\/www.repam.net\/es\/#\/schema\/logo\/image\/","url":"https:\/\/www.repam.net\/es\/wp-content\/uploads\/2021\/11\/cropped-favicon.png","contentUrl":"https:\/\/www.repam.net\/es\/wp-content\/uploads\/2021\/11\/cropped-favicon.png","width":512,"height":512,"caption":"REPAM"},"image":{"@id":"https:\/\/www.repam.net\/es\/#\/schema\/logo\/image\/"}}]}},"_links":{"self":[{"href":"https:\/\/www.repam.net\/es\/wp-json\/wp\/v2\/pages\/1038","targetHints":{"allow":["GET"]}}],"collection":[{"href":"https:\/\/www.repam.net\/es\/wp-json\/wp\/v2\/pages"}],"about":[{"href":"https:\/\/www.repam.net\/es\/wp-json\/wp\/v2\/types\/page"}],"author":[{"embeddable":true,"href":"https:\/\/www.repam.net\/es\/wp-json\/wp\/v2\/users\/1"}],"replies":[{"embeddable":true,"href":"https:\/\/www.repam.net\/es\/wp-json\/wp\/v2\/comments?post=1038"}],"version-history":[{"count":3,"href":"https:\/\/www.repam.net\/es\/wp-json\/wp\/v2\/pages\/1038\/revisions"}],"predecessor-version":[{"id":11108,"href":"https:\/\/www.repam.net\/es\/wp-json\/wp\/v2\/pages\/1038\/revisions\/11108"}],"up":[{"embeddable":true,"href":"https:\/\/www.repam.net\/es\/wp-json\/wp\/v2\/pages\/1023"}],"wp:attachment":[{"href":"https:\/\/www.repam.net\/es\/wp-json\/wp\/v2\/media?parent=1038"}],"curies":[{"name":"wp","href":"https:\/\/api.w.org\/{rel}","templated":true}]}}