{"id":10571,"date":"2023-08-21T10:21:43","date_gmt":"2023-08-21T15:21:43","guid":{"rendered":"https:\/\/www.repam.net\/es\/?page_id=10571"},"modified":"2023-10-05T15:15:59","modified_gmt":"2023-10-05T20:15:59","slug":"red-itinerante-amazonica","status":"publish","type":"page","link":"https:\/\/www.repam.net\/es\/red-itinerante-amazonica\/","title":{"rendered":"Red Itinerante Amaz\u00f3nica"},"content":{"rendered":"\n<figure class=\"wp-block-embed aligncenter is-type-video is-provider-youtube wp-block-embed-youtube wp-embed-aspect-16-9 wp-has-aspect-ratio\"><div class=\"wp-block-embed__wrapper\">\n<iframe loading=\"lazy\" title=\"RED ITINERANTE - Nuevos caminos de conversi\u00f3n pastoral\" width=\"500\" height=\"281\" src=\"https:\/\/www.youtube.com\/embed\/amxzC-JrISA?start=30&#038;feature=oembed\" frameborder=\"0\" allow=\"accelerometer; autoplay; clipboard-write; encrypted-media; gyroscope; picture-in-picture; web-share\" referrerpolicy=\"strict-origin-when-cross-origin\" allowfullscreen><\/iframe>\n<\/div><\/figure>\n\n\n\n<blockquote class=\"wp-block-quote is-layout-flow wp-block-quote-is-layout-flow\">\n<p>La Red, animada por la Red Eclesial Panamaz\u00f3nica (REPAM) y la Confederaci\u00f3n Latinoamericana de Religiosos y Religiosas (CLAR), visa &#8220;promover el fortalecimiento y la expansi\u00f3n de la Red Itinerante y Misionera en la regi\u00f3n panamaz\u00f3nica, favoreciendo procesos de encuentro, escucha y reflexi\u00f3n-formaci\u00f3n-discernimiento entre sus miembros&#8221;.<\/p>\n<\/blockquote>\n\n\n\n<h5 class=\"wp-block-heading\">Inspiraci\u00f3n<\/h5>\n\n\n\n<p>A Igreja nasceu na inser\u00e7\u00e3o e na itiner\u00e2ncia. Muitas congrega\u00e7\u00f5es religiosas tamb\u00e9m nasceram na experi\u00eancia de inser\u00e7\u00e3o e\/ou itiner\u00e2ncia de seus fundadores e fundadoras. Para manter o carisma ao longo do tempo se gerou um processo natural de institucionaliza\u00e7\u00e3o. Com o passar do tempo, os processos institucionais cresceram e se consolidaram. Com a diminui\u00e7\u00e3o das voca\u00e7\u00f5es, as institui\u00e7\u00f5es tendem a absorver seus poucos recursos humanos, tirando eles dos servi\u00e7os mais inseridos e itinerantes. Nesse processo as institui\u00e7\u00f5es ficaram autorreferenciadas, e desaparecem os ficam reduzidos \u00e0 m\u00ednima express\u00e3o os servi\u00e7os de inser\u00e7\u00e3o e de itiner\u00e2ncia.&nbsp;&nbsp;<\/p>\n\n\n\n<p>Retomar o servi\u00e7o itinerante ajuda a Vida Religiosa Consagrada (VRC) e a Igreja a realimentar constantemente suas intui\u00e7\u00f5es carism\u00e1ticas. Essa dimens\u00e3o itinerante \u00e9 priorit\u00e1ria na Amaz\u00f4nia, onde o isolamento das comunidades humanas distribu\u00eddas pelo vasto territ\u00f3rio requer a miss\u00e3o itinerante. Miss\u00e3o esta que lhes possa conectar e aprofundar os temas emergentes do cuidado da vida dos povos e culturas e da Casa Comum.&nbsp;&nbsp;<\/p>\n\n\n\n<p>Na Amaz\u00f4nia, existem diferentes tipos de equipes itinerantes que v\u00e3o exercendo a itiner\u00e2ncia de maneira intercongregacional, interinstitucional, internacional, interministerial e outras, de forma a poder a fortalecer o processo evangelizador no horizonte do cuidado e defesa da vida das popula\u00e7\u00f5es e do bioma. Buscando fortalecer a consci\u00eancia amaz\u00f4nica junto \u00e0s comunidades, denunciando e acompanhando casos de viola\u00e7\u00e3o de Direitos Humanos e da Natureza e fazendo com que a Igreja alcance os rinc\u00f5es do territ\u00f3rio amaz\u00f4nico.&nbsp;<\/p>\n\n\n<div class=\"wp-block-image\">\n<figure class=\"aligncenter size-large\"><img loading=\"lazy\" decoding=\"async\" width=\"1024\" height=\"576\" src=\"https:\/\/www.repam.net\/es\/wp-content\/uploads\/2023\/10\/Red-Itinerante-Amazonica-oficial-II-Encuentro-2023-1024x576.jpg\" alt=\"\" class=\"wp-image-10773\" srcset=\"https:\/\/www.repam.net\/es\/wp-content\/uploads\/2023\/10\/Red-Itinerante-Amazonica-oficial-II-Encuentro-2023-1024x576.jpg 1024w, https:\/\/www.repam.net\/es\/wp-content\/uploads\/2023\/10\/Red-Itinerante-Amazonica-oficial-II-Encuentro-2023-300x169.jpg 300w, https:\/\/www.repam.net\/es\/wp-content\/uploads\/2023\/10\/Red-Itinerante-Amazonica-oficial-II-Encuentro-2023-768x432.jpg 768w, https:\/\/www.repam.net\/es\/wp-content\/uploads\/2023\/10\/Red-Itinerante-Amazonica-oficial-II-Encuentro-2023-1536x864.jpg 1536w, https:\/\/www.repam.net\/es\/wp-content\/uploads\/2023\/10\/Red-Itinerante-Amazonica-oficial-II-Encuentro-2023.jpg 1974w\" sizes=\"auto, (max-width: 1024px) 100vw, 1024px\" \/><figcaption class=\"wp-element-caption\">II Encuentro de la Red Itinerante Amaz\u00f3nica, realizada en agosto de 2023, en Puerto Legu\u00edzamo<\/figcaption><\/figure>\n<\/div>\n\n\n<p>Um destaque especial vem sendo a atua\u00e7\u00e3o de leigas e leigos nas equipes itinerantes que, junto com a VRC, tem promovido forma\u00e7\u00e3o e acompanhamento das popula\u00e7\u00f5es amaz\u00f4nicas face \u00e0s suas necessidades e clamores.&nbsp;<\/p>\n\n\n\n<p>Desde a sua funda\u00e7\u00e3o, a Rede Itinerante Amaz\u00f4nica vem sendo animada pela Confedera\u00e7\u00e3o Latinoamericana de Religiosos y Religiosas (CLAR) em conjunto com a REPAM, em um servi\u00e7o de articula\u00e7\u00e3o em rede visando a sinergia entre as diferentes equipes itinerantes e experi\u00eancias de miss\u00e3o em territ\u00f3rio amaz\u00f4nico de modo a fortalecer o compromisso de uma Igreja comprometida com os ecossistemas naturais e humanos.&nbsp;<\/p>\n\n\n\n<h5 class=\"wp-block-heading\">Iluminaci\u00f3n<\/h5>\n\n\n\n<p>O Documento de Aparecida (2007) nos diz: \u201cdevemos formar-nos como disc\u00edpulos mission\u00e1rios sem fronteiras, dispostos a ir \u00ab\u00e0 outra margem\u00bb\u201d (DAp, 376). <\/p>\n\n\n\n<blockquote class=\"wp-block-quote is-layout-flow wp-block-quote-is-layout-flow\">\n<p>\u201cCriar consci\u00eancia nas Am\u00e9ricas sobre a import\u00e2ncia da Amaz\u00f4nia para toda a humanidade. Estabelecer, entre as igrejas locais de diversos pa\u00edses sul-americanos, que est\u00e3o na bacia amaz\u00f4nica, uma pastoral de conjunto com prioridades diferenciadas para criar um modelo de desenvolvimento que privilegie os pobres e sirva ao bem comum\u201d (DAp, 475);&nbsp;<\/p>\n<\/blockquote>\n\n\n\n<p>Na celebra\u00e7\u00e3o dos 40 anos do Documento de Santar\u00e9m (2012), os bispos da Amaz\u00f4nia brasileira prop\u00f5em a linha de a\u00e7\u00e3o: \u201cCriar equipes itinerantes de forma\u00e7\u00e3o\u201d (Mem\u00f3ria e Compromisso, n. 3.6 \u2013 Eixo Forma\u00e7\u00e3o de presb\u00edteros, di\u00e1conos, religiosos e religiosas, leigos e leigas, para uma Igreja toda ela mission\u00e1ria e ministerial, Santar\u00e9m, 2012);&nbsp;<\/p>\n\n\n\n<p>A Exorta\u00e7\u00e3o Apost\u00f3lica Evangelii Gaudium (2014) anima a recuperar a alegria do Evangelho e ser \u201cIgreja em sa\u00edda\u201d, mission\u00e1ria;&nbsp;<\/p>\n\n\n\n<p>A Carta Enc\u00edclica Laudato Si\u2019- sobre o cuidado da casa comum (2015) convida a uma profunda convers\u00e3o, educa\u00e7\u00e3o e espiritualidade ecol\u00f3gicas na perspectiva de uma Ecologia Integral. O Papa Francisco nos recorda que \u201ctudo est\u00e1 interligado\u201d (LS, 91);&nbsp;<\/p>\n\n\n\n<p>O S\u00ednodo para a Amaz\u00f4nia prop\u00f4s \u201cnovos caminhos para a Igreja e para uma Ecologia Integral\u201d. A REPAM, fundada em 2014, \u00e9 um destes novos caminhos, uma eclesiologia mais em rede, que articula os diferentes membros de um mesmo corpo (1Cor 12) e os distintos carismas em um mesmo Esp\u00edrito (1Cor 13). \u201cO Reino dos c\u00e9us \u00e9 como uma rede que se lan\u00e7a no mar e recolhe peixes de todo tipo&#8230;\u201d (Mt 13, 47-53). Inspirados nesta imagem, tamb\u00e9m a REPAM \u00e9 a rede que se lan\u00e7a no Rio Amazonas para pescar e alimentar a vida dos seus povos;\u00a0<\/p>\n\n\n\n<figure class=\"wp-block-embed aligncenter is-type-video is-provider-youtube wp-block-embed-youtube wp-embed-aspect-16-9 wp-has-aspect-ratio\"><div class=\"wp-block-embed__wrapper\">\n<iframe loading=\"lazy\" title=\"Frutos del S\u00ednodo: Red Misionera Itinerante navegando por los r\u00edos y territorios de la Panamazon\u00eda\" width=\"500\" height=\"281\" src=\"https:\/\/www.youtube.com\/embed\/i2oP1UQM1-g?feature=oembed\" frameborder=\"0\" allow=\"accelerometer; autoplay; clipboard-write; encrypted-media; gyroscope; picture-in-picture; web-share\" referrerpolicy=\"strict-origin-when-cross-origin\" allowfullscreen><\/iframe>\n<\/div><figcaption class=\"wp-element-caption\">Serie &#8220;Frutos del S\u00ednodo Amaz\u00f3nico&#8221;: Red Misionera Itinerante navegando por los r\u00edos y territorios de la Panamazon\u00eda<\/figcaption><\/figure>\n\n\n\n<p>O Documento Final do S\u00ednodo para a Amaz\u00f4nia aponta:&nbsp;<\/p>\n\n\n\n<blockquote class=\"wp-block-quote is-layout-flow wp-block-quote-is-layout-flow\">\n<p>\u201cPropomos uma rede itinerante que re\u00fana os diferentes esfor\u00e7os das equipes que acompanham e energizam a vida e a f\u00e9 das comunidades da Amaz\u00f4nia. Os caminhos de influ\u00eancia pol\u00edtica para a transforma\u00e7\u00e3o da realidade devem ser discernidos com pastores e leigos. Como objetivo de passar de visitas pastorais a uma presen\u00e7a mais permanente, as congrega\u00e7\u00f5es e\/ou as prov\u00edncias de religiosos e religiosas do mundo, que ainda n\u00e3o est\u00e3o envolvidos em miss\u00f5es, s\u00e3o convidadas a estabelecer pelo menos uma frente mission\u00e1ria em qualquer um dos pa\u00edses amaz\u00f4nicos\u201d (DF, 40);&nbsp;<\/p>\n<\/blockquote>\n\n\n\n<p>&#8211; Papa Francisco, na Exorta\u00e7\u00e3o \u201cQuerida Amaz\u00f4nia\u201d&#8230; &nbsp;<\/p>\n\n\n\n<p><\/p>\n\n\n\n<p>O Plano Pastoral da REPAM 2022-2025 destaca na Orienta\u00e7\u00e3o Pastoral 2, Objetivo 9, Resultado esperado 9.2: \u201cRede itinerante fortalecida e atuando em diferentes territ\u00f3rios amaz\u00f4nicos\u201d.&nbsp;<\/p>\n\n\n\n<h5 class=\"wp-block-heading\">Encuentros Presenciales<\/h5>\n\n\n\n<div class=\"wp-block-columns is-layout-flex wp-container-core-columns-is-layout-9d6595d7 wp-block-columns-is-layout-flex\">\n<div class=\"wp-block-column is-layout-flow wp-block-column-is-layout-flow\">\n<figure class=\"wp-block-image size-full\"><a href=\"https:\/\/www.repam.net\/es\/redes-itinerantes-presencia-eclesial-en-la-amazonia-para-llegar-y-defender-a-los-excluidos\/\" target=\"_blank\" rel=\"noreferrer noopener\"><img loading=\"lazy\" decoding=\"async\" width=\"660\" height=\"371\" src=\"https:\/\/www.repam.net\/es\/wp-content\/uploads\/2023\/10\/Redes-Itinerantes-I-Encuentro-2019.jpg\" alt=\"\" class=\"wp-image-10775\" srcset=\"https:\/\/www.repam.net\/es\/wp-content\/uploads\/2023\/10\/Redes-Itinerantes-I-Encuentro-2019.jpg 660w, https:\/\/www.repam.net\/es\/wp-content\/uploads\/2023\/10\/Redes-Itinerantes-I-Encuentro-2019-300x169.jpg 300w\" sizes=\"auto, (max-width: 660px) 100vw, 660px\" \/><\/a><figcaption class=\"wp-element-caption\"><a href=\"https:\/\/www.repam.net\/es\/redes-itinerantes-presencia-eclesial-en-la-amazonia-para-llegar-y-defender-a-los-excluidos\/\" target=\"_blank\" rel=\"noreferrer noopener\"><strong>I ENCUENTRO &#8211; Manaus (2019) &#8211; Redes itinerantes, presencia eclesial en la Amazon\u00eda para llegar y defender a los excluidos<\/strong><\/a><\/figcaption><\/figure>\n\n\n\n<p><\/p>\n<\/div>\n\n\n\n<div class=\"wp-block-column is-layout-flow wp-block-column-is-layout-flow\">\n<figure class=\"wp-block-image size-large\"><a href=\"https:\/\/www.repam.net\/es\/continuar-tejiendo-la-red-itinerante-amazonica-en-sinodalidad-e-itinerancia\/\" target=\"_blank\" rel=\"noreferrer noopener\"><img loading=\"lazy\" decoding=\"async\" width=\"1024\" height=\"576\" src=\"https:\/\/www.repam.net\/es\/wp-content\/uploads\/2023\/10\/Red-Itinerante-Amazonica-oficial-II-Encuentro-2023-1024x576.jpg\" alt=\"\" class=\"wp-image-10773\" srcset=\"https:\/\/www.repam.net\/es\/wp-content\/uploads\/2023\/10\/Red-Itinerante-Amazonica-oficial-II-Encuentro-2023-1024x576.jpg 1024w, https:\/\/www.repam.net\/es\/wp-content\/uploads\/2023\/10\/Red-Itinerante-Amazonica-oficial-II-Encuentro-2023-300x169.jpg 300w, https:\/\/www.repam.net\/es\/wp-content\/uploads\/2023\/10\/Red-Itinerante-Amazonica-oficial-II-Encuentro-2023-768x432.jpg 768w, https:\/\/www.repam.net\/es\/wp-content\/uploads\/2023\/10\/Red-Itinerante-Amazonica-oficial-II-Encuentro-2023-1536x864.jpg 1536w, https:\/\/www.repam.net\/es\/wp-content\/uploads\/2023\/10\/Red-Itinerante-Amazonica-oficial-II-Encuentro-2023.jpg 1974w\" sizes=\"auto, (max-width: 1024px) 100vw, 1024px\" \/><\/a><figcaption class=\"wp-element-caption\"><a href=\"https:\/\/www.repam.net\/es\/continuar-tejiendo-la-red-itinerante-amazonica-en-sinodalidad-e-itinerancia\/\" target=\"_blank\" rel=\"noreferrer noopener\"><strong>II ENCUENTRO &#8211; Puerto Legu\u00edzamo (2023) &#8211; Continuar tejiendo la Red Itinerante Amaz\u00f3nica en Sinodalidad e Itinerancia<\/strong><\/a><\/figcaption><\/figure>\n<\/div>\n<\/div>\n\n\n\n<hr class=\"wp-block-separator has-alpha-channel-opacity\"\/>\n\n\n\n<div class=\"wp-block-columns is-layout-flex wp-container-core-columns-is-layout-9d6595d7 wp-block-columns-is-layout-flex\">\n<div class=\"wp-block-column is-layout-flow wp-block-column-is-layout-flow\"><\/div>\n\n\n\n<div class=\"wp-block-column is-layout-flow wp-block-column-is-layout-flow\">\n<figure class=\"wp-block-image size-full\"><a href=\"https:\/\/www.clar.org\/\" target=\"_blank\" rel=\"noreferrer noopener\"><img loading=\"lazy\" decoding=\"async\" width=\"232\" height=\"232\" src=\"https:\/\/www.repam.net\/es\/wp-content\/uploads\/2021\/08\/logo-clar.png\" alt=\"\" class=\"wp-image-30\" srcset=\"https:\/\/www.repam.net\/es\/wp-content\/uploads\/2021\/08\/logo-clar.png 232w, https:\/\/www.repam.net\/es\/wp-content\/uploads\/2021\/08\/logo-clar-150x150.png 150w\" sizes=\"auto, (max-width: 232px) 100vw, 232px\" \/><\/a><\/figure>\n<\/div>\n\n\n\n<div class=\"wp-block-column is-layout-flow wp-block-column-is-layout-flow\">\n<figure class=\"wp-block-image size-large\"><a href=\"https:\/\/www.repam.net\/es\/\" target=\"_blank\" rel=\"noreferrer noopener\"><img loading=\"lazy\" decoding=\"async\" width=\"936\" height=\"1024\" src=\"https:\/\/www.repam.net\/es\/wp-content\/uploads\/2023\/10\/REPAM_ES-01-936x1024.png\" alt=\"\" class=\"wp-image-10781\" srcset=\"https:\/\/www.repam.net\/es\/wp-content\/uploads\/2023\/10\/REPAM_ES-01-936x1024.png 936w, https:\/\/www.repam.net\/es\/wp-content\/uploads\/2023\/10\/REPAM_ES-01-274x300.png 274w, https:\/\/www.repam.net\/es\/wp-content\/uploads\/2023\/10\/REPAM_ES-01-768x840.png 768w, https:\/\/www.repam.net\/es\/wp-content\/uploads\/2023\/10\/REPAM_ES-01.png 1016w\" sizes=\"auto, (max-width: 936px) 100vw, 936px\" \/><\/a><\/figure>\n<\/div>\n\n\n\n<div class=\"wp-block-column is-layout-flow wp-block-column-is-layout-flow\"><\/div>\n<\/div>\n","protected":false},"excerpt":{"rendered":"<p>La Red, animada por la Red Eclesial Panamaz\u00f3nica (REPAM) y la Confederaci\u00f3n Latinoamericana de Religiosos y Religiosas (CLAR), visa &#8220;promover el fortalecimiento y la expansi\u00f3n de la Red Itinerante y Misionera en la regi\u00f3n panamaz\u00f3nica, favoreciendo procesos de encuentro, escucha y reflexi\u00f3n-formaci\u00f3n-discernimiento entre sus miembros&#8221;. Inspiraci\u00f3n A Igreja nasceu na inser\u00e7\u00e3o e na itiner\u00e2ncia. Muitas [&hellip;]<\/p>\n","protected":false},"author":1,"featured_media":10509,"parent":0,"menu_order":0,"comment_status":"closed","ping_status":"closed","template":"","meta":{"_acf_changed":false,"_uf_show_specific_survey":0,"_uf_disable_surveys":false,"footnotes":""},"class_list":["post-10571","page","type-page","status-publish","has-post-thumbnail","hentry"],"acf":[],"aioseo_notices":[],"yoast_head":"<!-- This site is optimized with the Yoast SEO plugin v27.3 - https:\/\/yoast.com\/product\/yoast-seo-wordpress\/ -->\n<title>Red Itinerante Amaz\u00f3nica - REPAM<\/title>\n<meta name=\"robots\" content=\"index, follow, max-snippet:-1, max-image-preview:large, max-video-preview:-1\" \/>\n<link rel=\"canonical\" href=\"https:\/\/www.repam.net\/es\/red-itinerante-amazonica\/\" \/>\n<meta property=\"og:locale\" content=\"es_ES\" \/>\n<meta property=\"og:type\" content=\"article\" \/>\n<meta property=\"og:title\" content=\"Red Itinerante Amaz\u00f3nica - REPAM\" \/>\n<meta property=\"og:description\" content=\"La Red, animada por la Red Eclesial Panamaz\u00f3nica (REPAM) y la Confederaci\u00f3n Latinoamericana de Religiosos y Religiosas (CLAR), visa &#8220;promover el fortalecimiento y la expansi\u00f3n de la Red Itinerante y Misionera en la regi\u00f3n panamaz\u00f3nica, favoreciendo procesos de encuentro, escucha y reflexi\u00f3n-formaci\u00f3n-discernimiento entre sus miembros&#8221;. Inspiraci\u00f3n A Igreja nasceu na inser\u00e7\u00e3o e na itiner\u00e2ncia. Muitas [&hellip;]\" \/>\n<meta property=\"og:url\" content=\"https:\/\/www.repam.net\/es\/red-itinerante-amazonica\/\" \/>\n<meta property=\"og:site_name\" content=\"REPAM\" \/>\n<meta property=\"article:modified_time\" content=\"2023-10-05T20:15:59+00:00\" \/>\n<meta property=\"og:image\" content=\"https:\/\/www.repam.net\/es\/wp-content\/uploads\/2023\/08\/FINAL-REDE.jpeg\" \/>\n\t<meta property=\"og:image:width\" content=\"1280\" \/>\n\t<meta property=\"og:image:height\" content=\"853\" \/>\n\t<meta property=\"og:image:type\" content=\"image\/jpeg\" \/>\n<meta name=\"twitter:card\" content=\"summary_large_image\" \/>\n<meta name=\"twitter:label1\" content=\"Tiempo de lectura\" \/>\n\t<meta name=\"twitter:data1\" content=\"5 minutos\" \/>\n<script type=\"application\/ld+json\" class=\"yoast-schema-graph\">{\"@context\":\"https:\\\/\\\/schema.org\",\"@graph\":[{\"@type\":\"WebPage\",\"@id\":\"https:\\\/\\\/www.repam.net\\\/es\\\/red-itinerante-amazonica\\\/\",\"url\":\"https:\\\/\\\/www.repam.net\\\/es\\\/red-itinerante-amazonica\\\/\",\"name\":\"Red Itinerante Amaz\u00f3nica - REPAM\",\"isPartOf\":{\"@id\":\"https:\\\/\\\/www.repam.net\\\/es\\\/#website\"},\"primaryImageOfPage\":{\"@id\":\"https:\\\/\\\/www.repam.net\\\/es\\\/red-itinerante-amazonica\\\/#primaryimage\"},\"image\":{\"@id\":\"https:\\\/\\\/www.repam.net\\\/es\\\/red-itinerante-amazonica\\\/#primaryimage\"},\"thumbnailUrl\":\"https:\\\/\\\/www.repam.net\\\/es\\\/wp-content\\\/uploads\\\/2023\\\/08\\\/FINAL-REDE.jpeg\",\"datePublished\":\"2023-08-21T15:21:43+00:00\",\"dateModified\":\"2023-10-05T20:15:59+00:00\",\"breadcrumb\":{\"@id\":\"https:\\\/\\\/www.repam.net\\\/es\\\/red-itinerante-amazonica\\\/#breadcrumb\"},\"inLanguage\":\"es-CO\",\"potentialAction\":[{\"@type\":\"ReadAction\",\"target\":[\"https:\\\/\\\/www.repam.net\\\/es\\\/red-itinerante-amazonica\\\/\"]}]},{\"@type\":\"ImageObject\",\"inLanguage\":\"es-CO\",\"@id\":\"https:\\\/\\\/www.repam.net\\\/es\\\/red-itinerante-amazonica\\\/#primaryimage\",\"url\":\"https:\\\/\\\/www.repam.net\\\/es\\\/wp-content\\\/uploads\\\/2023\\\/08\\\/FINAL-REDE.jpeg\",\"contentUrl\":\"https:\\\/\\\/www.repam.net\\\/es\\\/wp-content\\\/uploads\\\/2023\\\/08\\\/FINAL-REDE.jpeg\",\"width\":1280,\"height\":853},{\"@type\":\"BreadcrumbList\",\"@id\":\"https:\\\/\\\/www.repam.net\\\/es\\\/red-itinerante-amazonica\\\/#breadcrumb\",\"itemListElement\":[{\"@type\":\"ListItem\",\"position\":1,\"name\":\"Inicio\",\"item\":\"https:\\\/\\\/www.repam.net\\\/es\\\/\"},{\"@type\":\"ListItem\",\"position\":2,\"name\":\"Red Itinerante Amaz\u00f3nica\"}]},{\"@type\":\"WebSite\",\"@id\":\"https:\\\/\\\/www.repam.net\\\/es\\\/#website\",\"url\":\"https:\\\/\\\/www.repam.net\\\/es\\\/\",\"name\":\"REPAM\",\"description\":\"Red Eclesial Panamaz\u00f3nica\",\"publisher\":{\"@id\":\"https:\\\/\\\/www.repam.net\\\/es\\\/#organization\"},\"potentialAction\":[{\"@type\":\"SearchAction\",\"target\":{\"@type\":\"EntryPoint\",\"urlTemplate\":\"https:\\\/\\\/www.repam.net\\\/es\\\/?s={search_term_string}\"},\"query-input\":{\"@type\":\"PropertyValueSpecification\",\"valueRequired\":true,\"valueName\":\"search_term_string\"}}],\"inLanguage\":\"es-CO\"},{\"@type\":\"Organization\",\"@id\":\"https:\\\/\\\/www.repam.net\\\/es\\\/#organization\",\"name\":\"REPAM\",\"url\":\"https:\\\/\\\/www.repam.net\\\/es\\\/\",\"logo\":{\"@type\":\"ImageObject\",\"inLanguage\":\"es-CO\",\"@id\":\"https:\\\/\\\/www.repam.net\\\/es\\\/#\\\/schema\\\/logo\\\/image\\\/\",\"url\":\"https:\\\/\\\/www.repam.net\\\/es\\\/wp-content\\\/uploads\\\/2021\\\/11\\\/cropped-favicon.png\",\"contentUrl\":\"https:\\\/\\\/www.repam.net\\\/es\\\/wp-content\\\/uploads\\\/2021\\\/11\\\/cropped-favicon.png\",\"width\":512,\"height\":512,\"caption\":\"REPAM\"},\"image\":{\"@id\":\"https:\\\/\\\/www.repam.net\\\/es\\\/#\\\/schema\\\/logo\\\/image\\\/\"}}]}<\/script>\n<!-- \/ Yoast SEO plugin. -->","yoast_head_json":{"title":"Red Itinerante Amaz\u00f3nica - REPAM","robots":{"index":"index","follow":"follow","max-snippet":"max-snippet:-1","max-image-preview":"max-image-preview:large","max-video-preview":"max-video-preview:-1"},"canonical":"https:\/\/www.repam.net\/es\/red-itinerante-amazonica\/","og_locale":"es_ES","og_type":"article","og_title":"Red Itinerante Amaz\u00f3nica - REPAM","og_description":"La Red, animada por la Red Eclesial Panamaz\u00f3nica (REPAM) y la Confederaci\u00f3n Latinoamericana de Religiosos y Religiosas (CLAR), visa &#8220;promover el fortalecimiento y la expansi\u00f3n de la Red Itinerante y Misionera en la regi\u00f3n panamaz\u00f3nica, favoreciendo procesos de encuentro, escucha y reflexi\u00f3n-formaci\u00f3n-discernimiento entre sus miembros&#8221;. Inspiraci\u00f3n A Igreja nasceu na inser\u00e7\u00e3o e na itiner\u00e2ncia. Muitas [&hellip;]","og_url":"https:\/\/www.repam.net\/es\/red-itinerante-amazonica\/","og_site_name":"REPAM","article_modified_time":"2023-10-05T20:15:59+00:00","og_image":[{"width":1280,"height":853,"url":"https:\/\/www.repam.net\/es\/wp-content\/uploads\/2023\/08\/FINAL-REDE.jpeg","type":"image\/jpeg"}],"twitter_card":"summary_large_image","twitter_misc":{"Tiempo de lectura":"5 minutos"},"schema":{"@context":"https:\/\/schema.org","@graph":[{"@type":"WebPage","@id":"https:\/\/www.repam.net\/es\/red-itinerante-amazonica\/","url":"https:\/\/www.repam.net\/es\/red-itinerante-amazonica\/","name":"Red Itinerante Amaz\u00f3nica - REPAM","isPartOf":{"@id":"https:\/\/www.repam.net\/es\/#website"},"primaryImageOfPage":{"@id":"https:\/\/www.repam.net\/es\/red-itinerante-amazonica\/#primaryimage"},"image":{"@id":"https:\/\/www.repam.net\/es\/red-itinerante-amazonica\/#primaryimage"},"thumbnailUrl":"https:\/\/www.repam.net\/es\/wp-content\/uploads\/2023\/08\/FINAL-REDE.jpeg","datePublished":"2023-08-21T15:21:43+00:00","dateModified":"2023-10-05T20:15:59+00:00","breadcrumb":{"@id":"https:\/\/www.repam.net\/es\/red-itinerante-amazonica\/#breadcrumb"},"inLanguage":"es-CO","potentialAction":[{"@type":"ReadAction","target":["https:\/\/www.repam.net\/es\/red-itinerante-amazonica\/"]}]},{"@type":"ImageObject","inLanguage":"es-CO","@id":"https:\/\/www.repam.net\/es\/red-itinerante-amazonica\/#primaryimage","url":"https:\/\/www.repam.net\/es\/wp-content\/uploads\/2023\/08\/FINAL-REDE.jpeg","contentUrl":"https:\/\/www.repam.net\/es\/wp-content\/uploads\/2023\/08\/FINAL-REDE.jpeg","width":1280,"height":853},{"@type":"BreadcrumbList","@id":"https:\/\/www.repam.net\/es\/red-itinerante-amazonica\/#breadcrumb","itemListElement":[{"@type":"ListItem","position":1,"name":"Inicio","item":"https:\/\/www.repam.net\/es\/"},{"@type":"ListItem","position":2,"name":"Red Itinerante Amaz\u00f3nica"}]},{"@type":"WebSite","@id":"https:\/\/www.repam.net\/es\/#website","url":"https:\/\/www.repam.net\/es\/","name":"REPAM","description":"Red Eclesial Panamaz\u00f3nica","publisher":{"@id":"https:\/\/www.repam.net\/es\/#organization"},"potentialAction":[{"@type":"SearchAction","target":{"@type":"EntryPoint","urlTemplate":"https:\/\/www.repam.net\/es\/?s={search_term_string}"},"query-input":{"@type":"PropertyValueSpecification","valueRequired":true,"valueName":"search_term_string"}}],"inLanguage":"es-CO"},{"@type":"Organization","@id":"https:\/\/www.repam.net\/es\/#organization","name":"REPAM","url":"https:\/\/www.repam.net\/es\/","logo":{"@type":"ImageObject","inLanguage":"es-CO","@id":"https:\/\/www.repam.net\/es\/#\/schema\/logo\/image\/","url":"https:\/\/www.repam.net\/es\/wp-content\/uploads\/2021\/11\/cropped-favicon.png","contentUrl":"https:\/\/www.repam.net\/es\/wp-content\/uploads\/2021\/11\/cropped-favicon.png","width":512,"height":512,"caption":"REPAM"},"image":{"@id":"https:\/\/www.repam.net\/es\/#\/schema\/logo\/image\/"}}]}},"_links":{"self":[{"href":"https:\/\/www.repam.net\/es\/wp-json\/wp\/v2\/pages\/10571","targetHints":{"allow":["GET"]}}],"collection":[{"href":"https:\/\/www.repam.net\/es\/wp-json\/wp\/v2\/pages"}],"about":[{"href":"https:\/\/www.repam.net\/es\/wp-json\/wp\/v2\/types\/page"}],"author":[{"embeddable":true,"href":"https:\/\/www.repam.net\/es\/wp-json\/wp\/v2\/users\/1"}],"replies":[{"embeddable":true,"href":"https:\/\/www.repam.net\/es\/wp-json\/wp\/v2\/comments?post=10571"}],"version-history":[{"count":5,"href":"https:\/\/www.repam.net\/es\/wp-json\/wp\/v2\/pages\/10571\/revisions"}],"predecessor-version":[{"id":10784,"href":"https:\/\/www.repam.net\/es\/wp-json\/wp\/v2\/pages\/10571\/revisions\/10784"}],"wp:featuredmedia":[{"embeddable":true,"href":"https:\/\/www.repam.net\/es\/wp-json\/wp\/v2\/media\/10509"}],"wp:attachment":[{"href":"https:\/\/www.repam.net\/es\/wp-json\/wp\/v2\/media?parent=10571"}],"curies":[{"name":"wp","href":"https:\/\/api.w.org\/{rel}","templated":true}]}}