{"id":11,"date":"2021-08-28T16:04:39","date_gmt":"2021-08-28T21:04:39","guid":{"rendered":"http:\/\/repam.net\/?page_id=11"},"modified":"2026-02-12T09:51:37","modified_gmt":"2026-02-12T14:51:37","slug":"quienes-somos","status":"publish","type":"page","link":"https:\/\/www.repam.net\/es\/quienes-somos\/","title":{"rendered":"Quienes Somos"},"content":{"rendered":"\n<p>La REPAM es un organismo eclesial, nacido en septiembre de 2014, como resultado del camino recorrido por la Iglesia prof\u00e9tica y encarnada en este territorio, cofundada por:<\/p>\n\n\n\n<div style=\"height:49px\" aria-hidden=\"true\" class=\"wp-block-spacer\"><\/div>\n\n\n\n<div class=\"wp-block-columns text-verde-claro is-layout-flex wp-container-core-columns-is-layout-9d6595d7 wp-block-columns-is-layout-flex\">\n<div class=\"wp-block-column is-layout-flow wp-block-column-is-layout-flow\"><div class=\"wp-block-image\">\n<figure class=\"aligncenter size-full\"><img loading=\"lazy\" decoding=\"async\" width=\"232\" height=\"232\" src=\"https:\/\/www.repam.net\/es\/wp-content\/uploads\/2021\/08\/logo_celam.png\" alt=\"\" class=\"wp-image-29\" srcset=\"https:\/\/www.repam.net\/es\/wp-content\/uploads\/2021\/08\/logo_celam.png 232w, https:\/\/www.repam.net\/es\/wp-content\/uploads\/2021\/08\/logo_celam-150x150.png 150w\" sizes=\"auto, (max-width: 232px) 100vw, 232px\" \/><\/figure>\n<\/div>\n\n\n<p class=\"has-text-align-center\"><strong>el Consejo Episcopal Latinoamericano \u2013 CELAM<\/strong><\/p>\n<\/div>\n\n\n\n<div class=\"wp-block-column is-layout-flow wp-block-column-is-layout-flow\"><div class=\"wp-block-image\">\n<figure class=\"aligncenter size-full\"><img loading=\"lazy\" decoding=\"async\" width=\"232\" height=\"232\" src=\"https:\/\/www.repam.net\/es\/wp-content\/uploads\/2021\/08\/logo-clar.png\" alt=\"\" class=\"wp-image-30\" srcset=\"https:\/\/www.repam.net\/es\/wp-content\/uploads\/2021\/08\/logo-clar.png 232w, https:\/\/www.repam.net\/es\/wp-content\/uploads\/2021\/08\/logo-clar-150x150.png 150w\" sizes=\"auto, (max-width: 232px) 100vw, 232px\" \/><\/figure>\n<\/div>\n\n\n<p class=\"has-text-align-center\"><strong>la Confederaci\u00f3n Latinoamericana y Caribe\u00f1a de Religiosas \u2013 CLAR<\/strong><\/p>\n<\/div>\n\n\n\n<div class=\"wp-block-column is-layout-flow wp-block-column-is-layout-flow\"><div class=\"wp-block-image\">\n<figure class=\"aligncenter size-full\"><img loading=\"lazy\" decoding=\"async\" width=\"232\" height=\"232\" src=\"https:\/\/www.repam.net\/es\/wp-content\/uploads\/2021\/08\/logo-caritas.png\" alt=\"\" class=\"wp-image-32\" srcset=\"https:\/\/www.repam.net\/es\/wp-content\/uploads\/2021\/08\/logo-caritas.png 232w, https:\/\/www.repam.net\/es\/wp-content\/uploads\/2021\/08\/logo-caritas-150x150.png 150w\" sizes=\"auto, (max-width: 232px) 100vw, 232px\" \/><\/figure>\n<\/div>\n\n\n<p class=\"has-text-align-center\"><strong>las C\u00e1ritas de Am\u00e9rica Latina y El Caribe<\/strong><\/p>\n<\/div>\n\n\n\n<div class=\"wp-block-column is-layout-flow wp-block-column-is-layout-flow\"><div class=\"wp-block-image\">\n<figure class=\"aligncenter size-full\"><img loading=\"lazy\" decoding=\"async\" width=\"232\" height=\"232\" src=\"https:\/\/www.repam.net\/es\/wp-content\/uploads\/2021\/08\/logo-cnbb.png\" alt=\"\" class=\"wp-image-34\" srcset=\"https:\/\/www.repam.net\/es\/wp-content\/uploads\/2021\/08\/logo-cnbb.png 232w, https:\/\/www.repam.net\/es\/wp-content\/uploads\/2021\/08\/logo-cnbb-150x150.png 150w\" sizes=\"auto, (max-width: 232px) 100vw, 232px\" \/><\/figure>\n<\/div>\n\n\n<p class=\"has-text-align-center\"><strong>y la Comisi\u00f3n para la Amazon\u00eda de los Obispos de Brasil (CNBB)<\/strong><\/p>\n<\/div>\n<\/div>\n\n\n\n<div style=\"height:49px\" aria-hidden=\"true\" class=\"wp-block-spacer\"><\/div>\n\n\n\n<p>Es una plataforma de articulaci\u00f3n sinodal, de compartir de experiencias y de servicios para responder a las necesidades del territorio de los 8 pa\u00edses y 1 territorio ultramar de la Panamazon\u00eda (Bolivia, Brasil, Colombia, Ecuador, Guyana, Guyana Francesa, Per\u00fa, Surinam y Venezuela).<\/p>\n\n\n\n<h2 class=\"wp-block-heading\"><strong>SER RED AL SERVICIO DE LOS PUEBLOS<\/strong><\/h2>\n\n\n\n<p><strong><em>Somos una Red<\/em><\/strong> que cultiva, cuida y fortalece procesos horizontales con los pueblos y organizaciones eclesiales de la Amazon\u00eda y de otros territorios. Tenemos conciencia de las din\u00e1micas propias de ser una Red que debe encarnarse en la vida cotidiana de los pueblos, promoviendo encuentros comprometidos y sensibles, pero que tambi\u00e9n es capaz de mover otras esferas de concientizaci\u00f3n e incidencia.<\/p>\n\n\n\n<p><strong><em>Somos una Red Eclesial<\/em><\/strong> porque asumimos el anuncio y la construcci\u00f3n del Reino de la Vida, a partir del Evangelio. Para ello, reforzamos lo que hace la Iglesia en el territorio amaz\u00f3nico y movilizamos los esfuerzos de diferentes organizaciones, grupos pastorales, movimientos, congregaciones y otros actores eclesiales. Nuestra historia como red es el resultado de todas estas expresiones, especialmente de las organizaciones fundadoras de la REPAM: CELAM, SELACC, CLAR y CNBB.&nbsp;<\/p>\n\n\n\n<p><strong><em>Somos la Red Eclesial Pan-Amaz\u00f3nica.<\/em><\/strong> El territorio de nuestra acci\u00f3n es, esencialmente, la cuenca amaz\u00f3nica, que abarca nueve pa\u00edses sudamericanos. Nuestro territorio es m\u00e1s que geograf\u00eda o concepto. La Pan-Amazon\u00eda es el lugar donde los diferentes pueblos construyen y realizan sus proyectos de vida. El territorio es tambi\u00e9n el conjunto de Iglesias particulares con sus parroquias y comunidades. La Pan-Amazon\u00eda es un territorio donde la vida late con mucha belleza, a pesar de las amenazas.&nbsp; Por ello, asumimos este lugar como territorio para nuestra acci\u00f3n pastoral a favor del Reino de la Vida.&nbsp;<\/p>\n\n\n\n<p><strong>Visi\u00f3n:<\/strong> ser fuente de vida en la Panamazon\u00eda, en busca de nuevos caminos para la Iglesia y para una ecolog\u00eda integral.\u00a0<\/p>\n\n\n\n<p><strong>Misi\u00f3n:<\/strong> promover el Reino de la Vida, en el cuidado de los pueblos, territorios y ecosistemas amaz\u00f3nicos, a trav\u00e9s de una acci\u00f3n socioeclesial articulada en red.\u00a0<\/p>\n\n\n\n<div style=\"height:40px\" aria-hidden=\"true\" class=\"wp-block-spacer\"><\/div>\n\n\n\n<p class=\"has-text-align-center\"><a rel=\"noreferrer noopener\" href=\"https:\/\/www.repam.net\/es\/wp-content\/uploads\/2021\/08\/Memoria.Encuentro.Fundacional.REPAM_.Sept_.2014.pdf\" data-type=\"URL\" data-id=\"https:\/\/www.repam.net\/es\/wp-content\/uploads\/2021\/08\/Memoria.Encuentro.Fundacional.REPAM_.Sept_.2014.pdf\" target=\"_blank\">Memoria del Encuentro Fundacional REPAM \u2013 septiembre 2014 (PDF)<\/a><\/p>\n\n\n\n<div style=\"height:40px\" aria-hidden=\"true\" class=\"wp-block-spacer\"><\/div>\n\n\n<div class=\"wp-block-image\">\n<figure class=\"aligncenter size-large\"><img loading=\"lazy\" decoding=\"async\" width=\"1024\" height=\"576\" src=\"https:\/\/www.repam.net\/es\/wp-content\/uploads\/2026\/02\/PRESIDENCIA-1-1024x576.png\" alt=\"\" class=\"wp-image-12862\" style=\"object-fit:cover\" srcset=\"https:\/\/www.repam.net\/es\/wp-content\/uploads\/2026\/02\/PRESIDENCIA-1-1024x576.png 1024w, https:\/\/www.repam.net\/es\/wp-content\/uploads\/2026\/02\/PRESIDENCIA-1-300x169.png 300w, https:\/\/www.repam.net\/es\/wp-content\/uploads\/2026\/02\/PRESIDENCIA-1-768x432.png 768w, https:\/\/www.repam.net\/es\/wp-content\/uploads\/2026\/02\/PRESIDENCIA-1-1536x864.png 1536w, https:\/\/www.repam.net\/es\/wp-content\/uploads\/2026\/02\/PRESIDENCIA-1.png 1920w\" sizes=\"auto, (max-width: 1024px) 100vw, 1024px\" \/><\/figure>\n<\/div>","protected":false},"excerpt":{"rendered":"<p>La REPAM es un organismo eclesial, nacido en septiembre de 2014, como resultado del camino recorrido por la Iglesia prof\u00e9tica y encarnada en este territorio, cofundada por: el Consejo Episcopal Latinoamericano \u2013 CELAM la Confederaci\u00f3n Latinoamericana y Caribe\u00f1a de Religiosas \u2013 CLAR las C\u00e1ritas de Am\u00e9rica Latina y El Caribe y la Comisi\u00f3n para la [&hellip;]<\/p>\n","protected":false},"author":1,"featured_media":0,"parent":0,"menu_order":0,"comment_status":"closed","ping_status":"closed","template":"","meta":{"_acf_changed":false,"_uf_show_specific_survey":0,"_uf_disable_surveys":false,"footnotes":""},"class_list":["post-11","page","type-page","status-publish","hentry"],"acf":[],"aioseo_notices":[],"yoast_head":"<!-- This site is optimized with the Yoast SEO plugin v27.3 - https:\/\/yoast.com\/product\/yoast-seo-wordpress\/ -->\n<title>Quienes Somos - REPAM<\/title>\n<meta name=\"robots\" content=\"index, follow, max-snippet:-1, max-image-preview:large, max-video-preview:-1\" \/>\n<link rel=\"canonical\" href=\"https:\/\/www.repam.net\/es\/quienes-somos\/\" \/>\n<meta property=\"og:locale\" content=\"es_ES\" \/>\n<meta property=\"og:type\" content=\"article\" \/>\n<meta property=\"og:title\" content=\"Quienes Somos - REPAM\" \/>\n<meta property=\"og:description\" content=\"La REPAM es un organismo eclesial, nacido en septiembre de 2014, como resultado del camino recorrido por la Iglesia prof\u00e9tica y encarnada en este territorio, cofundada por: el Consejo Episcopal Latinoamericano \u2013 CELAM la Confederaci\u00f3n Latinoamericana y Caribe\u00f1a de Religiosas \u2013 CLAR las C\u00e1ritas de Am\u00e9rica Latina y El Caribe y la Comisi\u00f3n para la [&hellip;]\" \/>\n<meta property=\"og:url\" content=\"https:\/\/www.repam.net\/es\/quienes-somos\/\" \/>\n<meta property=\"og:site_name\" content=\"REPAM\" \/>\n<meta property=\"article:modified_time\" content=\"2026-02-12T14:51:37+00:00\" \/>\n<meta property=\"og:image\" content=\"https:\/\/www.repam.net\/es\/wp-content\/uploads\/2021\/08\/logo_celam.png\" \/>\n\t<meta property=\"og:image:width\" content=\"232\" \/>\n\t<meta property=\"og:image:height\" content=\"232\" \/>\n\t<meta property=\"og:image:type\" content=\"image\/png\" \/>\n<meta name=\"twitter:card\" content=\"summary_large_image\" \/>\n<meta name=\"twitter:label1\" content=\"Tiempo de lectura\" \/>\n\t<meta name=\"twitter:data1\" content=\"3 minutos\" \/>\n<script type=\"application\/ld+json\" class=\"yoast-schema-graph\">{\"@context\":\"https:\\\/\\\/schema.org\",\"@graph\":[{\"@type\":\"WebPage\",\"@id\":\"https:\\\/\\\/www.repam.net\\\/es\\\/quienes-somos\\\/\",\"url\":\"https:\\\/\\\/www.repam.net\\\/es\\\/quienes-somos\\\/\",\"name\":\"Quienes Somos - REPAM\",\"isPartOf\":{\"@id\":\"https:\\\/\\\/www.repam.net\\\/es\\\/#website\"},\"primaryImageOfPage\":{\"@id\":\"https:\\\/\\\/www.repam.net\\\/es\\\/quienes-somos\\\/#primaryimage\"},\"image\":{\"@id\":\"https:\\\/\\\/www.repam.net\\\/es\\\/quienes-somos\\\/#primaryimage\"},\"thumbnailUrl\":\"https:\\\/\\\/www.repam.net\\\/es\\\/wp-content\\\/uploads\\\/2021\\\/08\\\/logo_celam.png\",\"datePublished\":\"2021-08-28T21:04:39+00:00\",\"dateModified\":\"2026-02-12T14:51:37+00:00\",\"breadcrumb\":{\"@id\":\"https:\\\/\\\/www.repam.net\\\/es\\\/quienes-somos\\\/#breadcrumb\"},\"inLanguage\":\"es-CO\",\"potentialAction\":[{\"@type\":\"ReadAction\",\"target\":[\"https:\\\/\\\/www.repam.net\\\/es\\\/quienes-somos\\\/\"]}]},{\"@type\":\"ImageObject\",\"inLanguage\":\"es-CO\",\"@id\":\"https:\\\/\\\/www.repam.net\\\/es\\\/quienes-somos\\\/#primaryimage\",\"url\":\"https:\\\/\\\/www.repam.net\\\/es\\\/wp-content\\\/uploads\\\/2021\\\/08\\\/logo_celam.png\",\"contentUrl\":\"https:\\\/\\\/www.repam.net\\\/es\\\/wp-content\\\/uploads\\\/2021\\\/08\\\/logo_celam.png\",\"width\":232,\"height\":232},{\"@type\":\"BreadcrumbList\",\"@id\":\"https:\\\/\\\/www.repam.net\\\/es\\\/quienes-somos\\\/#breadcrumb\",\"itemListElement\":[{\"@type\":\"ListItem\",\"position\":1,\"name\":\"Inicio\",\"item\":\"https:\\\/\\\/www.repam.net\\\/es\\\/\"},{\"@type\":\"ListItem\",\"position\":2,\"name\":\"Quienes Somos\"}]},{\"@type\":\"WebSite\",\"@id\":\"https:\\\/\\\/www.repam.net\\\/es\\\/#website\",\"url\":\"https:\\\/\\\/www.repam.net\\\/es\\\/\",\"name\":\"REPAM\",\"description\":\"Red Eclesial Panamaz\u00f3nica\",\"publisher\":{\"@id\":\"https:\\\/\\\/www.repam.net\\\/es\\\/#organization\"},\"potentialAction\":[{\"@type\":\"SearchAction\",\"target\":{\"@type\":\"EntryPoint\",\"urlTemplate\":\"https:\\\/\\\/www.repam.net\\\/es\\\/?s={search_term_string}\"},\"query-input\":{\"@type\":\"PropertyValueSpecification\",\"valueRequired\":true,\"valueName\":\"search_term_string\"}}],\"inLanguage\":\"es-CO\"},{\"@type\":\"Organization\",\"@id\":\"https:\\\/\\\/www.repam.net\\\/es\\\/#organization\",\"name\":\"REPAM\",\"url\":\"https:\\\/\\\/www.repam.net\\\/es\\\/\",\"logo\":{\"@type\":\"ImageObject\",\"inLanguage\":\"es-CO\",\"@id\":\"https:\\\/\\\/www.repam.net\\\/es\\\/#\\\/schema\\\/logo\\\/image\\\/\",\"url\":\"https:\\\/\\\/www.repam.net\\\/es\\\/wp-content\\\/uploads\\\/2021\\\/11\\\/cropped-favicon.png\",\"contentUrl\":\"https:\\\/\\\/www.repam.net\\\/es\\\/wp-content\\\/uploads\\\/2021\\\/11\\\/cropped-favicon.png\",\"width\":512,\"height\":512,\"caption\":\"REPAM\"},\"image\":{\"@id\":\"https:\\\/\\\/www.repam.net\\\/es\\\/#\\\/schema\\\/logo\\\/image\\\/\"}}]}<\/script>\n<!-- \/ Yoast SEO plugin. -->","yoast_head_json":{"title":"Quienes Somos - REPAM","robots":{"index":"index","follow":"follow","max-snippet":"max-snippet:-1","max-image-preview":"max-image-preview:large","max-video-preview":"max-video-preview:-1"},"canonical":"https:\/\/www.repam.net\/es\/quienes-somos\/","og_locale":"es_ES","og_type":"article","og_title":"Quienes Somos - REPAM","og_description":"La REPAM es un organismo eclesial, nacido en septiembre de 2014, como resultado del camino recorrido por la Iglesia prof\u00e9tica y encarnada en este territorio, cofundada por: el Consejo Episcopal Latinoamericano \u2013 CELAM la Confederaci\u00f3n Latinoamericana y Caribe\u00f1a de Religiosas \u2013 CLAR las C\u00e1ritas de Am\u00e9rica Latina y El Caribe y la Comisi\u00f3n para la [&hellip;]","og_url":"https:\/\/www.repam.net\/es\/quienes-somos\/","og_site_name":"REPAM","article_modified_time":"2026-02-12T14:51:37+00:00","og_image":[{"width":232,"height":232,"url":"https:\/\/www.repam.net\/es\/wp-content\/uploads\/2021\/08\/logo_celam.png","type":"image\/png"}],"twitter_card":"summary_large_image","twitter_misc":{"Tiempo de lectura":"3 minutos"},"schema":{"@context":"https:\/\/schema.org","@graph":[{"@type":"WebPage","@id":"https:\/\/www.repam.net\/es\/quienes-somos\/","url":"https:\/\/www.repam.net\/es\/quienes-somos\/","name":"Quienes Somos - REPAM","isPartOf":{"@id":"https:\/\/www.repam.net\/es\/#website"},"primaryImageOfPage":{"@id":"https:\/\/www.repam.net\/es\/quienes-somos\/#primaryimage"},"image":{"@id":"https:\/\/www.repam.net\/es\/quienes-somos\/#primaryimage"},"thumbnailUrl":"https:\/\/www.repam.net\/es\/wp-content\/uploads\/2021\/08\/logo_celam.png","datePublished":"2021-08-28T21:04:39+00:00","dateModified":"2026-02-12T14:51:37+00:00","breadcrumb":{"@id":"https:\/\/www.repam.net\/es\/quienes-somos\/#breadcrumb"},"inLanguage":"es-CO","potentialAction":[{"@type":"ReadAction","target":["https:\/\/www.repam.net\/es\/quienes-somos\/"]}]},{"@type":"ImageObject","inLanguage":"es-CO","@id":"https:\/\/www.repam.net\/es\/quienes-somos\/#primaryimage","url":"https:\/\/www.repam.net\/es\/wp-content\/uploads\/2021\/08\/logo_celam.png","contentUrl":"https:\/\/www.repam.net\/es\/wp-content\/uploads\/2021\/08\/logo_celam.png","width":232,"height":232},{"@type":"BreadcrumbList","@id":"https:\/\/www.repam.net\/es\/quienes-somos\/#breadcrumb","itemListElement":[{"@type":"ListItem","position":1,"name":"Inicio","item":"https:\/\/www.repam.net\/es\/"},{"@type":"ListItem","position":2,"name":"Quienes Somos"}]},{"@type":"WebSite","@id":"https:\/\/www.repam.net\/es\/#website","url":"https:\/\/www.repam.net\/es\/","name":"REPAM","description":"Red Eclesial Panamaz\u00f3nica","publisher":{"@id":"https:\/\/www.repam.net\/es\/#organization"},"potentialAction":[{"@type":"SearchAction","target":{"@type":"EntryPoint","urlTemplate":"https:\/\/www.repam.net\/es\/?s={search_term_string}"},"query-input":{"@type":"PropertyValueSpecification","valueRequired":true,"valueName":"search_term_string"}}],"inLanguage":"es-CO"},{"@type":"Organization","@id":"https:\/\/www.repam.net\/es\/#organization","name":"REPAM","url":"https:\/\/www.repam.net\/es\/","logo":{"@type":"ImageObject","inLanguage":"es-CO","@id":"https:\/\/www.repam.net\/es\/#\/schema\/logo\/image\/","url":"https:\/\/www.repam.net\/es\/wp-content\/uploads\/2021\/11\/cropped-favicon.png","contentUrl":"https:\/\/www.repam.net\/es\/wp-content\/uploads\/2021\/11\/cropped-favicon.png","width":512,"height":512,"caption":"REPAM"},"image":{"@id":"https:\/\/www.repam.net\/es\/#\/schema\/logo\/image\/"}}]}},"_links":{"self":[{"href":"https:\/\/www.repam.net\/es\/wp-json\/wp\/v2\/pages\/11","targetHints":{"allow":["GET"]}}],"collection":[{"href":"https:\/\/www.repam.net\/es\/wp-json\/wp\/v2\/pages"}],"about":[{"href":"https:\/\/www.repam.net\/es\/wp-json\/wp\/v2\/types\/page"}],"author":[{"embeddable":true,"href":"https:\/\/www.repam.net\/es\/wp-json\/wp\/v2\/users\/1"}],"replies":[{"embeddable":true,"href":"https:\/\/www.repam.net\/es\/wp-json\/wp\/v2\/comments?post=11"}],"version-history":[{"count":29,"href":"https:\/\/www.repam.net\/es\/wp-json\/wp\/v2\/pages\/11\/revisions"}],"predecessor-version":[{"id":12863,"href":"https:\/\/www.repam.net\/es\/wp-json\/wp\/v2\/pages\/11\/revisions\/12863"}],"wp:attachment":[{"href":"https:\/\/www.repam.net\/es\/wp-json\/wp\/v2\/media?parent=11"}],"curies":[{"name":"wp","href":"https:\/\/api.w.org\/{rel}","templated":true}]}}