{"id":11046,"date":"2024-02-15T11:08:32","date_gmt":"2024-02-15T16:08:32","guid":{"rendered":"https:\/\/www.repam.net\/es\/?page_id=11046"},"modified":"2025-03-06T11:31:16","modified_gmt":"2025-03-06T16:31:16","slug":"40-dias-navegando-2024-tejiendo-juntos-caminos-de-vida-en-la-amazonia","status":"publish","type":"page","link":"https:\/\/www.repam.net\/es\/publicaciones\/40-dias-navegando\/40-dias-navegando-2024-tejiendo-juntos-caminos-de-vida-en-la-amazonia\/","title":{"rendered":"2024 &#8211; Tejiendo juntos caminos de vida en la Amazon\u00eda"},"content":{"rendered":"\n<p>Para vivir el camino cuaresmal como un tiempo de conversi\u00f3n, el N\u00facleo de Formaci\u00f3n y M\u00e9todos Pastorales de la Red Eclesial Panamaz\u00f3nica (REPAM) ha preparado un material semanal de oraci\u00f3n y reflexi\u00f3n sobre el tema: <strong>\u201cTejiendo juntos caminos de vida en la Amazon\u00eda\u201d<\/strong>. Son 6 fichas semanales, ilustradas con im\u00e1genes de la \u201c<a href=\"https:\/\/www.instagram.com\/reddedibujantes\/\" target=\"_blank\" rel=\"noreferrer noopener\">Red de Dibujantes de Am\u00e9rica Latina<\/a>\u201c, que ser\u00e1n publicadas los jueves durante la Cuaresma.<\/p>\n\n\n\n<p>Te invitamos a acceder a nuestro material semanal de la Cuaresma:<\/p>\n\n\n\n<div class=\"wp-block-columns is-layout-flex wp-container-core-columns-is-layout-9d6595d7 wp-block-columns-is-layout-flex\">\n<div class=\"wp-block-column is-layout-flow wp-block-column-is-layout-flow\" style=\"flex-basis:100%\">\n<div class=\"wp-block-group\"><div class=\"wp-block-group__inner-container is-layout-constrained wp-block-group-is-layout-constrained\">\n<div class=\"wp-block-columns are-vertically-aligned-bottom is-layout-flex wp-container-core-columns-is-layout-9d6595d7 wp-block-columns-is-layout-flex\">\n<div class=\"wp-block-column is-layout-flow wp-block-column-is-layout-flow\">\n<p>Ficha 1 &#8211; <strong>&#8220;Conversi\u00f3n Amaz\u00f3nica, Conversi\u00f3n Sinodal&#8221;<\/strong><\/p>\n<\/div>\n\n\n\n<div class=\"wp-block-column is-layout-flow wp-block-column-is-layout-flow\">\n<p>Ficha 2 &#8211; <strong>&#8220;Armar nuestra tienda con Jes\u00fas en la Amazon\u00eda&#8221;<\/strong><\/p>\n<\/div>\n<\/div>\n<\/div><\/div>\n<\/div>\n<\/div>\n\n\n\n<div class=\"wp-block-columns is-layout-flex wp-container-core-columns-is-layout-9d6595d7 wp-block-columns-is-layout-flex\">\n<div class=\"wp-block-column is-layout-flow wp-block-column-is-layout-flow\">\n<div data-wp-interactive=\"core\/file\" class=\"wp-block-file\"><object data-wp-bind--hidden=\"!state.hasPdfPreview\" hidden class=\"wp-block-file__embed\" data=\"https:\/\/www.repam.net\/es\/wp-content\/uploads\/2024\/02\/Ficha-1-ESP-1.pdf\" type=\"application\/pdf\" style=\"width:100%;height:600px\" aria-label=\"Incrustado de Ficha-1-ESP-1.\"><\/object><a id=\"wp-block-file--media-4a58adb6-9744-44d0-af9d-213fad7b3af7\" href=\"https:\/\/www.repam.net\/es\/wp-content\/uploads\/2024\/02\/Ficha-1-ESP-1.pdf\">Ficha-1-ESP-1<\/a><a href=\"https:\/\/www.repam.net\/es\/wp-content\/uploads\/2024\/02\/Ficha-1-ESP-1.pdf\" class=\"wp-block-file__button wp-element-button\" download aria-describedby=\"wp-block-file--media-4a58adb6-9744-44d0-af9d-213fad7b3af7\">Descargar<\/a><\/div>\n<\/div>\n\n\n\n<div class=\"wp-block-column is-vertically-aligned-center is-layout-flow wp-block-column-is-layout-flow\">\n<div data-wp-interactive=\"core\/file\" class=\"wp-block-file\"><object data-wp-bind--hidden=\"!state.hasPdfPreview\" hidden class=\"wp-block-file__embed\" data=\"https:\/\/www.repam.net\/es\/wp-content\/uploads\/2024\/02\/Ficha-ESP-1.pdf\" type=\"application\/pdf\" style=\"width:100%;height:600px\" aria-label=\"Incrustado de Ficha-ESP-1.\"><\/object><a id=\"wp-block-file--media-b1d3815f-d0e6-4bdf-979a-2a27cd16bd0c\" href=\"https:\/\/www.repam.net\/es\/wp-content\/uploads\/2024\/02\/Ficha-ESP-1.pdf\">Ficha-ESP-1<\/a><a href=\"https:\/\/www.repam.net\/es\/wp-content\/uploads\/2024\/02\/Ficha-ESP-1.pdf\" class=\"wp-block-file__button wp-element-button\" download aria-describedby=\"wp-block-file--media-b1d3815f-d0e6-4bdf-979a-2a27cd16bd0c\">Descargar<\/a><\/div>\n<\/div>\n<\/div>\n\n\n\n<div class=\"wp-block-columns is-layout-flex wp-container-core-columns-is-layout-9d6595d7 wp-block-columns-is-layout-flex\">\n<div class=\"wp-block-column is-layout-flow wp-block-column-is-layout-flow\">\n<p>Ficha 3 &#8211; <strong>&#8220;El cuidado de la casa de Dios nos lleva al cuidado de la vida&#8221; <\/strong><\/p>\n<\/div>\n\n\n\n<div class=\"wp-block-column is-layout-flow wp-block-column-is-layout-flow\">\n<p>Ficha 4 &#8211; <strong>&#8220;Caminar juntos en la Amazon\u00eda para salvar, no para condenar&#8221;<\/strong><\/p>\n<\/div>\n<\/div>\n\n\n\n<div class=\"wp-block-columns is-layout-flex wp-container-core-columns-is-layout-9d6595d7 wp-block-columns-is-layout-flex\">\n<div class=\"wp-block-column is-layout-flow wp-block-column-is-layout-flow\">\n<div data-wp-interactive=\"core\/file\" class=\"wp-block-file\"><object data-wp-bind--hidden=\"!state.hasPdfPreview\" hidden class=\"wp-block-file__embed\" data=\"https:\/\/www.repam.net\/es\/wp-content\/uploads\/2024\/02\/Ficha-03-ESP.pdf\" type=\"application\/pdf\" style=\"width:100%;height:600px\" aria-label=\"Incrustado de Ficha-03-ESP.\"><\/object><a id=\"wp-block-file--media-5a958650-9173-437c-a279-8ac36ab68f1a\" href=\"https:\/\/www.repam.net\/es\/wp-content\/uploads\/2024\/02\/Ficha-03-ESP.pdf\">Ficha-03-ESP<\/a><a href=\"https:\/\/www.repam.net\/es\/wp-content\/uploads\/2024\/02\/Ficha-03-ESP.pdf\" class=\"wp-block-file__button wp-element-button\" download aria-describedby=\"wp-block-file--media-5a958650-9173-437c-a279-8ac36ab68f1a\">Descargar<\/a><\/div>\n<\/div>\n\n\n\n<div class=\"wp-block-column is-layout-flow wp-block-column-is-layout-flow\">\n<div data-wp-interactive=\"core\/file\" class=\"wp-block-file\"><object data-wp-bind--hidden=\"!state.hasPdfPreview\" hidden class=\"wp-block-file__embed\" data=\"https:\/\/www.repam.net\/es\/wp-content\/uploads\/2024\/03\/Ficha-04-ESP-1.pdf\" type=\"application\/pdf\" style=\"width:100%;height:600px\" aria-label=\"Incrustado de Ficha-04-ESP-1.\"><\/object><a id=\"wp-block-file--media-009d75e9-9cb4-4197-b87e-d0e11648f3c1\" href=\"https:\/\/www.repam.net\/es\/wp-content\/uploads\/2024\/03\/Ficha-04-ESP-1.pdf\">Ficha-04-ESP-1<\/a><a href=\"https:\/\/www.repam.net\/es\/wp-content\/uploads\/2024\/03\/Ficha-04-ESP-1.pdf\" class=\"wp-block-file__button wp-element-button\" download aria-describedby=\"wp-block-file--media-009d75e9-9cb4-4197-b87e-d0e11648f3c1\">Descargar<\/a><\/div>\n<\/div>\n<\/div>\n\n\n\n<div class=\"wp-block-columns is-layout-flex wp-container-core-columns-is-layout-9d6595d7 wp-block-columns-is-layout-flex\">\n<div class=\"wp-block-column is-layout-flow wp-block-column-is-layout-flow\">\n<p>Ficha 5- <strong>&#8220;Caminando juntos a las\/los M\u00e1rtires de la Amazon\u00eda&#8221;<\/strong><\/p>\n<\/div>\n\n\n\n<div class=\"wp-block-column is-layout-flow wp-block-column-is-layout-flow\">\n<p>Ficha 6 &#8211; <strong>&#8220;Caminando juntos con Jes\u00fas, en su pasi\u00f3n, muerte y resurrecci\u00f3n&#8221;<\/strong><\/p>\n<\/div>\n<\/div>\n\n\n\n<div class=\"wp-block-columns is-layout-flex wp-container-core-columns-is-layout-9d6595d7 wp-block-columns-is-layout-flex\">\n<div class=\"wp-block-column is-layout-flow wp-block-column-is-layout-flow\">\n<div data-wp-interactive=\"core\/file\" class=\"wp-block-file\"><object data-wp-bind--hidden=\"!state.hasPdfPreview\" hidden class=\"wp-block-file__embed\" data=\"https:\/\/www.repam.net\/es\/wp-content\/uploads\/2024\/03\/Ficha-05-ESP.pdf\" type=\"application\/pdf\" style=\"width:100%;height:600px\" aria-label=\"Incrustado de Ficha-05-ESP.\"><\/object><a id=\"wp-block-file--media-7b64a018-2404-4fda-8728-d3427903011c\" href=\"https:\/\/www.repam.net\/es\/wp-content\/uploads\/2024\/03\/Ficha-05-ESP.pdf\">Ficha-05-ESP<\/a><a href=\"https:\/\/www.repam.net\/es\/wp-content\/uploads\/2024\/03\/Ficha-05-ESP.pdf\" class=\"wp-block-file__button wp-element-button\" download aria-describedby=\"wp-block-file--media-7b64a018-2404-4fda-8728-d3427903011c\">Descargar<\/a><\/div>\n<\/div>\n\n\n\n<div class=\"wp-block-column is-layout-flow wp-block-column-is-layout-flow\">\n<div data-wp-interactive=\"core\/file\" class=\"wp-block-file\"><object data-wp-bind--hidden=\"!state.hasPdfPreview\" hidden class=\"wp-block-file__embed\" data=\"https:\/\/www.repam.net\/es\/wp-content\/uploads\/2024\/03\/Ficha-06-ESP_compressed.pdf\" type=\"application\/pdf\" style=\"width:100%;height:600px\" aria-label=\"Incrustado de Ficha-06-ESP_compressed.\"><\/object><a id=\"wp-block-file--media-71d6a58d-066e-49d9-910b-b75a583a17be\" href=\"https:\/\/www.repam.net\/es\/wp-content\/uploads\/2024\/03\/Ficha-06-ESP_compressed.pdf\">Ficha-06-ESP_compressed<\/a><a href=\"https:\/\/www.repam.net\/es\/wp-content\/uploads\/2024\/03\/Ficha-06-ESP_compressed.pdf\" class=\"wp-block-file__button wp-element-button\" download aria-describedby=\"wp-block-file--media-71d6a58d-066e-49d9-910b-b75a583a17be\">Descargar<\/a><\/div>\n<\/div>\n<\/div>\n\n\n\n<hr class=\"wp-block-separator has-alpha-channel-opacity\"\/>\n\n\n\n<p><\/p>\n\n\n\n<p><strong>REALIZACI\u00d3N:<\/strong><\/p>\n\n\n\n<div class=\"wp-block-columns is-layout-flex wp-container-core-columns-is-layout-9d6595d7 wp-block-columns-is-layout-flex\">\n<div class=\"wp-block-column is-layout-flow wp-block-column-is-layout-flow\">\n<figure class=\"wp-block-image size-large is-resized\"><img loading=\"lazy\" decoding=\"async\" width=\"1024\" height=\"490\" src=\"https:\/\/www.repam.net\/es\/wp-content\/uploads\/2024\/02\/Ativo-1-ESP-1024x490.png\" alt=\"\" class=\"wp-image-11048\" style=\"width:348px;height:auto\" srcset=\"https:\/\/www.repam.net\/es\/wp-content\/uploads\/2024\/02\/Ativo-1-ESP-1024x490.png 1024w, https:\/\/www.repam.net\/es\/wp-content\/uploads\/2024\/02\/Ativo-1-ESP-300x143.png 300w, https:\/\/www.repam.net\/es\/wp-content\/uploads\/2024\/02\/Ativo-1-ESP-768x367.png 768w, https:\/\/www.repam.net\/es\/wp-content\/uploads\/2024\/02\/Ativo-1-ESP-1536x735.png 1536w, https:\/\/www.repam.net\/es\/wp-content\/uploads\/2024\/02\/Ativo-1-ESP-2048x979.png 2048w\" sizes=\"auto, (max-width: 1024px) 100vw, 1024px\" \/><\/figure>\n<\/div>\n\n\n\n<div class=\"wp-block-column is-layout-flow wp-block-column-is-layout-flow\">\n<figure class=\"wp-block-image size-full is-resized\"><img loading=\"lazy\" decoding=\"async\" width=\"745\" height=\"507\" src=\"https:\/\/www.repam.net\/es\/wp-content\/uploads\/2024\/02\/dibujante.jpeg\" alt=\"\" class=\"wp-image-11049\" style=\"width:270px;height:auto\" srcset=\"https:\/\/www.repam.net\/es\/wp-content\/uploads\/2024\/02\/dibujante.jpeg 745w, https:\/\/www.repam.net\/es\/wp-content\/uploads\/2024\/02\/dibujante-300x204.jpeg 300w\" sizes=\"auto, (max-width: 745px) 100vw, 745px\" \/><\/figure>\n<\/div>\n<\/div>\n\n\n\n<div class=\"wp-block-columns is-layout-flex wp-container-core-columns-is-layout-9d6595d7 wp-block-columns-is-layout-flex\">\n<div class=\"wp-block-column is-layout-flow wp-block-column-is-layout-flow\">\n<blockquote class=\"wp-block-quote is-layout-flow wp-block-quote-is-layout-flow\">\n<div class=\"wp-block-group is-vertical is-layout-flex wp-container-core-group-is-layout-8cf370e7 wp-block-group-is-layout-flex\">\n<p><strong>N\u00daCLEO FORMACI\u00d3N Y M\u00c9TODOS PASTORALES REPAM:<\/strong><\/p>\n\n\n\n<ul class=\"wp-block-list\">\n<li><strong>Coordinadores:<\/strong>&nbsp;Humberto Contreras, Carlos Tubay y Alexandra Heras<\/li>\n\n\n\n<li><strong>Articulaci\u00f3n:&nbsp;<\/strong>Diego Aguiar<\/li>\n<\/ul>\n<\/div>\n<\/blockquote>\n<\/div>\n\n\n\n<div class=\"wp-block-column is-layout-flow wp-block-column-is-layout-flow\">\n<blockquote class=\"wp-block-quote is-layout-flow wp-block-quote-is-layout-flow\">\n<p><strong>EQUIPO DE COMUNICACI\u00d3N REPAM<\/strong><\/p>\n<\/blockquote>\n\n\n\n<ul class=\"wp-block-list\">\n<li><strong>Comunicaciones<\/strong>: Vanessa Xisto <\/li>\n\n\n\n<li><strong>Edici\u00f3n <\/strong>: Ricardo Pontes<\/li>\n<\/ul>\n<\/div>\n<\/div>\n","protected":false},"excerpt":{"rendered":"<p>Para vivir el camino cuaresmal como un tiempo de conversi\u00f3n, el N\u00facleo de Formaci\u00f3n y M\u00e9todos Pastorales de la Red Eclesial Panamaz\u00f3nica (REPAM) ha preparado un material semanal de oraci\u00f3n y reflexi\u00f3n sobre el tema: \u201cTejiendo juntos caminos de vida en la Amazon\u00eda\u201d. Son 6 fichas semanales, ilustradas con im\u00e1genes de la \u201cRed de Dibujantes [&hellip;]<\/p>\n","protected":false},"author":1,"featured_media":11050,"parent":343,"menu_order":3,"comment_status":"closed","ping_status":"closed","template":"","meta":{"_acf_changed":false,"_uf_show_specific_survey":0,"_uf_disable_surveys":false,"footnotes":""},"class_list":["post-11046","page","type-page","status-publish","has-post-thumbnail","hentry"],"acf":[],"aioseo_notices":[],"yoast_head":"<!-- This site is optimized with the Yoast SEO plugin v27.3 - https:\/\/yoast.com\/product\/yoast-seo-wordpress\/ -->\n<title>2024 - Tejiendo juntos caminos de vida en la Amazon\u00eda - REPAM<\/title>\n<meta name=\"robots\" content=\"index, follow, max-snippet:-1, max-image-preview:large, max-video-preview:-1\" \/>\n<link rel=\"canonical\" href=\"https:\/\/www.repam.net\/es\/publicaciones\/40-dias-navegando\/40-dias-navegando-2024-tejiendo-juntos-caminos-de-vida-en-la-amazonia\/\" \/>\n<meta property=\"og:locale\" content=\"es_ES\" \/>\n<meta property=\"og:type\" content=\"article\" \/>\n<meta property=\"og:title\" content=\"2024 - Tejiendo juntos caminos de vida en la Amazon\u00eda - REPAM\" \/>\n<meta property=\"og:description\" content=\"Para vivir el camino cuaresmal como un tiempo de conversi\u00f3n, el N\u00facleo de Formaci\u00f3n y M\u00e9todos Pastorales de la Red Eclesial Panamaz\u00f3nica (REPAM) ha preparado un material semanal de oraci\u00f3n y reflexi\u00f3n sobre el tema: \u201cTejiendo juntos caminos de vida en la Amazon\u00eda\u201d. Son 6 fichas semanales, ilustradas con im\u00e1genes de la \u201cRed de Dibujantes [&hellip;]\" \/>\n<meta property=\"og:url\" content=\"https:\/\/www.repam.net\/es\/publicaciones\/40-dias-navegando\/40-dias-navegando-2024-tejiendo-juntos-caminos-de-vida-en-la-amazonia\/\" \/>\n<meta property=\"og:site_name\" content=\"REPAM\" \/>\n<meta property=\"article:modified_time\" content=\"2025-03-06T16:31:16+00:00\" \/>\n<meta property=\"og:image\" content=\"https:\/\/www.repam.net\/es\/wp-content\/uploads\/2024\/02\/remando-juntos.jpeg\" \/>\n\t<meta property=\"og:image:width\" content=\"1080\" \/>\n\t<meta property=\"og:image:height\" content=\"1080\" \/>\n\t<meta property=\"og:image:type\" content=\"image\/jpeg\" \/>\n<meta name=\"twitter:card\" content=\"summary_large_image\" \/>\n<meta name=\"twitter:label1\" content=\"Tiempo de lectura\" \/>\n\t<meta name=\"twitter:data1\" content=\"2 minutos\" \/>\n<script type=\"application\/ld+json\" class=\"yoast-schema-graph\">{\"@context\":\"https:\\\/\\\/schema.org\",\"@graph\":[{\"@type\":\"WebPage\",\"@id\":\"https:\\\/\\\/www.repam.net\\\/es\\\/publicaciones\\\/40-dias-navegando\\\/40-dias-navegando-2024-tejiendo-juntos-caminos-de-vida-en-la-amazonia\\\/\",\"url\":\"https:\\\/\\\/www.repam.net\\\/es\\\/publicaciones\\\/40-dias-navegando\\\/40-dias-navegando-2024-tejiendo-juntos-caminos-de-vida-en-la-amazonia\\\/\",\"name\":\"2024 - Tejiendo juntos caminos de vida en la Amazon\u00eda - REPAM\",\"isPartOf\":{\"@id\":\"https:\\\/\\\/www.repam.net\\\/es\\\/#website\"},\"primaryImageOfPage\":{\"@id\":\"https:\\\/\\\/www.repam.net\\\/es\\\/publicaciones\\\/40-dias-navegando\\\/40-dias-navegando-2024-tejiendo-juntos-caminos-de-vida-en-la-amazonia\\\/#primaryimage\"},\"image\":{\"@id\":\"https:\\\/\\\/www.repam.net\\\/es\\\/publicaciones\\\/40-dias-navegando\\\/40-dias-navegando-2024-tejiendo-juntos-caminos-de-vida-en-la-amazonia\\\/#primaryimage\"},\"thumbnailUrl\":\"https:\\\/\\\/www.repam.net\\\/es\\\/wp-content\\\/uploads\\\/2024\\\/02\\\/remando-juntos.jpeg\",\"datePublished\":\"2024-02-15T16:08:32+00:00\",\"dateModified\":\"2025-03-06T16:31:16+00:00\",\"breadcrumb\":{\"@id\":\"https:\\\/\\\/www.repam.net\\\/es\\\/publicaciones\\\/40-dias-navegando\\\/40-dias-navegando-2024-tejiendo-juntos-caminos-de-vida-en-la-amazonia\\\/#breadcrumb\"},\"inLanguage\":\"es-CO\",\"potentialAction\":[{\"@type\":\"ReadAction\",\"target\":[\"https:\\\/\\\/www.repam.net\\\/es\\\/publicaciones\\\/40-dias-navegando\\\/40-dias-navegando-2024-tejiendo-juntos-caminos-de-vida-en-la-amazonia\\\/\"]}]},{\"@type\":\"ImageObject\",\"inLanguage\":\"es-CO\",\"@id\":\"https:\\\/\\\/www.repam.net\\\/es\\\/publicaciones\\\/40-dias-navegando\\\/40-dias-navegando-2024-tejiendo-juntos-caminos-de-vida-en-la-amazonia\\\/#primaryimage\",\"url\":\"https:\\\/\\\/www.repam.net\\\/es\\\/wp-content\\\/uploads\\\/2024\\\/02\\\/remando-juntos.jpeg\",\"contentUrl\":\"https:\\\/\\\/www.repam.net\\\/es\\\/wp-content\\\/uploads\\\/2024\\\/02\\\/remando-juntos.jpeg\",\"width\":1080,\"height\":1080},{\"@type\":\"BreadcrumbList\",\"@id\":\"https:\\\/\\\/www.repam.net\\\/es\\\/publicaciones\\\/40-dias-navegando\\\/40-dias-navegando-2024-tejiendo-juntos-caminos-de-vida-en-la-amazonia\\\/#breadcrumb\",\"itemListElement\":[{\"@type\":\"ListItem\",\"position\":1,\"name\":\"Inicio\",\"item\":\"https:\\\/\\\/www.repam.net\\\/es\\\/\"},{\"@type\":\"ListItem\",\"position\":2,\"name\":\"Publicaciones\",\"item\":\"https:\\\/\\\/www.repam.net\\\/es\\\/publicaciones\\\/\"},{\"@type\":\"ListItem\",\"position\":3,\"name\":\"40 d\u00edas navegando\",\"item\":\"https:\\\/\\\/www.repam.net\\\/es\\\/publicaciones\\\/40-dias-navegando\\\/\"},{\"@type\":\"ListItem\",\"position\":4,\"name\":\"2024 &#8211; Tejiendo juntos caminos de vida en la Amazon\u00eda\"}]},{\"@type\":\"WebSite\",\"@id\":\"https:\\\/\\\/www.repam.net\\\/es\\\/#website\",\"url\":\"https:\\\/\\\/www.repam.net\\\/es\\\/\",\"name\":\"REPAM\",\"description\":\"Red Eclesial Panamaz\u00f3nica\",\"publisher\":{\"@id\":\"https:\\\/\\\/www.repam.net\\\/es\\\/#organization\"},\"potentialAction\":[{\"@type\":\"SearchAction\",\"target\":{\"@type\":\"EntryPoint\",\"urlTemplate\":\"https:\\\/\\\/www.repam.net\\\/es\\\/?s={search_term_string}\"},\"query-input\":{\"@type\":\"PropertyValueSpecification\",\"valueRequired\":true,\"valueName\":\"search_term_string\"}}],\"inLanguage\":\"es-CO\"},{\"@type\":\"Organization\",\"@id\":\"https:\\\/\\\/www.repam.net\\\/es\\\/#organization\",\"name\":\"REPAM\",\"url\":\"https:\\\/\\\/www.repam.net\\\/es\\\/\",\"logo\":{\"@type\":\"ImageObject\",\"inLanguage\":\"es-CO\",\"@id\":\"https:\\\/\\\/www.repam.net\\\/es\\\/#\\\/schema\\\/logo\\\/image\\\/\",\"url\":\"https:\\\/\\\/www.repam.net\\\/es\\\/wp-content\\\/uploads\\\/2021\\\/11\\\/cropped-favicon.png\",\"contentUrl\":\"https:\\\/\\\/www.repam.net\\\/es\\\/wp-content\\\/uploads\\\/2021\\\/11\\\/cropped-favicon.png\",\"width\":512,\"height\":512,\"caption\":\"REPAM\"},\"image\":{\"@id\":\"https:\\\/\\\/www.repam.net\\\/es\\\/#\\\/schema\\\/logo\\\/image\\\/\"}}]}<\/script>\n<!-- \/ Yoast SEO plugin. -->","yoast_head_json":{"title":"2024 - Tejiendo juntos caminos de vida en la Amazon\u00eda - REPAM","robots":{"index":"index","follow":"follow","max-snippet":"max-snippet:-1","max-image-preview":"max-image-preview:large","max-video-preview":"max-video-preview:-1"},"canonical":"https:\/\/www.repam.net\/es\/publicaciones\/40-dias-navegando\/40-dias-navegando-2024-tejiendo-juntos-caminos-de-vida-en-la-amazonia\/","og_locale":"es_ES","og_type":"article","og_title":"2024 - Tejiendo juntos caminos de vida en la Amazon\u00eda - REPAM","og_description":"Para vivir el camino cuaresmal como un tiempo de conversi\u00f3n, el N\u00facleo de Formaci\u00f3n y M\u00e9todos Pastorales de la Red Eclesial Panamaz\u00f3nica (REPAM) ha preparado un material semanal de oraci\u00f3n y reflexi\u00f3n sobre el tema: \u201cTejiendo juntos caminos de vida en la Amazon\u00eda\u201d. Son 6 fichas semanales, ilustradas con im\u00e1genes de la \u201cRed de Dibujantes [&hellip;]","og_url":"https:\/\/www.repam.net\/es\/publicaciones\/40-dias-navegando\/40-dias-navegando-2024-tejiendo-juntos-caminos-de-vida-en-la-amazonia\/","og_site_name":"REPAM","article_modified_time":"2025-03-06T16:31:16+00:00","og_image":[{"width":1080,"height":1080,"url":"https:\/\/www.repam.net\/es\/wp-content\/uploads\/2024\/02\/remando-juntos.jpeg","type":"image\/jpeg"}],"twitter_card":"summary_large_image","twitter_misc":{"Tiempo de lectura":"2 minutos"},"schema":{"@context":"https:\/\/schema.org","@graph":[{"@type":"WebPage","@id":"https:\/\/www.repam.net\/es\/publicaciones\/40-dias-navegando\/40-dias-navegando-2024-tejiendo-juntos-caminos-de-vida-en-la-amazonia\/","url":"https:\/\/www.repam.net\/es\/publicaciones\/40-dias-navegando\/40-dias-navegando-2024-tejiendo-juntos-caminos-de-vida-en-la-amazonia\/","name":"2024 - Tejiendo juntos caminos de vida en la Amazon\u00eda - REPAM","isPartOf":{"@id":"https:\/\/www.repam.net\/es\/#website"},"primaryImageOfPage":{"@id":"https:\/\/www.repam.net\/es\/publicaciones\/40-dias-navegando\/40-dias-navegando-2024-tejiendo-juntos-caminos-de-vida-en-la-amazonia\/#primaryimage"},"image":{"@id":"https:\/\/www.repam.net\/es\/publicaciones\/40-dias-navegando\/40-dias-navegando-2024-tejiendo-juntos-caminos-de-vida-en-la-amazonia\/#primaryimage"},"thumbnailUrl":"https:\/\/www.repam.net\/es\/wp-content\/uploads\/2024\/02\/remando-juntos.jpeg","datePublished":"2024-02-15T16:08:32+00:00","dateModified":"2025-03-06T16:31:16+00:00","breadcrumb":{"@id":"https:\/\/www.repam.net\/es\/publicaciones\/40-dias-navegando\/40-dias-navegando-2024-tejiendo-juntos-caminos-de-vida-en-la-amazonia\/#breadcrumb"},"inLanguage":"es-CO","potentialAction":[{"@type":"ReadAction","target":["https:\/\/www.repam.net\/es\/publicaciones\/40-dias-navegando\/40-dias-navegando-2024-tejiendo-juntos-caminos-de-vida-en-la-amazonia\/"]}]},{"@type":"ImageObject","inLanguage":"es-CO","@id":"https:\/\/www.repam.net\/es\/publicaciones\/40-dias-navegando\/40-dias-navegando-2024-tejiendo-juntos-caminos-de-vida-en-la-amazonia\/#primaryimage","url":"https:\/\/www.repam.net\/es\/wp-content\/uploads\/2024\/02\/remando-juntos.jpeg","contentUrl":"https:\/\/www.repam.net\/es\/wp-content\/uploads\/2024\/02\/remando-juntos.jpeg","width":1080,"height":1080},{"@type":"BreadcrumbList","@id":"https:\/\/www.repam.net\/es\/publicaciones\/40-dias-navegando\/40-dias-navegando-2024-tejiendo-juntos-caminos-de-vida-en-la-amazonia\/#breadcrumb","itemListElement":[{"@type":"ListItem","position":1,"name":"Inicio","item":"https:\/\/www.repam.net\/es\/"},{"@type":"ListItem","position":2,"name":"Publicaciones","item":"https:\/\/www.repam.net\/es\/publicaciones\/"},{"@type":"ListItem","position":3,"name":"40 d\u00edas navegando","item":"https:\/\/www.repam.net\/es\/publicaciones\/40-dias-navegando\/"},{"@type":"ListItem","position":4,"name":"2024 &#8211; Tejiendo juntos caminos de vida en la Amazon\u00eda"}]},{"@type":"WebSite","@id":"https:\/\/www.repam.net\/es\/#website","url":"https:\/\/www.repam.net\/es\/","name":"REPAM","description":"Red Eclesial Panamaz\u00f3nica","publisher":{"@id":"https:\/\/www.repam.net\/es\/#organization"},"potentialAction":[{"@type":"SearchAction","target":{"@type":"EntryPoint","urlTemplate":"https:\/\/www.repam.net\/es\/?s={search_term_string}"},"query-input":{"@type":"PropertyValueSpecification","valueRequired":true,"valueName":"search_term_string"}}],"inLanguage":"es-CO"},{"@type":"Organization","@id":"https:\/\/www.repam.net\/es\/#organization","name":"REPAM","url":"https:\/\/www.repam.net\/es\/","logo":{"@type":"ImageObject","inLanguage":"es-CO","@id":"https:\/\/www.repam.net\/es\/#\/schema\/logo\/image\/","url":"https:\/\/www.repam.net\/es\/wp-content\/uploads\/2021\/11\/cropped-favicon.png","contentUrl":"https:\/\/www.repam.net\/es\/wp-content\/uploads\/2021\/11\/cropped-favicon.png","width":512,"height":512,"caption":"REPAM"},"image":{"@id":"https:\/\/www.repam.net\/es\/#\/schema\/logo\/image\/"}}]}},"_links":{"self":[{"href":"https:\/\/www.repam.net\/es\/wp-json\/wp\/v2\/pages\/11046","targetHints":{"allow":["GET"]}}],"collection":[{"href":"https:\/\/www.repam.net\/es\/wp-json\/wp\/v2\/pages"}],"about":[{"href":"https:\/\/www.repam.net\/es\/wp-json\/wp\/v2\/types\/page"}],"author":[{"embeddable":true,"href":"https:\/\/www.repam.net\/es\/wp-json\/wp\/v2\/users\/1"}],"replies":[{"embeddable":true,"href":"https:\/\/www.repam.net\/es\/wp-json\/wp\/v2\/comments?post=11046"}],"version-history":[{"count":9,"href":"https:\/\/www.repam.net\/es\/wp-json\/wp\/v2\/pages\/11046\/revisions"}],"predecessor-version":[{"id":11800,"href":"https:\/\/www.repam.net\/es\/wp-json\/wp\/v2\/pages\/11046\/revisions\/11800"}],"up":[{"embeddable":true,"href":"https:\/\/www.repam.net\/es\/wp-json\/wp\/v2\/pages\/343"}],"wp:featuredmedia":[{"embeddable":true,"href":"https:\/\/www.repam.net\/es\/wp-json\/wp\/v2\/media\/11050"}],"wp:attachment":[{"href":"https:\/\/www.repam.net\/es\/wp-json\/wp\/v2\/media?parent=11046"}],"curies":[{"name":"wp","href":"https:\/\/api.w.org\/{rel}","templated":true}]}}