{"id":11385,"date":"2024-09-03T09:52:20","date_gmt":"2024-09-03T14:52:20","guid":{"rendered":"https:\/\/www.repam.net\/es\/?page_id=11385"},"modified":"2024-10-08T10:16:57","modified_gmt":"2024-10-08T15:16:57","slug":"cuaderno-para-animacion-de-talleres-de-incidencia-politica-en-la-pan-amazonia","status":"publish","type":"page","link":"https:\/\/www.repam.net\/es\/publicaciones\/cuaderno-para-animacion-de-talleres-de-incidencia-politica-en-la-pan-amazonia\/","title":{"rendered":"Cuaderno para animaci\u00f3n de talleres de incidencia pol\u00edtica en la Pan-Amazon\u00eda"},"content":{"rendered":"\n<p>El N\u00facleo de Derechos Humanos e Incidencia Internacional de REPAM ha seguido un proceso que da cuenta del trabajo articulado entre agentes de distintas partes del territorio y que reflexionan sobre la importancia de llevar a cabo acciones que promuevan y defiendan las garant\u00edas de vida y el libre ejercicio de los derechos.<\/p>\n\n\n\n<p>La elaboraci\u00f3n de este cuaderno para la incidencia pol\u00edtica est\u00e1n inspirados en la Metodolog\u00eda Wola de Incidencia y de C\u00e1ritas Espa\u00f1ola y desarrollados y adaptados por la Comisi\u00f3n de Incidencia del N\u00facleo de DDHH de la REPAM conformada por Sonia Olea, de C\u00e1ritas Espa\u00f1ola; Carol Jeri, de C\u00e1ritas Madre de Dios; H\u00e9ctor P\u00e9rez, de C\u00e1ritas Ecuador; y Ximena Lombana, del Consejo Episcopal Latinoamericano y Caribe\u00f1o (CELAM). Adem\u00e1s, se destaca el apoyo para la maquetaci\u00f3n y publicaci\u00f3n de ADVENIAT, CAFOD, la propia C\u00e1ritas Espa\u00f1ola y PORTICUS. <\/p>\n\n\n\n<p>El material estar\u00e1 disponible no solo en la p\u00e1gina web de REPAM, sino que se difundir\u00e1 a trav\u00e9s de distintos canales de comunicaci\u00f3n para ser utilizado por quienes as\u00ed lo requieran.<\/p>\n\n\n\n<p><strong><em>Consulte el material completo:<\/em><\/strong><\/p>\n\n\n\n<div class=\"wp-block-columns is-layout-flex wp-container-core-columns-is-layout-9d6595d7 wp-block-columns-is-layout-flex\">\n<div class=\"wp-block-column is-layout-flow wp-block-column-is-layout-flow\">\n<blockquote class=\"wp-block-quote is-layout-flow wp-block-quote-is-layout-flow\">\n<p class=\"has-text-align-center\"><strong>Espa\u00f1ol &#8211; <\/strong><\/p>\n<\/blockquote>\n<\/div>\n\n\n\n<div class=\"wp-block-column is-layout-flow wp-block-column-is-layout-flow\">\n<blockquote class=\"wp-block-quote is-layout-flow wp-block-quote-is-layout-flow\">\n<p class=\"has-text-align-center\"><strong>Portugu\u00eas <\/strong><\/p>\n<\/blockquote>\n<\/div>\n<\/div>\n\n\n\n<blockquote class=\"wp-block-quote is-layout-flow wp-block-quote-is-layout-flow\">\n<p><\/p>\n<\/blockquote>\n\n\n\n<div class=\"wp-block-columns are-vertically-aligned-top is-layout-flex wp-container-core-columns-is-layout-9d6595d7 wp-block-columns-is-layout-flex\">\n<div class=\"wp-block-column is-vertically-aligned-top is-layout-flow wp-block-column-is-layout-flow\">\n<div data-wp-interactive=\"core\/file\" class=\"wp-block-file\"><object data-wp-bind--hidden=\"!state.hasPdfPreview\" hidden class=\"wp-block-file__embed\" data=\"https:\/\/www.repam.net\/es\/wp-content\/uploads\/2024\/09\/CADERNO_APOIO_ESPANHOL_WEB.pdf\" type=\"application\/pdf\" style=\"width:100%;height:600px\" aria-label=\"Incrustado de CADERNO_APOIO_ESPANHOL_WEB.\"><\/object><a id=\"wp-block-file--media-78fa5a80-bd1f-4d9d-9570-a98fd0aceb7a\" href=\"https:\/\/www.repam.net\/es\/wp-content\/uploads\/2024\/09\/CADERNO_APOIO_ESPANHOL_WEB.pdf\">CADERNO_APOIO_ESPANHOL_WEB<\/a><a href=\"https:\/\/www.repam.net\/es\/wp-content\/uploads\/2024\/09\/CADERNO_APOIO_ESPANHOL_WEB.pdf\" class=\"wp-block-file__button wp-element-button\" download aria-describedby=\"wp-block-file--media-78fa5a80-bd1f-4d9d-9570-a98fd0aceb7a\">Descargar<\/a><\/div>\n<\/div>\n\n\n\n<div class=\"wp-block-column is-vertically-aligned-top is-layout-flow wp-block-column-is-layout-flow\">\n<div data-wp-interactive=\"core\/file\" class=\"wp-block-file\"><object data-wp-bind--hidden=\"!state.hasPdfPreview\" hidden class=\"wp-block-file__embed\" data=\"https:\/\/www.repam.net\/es\/wp-content\/uploads\/2024\/09\/CADERNO_APOIO_PT_WEB.pdf\" type=\"application\/pdf\" style=\"width:100%;height:600px\" aria-label=\"Incrustado de CADERNO_APOIO_PT_WEB.\"><\/object><a id=\"wp-block-file--media-eaeaf495-d3c4-4543-b8fa-8c8a3182164d\" href=\"https:\/\/www.repam.net\/es\/wp-content\/uploads\/2024\/09\/CADERNO_APOIO_PT_WEB.pdf\">CADERNO_APOIO_PT_WEB<\/a><a href=\"https:\/\/www.repam.net\/es\/wp-content\/uploads\/2024\/09\/CADERNO_APOIO_PT_WEB.pdf\" class=\"wp-block-file__button wp-element-button\" download aria-describedby=\"wp-block-file--media-eaeaf495-d3c4-4543-b8fa-8c8a3182164d\">Descargar<\/a><\/div>\n<\/div>\n<\/div>\n\n\n\n<p><strong><em>Tr\u00edptico <\/em><\/strong><\/p>\n\n\n\n<div class=\"wp-block-columns is-layout-flex wp-container-core-columns-is-layout-9d6595d7 wp-block-columns-is-layout-flex\">\n<div class=\"wp-block-column is-layout-flow wp-block-column-is-layout-flow\">\n<div data-wp-interactive=\"core\/file\" class=\"wp-block-file\"><object data-wp-bind--hidden=\"!state.hasPdfPreview\" hidden class=\"wp-block-file__embed\" data=\"https:\/\/www.repam.net\/es\/wp-content\/uploads\/2024\/10\/FOLDER_Repam_Oficina-1.pdf\" type=\"application\/pdf\" style=\"width:100%;height:600px\" aria-label=\"Incrustado de FOLDER_Repam_Oficina (1).\"><\/object><a id=\"wp-block-file--media-d627199b-243b-4f5b-ad66-b463fcea6c7f\" href=\"https:\/\/www.repam.net\/es\/wp-content\/uploads\/2024\/10\/FOLDER_Repam_Oficina-1.pdf\">FOLDER_Repam_Oficina (1)<\/a><a href=\"https:\/\/www.repam.net\/es\/wp-content\/uploads\/2024\/10\/FOLDER_Repam_Oficina-1.pdf\" class=\"wp-block-file__button wp-element-button\" download aria-describedby=\"wp-block-file--media-d627199b-243b-4f5b-ad66-b463fcea6c7f\">Descargar<\/a><\/div>\n<\/div>\n\n\n\n<div class=\"wp-block-column is-layout-flow wp-block-column-is-layout-flow\">\n<div data-wp-interactive=\"core\/file\" class=\"wp-block-file\"><object data-wp-bind--hidden=\"!state.hasPdfPreview\" hidden class=\"wp-block-file__embed\" data=\"https:\/\/www.repam.net\/es\/wp-content\/uploads\/2024\/10\/PREVIA01_FOLDER_Oficina_PT.pdf\" type=\"application\/pdf\" style=\"width:100%;height:600px\" aria-label=\"Incrustado de PRE\u0301VIA01_FOLDER_Oficina_PT.\"><\/object><a id=\"wp-block-file--media-cb609c0e-ff3e-4fc6-9384-77b2afdcbe6e\" href=\"https:\/\/www.repam.net\/es\/wp-content\/uploads\/2024\/10\/PREVIA01_FOLDER_Oficina_PT.pdf\">PRE\u0301VIA01_FOLDER_Oficina_PT<\/a><a href=\"https:\/\/www.repam.net\/es\/wp-content\/uploads\/2024\/10\/PREVIA01_FOLDER_Oficina_PT.pdf\" class=\"wp-block-file__button wp-element-button\" download aria-describedby=\"wp-block-file--media-cb609c0e-ff3e-4fc6-9384-77b2afdcbe6e\">Descargar<\/a><\/div>\n<\/div>\n<\/div>\n","protected":false},"excerpt":{"rendered":"<p>El N\u00facleo de Derechos Humanos e Incidencia Internacional de REPAM ha seguido un proceso que da cuenta del trabajo articulado entre agentes de distintas partes del territorio y que reflexionan sobre la importancia de llevar a cabo acciones que promuevan y defiendan las garant\u00edas de vida y el libre ejercicio de los derechos. La elaboraci\u00f3n [&hellip;]<\/p>\n","protected":false},"author":1,"featured_media":11383,"parent":341,"menu_order":12,"comment_status":"closed","ping_status":"closed","template":"","meta":{"_acf_changed":false,"_uf_show_specific_survey":0,"_uf_disable_surveys":false,"footnotes":""},"class_list":["post-11385","page","type-page","status-publish","has-post-thumbnail","hentry"],"acf":[],"aioseo_notices":[],"yoast_head":"<!-- This site is optimized with the Yoast SEO plugin v27.3 - https:\/\/yoast.com\/product\/yoast-seo-wordpress\/ -->\n<title>Cuaderno para animaci\u00f3n de talleres de incidencia pol\u00edtica en la Pan-Amazon\u00eda - REPAM<\/title>\n<meta name=\"robots\" content=\"index, follow, max-snippet:-1, max-image-preview:large, max-video-preview:-1\" \/>\n<link rel=\"canonical\" href=\"https:\/\/www.repam.net\/es\/publicaciones\/cuaderno-para-animacion-de-talleres-de-incidencia-politica-en-la-pan-amazonia\/\" \/>\n<meta property=\"og:locale\" content=\"es_ES\" \/>\n<meta property=\"og:type\" content=\"article\" \/>\n<meta property=\"og:title\" content=\"Cuaderno para animaci\u00f3n de talleres de incidencia pol\u00edtica en la Pan-Amazon\u00eda - REPAM\" \/>\n<meta property=\"og:description\" content=\"El N\u00facleo de Derechos Humanos e Incidencia Internacional de REPAM ha seguido un proceso que da cuenta del trabajo articulado entre agentes de distintas partes del territorio y que reflexionan sobre la importancia de llevar a cabo acciones que promuevan y defiendan las garant\u00edas de vida y el libre ejercicio de los derechos. La elaboraci\u00f3n [&hellip;]\" \/>\n<meta property=\"og:url\" content=\"https:\/\/www.repam.net\/es\/publicaciones\/cuaderno-para-animacion-de-talleres-de-incidencia-politica-en-la-pan-amazonia\/\" \/>\n<meta property=\"og:site_name\" content=\"REPAM\" \/>\n<meta property=\"article:modified_time\" content=\"2024-10-08T15:16:57+00:00\" \/>\n<meta property=\"og:image\" content=\"https:\/\/www.repam.net\/es\/wp-content\/uploads\/2024\/09\/caderno-de-incidencia-1-edited.jpeg\" \/>\n\t<meta property=\"og:image:width\" content=\"370\" \/>\n\t<meta property=\"og:image:height\" content=\"208\" \/>\n\t<meta property=\"og:image:type\" content=\"image\/jpeg\" \/>\n<meta name=\"twitter:card\" content=\"summary_large_image\" \/>\n<meta name=\"twitter:label1\" content=\"Tiempo de lectura\" \/>\n\t<meta name=\"twitter:data1\" content=\"2 minutos\" \/>\n<script type=\"application\/ld+json\" class=\"yoast-schema-graph\">{\"@context\":\"https:\\\/\\\/schema.org\",\"@graph\":[{\"@type\":\"WebPage\",\"@id\":\"https:\\\/\\\/www.repam.net\\\/es\\\/publicaciones\\\/cuaderno-para-animacion-de-talleres-de-incidencia-politica-en-la-pan-amazonia\\\/\",\"url\":\"https:\\\/\\\/www.repam.net\\\/es\\\/publicaciones\\\/cuaderno-para-animacion-de-talleres-de-incidencia-politica-en-la-pan-amazonia\\\/\",\"name\":\"Cuaderno para animaci\u00f3n de talleres de incidencia pol\u00edtica en la Pan-Amazon\u00eda - REPAM\",\"isPartOf\":{\"@id\":\"https:\\\/\\\/www.repam.net\\\/es\\\/#website\"},\"primaryImageOfPage\":{\"@id\":\"https:\\\/\\\/www.repam.net\\\/es\\\/publicaciones\\\/cuaderno-para-animacion-de-talleres-de-incidencia-politica-en-la-pan-amazonia\\\/#primaryimage\"},\"image\":{\"@id\":\"https:\\\/\\\/www.repam.net\\\/es\\\/publicaciones\\\/cuaderno-para-animacion-de-talleres-de-incidencia-politica-en-la-pan-amazonia\\\/#primaryimage\"},\"thumbnailUrl\":\"https:\\\/\\\/www.repam.net\\\/es\\\/wp-content\\\/uploads\\\/2024\\\/09\\\/caderno-de-incidencia-1-edited.jpeg\",\"datePublished\":\"2024-09-03T14:52:20+00:00\",\"dateModified\":\"2024-10-08T15:16:57+00:00\",\"breadcrumb\":{\"@id\":\"https:\\\/\\\/www.repam.net\\\/es\\\/publicaciones\\\/cuaderno-para-animacion-de-talleres-de-incidencia-politica-en-la-pan-amazonia\\\/#breadcrumb\"},\"inLanguage\":\"es-CO\",\"potentialAction\":[{\"@type\":\"ReadAction\",\"target\":[\"https:\\\/\\\/www.repam.net\\\/es\\\/publicaciones\\\/cuaderno-para-animacion-de-talleres-de-incidencia-politica-en-la-pan-amazonia\\\/\"]}]},{\"@type\":\"ImageObject\",\"inLanguage\":\"es-CO\",\"@id\":\"https:\\\/\\\/www.repam.net\\\/es\\\/publicaciones\\\/cuaderno-para-animacion-de-talleres-de-incidencia-politica-en-la-pan-amazonia\\\/#primaryimage\",\"url\":\"https:\\\/\\\/www.repam.net\\\/es\\\/wp-content\\\/uploads\\\/2024\\\/09\\\/caderno-de-incidencia-1-edited.jpeg\",\"contentUrl\":\"https:\\\/\\\/www.repam.net\\\/es\\\/wp-content\\\/uploads\\\/2024\\\/09\\\/caderno-de-incidencia-1-edited.jpeg\",\"width\":370,\"height\":208},{\"@type\":\"BreadcrumbList\",\"@id\":\"https:\\\/\\\/www.repam.net\\\/es\\\/publicaciones\\\/cuaderno-para-animacion-de-talleres-de-incidencia-politica-en-la-pan-amazonia\\\/#breadcrumb\",\"itemListElement\":[{\"@type\":\"ListItem\",\"position\":1,\"name\":\"Inicio\",\"item\":\"https:\\\/\\\/www.repam.net\\\/es\\\/\"},{\"@type\":\"ListItem\",\"position\":2,\"name\":\"Publicaciones\",\"item\":\"https:\\\/\\\/www.repam.net\\\/es\\\/publicaciones\\\/\"},{\"@type\":\"ListItem\",\"position\":3,\"name\":\"Cuaderno para animaci\u00f3n de talleres de incidencia pol\u00edtica en la Pan-Amazon\u00eda\"}]},{\"@type\":\"WebSite\",\"@id\":\"https:\\\/\\\/www.repam.net\\\/es\\\/#website\",\"url\":\"https:\\\/\\\/www.repam.net\\\/es\\\/\",\"name\":\"REPAM\",\"description\":\"Red Eclesial Panamaz\u00f3nica\",\"publisher\":{\"@id\":\"https:\\\/\\\/www.repam.net\\\/es\\\/#organization\"},\"potentialAction\":[{\"@type\":\"SearchAction\",\"target\":{\"@type\":\"EntryPoint\",\"urlTemplate\":\"https:\\\/\\\/www.repam.net\\\/es\\\/?s={search_term_string}\"},\"query-input\":{\"@type\":\"PropertyValueSpecification\",\"valueRequired\":true,\"valueName\":\"search_term_string\"}}],\"inLanguage\":\"es-CO\"},{\"@type\":\"Organization\",\"@id\":\"https:\\\/\\\/www.repam.net\\\/es\\\/#organization\",\"name\":\"REPAM\",\"url\":\"https:\\\/\\\/www.repam.net\\\/es\\\/\",\"logo\":{\"@type\":\"ImageObject\",\"inLanguage\":\"es-CO\",\"@id\":\"https:\\\/\\\/www.repam.net\\\/es\\\/#\\\/schema\\\/logo\\\/image\\\/\",\"url\":\"https:\\\/\\\/www.repam.net\\\/es\\\/wp-content\\\/uploads\\\/2021\\\/11\\\/cropped-favicon.png\",\"contentUrl\":\"https:\\\/\\\/www.repam.net\\\/es\\\/wp-content\\\/uploads\\\/2021\\\/11\\\/cropped-favicon.png\",\"width\":512,\"height\":512,\"caption\":\"REPAM\"},\"image\":{\"@id\":\"https:\\\/\\\/www.repam.net\\\/es\\\/#\\\/schema\\\/logo\\\/image\\\/\"}}]}<\/script>\n<!-- \/ Yoast SEO plugin. -->","yoast_head_json":{"title":"Cuaderno para animaci\u00f3n de talleres de incidencia pol\u00edtica en la Pan-Amazon\u00eda - REPAM","robots":{"index":"index","follow":"follow","max-snippet":"max-snippet:-1","max-image-preview":"max-image-preview:large","max-video-preview":"max-video-preview:-1"},"canonical":"https:\/\/www.repam.net\/es\/publicaciones\/cuaderno-para-animacion-de-talleres-de-incidencia-politica-en-la-pan-amazonia\/","og_locale":"es_ES","og_type":"article","og_title":"Cuaderno para animaci\u00f3n de talleres de incidencia pol\u00edtica en la Pan-Amazon\u00eda - REPAM","og_description":"El N\u00facleo de Derechos Humanos e Incidencia Internacional de REPAM ha seguido un proceso que da cuenta del trabajo articulado entre agentes de distintas partes del territorio y que reflexionan sobre la importancia de llevar a cabo acciones que promuevan y defiendan las garant\u00edas de vida y el libre ejercicio de los derechos. La elaboraci\u00f3n [&hellip;]","og_url":"https:\/\/www.repam.net\/es\/publicaciones\/cuaderno-para-animacion-de-talleres-de-incidencia-politica-en-la-pan-amazonia\/","og_site_name":"REPAM","article_modified_time":"2024-10-08T15:16:57+00:00","og_image":[{"width":370,"height":208,"url":"https:\/\/www.repam.net\/es\/wp-content\/uploads\/2024\/09\/caderno-de-incidencia-1-edited.jpeg","type":"image\/jpeg"}],"twitter_card":"summary_large_image","twitter_misc":{"Tiempo de lectura":"2 minutos"},"schema":{"@context":"https:\/\/schema.org","@graph":[{"@type":"WebPage","@id":"https:\/\/www.repam.net\/es\/publicaciones\/cuaderno-para-animacion-de-talleres-de-incidencia-politica-en-la-pan-amazonia\/","url":"https:\/\/www.repam.net\/es\/publicaciones\/cuaderno-para-animacion-de-talleres-de-incidencia-politica-en-la-pan-amazonia\/","name":"Cuaderno para animaci\u00f3n de talleres de incidencia pol\u00edtica en la Pan-Amazon\u00eda - REPAM","isPartOf":{"@id":"https:\/\/www.repam.net\/es\/#website"},"primaryImageOfPage":{"@id":"https:\/\/www.repam.net\/es\/publicaciones\/cuaderno-para-animacion-de-talleres-de-incidencia-politica-en-la-pan-amazonia\/#primaryimage"},"image":{"@id":"https:\/\/www.repam.net\/es\/publicaciones\/cuaderno-para-animacion-de-talleres-de-incidencia-politica-en-la-pan-amazonia\/#primaryimage"},"thumbnailUrl":"https:\/\/www.repam.net\/es\/wp-content\/uploads\/2024\/09\/caderno-de-incidencia-1-edited.jpeg","datePublished":"2024-09-03T14:52:20+00:00","dateModified":"2024-10-08T15:16:57+00:00","breadcrumb":{"@id":"https:\/\/www.repam.net\/es\/publicaciones\/cuaderno-para-animacion-de-talleres-de-incidencia-politica-en-la-pan-amazonia\/#breadcrumb"},"inLanguage":"es-CO","potentialAction":[{"@type":"ReadAction","target":["https:\/\/www.repam.net\/es\/publicaciones\/cuaderno-para-animacion-de-talleres-de-incidencia-politica-en-la-pan-amazonia\/"]}]},{"@type":"ImageObject","inLanguage":"es-CO","@id":"https:\/\/www.repam.net\/es\/publicaciones\/cuaderno-para-animacion-de-talleres-de-incidencia-politica-en-la-pan-amazonia\/#primaryimage","url":"https:\/\/www.repam.net\/es\/wp-content\/uploads\/2024\/09\/caderno-de-incidencia-1-edited.jpeg","contentUrl":"https:\/\/www.repam.net\/es\/wp-content\/uploads\/2024\/09\/caderno-de-incidencia-1-edited.jpeg","width":370,"height":208},{"@type":"BreadcrumbList","@id":"https:\/\/www.repam.net\/es\/publicaciones\/cuaderno-para-animacion-de-talleres-de-incidencia-politica-en-la-pan-amazonia\/#breadcrumb","itemListElement":[{"@type":"ListItem","position":1,"name":"Inicio","item":"https:\/\/www.repam.net\/es\/"},{"@type":"ListItem","position":2,"name":"Publicaciones","item":"https:\/\/www.repam.net\/es\/publicaciones\/"},{"@type":"ListItem","position":3,"name":"Cuaderno para animaci\u00f3n de talleres de incidencia pol\u00edtica en la Pan-Amazon\u00eda"}]},{"@type":"WebSite","@id":"https:\/\/www.repam.net\/es\/#website","url":"https:\/\/www.repam.net\/es\/","name":"REPAM","description":"Red Eclesial Panamaz\u00f3nica","publisher":{"@id":"https:\/\/www.repam.net\/es\/#organization"},"potentialAction":[{"@type":"SearchAction","target":{"@type":"EntryPoint","urlTemplate":"https:\/\/www.repam.net\/es\/?s={search_term_string}"},"query-input":{"@type":"PropertyValueSpecification","valueRequired":true,"valueName":"search_term_string"}}],"inLanguage":"es-CO"},{"@type":"Organization","@id":"https:\/\/www.repam.net\/es\/#organization","name":"REPAM","url":"https:\/\/www.repam.net\/es\/","logo":{"@type":"ImageObject","inLanguage":"es-CO","@id":"https:\/\/www.repam.net\/es\/#\/schema\/logo\/image\/","url":"https:\/\/www.repam.net\/es\/wp-content\/uploads\/2021\/11\/cropped-favicon.png","contentUrl":"https:\/\/www.repam.net\/es\/wp-content\/uploads\/2021\/11\/cropped-favicon.png","width":512,"height":512,"caption":"REPAM"},"image":{"@id":"https:\/\/www.repam.net\/es\/#\/schema\/logo\/image\/"}}]}},"_links":{"self":[{"href":"https:\/\/www.repam.net\/es\/wp-json\/wp\/v2\/pages\/11385","targetHints":{"allow":["GET"]}}],"collection":[{"href":"https:\/\/www.repam.net\/es\/wp-json\/wp\/v2\/pages"}],"about":[{"href":"https:\/\/www.repam.net\/es\/wp-json\/wp\/v2\/types\/page"}],"author":[{"embeddable":true,"href":"https:\/\/www.repam.net\/es\/wp-json\/wp\/v2\/users\/1"}],"replies":[{"embeddable":true,"href":"https:\/\/www.repam.net\/es\/wp-json\/wp\/v2\/comments?post=11385"}],"version-history":[{"count":2,"href":"https:\/\/www.repam.net\/es\/wp-json\/wp\/v2\/pages\/11385\/revisions"}],"predecessor-version":[{"id":11441,"href":"https:\/\/www.repam.net\/es\/wp-json\/wp\/v2\/pages\/11385\/revisions\/11441"}],"up":[{"embeddable":true,"href":"https:\/\/www.repam.net\/es\/wp-json\/wp\/v2\/pages\/341"}],"wp:featuredmedia":[{"embeddable":true,"href":"https:\/\/www.repam.net\/es\/wp-json\/wp\/v2\/media\/11383"}],"wp:attachment":[{"href":"https:\/\/www.repam.net\/es\/wp-json\/wp\/v2\/media?parent=11385"}],"curies":[{"name":"wp","href":"https:\/\/api.w.org\/{rel}","templated":true}]}}