{"id":11795,"date":"2025-03-06T11:30:15","date_gmt":"2025-03-06T16:30:15","guid":{"rendered":"https:\/\/www.repam.net\/es\/?page_id=11795"},"modified":"2025-04-10T14:00:41","modified_gmt":"2025-04-10T19:00:41","slug":"40-dias-navegando-2025-navegando-por-la-amazonia-como-peregrinos-de-la-esperanza","status":"publish","type":"page","link":"https:\/\/www.repam.net\/es\/publicaciones\/40-dias-navegando\/40-dias-navegando-2025-navegando-por-la-amazonia-como-peregrinos-de-la-esperanza\/","title":{"rendered":"2025 &#8211; Navegando por la Amazon\u00eda como peregrinos de la esperanza"},"content":{"rendered":"\n<p>En este tiempo, como ya es tradici\u00f3n, la Red Eclesial Pan-Amaz\u00f3nica (REPAM) presenta una serie de reflexiones sobre c\u00f3mo vivir este tiempo de gracia y conversi\u00f3n en esp\u00edritu de oraci\u00f3n y comuni\u00f3n.<\/p>\n\n\n\n<p>Las seis fichas semanales, ilustradas con im\u00e1genes de la \u00ab<a href=\"https:\/\/www.instagram.com\/reddedibujantes\/\" target=\"_blank\" rel=\"noreferrer noopener\">Red de Dibujantes de Am\u00e9rica Latina<\/a>\u00bb, siguen las propuestas del Jubileo de la Esperanza y del mensaje del Papa Francisco para la Cuaresma 2025, siempre iluminadas por el Evangelio dominical del tiempo cuaresmal. Invita a los participantes a \u00abremar\u00bb este camino, con esperanza y audacia, que lleva a la conversi\u00f3n personal y comunitaria.<\/p>\n\n\n\n<p>El tema de este a\u00f1o, \u00abNavegando como peregrinos de la esperanza en la Amazon\u00eda\u00bb, nos invita a todos a \u00abremar juntos\u00bb, en armon\u00eda con y para la Amazon\u00eda y sus pueblos, con la propuesta del Papa Francisco (Caminemos juntos en la esperanza, 06\/02-2025):<\/p>\n\n\n\n<p>\u00abEn esta Cuaresma, enriquecida por la gracia del A\u00f1o Jubilar, quisiera ofrecer algunas reflexiones sobre lo que significa caminar juntos en la esperanza y poner de relieve las llamadas a la conversi\u00f3n que la misericordia de Dios nos dirige a todos, como personas y comunidades\u00bb.<\/p>\n\n\n\n<h5 class=\"wp-block-heading\">Ruta de navegaci\u00f3n hacia la conversi\u00f3n<\/h5>\n\n\n\n<p>Mientras te unes a nosotros en esta canoa amaz\u00f3nica, si\u00e9ntete interpelado por algunas orientaciones pr\u00e1cticas que ayudar\u00e1n a tu reflexi\u00f3n. El primer momento es una invitaci\u00f3n a ponerte \u00aben sinton\u00eda con Dios\u00bb utilizando la imagen ilustrativa, la oraci\u00f3n de cada d\u00eda y un mantra que te ayude a vivir intensamente este momento. Para conectar mejor, la secuencia incluye una reflexi\u00f3n para conectar con el tema del d\u00eda y una \u00abiluminaci\u00f3n para el camino\u00bb.<\/p>\n\n\n\n<p>Lo que sigue es un fragmento del Evangelio del domingo (que puedes leer completo), para que, guiado por la Palabra de Jes\u00fas y escuchando a la Amazon\u00eda y sus gentes, reflexiones sobre la llamada de Dios para tu vida y la pongas en pr\u00e1ctica en tu realidad concreta.<\/p>\n\n\n\n<p>1.&nbsp; La esperanza no defrauda<\/p>\n\n\n\n<p>2.&nbsp; Firmes en la esperanza<\/p>\n\n\n\n<p>3.&nbsp; Cultivar la vida y la esperanza<\/p>\n\n\n\n<p>4.&nbsp; Remando juntos con la esperanza<\/p>\n\n\n\n<p>5.&nbsp; Con esperanza, perdonado para perdonar<\/p>\n\n\n\n<p>6.&nbsp; \u201cEsperanzar\u201d<\/p>\n\n\n\n<p>\u00a1Sube a la canoa! T\u00fa, tu familia y tu comunidad est\u00e1n invitados a tomar el remo y \u00abadentrarse en aguas m\u00e1s profundas\u00bb, encontrando el equilibrio necesario para que juntos podamos entrar en estas aguas de la Ecolog\u00eda Integral, a veces tranquilas y a veces bravas, para ser signos de esperanza y de la Buena Noticia de Jes\u00fas.<\/p>\n\n\n\n<p><em><strong>P. J\u00falio Caldeira, IMC<\/strong><\/em><\/p>\n\n\n\n<div class=\"wp-block-columns is-layout-flex wp-container-core-columns-is-layout-9d6595d7 wp-block-columns-is-layout-flex\">\n<div class=\"wp-block-column is-layout-flow wp-block-column-is-layout-flow\">\n<p>Ficha 1 \u2013&nbsp;<strong>\u201cLa esperanza no defrauda\u201d<\/strong><\/p>\n<\/div>\n\n\n\n<div class=\"wp-block-column is-layout-flow wp-block-column-is-layout-flow\">\n<p>Ficha 2 &#8211; <strong>&#8220;Firmes en la esperanza&#8221;<\/strong><\/p>\n<\/div>\n<\/div>\n\n\n\n<div class=\"wp-block-columns is-layout-flex wp-container-core-columns-is-layout-9d6595d7 wp-block-columns-is-layout-flex\">\n<div class=\"wp-block-column is-layout-flow wp-block-column-is-layout-flow\">\n<div data-wp-interactive=\"core\/file\" class=\"wp-block-file\"><object data-wp-bind--hidden=\"!state.hasPdfPreview\" hidden class=\"wp-block-file__embed\" data=\"https:\/\/www.repam.net\/es\/wp-content\/uploads\/2025\/03\/Ficha_01_ESP-1.pdf\" type=\"application\/pdf\" style=\"width:100%;height:600px\" aria-label=\"Incrustado de Ficha_01_ESP.\"><\/object><a id=\"wp-block-file--media-09bddd52-15ec-4276-99b4-5daea8b1d0d3\" href=\"https:\/\/www.repam.net\/es\/wp-content\/uploads\/2025\/03\/Ficha_01_ESP-1.pdf\">Ficha_01_ESP<\/a><a href=\"https:\/\/www.repam.net\/es\/wp-content\/uploads\/2025\/03\/Ficha_01_ESP-1.pdf\" class=\"wp-block-file__button wp-element-button\" download aria-describedby=\"wp-block-file--media-09bddd52-15ec-4276-99b4-5daea8b1d0d3\">Descargar<\/a><\/div>\n<\/div>\n\n\n\n<div class=\"wp-block-column is-layout-flow wp-block-column-is-layout-flow\">\n<div data-wp-interactive=\"core\/file\" class=\"wp-block-file\"><object data-wp-bind--hidden=\"!state.hasPdfPreview\" hidden class=\"wp-block-file__embed\" data=\"https:\/\/www.repam.net\/es\/wp-content\/uploads\/2025\/03\/Ficha_02_ESP.pdf\" type=\"application\/pdf\" style=\"width:100%;height:600px\" aria-label=\"Incrustado de Ficha_02_ESP.\"><\/object><a id=\"wp-block-file--media-dabf81f7-d329-45e2-afa4-7ae8944f7949\" href=\"https:\/\/www.repam.net\/es\/wp-content\/uploads\/2025\/03\/Ficha_02_ESP.pdf\">Ficha_02_ESP<\/a><a href=\"https:\/\/www.repam.net\/es\/wp-content\/uploads\/2025\/03\/Ficha_02_ESP.pdf\" class=\"wp-block-file__button wp-element-button\" download aria-describedby=\"wp-block-file--media-dabf81f7-d329-45e2-afa4-7ae8944f7949\">Descargar<\/a><\/div>\n<\/div>\n<\/div>\n\n\n\n<div class=\"wp-block-columns is-layout-flex wp-container-core-columns-is-layout-9d6595d7 wp-block-columns-is-layout-flex\">\n<div class=\"wp-block-column is-layout-flow wp-block-column-is-layout-flow\">\n<p>Ficha 3 &#8211; <strong>&#8220;Firmes en la esperanza&#8221;<\/strong><\/p>\n<\/div>\n\n\n\n<div class=\"wp-block-column is-layout-flow wp-block-column-is-layout-flow\">\n<p>Ficha 4 &#8211; <strong>&#8220;Remando juntos con esperanza&#8221;<\/strong><\/p>\n<\/div>\n<\/div>\n\n\n\n<div class=\"wp-block-columns is-layout-flex wp-container-core-columns-is-layout-9d6595d7 wp-block-columns-is-layout-flex\">\n<div class=\"wp-block-column is-layout-flow wp-block-column-is-layout-flow\">\n<div data-wp-interactive=\"core\/file\" class=\"wp-block-file\"><object data-wp-bind--hidden=\"!state.hasPdfPreview\" hidden class=\"wp-block-file__embed\" data=\"https:\/\/www.repam.net\/es\/wp-content\/uploads\/2025\/03\/PREVIA01_03_ESP.pdf\" type=\"application\/pdf\" style=\"width:100%;height:600px\" aria-label=\"Incrustado de PRE\u0301VIA01_03_ESP.\"><\/object><a id=\"wp-block-file--media-200ca2ff-89af-4db3-8b1e-5ae2a095f3fb\" href=\"https:\/\/www.repam.net\/es\/wp-content\/uploads\/2025\/03\/PREVIA01_03_ESP.pdf\">PRE\u0301VIA01_03_ESP<\/a><a href=\"https:\/\/www.repam.net\/es\/wp-content\/uploads\/2025\/03\/PREVIA01_03_ESP.pdf\" class=\"wp-block-file__button wp-element-button\" download aria-describedby=\"wp-block-file--media-200ca2ff-89af-4db3-8b1e-5ae2a095f3fb\">Descargar<\/a><\/div>\n<\/div>\n\n\n\n<div class=\"wp-block-column is-layout-flow wp-block-column-is-layout-flow\">\n<div data-wp-interactive=\"core\/file\" class=\"wp-block-file\"><object data-wp-bind--hidden=\"!state.hasPdfPreview\" hidden class=\"wp-block-file__embed\" data=\"https:\/\/www.repam.net\/es\/wp-content\/uploads\/2025\/03\/Ficha_04_ESP.pdf\" type=\"application\/pdf\" style=\"width:100%;height:600px\" aria-label=\"Incrustado de Ficha_04_ESP.\"><\/object><a id=\"wp-block-file--media-8f4ec423-1883-4b94-8496-1ae89d1f2a03\" href=\"https:\/\/www.repam.net\/es\/wp-content\/uploads\/2025\/03\/Ficha_04_ESP.pdf\">Ficha_04_ESP<\/a><a href=\"https:\/\/www.repam.net\/es\/wp-content\/uploads\/2025\/03\/Ficha_04_ESP.pdf\" class=\"wp-block-file__button wp-element-button\" download aria-describedby=\"wp-block-file--media-8f4ec423-1883-4b94-8496-1ae89d1f2a03\">Descargar<\/a><\/div>\n<\/div>\n<\/div>\n\n\n\n<div class=\"wp-block-columns is-layout-flex wp-container-core-columns-is-layout-9d6595d7 wp-block-columns-is-layout-flex\">\n<div class=\"wp-block-column is-layout-flow wp-block-column-is-layout-flow\">\n<p>Ficha 5- &#8220;<strong>Con esperanza, perdonado para perdonar<\/strong>&#8220;<\/p>\n<\/div>\n\n\n\n<div class=\"wp-block-column is-layout-flow wp-block-column-is-layout-flow\">\n<p>Ficha 6 &#8211; <strong>&#8220;Esperanzar&#8230;&#8221;<\/strong><\/p>\n<\/div>\n<\/div>\n\n\n\n<div class=\"wp-block-columns is-layout-flex wp-container-core-columns-is-layout-9d6595d7 wp-block-columns-is-layout-flex\">\n<div class=\"wp-block-column is-layout-flow wp-block-column-is-layout-flow\">\n<div data-wp-interactive=\"core\/file\" class=\"wp-block-file\"><object data-wp-bind--hidden=\"!state.hasPdfPreview\" hidden class=\"wp-block-file__embed\" data=\"https:\/\/www.repam.net\/es\/wp-content\/uploads\/2025\/04\/Ficha_05_ESP-1.pdf\" type=\"application\/pdf\" style=\"width:100%;height:600px\" aria-label=\"Incrustado de Ficha_05_ESP (1).\"><\/object><a id=\"wp-block-file--media-98fcb4f1-64b3-48ee-8c90-78171ea074ec\" href=\"https:\/\/www.repam.net\/es\/wp-content\/uploads\/2025\/04\/Ficha_05_ESP-1.pdf\">Ficha_05_ESP (1)<\/a><a href=\"https:\/\/www.repam.net\/es\/wp-content\/uploads\/2025\/04\/Ficha_05_ESP-1.pdf\" class=\"wp-block-file__button wp-element-button\" download aria-describedby=\"wp-block-file--media-98fcb4f1-64b3-48ee-8c90-78171ea074ec\">Descargar<\/a><\/div>\n<\/div>\n\n\n\n<div class=\"wp-block-column is-layout-flow wp-block-column-is-layout-flow\">\n<div data-wp-interactive=\"core\/file\" class=\"wp-block-file\"><object data-wp-bind--hidden=\"!state.hasPdfPreview\" hidden class=\"wp-block-file__embed\" data=\"https:\/\/www.repam.net\/es\/wp-content\/uploads\/2025\/04\/Previa01_Ficha_06_ESP.pdf\" type=\"application\/pdf\" style=\"width:100%;height:600px\" aria-label=\"Incrustado de Pre\u0301via01_Ficha_06_ESP.\"><\/object><a id=\"wp-block-file--media-e4974e7b-ca9b-4ee6-8942-de253ff0d6af\" href=\"https:\/\/www.repam.net\/es\/wp-content\/uploads\/2025\/04\/Previa01_Ficha_06_ESP.pdf\">Pre\u0301via01_Ficha_06_ESP<\/a><a href=\"https:\/\/www.repam.net\/es\/wp-content\/uploads\/2025\/04\/Previa01_Ficha_06_ESP.pdf\" class=\"wp-block-file__button wp-element-button\" download aria-describedby=\"wp-block-file--media-e4974e7b-ca9b-4ee6-8942-de253ff0d6af\">Descargar<\/a><\/div>\n<\/div>\n<\/div>\n\n\n\n<p><strong>REALIZACI\u00d3N:<\/strong><\/p>\n\n\n\n<div class=\"wp-block-columns is-layout-flex wp-container-core-columns-is-layout-9d6595d7 wp-block-columns-is-layout-flex\">\n<div class=\"wp-block-column is-layout-flow wp-block-column-is-layout-flow\">\n<figure class=\"wp-block-image size-large is-resized\"><img loading=\"lazy\" decoding=\"async\" width=\"936\" height=\"1024\" src=\"https:\/\/www.repam.net\/es\/wp-content\/uploads\/2025\/03\/REPAM_ES-01-1-936x1024.png\" alt=\"\" class=\"wp-image-11797\" style=\"width:245px;height:auto\" srcset=\"https:\/\/www.repam.net\/es\/wp-content\/uploads\/2025\/03\/REPAM_ES-01-1-936x1024.png 936w, https:\/\/www.repam.net\/es\/wp-content\/uploads\/2025\/03\/REPAM_ES-01-1-274x300.png 274w, https:\/\/www.repam.net\/es\/wp-content\/uploads\/2025\/03\/REPAM_ES-01-1-768x840.png 768w, https:\/\/www.repam.net\/es\/wp-content\/uploads\/2025\/03\/REPAM_ES-01-1.png 1016w\" sizes=\"auto, (max-width: 936px) 100vw, 936px\" \/><\/figure>\n<\/div>\n\n\n\n<div class=\"wp-block-column is-layout-flow wp-block-column-is-layout-flow\">\n<figure class=\"wp-block-image size-full is-resized\"><img loading=\"lazy\" decoding=\"async\" width=\"745\" height=\"507\" src=\"https:\/\/www.repam.net\/es\/wp-content\/uploads\/2025\/03\/dibujante-1.jpeg\" alt=\"\" class=\"wp-image-11798\" style=\"width:316px;height:auto\" srcset=\"https:\/\/www.repam.net\/es\/wp-content\/uploads\/2025\/03\/dibujante-1.jpeg 745w, https:\/\/www.repam.net\/es\/wp-content\/uploads\/2025\/03\/dibujante-1-300x204.jpeg 300w\" sizes=\"auto, (max-width: 745px) 100vw, 745px\" \/><\/figure>\n<\/div>\n<\/div>\n\n\n\n<div class=\"wp-block-columns is-layout-flex wp-container-core-columns-is-layout-9d6595d7 wp-block-columns-is-layout-flex\">\n<div class=\"wp-block-column is-layout-flow wp-block-column-is-layout-flow\">\n<p><strong>N\u00daCLEO FORMACI\u00d3N Y M\u00c9TODOS PASTORALES REPAM:<\/strong><\/p>\n\n\n\n<blockquote class=\"wp-block-quote is-layout-flow wp-block-quote-is-layout-flow\">\n<p><strong>Articulaci\u00f3n:&nbsp;<\/strong>Diego Aguiar<\/p>\n<\/blockquote>\n<\/div>\n\n\n\n<div class=\"wp-block-column is-layout-flow wp-block-column-is-layout-flow\">\n<blockquote class=\"wp-block-quote is-layout-flow wp-block-quote-is-layout-flow\">\n<p><strong>EQUIPO DE COMUNICACI\u00d3N REPAM<\/strong><\/p>\n\n\n\n<ul class=\"wp-block-list\">\n<li><strong>Comunicaci\u00f3n:<\/strong>&nbsp;Vanessa Xisto y Oscar Tellez<\/li>\n\n\n\n<li><strong>Edici\u00f3n:<\/strong>&nbsp;Felipe Martins<\/li>\n<\/ul>\n<\/blockquote>\n<\/div>\n<\/div>\n","protected":false},"excerpt":{"rendered":"<p>En este tiempo, como ya es tradici\u00f3n, la Red Eclesial Pan-Amaz\u00f3nica (REPAM) presenta una serie de reflexiones sobre c\u00f3mo vivir este tiempo de gracia y conversi\u00f3n en esp\u00edritu de oraci\u00f3n y comuni\u00f3n. Las seis fichas semanales, ilustradas con im\u00e1genes de la \u00abRed de Dibujantes de Am\u00e9rica Latina\u00bb, siguen las propuestas del Jubileo de la Esperanza [&hellip;]<\/p>\n","protected":false},"author":1,"featured_media":11789,"parent":343,"menu_order":0,"comment_status":"closed","ping_status":"closed","template":"","meta":{"_acf_changed":false,"_uf_show_specific_survey":0,"_uf_disable_surveys":false,"footnotes":""},"class_list":["post-11795","page","type-page","status-publish","has-post-thumbnail","hentry"],"acf":[],"aioseo_notices":[],"yoast_head":"<!-- This site is optimized with the Yoast SEO plugin v27.4 - https:\/\/yoast.com\/product\/yoast-seo-wordpress\/ -->\n<title>2025 - Navegando por la Amazon\u00eda como peregrinos de la esperanza - REPAM<\/title>\n<meta name=\"robots\" content=\"index, follow, max-snippet:-1, max-image-preview:large, max-video-preview:-1\" \/>\n<link rel=\"canonical\" href=\"https:\/\/www.repam.net\/es\/publicaciones\/40-dias-navegando\/40-dias-navegando-2025-navegando-por-la-amazonia-como-peregrinos-de-la-esperanza\/\" \/>\n<meta property=\"og:locale\" content=\"es_ES\" \/>\n<meta property=\"og:type\" content=\"article\" \/>\n<meta property=\"og:title\" content=\"2025 - Navegando por la Amazon\u00eda como peregrinos de la esperanza - REPAM\" \/>\n<meta property=\"og:description\" content=\"En este tiempo, como ya es tradici\u00f3n, la Red Eclesial Pan-Amaz\u00f3nica (REPAM) presenta una serie de reflexiones sobre c\u00f3mo vivir este tiempo de gracia y conversi\u00f3n en esp\u00edritu de oraci\u00f3n y comuni\u00f3n. Las seis fichas semanales, ilustradas con im\u00e1genes de la \u00abRed de Dibujantes de Am\u00e9rica Latina\u00bb, siguen las propuestas del Jubileo de la Esperanza [&hellip;]\" \/>\n<meta property=\"og:url\" content=\"https:\/\/www.repam.net\/es\/publicaciones\/40-dias-navegando\/40-dias-navegando-2025-navegando-por-la-amazonia-como-peregrinos-de-la-esperanza\/\" \/>\n<meta property=\"og:site_name\" content=\"REPAM\" \/>\n<meta property=\"article:modified_time\" content=\"2025-04-10T19:00:41+00:00\" \/>\n<meta property=\"og:image\" content=\"https:\/\/www.repam.net\/es\/wp-content\/uploads\/2025\/03\/5-@crisdibujante92-1.png\" \/>\n\t<meta property=\"og:image:width\" content=\"2480\" \/>\n\t<meta property=\"og:image:height\" content=\"2480\" \/>\n\t<meta property=\"og:image:type\" content=\"image\/png\" \/>\n<meta name=\"twitter:card\" content=\"summary_large_image\" \/>\n<meta name=\"twitter:label1\" content=\"Tiempo de lectura\" \/>\n\t<meta name=\"twitter:data1\" content=\"3 minutos\" \/>\n<script type=\"application\/ld+json\" class=\"yoast-schema-graph\">{\"@context\":\"https:\\\/\\\/schema.org\",\"@graph\":[{\"@type\":\"WebPage\",\"@id\":\"https:\\\/\\\/www.repam.net\\\/es\\\/publicaciones\\\/40-dias-navegando\\\/40-dias-navegando-2025-navegando-por-la-amazonia-como-peregrinos-de-la-esperanza\\\/\",\"url\":\"https:\\\/\\\/www.repam.net\\\/es\\\/publicaciones\\\/40-dias-navegando\\\/40-dias-navegando-2025-navegando-por-la-amazonia-como-peregrinos-de-la-esperanza\\\/\",\"name\":\"2025 - Navegando por la Amazon\u00eda como peregrinos de la esperanza - REPAM\",\"isPartOf\":{\"@id\":\"https:\\\/\\\/www.repam.net\\\/es\\\/#website\"},\"primaryImageOfPage\":{\"@id\":\"https:\\\/\\\/www.repam.net\\\/es\\\/publicaciones\\\/40-dias-navegando\\\/40-dias-navegando-2025-navegando-por-la-amazonia-como-peregrinos-de-la-esperanza\\\/#primaryimage\"},\"image\":{\"@id\":\"https:\\\/\\\/www.repam.net\\\/es\\\/publicaciones\\\/40-dias-navegando\\\/40-dias-navegando-2025-navegando-por-la-amazonia-como-peregrinos-de-la-esperanza\\\/#primaryimage\"},\"thumbnailUrl\":\"https:\\\/\\\/www.repam.net\\\/es\\\/wp-content\\\/uploads\\\/2025\\\/03\\\/5-@crisdibujante92-1.png\",\"datePublished\":\"2025-03-06T16:30:15+00:00\",\"dateModified\":\"2025-04-10T19:00:41+00:00\",\"breadcrumb\":{\"@id\":\"https:\\\/\\\/www.repam.net\\\/es\\\/publicaciones\\\/40-dias-navegando\\\/40-dias-navegando-2025-navegando-por-la-amazonia-como-peregrinos-de-la-esperanza\\\/#breadcrumb\"},\"inLanguage\":\"es-CO\",\"potentialAction\":[{\"@type\":\"ReadAction\",\"target\":[\"https:\\\/\\\/www.repam.net\\\/es\\\/publicaciones\\\/40-dias-navegando\\\/40-dias-navegando-2025-navegando-por-la-amazonia-como-peregrinos-de-la-esperanza\\\/\"]}]},{\"@type\":\"ImageObject\",\"inLanguage\":\"es-CO\",\"@id\":\"https:\\\/\\\/www.repam.net\\\/es\\\/publicaciones\\\/40-dias-navegando\\\/40-dias-navegando-2025-navegando-por-la-amazonia-como-peregrinos-de-la-esperanza\\\/#primaryimage\",\"url\":\"https:\\\/\\\/www.repam.net\\\/es\\\/wp-content\\\/uploads\\\/2025\\\/03\\\/5-@crisdibujante92-1.png\",\"contentUrl\":\"https:\\\/\\\/www.repam.net\\\/es\\\/wp-content\\\/uploads\\\/2025\\\/03\\\/5-@crisdibujante92-1.png\",\"width\":2480,\"height\":2480},{\"@type\":\"BreadcrumbList\",\"@id\":\"https:\\\/\\\/www.repam.net\\\/es\\\/publicaciones\\\/40-dias-navegando\\\/40-dias-navegando-2025-navegando-por-la-amazonia-como-peregrinos-de-la-esperanza\\\/#breadcrumb\",\"itemListElement\":[{\"@type\":\"ListItem\",\"position\":1,\"name\":\"Inicio\",\"item\":\"https:\\\/\\\/www.repam.net\\\/es\\\/\"},{\"@type\":\"ListItem\",\"position\":2,\"name\":\"Publicaciones\",\"item\":\"https:\\\/\\\/www.repam.net\\\/es\\\/publicaciones\\\/\"},{\"@type\":\"ListItem\",\"position\":3,\"name\":\"40 d\u00edas navegando\",\"item\":\"https:\\\/\\\/www.repam.net\\\/es\\\/publicaciones\\\/40-dias-navegando\\\/\"},{\"@type\":\"ListItem\",\"position\":4,\"name\":\"2025 &#8211; Navegando por la Amazon\u00eda como peregrinos de la esperanza\"}]},{\"@type\":\"WebSite\",\"@id\":\"https:\\\/\\\/www.repam.net\\\/es\\\/#website\",\"url\":\"https:\\\/\\\/www.repam.net\\\/es\\\/\",\"name\":\"REPAM\",\"description\":\"Red Eclesial Panamaz\u00f3nica\",\"publisher\":{\"@id\":\"https:\\\/\\\/www.repam.net\\\/es\\\/#organization\"},\"potentialAction\":[{\"@type\":\"SearchAction\",\"target\":{\"@type\":\"EntryPoint\",\"urlTemplate\":\"https:\\\/\\\/www.repam.net\\\/es\\\/?s={search_term_string}\"},\"query-input\":{\"@type\":\"PropertyValueSpecification\",\"valueRequired\":true,\"valueName\":\"search_term_string\"}}],\"inLanguage\":\"es-CO\"},{\"@type\":\"Organization\",\"@id\":\"https:\\\/\\\/www.repam.net\\\/es\\\/#organization\",\"name\":\"REPAM\",\"url\":\"https:\\\/\\\/www.repam.net\\\/es\\\/\",\"logo\":{\"@type\":\"ImageObject\",\"inLanguage\":\"es-CO\",\"@id\":\"https:\\\/\\\/www.repam.net\\\/es\\\/#\\\/schema\\\/logo\\\/image\\\/\",\"url\":\"https:\\\/\\\/www.repam.net\\\/es\\\/wp-content\\\/uploads\\\/2021\\\/11\\\/cropped-favicon.png\",\"contentUrl\":\"https:\\\/\\\/www.repam.net\\\/es\\\/wp-content\\\/uploads\\\/2021\\\/11\\\/cropped-favicon.png\",\"width\":512,\"height\":512,\"caption\":\"REPAM\"},\"image\":{\"@id\":\"https:\\\/\\\/www.repam.net\\\/es\\\/#\\\/schema\\\/logo\\\/image\\\/\"}}]}<\/script>\n<!-- \/ Yoast SEO plugin. -->","yoast_head_json":{"title":"2025 - Navegando por la Amazon\u00eda como peregrinos de la esperanza - REPAM","robots":{"index":"index","follow":"follow","max-snippet":"max-snippet:-1","max-image-preview":"max-image-preview:large","max-video-preview":"max-video-preview:-1"},"canonical":"https:\/\/www.repam.net\/es\/publicaciones\/40-dias-navegando\/40-dias-navegando-2025-navegando-por-la-amazonia-como-peregrinos-de-la-esperanza\/","og_locale":"es_ES","og_type":"article","og_title":"2025 - Navegando por la Amazon\u00eda como peregrinos de la esperanza - REPAM","og_description":"En este tiempo, como ya es tradici\u00f3n, la Red Eclesial Pan-Amaz\u00f3nica (REPAM) presenta una serie de reflexiones sobre c\u00f3mo vivir este tiempo de gracia y conversi\u00f3n en esp\u00edritu de oraci\u00f3n y comuni\u00f3n. Las seis fichas semanales, ilustradas con im\u00e1genes de la \u00abRed de Dibujantes de Am\u00e9rica Latina\u00bb, siguen las propuestas del Jubileo de la Esperanza [&hellip;]","og_url":"https:\/\/www.repam.net\/es\/publicaciones\/40-dias-navegando\/40-dias-navegando-2025-navegando-por-la-amazonia-como-peregrinos-de-la-esperanza\/","og_site_name":"REPAM","article_modified_time":"2025-04-10T19:00:41+00:00","og_image":[{"width":2480,"height":2480,"url":"https:\/\/www.repam.net\/es\/wp-content\/uploads\/2025\/03\/5-@crisdibujante92-1.png","type":"image\/png"}],"twitter_card":"summary_large_image","twitter_misc":{"Tiempo de lectura":"3 minutos"},"schema":{"@context":"https:\/\/schema.org","@graph":[{"@type":"WebPage","@id":"https:\/\/www.repam.net\/es\/publicaciones\/40-dias-navegando\/40-dias-navegando-2025-navegando-por-la-amazonia-como-peregrinos-de-la-esperanza\/","url":"https:\/\/www.repam.net\/es\/publicaciones\/40-dias-navegando\/40-dias-navegando-2025-navegando-por-la-amazonia-como-peregrinos-de-la-esperanza\/","name":"2025 - Navegando por la Amazon\u00eda como peregrinos de la esperanza - REPAM","isPartOf":{"@id":"https:\/\/www.repam.net\/es\/#website"},"primaryImageOfPage":{"@id":"https:\/\/www.repam.net\/es\/publicaciones\/40-dias-navegando\/40-dias-navegando-2025-navegando-por-la-amazonia-como-peregrinos-de-la-esperanza\/#primaryimage"},"image":{"@id":"https:\/\/www.repam.net\/es\/publicaciones\/40-dias-navegando\/40-dias-navegando-2025-navegando-por-la-amazonia-como-peregrinos-de-la-esperanza\/#primaryimage"},"thumbnailUrl":"https:\/\/www.repam.net\/es\/wp-content\/uploads\/2025\/03\/5-@crisdibujante92-1.png","datePublished":"2025-03-06T16:30:15+00:00","dateModified":"2025-04-10T19:00:41+00:00","breadcrumb":{"@id":"https:\/\/www.repam.net\/es\/publicaciones\/40-dias-navegando\/40-dias-navegando-2025-navegando-por-la-amazonia-como-peregrinos-de-la-esperanza\/#breadcrumb"},"inLanguage":"es-CO","potentialAction":[{"@type":"ReadAction","target":["https:\/\/www.repam.net\/es\/publicaciones\/40-dias-navegando\/40-dias-navegando-2025-navegando-por-la-amazonia-como-peregrinos-de-la-esperanza\/"]}]},{"@type":"ImageObject","inLanguage":"es-CO","@id":"https:\/\/www.repam.net\/es\/publicaciones\/40-dias-navegando\/40-dias-navegando-2025-navegando-por-la-amazonia-como-peregrinos-de-la-esperanza\/#primaryimage","url":"https:\/\/www.repam.net\/es\/wp-content\/uploads\/2025\/03\/5-@crisdibujante92-1.png","contentUrl":"https:\/\/www.repam.net\/es\/wp-content\/uploads\/2025\/03\/5-@crisdibujante92-1.png","width":2480,"height":2480},{"@type":"BreadcrumbList","@id":"https:\/\/www.repam.net\/es\/publicaciones\/40-dias-navegando\/40-dias-navegando-2025-navegando-por-la-amazonia-como-peregrinos-de-la-esperanza\/#breadcrumb","itemListElement":[{"@type":"ListItem","position":1,"name":"Inicio","item":"https:\/\/www.repam.net\/es\/"},{"@type":"ListItem","position":2,"name":"Publicaciones","item":"https:\/\/www.repam.net\/es\/publicaciones\/"},{"@type":"ListItem","position":3,"name":"40 d\u00edas navegando","item":"https:\/\/www.repam.net\/es\/publicaciones\/40-dias-navegando\/"},{"@type":"ListItem","position":4,"name":"2025 &#8211; Navegando por la Amazon\u00eda como peregrinos de la esperanza"}]},{"@type":"WebSite","@id":"https:\/\/www.repam.net\/es\/#website","url":"https:\/\/www.repam.net\/es\/","name":"REPAM","description":"Red Eclesial Panamaz\u00f3nica","publisher":{"@id":"https:\/\/www.repam.net\/es\/#organization"},"potentialAction":[{"@type":"SearchAction","target":{"@type":"EntryPoint","urlTemplate":"https:\/\/www.repam.net\/es\/?s={search_term_string}"},"query-input":{"@type":"PropertyValueSpecification","valueRequired":true,"valueName":"search_term_string"}}],"inLanguage":"es-CO"},{"@type":"Organization","@id":"https:\/\/www.repam.net\/es\/#organization","name":"REPAM","url":"https:\/\/www.repam.net\/es\/","logo":{"@type":"ImageObject","inLanguage":"es-CO","@id":"https:\/\/www.repam.net\/es\/#\/schema\/logo\/image\/","url":"https:\/\/www.repam.net\/es\/wp-content\/uploads\/2021\/11\/cropped-favicon.png","contentUrl":"https:\/\/www.repam.net\/es\/wp-content\/uploads\/2021\/11\/cropped-favicon.png","width":512,"height":512,"caption":"REPAM"},"image":{"@id":"https:\/\/www.repam.net\/es\/#\/schema\/logo\/image\/"}}]}},"_links":{"self":[{"href":"https:\/\/www.repam.net\/es\/wp-json\/wp\/v2\/pages\/11795","targetHints":{"allow":["GET"]}}],"collection":[{"href":"https:\/\/www.repam.net\/es\/wp-json\/wp\/v2\/pages"}],"about":[{"href":"https:\/\/www.repam.net\/es\/wp-json\/wp\/v2\/types\/page"}],"author":[{"embeddable":true,"href":"https:\/\/www.repam.net\/es\/wp-json\/wp\/v2\/users\/1"}],"replies":[{"embeddable":true,"href":"https:\/\/www.repam.net\/es\/wp-json\/wp\/v2\/comments?post=11795"}],"version-history":[{"count":8,"href":"https:\/\/www.repam.net\/es\/wp-json\/wp\/v2\/pages\/11795\/revisions"}],"predecessor-version":[{"id":11894,"href":"https:\/\/www.repam.net\/es\/wp-json\/wp\/v2\/pages\/11795\/revisions\/11894"}],"up":[{"embeddable":true,"href":"https:\/\/www.repam.net\/es\/wp-json\/wp\/v2\/pages\/343"}],"wp:featuredmedia":[{"embeddable":true,"href":"https:\/\/www.repam.net\/es\/wp-json\/wp\/v2\/media\/11789"}],"wp:attachment":[{"href":"https:\/\/www.repam.net\/es\/wp-json\/wp\/v2\/media?parent=11795"}],"curies":[{"name":"wp","href":"https:\/\/api.w.org\/{rel}","templated":true}]}}