{"id":12324,"date":"2025-10-27T19:04:46","date_gmt":"2025-10-28T00:04:46","guid":{"rendered":"https:\/\/www.repam.net\/es\/?page_id=12324"},"modified":"2025-11-05T15:18:03","modified_gmt":"2025-11-05T20:18:03","slug":"kukama-tikuna-maguta","status":"publish","type":"page","link":"https:\/\/www.repam.net\/es\/kukama-tikuna-maguta\/","title":{"rendered":"Kukama-Tikuna-Mag\u00fcta"},"content":{"rendered":"<div class=\"wp-block-image\">\n<figure class=\"aligncenter size-large\"><img loading=\"lazy\" decoding=\"async\" width=\"1280\" height=\"720\" src=\"https:\/\/www.repam.net\/es\/wp-content\/uploads\/2025\/08\/Triple-frontera-web-edited.jpg\" alt=\"\" class=\"wp-image-12327\" srcset=\"https:\/\/www.repam.net\/es\/wp-content\/uploads\/2025\/08\/Triple-frontera-web-edited.jpg 1280w, https:\/\/www.repam.net\/es\/wp-content\/uploads\/2025\/08\/Triple-frontera-web-edited-300x169.jpg 300w, https:\/\/www.repam.net\/es\/wp-content\/uploads\/2025\/08\/Triple-frontera-web-edited-1024x576.jpg 1024w, https:\/\/www.repam.net\/es\/wp-content\/uploads\/2025\/08\/Triple-frontera-web-edited-768x432.jpg 768w\" sizes=\"auto, (max-width: 1280px) 100vw, 1280px\" \/><\/figure>\n<\/div>\n\n\n<h2 class=\"wp-block-heading has-text-align-left\"><strong>Nuestro trabajo en comunicaci\u00f3n <\/strong><\/h2>\n\n\n\n<div class=\"wp-block-columns is-layout-flex wp-container-core-columns-is-layout-9d6595d7 wp-block-columns-is-layout-flex\">\n<div class=\"wp-block-column is-layout-flow wp-block-column-is-layout-flow\">\n<p>La triple frotera Brasil \u2013 Colombia \u2013 Per\u00fa es una zona habitada actual y ancestralmente por poblaciones ind\u00edgenas propias de la regi\u00f3n amaz\u00f3nica. Las relaciones sociales y din\u00e1micas que se manifiestan en el territorio han generado una poblaci\u00f3n con aspectos culturales amplios. En el terriotrio, persisten una serie de problem\u00e1ticas ligadas a temas medioambientales y a la salud p\u00fablica, que adem\u00e1s de provocar la vulneraci\u00f3n de derechos fundamentales, tambi\u00e9n generan el \u00e9xodo de parte de la poblaci\u00f3n y la baja existencia de poblaci\u00f3n joven en la zona. El territorio de la triple frontera fue un espacio de movilizaci\u00f3n de grupos ind\u00edgenas que se vieron separados por la delimitaci\u00f3n de las fronteras que se sustentan en la soberan\u00eda de los tres pa\u00edses (Brasil, Colombia y Per\u00fa).<\/p>\n\n\n\n<p>Siguiendo un proceso comunicativo, los facilitadores en conjunto con 6 comunidades nativas y dos radios comunitarias del territorio, se han dado a la tarea de rescatar una serie de narrativas que permiten revivir la memoria, las pr\u00e1cticas y la lectura social que los pueblos Kukama y Tikuna (asentados en la triple frontera Brasil &#8211; Colombia &#8211; Per\u00fa) han hecho ancestralmente sobre su territorio. Las historias, la m\u00fasica, la danza, el baile y la cartograf\u00eda dan herramientas que permiten entender, en un primer momento, la situaci\u00f3n que atraviesan estos pueblos; as\u00ed, mediante la creaci\u00f3n de piezas audiovisuales, programas radiales y el dise\u00f1o de infograf\u00edas, se encontrar\u00e1n alternativas de cambio que contribuyan a preservar la Amazon\u00eda como un territorio com\u00fan para el planeta.<\/p>\n<\/div>\n<\/div>\n\n\n\n<h2 class=\"wp-block-heading\"><strong>El territorio<\/strong><\/h2>\n\n\n\n<p>La triple frotera Brasil \u2013 Colombia \u2013 Per\u00fa es una zona habitada actual y ancestralmente por poblaciones ind\u00edgenas propias de la regi\u00f3n amaz\u00f3nica. Las relaciones sociales y din\u00e1micas que se manifiestan en el territorio han generado una poblaci\u00f3n con aspectos culturales amplios. Las investigaciones sociales realizadas en la zona han arrojado conclusiones interesantes sobre los lazos de parentesco en el territorio. En la zona persiste la falta de integraci\u00f3n y colaboraci\u00f3n en aspectos legales y jur\u00eddicos. A ello, se suman una serie de problem\u00e1ticas ligadas a temas medioambientales y a la salud p\u00fablica. El territorio de la triple frontera fue un espacio de movilizaci\u00f3n de grupos ind\u00edgenas que se vieron separados por la delimitaci\u00f3n de las fronteras que se sustentan en la soberan\u00eda de los tres pa\u00edses (Brasil, Colombia y Per\u00fa). Los pueblos Tikuna y Kukama son los de mayor n\u00famero poblacional y quienes hist\u00f3ricamente se desplazaron por distintos puntos del territorio a causa de la \u00e9poca del caucho y las pr\u00e1cticas econ\u00f3micas que le sucedieron. Actualmente, persisten en la zona una serie de problem\u00e1ticas que se suman al deterioro de la salud p\u00fabica y a la segregaci\u00f3n territorial de los pueblos.<\/p>\n\n\n\n<p>En el territorio de la triple frontera se ha generado una depreciaci\u00f3n de la riquieza amaz\u00f3nica por la falta de vigilancia en la extracci\u00f3n de recursos forestales y la falta de ordenamiento en el manejo de residuos; la proliferaci\u00f3n del narcotr\u00e1fico ha generado delincuencia juvenil y otros tipos de violencia f\u00edsica que se resumen en asesinatos, intimidaciones y extorsiones; tambi\u00e9n persiste el desempleo, la falta de garant\u00edas para el desarrollo econ\u00f3mico y la falta de pol\u00edticas p\u00fablicas que garanticen el buen desarrollo de la educaci\u00f3n y la salud misma. En el norte peruano y espec\u00edficamente en la regi\u00f3n Loreto (zona de influencia de Per\u00fa en la triple frontera) la econom\u00eda se basa en la explotaci\u00f3n petrolera, avalada por Petroper\u00fa y que ha generado una infinidad de consecuencias a la cuenca del r\u00edo Amazonas por los derrames que se presentan. La situaci\u00f3n ambiental y social impacta de forma directa a los m\u00e1s de 85.000 kil\u00f3metros cuadrados que conforman la segunda mayor reerva ind\u00edgena de Brasil, el Vale do Jarav\u00ed que cuenta con unos 6.000 pobladores ind\u00edgenas de 6 pueblos distintos y que es considerado un espacio de preservaci\u00f3n importante para el pa\u00ed. Tampoco se quedan atr\u00e1s los pobladores ind\u00edgenas del departamento de Amazonas en Colombia que corresponden a un 42% de la poblaci\u00f3n que lo habita.<\/p>\n\n\n\n<figure class=\"wp-block-gallery has-nested-images columns-4 is-cropped wp-block-gallery-1 is-layout-flex wp-block-gallery-is-layout-flex\">\n<figure class=\"wp-block-image size-large\"><img loading=\"lazy\" decoding=\"async\" width=\"1024\" height=\"682\" data-id=\"12543\" src=\"https:\/\/www.repam.net\/es\/wp-content\/uploads\/2025\/10\/Territorio-12-1024x682.jpg\" alt=\"\" class=\"wp-image-12543\" srcset=\"https:\/\/www.repam.net\/es\/wp-content\/uploads\/2025\/10\/Territorio-12-1024x682.jpg 1024w, https:\/\/www.repam.net\/es\/wp-content\/uploads\/2025\/10\/Territorio-12-300x200.jpg 300w, https:\/\/www.repam.net\/es\/wp-content\/uploads\/2025\/10\/Territorio-12-768x512.jpg 768w, https:\/\/www.repam.net\/es\/wp-content\/uploads\/2025\/10\/Territorio-12.jpg 1280w\" sizes=\"auto, (max-width: 1024px) 100vw, 1024px\" \/><\/figure>\n\n\n\n<figure class=\"wp-block-image size-large\"><img loading=\"lazy\" decoding=\"async\" width=\"1024\" height=\"682\" data-id=\"12542\" src=\"https:\/\/www.repam.net\/es\/wp-content\/uploads\/2025\/10\/Territorio-11-1024x682.jpg\" alt=\"\" class=\"wp-image-12542\" srcset=\"https:\/\/www.repam.net\/es\/wp-content\/uploads\/2025\/10\/Territorio-11-1024x682.jpg 1024w, https:\/\/www.repam.net\/es\/wp-content\/uploads\/2025\/10\/Territorio-11-300x200.jpg 300w, https:\/\/www.repam.net\/es\/wp-content\/uploads\/2025\/10\/Territorio-11-768x512.jpg 768w, https:\/\/www.repam.net\/es\/wp-content\/uploads\/2025\/10\/Territorio-11.jpg 1280w\" sizes=\"auto, (max-width: 1024px) 100vw, 1024px\" \/><\/figure>\n\n\n\n<figure class=\"wp-block-image size-large\"><img loading=\"lazy\" decoding=\"async\" width=\"1024\" height=\"682\" data-id=\"12541\" src=\"https:\/\/www.repam.net\/es\/wp-content\/uploads\/2025\/10\/Territorio-10-1024x682.jpg\" alt=\"\" class=\"wp-image-12541\" srcset=\"https:\/\/www.repam.net\/es\/wp-content\/uploads\/2025\/10\/Territorio-10-1024x682.jpg 1024w, https:\/\/www.repam.net\/es\/wp-content\/uploads\/2025\/10\/Territorio-10-300x200.jpg 300w, https:\/\/www.repam.net\/es\/wp-content\/uploads\/2025\/10\/Territorio-10-768x512.jpg 768w, https:\/\/www.repam.net\/es\/wp-content\/uploads\/2025\/10\/Territorio-10.jpg 1280w\" sizes=\"auto, (max-width: 1024px) 100vw, 1024px\" \/><\/figure>\n\n\n\n<figure class=\"wp-block-image size-large\"><img loading=\"lazy\" decoding=\"async\" width=\"1024\" height=\"682\" data-id=\"12540\" src=\"https:\/\/www.repam.net\/es\/wp-content\/uploads\/2025\/10\/Territorio-9-1024x682.jpg\" alt=\"\" class=\"wp-image-12540\" srcset=\"https:\/\/www.repam.net\/es\/wp-content\/uploads\/2025\/10\/Territorio-9-1024x682.jpg 1024w, https:\/\/www.repam.net\/es\/wp-content\/uploads\/2025\/10\/Territorio-9-300x200.jpg 300w, https:\/\/www.repam.net\/es\/wp-content\/uploads\/2025\/10\/Territorio-9-768x512.jpg 768w, https:\/\/www.repam.net\/es\/wp-content\/uploads\/2025\/10\/Territorio-9.jpg 1280w\" sizes=\"auto, (max-width: 1024px) 100vw, 1024px\" \/><\/figure>\n\n\n\n<figure class=\"wp-block-image size-large\"><img loading=\"lazy\" decoding=\"async\" width=\"1024\" height=\"682\" data-id=\"12537\" src=\"https:\/\/www.repam.net\/es\/wp-content\/uploads\/2025\/10\/Territorio-6-1024x682.jpg\" alt=\"\" class=\"wp-image-12537\" srcset=\"https:\/\/www.repam.net\/es\/wp-content\/uploads\/2025\/10\/Territorio-6-1024x682.jpg 1024w, https:\/\/www.repam.net\/es\/wp-content\/uploads\/2025\/10\/Territorio-6-300x200.jpg 300w, https:\/\/www.repam.net\/es\/wp-content\/uploads\/2025\/10\/Territorio-6-768x512.jpg 768w, https:\/\/www.repam.net\/es\/wp-content\/uploads\/2025\/10\/Territorio-6.jpg 1280w\" sizes=\"auto, (max-width: 1024px) 100vw, 1024px\" \/><\/figure>\n\n\n\n<figure class=\"wp-block-image size-large\"><img loading=\"lazy\" decoding=\"async\" width=\"1024\" height=\"682\" data-id=\"12536\" src=\"https:\/\/www.repam.net\/es\/wp-content\/uploads\/2025\/10\/Territorio-5-1024x682.jpg\" alt=\"\" class=\"wp-image-12536\" srcset=\"https:\/\/www.repam.net\/es\/wp-content\/uploads\/2025\/10\/Territorio-5-1024x682.jpg 1024w, https:\/\/www.repam.net\/es\/wp-content\/uploads\/2025\/10\/Territorio-5-300x200.jpg 300w, https:\/\/www.repam.net\/es\/wp-content\/uploads\/2025\/10\/Territorio-5-768x512.jpg 768w, https:\/\/www.repam.net\/es\/wp-content\/uploads\/2025\/10\/Territorio-5.jpg 1280w\" sizes=\"auto, (max-width: 1024px) 100vw, 1024px\" \/><\/figure>\n\n\n\n<figure class=\"wp-block-image size-large\"><img loading=\"lazy\" decoding=\"async\" width=\"1024\" height=\"682\" data-id=\"12535\" src=\"https:\/\/www.repam.net\/es\/wp-content\/uploads\/2025\/10\/Territorio-4-1024x682.jpg\" alt=\"\" class=\"wp-image-12535\" srcset=\"https:\/\/www.repam.net\/es\/wp-content\/uploads\/2025\/10\/Territorio-4-1024x682.jpg 1024w, https:\/\/www.repam.net\/es\/wp-content\/uploads\/2025\/10\/Territorio-4-300x200.jpg 300w, https:\/\/www.repam.net\/es\/wp-content\/uploads\/2025\/10\/Territorio-4-768x512.jpg 768w, https:\/\/www.repam.net\/es\/wp-content\/uploads\/2025\/10\/Territorio-4.jpg 1280w\" sizes=\"auto, (max-width: 1024px) 100vw, 1024px\" \/><\/figure>\n\n\n\n<figure class=\"wp-block-image size-large\"><img loading=\"lazy\" decoding=\"async\" width=\"1024\" height=\"682\" data-id=\"12534\" src=\"https:\/\/www.repam.net\/es\/wp-content\/uploads\/2025\/10\/Territorio-3-1024x682.jpg\" alt=\"\" class=\"wp-image-12534\" srcset=\"https:\/\/www.repam.net\/es\/wp-content\/uploads\/2025\/10\/Territorio-3-1024x682.jpg 1024w, https:\/\/www.repam.net\/es\/wp-content\/uploads\/2025\/10\/Territorio-3-300x200.jpg 300w, https:\/\/www.repam.net\/es\/wp-content\/uploads\/2025\/10\/Territorio-3-768x512.jpg 768w, https:\/\/www.repam.net\/es\/wp-content\/uploads\/2025\/10\/Territorio-3.jpg 1280w\" sizes=\"auto, (max-width: 1024px) 100vw, 1024px\" \/><\/figure>\n\n\n\n<figure class=\"wp-block-image size-large\"><img loading=\"lazy\" decoding=\"async\" width=\"1024\" height=\"682\" data-id=\"12532\" src=\"https:\/\/www.repam.net\/es\/wp-content\/uploads\/2025\/10\/Territorio-1-1024x682.jpg\" alt=\"\" class=\"wp-image-12532\" srcset=\"https:\/\/www.repam.net\/es\/wp-content\/uploads\/2025\/10\/Territorio-1-1024x682.jpg 1024w, https:\/\/www.repam.net\/es\/wp-content\/uploads\/2025\/10\/Territorio-1-300x200.jpg 300w, https:\/\/www.repam.net\/es\/wp-content\/uploads\/2025\/10\/Territorio-1-768x512.jpg 768w, https:\/\/www.repam.net\/es\/wp-content\/uploads\/2025\/10\/Territorio-1.jpg 1280w\" sizes=\"auto, (max-width: 1024px) 100vw, 1024px\" \/><\/figure>\n\n\n\n<figure class=\"wp-block-image size-large\"><img loading=\"lazy\" decoding=\"async\" width=\"1024\" height=\"682\" data-id=\"12472\" src=\"https:\/\/www.repam.net\/es\/wp-content\/uploads\/2025\/10\/Radio-Ucamara-6-1024x682.jpg\" alt=\"\" class=\"wp-image-12472\" srcset=\"https:\/\/www.repam.net\/es\/wp-content\/uploads\/2025\/10\/Radio-Ucamara-6-1024x682.jpg 1024w, https:\/\/www.repam.net\/es\/wp-content\/uploads\/2025\/10\/Radio-Ucamara-6-300x200.jpg 300w, https:\/\/www.repam.net\/es\/wp-content\/uploads\/2025\/10\/Radio-Ucamara-6-768x512.jpg 768w, https:\/\/www.repam.net\/es\/wp-content\/uploads\/2025\/10\/Radio-Ucamara-6.jpg 1280w\" sizes=\"auto, (max-width: 1024px) 100vw, 1024px\" \/><\/figure>\n\n\n\n<figure class=\"wp-block-image size-large\"><img loading=\"lazy\" decoding=\"async\" width=\"1024\" height=\"576\" data-id=\"12453\" src=\"https:\/\/www.repam.net\/es\/wp-content\/uploads\/2025\/10\/Nauta-edited-1024x576.jpg\" alt=\"\" class=\"wp-image-12453\" srcset=\"https:\/\/www.repam.net\/es\/wp-content\/uploads\/2025\/10\/Nauta-edited-1024x576.jpg 1024w, https:\/\/www.repam.net\/es\/wp-content\/uploads\/2025\/10\/Nauta-edited-300x169.jpg 300w, https:\/\/www.repam.net\/es\/wp-content\/uploads\/2025\/10\/Nauta-edited-768x432.jpg 768w, https:\/\/www.repam.net\/es\/wp-content\/uploads\/2025\/10\/Nauta-edited.jpg 1280w\" sizes=\"auto, (max-width: 1024px) 100vw, 1024px\" \/><\/figure>\n\n\n\n<figure class=\"wp-block-image size-large\"><img loading=\"lazy\" decoding=\"async\" width=\"1024\" height=\"682\" data-id=\"12533\" src=\"https:\/\/www.repam.net\/es\/wp-content\/uploads\/2025\/10\/Territorio-2-1024x682.jpg\" alt=\"\" class=\"wp-image-12533\" srcset=\"https:\/\/www.repam.net\/es\/wp-content\/uploads\/2025\/10\/Territorio-2-1024x682.jpg 1024w, https:\/\/www.repam.net\/es\/wp-content\/uploads\/2025\/10\/Territorio-2-300x200.jpg 300w, https:\/\/www.repam.net\/es\/wp-content\/uploads\/2025\/10\/Territorio-2-768x512.jpg 768w, https:\/\/www.repam.net\/es\/wp-content\/uploads\/2025\/10\/Territorio-2.jpg 1280w\" sizes=\"auto, (max-width: 1024px) 100vw, 1024px\" \/><\/figure>\n<\/figure>\n\n\n\n<hr class=\"wp-block-separator has-alpha-channel-opacity\"\/>\n\n\n\n<p><\/p>\n","protected":false},"excerpt":{"rendered":"<p>Nuestro trabajo en comunicaci\u00f3n La triple frotera Brasil \u2013 Colombia \u2013 Per\u00fa es una zona habitada actual y ancestralmente por poblaciones ind\u00edgenas propias de la regi\u00f3n amaz\u00f3nica. Las relaciones sociales y din\u00e1micas que se manifiestan en el territorio han generado una poblaci\u00f3n con aspectos culturales amplios. En el terriotrio, persisten una serie de problem\u00e1ticas ligadas [&hellip;]<\/p>\n","protected":false},"author":1,"featured_media":0,"parent":0,"menu_order":0,"comment_status":"closed","ping_status":"closed","template":"page-multipla.php","meta":{"_acf_changed":false,"_uf_show_specific_survey":0,"_uf_disable_surveys":false,"footnotes":""},"class_list":["post-12324","page","type-page","status-publish","hentry"],"acf":[],"aioseo_notices":[],"yoast_head":"<!-- This site is optimized with the Yoast SEO plugin v27.3 - https:\/\/yoast.com\/product\/yoast-seo-wordpress\/ -->\n<title>Kukama-Tikuna-Mag\u00fcta - REPAM<\/title>\n<meta name=\"robots\" content=\"index, follow, max-snippet:-1, max-image-preview:large, max-video-preview:-1\" \/>\n<link rel=\"canonical\" href=\"https:\/\/www.repam.net\/es\/kukama-tikuna-maguta\/\" \/>\n<meta property=\"og:locale\" content=\"es_ES\" \/>\n<meta property=\"og:type\" content=\"article\" \/>\n<meta property=\"og:title\" content=\"Kukama-Tikuna-Mag\u00fcta - REPAM\" \/>\n<meta property=\"og:description\" content=\"Nuestro trabajo en comunicaci\u00f3n La triple frotera Brasil \u2013 Colombia \u2013 Per\u00fa es una zona habitada actual y ancestralmente por poblaciones ind\u00edgenas propias de la regi\u00f3n amaz\u00f3nica. Las relaciones sociales y din\u00e1micas que se manifiestan en el territorio han generado una poblaci\u00f3n con aspectos culturales amplios. En el terriotrio, persisten una serie de problem\u00e1ticas ligadas [&hellip;]\" \/>\n<meta property=\"og:url\" content=\"https:\/\/www.repam.net\/es\/kukama-tikuna-maguta\/\" \/>\n<meta property=\"og:site_name\" content=\"REPAM\" \/>\n<meta property=\"article:modified_time\" content=\"2025-11-05T20:18:03+00:00\" \/>\n<meta property=\"og:image\" content=\"https:\/\/www.repam.net\/es\/wp-content\/uploads\/2025\/08\/Triple-frontera-web-edited.jpg\" \/>\n\t<meta property=\"og:image:width\" content=\"1280\" \/>\n\t<meta property=\"og:image:height\" content=\"720\" \/>\n\t<meta property=\"og:image:type\" content=\"image\/jpeg\" \/>\n<meta name=\"twitter:card\" content=\"summary_large_image\" \/>\n<meta name=\"twitter:label1\" content=\"Tiempo de lectura\" \/>\n\t<meta name=\"twitter:data1\" content=\"6 minutos\" \/>\n<script type=\"application\/ld+json\" class=\"yoast-schema-graph\">{\"@context\":\"https:\\\/\\\/schema.org\",\"@graph\":[{\"@type\":\"WebPage\",\"@id\":\"https:\\\/\\\/www.repam.net\\\/es\\\/kukama-tikuna-maguta\\\/\",\"url\":\"https:\\\/\\\/www.repam.net\\\/es\\\/kukama-tikuna-maguta\\\/\",\"name\":\"Kukama-Tikuna-Mag\u00fcta - REPAM\",\"isPartOf\":{\"@id\":\"https:\\\/\\\/www.repam.net\\\/es\\\/#website\"},\"primaryImageOfPage\":{\"@id\":\"https:\\\/\\\/www.repam.net\\\/es\\\/kukama-tikuna-maguta\\\/#primaryimage\"},\"image\":{\"@id\":\"https:\\\/\\\/www.repam.net\\\/es\\\/kukama-tikuna-maguta\\\/#primaryimage\"},\"thumbnailUrl\":\"https:\\\/\\\/www.repam.net\\\/es\\\/wp-content\\\/uploads\\\/2025\\\/08\\\/Triple-frontera-web-edited.jpg\",\"datePublished\":\"2025-10-28T00:04:46+00:00\",\"dateModified\":\"2025-11-05T20:18:03+00:00\",\"breadcrumb\":{\"@id\":\"https:\\\/\\\/www.repam.net\\\/es\\\/kukama-tikuna-maguta\\\/#breadcrumb\"},\"inLanguage\":\"es-CO\",\"potentialAction\":[{\"@type\":\"ReadAction\",\"target\":[\"https:\\\/\\\/www.repam.net\\\/es\\\/kukama-tikuna-maguta\\\/\"]}]},{\"@type\":\"ImageObject\",\"inLanguage\":\"es-CO\",\"@id\":\"https:\\\/\\\/www.repam.net\\\/es\\\/kukama-tikuna-maguta\\\/#primaryimage\",\"url\":\"https:\\\/\\\/www.repam.net\\\/es\\\/wp-content\\\/uploads\\\/2025\\\/08\\\/Triple-frontera-web-edited.jpg\",\"contentUrl\":\"https:\\\/\\\/www.repam.net\\\/es\\\/wp-content\\\/uploads\\\/2025\\\/08\\\/Triple-frontera-web-edited.jpg\",\"width\":1280,\"height\":720},{\"@type\":\"BreadcrumbList\",\"@id\":\"https:\\\/\\\/www.repam.net\\\/es\\\/kukama-tikuna-maguta\\\/#breadcrumb\",\"itemListElement\":[{\"@type\":\"ListItem\",\"position\":1,\"name\":\"Inicio\",\"item\":\"https:\\\/\\\/www.repam.net\\\/es\\\/\"},{\"@type\":\"ListItem\",\"position\":2,\"name\":\"Kukama-Tikuna-Mag\u00fcta\"}]},{\"@type\":\"WebSite\",\"@id\":\"https:\\\/\\\/www.repam.net\\\/es\\\/#website\",\"url\":\"https:\\\/\\\/www.repam.net\\\/es\\\/\",\"name\":\"REPAM\",\"description\":\"Red Eclesial Panamaz\u00f3nica\",\"publisher\":{\"@id\":\"https:\\\/\\\/www.repam.net\\\/es\\\/#organization\"},\"potentialAction\":[{\"@type\":\"SearchAction\",\"target\":{\"@type\":\"EntryPoint\",\"urlTemplate\":\"https:\\\/\\\/www.repam.net\\\/es\\\/?s={search_term_string}\"},\"query-input\":{\"@type\":\"PropertyValueSpecification\",\"valueRequired\":true,\"valueName\":\"search_term_string\"}}],\"inLanguage\":\"es-CO\"},{\"@type\":\"Organization\",\"@id\":\"https:\\\/\\\/www.repam.net\\\/es\\\/#organization\",\"name\":\"REPAM\",\"url\":\"https:\\\/\\\/www.repam.net\\\/es\\\/\",\"logo\":{\"@type\":\"ImageObject\",\"inLanguage\":\"es-CO\",\"@id\":\"https:\\\/\\\/www.repam.net\\\/es\\\/#\\\/schema\\\/logo\\\/image\\\/\",\"url\":\"https:\\\/\\\/www.repam.net\\\/es\\\/wp-content\\\/uploads\\\/2021\\\/11\\\/cropped-favicon.png\",\"contentUrl\":\"https:\\\/\\\/www.repam.net\\\/es\\\/wp-content\\\/uploads\\\/2021\\\/11\\\/cropped-favicon.png\",\"width\":512,\"height\":512,\"caption\":\"REPAM\"},\"image\":{\"@id\":\"https:\\\/\\\/www.repam.net\\\/es\\\/#\\\/schema\\\/logo\\\/image\\\/\"}}]}<\/script>\n<!-- \/ Yoast SEO plugin. -->","yoast_head_json":{"title":"Kukama-Tikuna-Mag\u00fcta - REPAM","robots":{"index":"index","follow":"follow","max-snippet":"max-snippet:-1","max-image-preview":"max-image-preview:large","max-video-preview":"max-video-preview:-1"},"canonical":"https:\/\/www.repam.net\/es\/kukama-tikuna-maguta\/","og_locale":"es_ES","og_type":"article","og_title":"Kukama-Tikuna-Mag\u00fcta - REPAM","og_description":"Nuestro trabajo en comunicaci\u00f3n La triple frotera Brasil \u2013 Colombia \u2013 Per\u00fa es una zona habitada actual y ancestralmente por poblaciones ind\u00edgenas propias de la regi\u00f3n amaz\u00f3nica. Las relaciones sociales y din\u00e1micas que se manifiestan en el territorio han generado una poblaci\u00f3n con aspectos culturales amplios. En el terriotrio, persisten una serie de problem\u00e1ticas ligadas [&hellip;]","og_url":"https:\/\/www.repam.net\/es\/kukama-tikuna-maguta\/","og_site_name":"REPAM","article_modified_time":"2025-11-05T20:18:03+00:00","og_image":[{"width":1280,"height":720,"url":"https:\/\/www.repam.net\/es\/wp-content\/uploads\/2025\/08\/Triple-frontera-web-edited.jpg","type":"image\/jpeg"}],"twitter_card":"summary_large_image","twitter_misc":{"Tiempo de lectura":"6 minutos"},"schema":{"@context":"https:\/\/schema.org","@graph":[{"@type":"WebPage","@id":"https:\/\/www.repam.net\/es\/kukama-tikuna-maguta\/","url":"https:\/\/www.repam.net\/es\/kukama-tikuna-maguta\/","name":"Kukama-Tikuna-Mag\u00fcta - REPAM","isPartOf":{"@id":"https:\/\/www.repam.net\/es\/#website"},"primaryImageOfPage":{"@id":"https:\/\/www.repam.net\/es\/kukama-tikuna-maguta\/#primaryimage"},"image":{"@id":"https:\/\/www.repam.net\/es\/kukama-tikuna-maguta\/#primaryimage"},"thumbnailUrl":"https:\/\/www.repam.net\/es\/wp-content\/uploads\/2025\/08\/Triple-frontera-web-edited.jpg","datePublished":"2025-10-28T00:04:46+00:00","dateModified":"2025-11-05T20:18:03+00:00","breadcrumb":{"@id":"https:\/\/www.repam.net\/es\/kukama-tikuna-maguta\/#breadcrumb"},"inLanguage":"es-CO","potentialAction":[{"@type":"ReadAction","target":["https:\/\/www.repam.net\/es\/kukama-tikuna-maguta\/"]}]},{"@type":"ImageObject","inLanguage":"es-CO","@id":"https:\/\/www.repam.net\/es\/kukama-tikuna-maguta\/#primaryimage","url":"https:\/\/www.repam.net\/es\/wp-content\/uploads\/2025\/08\/Triple-frontera-web-edited.jpg","contentUrl":"https:\/\/www.repam.net\/es\/wp-content\/uploads\/2025\/08\/Triple-frontera-web-edited.jpg","width":1280,"height":720},{"@type":"BreadcrumbList","@id":"https:\/\/www.repam.net\/es\/kukama-tikuna-maguta\/#breadcrumb","itemListElement":[{"@type":"ListItem","position":1,"name":"Inicio","item":"https:\/\/www.repam.net\/es\/"},{"@type":"ListItem","position":2,"name":"Kukama-Tikuna-Mag\u00fcta"}]},{"@type":"WebSite","@id":"https:\/\/www.repam.net\/es\/#website","url":"https:\/\/www.repam.net\/es\/","name":"REPAM","description":"Red Eclesial Panamaz\u00f3nica","publisher":{"@id":"https:\/\/www.repam.net\/es\/#organization"},"potentialAction":[{"@type":"SearchAction","target":{"@type":"EntryPoint","urlTemplate":"https:\/\/www.repam.net\/es\/?s={search_term_string}"},"query-input":{"@type":"PropertyValueSpecification","valueRequired":true,"valueName":"search_term_string"}}],"inLanguage":"es-CO"},{"@type":"Organization","@id":"https:\/\/www.repam.net\/es\/#organization","name":"REPAM","url":"https:\/\/www.repam.net\/es\/","logo":{"@type":"ImageObject","inLanguage":"es-CO","@id":"https:\/\/www.repam.net\/es\/#\/schema\/logo\/image\/","url":"https:\/\/www.repam.net\/es\/wp-content\/uploads\/2021\/11\/cropped-favicon.png","contentUrl":"https:\/\/www.repam.net\/es\/wp-content\/uploads\/2021\/11\/cropped-favicon.png","width":512,"height":512,"caption":"REPAM"},"image":{"@id":"https:\/\/www.repam.net\/es\/#\/schema\/logo\/image\/"}}]}},"_links":{"self":[{"href":"https:\/\/www.repam.net\/es\/wp-json\/wp\/v2\/pages\/12324","targetHints":{"allow":["GET"]}}],"collection":[{"href":"https:\/\/www.repam.net\/es\/wp-json\/wp\/v2\/pages"}],"about":[{"href":"https:\/\/www.repam.net\/es\/wp-json\/wp\/v2\/types\/page"}],"author":[{"embeddable":true,"href":"https:\/\/www.repam.net\/es\/wp-json\/wp\/v2\/users\/1"}],"replies":[{"embeddable":true,"href":"https:\/\/www.repam.net\/es\/wp-json\/wp\/v2\/comments?post=12324"}],"version-history":[{"count":58,"href":"https:\/\/www.repam.net\/es\/wp-json\/wp\/v2\/pages\/12324\/revisions"}],"predecessor-version":[{"id":12652,"href":"https:\/\/www.repam.net\/es\/wp-json\/wp\/v2\/pages\/12324\/revisions\/12652"}],"wp:attachment":[{"href":"https:\/\/www.repam.net\/es\/wp-json\/wp\/v2\/media?parent=12324"}],"curies":[{"name":"wp","href":"https:\/\/api.w.org\/{rel}","templated":true}]}}