{"id":12565,"date":"2025-11-04T16:05:54","date_gmt":"2025-11-04T21:05:54","guid":{"rendered":"https:\/\/www.repam.net\/es\/?page_id=12565"},"modified":"2025-11-05T21:26:40","modified_gmt":"2025-11-06T02:26:40","slug":"modulo-1-fundamentos-del-periodismo","status":"publish","type":"page","link":"https:\/\/www.repam.net\/es\/kukama-tikuna-maguta\/modulo-1-fundamentos-del-periodismo\/","title":{"rendered":"M\u00f3dulo 1: fundamentos del periodismo"},"content":{"rendered":"\n<p>El periodismo, como ejercicio de los medios de comunicaci\u00f3n, nos brinda las herramientas necesarias para fomentar el sentido cr\u00edtico de las poblaciones en todo el mundo. Para el caso de la Amazon\u00eda, nos encontramos ante un panorama lleno de realidades que deben ser abordadas por quienes forman parte de los medios de comunicaci\u00f3n en esa b\u00fasqueda de mejores condiciones de vida para aquellas comunidades que conviven en este inmenso territorio verde y el planeta entero. \u00bfC\u00f3mo podemos responder ante la falta de garant\u00edas sociales, culturales ambientales y econ\u00f3micas que se presentan en la regi\u00f3n? Pretendemos responder a esa pregunta durante el desarrollo del presente m\u00f3dulo.<\/p>\n\n\n\n<p>Cualquiera que sea el car\u00e1cter que defina a los medios de comunicaci\u00f3n (del sector privado, estatales, comunitarios, educativos, populares y alternativos) debe contemplar las cuatro funciones b\u00e1sicas que tienen con las audiencias: informar, organizar, movilizar y entretener. A pesar de que, muchos de los medios de comunicaci\u00f3n, que responden a los intereses de grupos econ\u00f3micos espec\u00edficos, se han enfocado en atender las necesidades de informar y entretener, la responsabilidad de aquellos medios y periodistas que se acercan de primera mano a cada uno de los sectores que conforman nuestra sociedad, es la de mantener las cuatro funciones b\u00e1sicas en su conjunto, buscando una participaci\u00f3n activa de quienes conviven en espacios definidos para garantizar las alternativas de progreso y desarrollo.<\/p>\n\n\n\n<figure class=\"wp-block-gallery has-nested-images columns-default is-cropped wp-block-gallery-1 is-layout-flex wp-block-gallery-is-layout-flex\">\n<figure class=\"wp-block-image size-full\"><img loading=\"lazy\" decoding=\"async\" width=\"1280\" height=\"853\" data-id=\"12534\" src=\"https:\/\/www.repam.net\/es\/wp-content\/uploads\/2025\/10\/Territorio-3.jpg\" alt=\"\" class=\"wp-image-12534\" srcset=\"https:\/\/www.repam.net\/es\/wp-content\/uploads\/2025\/10\/Territorio-3.jpg 1280w, https:\/\/www.repam.net\/es\/wp-content\/uploads\/2025\/10\/Territorio-3-300x200.jpg 300w, https:\/\/www.repam.net\/es\/wp-content\/uploads\/2025\/10\/Territorio-3-1024x682.jpg 1024w, https:\/\/www.repam.net\/es\/wp-content\/uploads\/2025\/10\/Territorio-3-768x512.jpg 768w\" sizes=\"auto, (max-width: 1280px) 100vw, 1280px\" \/><\/figure>\n\n\n\n<figure class=\"wp-block-image size-full\"><img loading=\"lazy\" decoding=\"async\" width=\"1280\" height=\"853\" data-id=\"12471\" src=\"https:\/\/www.repam.net\/es\/wp-content\/uploads\/2025\/10\/Radio-Ucamara-5.jpg\" alt=\"\" class=\"wp-image-12471\" srcset=\"https:\/\/www.repam.net\/es\/wp-content\/uploads\/2025\/10\/Radio-Ucamara-5.jpg 1280w, https:\/\/www.repam.net\/es\/wp-content\/uploads\/2025\/10\/Radio-Ucamara-5-300x200.jpg 300w, https:\/\/www.repam.net\/es\/wp-content\/uploads\/2025\/10\/Radio-Ucamara-5-1024x682.jpg 1024w, https:\/\/www.repam.net\/es\/wp-content\/uploads\/2025\/10\/Radio-Ucamara-5-768x512.jpg 768w\" sizes=\"auto, (max-width: 1280px) 100vw, 1280px\" \/><\/figure>\n\n\n\n<figure class=\"wp-block-image size-full\"><img loading=\"lazy\" decoding=\"async\" width=\"1280\" height=\"720\" data-id=\"12459\" src=\"https:\/\/www.repam.net\/es\/wp-content\/uploads\/2025\/10\/San-Jose-del-Rio-edited.jpg\" alt=\"\" class=\"wp-image-12459\" srcset=\"https:\/\/www.repam.net\/es\/wp-content\/uploads\/2025\/10\/San-Jose-del-Rio-edited.jpg 1280w, https:\/\/www.repam.net\/es\/wp-content\/uploads\/2025\/10\/San-Jose-del-Rio-edited-300x169.jpg 300w, https:\/\/www.repam.net\/es\/wp-content\/uploads\/2025\/10\/San-Jose-del-Rio-edited-1024x576.jpg 1024w, https:\/\/www.repam.net\/es\/wp-content\/uploads\/2025\/10\/San-Jose-del-Rio-edited-768x432.jpg 768w\" sizes=\"auto, (max-width: 1280px) 100vw, 1280px\" \/><\/figure>\n\n\n\n<figure class=\"wp-block-image size-full\"><img loading=\"lazy\" decoding=\"async\" width=\"1280\" height=\"853\" data-id=\"12540\" src=\"https:\/\/www.repam.net\/es\/wp-content\/uploads\/2025\/10\/Territorio-9.jpg\" alt=\"\" class=\"wp-image-12540\" srcset=\"https:\/\/www.repam.net\/es\/wp-content\/uploads\/2025\/10\/Territorio-9.jpg 1280w, https:\/\/www.repam.net\/es\/wp-content\/uploads\/2025\/10\/Territorio-9-300x200.jpg 300w, https:\/\/www.repam.net\/es\/wp-content\/uploads\/2025\/10\/Territorio-9-1024x682.jpg 1024w, https:\/\/www.repam.net\/es\/wp-content\/uploads\/2025\/10\/Territorio-9-768x512.jpg 768w\" sizes=\"auto, (max-width: 1280px) 100vw, 1280px\" \/><\/figure>\n\n\n\n<figure class=\"wp-block-image size-full\"><img loading=\"lazy\" decoding=\"async\" width=\"1280\" height=\"853\" data-id=\"12572\" src=\"https:\/\/www.repam.net\/es\/wp-content\/uploads\/2025\/11\/Territorio-13.jpg\" alt=\"\" class=\"wp-image-12572\" srcset=\"https:\/\/www.repam.net\/es\/wp-content\/uploads\/2025\/11\/Territorio-13.jpg 1280w, https:\/\/www.repam.net\/es\/wp-content\/uploads\/2025\/11\/Territorio-13-300x200.jpg 300w, https:\/\/www.repam.net\/es\/wp-content\/uploads\/2025\/11\/Territorio-13-1024x682.jpg 1024w, https:\/\/www.repam.net\/es\/wp-content\/uploads\/2025\/11\/Territorio-13-768x512.jpg 768w\" sizes=\"auto, (max-width: 1280px) 100vw, 1280px\" \/><\/figure>\n\n\n\n<figure class=\"wp-block-image size-full\"><img loading=\"lazy\" decoding=\"async\" width=\"1280\" height=\"853\" data-id=\"12573\" src=\"https:\/\/www.repam.net\/es\/wp-content\/uploads\/2025\/11\/Radio-Eware-2.jpg\" alt=\"\" class=\"wp-image-12573\" srcset=\"https:\/\/www.repam.net\/es\/wp-content\/uploads\/2025\/11\/Radio-Eware-2.jpg 1280w, https:\/\/www.repam.net\/es\/wp-content\/uploads\/2025\/11\/Radio-Eware-2-300x200.jpg 300w, https:\/\/www.repam.net\/es\/wp-content\/uploads\/2025\/11\/Radio-Eware-2-1024x682.jpg 1024w, https:\/\/www.repam.net\/es\/wp-content\/uploads\/2025\/11\/Radio-Eware-2-768x512.jpg 768w\" sizes=\"auto, (max-width: 1280px) 100vw, 1280px\" \/><\/figure>\n<\/figure>\n\n\n\n<p><\/p>\n\n\n\n<figure class=\"wp-block-image size-full is-resized\"><a href=\"https:\/\/www.repam.net\/es\/kukama-tikuna-maguta\/\"><img loading=\"lazy\" decoding=\"async\" width=\"500\" height=\"500\" src=\"https:\/\/www.repam.net\/es\/wp-content\/uploads\/2025\/11\/pngwing.com_.png\" alt=\"\" class=\"wp-image-12698\" style=\"width:80px\" srcset=\"https:\/\/www.repam.net\/es\/wp-content\/uploads\/2025\/11\/pngwing.com_.png 500w, https:\/\/www.repam.net\/es\/wp-content\/uploads\/2025\/11\/pngwing.com_-300x300.png 300w, https:\/\/www.repam.net\/es\/wp-content\/uploads\/2025\/11\/pngwing.com_-150x150.png 150w\" sizes=\"auto, (max-width: 500px) 100vw, 500px\" \/><\/a><\/figure>\n","protected":false},"excerpt":{"rendered":"<p>El periodismo, como ejercicio de los medios de comunicaci\u00f3n, nos brinda las herramientas necesarias para fomentar el sentido cr\u00edtico de las poblaciones en todo el mundo. Para el caso de la Amazon\u00eda, nos encontramos ante un panorama lleno de realidades que deben ser abordadas por quienes forman parte de los medios de comunicaci\u00f3n en esa [&hellip;]<\/p>\n","protected":false},"author":1,"featured_media":0,"parent":12324,"menu_order":0,"comment_status":"closed","ping_status":"closed","template":"page-multipla.php","meta":{"_acf_changed":false,"_uf_show_specific_survey":0,"_uf_disable_surveys":false,"footnotes":""},"class_list":["post-12565","page","type-page","status-publish","hentry"],"acf":[],"aioseo_notices":[],"yoast_head":"<!-- This site is optimized with the Yoast SEO plugin v27.3 - https:\/\/yoast.com\/product\/yoast-seo-wordpress\/ -->\n<title>M\u00f3dulo 1: fundamentos del periodismo - REPAM<\/title>\n<meta name=\"robots\" content=\"index, follow, max-snippet:-1, max-image-preview:large, max-video-preview:-1\" \/>\n<link rel=\"canonical\" href=\"https:\/\/www.repam.net\/es\/kukama-tikuna-maguta\/modulo-1-fundamentos-del-periodismo\/\" \/>\n<meta property=\"og:locale\" content=\"es_ES\" \/>\n<meta property=\"og:type\" content=\"article\" \/>\n<meta property=\"og:title\" content=\"M\u00f3dulo 1: fundamentos del periodismo - REPAM\" \/>\n<meta property=\"og:description\" content=\"El periodismo, como ejercicio de los medios de comunicaci\u00f3n, nos brinda las herramientas necesarias para fomentar el sentido cr\u00edtico de las poblaciones en todo el mundo. Para el caso de la Amazon\u00eda, nos encontramos ante un panorama lleno de realidades que deben ser abordadas por quienes forman parte de los medios de comunicaci\u00f3n en esa [&hellip;]\" \/>\n<meta property=\"og:url\" content=\"https:\/\/www.repam.net\/es\/kukama-tikuna-maguta\/modulo-1-fundamentos-del-periodismo\/\" \/>\n<meta property=\"og:site_name\" content=\"REPAM\" \/>\n<meta property=\"article:modified_time\" content=\"2025-11-06T02:26:40+00:00\" \/>\n<meta property=\"og:image\" content=\"https:\/\/www.repam.net\/es\/wp-content\/uploads\/2025\/10\/Territorio-3.jpg\" \/>\n\t<meta property=\"og:image:width\" content=\"1280\" \/>\n\t<meta property=\"og:image:height\" content=\"853\" \/>\n\t<meta property=\"og:image:type\" content=\"image\/jpeg\" \/>\n<meta name=\"twitter:card\" content=\"summary_large_image\" \/>\n<meta name=\"twitter:label1\" content=\"Tiempo de lectura\" \/>\n\t<meta name=\"twitter:data1\" content=\"3 minutos\" \/>\n<script type=\"application\/ld+json\" class=\"yoast-schema-graph\">{\"@context\":\"https:\\\/\\\/schema.org\",\"@graph\":[{\"@type\":\"WebPage\",\"@id\":\"https:\\\/\\\/www.repam.net\\\/es\\\/kukama-tikuna-maguta\\\/modulo-1-fundamentos-del-periodismo\\\/\",\"url\":\"https:\\\/\\\/www.repam.net\\\/es\\\/kukama-tikuna-maguta\\\/modulo-1-fundamentos-del-periodismo\\\/\",\"name\":\"M\u00f3dulo 1: fundamentos del periodismo - REPAM\",\"isPartOf\":{\"@id\":\"https:\\\/\\\/www.repam.net\\\/es\\\/#website\"},\"primaryImageOfPage\":{\"@id\":\"https:\\\/\\\/www.repam.net\\\/es\\\/kukama-tikuna-maguta\\\/modulo-1-fundamentos-del-periodismo\\\/#primaryimage\"},\"image\":{\"@id\":\"https:\\\/\\\/www.repam.net\\\/es\\\/kukama-tikuna-maguta\\\/modulo-1-fundamentos-del-periodismo\\\/#primaryimage\"},\"thumbnailUrl\":\"https:\\\/\\\/www.repam.net\\\/es\\\/wp-content\\\/uploads\\\/2025\\\/10\\\/Territorio-3.jpg\",\"datePublished\":\"2025-11-04T21:05:54+00:00\",\"dateModified\":\"2025-11-06T02:26:40+00:00\",\"breadcrumb\":{\"@id\":\"https:\\\/\\\/www.repam.net\\\/es\\\/kukama-tikuna-maguta\\\/modulo-1-fundamentos-del-periodismo\\\/#breadcrumb\"},\"inLanguage\":\"es-CO\",\"potentialAction\":[{\"@type\":\"ReadAction\",\"target\":[\"https:\\\/\\\/www.repam.net\\\/es\\\/kukama-tikuna-maguta\\\/modulo-1-fundamentos-del-periodismo\\\/\"]}]},{\"@type\":\"ImageObject\",\"inLanguage\":\"es-CO\",\"@id\":\"https:\\\/\\\/www.repam.net\\\/es\\\/kukama-tikuna-maguta\\\/modulo-1-fundamentos-del-periodismo\\\/#primaryimage\",\"url\":\"https:\\\/\\\/www.repam.net\\\/es\\\/wp-content\\\/uploads\\\/2025\\\/10\\\/Territorio-3.jpg\",\"contentUrl\":\"https:\\\/\\\/www.repam.net\\\/es\\\/wp-content\\\/uploads\\\/2025\\\/10\\\/Territorio-3.jpg\",\"width\":1280,\"height\":853},{\"@type\":\"BreadcrumbList\",\"@id\":\"https:\\\/\\\/www.repam.net\\\/es\\\/kukama-tikuna-maguta\\\/modulo-1-fundamentos-del-periodismo\\\/#breadcrumb\",\"itemListElement\":[{\"@type\":\"ListItem\",\"position\":1,\"name\":\"Inicio\",\"item\":\"https:\\\/\\\/www.repam.net\\\/es\\\/\"},{\"@type\":\"ListItem\",\"position\":2,\"name\":\"Kukama-Tikuna-Mag\u00fcta\",\"item\":\"https:\\\/\\\/www.repam.net\\\/es\\\/kukama-tikuna-maguta\\\/\"},{\"@type\":\"ListItem\",\"position\":3,\"name\":\"M\u00f3dulo 1: fundamentos del periodismo\"}]},{\"@type\":\"WebSite\",\"@id\":\"https:\\\/\\\/www.repam.net\\\/es\\\/#website\",\"url\":\"https:\\\/\\\/www.repam.net\\\/es\\\/\",\"name\":\"REPAM\",\"description\":\"Red Eclesial Panamaz\u00f3nica\",\"publisher\":{\"@id\":\"https:\\\/\\\/www.repam.net\\\/es\\\/#organization\"},\"potentialAction\":[{\"@type\":\"SearchAction\",\"target\":{\"@type\":\"EntryPoint\",\"urlTemplate\":\"https:\\\/\\\/www.repam.net\\\/es\\\/?s={search_term_string}\"},\"query-input\":{\"@type\":\"PropertyValueSpecification\",\"valueRequired\":true,\"valueName\":\"search_term_string\"}}],\"inLanguage\":\"es-CO\"},{\"@type\":\"Organization\",\"@id\":\"https:\\\/\\\/www.repam.net\\\/es\\\/#organization\",\"name\":\"REPAM\",\"url\":\"https:\\\/\\\/www.repam.net\\\/es\\\/\",\"logo\":{\"@type\":\"ImageObject\",\"inLanguage\":\"es-CO\",\"@id\":\"https:\\\/\\\/www.repam.net\\\/es\\\/#\\\/schema\\\/logo\\\/image\\\/\",\"url\":\"https:\\\/\\\/www.repam.net\\\/es\\\/wp-content\\\/uploads\\\/2021\\\/11\\\/cropped-favicon.png\",\"contentUrl\":\"https:\\\/\\\/www.repam.net\\\/es\\\/wp-content\\\/uploads\\\/2021\\\/11\\\/cropped-favicon.png\",\"width\":512,\"height\":512,\"caption\":\"REPAM\"},\"image\":{\"@id\":\"https:\\\/\\\/www.repam.net\\\/es\\\/#\\\/schema\\\/logo\\\/image\\\/\"}}]}<\/script>\n<!-- \/ Yoast SEO plugin. -->","yoast_head_json":{"title":"M\u00f3dulo 1: fundamentos del periodismo - REPAM","robots":{"index":"index","follow":"follow","max-snippet":"max-snippet:-1","max-image-preview":"max-image-preview:large","max-video-preview":"max-video-preview:-1"},"canonical":"https:\/\/www.repam.net\/es\/kukama-tikuna-maguta\/modulo-1-fundamentos-del-periodismo\/","og_locale":"es_ES","og_type":"article","og_title":"M\u00f3dulo 1: fundamentos del periodismo - REPAM","og_description":"El periodismo, como ejercicio de los medios de comunicaci\u00f3n, nos brinda las herramientas necesarias para fomentar el sentido cr\u00edtico de las poblaciones en todo el mundo. Para el caso de la Amazon\u00eda, nos encontramos ante un panorama lleno de realidades que deben ser abordadas por quienes forman parte de los medios de comunicaci\u00f3n en esa [&hellip;]","og_url":"https:\/\/www.repam.net\/es\/kukama-tikuna-maguta\/modulo-1-fundamentos-del-periodismo\/","og_site_name":"REPAM","article_modified_time":"2025-11-06T02:26:40+00:00","og_image":[{"width":1280,"height":853,"url":"https:\/\/www.repam.net\/es\/wp-content\/uploads\/2025\/10\/Territorio-3.jpg","type":"image\/jpeg"}],"twitter_card":"summary_large_image","twitter_misc":{"Tiempo de lectura":"3 minutos"},"schema":{"@context":"https:\/\/schema.org","@graph":[{"@type":"WebPage","@id":"https:\/\/www.repam.net\/es\/kukama-tikuna-maguta\/modulo-1-fundamentos-del-periodismo\/","url":"https:\/\/www.repam.net\/es\/kukama-tikuna-maguta\/modulo-1-fundamentos-del-periodismo\/","name":"M\u00f3dulo 1: fundamentos del periodismo - REPAM","isPartOf":{"@id":"https:\/\/www.repam.net\/es\/#website"},"primaryImageOfPage":{"@id":"https:\/\/www.repam.net\/es\/kukama-tikuna-maguta\/modulo-1-fundamentos-del-periodismo\/#primaryimage"},"image":{"@id":"https:\/\/www.repam.net\/es\/kukama-tikuna-maguta\/modulo-1-fundamentos-del-periodismo\/#primaryimage"},"thumbnailUrl":"https:\/\/www.repam.net\/es\/wp-content\/uploads\/2025\/10\/Territorio-3.jpg","datePublished":"2025-11-04T21:05:54+00:00","dateModified":"2025-11-06T02:26:40+00:00","breadcrumb":{"@id":"https:\/\/www.repam.net\/es\/kukama-tikuna-maguta\/modulo-1-fundamentos-del-periodismo\/#breadcrumb"},"inLanguage":"es-CO","potentialAction":[{"@type":"ReadAction","target":["https:\/\/www.repam.net\/es\/kukama-tikuna-maguta\/modulo-1-fundamentos-del-periodismo\/"]}]},{"@type":"ImageObject","inLanguage":"es-CO","@id":"https:\/\/www.repam.net\/es\/kukama-tikuna-maguta\/modulo-1-fundamentos-del-periodismo\/#primaryimage","url":"https:\/\/www.repam.net\/es\/wp-content\/uploads\/2025\/10\/Territorio-3.jpg","contentUrl":"https:\/\/www.repam.net\/es\/wp-content\/uploads\/2025\/10\/Territorio-3.jpg","width":1280,"height":853},{"@type":"BreadcrumbList","@id":"https:\/\/www.repam.net\/es\/kukama-tikuna-maguta\/modulo-1-fundamentos-del-periodismo\/#breadcrumb","itemListElement":[{"@type":"ListItem","position":1,"name":"Inicio","item":"https:\/\/www.repam.net\/es\/"},{"@type":"ListItem","position":2,"name":"Kukama-Tikuna-Mag\u00fcta","item":"https:\/\/www.repam.net\/es\/kukama-tikuna-maguta\/"},{"@type":"ListItem","position":3,"name":"M\u00f3dulo 1: fundamentos del periodismo"}]},{"@type":"WebSite","@id":"https:\/\/www.repam.net\/es\/#website","url":"https:\/\/www.repam.net\/es\/","name":"REPAM","description":"Red Eclesial Panamaz\u00f3nica","publisher":{"@id":"https:\/\/www.repam.net\/es\/#organization"},"potentialAction":[{"@type":"SearchAction","target":{"@type":"EntryPoint","urlTemplate":"https:\/\/www.repam.net\/es\/?s={search_term_string}"},"query-input":{"@type":"PropertyValueSpecification","valueRequired":true,"valueName":"search_term_string"}}],"inLanguage":"es-CO"},{"@type":"Organization","@id":"https:\/\/www.repam.net\/es\/#organization","name":"REPAM","url":"https:\/\/www.repam.net\/es\/","logo":{"@type":"ImageObject","inLanguage":"es-CO","@id":"https:\/\/www.repam.net\/es\/#\/schema\/logo\/image\/","url":"https:\/\/www.repam.net\/es\/wp-content\/uploads\/2021\/11\/cropped-favicon.png","contentUrl":"https:\/\/www.repam.net\/es\/wp-content\/uploads\/2021\/11\/cropped-favicon.png","width":512,"height":512,"caption":"REPAM"},"image":{"@id":"https:\/\/www.repam.net\/es\/#\/schema\/logo\/image\/"}}]}},"_links":{"self":[{"href":"https:\/\/www.repam.net\/es\/wp-json\/wp\/v2\/pages\/12565","targetHints":{"allow":["GET"]}}],"collection":[{"href":"https:\/\/www.repam.net\/es\/wp-json\/wp\/v2\/pages"}],"about":[{"href":"https:\/\/www.repam.net\/es\/wp-json\/wp\/v2\/types\/page"}],"author":[{"embeddable":true,"href":"https:\/\/www.repam.net\/es\/wp-json\/wp\/v2\/users\/1"}],"replies":[{"embeddable":true,"href":"https:\/\/www.repam.net\/es\/wp-json\/wp\/v2\/comments?post=12565"}],"version-history":[{"count":7,"href":"https:\/\/www.repam.net\/es\/wp-json\/wp\/v2\/pages\/12565\/revisions"}],"predecessor-version":[{"id":12712,"href":"https:\/\/www.repam.net\/es\/wp-json\/wp\/v2\/pages\/12565\/revisions\/12712"}],"up":[{"embeddable":true,"href":"https:\/\/www.repam.net\/es\/wp-json\/wp\/v2\/pages\/12324"}],"wp:attachment":[{"href":"https:\/\/www.repam.net\/es\/wp-json\/wp\/v2\/media?parent=12565"}],"curies":[{"name":"wp","href":"https:\/\/api.w.org\/{rel}","templated":true}]}}