{"id":12576,"date":"2025-11-04T16:35:40","date_gmt":"2025-11-04T21:35:40","guid":{"rendered":"https:\/\/www.repam.net\/es\/?page_id=12576"},"modified":"2025-11-05T21:27:28","modified_gmt":"2025-11-06T02:27:28","slug":"modulo-2-realidad-cultural-y-socioecologica-de-las-comunidades-amazonicas","status":"publish","type":"page","link":"https:\/\/www.repam.net\/es\/kukama-tikuna-maguta\/modulo-2-realidad-cultural-y-socioecologica-de-las-comunidades-amazonicas\/","title":{"rendered":"M\u00f3dulo 2: Realidad cultural y socioecol\u00f3gica de las comunidades amaz\u00f3nicas"},"content":{"rendered":"\n<p>Como habitantes, trabajadores o interesados en la Amazon\u00eda podemos identificar que la situaci\u00f3n social y ambiental de nuestro territorio est\u00e1 marcada por varios factores culturales. Ancestralmente, los pueblos de nuestra Pan-Amazon\u00eda encontraron una armon\u00eda total con el territorio; el respeto de los medios de vida permanec\u00eda dentro del bioma amaz\u00f3nico y el equilibrio necesario para la subsistencia se manten\u00eda. Hoy en d\u00eda, la situaci\u00f3n ha cambiado considerablemente y ante la imposici\u00f3n de una econom\u00eda y un mercado desenfrenados vemos como se rompe este equilibrio y disminuyen las garant\u00edas de vida.<\/p>\n\n\n\n<p>\u00bfCu\u00e1l fue el camino que siguieron las poblaciones amaz\u00f3nicas para trasformar sus acciones a nivel social? \u00bfPor qu\u00e9 es tan dif\u00edcil hablar hoy en d\u00eda del respeto por el equilibrio del ecosistema? \u00bfPodemos revertir la crisis clim\u00e1tica que avanza cada vez m\u00e1s? El presente m\u00f3dulo pretende brindar las herramientas para que, desde la comunicaci\u00f3n, sean los miembros de las propias comunidades amaz\u00f3nicas quienes estructuren los relatos, las historias, los testimonios y las alternativas que nacen desde el seno de la Pan-Amazon\u00eda para enfrentar este oscuro panorama.<\/p>\n\n\n\n<figure class=\"wp-block-gallery has-nested-images columns-default is-cropped wp-block-gallery-1 is-layout-flex wp-block-gallery-is-layout-flex\">\n<figure class=\"wp-block-image size-large\"><img loading=\"lazy\" decoding=\"async\" width=\"1024\" height=\"682\" data-id=\"12541\" src=\"https:\/\/www.repam.net\/es\/wp-content\/uploads\/2025\/10\/Territorio-10-1024x682.jpg\" alt=\"\" class=\"wp-image-12541\" srcset=\"https:\/\/www.repam.net\/es\/wp-content\/uploads\/2025\/10\/Territorio-10-1024x682.jpg 1024w, https:\/\/www.repam.net\/es\/wp-content\/uploads\/2025\/10\/Territorio-10-300x200.jpg 300w, https:\/\/www.repam.net\/es\/wp-content\/uploads\/2025\/10\/Territorio-10-768x512.jpg 768w, https:\/\/www.repam.net\/es\/wp-content\/uploads\/2025\/10\/Territorio-10.jpg 1280w\" sizes=\"auto, (max-width: 1024px) 100vw, 1024px\" \/><\/figure>\n\n\n\n<figure class=\"wp-block-image size-large\"><img loading=\"lazy\" decoding=\"async\" width=\"1024\" height=\"682\" data-id=\"12533\" src=\"https:\/\/www.repam.net\/es\/wp-content\/uploads\/2025\/10\/Territorio-2-1024x682.jpg\" alt=\"\" class=\"wp-image-12533\" srcset=\"https:\/\/www.repam.net\/es\/wp-content\/uploads\/2025\/10\/Territorio-2-1024x682.jpg 1024w, https:\/\/www.repam.net\/es\/wp-content\/uploads\/2025\/10\/Territorio-2-300x200.jpg 300w, https:\/\/www.repam.net\/es\/wp-content\/uploads\/2025\/10\/Territorio-2-768x512.jpg 768w, https:\/\/www.repam.net\/es\/wp-content\/uploads\/2025\/10\/Territorio-2.jpg 1280w\" sizes=\"auto, (max-width: 1024px) 100vw, 1024px\" \/><\/figure>\n\n\n\n<figure class=\"wp-block-image size-large\"><img loading=\"lazy\" decoding=\"async\" width=\"1024\" height=\"682\" data-id=\"12473\" src=\"https:\/\/www.repam.net\/es\/wp-content\/uploads\/2025\/10\/Radio-Ucamara-7-1024x682.jpg\" alt=\"\" class=\"wp-image-12473\" srcset=\"https:\/\/www.repam.net\/es\/wp-content\/uploads\/2025\/10\/Radio-Ucamara-7-1024x682.jpg 1024w, https:\/\/www.repam.net\/es\/wp-content\/uploads\/2025\/10\/Radio-Ucamara-7-300x200.jpg 300w, https:\/\/www.repam.net\/es\/wp-content\/uploads\/2025\/10\/Radio-Ucamara-7-768x512.jpg 768w, https:\/\/www.repam.net\/es\/wp-content\/uploads\/2025\/10\/Radio-Ucamara-7.jpg 1280w\" sizes=\"auto, (max-width: 1024px) 100vw, 1024px\" \/><\/figure>\n\n\n\n<figure class=\"wp-block-image size-large\"><img loading=\"lazy\" decoding=\"async\" width=\"1024\" height=\"682\" data-id=\"12580\" src=\"https:\/\/www.repam.net\/es\/wp-content\/uploads\/2025\/11\/Territorio-14-1024x682.jpg\" alt=\"\" class=\"wp-image-12580\" srcset=\"https:\/\/www.repam.net\/es\/wp-content\/uploads\/2025\/11\/Territorio-14-1024x682.jpg 1024w, https:\/\/www.repam.net\/es\/wp-content\/uploads\/2025\/11\/Territorio-14-300x200.jpg 300w, https:\/\/www.repam.net\/es\/wp-content\/uploads\/2025\/11\/Territorio-14-768x512.jpg 768w, https:\/\/www.repam.net\/es\/wp-content\/uploads\/2025\/11\/Territorio-14.jpg 1280w\" sizes=\"auto, (max-width: 1024px) 100vw, 1024px\" \/><\/figure>\n\n\n\n<figure class=\"wp-block-image size-large\"><img loading=\"lazy\" decoding=\"async\" width=\"1024\" height=\"682\" data-id=\"12578\" src=\"https:\/\/www.repam.net\/es\/wp-content\/uploads\/2025\/11\/Territorio-15-1024x682.jpg\" alt=\"\" class=\"wp-image-12578\" srcset=\"https:\/\/www.repam.net\/es\/wp-content\/uploads\/2025\/11\/Territorio-15-1024x682.jpg 1024w, https:\/\/www.repam.net\/es\/wp-content\/uploads\/2025\/11\/Territorio-15-300x200.jpg 300w, https:\/\/www.repam.net\/es\/wp-content\/uploads\/2025\/11\/Territorio-15-768x512.jpg 768w, https:\/\/www.repam.net\/es\/wp-content\/uploads\/2025\/11\/Territorio-15.jpg 1280w\" sizes=\"auto, (max-width: 1024px) 100vw, 1024px\" \/><\/figure>\n\n\n\n<figure class=\"wp-block-image size-large\"><img loading=\"lazy\" decoding=\"async\" width=\"1024\" height=\"682\" data-id=\"12579\" src=\"https:\/\/www.repam.net\/es\/wp-content\/uploads\/2025\/11\/Territorio-16-1024x682.jpg\" alt=\"\" class=\"wp-image-12579\" srcset=\"https:\/\/www.repam.net\/es\/wp-content\/uploads\/2025\/11\/Territorio-16-1024x682.jpg 1024w, https:\/\/www.repam.net\/es\/wp-content\/uploads\/2025\/11\/Territorio-16-300x200.jpg 300w, https:\/\/www.repam.net\/es\/wp-content\/uploads\/2025\/11\/Territorio-16-768x512.jpg 768w, https:\/\/www.repam.net\/es\/wp-content\/uploads\/2025\/11\/Territorio-16.jpg 1280w\" sizes=\"auto, (max-width: 1024px) 100vw, 1024px\" \/><\/figure>\n<\/figure>\n\n\n\n<p><\/p>\n\n\n\n<figure class=\"wp-block-image size-full is-resized\"><a href=\"https:\/\/www.repam.net\/es\/kukama-tikuna-maguta\/\"><img loading=\"lazy\" decoding=\"async\" width=\"500\" height=\"500\" src=\"https:\/\/www.repam.net\/es\/wp-content\/uploads\/2025\/11\/pngwing.com_.png\" alt=\"\" class=\"wp-image-12698\" style=\"width:80px\" srcset=\"https:\/\/www.repam.net\/es\/wp-content\/uploads\/2025\/11\/pngwing.com_.png 500w, https:\/\/www.repam.net\/es\/wp-content\/uploads\/2025\/11\/pngwing.com_-300x300.png 300w, https:\/\/www.repam.net\/es\/wp-content\/uploads\/2025\/11\/pngwing.com_-150x150.png 150w\" sizes=\"auto, (max-width: 500px) 100vw, 500px\" \/><\/a><\/figure>\n","protected":false},"excerpt":{"rendered":"<p>Como habitantes, trabajadores o interesados en la Amazon\u00eda podemos identificar que la situaci\u00f3n social y ambiental de nuestro territorio est\u00e1 marcada por varios factores culturales. Ancestralmente, los pueblos de nuestra Pan-Amazon\u00eda encontraron una armon\u00eda total con el territorio; el respeto de los medios de vida permanec\u00eda dentro del bioma amaz\u00f3nico y el equilibrio necesario para [&hellip;]<\/p>\n","protected":false},"author":1,"featured_media":0,"parent":12324,"menu_order":0,"comment_status":"closed","ping_status":"closed","template":"page-multipla.php","meta":{"_acf_changed":false,"_uf_show_specific_survey":0,"_uf_disable_surveys":false,"footnotes":""},"class_list":["post-12576","page","type-page","status-publish","hentry"],"acf":[],"aioseo_notices":[],"yoast_head":"<!-- This site is optimized with the Yoast SEO plugin v27.3 - https:\/\/yoast.com\/product\/yoast-seo-wordpress\/ -->\n<title>M\u00f3dulo 2: Realidad cultural y socioecol\u00f3gica de las comunidades amaz\u00f3nicas - REPAM<\/title>\n<meta name=\"robots\" content=\"index, follow, max-snippet:-1, max-image-preview:large, max-video-preview:-1\" \/>\n<link rel=\"canonical\" href=\"https:\/\/www.repam.net\/es\/kukama-tikuna-maguta\/modulo-2-realidad-cultural-y-socioecologica-de-las-comunidades-amazonicas\/\" \/>\n<meta property=\"og:locale\" content=\"es_ES\" \/>\n<meta property=\"og:type\" content=\"article\" \/>\n<meta property=\"og:title\" content=\"M\u00f3dulo 2: Realidad cultural y socioecol\u00f3gica de las comunidades amaz\u00f3nicas - REPAM\" \/>\n<meta property=\"og:description\" content=\"Como habitantes, trabajadores o interesados en la Amazon\u00eda podemos identificar que la situaci\u00f3n social y ambiental de nuestro territorio est\u00e1 marcada por varios factores culturales. Ancestralmente, los pueblos de nuestra Pan-Amazon\u00eda encontraron una armon\u00eda total con el territorio; el respeto de los medios de vida permanec\u00eda dentro del bioma amaz\u00f3nico y el equilibrio necesario para [&hellip;]\" \/>\n<meta property=\"og:url\" content=\"https:\/\/www.repam.net\/es\/kukama-tikuna-maguta\/modulo-2-realidad-cultural-y-socioecologica-de-las-comunidades-amazonicas\/\" \/>\n<meta property=\"og:site_name\" content=\"REPAM\" \/>\n<meta property=\"article:modified_time\" content=\"2025-11-06T02:27:28+00:00\" \/>\n<meta property=\"og:image\" content=\"https:\/\/www.repam.net\/es\/wp-content\/uploads\/2025\/10\/Territorio-10.jpg\" \/>\n\t<meta property=\"og:image:width\" content=\"1280\" \/>\n\t<meta property=\"og:image:height\" content=\"853\" \/>\n\t<meta property=\"og:image:type\" content=\"image\/jpeg\" \/>\n<meta name=\"twitter:card\" content=\"summary_large_image\" \/>\n<meta name=\"twitter:label1\" content=\"Tiempo de lectura\" \/>\n\t<meta name=\"twitter:data1\" content=\"3 minutos\" \/>\n<script type=\"application\/ld+json\" class=\"yoast-schema-graph\">{\"@context\":\"https:\\\/\\\/schema.org\",\"@graph\":[{\"@type\":\"WebPage\",\"@id\":\"https:\\\/\\\/www.repam.net\\\/es\\\/kukama-tikuna-maguta\\\/modulo-2-realidad-cultural-y-socioecologica-de-las-comunidades-amazonicas\\\/\",\"url\":\"https:\\\/\\\/www.repam.net\\\/es\\\/kukama-tikuna-maguta\\\/modulo-2-realidad-cultural-y-socioecologica-de-las-comunidades-amazonicas\\\/\",\"name\":\"M\u00f3dulo 2: Realidad cultural y socioecol\u00f3gica de las comunidades amaz\u00f3nicas - REPAM\",\"isPartOf\":{\"@id\":\"https:\\\/\\\/www.repam.net\\\/es\\\/#website\"},\"primaryImageOfPage\":{\"@id\":\"https:\\\/\\\/www.repam.net\\\/es\\\/kukama-tikuna-maguta\\\/modulo-2-realidad-cultural-y-socioecologica-de-las-comunidades-amazonicas\\\/#primaryimage\"},\"image\":{\"@id\":\"https:\\\/\\\/www.repam.net\\\/es\\\/kukama-tikuna-maguta\\\/modulo-2-realidad-cultural-y-socioecologica-de-las-comunidades-amazonicas\\\/#primaryimage\"},\"thumbnailUrl\":\"https:\\\/\\\/www.repam.net\\\/es\\\/wp-content\\\/uploads\\\/2025\\\/10\\\/Territorio-10-1024x682.jpg\",\"datePublished\":\"2025-11-04T21:35:40+00:00\",\"dateModified\":\"2025-11-06T02:27:28+00:00\",\"breadcrumb\":{\"@id\":\"https:\\\/\\\/www.repam.net\\\/es\\\/kukama-tikuna-maguta\\\/modulo-2-realidad-cultural-y-socioecologica-de-las-comunidades-amazonicas\\\/#breadcrumb\"},\"inLanguage\":\"es-CO\",\"potentialAction\":[{\"@type\":\"ReadAction\",\"target\":[\"https:\\\/\\\/www.repam.net\\\/es\\\/kukama-tikuna-maguta\\\/modulo-2-realidad-cultural-y-socioecologica-de-las-comunidades-amazonicas\\\/\"]}]},{\"@type\":\"ImageObject\",\"inLanguage\":\"es-CO\",\"@id\":\"https:\\\/\\\/www.repam.net\\\/es\\\/kukama-tikuna-maguta\\\/modulo-2-realidad-cultural-y-socioecologica-de-las-comunidades-amazonicas\\\/#primaryimage\",\"url\":\"https:\\\/\\\/www.repam.net\\\/es\\\/wp-content\\\/uploads\\\/2025\\\/10\\\/Territorio-10.jpg\",\"contentUrl\":\"https:\\\/\\\/www.repam.net\\\/es\\\/wp-content\\\/uploads\\\/2025\\\/10\\\/Territorio-10.jpg\",\"width\":1280,\"height\":853},{\"@type\":\"BreadcrumbList\",\"@id\":\"https:\\\/\\\/www.repam.net\\\/es\\\/kukama-tikuna-maguta\\\/modulo-2-realidad-cultural-y-socioecologica-de-las-comunidades-amazonicas\\\/#breadcrumb\",\"itemListElement\":[{\"@type\":\"ListItem\",\"position\":1,\"name\":\"Inicio\",\"item\":\"https:\\\/\\\/www.repam.net\\\/es\\\/\"},{\"@type\":\"ListItem\",\"position\":2,\"name\":\"Kukama-Tikuna-Mag\u00fcta\",\"item\":\"https:\\\/\\\/www.repam.net\\\/es\\\/kukama-tikuna-maguta\\\/\"},{\"@type\":\"ListItem\",\"position\":3,\"name\":\"M\u00f3dulo 2: Realidad cultural y socioecol\u00f3gica de las comunidades amaz\u00f3nicas\"}]},{\"@type\":\"WebSite\",\"@id\":\"https:\\\/\\\/www.repam.net\\\/es\\\/#website\",\"url\":\"https:\\\/\\\/www.repam.net\\\/es\\\/\",\"name\":\"REPAM\",\"description\":\"Red Eclesial Panamaz\u00f3nica\",\"publisher\":{\"@id\":\"https:\\\/\\\/www.repam.net\\\/es\\\/#organization\"},\"potentialAction\":[{\"@type\":\"SearchAction\",\"target\":{\"@type\":\"EntryPoint\",\"urlTemplate\":\"https:\\\/\\\/www.repam.net\\\/es\\\/?s={search_term_string}\"},\"query-input\":{\"@type\":\"PropertyValueSpecification\",\"valueRequired\":true,\"valueName\":\"search_term_string\"}}],\"inLanguage\":\"es-CO\"},{\"@type\":\"Organization\",\"@id\":\"https:\\\/\\\/www.repam.net\\\/es\\\/#organization\",\"name\":\"REPAM\",\"url\":\"https:\\\/\\\/www.repam.net\\\/es\\\/\",\"logo\":{\"@type\":\"ImageObject\",\"inLanguage\":\"es-CO\",\"@id\":\"https:\\\/\\\/www.repam.net\\\/es\\\/#\\\/schema\\\/logo\\\/image\\\/\",\"url\":\"https:\\\/\\\/www.repam.net\\\/es\\\/wp-content\\\/uploads\\\/2021\\\/11\\\/cropped-favicon.png\",\"contentUrl\":\"https:\\\/\\\/www.repam.net\\\/es\\\/wp-content\\\/uploads\\\/2021\\\/11\\\/cropped-favicon.png\",\"width\":512,\"height\":512,\"caption\":\"REPAM\"},\"image\":{\"@id\":\"https:\\\/\\\/www.repam.net\\\/es\\\/#\\\/schema\\\/logo\\\/image\\\/\"}}]}<\/script>\n<!-- \/ Yoast SEO plugin. -->","yoast_head_json":{"title":"M\u00f3dulo 2: Realidad cultural y socioecol\u00f3gica de las comunidades amaz\u00f3nicas - REPAM","robots":{"index":"index","follow":"follow","max-snippet":"max-snippet:-1","max-image-preview":"max-image-preview:large","max-video-preview":"max-video-preview:-1"},"canonical":"https:\/\/www.repam.net\/es\/kukama-tikuna-maguta\/modulo-2-realidad-cultural-y-socioecologica-de-las-comunidades-amazonicas\/","og_locale":"es_ES","og_type":"article","og_title":"M\u00f3dulo 2: Realidad cultural y socioecol\u00f3gica de las comunidades amaz\u00f3nicas - REPAM","og_description":"Como habitantes, trabajadores o interesados en la Amazon\u00eda podemos identificar que la situaci\u00f3n social y ambiental de nuestro territorio est\u00e1 marcada por varios factores culturales. Ancestralmente, los pueblos de nuestra Pan-Amazon\u00eda encontraron una armon\u00eda total con el territorio; el respeto de los medios de vida permanec\u00eda dentro del bioma amaz\u00f3nico y el equilibrio necesario para [&hellip;]","og_url":"https:\/\/www.repam.net\/es\/kukama-tikuna-maguta\/modulo-2-realidad-cultural-y-socioecologica-de-las-comunidades-amazonicas\/","og_site_name":"REPAM","article_modified_time":"2025-11-06T02:27:28+00:00","og_image":[{"width":1280,"height":853,"url":"https:\/\/www.repam.net\/es\/wp-content\/uploads\/2025\/10\/Territorio-10.jpg","type":"image\/jpeg"}],"twitter_card":"summary_large_image","twitter_misc":{"Tiempo de lectura":"3 minutos"},"schema":{"@context":"https:\/\/schema.org","@graph":[{"@type":"WebPage","@id":"https:\/\/www.repam.net\/es\/kukama-tikuna-maguta\/modulo-2-realidad-cultural-y-socioecologica-de-las-comunidades-amazonicas\/","url":"https:\/\/www.repam.net\/es\/kukama-tikuna-maguta\/modulo-2-realidad-cultural-y-socioecologica-de-las-comunidades-amazonicas\/","name":"M\u00f3dulo 2: Realidad cultural y socioecol\u00f3gica de las comunidades amaz\u00f3nicas - REPAM","isPartOf":{"@id":"https:\/\/www.repam.net\/es\/#website"},"primaryImageOfPage":{"@id":"https:\/\/www.repam.net\/es\/kukama-tikuna-maguta\/modulo-2-realidad-cultural-y-socioecologica-de-las-comunidades-amazonicas\/#primaryimage"},"image":{"@id":"https:\/\/www.repam.net\/es\/kukama-tikuna-maguta\/modulo-2-realidad-cultural-y-socioecologica-de-las-comunidades-amazonicas\/#primaryimage"},"thumbnailUrl":"https:\/\/www.repam.net\/es\/wp-content\/uploads\/2025\/10\/Territorio-10-1024x682.jpg","datePublished":"2025-11-04T21:35:40+00:00","dateModified":"2025-11-06T02:27:28+00:00","breadcrumb":{"@id":"https:\/\/www.repam.net\/es\/kukama-tikuna-maguta\/modulo-2-realidad-cultural-y-socioecologica-de-las-comunidades-amazonicas\/#breadcrumb"},"inLanguage":"es-CO","potentialAction":[{"@type":"ReadAction","target":["https:\/\/www.repam.net\/es\/kukama-tikuna-maguta\/modulo-2-realidad-cultural-y-socioecologica-de-las-comunidades-amazonicas\/"]}]},{"@type":"ImageObject","inLanguage":"es-CO","@id":"https:\/\/www.repam.net\/es\/kukama-tikuna-maguta\/modulo-2-realidad-cultural-y-socioecologica-de-las-comunidades-amazonicas\/#primaryimage","url":"https:\/\/www.repam.net\/es\/wp-content\/uploads\/2025\/10\/Territorio-10.jpg","contentUrl":"https:\/\/www.repam.net\/es\/wp-content\/uploads\/2025\/10\/Territorio-10.jpg","width":1280,"height":853},{"@type":"BreadcrumbList","@id":"https:\/\/www.repam.net\/es\/kukama-tikuna-maguta\/modulo-2-realidad-cultural-y-socioecologica-de-las-comunidades-amazonicas\/#breadcrumb","itemListElement":[{"@type":"ListItem","position":1,"name":"Inicio","item":"https:\/\/www.repam.net\/es\/"},{"@type":"ListItem","position":2,"name":"Kukama-Tikuna-Mag\u00fcta","item":"https:\/\/www.repam.net\/es\/kukama-tikuna-maguta\/"},{"@type":"ListItem","position":3,"name":"M\u00f3dulo 2: Realidad cultural y socioecol\u00f3gica de las comunidades amaz\u00f3nicas"}]},{"@type":"WebSite","@id":"https:\/\/www.repam.net\/es\/#website","url":"https:\/\/www.repam.net\/es\/","name":"REPAM","description":"Red Eclesial Panamaz\u00f3nica","publisher":{"@id":"https:\/\/www.repam.net\/es\/#organization"},"potentialAction":[{"@type":"SearchAction","target":{"@type":"EntryPoint","urlTemplate":"https:\/\/www.repam.net\/es\/?s={search_term_string}"},"query-input":{"@type":"PropertyValueSpecification","valueRequired":true,"valueName":"search_term_string"}}],"inLanguage":"es-CO"},{"@type":"Organization","@id":"https:\/\/www.repam.net\/es\/#organization","name":"REPAM","url":"https:\/\/www.repam.net\/es\/","logo":{"@type":"ImageObject","inLanguage":"es-CO","@id":"https:\/\/www.repam.net\/es\/#\/schema\/logo\/image\/","url":"https:\/\/www.repam.net\/es\/wp-content\/uploads\/2021\/11\/cropped-favicon.png","contentUrl":"https:\/\/www.repam.net\/es\/wp-content\/uploads\/2021\/11\/cropped-favicon.png","width":512,"height":512,"caption":"REPAM"},"image":{"@id":"https:\/\/www.repam.net\/es\/#\/schema\/logo\/image\/"}}]}},"_links":{"self":[{"href":"https:\/\/www.repam.net\/es\/wp-json\/wp\/v2\/pages\/12576","targetHints":{"allow":["GET"]}}],"collection":[{"href":"https:\/\/www.repam.net\/es\/wp-json\/wp\/v2\/pages"}],"about":[{"href":"https:\/\/www.repam.net\/es\/wp-json\/wp\/v2\/types\/page"}],"author":[{"embeddable":true,"href":"https:\/\/www.repam.net\/es\/wp-json\/wp\/v2\/users\/1"}],"replies":[{"embeddable":true,"href":"https:\/\/www.repam.net\/es\/wp-json\/wp\/v2\/comments?post=12576"}],"version-history":[{"count":5,"href":"https:\/\/www.repam.net\/es\/wp-json\/wp\/v2\/pages\/12576\/revisions"}],"predecessor-version":[{"id":12713,"href":"https:\/\/www.repam.net\/es\/wp-json\/wp\/v2\/pages\/12576\/revisions\/12713"}],"up":[{"embeddable":true,"href":"https:\/\/www.repam.net\/es\/wp-json\/wp\/v2\/pages\/12324"}],"wp:attachment":[{"href":"https:\/\/www.repam.net\/es\/wp-json\/wp\/v2\/media?parent=12576"}],"curies":[{"name":"wp","href":"https:\/\/api.w.org\/{rel}","templated":true}]}}