{"id":12584,"date":"2025-11-04T16:45:24","date_gmt":"2025-11-04T21:45:24","guid":{"rendered":"https:\/\/www.repam.net\/es\/?page_id=12584"},"modified":"2025-11-05T21:28:11","modified_gmt":"2025-11-06T02:28:11","slug":"modulo-3-memoria-historica-y-cosmovision","status":"publish","type":"page","link":"https:\/\/www.repam.net\/es\/kukama-tikuna-maguta\/modulo-3-memoria-historica-y-cosmovision\/","title":{"rendered":"M\u00f3dulo 3: memoria hist\u00f3rica y cosmovisi\u00f3n"},"content":{"rendered":"\n<p>La ancestralidad que caracteriza a cada una de las poblaciones originarias de la Pan-Amazon\u00eda es algo que llama la atenci\u00f3n y resalta ante los ojos del planeta. Lo que muchos no saben es que, cada una de las partes que componen la memoria hist\u00f3rica de los pueblos de nuestra inmensa selva tienen una fuerte influencia sobre los modelos de socializaci\u00f3n. Hemos mencionado, a lo largo de este manual de capacitaci\u00f3n, los detalles que relacionan la cosmovisi\u00f3n ind\u00edgena con la armon\u00eda y el respeto territorial. Nos hemos referido a la memoria y cosmovisi\u00f3n que guardan nuestras comunidades, como mecanismos de protecci\u00f3n ambiental y garant\u00edas para la preservaci\u00f3n de la vida.<\/p>\n\n\n\n<p>Pero, \u00bfcu\u00e1l es la situaci\u00f3n actual de la memoria hist\u00f3rica y de la identidad cultural dentro de los pueblos y comunidades amaz\u00f3nicas? \u00bfla cosmovisi\u00f3n tiene la misma fuerza dentro de los habitantes de la Pan-Amazon\u00eda, como hace un par de d\u00e9cadas? Pues dar respuesta a estas preguntas nos ponen en un escenario poco alentador; la apropiaci\u00f3n de modelos de vida occidentales dentro de la Amazon\u00eda ha generado un escenario de olvido por lo propio y la modificaci\u00f3n total de pr\u00e1cticas ancestrales. Eso s\u00ed, no podemos desconocer que existen casos donde la resistencia a nuevas pr\u00e1cticas ha permitido que se conserve el car\u00e1cter ancestral. El papel de la comunicaci\u00f3n, creada desde las comunidades amaz\u00f3nicas debe estar dirigido a la reivindicaci\u00f3n de la cosmovisi\u00f3n y la identidad cultural de los pueblos que habitan nuestra inmensa selva; as\u00ed, construimos un camino que nos lleve a rescatar parte importante de la ancestralidad y que construya alternativas que nos permitan salvaguardar los medios de vida de la Pan-Amazon\u00eda.<\/p>\n\n\n\n<figure class=\"wp-block-gallery has-nested-images columns-default is-cropped wp-block-gallery-1 is-layout-flex wp-block-gallery-is-layout-flex\">\n<figure class=\"wp-block-image size-large\"><img loading=\"lazy\" decoding=\"async\" width=\"1024\" height=\"682\" data-id=\"12539\" src=\"https:\/\/www.repam.net\/es\/wp-content\/uploads\/2025\/10\/Territorio-8-1024x682.jpg\" alt=\"\" class=\"wp-image-12539\" srcset=\"https:\/\/www.repam.net\/es\/wp-content\/uploads\/2025\/10\/Territorio-8-1024x682.jpg 1024w, https:\/\/www.repam.net\/es\/wp-content\/uploads\/2025\/10\/Territorio-8-300x200.jpg 300w, https:\/\/www.repam.net\/es\/wp-content\/uploads\/2025\/10\/Territorio-8-768x512.jpg 768w, https:\/\/www.repam.net\/es\/wp-content\/uploads\/2025\/10\/Territorio-8.jpg 1280w\" sizes=\"auto, (max-width: 1024px) 100vw, 1024px\" \/><\/figure>\n\n\n\n<figure class=\"wp-block-image size-large\"><img loading=\"lazy\" decoding=\"async\" width=\"853\" height=\"853\" data-id=\"12521\" src=\"https:\/\/www.repam.net\/es\/wp-content\/uploads\/2025\/10\/Nazareth-edited-1.jpg\" alt=\"\" class=\"wp-image-12521\" srcset=\"https:\/\/www.repam.net\/es\/wp-content\/uploads\/2025\/10\/Nazareth-edited-1.jpg 853w, https:\/\/www.repam.net\/es\/wp-content\/uploads\/2025\/10\/Nazareth-edited-1-300x300.jpg 300w, https:\/\/www.repam.net\/es\/wp-content\/uploads\/2025\/10\/Nazareth-edited-1-150x150.jpg 150w, https:\/\/www.repam.net\/es\/wp-content\/uploads\/2025\/10\/Nazareth-edited-1-768x768.jpg 768w\" sizes=\"auto, (max-width: 853px) 100vw, 853px\" \/><\/figure>\n\n\n\n<figure class=\"wp-block-image size-large\"><img loading=\"lazy\" decoding=\"async\" width=\"960\" height=\"960\" data-id=\"12488\" src=\"https:\/\/www.repam.net\/es\/wp-content\/uploads\/2025\/10\/Radio-Eware-8-1-edited.jpg\" alt=\"\" class=\"wp-image-12488\" srcset=\"https:\/\/www.repam.net\/es\/wp-content\/uploads\/2025\/10\/Radio-Eware-8-1-edited.jpg 960w, https:\/\/www.repam.net\/es\/wp-content\/uploads\/2025\/10\/Radio-Eware-8-1-edited-300x300.jpg 300w, https:\/\/www.repam.net\/es\/wp-content\/uploads\/2025\/10\/Radio-Eware-8-1-edited-150x150.jpg 150w, https:\/\/www.repam.net\/es\/wp-content\/uploads\/2025\/10\/Radio-Eware-8-1-edited-768x768.jpg 768w\" sizes=\"auto, (max-width: 960px) 100vw, 960px\" \/><\/figure>\n\n\n\n<figure class=\"wp-block-image size-large\"><img loading=\"lazy\" decoding=\"async\" width=\"1024\" height=\"682\" data-id=\"12470\" src=\"https:\/\/www.repam.net\/es\/wp-content\/uploads\/2025\/10\/Radio-Ucamara-4-1024x682.jpg\" alt=\"\" class=\"wp-image-12470\" srcset=\"https:\/\/www.repam.net\/es\/wp-content\/uploads\/2025\/10\/Radio-Ucamara-4-1024x682.jpg 1024w, https:\/\/www.repam.net\/es\/wp-content\/uploads\/2025\/10\/Radio-Ucamara-4-300x200.jpg 300w, https:\/\/www.repam.net\/es\/wp-content\/uploads\/2025\/10\/Radio-Ucamara-4-768x512.jpg 768w, https:\/\/www.repam.net\/es\/wp-content\/uploads\/2025\/10\/Radio-Ucamara-4.jpg 1280w\" sizes=\"auto, (max-width: 1024px) 100vw, 1024px\" \/><\/figure>\n\n\n\n<figure class=\"wp-block-image size-large\"><img loading=\"lazy\" decoding=\"async\" width=\"1024\" height=\"682\" data-id=\"12543\" src=\"https:\/\/www.repam.net\/es\/wp-content\/uploads\/2025\/10\/Territorio-12-1024x682.jpg\" alt=\"\" class=\"wp-image-12543\" srcset=\"https:\/\/www.repam.net\/es\/wp-content\/uploads\/2025\/10\/Territorio-12-1024x682.jpg 1024w, https:\/\/www.repam.net\/es\/wp-content\/uploads\/2025\/10\/Territorio-12-300x200.jpg 300w, https:\/\/www.repam.net\/es\/wp-content\/uploads\/2025\/10\/Territorio-12-768x512.jpg 768w, https:\/\/www.repam.net\/es\/wp-content\/uploads\/2025\/10\/Territorio-12.jpg 1280w\" sizes=\"auto, (max-width: 1024px) 100vw, 1024px\" \/><\/figure>\n\n\n\n<figure class=\"wp-block-image size-large\"><img loading=\"lazy\" decoding=\"async\" width=\"1024\" height=\"682\" data-id=\"12585\" src=\"https:\/\/www.repam.net\/es\/wp-content\/uploads\/2025\/11\/Territorio-17-1024x682.jpg\" alt=\"\" class=\"wp-image-12585\" srcset=\"https:\/\/www.repam.net\/es\/wp-content\/uploads\/2025\/11\/Territorio-17-1024x682.jpg 1024w, https:\/\/www.repam.net\/es\/wp-content\/uploads\/2025\/11\/Territorio-17-300x200.jpg 300w, https:\/\/www.repam.net\/es\/wp-content\/uploads\/2025\/11\/Territorio-17-768x512.jpg 768w, https:\/\/www.repam.net\/es\/wp-content\/uploads\/2025\/11\/Territorio-17.jpg 1280w\" sizes=\"auto, (max-width: 1024px) 100vw, 1024px\" \/><\/figure>\n<\/figure>\n\n\n\n<p><\/p>\n\n\n\n<figure class=\"wp-block-image size-full is-resized\"><a href=\"https:\/\/www.repam.net\/es\/kukama-tikuna-maguta\/\"><img loading=\"lazy\" decoding=\"async\" width=\"500\" height=\"500\" src=\"https:\/\/www.repam.net\/es\/wp-content\/uploads\/2025\/11\/pngwing.com_.png\" alt=\"\" class=\"wp-image-12698\" style=\"width:80px\" srcset=\"https:\/\/www.repam.net\/es\/wp-content\/uploads\/2025\/11\/pngwing.com_.png 500w, https:\/\/www.repam.net\/es\/wp-content\/uploads\/2025\/11\/pngwing.com_-300x300.png 300w, https:\/\/www.repam.net\/es\/wp-content\/uploads\/2025\/11\/pngwing.com_-150x150.png 150w\" sizes=\"auto, (max-width: 500px) 100vw, 500px\" \/><\/a><\/figure>\n","protected":false},"excerpt":{"rendered":"<p>La ancestralidad que caracteriza a cada una de las poblaciones originarias de la Pan-Amazon\u00eda es algo que llama la atenci\u00f3n y resalta ante los ojos del planeta. Lo que muchos no saben es que, cada una de las partes que componen la memoria hist\u00f3rica de los pueblos de nuestra inmensa selva tienen una fuerte influencia [&hellip;]<\/p>\n","protected":false},"author":1,"featured_media":0,"parent":12324,"menu_order":0,"comment_status":"closed","ping_status":"closed","template":"page-multipla.php","meta":{"_acf_changed":false,"_uf_show_specific_survey":0,"_uf_disable_surveys":false,"footnotes":""},"class_list":["post-12584","page","type-page","status-publish","hentry"],"acf":[],"aioseo_notices":[],"yoast_head":"<!-- This site is optimized with the Yoast SEO plugin v27.3 - https:\/\/yoast.com\/product\/yoast-seo-wordpress\/ -->\n<title>M\u00f3dulo 3: memoria hist\u00f3rica y cosmovisi\u00f3n - REPAM<\/title>\n<meta name=\"robots\" content=\"index, follow, max-snippet:-1, max-image-preview:large, max-video-preview:-1\" \/>\n<link rel=\"canonical\" href=\"https:\/\/www.repam.net\/es\/kukama-tikuna-maguta\/modulo-3-memoria-historica-y-cosmovision\/\" \/>\n<meta property=\"og:locale\" content=\"es_ES\" \/>\n<meta property=\"og:type\" content=\"article\" \/>\n<meta property=\"og:title\" content=\"M\u00f3dulo 3: memoria hist\u00f3rica y cosmovisi\u00f3n - REPAM\" \/>\n<meta property=\"og:description\" content=\"La ancestralidad que caracteriza a cada una de las poblaciones originarias de la Pan-Amazon\u00eda es algo que llama la atenci\u00f3n y resalta ante los ojos del planeta. Lo que muchos no saben es que, cada una de las partes que componen la memoria hist\u00f3rica de los pueblos de nuestra inmensa selva tienen una fuerte influencia [&hellip;]\" \/>\n<meta property=\"og:url\" content=\"https:\/\/www.repam.net\/es\/kukama-tikuna-maguta\/modulo-3-memoria-historica-y-cosmovision\/\" \/>\n<meta property=\"og:site_name\" content=\"REPAM\" \/>\n<meta property=\"article:modified_time\" content=\"2025-11-06T02:28:11+00:00\" \/>\n<meta property=\"og:image\" content=\"https:\/\/www.repam.net\/es\/wp-content\/uploads\/2025\/10\/Territorio-8.jpg\" \/>\n\t<meta property=\"og:image:width\" content=\"1280\" \/>\n\t<meta property=\"og:image:height\" content=\"853\" \/>\n\t<meta property=\"og:image:type\" content=\"image\/jpeg\" \/>\n<meta name=\"twitter:card\" content=\"summary_large_image\" \/>\n<meta name=\"twitter:label1\" content=\"Tiempo de lectura\" \/>\n\t<meta name=\"twitter:data1\" content=\"3 minutos\" \/>\n<script type=\"application\/ld+json\" class=\"yoast-schema-graph\">{\"@context\":\"https:\\\/\\\/schema.org\",\"@graph\":[{\"@type\":\"WebPage\",\"@id\":\"https:\\\/\\\/www.repam.net\\\/es\\\/kukama-tikuna-maguta\\\/modulo-3-memoria-historica-y-cosmovision\\\/\",\"url\":\"https:\\\/\\\/www.repam.net\\\/es\\\/kukama-tikuna-maguta\\\/modulo-3-memoria-historica-y-cosmovision\\\/\",\"name\":\"M\u00f3dulo 3: memoria hist\u00f3rica y cosmovisi\u00f3n - REPAM\",\"isPartOf\":{\"@id\":\"https:\\\/\\\/www.repam.net\\\/es\\\/#website\"},\"primaryImageOfPage\":{\"@id\":\"https:\\\/\\\/www.repam.net\\\/es\\\/kukama-tikuna-maguta\\\/modulo-3-memoria-historica-y-cosmovision\\\/#primaryimage\"},\"image\":{\"@id\":\"https:\\\/\\\/www.repam.net\\\/es\\\/kukama-tikuna-maguta\\\/modulo-3-memoria-historica-y-cosmovision\\\/#primaryimage\"},\"thumbnailUrl\":\"https:\\\/\\\/www.repam.net\\\/es\\\/wp-content\\\/uploads\\\/2025\\\/10\\\/Territorio-8-1024x682.jpg\",\"datePublished\":\"2025-11-04T21:45:24+00:00\",\"dateModified\":\"2025-11-06T02:28:11+00:00\",\"breadcrumb\":{\"@id\":\"https:\\\/\\\/www.repam.net\\\/es\\\/kukama-tikuna-maguta\\\/modulo-3-memoria-historica-y-cosmovision\\\/#breadcrumb\"},\"inLanguage\":\"es-CO\",\"potentialAction\":[{\"@type\":\"ReadAction\",\"target\":[\"https:\\\/\\\/www.repam.net\\\/es\\\/kukama-tikuna-maguta\\\/modulo-3-memoria-historica-y-cosmovision\\\/\"]}]},{\"@type\":\"ImageObject\",\"inLanguage\":\"es-CO\",\"@id\":\"https:\\\/\\\/www.repam.net\\\/es\\\/kukama-tikuna-maguta\\\/modulo-3-memoria-historica-y-cosmovision\\\/#primaryimage\",\"url\":\"https:\\\/\\\/www.repam.net\\\/es\\\/wp-content\\\/uploads\\\/2025\\\/10\\\/Territorio-8.jpg\",\"contentUrl\":\"https:\\\/\\\/www.repam.net\\\/es\\\/wp-content\\\/uploads\\\/2025\\\/10\\\/Territorio-8.jpg\",\"width\":1280,\"height\":853},{\"@type\":\"BreadcrumbList\",\"@id\":\"https:\\\/\\\/www.repam.net\\\/es\\\/kukama-tikuna-maguta\\\/modulo-3-memoria-historica-y-cosmovision\\\/#breadcrumb\",\"itemListElement\":[{\"@type\":\"ListItem\",\"position\":1,\"name\":\"Inicio\",\"item\":\"https:\\\/\\\/www.repam.net\\\/es\\\/\"},{\"@type\":\"ListItem\",\"position\":2,\"name\":\"Kukama-Tikuna-Mag\u00fcta\",\"item\":\"https:\\\/\\\/www.repam.net\\\/es\\\/kukama-tikuna-maguta\\\/\"},{\"@type\":\"ListItem\",\"position\":3,\"name\":\"M\u00f3dulo 3: memoria hist\u00f3rica y cosmovisi\u00f3n\"}]},{\"@type\":\"WebSite\",\"@id\":\"https:\\\/\\\/www.repam.net\\\/es\\\/#website\",\"url\":\"https:\\\/\\\/www.repam.net\\\/es\\\/\",\"name\":\"REPAM\",\"description\":\"Red Eclesial Panamaz\u00f3nica\",\"publisher\":{\"@id\":\"https:\\\/\\\/www.repam.net\\\/es\\\/#organization\"},\"potentialAction\":[{\"@type\":\"SearchAction\",\"target\":{\"@type\":\"EntryPoint\",\"urlTemplate\":\"https:\\\/\\\/www.repam.net\\\/es\\\/?s={search_term_string}\"},\"query-input\":{\"@type\":\"PropertyValueSpecification\",\"valueRequired\":true,\"valueName\":\"search_term_string\"}}],\"inLanguage\":\"es-CO\"},{\"@type\":\"Organization\",\"@id\":\"https:\\\/\\\/www.repam.net\\\/es\\\/#organization\",\"name\":\"REPAM\",\"url\":\"https:\\\/\\\/www.repam.net\\\/es\\\/\",\"logo\":{\"@type\":\"ImageObject\",\"inLanguage\":\"es-CO\",\"@id\":\"https:\\\/\\\/www.repam.net\\\/es\\\/#\\\/schema\\\/logo\\\/image\\\/\",\"url\":\"https:\\\/\\\/www.repam.net\\\/es\\\/wp-content\\\/uploads\\\/2021\\\/11\\\/cropped-favicon.png\",\"contentUrl\":\"https:\\\/\\\/www.repam.net\\\/es\\\/wp-content\\\/uploads\\\/2021\\\/11\\\/cropped-favicon.png\",\"width\":512,\"height\":512,\"caption\":\"REPAM\"},\"image\":{\"@id\":\"https:\\\/\\\/www.repam.net\\\/es\\\/#\\\/schema\\\/logo\\\/image\\\/\"}}]}<\/script>\n<!-- \/ Yoast SEO plugin. -->","yoast_head_json":{"title":"M\u00f3dulo 3: memoria hist\u00f3rica y cosmovisi\u00f3n - REPAM","robots":{"index":"index","follow":"follow","max-snippet":"max-snippet:-1","max-image-preview":"max-image-preview:large","max-video-preview":"max-video-preview:-1"},"canonical":"https:\/\/www.repam.net\/es\/kukama-tikuna-maguta\/modulo-3-memoria-historica-y-cosmovision\/","og_locale":"es_ES","og_type":"article","og_title":"M\u00f3dulo 3: memoria hist\u00f3rica y cosmovisi\u00f3n - REPAM","og_description":"La ancestralidad que caracteriza a cada una de las poblaciones originarias de la Pan-Amazon\u00eda es algo que llama la atenci\u00f3n y resalta ante los ojos del planeta. Lo que muchos no saben es que, cada una de las partes que componen la memoria hist\u00f3rica de los pueblos de nuestra inmensa selva tienen una fuerte influencia [&hellip;]","og_url":"https:\/\/www.repam.net\/es\/kukama-tikuna-maguta\/modulo-3-memoria-historica-y-cosmovision\/","og_site_name":"REPAM","article_modified_time":"2025-11-06T02:28:11+00:00","og_image":[{"width":1280,"height":853,"url":"https:\/\/www.repam.net\/es\/wp-content\/uploads\/2025\/10\/Territorio-8.jpg","type":"image\/jpeg"}],"twitter_card":"summary_large_image","twitter_misc":{"Tiempo de lectura":"3 minutos"},"schema":{"@context":"https:\/\/schema.org","@graph":[{"@type":"WebPage","@id":"https:\/\/www.repam.net\/es\/kukama-tikuna-maguta\/modulo-3-memoria-historica-y-cosmovision\/","url":"https:\/\/www.repam.net\/es\/kukama-tikuna-maguta\/modulo-3-memoria-historica-y-cosmovision\/","name":"M\u00f3dulo 3: memoria hist\u00f3rica y cosmovisi\u00f3n - REPAM","isPartOf":{"@id":"https:\/\/www.repam.net\/es\/#website"},"primaryImageOfPage":{"@id":"https:\/\/www.repam.net\/es\/kukama-tikuna-maguta\/modulo-3-memoria-historica-y-cosmovision\/#primaryimage"},"image":{"@id":"https:\/\/www.repam.net\/es\/kukama-tikuna-maguta\/modulo-3-memoria-historica-y-cosmovision\/#primaryimage"},"thumbnailUrl":"https:\/\/www.repam.net\/es\/wp-content\/uploads\/2025\/10\/Territorio-8-1024x682.jpg","datePublished":"2025-11-04T21:45:24+00:00","dateModified":"2025-11-06T02:28:11+00:00","breadcrumb":{"@id":"https:\/\/www.repam.net\/es\/kukama-tikuna-maguta\/modulo-3-memoria-historica-y-cosmovision\/#breadcrumb"},"inLanguage":"es-CO","potentialAction":[{"@type":"ReadAction","target":["https:\/\/www.repam.net\/es\/kukama-tikuna-maguta\/modulo-3-memoria-historica-y-cosmovision\/"]}]},{"@type":"ImageObject","inLanguage":"es-CO","@id":"https:\/\/www.repam.net\/es\/kukama-tikuna-maguta\/modulo-3-memoria-historica-y-cosmovision\/#primaryimage","url":"https:\/\/www.repam.net\/es\/wp-content\/uploads\/2025\/10\/Territorio-8.jpg","contentUrl":"https:\/\/www.repam.net\/es\/wp-content\/uploads\/2025\/10\/Territorio-8.jpg","width":1280,"height":853},{"@type":"BreadcrumbList","@id":"https:\/\/www.repam.net\/es\/kukama-tikuna-maguta\/modulo-3-memoria-historica-y-cosmovision\/#breadcrumb","itemListElement":[{"@type":"ListItem","position":1,"name":"Inicio","item":"https:\/\/www.repam.net\/es\/"},{"@type":"ListItem","position":2,"name":"Kukama-Tikuna-Mag\u00fcta","item":"https:\/\/www.repam.net\/es\/kukama-tikuna-maguta\/"},{"@type":"ListItem","position":3,"name":"M\u00f3dulo 3: memoria hist\u00f3rica y cosmovisi\u00f3n"}]},{"@type":"WebSite","@id":"https:\/\/www.repam.net\/es\/#website","url":"https:\/\/www.repam.net\/es\/","name":"REPAM","description":"Red Eclesial Panamaz\u00f3nica","publisher":{"@id":"https:\/\/www.repam.net\/es\/#organization"},"potentialAction":[{"@type":"SearchAction","target":{"@type":"EntryPoint","urlTemplate":"https:\/\/www.repam.net\/es\/?s={search_term_string}"},"query-input":{"@type":"PropertyValueSpecification","valueRequired":true,"valueName":"search_term_string"}}],"inLanguage":"es-CO"},{"@type":"Organization","@id":"https:\/\/www.repam.net\/es\/#organization","name":"REPAM","url":"https:\/\/www.repam.net\/es\/","logo":{"@type":"ImageObject","inLanguage":"es-CO","@id":"https:\/\/www.repam.net\/es\/#\/schema\/logo\/image\/","url":"https:\/\/www.repam.net\/es\/wp-content\/uploads\/2021\/11\/cropped-favicon.png","contentUrl":"https:\/\/www.repam.net\/es\/wp-content\/uploads\/2021\/11\/cropped-favicon.png","width":512,"height":512,"caption":"REPAM"},"image":{"@id":"https:\/\/www.repam.net\/es\/#\/schema\/logo\/image\/"}}]}},"_links":{"self":[{"href":"https:\/\/www.repam.net\/es\/wp-json\/wp\/v2\/pages\/12584","targetHints":{"allow":["GET"]}}],"collection":[{"href":"https:\/\/www.repam.net\/es\/wp-json\/wp\/v2\/pages"}],"about":[{"href":"https:\/\/www.repam.net\/es\/wp-json\/wp\/v2\/types\/page"}],"author":[{"embeddable":true,"href":"https:\/\/www.repam.net\/es\/wp-json\/wp\/v2\/users\/1"}],"replies":[{"embeddable":true,"href":"https:\/\/www.repam.net\/es\/wp-json\/wp\/v2\/comments?post=12584"}],"version-history":[{"count":4,"href":"https:\/\/www.repam.net\/es\/wp-json\/wp\/v2\/pages\/12584\/revisions"}],"predecessor-version":[{"id":12714,"href":"https:\/\/www.repam.net\/es\/wp-json\/wp\/v2\/pages\/12584\/revisions\/12714"}],"up":[{"embeddable":true,"href":"https:\/\/www.repam.net\/es\/wp-json\/wp\/v2\/pages\/12324"}],"wp:attachment":[{"href":"https:\/\/www.repam.net\/es\/wp-json\/wp\/v2\/media?parent=12584"}],"curies":[{"name":"wp","href":"https:\/\/api.w.org\/{rel}","templated":true}]}}