{"id":12587,"date":"2025-11-04T16:56:48","date_gmt":"2025-11-04T21:56:48","guid":{"rendered":"https:\/\/www.repam.net\/es\/?page_id=12587"},"modified":"2025-11-05T21:28:57","modified_gmt":"2025-11-06T02:28:57","slug":"modulo-4-comunicacion-digital-y-uso-de-plataformas","status":"publish","type":"page","link":"https:\/\/www.repam.net\/es\/kukama-tikuna-maguta\/modulo-4-comunicacion-digital-y-uso-de-plataformas\/","title":{"rendered":"M\u00f3dulo 4: comunicaci\u00f3n digital y uso de plataformas"},"content":{"rendered":"\n<p>La llamada globalizaci\u00f3n del mundo nos ha dejado una serie de conocimientos respecto a la realidad que se vive en nuestro tiempo. Hablamos de un mundo globalizado en la medida que existe una conexi\u00f3n en varios escenarios. Por ejemplo, si nos remitimos al tema de la comunicaci\u00f3n podemos ver que existe una constante red global que permite a las personas establecer un di\u00e1logo sin importar las distancias. Los avances en telefon\u00eda, la construcci\u00f3n tecnol\u00f3gica diaria, las mejoras realizadas a servicios como internet y el llamado boom de las redes digitales influyen hoy en el d\u00eda a d\u00eda de la humanidad.<\/p>\n\n\n\n<p>Para muchos, este escenario genera muchos inconvenientes para el desarrollo social y cultural de la humanidad. Es cierto que un buen n\u00famero de las experiencias, que se realizan en el marco de la globalizaci\u00f3n y e auge de las redes digitales, no promueven un desarrollo generalizado y construcci\u00f3n positiva de la sociedad; sin embargo, las herramientas que nos brinda un mundo globalizado bien pueden servir para resaltar el valor de nuestras comunidades, construir procesos de reivindicaci\u00f3n del territorio y promover las alternativas a las problem\u00e1ticas que en \u00e9l se presentan.<\/p>\n\n\n\n<figure class=\"wp-block-gallery has-nested-images columns-default is-cropped wp-block-gallery-1 is-layout-flex wp-block-gallery-is-layout-flex\">\n<figure class=\"wp-block-image size-large\"><img loading=\"lazy\" decoding=\"async\" width=\"1024\" height=\"682\" data-id=\"12532\" src=\"https:\/\/www.repam.net\/es\/wp-content\/uploads\/2025\/10\/Territorio-1-1024x682.jpg\" alt=\"\" class=\"wp-image-12532\" srcset=\"https:\/\/www.repam.net\/es\/wp-content\/uploads\/2025\/10\/Territorio-1-1024x682.jpg 1024w, https:\/\/www.repam.net\/es\/wp-content\/uploads\/2025\/10\/Territorio-1-300x200.jpg 300w, https:\/\/www.repam.net\/es\/wp-content\/uploads\/2025\/10\/Territorio-1-768x512.jpg 768w, https:\/\/www.repam.net\/es\/wp-content\/uploads\/2025\/10\/Territorio-1.jpg 1280w\" sizes=\"auto, (max-width: 1024px) 100vw, 1024px\" \/><\/figure>\n\n\n\n<figure class=\"wp-block-image size-large\"><img loading=\"lazy\" decoding=\"async\" width=\"1024\" height=\"682\" data-id=\"12468\" src=\"https:\/\/www.repam.net\/es\/wp-content\/uploads\/2025\/10\/Radio-Ucamara-3-1024x682.jpg\" alt=\"\" class=\"wp-image-12468\" srcset=\"https:\/\/www.repam.net\/es\/wp-content\/uploads\/2025\/10\/Radio-Ucamara-3-1024x682.jpg 1024w, https:\/\/www.repam.net\/es\/wp-content\/uploads\/2025\/10\/Radio-Ucamara-3-300x200.jpg 300w, https:\/\/www.repam.net\/es\/wp-content\/uploads\/2025\/10\/Radio-Ucamara-3-768x512.jpg 768w, https:\/\/www.repam.net\/es\/wp-content\/uploads\/2025\/10\/Radio-Ucamara-3.jpg 1280w\" sizes=\"auto, (max-width: 1024px) 100vw, 1024px\" \/><\/figure>\n\n\n\n<figure class=\"wp-block-image size-large\"><img loading=\"lazy\" decoding=\"async\" width=\"1024\" height=\"682\" data-id=\"12476\" src=\"https:\/\/www.repam.net\/es\/wp-content\/uploads\/2025\/10\/Radio-Eware-1-1024x682.jpg\" alt=\"\" class=\"wp-image-12476\" srcset=\"https:\/\/www.repam.net\/es\/wp-content\/uploads\/2025\/10\/Radio-Eware-1-1024x682.jpg 1024w, https:\/\/www.repam.net\/es\/wp-content\/uploads\/2025\/10\/Radio-Eware-1-300x200.jpg 300w, https:\/\/www.repam.net\/es\/wp-content\/uploads\/2025\/10\/Radio-Eware-1-768x512.jpg 768w, https:\/\/www.repam.net\/es\/wp-content\/uploads\/2025\/10\/Radio-Eware-1.jpg 1280w\" sizes=\"auto, (max-width: 1024px) 100vw, 1024px\" \/><\/figure>\n\n\n\n<figure class=\"wp-block-image size-large\"><img loading=\"lazy\" decoding=\"async\" width=\"1024\" height=\"770\" data-id=\"12479\" src=\"https:\/\/www.repam.net\/es\/wp-content\/uploads\/2025\/10\/Radio-Eware-6-1024x770.jpg\" alt=\"\" class=\"wp-image-12479\" srcset=\"https:\/\/www.repam.net\/es\/wp-content\/uploads\/2025\/10\/Radio-Eware-6-1024x770.jpg 1024w, https:\/\/www.repam.net\/es\/wp-content\/uploads\/2025\/10\/Radio-Eware-6-300x226.jpg 300w, https:\/\/www.repam.net\/es\/wp-content\/uploads\/2025\/10\/Radio-Eware-6-768x578.jpg 768w, https:\/\/www.repam.net\/es\/wp-content\/uploads\/2025\/10\/Radio-Eware-6.jpg 1280w\" sizes=\"auto, (max-width: 1024px) 100vw, 1024px\" \/><\/figure>\n\n\n\n<figure class=\"wp-block-image size-large\"><img loading=\"lazy\" decoding=\"async\" width=\"1024\" height=\"682\" data-id=\"12461\" src=\"https:\/\/www.repam.net\/es\/wp-content\/uploads\/2025\/10\/Sapotal-1024x682.jpg\" alt=\"\" class=\"wp-image-12461\" srcset=\"https:\/\/www.repam.net\/es\/wp-content\/uploads\/2025\/10\/Sapotal-1024x682.jpg 1024w, https:\/\/www.repam.net\/es\/wp-content\/uploads\/2025\/10\/Sapotal-300x200.jpg 300w, https:\/\/www.repam.net\/es\/wp-content\/uploads\/2025\/10\/Sapotal-768x512.jpg 768w, https:\/\/www.repam.net\/es\/wp-content\/uploads\/2025\/10\/Sapotal.jpg 1280w\" sizes=\"auto, (max-width: 1024px) 100vw, 1024px\" \/><\/figure>\n\n\n\n<figure class=\"wp-block-image size-large\"><img loading=\"lazy\" decoding=\"async\" width=\"1024\" height=\"682\" data-id=\"12452\" src=\"https:\/\/www.repam.net\/es\/wp-content\/uploads\/2025\/10\/Nauta-1024x682.jpg\" alt=\"\" class=\"wp-image-12452\" srcset=\"https:\/\/www.repam.net\/es\/wp-content\/uploads\/2025\/10\/Nauta-1024x682.jpg 1024w, https:\/\/www.repam.net\/es\/wp-content\/uploads\/2025\/10\/Nauta-300x200.jpg 300w, https:\/\/www.repam.net\/es\/wp-content\/uploads\/2025\/10\/Nauta-768x512.jpg 768w, https:\/\/www.repam.net\/es\/wp-content\/uploads\/2025\/10\/Nauta.jpg 1280w\" sizes=\"auto, (max-width: 1024px) 100vw, 1024px\" \/><\/figure>\n<\/figure>\n\n\n\n<p><\/p>\n\n\n\n<figure class=\"wp-block-image size-full is-resized\"><a href=\"https:\/\/www.repam.net\/es\/kukama-tikuna-maguta\/\"><img loading=\"lazy\" decoding=\"async\" width=\"500\" height=\"500\" src=\"https:\/\/www.repam.net\/es\/wp-content\/uploads\/2025\/11\/pngwing.com_.png\" alt=\"\" class=\"wp-image-12698\" style=\"width:80px\" srcset=\"https:\/\/www.repam.net\/es\/wp-content\/uploads\/2025\/11\/pngwing.com_.png 500w, https:\/\/www.repam.net\/es\/wp-content\/uploads\/2025\/11\/pngwing.com_-300x300.png 300w, https:\/\/www.repam.net\/es\/wp-content\/uploads\/2025\/11\/pngwing.com_-150x150.png 150w\" sizes=\"auto, (max-width: 500px) 100vw, 500px\" \/><\/a><\/figure>\n","protected":false},"excerpt":{"rendered":"<p>La llamada globalizaci\u00f3n del mundo nos ha dejado una serie de conocimientos respecto a la realidad que se vive en nuestro tiempo. Hablamos de un mundo globalizado en la medida que existe una conexi\u00f3n en varios escenarios. Por ejemplo, si nos remitimos al tema de la comunicaci\u00f3n podemos ver que existe una constante red global [&hellip;]<\/p>\n","protected":false},"author":1,"featured_media":0,"parent":12324,"menu_order":0,"comment_status":"closed","ping_status":"closed","template":"page-multipla.php","meta":{"_acf_changed":false,"_uf_show_specific_survey":0,"_uf_disable_surveys":false,"footnotes":""},"class_list":["post-12587","page","type-page","status-publish","hentry"],"acf":[],"aioseo_notices":[],"yoast_head":"<!-- This site is optimized with the Yoast SEO plugin v27.3 - https:\/\/yoast.com\/product\/yoast-seo-wordpress\/ -->\n<title>M\u00f3dulo 4: comunicaci\u00f3n digital y uso de plataformas - REPAM<\/title>\n<meta name=\"robots\" content=\"index, follow, max-snippet:-1, max-image-preview:large, max-video-preview:-1\" \/>\n<link rel=\"canonical\" href=\"https:\/\/www.repam.net\/es\/kukama-tikuna-maguta\/modulo-4-comunicacion-digital-y-uso-de-plataformas\/\" \/>\n<meta property=\"og:locale\" content=\"es_ES\" \/>\n<meta property=\"og:type\" content=\"article\" \/>\n<meta property=\"og:title\" content=\"M\u00f3dulo 4: comunicaci\u00f3n digital y uso de plataformas - REPAM\" \/>\n<meta property=\"og:description\" content=\"La llamada globalizaci\u00f3n del mundo nos ha dejado una serie de conocimientos respecto a la realidad que se vive en nuestro tiempo. Hablamos de un mundo globalizado en la medida que existe una conexi\u00f3n en varios escenarios. Por ejemplo, si nos remitimos al tema de la comunicaci\u00f3n podemos ver que existe una constante red global [&hellip;]\" \/>\n<meta property=\"og:url\" content=\"https:\/\/www.repam.net\/es\/kukama-tikuna-maguta\/modulo-4-comunicacion-digital-y-uso-de-plataformas\/\" \/>\n<meta property=\"og:site_name\" content=\"REPAM\" \/>\n<meta property=\"article:modified_time\" content=\"2025-11-06T02:28:57+00:00\" \/>\n<meta property=\"og:image\" content=\"https:\/\/www.repam.net\/es\/wp-content\/uploads\/2025\/10\/Territorio-1.jpg\" \/>\n\t<meta property=\"og:image:width\" content=\"1280\" \/>\n\t<meta property=\"og:image:height\" content=\"853\" \/>\n\t<meta property=\"og:image:type\" content=\"image\/jpeg\" \/>\n<meta name=\"twitter:card\" content=\"summary_large_image\" \/>\n<meta name=\"twitter:label1\" content=\"Tiempo de lectura\" \/>\n\t<meta name=\"twitter:data1\" content=\"3 minutos\" \/>\n<script type=\"application\/ld+json\" class=\"yoast-schema-graph\">{\"@context\":\"https:\\\/\\\/schema.org\",\"@graph\":[{\"@type\":\"WebPage\",\"@id\":\"https:\\\/\\\/www.repam.net\\\/es\\\/kukama-tikuna-maguta\\\/modulo-4-comunicacion-digital-y-uso-de-plataformas\\\/\",\"url\":\"https:\\\/\\\/www.repam.net\\\/es\\\/kukama-tikuna-maguta\\\/modulo-4-comunicacion-digital-y-uso-de-plataformas\\\/\",\"name\":\"M\u00f3dulo 4: comunicaci\u00f3n digital y uso de plataformas - REPAM\",\"isPartOf\":{\"@id\":\"https:\\\/\\\/www.repam.net\\\/es\\\/#website\"},\"primaryImageOfPage\":{\"@id\":\"https:\\\/\\\/www.repam.net\\\/es\\\/kukama-tikuna-maguta\\\/modulo-4-comunicacion-digital-y-uso-de-plataformas\\\/#primaryimage\"},\"image\":{\"@id\":\"https:\\\/\\\/www.repam.net\\\/es\\\/kukama-tikuna-maguta\\\/modulo-4-comunicacion-digital-y-uso-de-plataformas\\\/#primaryimage\"},\"thumbnailUrl\":\"https:\\\/\\\/www.repam.net\\\/es\\\/wp-content\\\/uploads\\\/2025\\\/10\\\/Territorio-1-1024x682.jpg\",\"datePublished\":\"2025-11-04T21:56:48+00:00\",\"dateModified\":\"2025-11-06T02:28:57+00:00\",\"breadcrumb\":{\"@id\":\"https:\\\/\\\/www.repam.net\\\/es\\\/kukama-tikuna-maguta\\\/modulo-4-comunicacion-digital-y-uso-de-plataformas\\\/#breadcrumb\"},\"inLanguage\":\"es-CO\",\"potentialAction\":[{\"@type\":\"ReadAction\",\"target\":[\"https:\\\/\\\/www.repam.net\\\/es\\\/kukama-tikuna-maguta\\\/modulo-4-comunicacion-digital-y-uso-de-plataformas\\\/\"]}]},{\"@type\":\"ImageObject\",\"inLanguage\":\"es-CO\",\"@id\":\"https:\\\/\\\/www.repam.net\\\/es\\\/kukama-tikuna-maguta\\\/modulo-4-comunicacion-digital-y-uso-de-plataformas\\\/#primaryimage\",\"url\":\"https:\\\/\\\/www.repam.net\\\/es\\\/wp-content\\\/uploads\\\/2025\\\/10\\\/Territorio-1.jpg\",\"contentUrl\":\"https:\\\/\\\/www.repam.net\\\/es\\\/wp-content\\\/uploads\\\/2025\\\/10\\\/Territorio-1.jpg\",\"width\":1280,\"height\":853},{\"@type\":\"BreadcrumbList\",\"@id\":\"https:\\\/\\\/www.repam.net\\\/es\\\/kukama-tikuna-maguta\\\/modulo-4-comunicacion-digital-y-uso-de-plataformas\\\/#breadcrumb\",\"itemListElement\":[{\"@type\":\"ListItem\",\"position\":1,\"name\":\"Inicio\",\"item\":\"https:\\\/\\\/www.repam.net\\\/es\\\/\"},{\"@type\":\"ListItem\",\"position\":2,\"name\":\"Kukama-Tikuna-Mag\u00fcta\",\"item\":\"https:\\\/\\\/www.repam.net\\\/es\\\/kukama-tikuna-maguta\\\/\"},{\"@type\":\"ListItem\",\"position\":3,\"name\":\"M\u00f3dulo 4: comunicaci\u00f3n digital y uso de plataformas\"}]},{\"@type\":\"WebSite\",\"@id\":\"https:\\\/\\\/www.repam.net\\\/es\\\/#website\",\"url\":\"https:\\\/\\\/www.repam.net\\\/es\\\/\",\"name\":\"REPAM\",\"description\":\"Red Eclesial Panamaz\u00f3nica\",\"publisher\":{\"@id\":\"https:\\\/\\\/www.repam.net\\\/es\\\/#organization\"},\"potentialAction\":[{\"@type\":\"SearchAction\",\"target\":{\"@type\":\"EntryPoint\",\"urlTemplate\":\"https:\\\/\\\/www.repam.net\\\/es\\\/?s={search_term_string}\"},\"query-input\":{\"@type\":\"PropertyValueSpecification\",\"valueRequired\":true,\"valueName\":\"search_term_string\"}}],\"inLanguage\":\"es-CO\"},{\"@type\":\"Organization\",\"@id\":\"https:\\\/\\\/www.repam.net\\\/es\\\/#organization\",\"name\":\"REPAM\",\"url\":\"https:\\\/\\\/www.repam.net\\\/es\\\/\",\"logo\":{\"@type\":\"ImageObject\",\"inLanguage\":\"es-CO\",\"@id\":\"https:\\\/\\\/www.repam.net\\\/es\\\/#\\\/schema\\\/logo\\\/image\\\/\",\"url\":\"https:\\\/\\\/www.repam.net\\\/es\\\/wp-content\\\/uploads\\\/2021\\\/11\\\/cropped-favicon.png\",\"contentUrl\":\"https:\\\/\\\/www.repam.net\\\/es\\\/wp-content\\\/uploads\\\/2021\\\/11\\\/cropped-favicon.png\",\"width\":512,\"height\":512,\"caption\":\"REPAM\"},\"image\":{\"@id\":\"https:\\\/\\\/www.repam.net\\\/es\\\/#\\\/schema\\\/logo\\\/image\\\/\"}}]}<\/script>\n<!-- \/ Yoast SEO plugin. -->","yoast_head_json":{"title":"M\u00f3dulo 4: comunicaci\u00f3n digital y uso de plataformas - REPAM","robots":{"index":"index","follow":"follow","max-snippet":"max-snippet:-1","max-image-preview":"max-image-preview:large","max-video-preview":"max-video-preview:-1"},"canonical":"https:\/\/www.repam.net\/es\/kukama-tikuna-maguta\/modulo-4-comunicacion-digital-y-uso-de-plataformas\/","og_locale":"es_ES","og_type":"article","og_title":"M\u00f3dulo 4: comunicaci\u00f3n digital y uso de plataformas - REPAM","og_description":"La llamada globalizaci\u00f3n del mundo nos ha dejado una serie de conocimientos respecto a la realidad que se vive en nuestro tiempo. Hablamos de un mundo globalizado en la medida que existe una conexi\u00f3n en varios escenarios. Por ejemplo, si nos remitimos al tema de la comunicaci\u00f3n podemos ver que existe una constante red global [&hellip;]","og_url":"https:\/\/www.repam.net\/es\/kukama-tikuna-maguta\/modulo-4-comunicacion-digital-y-uso-de-plataformas\/","og_site_name":"REPAM","article_modified_time":"2025-11-06T02:28:57+00:00","og_image":[{"width":1280,"height":853,"url":"https:\/\/www.repam.net\/es\/wp-content\/uploads\/2025\/10\/Territorio-1.jpg","type":"image\/jpeg"}],"twitter_card":"summary_large_image","twitter_misc":{"Tiempo de lectura":"3 minutos"},"schema":{"@context":"https:\/\/schema.org","@graph":[{"@type":"WebPage","@id":"https:\/\/www.repam.net\/es\/kukama-tikuna-maguta\/modulo-4-comunicacion-digital-y-uso-de-plataformas\/","url":"https:\/\/www.repam.net\/es\/kukama-tikuna-maguta\/modulo-4-comunicacion-digital-y-uso-de-plataformas\/","name":"M\u00f3dulo 4: comunicaci\u00f3n digital y uso de plataformas - REPAM","isPartOf":{"@id":"https:\/\/www.repam.net\/es\/#website"},"primaryImageOfPage":{"@id":"https:\/\/www.repam.net\/es\/kukama-tikuna-maguta\/modulo-4-comunicacion-digital-y-uso-de-plataformas\/#primaryimage"},"image":{"@id":"https:\/\/www.repam.net\/es\/kukama-tikuna-maguta\/modulo-4-comunicacion-digital-y-uso-de-plataformas\/#primaryimage"},"thumbnailUrl":"https:\/\/www.repam.net\/es\/wp-content\/uploads\/2025\/10\/Territorio-1-1024x682.jpg","datePublished":"2025-11-04T21:56:48+00:00","dateModified":"2025-11-06T02:28:57+00:00","breadcrumb":{"@id":"https:\/\/www.repam.net\/es\/kukama-tikuna-maguta\/modulo-4-comunicacion-digital-y-uso-de-plataformas\/#breadcrumb"},"inLanguage":"es-CO","potentialAction":[{"@type":"ReadAction","target":["https:\/\/www.repam.net\/es\/kukama-tikuna-maguta\/modulo-4-comunicacion-digital-y-uso-de-plataformas\/"]}]},{"@type":"ImageObject","inLanguage":"es-CO","@id":"https:\/\/www.repam.net\/es\/kukama-tikuna-maguta\/modulo-4-comunicacion-digital-y-uso-de-plataformas\/#primaryimage","url":"https:\/\/www.repam.net\/es\/wp-content\/uploads\/2025\/10\/Territorio-1.jpg","contentUrl":"https:\/\/www.repam.net\/es\/wp-content\/uploads\/2025\/10\/Territorio-1.jpg","width":1280,"height":853},{"@type":"BreadcrumbList","@id":"https:\/\/www.repam.net\/es\/kukama-tikuna-maguta\/modulo-4-comunicacion-digital-y-uso-de-plataformas\/#breadcrumb","itemListElement":[{"@type":"ListItem","position":1,"name":"Inicio","item":"https:\/\/www.repam.net\/es\/"},{"@type":"ListItem","position":2,"name":"Kukama-Tikuna-Mag\u00fcta","item":"https:\/\/www.repam.net\/es\/kukama-tikuna-maguta\/"},{"@type":"ListItem","position":3,"name":"M\u00f3dulo 4: comunicaci\u00f3n digital y uso de plataformas"}]},{"@type":"WebSite","@id":"https:\/\/www.repam.net\/es\/#website","url":"https:\/\/www.repam.net\/es\/","name":"REPAM","description":"Red Eclesial Panamaz\u00f3nica","publisher":{"@id":"https:\/\/www.repam.net\/es\/#organization"},"potentialAction":[{"@type":"SearchAction","target":{"@type":"EntryPoint","urlTemplate":"https:\/\/www.repam.net\/es\/?s={search_term_string}"},"query-input":{"@type":"PropertyValueSpecification","valueRequired":true,"valueName":"search_term_string"}}],"inLanguage":"es-CO"},{"@type":"Organization","@id":"https:\/\/www.repam.net\/es\/#organization","name":"REPAM","url":"https:\/\/www.repam.net\/es\/","logo":{"@type":"ImageObject","inLanguage":"es-CO","@id":"https:\/\/www.repam.net\/es\/#\/schema\/logo\/image\/","url":"https:\/\/www.repam.net\/es\/wp-content\/uploads\/2021\/11\/cropped-favicon.png","contentUrl":"https:\/\/www.repam.net\/es\/wp-content\/uploads\/2021\/11\/cropped-favicon.png","width":512,"height":512,"caption":"REPAM"},"image":{"@id":"https:\/\/www.repam.net\/es\/#\/schema\/logo\/image\/"}}]}},"_links":{"self":[{"href":"https:\/\/www.repam.net\/es\/wp-json\/wp\/v2\/pages\/12587","targetHints":{"allow":["GET"]}}],"collection":[{"href":"https:\/\/www.repam.net\/es\/wp-json\/wp\/v2\/pages"}],"about":[{"href":"https:\/\/www.repam.net\/es\/wp-json\/wp\/v2\/types\/page"}],"author":[{"embeddable":true,"href":"https:\/\/www.repam.net\/es\/wp-json\/wp\/v2\/users\/1"}],"replies":[{"embeddable":true,"href":"https:\/\/www.repam.net\/es\/wp-json\/wp\/v2\/comments?post=12587"}],"version-history":[{"count":4,"href":"https:\/\/www.repam.net\/es\/wp-json\/wp\/v2\/pages\/12587\/revisions"}],"predecessor-version":[{"id":12715,"href":"https:\/\/www.repam.net\/es\/wp-json\/wp\/v2\/pages\/12587\/revisions\/12715"}],"up":[{"embeddable":true,"href":"https:\/\/www.repam.net\/es\/wp-json\/wp\/v2\/pages\/12324"}],"wp:attachment":[{"href":"https:\/\/www.repam.net\/es\/wp-json\/wp\/v2\/media?parent=12587"}],"curies":[{"name":"wp","href":"https:\/\/api.w.org\/{rel}","templated":true}]}}