{"id":12655,"date":"2025-11-05T15:23:34","date_gmt":"2025-11-05T20:23:34","guid":{"rendered":"https:\/\/www.repam.net\/es\/?page_id=12655"},"modified":"2025-11-05T21:37:10","modified_gmt":"2025-11-06T02:37:10","slug":"periodismo-comunitario-experiencias-de-los-pueblos-kukama-y-tikuna","status":"publish","type":"page","link":"https:\/\/www.repam.net\/es\/kukama-tikuna-maguta\/periodismo-comunitario-experiencias-de-los-pueblos-kukama-y-tikuna\/","title":{"rendered":"Periodismo comunitario: experiencias de los pueblos Kukama y Tikuna"},"content":{"rendered":"\n\n\n\n<p><\/p>\n\n\n\n<p>Como resultado del proceso de formaci\u00f3n, se consider\u00f3 el desarrollo de un taller conjunto que agrup\u00f3 a 24 reporteros ind\u00edgenas (referentes) de las comunidades destacadas en el proyecto, a 8 representantes de las radios Ucamara y Eware, a 8 invitados especiales que compartan experiencias significativas de periodismo comunitario en la regi\u00f3n de la triple frontera Brasil-Colombia-Per\u00fa, a los 3 talleristas que siguieron las jornadas de capacitaci\u00f3n, 2 personas de apoyo (desde Manaos y Bogot\u00e1) y el coordinador del proyecto.<\/p>\n\n\n\n<p>En este taller se abordaron los siguientes temas:<\/p>\n\n\n\n<ul class=\"wp-block-list\">\n<li>Los retos del periodismo comunitario en la regi\u00f3n de la triple frontera Brasil-Colombia-Per\u00fa.<\/li>\n\n\n\n<li>Alianzas de medios con caracter comunitario en la regi\u00f3n amaz\u00f3nica como acci\u00f3n de incidencia y cambio.<\/li>\n\n\n\n<li>Proyecciones de cara al futuro del periodismo comunitario en el territorio de la triple frontera Brasil-Colombia-Per\u00fa.<\/li>\n\n\n\n<li>Radio Ucamara y Radio Eware como agentes de inicidencia en la realidad sociambiental y el fortalecimiento de la identidad cultural.<\/li>\n\n\n\n<li>\u00bfCu\u00e1les son las capacidades de los reporteros ind\u00edgenas una vez finalizado el proceso?<\/li>\n\n\n\n<li>Evaluaci\u00f3n del proyecto por los participantes del proceso de capacitaci\u00f3n, talleristas y coordinaci\u00f3n.<\/li>\n<\/ul>\n\n\n\n<div data-wp-interactive=\"core\/file\" class=\"wp-block-file aligncenter\"><object data-wp-bind--hidden=\"!state.hasPdfPreview\" hidden class=\"wp-block-file__embed\" data=\"https:\/\/www.repam.net\/es\/wp-content\/uploads\/2025\/11\/Periodismo-comunitario-Experiencias-de-los-pueblos-Kukama-y-Tikuna-1.pdf\" type=\"application\/pdf\" style=\"width:100%;height:600px\" aria-label=\"Incrustado de Periodismo comunitario-Experiencias de los pueblos Kukama y Tikuna (1).\"><\/object><a id=\"wp-block-file--media-e74cebfb-c3f5-4732-a14c-6f4057fe868c\" href=\"https:\/\/www.repam.net\/es\/wp-content\/uploads\/2025\/11\/Periodismo-comunitario-Experiencias-de-los-pueblos-Kukama-y-Tikuna-1.pdf\">Periodismo comunitario-Experiencias de los pueblos Kukama y Tikuna (1)<\/a><a href=\"https:\/\/www.repam.net\/es\/wp-content\/uploads\/2025\/11\/Periodismo-comunitario-Experiencias-de-los-pueblos-Kukama-y-Tikuna-1.pdf\" class=\"wp-block-file__button wp-element-button\" download aria-describedby=\"wp-block-file--media-e74cebfb-c3f5-4732-a14c-6f4057fe868c\">Descargar<\/a><\/div>\n\n\n\n<p><a href=\"https:\/\/flic.kr\/s\/aHBqjCeXtk\" target=\"_blank\" rel=\"noreferrer noopener\">Encuentra aqu\u00ed el registro fotogr\u00e1fico de nuestro encuentro<\/a><a href=\"https:\/\/flic.kr\/s\/aHBqjCeXtk\">.<\/a><\/p>\n\n\n\n<figure class=\"wp-block-image size-full is-resized\"><a href=\"https:\/\/www.repam.net\/es\/kukama-tikuna-maguta\/\"><img loading=\"lazy\" decoding=\"async\" width=\"500\" height=\"500\" src=\"https:\/\/www.repam.net\/es\/wp-content\/uploads\/2025\/11\/pngwing.com_.png\" alt=\"\" class=\"wp-image-12698\" style=\"width:80px\" srcset=\"https:\/\/www.repam.net\/es\/wp-content\/uploads\/2025\/11\/pngwing.com_.png 500w, https:\/\/www.repam.net\/es\/wp-content\/uploads\/2025\/11\/pngwing.com_-300x300.png 300w, https:\/\/www.repam.net\/es\/wp-content\/uploads\/2025\/11\/pngwing.com_-150x150.png 150w\" sizes=\"auto, (max-width: 500px) 100vw, 500px\" \/><\/a><\/figure>\n","protected":false},"excerpt":{"rendered":"<p>Como resultado del proceso de formaci\u00f3n, se consider\u00f3 el desarrollo de un taller conjunto que agrup\u00f3 a 24 reporteros ind\u00edgenas (referentes) de las comunidades destacadas en el proyecto, a 8 representantes de las radios Ucamara y Eware, a 8 invitados especiales que compartan experiencias significativas de periodismo comunitario en la regi\u00f3n de la triple frontera [&hellip;]<\/p>\n","protected":false},"author":1,"featured_media":0,"parent":12324,"menu_order":0,"comment_status":"closed","ping_status":"closed","template":"page-multipla.php","meta":{"_acf_changed":false,"_uf_show_specific_survey":0,"_uf_disable_surveys":false,"footnotes":""},"class_list":["post-12655","page","type-page","status-publish","hentry"],"acf":[],"aioseo_notices":[],"yoast_head":"<!-- This site is optimized with the Yoast SEO plugin v27.3 - https:\/\/yoast.com\/product\/yoast-seo-wordpress\/ -->\n<title>Periodismo comunitario: experiencias de los pueblos Kukama y Tikuna - REPAM<\/title>\n<meta name=\"robots\" content=\"index, follow, max-snippet:-1, max-image-preview:large, max-video-preview:-1\" \/>\n<link rel=\"canonical\" href=\"https:\/\/www.repam.net\/es\/kukama-tikuna-maguta\/periodismo-comunitario-experiencias-de-los-pueblos-kukama-y-tikuna\/\" \/>\n<meta property=\"og:locale\" content=\"es_ES\" \/>\n<meta property=\"og:type\" content=\"article\" \/>\n<meta property=\"og:title\" content=\"Periodismo comunitario: experiencias de los pueblos Kukama y Tikuna - REPAM\" \/>\n<meta property=\"og:description\" content=\"Como resultado del proceso de formaci\u00f3n, se consider\u00f3 el desarrollo de un taller conjunto que agrup\u00f3 a 24 reporteros ind\u00edgenas (referentes) de las comunidades destacadas en el proyecto, a 8 representantes de las radios Ucamara y Eware, a 8 invitados especiales que compartan experiencias significativas de periodismo comunitario en la regi\u00f3n de la triple frontera [&hellip;]\" \/>\n<meta property=\"og:url\" content=\"https:\/\/www.repam.net\/es\/kukama-tikuna-maguta\/periodismo-comunitario-experiencias-de-los-pueblos-kukama-y-tikuna\/\" \/>\n<meta property=\"og:site_name\" content=\"REPAM\" \/>\n<meta property=\"article:modified_time\" content=\"2025-11-06T02:37:10+00:00\" \/>\n<meta property=\"og:image\" content=\"https:\/\/www.repam.net\/es\/wp-content\/uploads\/2025\/11\/pngwing.com_.png\" \/>\n<meta name=\"twitter:card\" content=\"summary_large_image\" \/>\n<meta name=\"twitter:label1\" content=\"Tiempo de lectura\" \/>\n\t<meta name=\"twitter:data1\" content=\"2 minutos\" \/>\n<script type=\"application\/ld+json\" class=\"yoast-schema-graph\">{\"@context\":\"https:\\\/\\\/schema.org\",\"@graph\":[{\"@type\":\"WebPage\",\"@id\":\"https:\\\/\\\/www.repam.net\\\/es\\\/kukama-tikuna-maguta\\\/periodismo-comunitario-experiencias-de-los-pueblos-kukama-y-tikuna\\\/\",\"url\":\"https:\\\/\\\/www.repam.net\\\/es\\\/kukama-tikuna-maguta\\\/periodismo-comunitario-experiencias-de-los-pueblos-kukama-y-tikuna\\\/\",\"name\":\"Periodismo comunitario: experiencias de los pueblos Kukama y Tikuna - REPAM\",\"isPartOf\":{\"@id\":\"https:\\\/\\\/www.repam.net\\\/es\\\/#website\"},\"primaryImageOfPage\":{\"@id\":\"https:\\\/\\\/www.repam.net\\\/es\\\/kukama-tikuna-maguta\\\/periodismo-comunitario-experiencias-de-los-pueblos-kukama-y-tikuna\\\/#primaryimage\"},\"image\":{\"@id\":\"https:\\\/\\\/www.repam.net\\\/es\\\/kukama-tikuna-maguta\\\/periodismo-comunitario-experiencias-de-los-pueblos-kukama-y-tikuna\\\/#primaryimage\"},\"thumbnailUrl\":\"https:\\\/\\\/www.repam.net\\\/es\\\/wp-content\\\/uploads\\\/2025\\\/11\\\/pngwing.com_.png\",\"datePublished\":\"2025-11-05T20:23:34+00:00\",\"dateModified\":\"2025-11-06T02:37:10+00:00\",\"breadcrumb\":{\"@id\":\"https:\\\/\\\/www.repam.net\\\/es\\\/kukama-tikuna-maguta\\\/periodismo-comunitario-experiencias-de-los-pueblos-kukama-y-tikuna\\\/#breadcrumb\"},\"inLanguage\":\"es-CO\",\"potentialAction\":[{\"@type\":\"ReadAction\",\"target\":[\"https:\\\/\\\/www.repam.net\\\/es\\\/kukama-tikuna-maguta\\\/periodismo-comunitario-experiencias-de-los-pueblos-kukama-y-tikuna\\\/\"]}]},{\"@type\":\"ImageObject\",\"inLanguage\":\"es-CO\",\"@id\":\"https:\\\/\\\/www.repam.net\\\/es\\\/kukama-tikuna-maguta\\\/periodismo-comunitario-experiencias-de-los-pueblos-kukama-y-tikuna\\\/#primaryimage\",\"url\":\"https:\\\/\\\/www.repam.net\\\/es\\\/wp-content\\\/uploads\\\/2025\\\/11\\\/pngwing.com_.png\",\"contentUrl\":\"https:\\\/\\\/www.repam.net\\\/es\\\/wp-content\\\/uploads\\\/2025\\\/11\\\/pngwing.com_.png\",\"width\":500,\"height\":500},{\"@type\":\"BreadcrumbList\",\"@id\":\"https:\\\/\\\/www.repam.net\\\/es\\\/kukama-tikuna-maguta\\\/periodismo-comunitario-experiencias-de-los-pueblos-kukama-y-tikuna\\\/#breadcrumb\",\"itemListElement\":[{\"@type\":\"ListItem\",\"position\":1,\"name\":\"Inicio\",\"item\":\"https:\\\/\\\/www.repam.net\\\/es\\\/\"},{\"@type\":\"ListItem\",\"position\":2,\"name\":\"Kukama-Tikuna-Mag\u00fcta\",\"item\":\"https:\\\/\\\/www.repam.net\\\/es\\\/kukama-tikuna-maguta\\\/\"},{\"@type\":\"ListItem\",\"position\":3,\"name\":\"Periodismo comunitario: experiencias de los pueblos Kukama y Tikuna\"}]},{\"@type\":\"WebSite\",\"@id\":\"https:\\\/\\\/www.repam.net\\\/es\\\/#website\",\"url\":\"https:\\\/\\\/www.repam.net\\\/es\\\/\",\"name\":\"REPAM\",\"description\":\"Red Eclesial Panamaz\u00f3nica\",\"publisher\":{\"@id\":\"https:\\\/\\\/www.repam.net\\\/es\\\/#organization\"},\"potentialAction\":[{\"@type\":\"SearchAction\",\"target\":{\"@type\":\"EntryPoint\",\"urlTemplate\":\"https:\\\/\\\/www.repam.net\\\/es\\\/?s={search_term_string}\"},\"query-input\":{\"@type\":\"PropertyValueSpecification\",\"valueRequired\":true,\"valueName\":\"search_term_string\"}}],\"inLanguage\":\"es-CO\"},{\"@type\":\"Organization\",\"@id\":\"https:\\\/\\\/www.repam.net\\\/es\\\/#organization\",\"name\":\"REPAM\",\"url\":\"https:\\\/\\\/www.repam.net\\\/es\\\/\",\"logo\":{\"@type\":\"ImageObject\",\"inLanguage\":\"es-CO\",\"@id\":\"https:\\\/\\\/www.repam.net\\\/es\\\/#\\\/schema\\\/logo\\\/image\\\/\",\"url\":\"https:\\\/\\\/www.repam.net\\\/es\\\/wp-content\\\/uploads\\\/2021\\\/11\\\/cropped-favicon.png\",\"contentUrl\":\"https:\\\/\\\/www.repam.net\\\/es\\\/wp-content\\\/uploads\\\/2021\\\/11\\\/cropped-favicon.png\",\"width\":512,\"height\":512,\"caption\":\"REPAM\"},\"image\":{\"@id\":\"https:\\\/\\\/www.repam.net\\\/es\\\/#\\\/schema\\\/logo\\\/image\\\/\"}}]}<\/script>\n<!-- \/ Yoast SEO plugin. -->","yoast_head_json":{"title":"Periodismo comunitario: experiencias de los pueblos Kukama y Tikuna - REPAM","robots":{"index":"index","follow":"follow","max-snippet":"max-snippet:-1","max-image-preview":"max-image-preview:large","max-video-preview":"max-video-preview:-1"},"canonical":"https:\/\/www.repam.net\/es\/kukama-tikuna-maguta\/periodismo-comunitario-experiencias-de-los-pueblos-kukama-y-tikuna\/","og_locale":"es_ES","og_type":"article","og_title":"Periodismo comunitario: experiencias de los pueblos Kukama y Tikuna - REPAM","og_description":"Como resultado del proceso de formaci\u00f3n, se consider\u00f3 el desarrollo de un taller conjunto que agrup\u00f3 a 24 reporteros ind\u00edgenas (referentes) de las comunidades destacadas en el proyecto, a 8 representantes de las radios Ucamara y Eware, a 8 invitados especiales que compartan experiencias significativas de periodismo comunitario en la regi\u00f3n de la triple frontera [&hellip;]","og_url":"https:\/\/www.repam.net\/es\/kukama-tikuna-maguta\/periodismo-comunitario-experiencias-de-los-pueblos-kukama-y-tikuna\/","og_site_name":"REPAM","article_modified_time":"2025-11-06T02:37:10+00:00","og_image":[{"url":"https:\/\/www.repam.net\/es\/wp-content\/uploads\/2025\/11\/pngwing.com_.png","type":"","width":"","height":""}],"twitter_card":"summary_large_image","twitter_misc":{"Tiempo de lectura":"2 minutos"},"schema":{"@context":"https:\/\/schema.org","@graph":[{"@type":"WebPage","@id":"https:\/\/www.repam.net\/es\/kukama-tikuna-maguta\/periodismo-comunitario-experiencias-de-los-pueblos-kukama-y-tikuna\/","url":"https:\/\/www.repam.net\/es\/kukama-tikuna-maguta\/periodismo-comunitario-experiencias-de-los-pueblos-kukama-y-tikuna\/","name":"Periodismo comunitario: experiencias de los pueblos Kukama y Tikuna - REPAM","isPartOf":{"@id":"https:\/\/www.repam.net\/es\/#website"},"primaryImageOfPage":{"@id":"https:\/\/www.repam.net\/es\/kukama-tikuna-maguta\/periodismo-comunitario-experiencias-de-los-pueblos-kukama-y-tikuna\/#primaryimage"},"image":{"@id":"https:\/\/www.repam.net\/es\/kukama-tikuna-maguta\/periodismo-comunitario-experiencias-de-los-pueblos-kukama-y-tikuna\/#primaryimage"},"thumbnailUrl":"https:\/\/www.repam.net\/es\/wp-content\/uploads\/2025\/11\/pngwing.com_.png","datePublished":"2025-11-05T20:23:34+00:00","dateModified":"2025-11-06T02:37:10+00:00","breadcrumb":{"@id":"https:\/\/www.repam.net\/es\/kukama-tikuna-maguta\/periodismo-comunitario-experiencias-de-los-pueblos-kukama-y-tikuna\/#breadcrumb"},"inLanguage":"es-CO","potentialAction":[{"@type":"ReadAction","target":["https:\/\/www.repam.net\/es\/kukama-tikuna-maguta\/periodismo-comunitario-experiencias-de-los-pueblos-kukama-y-tikuna\/"]}]},{"@type":"ImageObject","inLanguage":"es-CO","@id":"https:\/\/www.repam.net\/es\/kukama-tikuna-maguta\/periodismo-comunitario-experiencias-de-los-pueblos-kukama-y-tikuna\/#primaryimage","url":"https:\/\/www.repam.net\/es\/wp-content\/uploads\/2025\/11\/pngwing.com_.png","contentUrl":"https:\/\/www.repam.net\/es\/wp-content\/uploads\/2025\/11\/pngwing.com_.png","width":500,"height":500},{"@type":"BreadcrumbList","@id":"https:\/\/www.repam.net\/es\/kukama-tikuna-maguta\/periodismo-comunitario-experiencias-de-los-pueblos-kukama-y-tikuna\/#breadcrumb","itemListElement":[{"@type":"ListItem","position":1,"name":"Inicio","item":"https:\/\/www.repam.net\/es\/"},{"@type":"ListItem","position":2,"name":"Kukama-Tikuna-Mag\u00fcta","item":"https:\/\/www.repam.net\/es\/kukama-tikuna-maguta\/"},{"@type":"ListItem","position":3,"name":"Periodismo comunitario: experiencias de los pueblos Kukama y Tikuna"}]},{"@type":"WebSite","@id":"https:\/\/www.repam.net\/es\/#website","url":"https:\/\/www.repam.net\/es\/","name":"REPAM","description":"Red Eclesial Panamaz\u00f3nica","publisher":{"@id":"https:\/\/www.repam.net\/es\/#organization"},"potentialAction":[{"@type":"SearchAction","target":{"@type":"EntryPoint","urlTemplate":"https:\/\/www.repam.net\/es\/?s={search_term_string}"},"query-input":{"@type":"PropertyValueSpecification","valueRequired":true,"valueName":"search_term_string"}}],"inLanguage":"es-CO"},{"@type":"Organization","@id":"https:\/\/www.repam.net\/es\/#organization","name":"REPAM","url":"https:\/\/www.repam.net\/es\/","logo":{"@type":"ImageObject","inLanguage":"es-CO","@id":"https:\/\/www.repam.net\/es\/#\/schema\/logo\/image\/","url":"https:\/\/www.repam.net\/es\/wp-content\/uploads\/2021\/11\/cropped-favicon.png","contentUrl":"https:\/\/www.repam.net\/es\/wp-content\/uploads\/2021\/11\/cropped-favicon.png","width":512,"height":512,"caption":"REPAM"},"image":{"@id":"https:\/\/www.repam.net\/es\/#\/schema\/logo\/image\/"}}]}},"_links":{"self":[{"href":"https:\/\/www.repam.net\/es\/wp-json\/wp\/v2\/pages\/12655","targetHints":{"allow":["GET"]}}],"collection":[{"href":"https:\/\/www.repam.net\/es\/wp-json\/wp\/v2\/pages"}],"about":[{"href":"https:\/\/www.repam.net\/es\/wp-json\/wp\/v2\/types\/page"}],"author":[{"embeddable":true,"href":"https:\/\/www.repam.net\/es\/wp-json\/wp\/v2\/users\/1"}],"replies":[{"embeddable":true,"href":"https:\/\/www.repam.net\/es\/wp-json\/wp\/v2\/comments?post=12655"}],"version-history":[{"count":8,"href":"https:\/\/www.repam.net\/es\/wp-json\/wp\/v2\/pages\/12655\/revisions"}],"predecessor-version":[{"id":12719,"href":"https:\/\/www.repam.net\/es\/wp-json\/wp\/v2\/pages\/12655\/revisions\/12719"}],"up":[{"embeddable":true,"href":"https:\/\/www.repam.net\/es\/wp-json\/wp\/v2\/pages\/12324"}],"wp:attachment":[{"href":"https:\/\/www.repam.net\/es\/wp-json\/wp\/v2\/media?parent=12655"}],"curies":[{"name":"wp","href":"https:\/\/api.w.org\/{rel}","templated":true}]}}