{"id":204,"date":"2021-08-30T12:46:25","date_gmt":"2021-08-30T17:46:25","guid":{"rendered":"http:\/\/repam.net\/?page_id=204"},"modified":"2026-03-13T16:45:07","modified_gmt":"2026-03-13T21:45:07","slug":"red-eclesial-panamazonica","status":"publish","type":"page","link":"https:\/\/www.repam.net\/es\/","title":{"rendered":"Home"},"content":{"rendered":"\n<div class=\"wp-block-columns is-layout-flex wp-container-core-columns-is-layout-9d6595d7 wp-block-columns-is-layout-flex\">\n<div class=\"wp-block-column is-layout-flow wp-block-column-is-layout-flow\">\n<figure class=\"wp-block-image size-full\"><a href=\"https:\/\/www.repam.net\/es\/repam-publica-cuaderno-para-animacion-de-talleres-de-incidencia-politica-en-la-pan-amazonia\/\" target=\"_blank\" rel=\"noreferrer noopener\"><img loading=\"lazy\" decoding=\"async\" width=\"370\" height=\"208\" src=\"https:\/\/www.repam.net\/es\/wp-content\/uploads\/2024\/09\/caderno-de-incidencia-1-edited.jpeg\" alt=\"\" class=\"wp-image-11383\" srcset=\"https:\/\/www.repam.net\/es\/wp-content\/uploads\/2024\/09\/caderno-de-incidencia-1-edited.jpeg 370w, https:\/\/www.repam.net\/es\/wp-content\/uploads\/2024\/09\/caderno-de-incidencia-1-edited-300x169.jpeg 300w\" sizes=\"auto, (max-width: 370px) 100vw, 370px\" \/><\/a><\/figure>\n\n\n\n<h5 class=\"wp-block-heading has-text-align-center\">INCIDENCIA POL\u00cdTICA<\/h5>\n\n\n\n<p class=\"has-text-align-center\">Cuaderno para animaci\u00f3n de talleres de incidencia pol\u00edtica en la Pan-Amazon\u00eda<\/p>\n<\/div>\n\n\n\n<div class=\"wp-block-column is-layout-flow wp-block-column-is-layout-flow\">\n<figure class=\"wp-block-image size-large\"><a href=\"https:\/\/sirepam.repam.net\/portal\/home.action\" target=\"_blank\" rel=\"noopener\"><img loading=\"lazy\" decoding=\"async\" width=\"1024\" height=\"587\" src=\"https:\/\/www.repam.net\/es\/wp-content\/uploads\/2021\/08\/sirepam@2x-1024x587.png\" alt=\"\" class=\"wp-image-208\" srcset=\"https:\/\/www.repam.net\/es\/wp-content\/uploads\/2021\/08\/sirepam@2x-1024x587.png 1024w, https:\/\/www.repam.net\/es\/wp-content\/uploads\/2021\/08\/sirepam@2x-300x172.png 300w, https:\/\/www.repam.net\/es\/wp-content\/uploads\/2021\/08\/sirepam@2x-768x440.png 768w, https:\/\/www.repam.net\/es\/wp-content\/uploads\/2021\/08\/sirepam@2x.png 1050w\" sizes=\"auto, (max-width: 1024px) 100vw, 1024px\" \/><\/a><\/figure>\n\n\n\n<h5 class=\"wp-block-heading has-text-align-center\">SIREPAM<\/h5>\n\n\n\n<p class=\"has-text-align-center\">Sistema de Informaci\u00f3n de la Realidad Eclesial de la Panamazon\u00eda<\/p>\n<\/div>\n\n\n\n<div class=\"wp-block-column is-layout-flow wp-block-column-is-layout-flow\">\n<figure class=\"wp-block-image size-large\"><a class=\"youtube\" href=\"https:\/\/youtu.be\/trOKcJm2bek\" target=\"_blank\" rel=\"noreferrer noopener\"><img loading=\"lazy\" decoding=\"async\" width=\"1024\" height=\"591\" src=\"https:\/\/www.repam.net\/es\/wp-content\/uploads\/2021\/08\/video@2x-1024x591.png\" alt=\"\" class=\"wp-image-210\" srcset=\"https:\/\/www.repam.net\/es\/wp-content\/uploads\/2021\/08\/video@2x-1024x591.png 1024w, https:\/\/www.repam.net\/es\/wp-content\/uploads\/2021\/08\/video@2x-300x173.png 300w, https:\/\/www.repam.net\/es\/wp-content\/uploads\/2021\/08\/video@2x-768x443.png 768w, https:\/\/www.repam.net\/es\/wp-content\/uploads\/2021\/08\/video@2x.png 1050w\" sizes=\"auto, (max-width: 1024px) 100vw, 1024px\" \/><\/a><\/figure>\n\n\n\n<h5 class=\"wp-block-heading has-text-align-center\">\u00a1AMAZON\u00cdZATE!<\/h5>\n\n\n\n<p class=\"has-text-align-center\">La Amazon\u00eda es fuente de vida en el coraz\u00f3n de la Iglesia.<\/p>\n<\/div>\n\n\n\n<div class=\"wp-block-column is-layout-flow wp-block-column-is-layout-flow\">\n<figure class=\"wp-block-image size-large is-style-default\"><a href=\"https:\/\/www.repam.net\/es\/politica-de-proteccion\/\" target=\"_blank\" rel=\"noreferrer noopener\"><img loading=\"lazy\" decoding=\"async\" width=\"1024\" height=\"576\" src=\"https:\/\/www.repam.net\/es\/wp-content\/uploads\/2023\/02\/Politica-de-Protecao-1024x576.jpg\" alt=\"\" class=\"wp-image-9478\" srcset=\"https:\/\/www.repam.net\/es\/wp-content\/uploads\/2023\/02\/Politica-de-Protecao-1024x576.jpg 1024w, https:\/\/www.repam.net\/es\/wp-content\/uploads\/2023\/02\/Politica-de-Protecao-300x169.jpg 300w, https:\/\/www.repam.net\/es\/wp-content\/uploads\/2023\/02\/Politica-de-Protecao-768x432.jpg 768w, https:\/\/www.repam.net\/es\/wp-content\/uploads\/2023\/02\/Politica-de-Protecao.jpg 1280w\" sizes=\"auto, (max-width: 1024px) 100vw, 1024px\" \/><\/a><\/figure>\n\n\n\n<h5 class=\"wp-block-heading has-text-align-center\">POL\u00cdTICA DE PROTECCI\u00d3N<\/h5>\n\n\n\n<p class=\"has-text-align-center\">Pol\u00edtica de Protecci\u00f3n de menores y adultos vulnerables<\/p>\n\n\n\n<h5 class=\"wp-block-heading has-text-align-center\"><\/h5>\n<\/div>\n<\/div>\n\n\n<div class=\"pt-4 pb-12 bg-gray-100 home1\"><div class=\"flex items-center container mx-auto px-4\"><div class=\"w-1\/12 text-lima-300 hover:text-lima-500 flex justify-center\"><button class=\"mt-24\" onclick=\"home1.go('<')\"><svg xmlns=\"http:\/\/www.w3.org\/2000\/svg\" class=\"h-12 w-12\" fill=\"none\" viewBox=\"0 0 24 24\" stroke=\"currentColor\"><path stroke-linecap=\"round\" stroke-linejoin=\"round\" stroke-width=\"2\" d=\"M15 19l-7-7 7-7\" \/><\/svg><\/button><\/div><div class=\"w-10\/12 px-8\"><h2 class=\"text-verde-500 text-3xl font-bold pb-8\">Actualidad<\/h2><div class=\"glide-home1\"><div class=\"glide__track\" data-glide-el=\"track\"><div class=\"glide__slides\"><div class=\"glide__slide\">\n    <a href=\"https:\/\/www.repam.net\/es\/dia-de-la-tierra\/\">\n                    <img decoding=\"async\" src=\"https:\/\/www.repam.net\/es\/wp-content\/uploads\/fly-images\/13105\/WhatsApp-Image-2026-04-22-at-10.14.40-AM-edited-350x250-c.jpeg\" class=\"w-full rounded-lg shadow\">\n            <\/a>\n    <h3 class=\"text-verde-500 text-lg font-bold mb-4\">\n        <a href=\"https:\/\/www.repam.net\/es\/dia-de-la-tierra\/\">\n            \u201cNuestro poder, nuestro planeta\u201d: 22 de abril, D\u00eda de la Tierra        <\/a>\n    <\/h3>\n    <p class=\"pb-4\">\n        Este 2026, acoger\u00e1 la edici\u00f3n n\u00famero 56 del D\u00eda de la Tierra y lejos de vivir en un ambiente sostenible, en equilibrio y diverso, nos encontramos en otro de...    <\/p>\n<\/div><div class=\"glide__slide\">\n    <a href=\"https:\/\/www.repam.net\/es\/seguimos-siendo-iglesia-en-salida\/\">\n                    <img decoding=\"async\" src=\"https:\/\/www.repam.net\/es\/wp-content\/uploads\/fly-images\/13100\/WhatsApp-Image-2026-04-21-at-2.34.42-PM-edited-350x250-c.jpeg\" class=\"w-full rounded-lg shadow\">\n            <\/a>\n    <h3 class=\"text-verde-500 text-lg font-bold mb-4\">\n        <a href=\"https:\/\/www.repam.net\/es\/seguimos-siendo-iglesia-en-salida\/\">\n            Seguimos siendo iglesia en salida        <\/a>\n    <\/h3>\n    <p class=\"pb-4\">\n        A un a\u00f1o del fallecimiento del Papa Francisco, los escenarios de acci\u00f3n para promover el amor enunciado en el evangelio, exaltados por \u00e9l mismo, siguen llamando a cada uno...    <\/p>\n<\/div><div class=\"glide__slide\">\n    <a href=\"https:\/\/www.repam.net\/es\/caucus-indigena-naciones-unidas\/\">\n                    <img decoding=\"async\" src=\"https:\/\/www.repam.net\/es\/wp-content\/uploads\/fly-images\/13087\/WhatsApp-Image-2026-04-20-at-1.06.12-PM-edited-350x250-c.jpeg\" class=\"w-full rounded-lg shadow\">\n            <\/a>\n    <h3 class=\"text-verde-500 text-lg font-bold mb-4\">\n        <a href=\"https:\/\/www.repam.net\/es\/caucus-indigena-naciones-unidas\/\">\n            \u201cNo debemos sostener el silencio que mantiene la muerte y el dolor\u201d        <\/a>\n    <\/h3>\n    <p class=\"pb-4\">\n        Las ma\u00f1anas de los d\u00edas 18 y 19 de abril, frente a la sede de las Naciones Unidas, y como viene siendo tradicional cada a\u00f1o; las personas representantes de...    <\/p>\n<\/div><div class=\"glide__slide\">\n    <a href=\"https:\/\/www.repam.net\/es\/regchag-remam-repam-en-naciones-unidas\/\">\n                    <img decoding=\"async\" src=\"https:\/\/www.repam.net\/es\/wp-content\/uploads\/fly-images\/13083\/IMG-20260419-WA0143.jpg-edited-350x250-c.jpeg\" class=\"w-full rounded-lg shadow\">\n            <\/a>\n    <h3 class=\"text-verde-500 text-lg font-bold mb-4\">\n        <a href=\"https:\/\/www.repam.net\/es\/regchag-remam-repam-en-naciones-unidas\/\">\n            REGCHAG, REMAM y REPAM participan de forma conjunta en el Foro Permanente de Naciones Unidas para Cuestiones Ind\u00edgenas        <\/a>\n    <\/h3>\n    <p class=\"pb-4\">\n        Desde este 20 y hasta el pr\u00f3ximo 26 de abril, las comisiones de cada una de las redes territoriales, conformadas por lideresas sociales, se har\u00e1n presentes en distintos eventos...    <\/p>\n<\/div><div class=\"glide__slide\">\n    <a href=\"https:\/\/www.repam.net\/es\/patricia-gualinga-miembro-del-foro-para-las-cuestiones-indigenas\/\">\n                    <img decoding=\"async\" src=\"https:\/\/www.repam.net\/es\/wp-content\/uploads\/fly-images\/13077\/IMG_4939-edited-scaled-350x250-c.jpg\" class=\"w-full rounded-lg shadow\">\n            <\/a>\n    <h3 class=\"text-verde-500 text-lg font-bold mb-4\">\n        <a href=\"https:\/\/www.repam.net\/es\/patricia-gualinga-miembro-del-foro-para-las-cuestiones-indigenas\/\">\n            Comienza la andadura de Patricia Gualinga como miembro del Foro Permanente de Naciones Unidas para las Cuestiones Ind\u00edgenas        <\/a>\n    <\/h3>\n    <p class=\"pb-4\">\n        Cuando en 2025 fue aprobada la candidatura de nuestra compa\u00f1era Paty para formar parte del Foro Permanente, cualquiera que hubiera compartido tiempo y lucha con ella sab\u00eda que no...    <\/p>\n<\/div><div class=\"glide__slide\">\n    <a href=\"https:\/\/www.repam.net\/es\/rio-napo-resistencia-de-mujeres-amazonicas\/\">\n                    <img decoding=\"async\" src=\"https:\/\/www.repam.net\/es\/wp-content\/uploads\/fly-images\/13072\/WhatsApp-Image-2026-04-13-at-11.22.03-AM-edited-350x250-c.jpeg\" class=\"w-full rounded-lg shadow\">\n            <\/a>\n    <h3 class=\"text-verde-500 text-lg font-bold mb-4\">\n        <a href=\"https:\/\/www.repam.net\/es\/rio-napo-resistencia-de-mujeres-amazonicas\/\">\n            R\u00edo Napo: territorio vivo y resistencia de las mujeres amaz\u00f3nicas        <\/a>\n    <\/h3>\n    <p class=\"pb-4\">\n        Hablar del r\u00edo Napo es hablar de vida, de territorio y de pueblos que, desde hace generaciones, han tejido su existencia en profunda relaci\u00f3n con sus aguas. Este gran...    <\/p>\n<\/div><\/div><\/div><\/div><\/div><div class=\"w-1\/12 text-lima-300 hover:text-lima-500 flex justify-center\"><button class=\"mt-24\" onclick=\"home1.go('>')\"><svg xmlns=\"http:\/\/www.w3.org\/2000\/svg\" class=\"h-12 w-12\" fill=\"none\" viewBox=\"0 0 24 24\" stroke=\"currentColor\"><path stroke-linecap=\"round\" stroke-linejoin=\"round\" stroke-width=\"2\" d=\"M9 5l7 7-7 7\" \/><\/svg><\/button><\/div><\/div><div class=\"flex justify-center mt-4\"><a href=\"\/es\/category\/noticias\" class=\"text-white bg-lima-500 rounded-full py-1 px-8 hover:bg-lima-600 transition\">ver todo<\/a><\/div><\/div>\n\n\n<div class=\"pt-4 pb-12 home2\"><div class=\"flex items-center container mx-auto px-4\"><div class=\"w-1\/12 text-lima-300 hover:text-lima-500 flex justify-center\"><button class=\"mt-24\" onclick=\"home2.go('<')\"><svg xmlns=\"http:\/\/www.w3.org\/2000\/svg\" class=\"h-12 w-12\" fill=\"none\" viewBox=\"0 0 24 24\" stroke=\"currentColor\"><path stroke-linecap=\"round\" stroke-linejoin=\"round\" stroke-width=\"2\" d=\"M15 19l-7-7 7-7\" \/><\/svg><\/button><\/div><div class=\"w-10\/12 px-8\"><h2 class=\"text-verde-500 text-3xl font-bold pb-8\">Agenda<\/h2><div class=\"glide-home2\"><div class=\"glide__track\" data-glide-el=\"track\"><div class=\"glide__slides\"><div class=\"glide__slide\">\n    <a href=\"https:\/\/www.repam.net\/es\/publicaciones\/series-radiales\/mujeres-amazonicas\/\" target=\"_blank\">\n                    <img decoding=\"async\" src=\"https:\/\/www.repam.net\/es\/wp-content\/uploads\/fly-images\/9675\/Mujeres-Amazonicas-cuadrado-250x250-c.jpg\" class=\"w-full rounded-lg shadow\">\n            <\/a>\n    <h3 class=\"text-verde-500 text-lg font-bold mb-4\">Mujeres Amaz\u00f3nicas<\/h3>\n    <p>El podcast &#8220;Mujeres Amaz\u00f3nicas&#8221; presenta la narrativa de mujeres ind\u00edgenas de la Panamazon\u00eda.<\/p>\n<\/div><div class=\"glide__slide\">\n    <a href=\"https:\/\/www.sei.org\/wp-content\/uploads\/2022\/11\/nuestra-casa-comun-sei-vatican-20221128.pdf\" target=\"_blank\">\n                    <img decoding=\"async\" src=\"https:\/\/www.repam.net\/es\/wp-content\/uploads\/fly-images\/10412\/Nostra-Casa-comun-250x250-c.jpg\" class=\"w-full rounded-lg shadow\">\n            <\/a>\n    <h3 class=\"text-verde-500 text-lg font-bold mb-4\">Nuestra casa com\u00fan<\/h3>\n    <p>Una gu\u00eda para el cuidado de nuestro planeta vivo (iniciativa conjunta de la Santa Sede y\u00a0el Instituto de Ambiente de Estocolmo)<\/p>\n<\/div><div class=\"glide__slide\">\n    <a href=\"https:\/\/www.youtube.com\/watch?v=o2sGT8a-I1w&#038;t=13s\" target=\"_blank\">\n                    <img decoding=\"async\" src=\"https:\/\/www.repam.net\/es\/wp-content\/uploads\/fly-images\/9488\/Mulheres-Manchineri-250x250-c.jpg\" class=\"w-full rounded-lg shadow\">\n            <\/a>\n    <h3 class=\"text-verde-500 text-lg font-bold mb-4\">Iglesia en Fronteras<\/h3>\n    <p>El pueblo ind\u00edgena Manchineri, de la frontera entre Brasil, Bolivia y Per\u00fa, rescatando su lengua y cultura<\/p>\n<\/div><div class=\"glide__slide\">\n    <a href=\"https:\/\/www.repam.net\/es\/publicaciones\/40-dias-navegando\/40-dias-navegando-2025-navegando-por-la-amazonia-como-peregrinos-de-la-esperanza\/\" target=\"_blank\">\n                    <img decoding=\"async\" src=\"https:\/\/www.repam.net\/es\/wp-content\/uploads\/fly-images\/11789\/5-@crisdibujante92-1-250x250-c.png\" class=\"w-full rounded-lg shadow\">\n            <\/a>\n    <h3 class=\"text-verde-500 text-lg font-bold mb-4\">Formaci\u00f3n, Oraci\u00f3n y Reflexi\u00f3n<\/h3>\n    <p>Material semanal de oraci\u00f3n y reflexi\u00f3n para el tiempo cuaresmal:\u00a0\u201c2025. Navegando como peregrinos de la esperanza en la Amazon\u00eda\u201d<\/p>\n<\/div><div class=\"glide__slide\">\n    <a href=\"https:\/\/www.repam.net\/es\/serie-juventudes-y-amazonia\/\" target=\"_blank\">\n                    <img decoding=\"async\" src=\"https:\/\/www.repam.net\/es\/wp-content\/uploads\/fly-images\/9180\/Juventudes-e-Amazonia-quadrado-250x250-c.jpg\" class=\"w-full rounded-lg shadow\">\n            <\/a>\n    <h3 class=\"text-verde-500 text-lg font-bold mb-4\">Juventudes<\/h3>\n    <p>J\u00f3venes de los pa\u00edses panamaz\u00f3nicos explican sus acciones en la promoci\u00f3n de una Ecolog\u00eda Integral<\/p>\n<\/div><div class=\"glide__slide\">\n    <a href=\"https:\/\/www.repam.net\/es\/nucleo-mujeres-y-amazonia-lanza-el-calendario-2025\/\" target=\"_blank\">\n                    <img decoding=\"async\" src=\"https:\/\/www.repam.net\/es\/wp-content\/uploads\/fly-images\/11558\/muje-ESP-250x250-c.jpeg\" class=\"w-full rounded-lg shadow\">\n            <\/a>\n    <h3 class=\"text-verde-500 text-lg font-bold mb-4\">Calendario &#8211; Mujeres y Amazon\u00eda<\/h3>\n    <p>La edici\u00f3n 2025 del Calendario titulado \u201cMujeres y Amazon\u00eda protagonistas de la Creaci\u00f3n\u201d pretende dar visibilidad y valorizar la contribuci\u00f3n de las mujeres en la protecci\u00f3n y promoci\u00f3n del territorio amaz\u00f3nico.<\/p>\n<\/div><div class=\"glide__slide\">\n    <a href=\"https:\/\/www.youtube.com\/watch?v=aNTNRaNeXnE&#038;list=PLzlcvg4GuiUYN3YcnwLiUTCJWukfaXX2h\" target=\"_blank\">\n                    <img decoding=\"async\" src=\"https:\/\/www.repam.net\/es\/wp-content\/uploads\/fly-images\/9490\/Justicia-Socioambiental-y-Buen-Vivir-250x250-c.jpg\" class=\"w-full rounded-lg shadow\">\n            <\/a>\n    <h3 class=\"text-verde-500 text-lg font-bold mb-4\">Buen Vivir<\/h3>\n    <p>Testimonio de amaz\u00f3nicos comprometidos con la justicia socioambiental y el buen vivir en Colombia, Brasil y Per\u00fa<\/p>\n<\/div><div class=\"glide__slide\">\n    <a href=\"https:\/\/www.repam.net\/es\/frutos-del-sinodo-amazonico\/\" target=\"_blank\">\n                    <img decoding=\"async\" src=\"https:\/\/www.repam.net\/es\/wp-content\/uploads\/fly-images\/9188\/Frutos-do-Sinodo-Amazonico-250x250-c.jpg\" class=\"w-full rounded-lg shadow\">\n            <\/a>\n    <h3 class=\"text-verde-500 text-lg font-bold mb-4\">S\u00ednodo Amaz\u00f3nico<\/h3>\n    <p>Presentaci\u00f3n de algunos avances en el camino postsinodal en el territorio panamaz\u00f3nico<\/p>\n<\/div><\/div><\/div><\/div><\/div><div class=\"w-1\/12 text-lima-300 hover:text-lima-500 flex justify-center\"><button class=\"mt-24\" onclick=\"home2.go('>')\"><svg xmlns=\"http:\/\/www.w3.org\/2000\/svg\" class=\"h-12 w-12\" fill=\"none\" viewBox=\"0 0 24 24\" stroke=\"currentColor\"><path stroke-linecap=\"round\" stroke-linejoin=\"round\" stroke-width=\"2\" d=\"M9 5l7 7-7 7\" \/><\/svg><\/button><\/div><\/div><div class=\"flex justify-center mt-4\"><a href=\"\/es\/es\/agenda\" class=\"text-white bg-lima-500 rounded-full py-1 px-8 hover:bg-lima-600 transition\">ver todo<\/a><\/div><\/div>\n","protected":false},"excerpt":{"rendered":"<p>INCIDENCIA POL\u00cdTICA Cuaderno para animaci\u00f3n de talleres de incidencia pol\u00edtica en la Pan-Amazon\u00eda SIREPAM Sistema de Informaci\u00f3n de la Realidad Eclesial de la Panamazon\u00eda \u00a1AMAZON\u00cdZATE! La Amazon\u00eda es fuente de vida en el coraz\u00f3n de la Iglesia. POL\u00cdTICA DE PROTECCI\u00d3N Pol\u00edtica de Protecci\u00f3n de menores y adultos vulnerables<\/p>\n","protected":false},"author":1,"featured_media":5121,"parent":0,"menu_order":0,"comment_status":"closed","ping_status":"closed","template":"page-home.php","meta":{"_acf_changed":false,"_uf_show_specific_survey":0,"_uf_disable_surveys":false,"footnotes":""},"class_list":["post-204","page","type-page","status-publish","has-post-thumbnail","hentry"],"acf":[],"aioseo_notices":[],"yoast_head":"<!-- This site is optimized with the Yoast SEO plugin v27.4 - https:\/\/yoast.com\/product\/yoast-seo-wordpress\/ -->\n<title>Home - REPAM<\/title>\n<meta name=\"description\" content=\"Promover el Reino de la Vida, en el cuidado de los pueblos, territorios y ecosistemas amaz\u00f3nicos, a trav\u00e9s de una acci\u00f3n socioeclesial articulada en red.\" \/>\n<meta name=\"robots\" content=\"index, follow, max-snippet:-1, max-image-preview:large, max-video-preview:-1\" \/>\n<link rel=\"canonical\" href=\"https:\/\/www.repam.net\/es\/\" \/>\n<meta property=\"og:locale\" content=\"es_ES\" \/>\n<meta property=\"og:type\" content=\"article\" \/>\n<meta property=\"og:title\" content=\"Home - REPAM\" \/>\n<meta property=\"og:description\" content=\"Promover el Reino de la Vida, en el cuidado de los pueblos, territorios y ecosistemas amaz\u00f3nicos, a trav\u00e9s de una acci\u00f3n socioeclesial articulada en red.\" \/>\n<meta property=\"og:url\" content=\"https:\/\/www.repam.net\/es\/\" \/>\n<meta property=\"og:site_name\" content=\"REPAM\" \/>\n<meta property=\"article:modified_time\" content=\"2026-03-13T21:45:07+00:00\" \/>\n<meta property=\"og:image\" content=\"https:\/\/www.repam.net\/es\/wp-content\/uploads\/2021\/09\/REPAM-D-1.png\" \/>\n\t<meta property=\"og:image:width\" content=\"1920\" \/>\n\t<meta property=\"og:image:height\" content=\"1080\" \/>\n\t<meta property=\"og:image:type\" content=\"image\/png\" \/>\n<meta name=\"twitter:card\" content=\"summary_large_image\" \/>\n<meta name=\"twitter:label1\" content=\"Tiempo de lectura\" \/>\n\t<meta name=\"twitter:data1\" content=\"2 minutos\" \/>\n<script type=\"application\/ld+json\" class=\"yoast-schema-graph\">{\"@context\":\"https:\\\/\\\/schema.org\",\"@graph\":[{\"@type\":\"WebPage\",\"@id\":\"https:\\\/\\\/www.repam.net\\\/es\\\/\",\"url\":\"https:\\\/\\\/www.repam.net\\\/es\\\/\",\"name\":\"Home - REPAM\",\"isPartOf\":{\"@id\":\"https:\\\/\\\/www.repam.net\\\/es\\\/#website\"},\"primaryImageOfPage\":{\"@id\":\"https:\\\/\\\/www.repam.net\\\/es\\\/#primaryimage\"},\"image\":{\"@id\":\"https:\\\/\\\/www.repam.net\\\/es\\\/#primaryimage\"},\"thumbnailUrl\":\"https:\\\/\\\/www.repam.net\\\/es\\\/wp-content\\\/uploads\\\/2021\\\/09\\\/REPAM-D-1.png\",\"datePublished\":\"2021-08-30T17:46:25+00:00\",\"dateModified\":\"2026-03-13T21:45:07+00:00\",\"description\":\"Promover el Reino de la Vida, en el cuidado de los pueblos, territorios y ecosistemas amaz\u00f3nicos, a trav\u00e9s de una acci\u00f3n socioeclesial articulada en red.\",\"breadcrumb\":{\"@id\":\"https:\\\/\\\/www.repam.net\\\/es\\\/#breadcrumb\"},\"inLanguage\":\"es-CO\",\"potentialAction\":[{\"@type\":\"ReadAction\",\"target\":[\"https:\\\/\\\/www.repam.net\\\/es\\\/\"]}]},{\"@type\":\"ImageObject\",\"inLanguage\":\"es-CO\",\"@id\":\"https:\\\/\\\/www.repam.net\\\/es\\\/#primaryimage\",\"url\":\"https:\\\/\\\/www.repam.net\\\/es\\\/wp-content\\\/uploads\\\/2021\\\/09\\\/REPAM-D-1.png\",\"contentUrl\":\"https:\\\/\\\/www.repam.net\\\/es\\\/wp-content\\\/uploads\\\/2021\\\/09\\\/REPAM-D-1.png\",\"width\":1920,\"height\":1080},{\"@type\":\"BreadcrumbList\",\"@id\":\"https:\\\/\\\/www.repam.net\\\/es\\\/#breadcrumb\",\"itemListElement\":[{\"@type\":\"ListItem\",\"position\":1,\"name\":\"Inicio\",\"item\":\"https:\\\/\\\/www.repam.net\\\/es\\\/\"},{\"@type\":\"ListItem\",\"position\":2,\"name\":\"Home\"}]},{\"@type\":\"WebSite\",\"@id\":\"https:\\\/\\\/www.repam.net\\\/es\\\/#website\",\"url\":\"https:\\\/\\\/www.repam.net\\\/es\\\/\",\"name\":\"REPAM\",\"description\":\"Red Eclesial Panamaz\u00f3nica\",\"publisher\":{\"@id\":\"https:\\\/\\\/www.repam.net\\\/es\\\/#organization\"},\"potentialAction\":[{\"@type\":\"SearchAction\",\"target\":{\"@type\":\"EntryPoint\",\"urlTemplate\":\"https:\\\/\\\/www.repam.net\\\/es\\\/?s={search_term_string}\"},\"query-input\":{\"@type\":\"PropertyValueSpecification\",\"valueRequired\":true,\"valueName\":\"search_term_string\"}}],\"inLanguage\":\"es-CO\"},{\"@type\":\"Organization\",\"@id\":\"https:\\\/\\\/www.repam.net\\\/es\\\/#organization\",\"name\":\"REPAM\",\"url\":\"https:\\\/\\\/www.repam.net\\\/es\\\/\",\"logo\":{\"@type\":\"ImageObject\",\"inLanguage\":\"es-CO\",\"@id\":\"https:\\\/\\\/www.repam.net\\\/es\\\/#\\\/schema\\\/logo\\\/image\\\/\",\"url\":\"https:\\\/\\\/www.repam.net\\\/es\\\/wp-content\\\/uploads\\\/2021\\\/11\\\/cropped-favicon.png\",\"contentUrl\":\"https:\\\/\\\/www.repam.net\\\/es\\\/wp-content\\\/uploads\\\/2021\\\/11\\\/cropped-favicon.png\",\"width\":512,\"height\":512,\"caption\":\"REPAM\"},\"image\":{\"@id\":\"https:\\\/\\\/www.repam.net\\\/es\\\/#\\\/schema\\\/logo\\\/image\\\/\"}}]}<\/script>\n<!-- \/ Yoast SEO plugin. -->","yoast_head_json":{"title":"Home - REPAM","description":"Promover el Reino de la Vida, en el cuidado de los pueblos, territorios y ecosistemas amaz\u00f3nicos, a trav\u00e9s de una acci\u00f3n socioeclesial articulada en red.","robots":{"index":"index","follow":"follow","max-snippet":"max-snippet:-1","max-image-preview":"max-image-preview:large","max-video-preview":"max-video-preview:-1"},"canonical":"https:\/\/www.repam.net\/es\/","og_locale":"es_ES","og_type":"article","og_title":"Home - REPAM","og_description":"Promover el Reino de la Vida, en el cuidado de los pueblos, territorios y ecosistemas amaz\u00f3nicos, a trav\u00e9s de una acci\u00f3n socioeclesial articulada en red.","og_url":"https:\/\/www.repam.net\/es\/","og_site_name":"REPAM","article_modified_time":"2026-03-13T21:45:07+00:00","og_image":[{"width":1920,"height":1080,"url":"https:\/\/www.repam.net\/es\/wp-content\/uploads\/2021\/09\/REPAM-D-1.png","type":"image\/png"}],"twitter_card":"summary_large_image","twitter_misc":{"Tiempo de lectura":"2 minutos"},"schema":{"@context":"https:\/\/schema.org","@graph":[{"@type":"WebPage","@id":"https:\/\/www.repam.net\/es\/","url":"https:\/\/www.repam.net\/es\/","name":"Home - REPAM","isPartOf":{"@id":"https:\/\/www.repam.net\/es\/#website"},"primaryImageOfPage":{"@id":"https:\/\/www.repam.net\/es\/#primaryimage"},"image":{"@id":"https:\/\/www.repam.net\/es\/#primaryimage"},"thumbnailUrl":"https:\/\/www.repam.net\/es\/wp-content\/uploads\/2021\/09\/REPAM-D-1.png","datePublished":"2021-08-30T17:46:25+00:00","dateModified":"2026-03-13T21:45:07+00:00","description":"Promover el Reino de la Vida, en el cuidado de los pueblos, territorios y ecosistemas amaz\u00f3nicos, a trav\u00e9s de una acci\u00f3n socioeclesial articulada en red.","breadcrumb":{"@id":"https:\/\/www.repam.net\/es\/#breadcrumb"},"inLanguage":"es-CO","potentialAction":[{"@type":"ReadAction","target":["https:\/\/www.repam.net\/es\/"]}]},{"@type":"ImageObject","inLanguage":"es-CO","@id":"https:\/\/www.repam.net\/es\/#primaryimage","url":"https:\/\/www.repam.net\/es\/wp-content\/uploads\/2021\/09\/REPAM-D-1.png","contentUrl":"https:\/\/www.repam.net\/es\/wp-content\/uploads\/2021\/09\/REPAM-D-1.png","width":1920,"height":1080},{"@type":"BreadcrumbList","@id":"https:\/\/www.repam.net\/es\/#breadcrumb","itemListElement":[{"@type":"ListItem","position":1,"name":"Inicio","item":"https:\/\/www.repam.net\/es\/"},{"@type":"ListItem","position":2,"name":"Home"}]},{"@type":"WebSite","@id":"https:\/\/www.repam.net\/es\/#website","url":"https:\/\/www.repam.net\/es\/","name":"REPAM","description":"Red Eclesial Panamaz\u00f3nica","publisher":{"@id":"https:\/\/www.repam.net\/es\/#organization"},"potentialAction":[{"@type":"SearchAction","target":{"@type":"EntryPoint","urlTemplate":"https:\/\/www.repam.net\/es\/?s={search_term_string}"},"query-input":{"@type":"PropertyValueSpecification","valueRequired":true,"valueName":"search_term_string"}}],"inLanguage":"es-CO"},{"@type":"Organization","@id":"https:\/\/www.repam.net\/es\/#organization","name":"REPAM","url":"https:\/\/www.repam.net\/es\/","logo":{"@type":"ImageObject","inLanguage":"es-CO","@id":"https:\/\/www.repam.net\/es\/#\/schema\/logo\/image\/","url":"https:\/\/www.repam.net\/es\/wp-content\/uploads\/2021\/11\/cropped-favicon.png","contentUrl":"https:\/\/www.repam.net\/es\/wp-content\/uploads\/2021\/11\/cropped-favicon.png","width":512,"height":512,"caption":"REPAM"},"image":{"@id":"https:\/\/www.repam.net\/es\/#\/schema\/logo\/image\/"}}]}},"_links":{"self":[{"href":"https:\/\/www.repam.net\/es\/wp-json\/wp\/v2\/pages\/204","targetHints":{"allow":["GET"]}}],"collection":[{"href":"https:\/\/www.repam.net\/es\/wp-json\/wp\/v2\/pages"}],"about":[{"href":"https:\/\/www.repam.net\/es\/wp-json\/wp\/v2\/types\/page"}],"author":[{"embeddable":true,"href":"https:\/\/www.repam.net\/es\/wp-json\/wp\/v2\/users\/1"}],"replies":[{"embeddable":true,"href":"https:\/\/www.repam.net\/es\/wp-json\/wp\/v2\/comments?post=204"}],"version-history":[{"count":32,"href":"https:\/\/www.repam.net\/es\/wp-json\/wp\/v2\/pages\/204\/revisions"}],"predecessor-version":[{"id":11384,"href":"https:\/\/www.repam.net\/es\/wp-json\/wp\/v2\/pages\/204\/revisions\/11384"}],"wp:featuredmedia":[{"embeddable":true,"href":"https:\/\/www.repam.net\/es\/wp-json\/wp\/v2\/media\/5121"}],"wp:attachment":[{"href":"https:\/\/www.repam.net\/es\/wp-json\/wp\/v2\/media?parent=204"}],"curies":[{"name":"wp","href":"https:\/\/api.w.org\/{rel}","templated":true}]}}