{"id":223,"date":"2021-08-30T16:07:26","date_gmt":"2021-08-30T21:07:26","guid":{"rendered":"http:\/\/repam.net\/?page_id=223"},"modified":"2022-11-29T14:14:57","modified_gmt":"2022-11-29T19:14:57","slug":"organizacion","status":"publish","type":"page","link":"https:\/\/www.repam.net\/es\/organizacion\/","title":{"rendered":"Organizacio\u0301n"},"content":{"rendered":"<div class=\"wp-block-image\">\n<figure class=\"aligncenter size-full\"><img loading=\"lazy\" decoding=\"async\" width=\"1024\" height=\"575\" src=\"https:\/\/www.repam.net\/es\/wp-content\/uploads\/2022\/11\/organizacion-1024x683-1.jpg\" alt=\"\" class=\"wp-image-9011\" srcset=\"https:\/\/www.repam.net\/es\/wp-content\/uploads\/2022\/11\/organizacion-1024x683-1.jpg 1024w, https:\/\/www.repam.net\/es\/wp-content\/uploads\/2022\/11\/organizacion-1024x683-1-300x168.jpg 300w, https:\/\/www.repam.net\/es\/wp-content\/uploads\/2022\/11\/organizacion-1024x683-1-768x431.jpg 768w\" sizes=\"auto, (max-width: 1024px) 100vw, 1024px\" \/><\/figure>\n<\/div>\n\n\n<p>En septiembre de 2014 en Brasilia, Brasil se realiza la Fundaci\u00f3n de la REPAM. La concepci\u00f3n se fundamenta en la composici\u00f3n del r\u00edo Amazonas, que existe gracias a la confluencia de sus diversos afluentes grandes, medianos y peque\u00f1os; de la misma forma, busca que la diversidad de experiencias y vivencias de muchas personas, comunidades, parroquias, vicariatos, prelac\u00edas, di\u00f3cesis, organizaciones, etc. se encuentren para juntos consolidar un r\u00edo\/red m\u00e1s grande.<\/p>\n\n\n\n<p>La apuesta como Red Eclesial Panamaz\u00f3nica se sustenta en una perspectiva territorial, donde se generen las conexiones entre las presencias hist\u00f3ricas de la Iglesia en la Panamazon\u00eda y la diversidad institucional eclesial, para que podamos construir puentes que fortalezcan la misi\u00f3n integral y puedan servir de mejor manera a las poblaciones ind\u00edgenas, campesinas, afrodescendientes y ribere\u00f1as. <\/p>\n\n\n\n<p>Es por ello, que la REPAM plantean un proceso de articulaci\u00f3n que parta del territorio y permita incidir en niveles internacionales: eclesiales, pol\u00edticos y sociales.<\/p>\n\n\n\n<h5 class=\"wp-block-heading\"><strong>N\u00daCLEOS TEM\u00c1TICOS<\/strong><\/h5>\n\n\n\n<p>La REPAM organiza su trabajo a trav\u00e9s de 12 N\u00facleos Tem\u00e1ticos:<\/p>\n\n\n\n<p class=\"has-text-align-center\"><img decoding=\"async\" src=\"blob:https:\/\/www.repam.net\/08d93dd1-88cf-46e0-ac5f-d9f9a21d2c0f\"><\/p>\n\n\n\n<h5 class=\"wp-block-heading\"><strong>ACOMPA\u00d1A Y ANIMA LA ACCI\u00d3N DE LA RED<\/strong><\/h5>\n\n\n\n<ul class=\"wp-block-list\">\n<li>Presidencia y Secretar\u00eda Ejecutiva<\/li>\n\n\n\n<li>Asesores y Comit\u00e9 Ejecutivo Ampliado<\/li>\n\n\n\n<li>REPAM Nacionales: Bolivia, Brasil, Colombia, Ecuador, Guyana Francesa, Per\u00fa y Venezuela. Se est\u00e1n constituyendo en Guyana y Surinam.<\/li>\n<\/ul>\n\n\n\n<h5 class=\"wp-block-heading\"><strong>PLAN PASTORAL 2022-2024<\/strong><\/h5>\n\n\n\n<p><\/p>\n\n\n\n<div data-wp-interactive=\"core\/file\" class=\"wp-block-file\"><object data-wp-bind--hidden=\"!state.hasPdfPreview\" hidden class=\"wp-block-file__embed\" data=\"https:\/\/www.repam.net\/es\/wp-content\/uploads\/2022\/11\/ESP-Plan-Pastoral-REPAM-2022-2024-final.pdf\" type=\"application\/pdf\" style=\"width:100%;height:600px\" aria-label=\"Incrustado de ESP-Plan-Pastoral-REPAM-2022-2024-final.\"><\/object><a id=\"wp-block-file--media-11d7532d-1e63-42bc-a253-277d70995651\" href=\"https:\/\/www.repam.net\/es\/wp-content\/uploads\/2022\/11\/ESP-Plan-Pastoral-REPAM-2022-2024-final.pdf\">ESP-Plan-Pastoral-REPAM-2022-2024-final<\/a><a href=\"https:\/\/www.repam.net\/es\/wp-content\/uploads\/2022\/11\/ESP-Plan-Pastoral-REPAM-2022-2024-final.pdf\" class=\"wp-block-file__button wp-element-button\" download aria-describedby=\"wp-block-file--media-11d7532d-1e63-42bc-a253-277d70995651\">Descargar<\/a><\/div>\n","protected":false},"excerpt":{"rendered":"<p>En septiembre de 2014 en Brasilia, Brasil se realiza la Fundaci\u00f3n de la REPAM. La concepci\u00f3n se fundamenta en la composici\u00f3n del r\u00edo Amazonas, que existe gracias a la confluencia de sus diversos afluentes grandes, medianos y peque\u00f1os; de la misma forma, busca que la diversidad de experiencias y vivencias de muchas personas, comunidades, parroquias, [&hellip;]<\/p>\n","protected":false},"author":1,"featured_media":9011,"parent":0,"menu_order":0,"comment_status":"closed","ping_status":"closed","template":"","meta":{"_acf_changed":false,"_uf_show_specific_survey":0,"_uf_disable_surveys":false,"footnotes":""},"class_list":["post-223","page","type-page","status-publish","has-post-thumbnail","hentry"],"acf":[],"aioseo_notices":[],"yoast_head":"<!-- This site is optimized with the Yoast SEO plugin v27.3 - https:\/\/yoast.com\/product\/yoast-seo-wordpress\/ -->\n<title>Organizacio\u0301n - REPAM<\/title>\n<meta name=\"robots\" content=\"index, follow, max-snippet:-1, max-image-preview:large, max-video-preview:-1\" \/>\n<link rel=\"canonical\" href=\"https:\/\/www.repam.net\/es\/organizacion\/\" \/>\n<meta property=\"og:locale\" content=\"es_ES\" \/>\n<meta property=\"og:type\" content=\"article\" \/>\n<meta property=\"og:title\" content=\"Organizacio\u0301n - REPAM\" \/>\n<meta property=\"og:description\" content=\"En septiembre de 2014 en Brasilia, Brasil se realiza la Fundaci\u00f3n de la REPAM. La concepci\u00f3n se fundamenta en la composici\u00f3n del r\u00edo Amazonas, que existe gracias a la confluencia de sus diversos afluentes grandes, medianos y peque\u00f1os; de la misma forma, busca que la diversidad de experiencias y vivencias de muchas personas, comunidades, parroquias, [&hellip;]\" \/>\n<meta property=\"og:url\" content=\"https:\/\/www.repam.net\/es\/organizacion\/\" \/>\n<meta property=\"og:site_name\" content=\"REPAM\" \/>\n<meta property=\"article:modified_time\" content=\"2022-11-29T19:14:57+00:00\" \/>\n<meta property=\"og:image\" content=\"https:\/\/www.repam.net\/es\/wp-content\/uploads\/2022\/11\/organizacion-1024x683-1.jpg\" \/>\n\t<meta property=\"og:image:width\" content=\"1024\" \/>\n\t<meta property=\"og:image:height\" content=\"575\" \/>\n\t<meta property=\"og:image:type\" content=\"image\/jpeg\" \/>\n<meta name=\"twitter:card\" content=\"summary_large_image\" \/>\n<meta name=\"twitter:label1\" content=\"Tiempo de lectura\" \/>\n\t<meta name=\"twitter:data1\" content=\"2 minutos\" \/>\n<script type=\"application\/ld+json\" class=\"yoast-schema-graph\">{\"@context\":\"https:\\\/\\\/schema.org\",\"@graph\":[{\"@type\":\"WebPage\",\"@id\":\"https:\\\/\\\/www.repam.net\\\/es\\\/organizacion\\\/\",\"url\":\"https:\\\/\\\/www.repam.net\\\/es\\\/organizacion\\\/\",\"name\":\"Organizacio\u0301n - REPAM\",\"isPartOf\":{\"@id\":\"https:\\\/\\\/www.repam.net\\\/es\\\/#website\"},\"primaryImageOfPage\":{\"@id\":\"https:\\\/\\\/www.repam.net\\\/es\\\/organizacion\\\/#primaryimage\"},\"image\":{\"@id\":\"https:\\\/\\\/www.repam.net\\\/es\\\/organizacion\\\/#primaryimage\"},\"thumbnailUrl\":\"https:\\\/\\\/www.repam.net\\\/es\\\/wp-content\\\/uploads\\\/2022\\\/11\\\/organizacion-1024x683-1.jpg\",\"datePublished\":\"2021-08-30T21:07:26+00:00\",\"dateModified\":\"2022-11-29T19:14:57+00:00\",\"breadcrumb\":{\"@id\":\"https:\\\/\\\/www.repam.net\\\/es\\\/organizacion\\\/#breadcrumb\"},\"inLanguage\":\"es-CO\",\"potentialAction\":[{\"@type\":\"ReadAction\",\"target\":[\"https:\\\/\\\/www.repam.net\\\/es\\\/organizacion\\\/\"]}]},{\"@type\":\"ImageObject\",\"inLanguage\":\"es-CO\",\"@id\":\"https:\\\/\\\/www.repam.net\\\/es\\\/organizacion\\\/#primaryimage\",\"url\":\"https:\\\/\\\/www.repam.net\\\/es\\\/wp-content\\\/uploads\\\/2022\\\/11\\\/organizacion-1024x683-1.jpg\",\"contentUrl\":\"https:\\\/\\\/www.repam.net\\\/es\\\/wp-content\\\/uploads\\\/2022\\\/11\\\/organizacion-1024x683-1.jpg\",\"width\":1024,\"height\":575},{\"@type\":\"BreadcrumbList\",\"@id\":\"https:\\\/\\\/www.repam.net\\\/es\\\/organizacion\\\/#breadcrumb\",\"itemListElement\":[{\"@type\":\"ListItem\",\"position\":1,\"name\":\"Inicio\",\"item\":\"https:\\\/\\\/www.repam.net\\\/es\\\/\"},{\"@type\":\"ListItem\",\"position\":2,\"name\":\"Organizacio\u0301n\"}]},{\"@type\":\"WebSite\",\"@id\":\"https:\\\/\\\/www.repam.net\\\/es\\\/#website\",\"url\":\"https:\\\/\\\/www.repam.net\\\/es\\\/\",\"name\":\"REPAM\",\"description\":\"Red Eclesial Panamaz\u00f3nica\",\"publisher\":{\"@id\":\"https:\\\/\\\/www.repam.net\\\/es\\\/#organization\"},\"potentialAction\":[{\"@type\":\"SearchAction\",\"target\":{\"@type\":\"EntryPoint\",\"urlTemplate\":\"https:\\\/\\\/www.repam.net\\\/es\\\/?s={search_term_string}\"},\"query-input\":{\"@type\":\"PropertyValueSpecification\",\"valueRequired\":true,\"valueName\":\"search_term_string\"}}],\"inLanguage\":\"es-CO\"},{\"@type\":\"Organization\",\"@id\":\"https:\\\/\\\/www.repam.net\\\/es\\\/#organization\",\"name\":\"REPAM\",\"url\":\"https:\\\/\\\/www.repam.net\\\/es\\\/\",\"logo\":{\"@type\":\"ImageObject\",\"inLanguage\":\"es-CO\",\"@id\":\"https:\\\/\\\/www.repam.net\\\/es\\\/#\\\/schema\\\/logo\\\/image\\\/\",\"url\":\"https:\\\/\\\/www.repam.net\\\/es\\\/wp-content\\\/uploads\\\/2021\\\/11\\\/cropped-favicon.png\",\"contentUrl\":\"https:\\\/\\\/www.repam.net\\\/es\\\/wp-content\\\/uploads\\\/2021\\\/11\\\/cropped-favicon.png\",\"width\":512,\"height\":512,\"caption\":\"REPAM\"},\"image\":{\"@id\":\"https:\\\/\\\/www.repam.net\\\/es\\\/#\\\/schema\\\/logo\\\/image\\\/\"}}]}<\/script>\n<!-- \/ Yoast SEO plugin. -->","yoast_head_json":{"title":"Organizacio\u0301n - REPAM","robots":{"index":"index","follow":"follow","max-snippet":"max-snippet:-1","max-image-preview":"max-image-preview:large","max-video-preview":"max-video-preview:-1"},"canonical":"https:\/\/www.repam.net\/es\/organizacion\/","og_locale":"es_ES","og_type":"article","og_title":"Organizacio\u0301n - REPAM","og_description":"En septiembre de 2014 en Brasilia, Brasil se realiza la Fundaci\u00f3n de la REPAM. La concepci\u00f3n se fundamenta en la composici\u00f3n del r\u00edo Amazonas, que existe gracias a la confluencia de sus diversos afluentes grandes, medianos y peque\u00f1os; de la misma forma, busca que la diversidad de experiencias y vivencias de muchas personas, comunidades, parroquias, [&hellip;]","og_url":"https:\/\/www.repam.net\/es\/organizacion\/","og_site_name":"REPAM","article_modified_time":"2022-11-29T19:14:57+00:00","og_image":[{"width":1024,"height":575,"url":"https:\/\/www.repam.net\/es\/wp-content\/uploads\/2022\/11\/organizacion-1024x683-1.jpg","type":"image\/jpeg"}],"twitter_card":"summary_large_image","twitter_misc":{"Tiempo de lectura":"2 minutos"},"schema":{"@context":"https:\/\/schema.org","@graph":[{"@type":"WebPage","@id":"https:\/\/www.repam.net\/es\/organizacion\/","url":"https:\/\/www.repam.net\/es\/organizacion\/","name":"Organizacio\u0301n - REPAM","isPartOf":{"@id":"https:\/\/www.repam.net\/es\/#website"},"primaryImageOfPage":{"@id":"https:\/\/www.repam.net\/es\/organizacion\/#primaryimage"},"image":{"@id":"https:\/\/www.repam.net\/es\/organizacion\/#primaryimage"},"thumbnailUrl":"https:\/\/www.repam.net\/es\/wp-content\/uploads\/2022\/11\/organizacion-1024x683-1.jpg","datePublished":"2021-08-30T21:07:26+00:00","dateModified":"2022-11-29T19:14:57+00:00","breadcrumb":{"@id":"https:\/\/www.repam.net\/es\/organizacion\/#breadcrumb"},"inLanguage":"es-CO","potentialAction":[{"@type":"ReadAction","target":["https:\/\/www.repam.net\/es\/organizacion\/"]}]},{"@type":"ImageObject","inLanguage":"es-CO","@id":"https:\/\/www.repam.net\/es\/organizacion\/#primaryimage","url":"https:\/\/www.repam.net\/es\/wp-content\/uploads\/2022\/11\/organizacion-1024x683-1.jpg","contentUrl":"https:\/\/www.repam.net\/es\/wp-content\/uploads\/2022\/11\/organizacion-1024x683-1.jpg","width":1024,"height":575},{"@type":"BreadcrumbList","@id":"https:\/\/www.repam.net\/es\/organizacion\/#breadcrumb","itemListElement":[{"@type":"ListItem","position":1,"name":"Inicio","item":"https:\/\/www.repam.net\/es\/"},{"@type":"ListItem","position":2,"name":"Organizacio\u0301n"}]},{"@type":"WebSite","@id":"https:\/\/www.repam.net\/es\/#website","url":"https:\/\/www.repam.net\/es\/","name":"REPAM","description":"Red Eclesial Panamaz\u00f3nica","publisher":{"@id":"https:\/\/www.repam.net\/es\/#organization"},"potentialAction":[{"@type":"SearchAction","target":{"@type":"EntryPoint","urlTemplate":"https:\/\/www.repam.net\/es\/?s={search_term_string}"},"query-input":{"@type":"PropertyValueSpecification","valueRequired":true,"valueName":"search_term_string"}}],"inLanguage":"es-CO"},{"@type":"Organization","@id":"https:\/\/www.repam.net\/es\/#organization","name":"REPAM","url":"https:\/\/www.repam.net\/es\/","logo":{"@type":"ImageObject","inLanguage":"es-CO","@id":"https:\/\/www.repam.net\/es\/#\/schema\/logo\/image\/","url":"https:\/\/www.repam.net\/es\/wp-content\/uploads\/2021\/11\/cropped-favicon.png","contentUrl":"https:\/\/www.repam.net\/es\/wp-content\/uploads\/2021\/11\/cropped-favicon.png","width":512,"height":512,"caption":"REPAM"},"image":{"@id":"https:\/\/www.repam.net\/es\/#\/schema\/logo\/image\/"}}]}},"_links":{"self":[{"href":"https:\/\/www.repam.net\/es\/wp-json\/wp\/v2\/pages\/223","targetHints":{"allow":["GET"]}}],"collection":[{"href":"https:\/\/www.repam.net\/es\/wp-json\/wp\/v2\/pages"}],"about":[{"href":"https:\/\/www.repam.net\/es\/wp-json\/wp\/v2\/types\/page"}],"author":[{"embeddable":true,"href":"https:\/\/www.repam.net\/es\/wp-json\/wp\/v2\/users\/1"}],"replies":[{"embeddable":true,"href":"https:\/\/www.repam.net\/es\/wp-json\/wp\/v2\/comments?post=223"}],"version-history":[{"count":5,"href":"https:\/\/www.repam.net\/es\/wp-json\/wp\/v2\/pages\/223\/revisions"}],"predecessor-version":[{"id":9013,"href":"https:\/\/www.repam.net\/es\/wp-json\/wp\/v2\/pages\/223\/revisions\/9013"}],"wp:featuredmedia":[{"embeddable":true,"href":"https:\/\/www.repam.net\/es\/wp-json\/wp\/v2\/media\/9011"}],"wp:attachment":[{"href":"https:\/\/www.repam.net\/es\/wp-json\/wp\/v2\/media?parent=223"}],"curies":[{"name":"wp","href":"https:\/\/api.w.org\/{rel}","templated":true}]}}