{"id":238,"date":"2021-08-30T16:33:42","date_gmt":"2021-08-30T21:33:42","guid":{"rendered":"http:\/\/repam.net\/?page_id=238"},"modified":"2025-08-26T20:17:30","modified_gmt":"2025-08-27T01:17:30","slug":"mapeo-e-investigacion","status":"publish","type":"page","link":"https:\/\/www.repam.net\/es\/mapeo-e-investigacion\/","title":{"rendered":"Mapeo e Investigaci\u00f3n"},"content":{"rendered":"<div class=\"wp-block-image\">\n<figure class=\"aligncenter size-full\"><img loading=\"lazy\" decoding=\"async\" width=\"466\" height=\"247\" src=\"https:\/\/www.repam.net\/es\/wp-content\/uploads\/2021\/08\/Atlas-Panamazonico.jpg\" alt=\"\" class=\"wp-image-241\" srcset=\"https:\/\/www.repam.net\/es\/wp-content\/uploads\/2021\/08\/Atlas-Panamazonico.jpg 466w, https:\/\/www.repam.net\/es\/wp-content\/uploads\/2021\/08\/Atlas-Panamazonico-300x159.jpg 300w\" sizes=\"auto, (max-width: 466px) 100vw, 466px\" \/><\/figure>\n<\/div>\n\n\n<p>Desarrollar un ejercicio completo de mapeo e investigaci\u00f3n que nos permita comprender la situaci\u00f3n de las poblaciones amaz\u00f3nicas, con \u00e9nfasis en la dimensi\u00f3n territorial, sus potencialidades y fragilidades; que nos permita tambi\u00e9n responder \u00bfQu\u00e9 Iglesia queremos ser en la Pan-Amazon\u00eda?<\/p>\n\n\n\n<p>a) Brindar un servicio a los distintos ejes de la REPAM con la informaci\u00f3n relevante y actualizada de la situaci\u00f3n de la Pan-Amazon\u00eda<\/p>\n\n\n\n<p>b) Conocer a profundidad las necesidades y fortalezas de la Pan-Amazon\u00eda para articular acciones representativas como REPAM<\/p>\n\n\n\n<p>c) Animar alianzas con redes como RAISG y PUC-R\u00edo, entre otras para incidir conjuntamente en el territorio.<\/p>\n\n\n\n<hr class=\"wp-block-separator has-alpha-channel-opacity\"\/>\n\n\n\n<div class=\"wp-block-columns is-layout-flex wp-container-core-columns-is-layout-9d6595d7 wp-block-columns-is-layout-flex\">\n<div class=\"wp-block-column is-layout-flow wp-block-column-is-layout-flow\">\n<figure class=\"wp-block-image size-large\"><a href=\"https:\/\/sirepam.repam.net\/portal\/home\" target=\"_blank\" rel=\"noreferrer noopener\"><img loading=\"lazy\" decoding=\"async\" width=\"1024\" height=\"576\" src=\"https:\/\/www.repam.net\/es\/wp-content\/uploads\/2021\/10\/SIREPAM-Lanzamiento-1024x576.png\" alt=\"\" class=\"wp-image-5304\" srcset=\"https:\/\/www.repam.net\/es\/wp-content\/uploads\/2021\/10\/SIREPAM-Lanzamiento-1024x576.png 1024w, https:\/\/www.repam.net\/es\/wp-content\/uploads\/2021\/10\/SIREPAM-Lanzamiento-300x169.png 300w, https:\/\/www.repam.net\/es\/wp-content\/uploads\/2021\/10\/SIREPAM-Lanzamiento-768x432.png 768w, https:\/\/www.repam.net\/es\/wp-content\/uploads\/2021\/10\/SIREPAM-Lanzamiento.png 1280w\" sizes=\"auto, (max-width: 1024px) 100vw, 1024px\" \/><\/a><\/figure>\n<\/div>\n\n\n\n<div class=\"wp-block-column is-layout-flow wp-block-column-is-layout-flow\">\n<figure class=\"wp-block-image size-large\"><a href=\"https:\/\/www.repam.net\/es\/publicaciones\/atlas-pan-amazonico\/\" target=\"_blank\" rel=\"noreferrer noopener\"><img loading=\"lazy\" decoding=\"async\" width=\"1202\" height=\"676\" src=\"https:\/\/www.repam.net\/es\/wp-content\/uploads\/2023\/09\/atlas-edited.jpg\" alt=\"\" class=\"wp-image-10728\" srcset=\"https:\/\/www.repam.net\/es\/wp-content\/uploads\/2023\/09\/atlas-edited.jpg 1202w, https:\/\/www.repam.net\/es\/wp-content\/uploads\/2023\/09\/atlas-edited-300x169.jpg 300w, https:\/\/www.repam.net\/es\/wp-content\/uploads\/2023\/09\/atlas-edited-1024x576.jpg 1024w, https:\/\/www.repam.net\/es\/wp-content\/uploads\/2023\/09\/atlas-edited-768x432.jpg 768w\" sizes=\"auto, (max-width: 1202px) 100vw, 1202px\" \/><\/a><\/figure>\n<\/div>\n<\/div>\n\n\n\n<p><\/p>\n","protected":false},"excerpt":{"rendered":"<p>Desarrollar un ejercicio completo de mapeo e investigaci\u00f3n que nos permita comprender la situaci\u00f3n de las poblaciones amaz\u00f3nicas, con \u00e9nfasis en la dimensi\u00f3n territorial, sus potencialidades y fragilidades; que nos permita tambi\u00e9n responder \u00bfQu\u00e9 Iglesia queremos ser en la Pan-Amazon\u00eda? a) Brindar un servicio a los distintos ejes de la REPAM con la informaci\u00f3n relevante [&hellip;]<\/p>\n","protected":false},"author":1,"featured_media":0,"parent":0,"menu_order":8,"comment_status":"closed","ping_status":"closed","template":"","meta":{"_acf_changed":false,"_uf_show_specific_survey":0,"_uf_disable_surveys":false,"footnotes":""},"class_list":["post-238","page","type-page","status-publish","hentry"],"acf":[],"aioseo_notices":[],"yoast_head":"<!-- This site is optimized with the Yoast SEO plugin v27.3 - https:\/\/yoast.com\/product\/yoast-seo-wordpress\/ -->\n<title>Mapeo e Investigaci\u00f3n - REPAM<\/title>\n<meta name=\"robots\" content=\"index, follow, max-snippet:-1, max-image-preview:large, max-video-preview:-1\" \/>\n<link rel=\"canonical\" href=\"https:\/\/www.repam.net\/es\/mapeo-e-investigacion\/\" \/>\n<meta property=\"og:locale\" content=\"es_ES\" \/>\n<meta property=\"og:type\" content=\"article\" \/>\n<meta property=\"og:title\" content=\"Mapeo e Investigaci\u00f3n - REPAM\" \/>\n<meta property=\"og:description\" content=\"Desarrollar un ejercicio completo de mapeo e investigaci\u00f3n que nos permita comprender la situaci\u00f3n de las poblaciones amaz\u00f3nicas, con \u00e9nfasis en la dimensi\u00f3n territorial, sus potencialidades y fragilidades; que nos permita tambi\u00e9n responder \u00bfQu\u00e9 Iglesia queremos ser en la Pan-Amazon\u00eda? a) Brindar un servicio a los distintos ejes de la REPAM con la informaci\u00f3n relevante [&hellip;]\" \/>\n<meta property=\"og:url\" content=\"https:\/\/www.repam.net\/es\/mapeo-e-investigacion\/\" \/>\n<meta property=\"og:site_name\" content=\"REPAM\" \/>\n<meta property=\"article:modified_time\" content=\"2025-08-27T01:17:30+00:00\" \/>\n<meta property=\"og:image\" content=\"https:\/\/www.repam.net\/es\/wp-content\/uploads\/2021\/08\/Atlas-Panamazonico.jpg\" \/>\n\t<meta property=\"og:image:width\" content=\"466\" \/>\n\t<meta property=\"og:image:height\" content=\"247\" \/>\n\t<meta property=\"og:image:type\" content=\"image\/jpeg\" \/>\n<meta name=\"twitter:card\" content=\"summary_large_image\" \/>\n<meta name=\"twitter:label1\" content=\"Tiempo de lectura\" \/>\n\t<meta name=\"twitter:data1\" content=\"2 minutos\" \/>\n<script type=\"application\/ld+json\" class=\"yoast-schema-graph\">{\"@context\":\"https:\\\/\\\/schema.org\",\"@graph\":[{\"@type\":\"WebPage\",\"@id\":\"https:\\\/\\\/www.repam.net\\\/es\\\/mapeo-e-investigacion\\\/\",\"url\":\"https:\\\/\\\/www.repam.net\\\/es\\\/mapeo-e-investigacion\\\/\",\"name\":\"Mapeo e Investigaci\u00f3n - REPAM\",\"isPartOf\":{\"@id\":\"https:\\\/\\\/www.repam.net\\\/es\\\/#website\"},\"primaryImageOfPage\":{\"@id\":\"https:\\\/\\\/www.repam.net\\\/es\\\/mapeo-e-investigacion\\\/#primaryimage\"},\"image\":{\"@id\":\"https:\\\/\\\/www.repam.net\\\/es\\\/mapeo-e-investigacion\\\/#primaryimage\"},\"thumbnailUrl\":\"https:\\\/\\\/www.repam.net\\\/es\\\/wp-content\\\/uploads\\\/2021\\\/08\\\/Atlas-Panamazonico.jpg\",\"datePublished\":\"2021-08-30T21:33:42+00:00\",\"dateModified\":\"2025-08-27T01:17:30+00:00\",\"breadcrumb\":{\"@id\":\"https:\\\/\\\/www.repam.net\\\/es\\\/mapeo-e-investigacion\\\/#breadcrumb\"},\"inLanguage\":\"es-CO\",\"potentialAction\":[{\"@type\":\"ReadAction\",\"target\":[\"https:\\\/\\\/www.repam.net\\\/es\\\/mapeo-e-investigacion\\\/\"]}]},{\"@type\":\"ImageObject\",\"inLanguage\":\"es-CO\",\"@id\":\"https:\\\/\\\/www.repam.net\\\/es\\\/mapeo-e-investigacion\\\/#primaryimage\",\"url\":\"https:\\\/\\\/www.repam.net\\\/es\\\/wp-content\\\/uploads\\\/2021\\\/08\\\/Atlas-Panamazonico.jpg\",\"contentUrl\":\"https:\\\/\\\/www.repam.net\\\/es\\\/wp-content\\\/uploads\\\/2021\\\/08\\\/Atlas-Panamazonico.jpg\",\"width\":466,\"height\":247},{\"@type\":\"BreadcrumbList\",\"@id\":\"https:\\\/\\\/www.repam.net\\\/es\\\/mapeo-e-investigacion\\\/#breadcrumb\",\"itemListElement\":[{\"@type\":\"ListItem\",\"position\":1,\"name\":\"Inicio\",\"item\":\"https:\\\/\\\/www.repam.net\\\/es\\\/\"},{\"@type\":\"ListItem\",\"position\":2,\"name\":\"Mapeo e Investigaci\u00f3n\"}]},{\"@type\":\"WebSite\",\"@id\":\"https:\\\/\\\/www.repam.net\\\/es\\\/#website\",\"url\":\"https:\\\/\\\/www.repam.net\\\/es\\\/\",\"name\":\"REPAM\",\"description\":\"Red Eclesial Panamaz\u00f3nica\",\"publisher\":{\"@id\":\"https:\\\/\\\/www.repam.net\\\/es\\\/#organization\"},\"potentialAction\":[{\"@type\":\"SearchAction\",\"target\":{\"@type\":\"EntryPoint\",\"urlTemplate\":\"https:\\\/\\\/www.repam.net\\\/es\\\/?s={search_term_string}\"},\"query-input\":{\"@type\":\"PropertyValueSpecification\",\"valueRequired\":true,\"valueName\":\"search_term_string\"}}],\"inLanguage\":\"es-CO\"},{\"@type\":\"Organization\",\"@id\":\"https:\\\/\\\/www.repam.net\\\/es\\\/#organization\",\"name\":\"REPAM\",\"url\":\"https:\\\/\\\/www.repam.net\\\/es\\\/\",\"logo\":{\"@type\":\"ImageObject\",\"inLanguage\":\"es-CO\",\"@id\":\"https:\\\/\\\/www.repam.net\\\/es\\\/#\\\/schema\\\/logo\\\/image\\\/\",\"url\":\"https:\\\/\\\/www.repam.net\\\/es\\\/wp-content\\\/uploads\\\/2021\\\/11\\\/cropped-favicon.png\",\"contentUrl\":\"https:\\\/\\\/www.repam.net\\\/es\\\/wp-content\\\/uploads\\\/2021\\\/11\\\/cropped-favicon.png\",\"width\":512,\"height\":512,\"caption\":\"REPAM\"},\"image\":{\"@id\":\"https:\\\/\\\/www.repam.net\\\/es\\\/#\\\/schema\\\/logo\\\/image\\\/\"}}]}<\/script>\n<!-- \/ Yoast SEO plugin. -->","yoast_head_json":{"title":"Mapeo e Investigaci\u00f3n - REPAM","robots":{"index":"index","follow":"follow","max-snippet":"max-snippet:-1","max-image-preview":"max-image-preview:large","max-video-preview":"max-video-preview:-1"},"canonical":"https:\/\/www.repam.net\/es\/mapeo-e-investigacion\/","og_locale":"es_ES","og_type":"article","og_title":"Mapeo e Investigaci\u00f3n - REPAM","og_description":"Desarrollar un ejercicio completo de mapeo e investigaci\u00f3n que nos permita comprender la situaci\u00f3n de las poblaciones amaz\u00f3nicas, con \u00e9nfasis en la dimensi\u00f3n territorial, sus potencialidades y fragilidades; que nos permita tambi\u00e9n responder \u00bfQu\u00e9 Iglesia queremos ser en la Pan-Amazon\u00eda? a) Brindar un servicio a los distintos ejes de la REPAM con la informaci\u00f3n relevante [&hellip;]","og_url":"https:\/\/www.repam.net\/es\/mapeo-e-investigacion\/","og_site_name":"REPAM","article_modified_time":"2025-08-27T01:17:30+00:00","og_image":[{"width":466,"height":247,"url":"https:\/\/www.repam.net\/es\/wp-content\/uploads\/2021\/08\/Atlas-Panamazonico.jpg","type":"image\/jpeg"}],"twitter_card":"summary_large_image","twitter_misc":{"Tiempo de lectura":"2 minutos"},"schema":{"@context":"https:\/\/schema.org","@graph":[{"@type":"WebPage","@id":"https:\/\/www.repam.net\/es\/mapeo-e-investigacion\/","url":"https:\/\/www.repam.net\/es\/mapeo-e-investigacion\/","name":"Mapeo e Investigaci\u00f3n - REPAM","isPartOf":{"@id":"https:\/\/www.repam.net\/es\/#website"},"primaryImageOfPage":{"@id":"https:\/\/www.repam.net\/es\/mapeo-e-investigacion\/#primaryimage"},"image":{"@id":"https:\/\/www.repam.net\/es\/mapeo-e-investigacion\/#primaryimage"},"thumbnailUrl":"https:\/\/www.repam.net\/es\/wp-content\/uploads\/2021\/08\/Atlas-Panamazonico.jpg","datePublished":"2021-08-30T21:33:42+00:00","dateModified":"2025-08-27T01:17:30+00:00","breadcrumb":{"@id":"https:\/\/www.repam.net\/es\/mapeo-e-investigacion\/#breadcrumb"},"inLanguage":"es-CO","potentialAction":[{"@type":"ReadAction","target":["https:\/\/www.repam.net\/es\/mapeo-e-investigacion\/"]}]},{"@type":"ImageObject","inLanguage":"es-CO","@id":"https:\/\/www.repam.net\/es\/mapeo-e-investigacion\/#primaryimage","url":"https:\/\/www.repam.net\/es\/wp-content\/uploads\/2021\/08\/Atlas-Panamazonico.jpg","contentUrl":"https:\/\/www.repam.net\/es\/wp-content\/uploads\/2021\/08\/Atlas-Panamazonico.jpg","width":466,"height":247},{"@type":"BreadcrumbList","@id":"https:\/\/www.repam.net\/es\/mapeo-e-investigacion\/#breadcrumb","itemListElement":[{"@type":"ListItem","position":1,"name":"Inicio","item":"https:\/\/www.repam.net\/es\/"},{"@type":"ListItem","position":2,"name":"Mapeo e Investigaci\u00f3n"}]},{"@type":"WebSite","@id":"https:\/\/www.repam.net\/es\/#website","url":"https:\/\/www.repam.net\/es\/","name":"REPAM","description":"Red Eclesial Panamaz\u00f3nica","publisher":{"@id":"https:\/\/www.repam.net\/es\/#organization"},"potentialAction":[{"@type":"SearchAction","target":{"@type":"EntryPoint","urlTemplate":"https:\/\/www.repam.net\/es\/?s={search_term_string}"},"query-input":{"@type":"PropertyValueSpecification","valueRequired":true,"valueName":"search_term_string"}}],"inLanguage":"es-CO"},{"@type":"Organization","@id":"https:\/\/www.repam.net\/es\/#organization","name":"REPAM","url":"https:\/\/www.repam.net\/es\/","logo":{"@type":"ImageObject","inLanguage":"es-CO","@id":"https:\/\/www.repam.net\/es\/#\/schema\/logo\/image\/","url":"https:\/\/www.repam.net\/es\/wp-content\/uploads\/2021\/11\/cropped-favicon.png","contentUrl":"https:\/\/www.repam.net\/es\/wp-content\/uploads\/2021\/11\/cropped-favicon.png","width":512,"height":512,"caption":"REPAM"},"image":{"@id":"https:\/\/www.repam.net\/es\/#\/schema\/logo\/image\/"}}]}},"_links":{"self":[{"href":"https:\/\/www.repam.net\/es\/wp-json\/wp\/v2\/pages\/238","targetHints":{"allow":["GET"]}}],"collection":[{"href":"https:\/\/www.repam.net\/es\/wp-json\/wp\/v2\/pages"}],"about":[{"href":"https:\/\/www.repam.net\/es\/wp-json\/wp\/v2\/types\/page"}],"author":[{"embeddable":true,"href":"https:\/\/www.repam.net\/es\/wp-json\/wp\/v2\/users\/1"}],"replies":[{"embeddable":true,"href":"https:\/\/www.repam.net\/es\/wp-json\/wp\/v2\/comments?post=238"}],"version-history":[{"count":7,"href":"https:\/\/www.repam.net\/es\/wp-json\/wp\/v2\/pages\/238\/revisions"}],"predecessor-version":[{"id":12292,"href":"https:\/\/www.repam.net\/es\/wp-json\/wp\/v2\/pages\/238\/revisions\/12292"}],"wp:attachment":[{"href":"https:\/\/www.repam.net\/es\/wp-json\/wp\/v2\/media?parent=238"}],"curies":[{"name":"wp","href":"https:\/\/api.w.org\/{rel}","templated":true}]}}