{"id":243,"date":"2021-08-30T16:41:44","date_gmt":"2021-08-30T21:41:44","guid":{"rendered":"http:\/\/repam.net\/?page_id=243"},"modified":"2025-08-26T18:40:12","modified_gmt":"2025-08-26T23:40:12","slug":"mujeres","status":"publish","type":"page","link":"https:\/\/www.repam.net\/es\/nucleos\/mujeres\/","title":{"rendered":"Mujeres y Amazon\u00eda"},"content":{"rendered":"\n<figure class=\"wp-block-image size-full\"><img loading=\"lazy\" decoding=\"async\" width=\"988\" height=\"658\" src=\"https:\/\/www.repam.net\/es\/wp-content\/uploads\/2025\/08\/Mulheres-e-Amazonia-1.jpg\" alt=\"\" class=\"wp-image-12272\" srcset=\"https:\/\/www.repam.net\/es\/wp-content\/uploads\/2025\/08\/Mulheres-e-Amazonia-1.jpg 988w, https:\/\/www.repam.net\/es\/wp-content\/uploads\/2025\/08\/Mulheres-e-Amazonia-1-300x200.jpg 300w, https:\/\/www.repam.net\/es\/wp-content\/uploads\/2025\/08\/Mulheres-e-Amazonia-1-768x511.jpg 768w\" sizes=\"auto, (max-width: 988px) 100vw, 988px\" \/><\/figure>\n\n\n\n<p>Consolidar un espacio de reflexi\u00f3n, articulaci\u00f3n y acci\u00f3n de las mujeres de la Panamazon\u00eda, que d\u00e9 respuestas a<em> <\/em>las principales preocupaciones que amenazan la vida y subsistencia de las mujeres; a su vez, que desde la experiencia y diversidad de responsabilidades, misiones y servicios, que aporten a los compromisos del S\u00ednodo y de los pedidos que surgieron durante la escucha sinodal, fortaleciendo los servicios y misiones que las mujeres realizan en la Iglesia y en la sociedad. Acogemos la invitaci\u00f3n del Papa Francisco a trabajar con creatividad.<\/p>\n\n\n\n<h2 class=\"wp-block-heading\"><strong>Comisiones internas del n\u00facleo de mujeres<\/strong><\/h2>\n\n\n\n<ul class=\"wp-block-list\">\n<li>Post Pandemia y Post S\u00ednodo<\/li>\n\n\n\n<li>Violencias<\/li>\n\n\n\n<li>Teolog\u00eda y Espiritualidad<\/li>\n\n\n\n<li>Diaconado y Ministerios<\/li>\n\n\n\n<li>Formaci\u00f3n Sociopol\u00edtica Pastoral<\/li>\n<\/ul>\n\n\n\n<p><\/p>\n","protected":false},"excerpt":{"rendered":"<p>Consolidar un espacio de reflexi\u00f3n, articulaci\u00f3n y acci\u00f3n de las mujeres de la Panamazon\u00eda, que d\u00e9 respuestas a las principales preocupaciones que amenazan la vida y subsistencia de las mujeres; a su vez, que desde la experiencia y diversidad de responsabilidades, misiones y servicios, que aporten a los compromisos del S\u00ednodo y de los pedidos [&hellip;]<\/p>\n","protected":false},"author":1,"featured_media":0,"parent":78,"menu_order":9,"comment_status":"closed","ping_status":"closed","template":"page-multipla.php","meta":{"_acf_changed":false,"_uf_show_specific_survey":0,"_uf_disable_surveys":false,"footnotes":""},"class_list":["post-243","page","type-page","status-publish","hentry"],"acf":[],"aioseo_notices":[],"yoast_head":"<!-- This site is optimized with the Yoast SEO plugin v27.3 - https:\/\/yoast.com\/product\/yoast-seo-wordpress\/ -->\n<title>Mujeres y Amazon\u00eda - REPAM<\/title>\n<meta name=\"robots\" content=\"index, follow, max-snippet:-1, max-image-preview:large, max-video-preview:-1\" \/>\n<link rel=\"canonical\" href=\"https:\/\/www.repam.net\/es\/nucleos\/mujeres\/\" \/>\n<meta property=\"og:locale\" content=\"es_ES\" \/>\n<meta property=\"og:type\" content=\"article\" \/>\n<meta property=\"og:title\" content=\"Mujeres y Amazon\u00eda - REPAM\" \/>\n<meta property=\"og:description\" content=\"Consolidar un espacio de reflexi\u00f3n, articulaci\u00f3n y acci\u00f3n de las mujeres de la Panamazon\u00eda, que d\u00e9 respuestas a las principales preocupaciones que amenazan la vida y subsistencia de las mujeres; a su vez, que desde la experiencia y diversidad de responsabilidades, misiones y servicios, que aporten a los compromisos del S\u00ednodo y de los pedidos [&hellip;]\" \/>\n<meta property=\"og:url\" content=\"https:\/\/www.repam.net\/es\/nucleos\/mujeres\/\" \/>\n<meta property=\"og:site_name\" content=\"REPAM\" \/>\n<meta property=\"article:modified_time\" content=\"2025-08-26T23:40:12+00:00\" \/>\n<meta property=\"og:image\" content=\"https:\/\/www.repam.net\/es\/wp-content\/uploads\/2025\/08\/Mulheres-e-Amazonia-1.jpg\" \/>\n\t<meta property=\"og:image:width\" content=\"988\" \/>\n\t<meta property=\"og:image:height\" content=\"658\" \/>\n\t<meta property=\"og:image:type\" content=\"image\/jpeg\" \/>\n<meta name=\"twitter:card\" content=\"summary_large_image\" \/>\n<meta name=\"twitter:label1\" content=\"Tiempo de lectura\" \/>\n\t<meta name=\"twitter:data1\" content=\"1 minuto\" \/>\n<script type=\"application\/ld+json\" class=\"yoast-schema-graph\">{\"@context\":\"https:\\\/\\\/schema.org\",\"@graph\":[{\"@type\":\"WebPage\",\"@id\":\"https:\\\/\\\/www.repam.net\\\/es\\\/nucleos\\\/mujeres\\\/\",\"url\":\"https:\\\/\\\/www.repam.net\\\/es\\\/nucleos\\\/mujeres\\\/\",\"name\":\"Mujeres y Amazon\u00eda - REPAM\",\"isPartOf\":{\"@id\":\"https:\\\/\\\/www.repam.net\\\/es\\\/#website\"},\"primaryImageOfPage\":{\"@id\":\"https:\\\/\\\/www.repam.net\\\/es\\\/nucleos\\\/mujeres\\\/#primaryimage\"},\"image\":{\"@id\":\"https:\\\/\\\/www.repam.net\\\/es\\\/nucleos\\\/mujeres\\\/#primaryimage\"},\"thumbnailUrl\":\"https:\\\/\\\/www.repam.net\\\/es\\\/wp-content\\\/uploads\\\/2025\\\/08\\\/Mulheres-e-Amazonia-1.jpg\",\"datePublished\":\"2021-08-30T21:41:44+00:00\",\"dateModified\":\"2025-08-26T23:40:12+00:00\",\"breadcrumb\":{\"@id\":\"https:\\\/\\\/www.repam.net\\\/es\\\/nucleos\\\/mujeres\\\/#breadcrumb\"},\"inLanguage\":\"es-CO\",\"potentialAction\":[{\"@type\":\"ReadAction\",\"target\":[\"https:\\\/\\\/www.repam.net\\\/es\\\/nucleos\\\/mujeres\\\/\"]}]},{\"@type\":\"ImageObject\",\"inLanguage\":\"es-CO\",\"@id\":\"https:\\\/\\\/www.repam.net\\\/es\\\/nucleos\\\/mujeres\\\/#primaryimage\",\"url\":\"https:\\\/\\\/www.repam.net\\\/es\\\/wp-content\\\/uploads\\\/2025\\\/08\\\/Mulheres-e-Amazonia-1.jpg\",\"contentUrl\":\"https:\\\/\\\/www.repam.net\\\/es\\\/wp-content\\\/uploads\\\/2025\\\/08\\\/Mulheres-e-Amazonia-1.jpg\",\"width\":988,\"height\":658},{\"@type\":\"BreadcrumbList\",\"@id\":\"https:\\\/\\\/www.repam.net\\\/es\\\/nucleos\\\/mujeres\\\/#breadcrumb\",\"itemListElement\":[{\"@type\":\"ListItem\",\"position\":1,\"name\":\"Inicio\",\"item\":\"https:\\\/\\\/www.repam.net\\\/es\\\/\"},{\"@type\":\"ListItem\",\"position\":2,\"name\":\"N\u00facleos Tem\u00e1ticos\",\"item\":\"https:\\\/\\\/www.repam.net\\\/es\\\/nucleos\\\/\"},{\"@type\":\"ListItem\",\"position\":3,\"name\":\"Mujeres y Amazon\u00eda\"}]},{\"@type\":\"WebSite\",\"@id\":\"https:\\\/\\\/www.repam.net\\\/es\\\/#website\",\"url\":\"https:\\\/\\\/www.repam.net\\\/es\\\/\",\"name\":\"REPAM\",\"description\":\"Red Eclesial Panamaz\u00f3nica\",\"publisher\":{\"@id\":\"https:\\\/\\\/www.repam.net\\\/es\\\/#organization\"},\"potentialAction\":[{\"@type\":\"SearchAction\",\"target\":{\"@type\":\"EntryPoint\",\"urlTemplate\":\"https:\\\/\\\/www.repam.net\\\/es\\\/?s={search_term_string}\"},\"query-input\":{\"@type\":\"PropertyValueSpecification\",\"valueRequired\":true,\"valueName\":\"search_term_string\"}}],\"inLanguage\":\"es-CO\"},{\"@type\":\"Organization\",\"@id\":\"https:\\\/\\\/www.repam.net\\\/es\\\/#organization\",\"name\":\"REPAM\",\"url\":\"https:\\\/\\\/www.repam.net\\\/es\\\/\",\"logo\":{\"@type\":\"ImageObject\",\"inLanguage\":\"es-CO\",\"@id\":\"https:\\\/\\\/www.repam.net\\\/es\\\/#\\\/schema\\\/logo\\\/image\\\/\",\"url\":\"https:\\\/\\\/www.repam.net\\\/es\\\/wp-content\\\/uploads\\\/2021\\\/11\\\/cropped-favicon.png\",\"contentUrl\":\"https:\\\/\\\/www.repam.net\\\/es\\\/wp-content\\\/uploads\\\/2021\\\/11\\\/cropped-favicon.png\",\"width\":512,\"height\":512,\"caption\":\"REPAM\"},\"image\":{\"@id\":\"https:\\\/\\\/www.repam.net\\\/es\\\/#\\\/schema\\\/logo\\\/image\\\/\"}}]}<\/script>\n<!-- \/ Yoast SEO plugin. -->","yoast_head_json":{"title":"Mujeres y Amazon\u00eda - REPAM","robots":{"index":"index","follow":"follow","max-snippet":"max-snippet:-1","max-image-preview":"max-image-preview:large","max-video-preview":"max-video-preview:-1"},"canonical":"https:\/\/www.repam.net\/es\/nucleos\/mujeres\/","og_locale":"es_ES","og_type":"article","og_title":"Mujeres y Amazon\u00eda - REPAM","og_description":"Consolidar un espacio de reflexi\u00f3n, articulaci\u00f3n y acci\u00f3n de las mujeres de la Panamazon\u00eda, que d\u00e9 respuestas a las principales preocupaciones que amenazan la vida y subsistencia de las mujeres; a su vez, que desde la experiencia y diversidad de responsabilidades, misiones y servicios, que aporten a los compromisos del S\u00ednodo y de los pedidos [&hellip;]","og_url":"https:\/\/www.repam.net\/es\/nucleos\/mujeres\/","og_site_name":"REPAM","article_modified_time":"2025-08-26T23:40:12+00:00","og_image":[{"width":988,"height":658,"url":"https:\/\/www.repam.net\/es\/wp-content\/uploads\/2025\/08\/Mulheres-e-Amazonia-1.jpg","type":"image\/jpeg"}],"twitter_card":"summary_large_image","twitter_misc":{"Tiempo de lectura":"1 minuto"},"schema":{"@context":"https:\/\/schema.org","@graph":[{"@type":"WebPage","@id":"https:\/\/www.repam.net\/es\/nucleos\/mujeres\/","url":"https:\/\/www.repam.net\/es\/nucleos\/mujeres\/","name":"Mujeres y Amazon\u00eda - REPAM","isPartOf":{"@id":"https:\/\/www.repam.net\/es\/#website"},"primaryImageOfPage":{"@id":"https:\/\/www.repam.net\/es\/nucleos\/mujeres\/#primaryimage"},"image":{"@id":"https:\/\/www.repam.net\/es\/nucleos\/mujeres\/#primaryimage"},"thumbnailUrl":"https:\/\/www.repam.net\/es\/wp-content\/uploads\/2025\/08\/Mulheres-e-Amazonia-1.jpg","datePublished":"2021-08-30T21:41:44+00:00","dateModified":"2025-08-26T23:40:12+00:00","breadcrumb":{"@id":"https:\/\/www.repam.net\/es\/nucleos\/mujeres\/#breadcrumb"},"inLanguage":"es-CO","potentialAction":[{"@type":"ReadAction","target":["https:\/\/www.repam.net\/es\/nucleos\/mujeres\/"]}]},{"@type":"ImageObject","inLanguage":"es-CO","@id":"https:\/\/www.repam.net\/es\/nucleos\/mujeres\/#primaryimage","url":"https:\/\/www.repam.net\/es\/wp-content\/uploads\/2025\/08\/Mulheres-e-Amazonia-1.jpg","contentUrl":"https:\/\/www.repam.net\/es\/wp-content\/uploads\/2025\/08\/Mulheres-e-Amazonia-1.jpg","width":988,"height":658},{"@type":"BreadcrumbList","@id":"https:\/\/www.repam.net\/es\/nucleos\/mujeres\/#breadcrumb","itemListElement":[{"@type":"ListItem","position":1,"name":"Inicio","item":"https:\/\/www.repam.net\/es\/"},{"@type":"ListItem","position":2,"name":"N\u00facleos Tem\u00e1ticos","item":"https:\/\/www.repam.net\/es\/nucleos\/"},{"@type":"ListItem","position":3,"name":"Mujeres y Amazon\u00eda"}]},{"@type":"WebSite","@id":"https:\/\/www.repam.net\/es\/#website","url":"https:\/\/www.repam.net\/es\/","name":"REPAM","description":"Red Eclesial Panamaz\u00f3nica","publisher":{"@id":"https:\/\/www.repam.net\/es\/#organization"},"potentialAction":[{"@type":"SearchAction","target":{"@type":"EntryPoint","urlTemplate":"https:\/\/www.repam.net\/es\/?s={search_term_string}"},"query-input":{"@type":"PropertyValueSpecification","valueRequired":true,"valueName":"search_term_string"}}],"inLanguage":"es-CO"},{"@type":"Organization","@id":"https:\/\/www.repam.net\/es\/#organization","name":"REPAM","url":"https:\/\/www.repam.net\/es\/","logo":{"@type":"ImageObject","inLanguage":"es-CO","@id":"https:\/\/www.repam.net\/es\/#\/schema\/logo\/image\/","url":"https:\/\/www.repam.net\/es\/wp-content\/uploads\/2021\/11\/cropped-favicon.png","contentUrl":"https:\/\/www.repam.net\/es\/wp-content\/uploads\/2021\/11\/cropped-favicon.png","width":512,"height":512,"caption":"REPAM"},"image":{"@id":"https:\/\/www.repam.net\/es\/#\/schema\/logo\/image\/"}}]}},"_links":{"self":[{"href":"https:\/\/www.repam.net\/es\/wp-json\/wp\/v2\/pages\/243","targetHints":{"allow":["GET"]}}],"collection":[{"href":"https:\/\/www.repam.net\/es\/wp-json\/wp\/v2\/pages"}],"about":[{"href":"https:\/\/www.repam.net\/es\/wp-json\/wp\/v2\/types\/page"}],"author":[{"embeddable":true,"href":"https:\/\/www.repam.net\/es\/wp-json\/wp\/v2\/users\/1"}],"replies":[{"embeddable":true,"href":"https:\/\/www.repam.net\/es\/wp-json\/wp\/v2\/comments?post=243"}],"version-history":[{"count":4,"href":"https:\/\/www.repam.net\/es\/wp-json\/wp\/v2\/pages\/243\/revisions"}],"predecessor-version":[{"id":12274,"href":"https:\/\/www.repam.net\/es\/wp-json\/wp\/v2\/pages\/243\/revisions\/12274"}],"up":[{"embeddable":true,"href":"https:\/\/www.repam.net\/es\/wp-json\/wp\/v2\/pages\/78"}],"wp:attachment":[{"href":"https:\/\/www.repam.net\/es\/wp-json\/wp\/v2\/media?parent=243"}],"curies":[{"name":"wp","href":"https:\/\/api.w.org\/{rel}","templated":true}]}}