{"id":247,"date":"2021-08-30T16:47:35","date_gmt":"2021-08-30T21:47:35","guid":{"rendered":"http:\/\/repam.net\/?page_id=247"},"modified":"2025-08-26T18:25:50","modified_gmt":"2025-08-26T23:25:50","slug":"iglesia-en-fronteras","status":"publish","type":"page","link":"https:\/\/www.repam.net\/es\/nucleos\/iglesia-en-fronteras\/","title":{"rendered":"Iglesia en Fronteras"},"content":{"rendered":"<div class=\"wp-block-image is-style-default\">\n<figure class=\"aligncenter size-large\"><img loading=\"lazy\" decoding=\"async\" width=\"1024\" height=\"576\" src=\"https:\/\/www.repam.net\/es\/wp-content\/uploads\/2025\/08\/Igreja-em-fronteiras-1-1-1024x576.jpg\" alt=\"\" class=\"wp-image-12263\" style=\"aspect-ratio:16\/9;object-fit:cover\" srcset=\"https:\/\/www.repam.net\/es\/wp-content\/uploads\/2025\/08\/Igreja-em-fronteiras-1-1-1024x576.jpg 1024w, https:\/\/www.repam.net\/es\/wp-content\/uploads\/2025\/08\/Igreja-em-fronteiras-1-1-300x169.jpg 300w, https:\/\/www.repam.net\/es\/wp-content\/uploads\/2025\/08\/Igreja-em-fronteiras-1-1-768x432.jpg 768w, https:\/\/www.repam.net\/es\/wp-content\/uploads\/2025\/08\/Igreja-em-fronteiras-1-1.jpg 1280w\" sizes=\"auto, (max-width: 1024px) 100vw, 1024px\" \/><\/figure>\n<\/div>\n\n\n<p>Buscar articulaci\u00f3n y colaboraci\u00f3n entre Iglesias de frontera de proximidad geogr\u00e1fica con temas, problem\u00e1ticas y realidades afines para construir una propuesta inicial en el trabajo interfronterizas.<\/p>\n\n\n\n<p><\/p>\n\n\n\n<h2 class=\"wp-block-heading\"><strong>Resultados propuestos<\/strong><\/h2>\n\n\n\n<ol class=\"wp-block-list\">\n<li>REPAM instancia de di\u00e1logo y de hacer comprensible esta realidad<\/li>\n\n\n\n<li>Pastoral encarnada y articulada, que crea consensos en las fronteras<\/li>\n\n\n\n<li>Proyectos concretos focalizados que vayan en la l\u00ednea de la promoci\u00f3n de la vida<\/li>\n<\/ol>\n","protected":false},"excerpt":{"rendered":"<p>Buscar articulaci\u00f3n y colaboraci\u00f3n entre Iglesias de frontera de proximidad geogr\u00e1fica con temas, problem\u00e1ticas y realidades afines para construir una propuesta inicial en el trabajo interfronterizas. Resultados propuestos<\/p>\n","protected":false},"author":1,"featured_media":0,"parent":78,"menu_order":5,"comment_status":"closed","ping_status":"closed","template":"page-multipla.php","meta":{"_acf_changed":false,"_uf_show_specific_survey":0,"_uf_disable_surveys":false,"footnotes":""},"class_list":["post-247","page","type-page","status-publish","hentry"],"acf":[],"aioseo_notices":[],"yoast_head":"<!-- This site is optimized with the Yoast SEO plugin v27.4 - https:\/\/yoast.com\/product\/yoast-seo-wordpress\/ -->\n<title>Iglesia en Fronteras - REPAM<\/title>\n<meta name=\"robots\" content=\"index, follow, max-snippet:-1, max-image-preview:large, max-video-preview:-1\" \/>\n<link rel=\"canonical\" href=\"https:\/\/www.repam.net\/es\/nucleos\/iglesia-en-fronteras\/\" \/>\n<meta property=\"og:locale\" content=\"es_ES\" \/>\n<meta property=\"og:type\" content=\"article\" \/>\n<meta property=\"og:title\" content=\"Iglesia en Fronteras - REPAM\" \/>\n<meta property=\"og:description\" content=\"Buscar articulaci\u00f3n y colaboraci\u00f3n entre Iglesias de frontera de proximidad geogr\u00e1fica con temas, problem\u00e1ticas y realidades afines para construir una propuesta inicial en el trabajo interfronterizas. Resultados propuestos\" \/>\n<meta property=\"og:url\" content=\"https:\/\/www.repam.net\/es\/nucleos\/iglesia-en-fronteras\/\" \/>\n<meta property=\"og:site_name\" content=\"REPAM\" \/>\n<meta property=\"article:modified_time\" content=\"2025-08-26T23:25:50+00:00\" \/>\n<meta property=\"og:image\" content=\"https:\/\/www.repam.net\/es\/wp-content\/uploads\/2025\/08\/Igreja-em-fronteiras-1-1.jpg\" \/>\n\t<meta property=\"og:image:width\" content=\"1280\" \/>\n\t<meta property=\"og:image:height\" content=\"720\" \/>\n\t<meta property=\"og:image:type\" content=\"image\/jpeg\" \/>\n<meta name=\"twitter:card\" content=\"summary_large_image\" \/>\n<meta name=\"twitter:label1\" content=\"Tiempo de lectura\" \/>\n\t<meta name=\"twitter:data1\" content=\"1 minuto\" \/>\n<script type=\"application\/ld+json\" class=\"yoast-schema-graph\">{\"@context\":\"https:\\\/\\\/schema.org\",\"@graph\":[{\"@type\":\"WebPage\",\"@id\":\"https:\\\/\\\/www.repam.net\\\/es\\\/nucleos\\\/iglesia-en-fronteras\\\/\",\"url\":\"https:\\\/\\\/www.repam.net\\\/es\\\/nucleos\\\/iglesia-en-fronteras\\\/\",\"name\":\"Iglesia en Fronteras - REPAM\",\"isPartOf\":{\"@id\":\"https:\\\/\\\/www.repam.net\\\/es\\\/#website\"},\"primaryImageOfPage\":{\"@id\":\"https:\\\/\\\/www.repam.net\\\/es\\\/nucleos\\\/iglesia-en-fronteras\\\/#primaryimage\"},\"image\":{\"@id\":\"https:\\\/\\\/www.repam.net\\\/es\\\/nucleos\\\/iglesia-en-fronteras\\\/#primaryimage\"},\"thumbnailUrl\":\"https:\\\/\\\/www.repam.net\\\/es\\\/wp-content\\\/uploads\\\/2025\\\/08\\\/Igreja-em-fronteiras-1-1-1024x576.jpg\",\"datePublished\":\"2021-08-30T21:47:35+00:00\",\"dateModified\":\"2025-08-26T23:25:50+00:00\",\"breadcrumb\":{\"@id\":\"https:\\\/\\\/www.repam.net\\\/es\\\/nucleos\\\/iglesia-en-fronteras\\\/#breadcrumb\"},\"inLanguage\":\"es-CO\",\"potentialAction\":[{\"@type\":\"ReadAction\",\"target\":[\"https:\\\/\\\/www.repam.net\\\/es\\\/nucleos\\\/iglesia-en-fronteras\\\/\"]}]},{\"@type\":\"ImageObject\",\"inLanguage\":\"es-CO\",\"@id\":\"https:\\\/\\\/www.repam.net\\\/es\\\/nucleos\\\/iglesia-en-fronteras\\\/#primaryimage\",\"url\":\"https:\\\/\\\/www.repam.net\\\/es\\\/wp-content\\\/uploads\\\/2025\\\/08\\\/Igreja-em-fronteiras-1-1.jpg\",\"contentUrl\":\"https:\\\/\\\/www.repam.net\\\/es\\\/wp-content\\\/uploads\\\/2025\\\/08\\\/Igreja-em-fronteiras-1-1.jpg\",\"width\":1280,\"height\":720},{\"@type\":\"BreadcrumbList\",\"@id\":\"https:\\\/\\\/www.repam.net\\\/es\\\/nucleos\\\/iglesia-en-fronteras\\\/#breadcrumb\",\"itemListElement\":[{\"@type\":\"ListItem\",\"position\":1,\"name\":\"Inicio\",\"item\":\"https:\\\/\\\/www.repam.net\\\/es\\\/\"},{\"@type\":\"ListItem\",\"position\":2,\"name\":\"N\u00facleos Tem\u00e1ticos\",\"item\":\"https:\\\/\\\/www.repam.net\\\/es\\\/nucleos\\\/\"},{\"@type\":\"ListItem\",\"position\":3,\"name\":\"Iglesia en Fronteras\"}]},{\"@type\":\"WebSite\",\"@id\":\"https:\\\/\\\/www.repam.net\\\/es\\\/#website\",\"url\":\"https:\\\/\\\/www.repam.net\\\/es\\\/\",\"name\":\"REPAM\",\"description\":\"Red Eclesial Panamaz\u00f3nica\",\"publisher\":{\"@id\":\"https:\\\/\\\/www.repam.net\\\/es\\\/#organization\"},\"potentialAction\":[{\"@type\":\"SearchAction\",\"target\":{\"@type\":\"EntryPoint\",\"urlTemplate\":\"https:\\\/\\\/www.repam.net\\\/es\\\/?s={search_term_string}\"},\"query-input\":{\"@type\":\"PropertyValueSpecification\",\"valueRequired\":true,\"valueName\":\"search_term_string\"}}],\"inLanguage\":\"es-CO\"},{\"@type\":\"Organization\",\"@id\":\"https:\\\/\\\/www.repam.net\\\/es\\\/#organization\",\"name\":\"REPAM\",\"url\":\"https:\\\/\\\/www.repam.net\\\/es\\\/\",\"logo\":{\"@type\":\"ImageObject\",\"inLanguage\":\"es-CO\",\"@id\":\"https:\\\/\\\/www.repam.net\\\/es\\\/#\\\/schema\\\/logo\\\/image\\\/\",\"url\":\"https:\\\/\\\/www.repam.net\\\/es\\\/wp-content\\\/uploads\\\/2021\\\/11\\\/cropped-favicon.png\",\"contentUrl\":\"https:\\\/\\\/www.repam.net\\\/es\\\/wp-content\\\/uploads\\\/2021\\\/11\\\/cropped-favicon.png\",\"width\":512,\"height\":512,\"caption\":\"REPAM\"},\"image\":{\"@id\":\"https:\\\/\\\/www.repam.net\\\/es\\\/#\\\/schema\\\/logo\\\/image\\\/\"}}]}<\/script>\n<!-- \/ Yoast SEO plugin. -->","yoast_head_json":{"title":"Iglesia en Fronteras - REPAM","robots":{"index":"index","follow":"follow","max-snippet":"max-snippet:-1","max-image-preview":"max-image-preview:large","max-video-preview":"max-video-preview:-1"},"canonical":"https:\/\/www.repam.net\/es\/nucleos\/iglesia-en-fronteras\/","og_locale":"es_ES","og_type":"article","og_title":"Iglesia en Fronteras - REPAM","og_description":"Buscar articulaci\u00f3n y colaboraci\u00f3n entre Iglesias de frontera de proximidad geogr\u00e1fica con temas, problem\u00e1ticas y realidades afines para construir una propuesta inicial en el trabajo interfronterizas. Resultados propuestos","og_url":"https:\/\/www.repam.net\/es\/nucleos\/iglesia-en-fronteras\/","og_site_name":"REPAM","article_modified_time":"2025-08-26T23:25:50+00:00","og_image":[{"width":1280,"height":720,"url":"https:\/\/www.repam.net\/es\/wp-content\/uploads\/2025\/08\/Igreja-em-fronteiras-1-1.jpg","type":"image\/jpeg"}],"twitter_card":"summary_large_image","twitter_misc":{"Tiempo de lectura":"1 minuto"},"schema":{"@context":"https:\/\/schema.org","@graph":[{"@type":"WebPage","@id":"https:\/\/www.repam.net\/es\/nucleos\/iglesia-en-fronteras\/","url":"https:\/\/www.repam.net\/es\/nucleos\/iglesia-en-fronteras\/","name":"Iglesia en Fronteras - REPAM","isPartOf":{"@id":"https:\/\/www.repam.net\/es\/#website"},"primaryImageOfPage":{"@id":"https:\/\/www.repam.net\/es\/nucleos\/iglesia-en-fronteras\/#primaryimage"},"image":{"@id":"https:\/\/www.repam.net\/es\/nucleos\/iglesia-en-fronteras\/#primaryimage"},"thumbnailUrl":"https:\/\/www.repam.net\/es\/wp-content\/uploads\/2025\/08\/Igreja-em-fronteiras-1-1-1024x576.jpg","datePublished":"2021-08-30T21:47:35+00:00","dateModified":"2025-08-26T23:25:50+00:00","breadcrumb":{"@id":"https:\/\/www.repam.net\/es\/nucleos\/iglesia-en-fronteras\/#breadcrumb"},"inLanguage":"es-CO","potentialAction":[{"@type":"ReadAction","target":["https:\/\/www.repam.net\/es\/nucleos\/iglesia-en-fronteras\/"]}]},{"@type":"ImageObject","inLanguage":"es-CO","@id":"https:\/\/www.repam.net\/es\/nucleos\/iglesia-en-fronteras\/#primaryimage","url":"https:\/\/www.repam.net\/es\/wp-content\/uploads\/2025\/08\/Igreja-em-fronteiras-1-1.jpg","contentUrl":"https:\/\/www.repam.net\/es\/wp-content\/uploads\/2025\/08\/Igreja-em-fronteiras-1-1.jpg","width":1280,"height":720},{"@type":"BreadcrumbList","@id":"https:\/\/www.repam.net\/es\/nucleos\/iglesia-en-fronteras\/#breadcrumb","itemListElement":[{"@type":"ListItem","position":1,"name":"Inicio","item":"https:\/\/www.repam.net\/es\/"},{"@type":"ListItem","position":2,"name":"N\u00facleos Tem\u00e1ticos","item":"https:\/\/www.repam.net\/es\/nucleos\/"},{"@type":"ListItem","position":3,"name":"Iglesia en Fronteras"}]},{"@type":"WebSite","@id":"https:\/\/www.repam.net\/es\/#website","url":"https:\/\/www.repam.net\/es\/","name":"REPAM","description":"Red Eclesial Panamaz\u00f3nica","publisher":{"@id":"https:\/\/www.repam.net\/es\/#organization"},"potentialAction":[{"@type":"SearchAction","target":{"@type":"EntryPoint","urlTemplate":"https:\/\/www.repam.net\/es\/?s={search_term_string}"},"query-input":{"@type":"PropertyValueSpecification","valueRequired":true,"valueName":"search_term_string"}}],"inLanguage":"es-CO"},{"@type":"Organization","@id":"https:\/\/www.repam.net\/es\/#organization","name":"REPAM","url":"https:\/\/www.repam.net\/es\/","logo":{"@type":"ImageObject","inLanguage":"es-CO","@id":"https:\/\/www.repam.net\/es\/#\/schema\/logo\/image\/","url":"https:\/\/www.repam.net\/es\/wp-content\/uploads\/2021\/11\/cropped-favicon.png","contentUrl":"https:\/\/www.repam.net\/es\/wp-content\/uploads\/2021\/11\/cropped-favicon.png","width":512,"height":512,"caption":"REPAM"},"image":{"@id":"https:\/\/www.repam.net\/es\/#\/schema\/logo\/image\/"}}]}},"_links":{"self":[{"href":"https:\/\/www.repam.net\/es\/wp-json\/wp\/v2\/pages\/247","targetHints":{"allow":["GET"]}}],"collection":[{"href":"https:\/\/www.repam.net\/es\/wp-json\/wp\/v2\/pages"}],"about":[{"href":"https:\/\/www.repam.net\/es\/wp-json\/wp\/v2\/types\/page"}],"author":[{"embeddable":true,"href":"https:\/\/www.repam.net\/es\/wp-json\/wp\/v2\/users\/1"}],"replies":[{"embeddable":true,"href":"https:\/\/www.repam.net\/es\/wp-json\/wp\/v2\/comments?post=247"}],"version-history":[{"count":3,"href":"https:\/\/www.repam.net\/es\/wp-json\/wp\/v2\/pages\/247\/revisions"}],"predecessor-version":[{"id":12265,"href":"https:\/\/www.repam.net\/es\/wp-json\/wp\/v2\/pages\/247\/revisions\/12265"}],"up":[{"embeddable":true,"href":"https:\/\/www.repam.net\/es\/wp-json\/wp\/v2\/pages\/78"}],"wp:attachment":[{"href":"https:\/\/www.repam.net\/es\/wp-json\/wp\/v2\/media?parent=247"}],"curies":[{"name":"wp","href":"https:\/\/api.w.org\/{rel}","templated":true}]}}