{"id":251,"date":"2021-08-30T16:52:15","date_gmt":"2021-08-30T21:52:15","guid":{"rendered":"http:\/\/repam.net\/?page_id=251"},"modified":"2025-08-26T18:42:35","modified_gmt":"2025-08-26T23:42:35","slug":"justicia-socioambiental-y-buen-vivir","status":"publish","type":"page","link":"https:\/\/www.repam.net\/es\/nucleos\/justicia-socioambiental-y-buen-vivir\/","title":{"rendered":"Justicia Socioambiental y Buen Vivir"},"content":{"rendered":"\n<div class=\"wp-block-columns is-layout-flex wp-container-core-columns-is-layout-9d6595d7 wp-block-columns-is-layout-flex\">\n<div class=\"wp-block-column is-layout-flow wp-block-column-is-layout-flow\">\n<figure class=\"wp-block-image size-full\"><img loading=\"lazy\" decoding=\"async\" width=\"1024\" height=\"682\" src=\"https:\/\/www.repam.net\/es\/wp-content\/uploads\/2025\/08\/JSABV_01.jpeg\" alt=\"\" class=\"wp-image-12275\" srcset=\"https:\/\/www.repam.net\/es\/wp-content\/uploads\/2025\/08\/JSABV_01.jpeg 1024w, https:\/\/www.repam.net\/es\/wp-content\/uploads\/2025\/08\/JSABV_01-300x200.jpeg 300w, https:\/\/www.repam.net\/es\/wp-content\/uploads\/2025\/08\/JSABV_01-768x512.jpeg 768w\" sizes=\"auto, (max-width: 1024px) 100vw, 1024px\" \/><\/figure>\n<\/div>\n<\/div>\n\n\n\n<p>Construir un proceso de reflexi\u00f3n y acci\u00f3n sobre desarrollo en la Panamazon\u00eda desde las propias propuestas de los pueblos amaz\u00f3nicos, para ver y sentir la abundancia y el buen vivir.<\/p>\n\n\n\n<p><\/p>\n\n\n\n<h2 class=\"wp-block-heading\"><strong>Resultados propuestos<\/strong><\/h2>\n\n\n\n<ul class=\"wp-block-list\">\n<li>Definir l\u00edneas de acci\u00f3n de los principios de buen vivir de los pueblos amaz\u00f3nicos a nivel Pan-Amaz\u00f3nico<\/li>\n\n\n\n<li>Implementaci\u00f3n de las l\u00edneas de acci\u00f3n<\/li>\n<\/ul>\n\n\n\n<hr class=\"wp-block-separator has-alpha-channel-opacity\"\/>\n\n\n\n<div class=\"wp-block-columns is-layout-flex wp-container-core-columns-is-layout-9d6595d7 wp-block-columns-is-layout-flex\">\n<div class=\"wp-block-column is-layout-flow wp-block-column-is-layout-flow\"><div class=\"wp-block-image\">\n<figure class=\"aligncenter size-full\"><a href=\"https:\/\/www.repam.net\/es\/category\/justicia-socioambiental-y-buen-vivir\/\" target=\"_blank\" rel=\"noreferrer noopener\"><img loading=\"lazy\" decoding=\"async\" width=\"953\" height=\"262\" src=\"https:\/\/www.repam.net\/es\/wp-content\/uploads\/2023\/03\/Noticias-web.png\" alt=\"\" class=\"wp-image-9716\" srcset=\"https:\/\/www.repam.net\/es\/wp-content\/uploads\/2023\/03\/Noticias-web.png 953w, https:\/\/www.repam.net\/es\/wp-content\/uploads\/2023\/03\/Noticias-web-300x82.png 300w, https:\/\/www.repam.net\/es\/wp-content\/uploads\/2023\/03\/Noticias-web-768x211.png 768w\" sizes=\"auto, (max-width: 953px) 100vw, 953px\" \/><\/a><\/figure>\n<\/div><\/div>\n\n\n\n<div class=\"wp-block-column is-layout-flow wp-block-column-is-layout-flow\"><div class=\"wp-block-image\">\n<figure class=\"aligncenter size-full is-resized\"><a href=\"https:\/\/www.youtube.com\/watch?v=aNTNRaNeXnE&amp;list=PLzlcvg4GuiUYN3YcnwLiUTCJWukfaXX2h\" target=\"_blank\" rel=\"noreferrer noopener\"><img loading=\"lazy\" decoding=\"async\" width=\"300\" height=\"60\" src=\"https:\/\/www.repam.net\/es\/wp-content\/uploads\/2023\/03\/BOTON-CONOCE-MAS-AQUI-2-300x60-1.png\" alt=\"\" class=\"wp-image-9710\" style=\"width:389px;height:78px\"\/><\/a><\/figure>\n<\/div><\/div>\n<\/div>\n","protected":false},"excerpt":{"rendered":"<p>Construir un proceso de reflexi\u00f3n y acci\u00f3n sobre desarrollo en la Panamazon\u00eda desde las propias propuestas de los pueblos amaz\u00f3nicos, para ver y sentir la abundancia y el buen vivir. Resultados propuestos<\/p>\n","protected":false},"author":1,"featured_media":0,"parent":78,"menu_order":6,"comment_status":"closed","ping_status":"closed","template":"page-multipla.php","meta":{"_acf_changed":false,"_uf_show_specific_survey":0,"_uf_disable_surveys":false,"footnotes":""},"class_list":["post-251","page","type-page","status-publish","hentry"],"acf":[],"aioseo_notices":[],"yoast_head":"<!-- This site is optimized with the Yoast SEO plugin v27.3 - https:\/\/yoast.com\/product\/yoast-seo-wordpress\/ -->\n<title>Justicia Socioambiental y Buen Vivir - REPAM<\/title>\n<meta name=\"robots\" content=\"index, follow, max-snippet:-1, max-image-preview:large, max-video-preview:-1\" \/>\n<link rel=\"canonical\" href=\"https:\/\/www.repam.net\/es\/nucleos\/justicia-socioambiental-y-buen-vivir\/\" \/>\n<meta property=\"og:locale\" content=\"es_ES\" \/>\n<meta property=\"og:type\" content=\"article\" \/>\n<meta property=\"og:title\" content=\"Justicia Socioambiental y Buen Vivir - REPAM\" \/>\n<meta property=\"og:description\" content=\"Construir un proceso de reflexi\u00f3n y acci\u00f3n sobre desarrollo en la Panamazon\u00eda desde las propias propuestas de los pueblos amaz\u00f3nicos, para ver y sentir la abundancia y el buen vivir. Resultados propuestos\" \/>\n<meta property=\"og:url\" content=\"https:\/\/www.repam.net\/es\/nucleos\/justicia-socioambiental-y-buen-vivir\/\" \/>\n<meta property=\"og:site_name\" content=\"REPAM\" \/>\n<meta property=\"article:modified_time\" content=\"2025-08-26T23:42:35+00:00\" \/>\n<meta property=\"og:image\" content=\"https:\/\/www.repam.net\/es\/wp-content\/uploads\/2025\/08\/JSABV_01.jpeg\" \/>\n\t<meta property=\"og:image:width\" content=\"1024\" \/>\n\t<meta property=\"og:image:height\" content=\"682\" \/>\n\t<meta property=\"og:image:type\" content=\"image\/jpeg\" \/>\n<meta name=\"twitter:card\" content=\"summary_large_image\" \/>\n<meta name=\"twitter:label1\" content=\"Tiempo de lectura\" \/>\n\t<meta name=\"twitter:data1\" content=\"1 minuto\" \/>\n<script type=\"application\/ld+json\" class=\"yoast-schema-graph\">{\"@context\":\"https:\\\/\\\/schema.org\",\"@graph\":[{\"@type\":\"WebPage\",\"@id\":\"https:\\\/\\\/www.repam.net\\\/es\\\/nucleos\\\/justicia-socioambiental-y-buen-vivir\\\/\",\"url\":\"https:\\\/\\\/www.repam.net\\\/es\\\/nucleos\\\/justicia-socioambiental-y-buen-vivir\\\/\",\"name\":\"Justicia Socioambiental y Buen Vivir - REPAM\",\"isPartOf\":{\"@id\":\"https:\\\/\\\/www.repam.net\\\/es\\\/#website\"},\"primaryImageOfPage\":{\"@id\":\"https:\\\/\\\/www.repam.net\\\/es\\\/nucleos\\\/justicia-socioambiental-y-buen-vivir\\\/#primaryimage\"},\"image\":{\"@id\":\"https:\\\/\\\/www.repam.net\\\/es\\\/nucleos\\\/justicia-socioambiental-y-buen-vivir\\\/#primaryimage\"},\"thumbnailUrl\":\"https:\\\/\\\/www.repam.net\\\/es\\\/wp-content\\\/uploads\\\/2025\\\/08\\\/JSABV_01.jpeg\",\"datePublished\":\"2021-08-30T21:52:15+00:00\",\"dateModified\":\"2025-08-26T23:42:35+00:00\",\"breadcrumb\":{\"@id\":\"https:\\\/\\\/www.repam.net\\\/es\\\/nucleos\\\/justicia-socioambiental-y-buen-vivir\\\/#breadcrumb\"},\"inLanguage\":\"es-CO\",\"potentialAction\":[{\"@type\":\"ReadAction\",\"target\":[\"https:\\\/\\\/www.repam.net\\\/es\\\/nucleos\\\/justicia-socioambiental-y-buen-vivir\\\/\"]}]},{\"@type\":\"ImageObject\",\"inLanguage\":\"es-CO\",\"@id\":\"https:\\\/\\\/www.repam.net\\\/es\\\/nucleos\\\/justicia-socioambiental-y-buen-vivir\\\/#primaryimage\",\"url\":\"https:\\\/\\\/www.repam.net\\\/es\\\/wp-content\\\/uploads\\\/2025\\\/08\\\/JSABV_01.jpeg\",\"contentUrl\":\"https:\\\/\\\/www.repam.net\\\/es\\\/wp-content\\\/uploads\\\/2025\\\/08\\\/JSABV_01.jpeg\",\"width\":1024,\"height\":682},{\"@type\":\"BreadcrumbList\",\"@id\":\"https:\\\/\\\/www.repam.net\\\/es\\\/nucleos\\\/justicia-socioambiental-y-buen-vivir\\\/#breadcrumb\",\"itemListElement\":[{\"@type\":\"ListItem\",\"position\":1,\"name\":\"Inicio\",\"item\":\"https:\\\/\\\/www.repam.net\\\/es\\\/\"},{\"@type\":\"ListItem\",\"position\":2,\"name\":\"N\u00facleos Tem\u00e1ticos\",\"item\":\"https:\\\/\\\/www.repam.net\\\/es\\\/nucleos\\\/\"},{\"@type\":\"ListItem\",\"position\":3,\"name\":\"Justicia Socioambiental y Buen Vivir\"}]},{\"@type\":\"WebSite\",\"@id\":\"https:\\\/\\\/www.repam.net\\\/es\\\/#website\",\"url\":\"https:\\\/\\\/www.repam.net\\\/es\\\/\",\"name\":\"REPAM\",\"description\":\"Red Eclesial Panamaz\u00f3nica\",\"publisher\":{\"@id\":\"https:\\\/\\\/www.repam.net\\\/es\\\/#organization\"},\"potentialAction\":[{\"@type\":\"SearchAction\",\"target\":{\"@type\":\"EntryPoint\",\"urlTemplate\":\"https:\\\/\\\/www.repam.net\\\/es\\\/?s={search_term_string}\"},\"query-input\":{\"@type\":\"PropertyValueSpecification\",\"valueRequired\":true,\"valueName\":\"search_term_string\"}}],\"inLanguage\":\"es-CO\"},{\"@type\":\"Organization\",\"@id\":\"https:\\\/\\\/www.repam.net\\\/es\\\/#organization\",\"name\":\"REPAM\",\"url\":\"https:\\\/\\\/www.repam.net\\\/es\\\/\",\"logo\":{\"@type\":\"ImageObject\",\"inLanguage\":\"es-CO\",\"@id\":\"https:\\\/\\\/www.repam.net\\\/es\\\/#\\\/schema\\\/logo\\\/image\\\/\",\"url\":\"https:\\\/\\\/www.repam.net\\\/es\\\/wp-content\\\/uploads\\\/2021\\\/11\\\/cropped-favicon.png\",\"contentUrl\":\"https:\\\/\\\/www.repam.net\\\/es\\\/wp-content\\\/uploads\\\/2021\\\/11\\\/cropped-favicon.png\",\"width\":512,\"height\":512,\"caption\":\"REPAM\"},\"image\":{\"@id\":\"https:\\\/\\\/www.repam.net\\\/es\\\/#\\\/schema\\\/logo\\\/image\\\/\"}}]}<\/script>\n<!-- \/ Yoast SEO plugin. -->","yoast_head_json":{"title":"Justicia Socioambiental y Buen Vivir - REPAM","robots":{"index":"index","follow":"follow","max-snippet":"max-snippet:-1","max-image-preview":"max-image-preview:large","max-video-preview":"max-video-preview:-1"},"canonical":"https:\/\/www.repam.net\/es\/nucleos\/justicia-socioambiental-y-buen-vivir\/","og_locale":"es_ES","og_type":"article","og_title":"Justicia Socioambiental y Buen Vivir - REPAM","og_description":"Construir un proceso de reflexi\u00f3n y acci\u00f3n sobre desarrollo en la Panamazon\u00eda desde las propias propuestas de los pueblos amaz\u00f3nicos, para ver y sentir la abundancia y el buen vivir. Resultados propuestos","og_url":"https:\/\/www.repam.net\/es\/nucleos\/justicia-socioambiental-y-buen-vivir\/","og_site_name":"REPAM","article_modified_time":"2025-08-26T23:42:35+00:00","og_image":[{"width":1024,"height":682,"url":"https:\/\/www.repam.net\/es\/wp-content\/uploads\/2025\/08\/JSABV_01.jpeg","type":"image\/jpeg"}],"twitter_card":"summary_large_image","twitter_misc":{"Tiempo de lectura":"1 minuto"},"schema":{"@context":"https:\/\/schema.org","@graph":[{"@type":"WebPage","@id":"https:\/\/www.repam.net\/es\/nucleos\/justicia-socioambiental-y-buen-vivir\/","url":"https:\/\/www.repam.net\/es\/nucleos\/justicia-socioambiental-y-buen-vivir\/","name":"Justicia Socioambiental y Buen Vivir - REPAM","isPartOf":{"@id":"https:\/\/www.repam.net\/es\/#website"},"primaryImageOfPage":{"@id":"https:\/\/www.repam.net\/es\/nucleos\/justicia-socioambiental-y-buen-vivir\/#primaryimage"},"image":{"@id":"https:\/\/www.repam.net\/es\/nucleos\/justicia-socioambiental-y-buen-vivir\/#primaryimage"},"thumbnailUrl":"https:\/\/www.repam.net\/es\/wp-content\/uploads\/2025\/08\/JSABV_01.jpeg","datePublished":"2021-08-30T21:52:15+00:00","dateModified":"2025-08-26T23:42:35+00:00","breadcrumb":{"@id":"https:\/\/www.repam.net\/es\/nucleos\/justicia-socioambiental-y-buen-vivir\/#breadcrumb"},"inLanguage":"es-CO","potentialAction":[{"@type":"ReadAction","target":["https:\/\/www.repam.net\/es\/nucleos\/justicia-socioambiental-y-buen-vivir\/"]}]},{"@type":"ImageObject","inLanguage":"es-CO","@id":"https:\/\/www.repam.net\/es\/nucleos\/justicia-socioambiental-y-buen-vivir\/#primaryimage","url":"https:\/\/www.repam.net\/es\/wp-content\/uploads\/2025\/08\/JSABV_01.jpeg","contentUrl":"https:\/\/www.repam.net\/es\/wp-content\/uploads\/2025\/08\/JSABV_01.jpeg","width":1024,"height":682},{"@type":"BreadcrumbList","@id":"https:\/\/www.repam.net\/es\/nucleos\/justicia-socioambiental-y-buen-vivir\/#breadcrumb","itemListElement":[{"@type":"ListItem","position":1,"name":"Inicio","item":"https:\/\/www.repam.net\/es\/"},{"@type":"ListItem","position":2,"name":"N\u00facleos Tem\u00e1ticos","item":"https:\/\/www.repam.net\/es\/nucleos\/"},{"@type":"ListItem","position":3,"name":"Justicia Socioambiental y Buen Vivir"}]},{"@type":"WebSite","@id":"https:\/\/www.repam.net\/es\/#website","url":"https:\/\/www.repam.net\/es\/","name":"REPAM","description":"Red Eclesial Panamaz\u00f3nica","publisher":{"@id":"https:\/\/www.repam.net\/es\/#organization"},"potentialAction":[{"@type":"SearchAction","target":{"@type":"EntryPoint","urlTemplate":"https:\/\/www.repam.net\/es\/?s={search_term_string}"},"query-input":{"@type":"PropertyValueSpecification","valueRequired":true,"valueName":"search_term_string"}}],"inLanguage":"es-CO"},{"@type":"Organization","@id":"https:\/\/www.repam.net\/es\/#organization","name":"REPAM","url":"https:\/\/www.repam.net\/es\/","logo":{"@type":"ImageObject","inLanguage":"es-CO","@id":"https:\/\/www.repam.net\/es\/#\/schema\/logo\/image\/","url":"https:\/\/www.repam.net\/es\/wp-content\/uploads\/2021\/11\/cropped-favicon.png","contentUrl":"https:\/\/www.repam.net\/es\/wp-content\/uploads\/2021\/11\/cropped-favicon.png","width":512,"height":512,"caption":"REPAM"},"image":{"@id":"https:\/\/www.repam.net\/es\/#\/schema\/logo\/image\/"}}]}},"_links":{"self":[{"href":"https:\/\/www.repam.net\/es\/wp-json\/wp\/v2\/pages\/251","targetHints":{"allow":["GET"]}}],"collection":[{"href":"https:\/\/www.repam.net\/es\/wp-json\/wp\/v2\/pages"}],"about":[{"href":"https:\/\/www.repam.net\/es\/wp-json\/wp\/v2\/types\/page"}],"author":[{"embeddable":true,"href":"https:\/\/www.repam.net\/es\/wp-json\/wp\/v2\/users\/1"}],"replies":[{"embeddable":true,"href":"https:\/\/www.repam.net\/es\/wp-json\/wp\/v2\/comments?post=251"}],"version-history":[{"count":13,"href":"https:\/\/www.repam.net\/es\/wp-json\/wp\/v2\/pages\/251\/revisions"}],"predecessor-version":[{"id":12276,"href":"https:\/\/www.repam.net\/es\/wp-json\/wp\/v2\/pages\/251\/revisions\/12276"}],"up":[{"embeddable":true,"href":"https:\/\/www.repam.net\/es\/wp-json\/wp\/v2\/pages\/78"}],"wp:attachment":[{"href":"https:\/\/www.repam.net\/es\/wp-json\/wp\/v2\/media?parent=251"}],"curies":[{"name":"wp","href":"https:\/\/api.w.org\/{rel}","templated":true}]}}