{"id":264,"date":"2021-08-30T17:09:09","date_gmt":"2021-08-30T22:09:09","guid":{"rendered":"http:\/\/repam.net\/?page_id=264"},"modified":"2025-11-05T12:05:39","modified_gmt":"2025-11-05T17:05:39","slug":"comunicacion-para-la-transformacion","status":"publish","type":"page","link":"https:\/\/www.repam.net\/es\/nucleos\/comunicacion-para-la-transformacion\/","title":{"rendered":"Comunicaci\u00f3n para la Transformaci\u00f3n Social"},"content":{"rendered":"\n<div class=\"wp-block-columns is-layout-flex wp-container-core-columns-is-layout-9d6595d7 wp-block-columns-is-layout-flex\">\n<div class=\"wp-block-column is-layout-flow wp-block-column-is-layout-flow\">\n<figure class=\"wp-block-image size-large\"><img loading=\"lazy\" decoding=\"async\" width=\"1280\" height=\"720\" src=\"https:\/\/www.repam.net\/es\/wp-content\/uploads\/2025\/08\/Comunicacion-web-edited.jpg\" alt=\"\" class=\"wp-image-12279\" srcset=\"https:\/\/www.repam.net\/es\/wp-content\/uploads\/2025\/08\/Comunicacion-web-edited.jpg 1280w, https:\/\/www.repam.net\/es\/wp-content\/uploads\/2025\/08\/Comunicacion-web-edited-300x169.jpg 300w, https:\/\/www.repam.net\/es\/wp-content\/uploads\/2025\/08\/Comunicacion-web-edited-1024x576.jpg 1024w, https:\/\/www.repam.net\/es\/wp-content\/uploads\/2025\/08\/Comunicacion-web-edited-768x432.jpg 768w\" sizes=\"auto, (max-width: 1280px) 100vw, 1280px\" \/><\/figure>\n<\/div>\n<\/div>\n\n\n\n<h3 class=\"wp-block-heading has-text-align-center\"><strong>PLAN DE COMUNICACIONES REPAM 2022-2024<\/strong><\/h3>\n\n\n\n<p><em>A la luz del proceso de \u201cformar una Iglesia con rostro amaz\u00f3nico\u201d, queremos generar una comunicaci\u00f3n transformadora capaz de fortalecer los procesos eclesiales en la Panamazon\u00eda, en el acompa\u00f1amiento y la cercan\u00eda con los pueblos, en la construcci\u00f3n de procesos comunicativos sociales, culturales, ecol\u00f3gicos y pastorales en la defensa y cuidado de la vida, las culturas y una ecolog\u00eda integral.<\/em><\/p>\n\n\n\n<hr class=\"wp-block-separator has-alpha-channel-opacity\"\/>\n\n\n\n<h5 class=\"wp-block-heading\"><strong>Proyecciones:<\/strong><\/h5>\n\n\n\n<ol class=\"wp-block-list\">\n<li>Fortalecer y articular los procesos internos de comunicaci\u00f3n de la Red, en sus diversos niveles, para visibilizar el trabajo que se viene realizando.<\/li>\n\n\n\n<li>Promover una cultura comunicativa que favorezca el di\u00e1logo, la cultura del encuentro, y el cuidado de la \u201ccasa com\u00fan\u201d, motivados por una ecolog\u00eda integral que difunda la cultura del \u2018buen vivir\u2019 y del cuidado por la creaci\u00f3n (DF 60)<\/li>\n\n\n\n<li>Asesorar y apoyar a los procesos formativos, seguimiento y fortalecimiento de la comunicaci\u00f3n en la regi\u00f3n panamaz\u00f3nica, que comprende los diversos medios utilizados por las iglesias particulares y otros organismos eclesiales<\/li>\n\n\n\n<li>Avanzar hacia la conformaci\u00f3n de la Red de Comunicaciones Cat\u00f3licas de la Amazon\u00eda (DF 61), coordinando las estructuras existentes y fortaleciendo el proceso de comunicaci\u00f3n entre los pa\u00edses e instituciones aliadas.<\/li>\n\n\n\n<li>Fortalecer los procesos de comunicaci\u00f3n intercultural de los pueblos originarios y comunidades tradicionales amaz\u00f3nicas, \u201ccomunicaciones alternativas desde sus propias lenguas y culturas y que los sujetos se hagan presentes en los medios de comunicaci\u00f3n ya existentes\u201d (Instrumentum Laboris del S\u00ednodo Amaz\u00f3nico, 123e \/ Querida Amazonia, 39).<\/li>\n<\/ol>\n\n\n\n<hr class=\"wp-block-separator has-alpha-channel-opacity\"\/>\n\n\n\n<h5 class=\"wp-block-heading\"><strong>L\u00edneas de acci\u00f3n:<\/strong><\/h5>\n\n\n\n<div class=\"wp-block-columns is-layout-flex wp-container-core-columns-is-layout-9d6595d7 wp-block-columns-is-layout-flex\">\n<div class=\"wp-block-column is-layout-flow wp-block-column-is-layout-flow\">\n<p class=\"has-text-align-center\"><strong>ARTICULACI\u00d3N<\/strong><\/p>\n<\/div>\n\n\n\n<div class=\"wp-block-column is-layout-flow wp-block-column-is-layout-flow\">\n<p class=\"has-text-align-center\"><strong>FORMACI\u00d3N<\/strong><\/p>\n<\/div>\n\n\n\n<div class=\"wp-block-column is-layout-flow wp-block-column-is-layout-flow\">\n<p class=\"has-text-align-center\"><strong>PRODUCCI\u00d3N<\/strong><\/p>\n<\/div>\n<\/div>\n\n\n\n<hr class=\"wp-block-separator has-alpha-channel-opacity\"\/>\n\n\n\n<div class=\"wp-block-columns is-layout-flex wp-container-core-columns-is-layout-9d6595d7 wp-block-columns-is-layout-flex\">\n<div class=\"wp-block-column is-layout-flow wp-block-column-is-layout-flow\">\n<figure class=\"wp-block-image size-full\"><a href=\"https:\/\/www.repam.net\/es\/tag\/comunicacion\/\" target=\"_blank\" rel=\"noreferrer noopener\"><img loading=\"lazy\" decoding=\"async\" width=\"953\" height=\"262\" src=\"https:\/\/www.repam.net\/es\/wp-content\/uploads\/2023\/03\/Noticias-web.png\" alt=\"\" class=\"wp-image-9716\" srcset=\"https:\/\/www.repam.net\/es\/wp-content\/uploads\/2023\/03\/Noticias-web.png 953w, https:\/\/www.repam.net\/es\/wp-content\/uploads\/2023\/03\/Noticias-web-300x82.png 300w, https:\/\/www.repam.net\/es\/wp-content\/uploads\/2023\/03\/Noticias-web-768x211.png 768w\" sizes=\"auto, (max-width: 953px) 100vw, 953px\" \/><\/a><\/figure>\n<\/div>\n\n\n\n<div class=\"wp-block-column is-layout-flow wp-block-column-is-layout-flow\">\n<figure class=\"wp-block-image size-full\"><a href=\"https:\/\/www.repam.net\/es\/kukama-tikuna-maguta\/\"><img loading=\"lazy\" decoding=\"async\" width=\"721\" height=\"198\" src=\"https:\/\/www.repam.net\/es\/wp-content\/uploads\/2025\/11\/Boton-TF-2.png\" alt=\"\" class=\"wp-image-12616\" srcset=\"https:\/\/www.repam.net\/es\/wp-content\/uploads\/2025\/11\/Boton-TF-2.png 721w, https:\/\/www.repam.net\/es\/wp-content\/uploads\/2025\/11\/Boton-TF-2-300x82.png 300w\" sizes=\"auto, (max-width: 721px) 100vw, 721px\" \/><\/a><\/figure>\n<\/div>\n<\/div>\n\n\n\n<p><\/p>\n","protected":false},"excerpt":{"rendered":"<p>PLAN DE COMUNICACIONES REPAM 2022-2024 A la luz del proceso de \u201cformar una Iglesia con rostro amaz\u00f3nico\u201d, queremos generar una comunicaci\u00f3n transformadora capaz de fortalecer los procesos eclesiales en la Panamazon\u00eda, en el acompa\u00f1amiento y la cercan\u00eda con los pueblos, en la construcci\u00f3n de procesos comunicativos sociales, culturales, ecol\u00f3gicos y pastorales en la defensa y [&hellip;]<\/p>\n","protected":false},"author":1,"featured_media":0,"parent":78,"menu_order":1,"comment_status":"closed","ping_status":"closed","template":"page-multipla.php","meta":{"_acf_changed":false,"_uf_show_specific_survey":0,"_uf_disable_surveys":false,"footnotes":""},"class_list":["post-264","page","type-page","status-publish","hentry"],"acf":[],"aioseo_notices":[],"yoast_head":"<!-- This site is optimized with the Yoast SEO plugin v27.3 - https:\/\/yoast.com\/product\/yoast-seo-wordpress\/ -->\n<title>Comunicaci\u00f3n para la Transformaci\u00f3n Social - REPAM<\/title>\n<meta name=\"robots\" content=\"index, follow, max-snippet:-1, max-image-preview:large, max-video-preview:-1\" \/>\n<link rel=\"canonical\" href=\"https:\/\/www.repam.net\/es\/nucleos\/comunicacion-para-la-transformacion\/\" \/>\n<meta property=\"og:locale\" content=\"es_ES\" \/>\n<meta property=\"og:type\" content=\"article\" \/>\n<meta property=\"og:title\" content=\"Comunicaci\u00f3n para la Transformaci\u00f3n Social - REPAM\" \/>\n<meta property=\"og:description\" content=\"PLAN DE COMUNICACIONES REPAM 2022-2024 A la luz del proceso de \u201cformar una Iglesia con rostro amaz\u00f3nico\u201d, queremos generar una comunicaci\u00f3n transformadora capaz de fortalecer los procesos eclesiales en la Panamazon\u00eda, en el acompa\u00f1amiento y la cercan\u00eda con los pueblos, en la construcci\u00f3n de procesos comunicativos sociales, culturales, ecol\u00f3gicos y pastorales en la defensa y [&hellip;]\" \/>\n<meta property=\"og:url\" content=\"https:\/\/www.repam.net\/es\/nucleos\/comunicacion-para-la-transformacion\/\" \/>\n<meta property=\"og:site_name\" content=\"REPAM\" \/>\n<meta property=\"article:modified_time\" content=\"2025-11-05T17:05:39+00:00\" \/>\n<meta property=\"og:image\" content=\"https:\/\/www.repam.net\/es\/wp-content\/uploads\/2025\/08\/Comunicacion-web-edited.jpg\" \/>\n\t<meta property=\"og:image:width\" content=\"1280\" \/>\n\t<meta property=\"og:image:height\" content=\"720\" \/>\n\t<meta property=\"og:image:type\" content=\"image\/jpeg\" \/>\n<meta name=\"twitter:card\" content=\"summary_large_image\" \/>\n<meta name=\"twitter:label1\" content=\"Tiempo de lectura\" \/>\n\t<meta name=\"twitter:data1\" content=\"2 minutos\" \/>\n<script type=\"application\/ld+json\" class=\"yoast-schema-graph\">{\"@context\":\"https:\\\/\\\/schema.org\",\"@graph\":[{\"@type\":\"WebPage\",\"@id\":\"https:\\\/\\\/www.repam.net\\\/es\\\/nucleos\\\/comunicacion-para-la-transformacion\\\/\",\"url\":\"https:\\\/\\\/www.repam.net\\\/es\\\/nucleos\\\/comunicacion-para-la-transformacion\\\/\",\"name\":\"Comunicaci\u00f3n para la Transformaci\u00f3n Social - REPAM\",\"isPartOf\":{\"@id\":\"https:\\\/\\\/www.repam.net\\\/es\\\/#website\"},\"primaryImageOfPage\":{\"@id\":\"https:\\\/\\\/www.repam.net\\\/es\\\/nucleos\\\/comunicacion-para-la-transformacion\\\/#primaryimage\"},\"image\":{\"@id\":\"https:\\\/\\\/www.repam.net\\\/es\\\/nucleos\\\/comunicacion-para-la-transformacion\\\/#primaryimage\"},\"thumbnailUrl\":\"https:\\\/\\\/www.repam.net\\\/es\\\/wp-content\\\/uploads\\\/2025\\\/08\\\/Comunicacion-web-edited.jpg\",\"datePublished\":\"2021-08-30T22:09:09+00:00\",\"dateModified\":\"2025-11-05T17:05:39+00:00\",\"breadcrumb\":{\"@id\":\"https:\\\/\\\/www.repam.net\\\/es\\\/nucleos\\\/comunicacion-para-la-transformacion\\\/#breadcrumb\"},\"inLanguage\":\"es-CO\",\"potentialAction\":[{\"@type\":\"ReadAction\",\"target\":[\"https:\\\/\\\/www.repam.net\\\/es\\\/nucleos\\\/comunicacion-para-la-transformacion\\\/\"]}]},{\"@type\":\"ImageObject\",\"inLanguage\":\"es-CO\",\"@id\":\"https:\\\/\\\/www.repam.net\\\/es\\\/nucleos\\\/comunicacion-para-la-transformacion\\\/#primaryimage\",\"url\":\"https:\\\/\\\/www.repam.net\\\/es\\\/wp-content\\\/uploads\\\/2025\\\/08\\\/Comunicacion-web-edited.jpg\",\"contentUrl\":\"https:\\\/\\\/www.repam.net\\\/es\\\/wp-content\\\/uploads\\\/2025\\\/08\\\/Comunicacion-web-edited.jpg\",\"width\":1280,\"height\":720},{\"@type\":\"BreadcrumbList\",\"@id\":\"https:\\\/\\\/www.repam.net\\\/es\\\/nucleos\\\/comunicacion-para-la-transformacion\\\/#breadcrumb\",\"itemListElement\":[{\"@type\":\"ListItem\",\"position\":1,\"name\":\"Inicio\",\"item\":\"https:\\\/\\\/www.repam.net\\\/es\\\/\"},{\"@type\":\"ListItem\",\"position\":2,\"name\":\"N\u00facleos Tem\u00e1ticos\",\"item\":\"https:\\\/\\\/www.repam.net\\\/es\\\/nucleos\\\/\"},{\"@type\":\"ListItem\",\"position\":3,\"name\":\"Comunicaci\u00f3n para la Transformaci\u00f3n Social\"}]},{\"@type\":\"WebSite\",\"@id\":\"https:\\\/\\\/www.repam.net\\\/es\\\/#website\",\"url\":\"https:\\\/\\\/www.repam.net\\\/es\\\/\",\"name\":\"REPAM\",\"description\":\"Red Eclesial Panamaz\u00f3nica\",\"publisher\":{\"@id\":\"https:\\\/\\\/www.repam.net\\\/es\\\/#organization\"},\"potentialAction\":[{\"@type\":\"SearchAction\",\"target\":{\"@type\":\"EntryPoint\",\"urlTemplate\":\"https:\\\/\\\/www.repam.net\\\/es\\\/?s={search_term_string}\"},\"query-input\":{\"@type\":\"PropertyValueSpecification\",\"valueRequired\":true,\"valueName\":\"search_term_string\"}}],\"inLanguage\":\"es-CO\"},{\"@type\":\"Organization\",\"@id\":\"https:\\\/\\\/www.repam.net\\\/es\\\/#organization\",\"name\":\"REPAM\",\"url\":\"https:\\\/\\\/www.repam.net\\\/es\\\/\",\"logo\":{\"@type\":\"ImageObject\",\"inLanguage\":\"es-CO\",\"@id\":\"https:\\\/\\\/www.repam.net\\\/es\\\/#\\\/schema\\\/logo\\\/image\\\/\",\"url\":\"https:\\\/\\\/www.repam.net\\\/es\\\/wp-content\\\/uploads\\\/2021\\\/11\\\/cropped-favicon.png\",\"contentUrl\":\"https:\\\/\\\/www.repam.net\\\/es\\\/wp-content\\\/uploads\\\/2021\\\/11\\\/cropped-favicon.png\",\"width\":512,\"height\":512,\"caption\":\"REPAM\"},\"image\":{\"@id\":\"https:\\\/\\\/www.repam.net\\\/es\\\/#\\\/schema\\\/logo\\\/image\\\/\"}}]}<\/script>\n<!-- \/ Yoast SEO plugin. -->","yoast_head_json":{"title":"Comunicaci\u00f3n para la Transformaci\u00f3n Social - REPAM","robots":{"index":"index","follow":"follow","max-snippet":"max-snippet:-1","max-image-preview":"max-image-preview:large","max-video-preview":"max-video-preview:-1"},"canonical":"https:\/\/www.repam.net\/es\/nucleos\/comunicacion-para-la-transformacion\/","og_locale":"es_ES","og_type":"article","og_title":"Comunicaci\u00f3n para la Transformaci\u00f3n Social - REPAM","og_description":"PLAN DE COMUNICACIONES REPAM 2022-2024 A la luz del proceso de \u201cformar una Iglesia con rostro amaz\u00f3nico\u201d, queremos generar una comunicaci\u00f3n transformadora capaz de fortalecer los procesos eclesiales en la Panamazon\u00eda, en el acompa\u00f1amiento y la cercan\u00eda con los pueblos, en la construcci\u00f3n de procesos comunicativos sociales, culturales, ecol\u00f3gicos y pastorales en la defensa y [&hellip;]","og_url":"https:\/\/www.repam.net\/es\/nucleos\/comunicacion-para-la-transformacion\/","og_site_name":"REPAM","article_modified_time":"2025-11-05T17:05:39+00:00","og_image":[{"width":1280,"height":720,"url":"https:\/\/www.repam.net\/es\/wp-content\/uploads\/2025\/08\/Comunicacion-web-edited.jpg","type":"image\/jpeg"}],"twitter_card":"summary_large_image","twitter_misc":{"Tiempo de lectura":"2 minutos"},"schema":{"@context":"https:\/\/schema.org","@graph":[{"@type":"WebPage","@id":"https:\/\/www.repam.net\/es\/nucleos\/comunicacion-para-la-transformacion\/","url":"https:\/\/www.repam.net\/es\/nucleos\/comunicacion-para-la-transformacion\/","name":"Comunicaci\u00f3n para la Transformaci\u00f3n Social - REPAM","isPartOf":{"@id":"https:\/\/www.repam.net\/es\/#website"},"primaryImageOfPage":{"@id":"https:\/\/www.repam.net\/es\/nucleos\/comunicacion-para-la-transformacion\/#primaryimage"},"image":{"@id":"https:\/\/www.repam.net\/es\/nucleos\/comunicacion-para-la-transformacion\/#primaryimage"},"thumbnailUrl":"https:\/\/www.repam.net\/es\/wp-content\/uploads\/2025\/08\/Comunicacion-web-edited.jpg","datePublished":"2021-08-30T22:09:09+00:00","dateModified":"2025-11-05T17:05:39+00:00","breadcrumb":{"@id":"https:\/\/www.repam.net\/es\/nucleos\/comunicacion-para-la-transformacion\/#breadcrumb"},"inLanguage":"es-CO","potentialAction":[{"@type":"ReadAction","target":["https:\/\/www.repam.net\/es\/nucleos\/comunicacion-para-la-transformacion\/"]}]},{"@type":"ImageObject","inLanguage":"es-CO","@id":"https:\/\/www.repam.net\/es\/nucleos\/comunicacion-para-la-transformacion\/#primaryimage","url":"https:\/\/www.repam.net\/es\/wp-content\/uploads\/2025\/08\/Comunicacion-web-edited.jpg","contentUrl":"https:\/\/www.repam.net\/es\/wp-content\/uploads\/2025\/08\/Comunicacion-web-edited.jpg","width":1280,"height":720},{"@type":"BreadcrumbList","@id":"https:\/\/www.repam.net\/es\/nucleos\/comunicacion-para-la-transformacion\/#breadcrumb","itemListElement":[{"@type":"ListItem","position":1,"name":"Inicio","item":"https:\/\/www.repam.net\/es\/"},{"@type":"ListItem","position":2,"name":"N\u00facleos Tem\u00e1ticos","item":"https:\/\/www.repam.net\/es\/nucleos\/"},{"@type":"ListItem","position":3,"name":"Comunicaci\u00f3n para la Transformaci\u00f3n Social"}]},{"@type":"WebSite","@id":"https:\/\/www.repam.net\/es\/#website","url":"https:\/\/www.repam.net\/es\/","name":"REPAM","description":"Red Eclesial Panamaz\u00f3nica","publisher":{"@id":"https:\/\/www.repam.net\/es\/#organization"},"potentialAction":[{"@type":"SearchAction","target":{"@type":"EntryPoint","urlTemplate":"https:\/\/www.repam.net\/es\/?s={search_term_string}"},"query-input":{"@type":"PropertyValueSpecification","valueRequired":true,"valueName":"search_term_string"}}],"inLanguage":"es-CO"},{"@type":"Organization","@id":"https:\/\/www.repam.net\/es\/#organization","name":"REPAM","url":"https:\/\/www.repam.net\/es\/","logo":{"@type":"ImageObject","inLanguage":"es-CO","@id":"https:\/\/www.repam.net\/es\/#\/schema\/logo\/image\/","url":"https:\/\/www.repam.net\/es\/wp-content\/uploads\/2021\/11\/cropped-favicon.png","contentUrl":"https:\/\/www.repam.net\/es\/wp-content\/uploads\/2021\/11\/cropped-favicon.png","width":512,"height":512,"caption":"REPAM"},"image":{"@id":"https:\/\/www.repam.net\/es\/#\/schema\/logo\/image\/"}}]}},"_links":{"self":[{"href":"https:\/\/www.repam.net\/es\/wp-json\/wp\/v2\/pages\/264","targetHints":{"allow":["GET"]}}],"collection":[{"href":"https:\/\/www.repam.net\/es\/wp-json\/wp\/v2\/pages"}],"about":[{"href":"https:\/\/www.repam.net\/es\/wp-json\/wp\/v2\/types\/page"}],"author":[{"embeddable":true,"href":"https:\/\/www.repam.net\/es\/wp-json\/wp\/v2\/users\/1"}],"replies":[{"embeddable":true,"href":"https:\/\/www.repam.net\/es\/wp-json\/wp\/v2\/comments?post=264"}],"version-history":[{"count":30,"href":"https:\/\/www.repam.net\/es\/wp-json\/wp\/v2\/pages\/264\/revisions"}],"predecessor-version":[{"id":12618,"href":"https:\/\/www.repam.net\/es\/wp-json\/wp\/v2\/pages\/264\/revisions\/12618"}],"up":[{"embeddable":true,"href":"https:\/\/www.repam.net\/es\/wp-json\/wp\/v2\/pages\/78"}],"wp:attachment":[{"href":"https:\/\/www.repam.net\/es\/wp-json\/wp\/v2\/media?parent=264"}],"curies":[{"name":"wp","href":"https:\/\/api.w.org\/{rel}","templated":true}]}}