{"id":290,"date":"2021-08-30T18:50:13","date_gmt":"2021-08-30T23:50:13","guid":{"rendered":"http:\/\/repam.net\/?page_id=290"},"modified":"2021-10-07T14:42:03","modified_gmt":"2021-10-07T19:42:03","slug":"sinodo-amazonico","status":"publish","type":"page","link":"https:\/\/www.repam.net\/es\/sinodo-amazonico\/","title":{"rendered":"S\u00ednodo Amaz\u00f3nico"},"content":{"rendered":"\n<p>El S\u00ednodo Amaz\u00f3nico busca responder al llamado del papa Francisco de buscar juntos nuevos caminos para la Iglesia en esta realidad con una trayectoria de casi cinco ciclos, aprendiendo tambi\u00e9n de sus pueblos y tradiciones elementos para una ecolog\u00eda integral (cf. Laudato Si, 137-162).&nbsp;<\/p>\n\n\n\n<p>Este S\u00ednodo est\u00e1 siendo una oportunidad para la construcci\u00f3n de una Iglesia Cat\u00f3lica encarnada en la realidad amaz\u00f3nica, inculturada e intercultural, desde la sinodalidad, en su anhelo de ser una \u201cIglesia con rostro amaz\u00f3nico\u201d (papa Francisco), ejerciendo su papel prof\u00e9tico y donde todos tienen la oportunidad de participar.<\/p>\n\n\n\n<p>Como todo S\u00ednodo, est\u00e1 proyectado en tres etapas: la presinodal (preparaci\u00f3n), la asamblea sinodal (reuni\u00f3n de los convocados) y la postsinodal (para animar y dar seguimiento a camino, poniendo en pr\u00e1ctica las propuestas).<\/p>\n\n\n\n<figure class=\"wp-block-image size-large\"><img loading=\"lazy\" decoding=\"async\" width=\"1024\" height=\"682\" src=\"https:\/\/www.repam.net\/es\/wp-content\/uploads\/2021\/10\/Anexo2Sinodo_Amazonico-1024x682.jpg\" alt=\"\" class=\"wp-image-5227\" srcset=\"https:\/\/www.repam.net\/es\/wp-content\/uploads\/2021\/10\/Anexo2Sinodo_Amazonico-1024x682.jpg 1024w, https:\/\/www.repam.net\/es\/wp-content\/uploads\/2021\/10\/Anexo2Sinodo_Amazonico-300x200.jpg 300w, https:\/\/www.repam.net\/es\/wp-content\/uploads\/2021\/10\/Anexo2Sinodo_Amazonico-768x512.jpg 768w, https:\/\/www.repam.net\/es\/wp-content\/uploads\/2021\/10\/Anexo2Sinodo_Amazonico-1536x1023.jpg 1536w, https:\/\/www.repam.net\/es\/wp-content\/uploads\/2021\/10\/Anexo2Sinodo_Amazonico.jpg 1600w\" sizes=\"auto, (max-width: 1024px) 100vw, 1024px\" \/><\/figure>\n","protected":false},"excerpt":{"rendered":"<p>El S\u00ednodo Amaz\u00f3nico busca responder al llamado del papa Francisco de buscar juntos nuevos caminos para la Iglesia en esta realidad con una trayectoria de casi cinco ciclos, aprendiendo tambi\u00e9n de sus pueblos y tradiciones elementos para una ecolog\u00eda integral (cf. Laudato Si, 137-162).&nbsp; Este S\u00ednodo est\u00e1 siendo una oportunidad para la construcci\u00f3n de una [&hellip;]<\/p>\n","protected":false},"author":1,"featured_media":0,"parent":0,"menu_order":0,"comment_status":"closed","ping_status":"closed","template":"page-multipla.php","meta":{"_acf_changed":false,"_uf_show_specific_survey":0,"_uf_disable_surveys":false,"footnotes":""},"class_list":["post-290","page","type-page","status-publish","hentry"],"acf":[],"aioseo_notices":[],"yoast_head":"<!-- This site is optimized with the Yoast SEO plugin v27.3 - https:\/\/yoast.com\/product\/yoast-seo-wordpress\/ -->\n<title>S\u00ednodo Amaz\u00f3nico - REPAM<\/title>\n<meta name=\"robots\" content=\"index, follow, max-snippet:-1, max-image-preview:large, max-video-preview:-1\" \/>\n<link rel=\"canonical\" href=\"https:\/\/www.repam.net\/es\/sinodo-amazonico\/\" \/>\n<meta property=\"og:locale\" content=\"es_ES\" \/>\n<meta property=\"og:type\" content=\"article\" \/>\n<meta property=\"og:title\" content=\"S\u00ednodo Amaz\u00f3nico - REPAM\" \/>\n<meta property=\"og:description\" content=\"El S\u00ednodo Amaz\u00f3nico busca responder al llamado del papa Francisco de buscar juntos nuevos caminos para la Iglesia en esta realidad con una trayectoria de casi cinco ciclos, aprendiendo tambi\u00e9n de sus pueblos y tradiciones elementos para una ecolog\u00eda integral (cf. Laudato Si, 137-162).&nbsp; Este S\u00ednodo est\u00e1 siendo una oportunidad para la construcci\u00f3n de una [&hellip;]\" \/>\n<meta property=\"og:url\" content=\"https:\/\/www.repam.net\/es\/sinodo-amazonico\/\" \/>\n<meta property=\"og:site_name\" content=\"REPAM\" \/>\n<meta property=\"article:modified_time\" content=\"2021-10-07T19:42:03+00:00\" \/>\n<meta property=\"og:image\" content=\"https:\/\/www.repam.net\/es\/wp-content\/uploads\/2021\/10\/Anexo2Sinodo_Amazonico-1024x682.jpg\" \/>\n<meta name=\"twitter:card\" content=\"summary_large_image\" \/>\n<meta name=\"twitter:label1\" content=\"Tiempo de lectura\" \/>\n\t<meta name=\"twitter:data1\" content=\"1 minuto\" \/>\n<script type=\"application\/ld+json\" class=\"yoast-schema-graph\">{\"@context\":\"https:\\\/\\\/schema.org\",\"@graph\":[{\"@type\":\"WebPage\",\"@id\":\"https:\\\/\\\/www.repam.net\\\/es\\\/sinodo-amazonico\\\/\",\"url\":\"https:\\\/\\\/www.repam.net\\\/es\\\/sinodo-amazonico\\\/\",\"name\":\"S\u00ednodo Amaz\u00f3nico - REPAM\",\"isPartOf\":{\"@id\":\"https:\\\/\\\/www.repam.net\\\/es\\\/#website\"},\"primaryImageOfPage\":{\"@id\":\"https:\\\/\\\/www.repam.net\\\/es\\\/sinodo-amazonico\\\/#primaryimage\"},\"image\":{\"@id\":\"https:\\\/\\\/www.repam.net\\\/es\\\/sinodo-amazonico\\\/#primaryimage\"},\"thumbnailUrl\":\"https:\\\/\\\/www.repam.net\\\/es\\\/wp-content\\\/uploads\\\/2021\\\/10\\\/Anexo2Sinodo_Amazonico-1024x682.jpg\",\"datePublished\":\"2021-08-30T23:50:13+00:00\",\"dateModified\":\"2021-10-07T19:42:03+00:00\",\"breadcrumb\":{\"@id\":\"https:\\\/\\\/www.repam.net\\\/es\\\/sinodo-amazonico\\\/#breadcrumb\"},\"inLanguage\":\"es-CO\",\"potentialAction\":[{\"@type\":\"ReadAction\",\"target\":[\"https:\\\/\\\/www.repam.net\\\/es\\\/sinodo-amazonico\\\/\"]}]},{\"@type\":\"ImageObject\",\"inLanguage\":\"es-CO\",\"@id\":\"https:\\\/\\\/www.repam.net\\\/es\\\/sinodo-amazonico\\\/#primaryimage\",\"url\":\"https:\\\/\\\/www.repam.net\\\/es\\\/wp-content\\\/uploads\\\/2021\\\/10\\\/Anexo2Sinodo_Amazonico.jpg\",\"contentUrl\":\"https:\\\/\\\/www.repam.net\\\/es\\\/wp-content\\\/uploads\\\/2021\\\/10\\\/Anexo2Sinodo_Amazonico.jpg\",\"width\":1600,\"height\":1066},{\"@type\":\"BreadcrumbList\",\"@id\":\"https:\\\/\\\/www.repam.net\\\/es\\\/sinodo-amazonico\\\/#breadcrumb\",\"itemListElement\":[{\"@type\":\"ListItem\",\"position\":1,\"name\":\"Inicio\",\"item\":\"https:\\\/\\\/www.repam.net\\\/es\\\/\"},{\"@type\":\"ListItem\",\"position\":2,\"name\":\"S\u00ednodo Amaz\u00f3nico\"}]},{\"@type\":\"WebSite\",\"@id\":\"https:\\\/\\\/www.repam.net\\\/es\\\/#website\",\"url\":\"https:\\\/\\\/www.repam.net\\\/es\\\/\",\"name\":\"REPAM\",\"description\":\"Red Eclesial Panamaz\u00f3nica\",\"publisher\":{\"@id\":\"https:\\\/\\\/www.repam.net\\\/es\\\/#organization\"},\"potentialAction\":[{\"@type\":\"SearchAction\",\"target\":{\"@type\":\"EntryPoint\",\"urlTemplate\":\"https:\\\/\\\/www.repam.net\\\/es\\\/?s={search_term_string}\"},\"query-input\":{\"@type\":\"PropertyValueSpecification\",\"valueRequired\":true,\"valueName\":\"search_term_string\"}}],\"inLanguage\":\"es-CO\"},{\"@type\":\"Organization\",\"@id\":\"https:\\\/\\\/www.repam.net\\\/es\\\/#organization\",\"name\":\"REPAM\",\"url\":\"https:\\\/\\\/www.repam.net\\\/es\\\/\",\"logo\":{\"@type\":\"ImageObject\",\"inLanguage\":\"es-CO\",\"@id\":\"https:\\\/\\\/www.repam.net\\\/es\\\/#\\\/schema\\\/logo\\\/image\\\/\",\"url\":\"https:\\\/\\\/www.repam.net\\\/es\\\/wp-content\\\/uploads\\\/2021\\\/11\\\/cropped-favicon.png\",\"contentUrl\":\"https:\\\/\\\/www.repam.net\\\/es\\\/wp-content\\\/uploads\\\/2021\\\/11\\\/cropped-favicon.png\",\"width\":512,\"height\":512,\"caption\":\"REPAM\"},\"image\":{\"@id\":\"https:\\\/\\\/www.repam.net\\\/es\\\/#\\\/schema\\\/logo\\\/image\\\/\"}}]}<\/script>\n<!-- \/ Yoast SEO plugin. -->","yoast_head_json":{"title":"S\u00ednodo Amaz\u00f3nico - REPAM","robots":{"index":"index","follow":"follow","max-snippet":"max-snippet:-1","max-image-preview":"max-image-preview:large","max-video-preview":"max-video-preview:-1"},"canonical":"https:\/\/www.repam.net\/es\/sinodo-amazonico\/","og_locale":"es_ES","og_type":"article","og_title":"S\u00ednodo Amaz\u00f3nico - REPAM","og_description":"El S\u00ednodo Amaz\u00f3nico busca responder al llamado del papa Francisco de buscar juntos nuevos caminos para la Iglesia en esta realidad con una trayectoria de casi cinco ciclos, aprendiendo tambi\u00e9n de sus pueblos y tradiciones elementos para una ecolog\u00eda integral (cf. Laudato Si, 137-162).&nbsp; Este S\u00ednodo est\u00e1 siendo una oportunidad para la construcci\u00f3n de una [&hellip;]","og_url":"https:\/\/www.repam.net\/es\/sinodo-amazonico\/","og_site_name":"REPAM","article_modified_time":"2021-10-07T19:42:03+00:00","og_image":[{"url":"https:\/\/www.repam.net\/es\/wp-content\/uploads\/2021\/10\/Anexo2Sinodo_Amazonico-1024x682.jpg","type":"","width":"","height":""}],"twitter_card":"summary_large_image","twitter_misc":{"Tiempo de lectura":"1 minuto"},"schema":{"@context":"https:\/\/schema.org","@graph":[{"@type":"WebPage","@id":"https:\/\/www.repam.net\/es\/sinodo-amazonico\/","url":"https:\/\/www.repam.net\/es\/sinodo-amazonico\/","name":"S\u00ednodo Amaz\u00f3nico - REPAM","isPartOf":{"@id":"https:\/\/www.repam.net\/es\/#website"},"primaryImageOfPage":{"@id":"https:\/\/www.repam.net\/es\/sinodo-amazonico\/#primaryimage"},"image":{"@id":"https:\/\/www.repam.net\/es\/sinodo-amazonico\/#primaryimage"},"thumbnailUrl":"https:\/\/www.repam.net\/es\/wp-content\/uploads\/2021\/10\/Anexo2Sinodo_Amazonico-1024x682.jpg","datePublished":"2021-08-30T23:50:13+00:00","dateModified":"2021-10-07T19:42:03+00:00","breadcrumb":{"@id":"https:\/\/www.repam.net\/es\/sinodo-amazonico\/#breadcrumb"},"inLanguage":"es-CO","potentialAction":[{"@type":"ReadAction","target":["https:\/\/www.repam.net\/es\/sinodo-amazonico\/"]}]},{"@type":"ImageObject","inLanguage":"es-CO","@id":"https:\/\/www.repam.net\/es\/sinodo-amazonico\/#primaryimage","url":"https:\/\/www.repam.net\/es\/wp-content\/uploads\/2021\/10\/Anexo2Sinodo_Amazonico.jpg","contentUrl":"https:\/\/www.repam.net\/es\/wp-content\/uploads\/2021\/10\/Anexo2Sinodo_Amazonico.jpg","width":1600,"height":1066},{"@type":"BreadcrumbList","@id":"https:\/\/www.repam.net\/es\/sinodo-amazonico\/#breadcrumb","itemListElement":[{"@type":"ListItem","position":1,"name":"Inicio","item":"https:\/\/www.repam.net\/es\/"},{"@type":"ListItem","position":2,"name":"S\u00ednodo Amaz\u00f3nico"}]},{"@type":"WebSite","@id":"https:\/\/www.repam.net\/es\/#website","url":"https:\/\/www.repam.net\/es\/","name":"REPAM","description":"Red Eclesial Panamaz\u00f3nica","publisher":{"@id":"https:\/\/www.repam.net\/es\/#organization"},"potentialAction":[{"@type":"SearchAction","target":{"@type":"EntryPoint","urlTemplate":"https:\/\/www.repam.net\/es\/?s={search_term_string}"},"query-input":{"@type":"PropertyValueSpecification","valueRequired":true,"valueName":"search_term_string"}}],"inLanguage":"es-CO"},{"@type":"Organization","@id":"https:\/\/www.repam.net\/es\/#organization","name":"REPAM","url":"https:\/\/www.repam.net\/es\/","logo":{"@type":"ImageObject","inLanguage":"es-CO","@id":"https:\/\/www.repam.net\/es\/#\/schema\/logo\/image\/","url":"https:\/\/www.repam.net\/es\/wp-content\/uploads\/2021\/11\/cropped-favicon.png","contentUrl":"https:\/\/www.repam.net\/es\/wp-content\/uploads\/2021\/11\/cropped-favicon.png","width":512,"height":512,"caption":"REPAM"},"image":{"@id":"https:\/\/www.repam.net\/es\/#\/schema\/logo\/image\/"}}]}},"_links":{"self":[{"href":"https:\/\/www.repam.net\/es\/wp-json\/wp\/v2\/pages\/290","targetHints":{"allow":["GET"]}}],"collection":[{"href":"https:\/\/www.repam.net\/es\/wp-json\/wp\/v2\/pages"}],"about":[{"href":"https:\/\/www.repam.net\/es\/wp-json\/wp\/v2\/types\/page"}],"author":[{"embeddable":true,"href":"https:\/\/www.repam.net\/es\/wp-json\/wp\/v2\/users\/1"}],"replies":[{"embeddable":true,"href":"https:\/\/www.repam.net\/es\/wp-json\/wp\/v2\/comments?post=290"}],"version-history":[{"count":2,"href":"https:\/\/www.repam.net\/es\/wp-json\/wp\/v2\/pages\/290\/revisions"}],"predecessor-version":[{"id":5228,"href":"https:\/\/www.repam.net\/es\/wp-json\/wp\/v2\/pages\/290\/revisions\/5228"}],"wp:attachment":[{"href":"https:\/\/www.repam.net\/es\/wp-json\/wp\/v2\/media?parent=290"}],"curies":[{"name":"wp","href":"https:\/\/api.w.org\/{rel}","templated":true}]}}