{"id":292,"date":"2021-08-30T19:07:56","date_gmt":"2021-08-31T00:07:56","guid":{"rendered":"http:\/\/repam.net\/?page_id=292"},"modified":"2022-02-15T16:47:49","modified_gmt":"2022-02-15T21:47:49","slug":"preparacion-del-sinodo","status":"publish","type":"page","link":"https:\/\/www.repam.net\/es\/sinodo-amazonico\/preparacion-del-sinodo\/","title":{"rendered":"Preparaci\u00f3n"},"content":{"rendered":"\n<h5 class=\"wp-block-heading\" id=\"1-convocatoria-papa-francisco\">1- CONVOCATORIA \u2013 PAPA FRANCISCO<\/h5>\n\n\n\n<p>De acuerdo con el anuncio del Papa Francisco,<a href=\"https:\/\/www.vatican.va\/content\/francesco\/es\/angelus\/2017\/documents\/papa-francesco_angelus_20171015.html\" target=\"_blank\" rel=\"noreferrer noopener\"> <strong>el d\u00eda 15 de octubre de 2017 se convoca a la Asamblea Especial del S\u00ednodo de los Obispos <\/strong><\/a>para reflexionar sobre el tema: Amazon\u00eda, Nuevos caminos para la Iglesia y para una ecolog\u00eda integral, a llevarse a cabo en octubre de 2019. <\/p>\n\n\n\n<p>El principal objetivo de este S\u00ednodo es &#8220;encontrar nuevos caminos para la evangelizaci\u00f3n de este Pueblo de Dios, especialmente de los ind\u00edgenas, a menudo olvidados y sin perspectivas de un futuro sereno, tambi\u00e9n debido a la crisis de la floresta amaz\u00f3nica, pulm\u00f3n de capital importancia para nuestro planeta\u201d.<\/p>\n\n\n\n<h5 class=\"wp-block-heading\" id=\"2-inicio-del-proceso-sinodal\"><strong>2- INICIO DEL PROCESO SINODAL<\/strong><\/h5>\n\n\n\n<p>El Papa Francisco inaugur\u00f3 el proceso de escucha sinodal en su <strong><a href=\"https:\/\/www.vatican.va\/content\/francesco\/es\/events\/event.dir.html\/content\/vaticanevents\/es\/2018\/1\/19\/popoliamazzonia-puertomaldonado-peru.html\" target=\"_blank\" rel=\"noreferrer noopener\">Visita Apost\u00f3lica a Puerto Maldonado (Per\u00fa), el 19 de enero de 2018<\/a><\/strong>. La preparaci\u00f3n estuvo a cargo de la Secretar\u00eda General del S\u00ednodo de los Obispos y por un Consejo Pre Sinodal, presidido por el Papa Francisco, para favorecer el proceso de escucha activa y directa en la amplitud del territorio Panamaz\u00f3nico.<\/p>\n\n\n\n<div class=\"wp-block-image\"><figure class=\"aligncenter size-large\"><img loading=\"lazy\" decoding=\"async\" width=\"1024\" height=\"684\" src=\"https:\/\/www.repam.net\/es\/wp-content\/uploads\/2021\/08\/Foto-1b-1024x684.jpg\" alt=\"\" class=\"wp-image-293\" srcset=\"https:\/\/www.repam.net\/es\/wp-content\/uploads\/2021\/08\/Foto-1b-1024x684.jpg 1024w, https:\/\/www.repam.net\/es\/wp-content\/uploads\/2021\/08\/Foto-1b-300x200.jpg 300w, https:\/\/www.repam.net\/es\/wp-content\/uploads\/2021\/08\/Foto-1b-768x513.jpg 768w, https:\/\/www.repam.net\/es\/wp-content\/uploads\/2021\/08\/Foto-1b.jpg 1200w\" sizes=\"auto, (max-width: 1024px) 100vw, 1024px\" \/><\/figure><\/div>\n\n\n\n<h5 class=\"wp-block-heading\" id=\"3-documento-preparatorio\"><strong>3- DOCUMENTO PREPARATORIO<\/strong><\/h5>\n\n\n\n<p>En abril 2018, la Comisi\u00f3n Pre Sinodal y Asesores Especializados, han elaborado el <strong><a href=\"https:\/\/www.repam.net\/es\/wp-content\/uploads\/2022\/02\/Documento-Preparatorio-Sinodo-Amazonico.pdf\" target=\"_blank\" rel=\"noreferrer noopener\">Documento Preparatorio\/Cuestionario<\/a><\/strong>. En este camino, la Secretar\u00eda del S\u00ednodo dio el Aval del proceso de Consulta territorial a ser realizado por la REPAM, como canal oficial. El otro canal fue realizado directamente por las siete Conferencias Episcopales (Antillas, Bolivia, Brasil, Colombia, Ecuador, Per\u00fa y Venezuela). Este proceso fue concluido en febrero de 2019.<\/p>\n\n\n\n<p>Para facilitar la consulta, la REPAM elabor\u00f3 una <strong><a href=\"https:\/\/www.repam.net\/es\/wp-content\/uploads\/2021\/08\/arte-folletobaja-1.pdf\" target=\"_blank\" rel=\"noreferrer noopener\">Versi\u00f3n Popular del Documento Preparatorio<\/a>.<\/strong> Del proceso de escucha territorial de la REPAM se recibi\u00f3 274 informes, referentes a 57 Asambleas territoriales, 21 foros nacionales, 17 foros tem\u00e1ticos Panamaz\u00f3nicos y 179 rodas de conversa que fueron realizadas, totalizando aproximadamente 86.943 personas que participaron en los espacios formales y preparatorios. <\/p>\n\n\n\n<p>De los 390 pueblos ind\u00edgenas que viven en la Panamazon\u00eda, se cont\u00f3 con la participaci\u00f3n de l\u00edderes y lideresas originarios que representaron a 172 pueblos. Tambi\u00e9n participaron moradores de centros urbanos y periferias, grupos de migrantes, ribere\u00f1os, afrodescendientes, pescadores, familias, j\u00f3venes y adolescentes, colectivo de mujeres, religiosos y religiosas, di\u00e1conos, obispos y representantes de otras iglesias.<\/p>\n\n\n\n<h5 class=\"wp-block-heading\" id=\"4-documento-de-trabajo-instrumentum-laboris\"><strong>4 &#8211; DOCUMENTO DE TRABAJO (Instrumentum Laboris)<\/strong><\/h5>\n\n\n\n<p>La segunda reuni\u00f3n del Consejo Presinodal de la Asamblea Especial del S\u00ednodo de los Obispos para la Regi\u00f3n Panamaz\u00f3nica ha elaborado y aprobado el <strong><a href=\"http:\/\/secretariat.synod.va\/content\/sinodoamazonico\/es\/documentos\/instrumentum-laboris-del-sinodo-para-la-amazonia.html\" target=\"_blank\" rel=\"noreferrer noopener\">Documento de Trabajo \/ Instrumentum Laboris<\/a><\/strong>, que re\u00fane en un solo texto el material de la consulta iniciada con el Documento Preparatorio.<\/p>\n\n\n\n<p>Fue ampliamente difundido a todos los niveles para involucrar al Pueblo de Dios en el proceso sinodal y que fue transmitido a las Conferencias Episcopales interesadas y a los dem\u00e1s Organismos con derechos, cuyos representantes participar\u00e1n en la Asamblea Sinodal.<\/p>\n\n\n\n<p>Como anteriormente, la REPAM elabora una <strong><a href=\"https:\/\/www.repam.net\/es\/wp-content\/uploads\/2022\/02\/Version-Simplificada-Documento-Trabalho-Sinodo-Amazonia_compressed.pdf\" target=\"_blank\" rel=\"noreferrer noopener\">Versi\u00f3n simplificada del Documento de Trabajo \/ &#8220;Instrumentum Laboris\u201d<\/a><\/strong> para socializarlo en toda la Panamazon\u00eda y otros espacios asociados a la Red.<\/p>\n\n\n\n<p>Se revisan los documentos, y se dan espacios de reflexi\u00f3n con quienes hayan participado de la consulta y otros que tengan relaci\u00f3n con el proceso. Las Conferencias Episcopales y las REPAM Nacionales, con apoyo de la REPAM, realizan procesos de devoluci\u00f3n y realizan eventos de reflexi\u00f3n con los Obispos y participantes de la consulta sinodal (entre Julio y Septiembre de 2019).<\/p>\n\n\n\n<hr class=\"wp-block-separator\"\/>\n\n\n\n<h5 class=\"has-text-align-center wp-block-heading\" id=\"otros-materiales-elaborador-por-la-repam\">OTROS MATERIALES ELABORADOR POR LA REPAM:<\/h5>\n\n\n\n<div class=\"wp-block-columns is-layout-flex wp-container-core-columns-is-layout-9d6595d7 wp-block-columns-is-layout-flex\">\n<div class=\"wp-block-column is-layout-flow wp-block-column-is-layout-flow\">\n<figure class=\"wp-block-image size-full\"><a href=\"https:\/\/www.repam.net\/es\/wp-content\/uploads\/2022\/02\/Informe-Proceso-Sinodal-ESP.pdf\" target=\"_blank\" rel=\"noopener\"><img loading=\"lazy\" decoding=\"async\" width=\"590\" height=\"787\" src=\"https:\/\/www.repam.net\/es\/wp-content\/uploads\/2022\/02\/Informe-Proceso-Sinodal.jpg\" alt=\"\" class=\"wp-image-6302\" srcset=\"https:\/\/www.repam.net\/es\/wp-content\/uploads\/2022\/02\/Informe-Proceso-Sinodal.jpg 590w, https:\/\/www.repam.net\/es\/wp-content\/uploads\/2022\/02\/Informe-Proceso-Sinodal-225x300.jpg 225w\" sizes=\"auto, (max-width: 590px) 100vw, 590px\" \/><\/a><figcaption><strong><a href=\"https:\/\/www.repam.net\/es\/wp-content\/uploads\/2022\/02\/Informe-Proceso-Sinodal-ESP.pdf\">INFORME DEL PROCESO DE CONSULTA SINODAL<\/a><\/strong><br><strong><a href=\"https:\/\/www.repam.net\/es\/wp-content\/uploads\/2022\/02\/Informe-Proceso-Sinodal-ESP.pdf\">(realizado por la REPAM)<\/a><\/strong><\/figcaption><\/figure>\n<\/div>\n\n\n\n<div class=\"wp-block-column is-layout-flow wp-block-column-is-layout-flow\">\n<figure class=\"wp-block-image size-full\"><a href=\"https:\/\/www.repam.net\/es\/publicaciones\/40-dias-navegando\/2019-40-dias-por-el-rio\/\" target=\"_blank\" rel=\"noopener\"><img loading=\"lazy\" decoding=\"async\" width=\"602\" height=\"811\" src=\"https:\/\/www.repam.net\/es\/wp-content\/uploads\/2022\/02\/40-dias-rio-2019.jpg\" alt=\"\" class=\"wp-image-6303\" srcset=\"https:\/\/www.repam.net\/es\/wp-content\/uploads\/2022\/02\/40-dias-rio-2019.jpg 602w, https:\/\/www.repam.net\/es\/wp-content\/uploads\/2022\/02\/40-dias-rio-2019-223x300.jpg 223w\" sizes=\"auto, (max-width: 602px) 100vw, 602px\" \/><\/a><figcaption><a href=\"https:\/\/www.repam.net\/es\/publicaciones\/40-dias-navegando\/2019-40-dias-por-el-rio\/\"><strong>40 D\u00cdAS POR EL R\u00cdO (EN PREPARACI\u00d3N AL S\u00cdNODO)<\/strong><\/a><\/figcaption><\/figure>\n<\/div>\n<\/div>\n\n\n\n<p><\/p>\n\n\n\n<p class=\"has-text-align-center\"><\/p>\n\n\n\n<p class=\"has-text-align-center\"><\/p>\n\n\n\n<p><\/p>\n\n\n\n<p><\/p>\n\n\n\n<p><\/p>\n\n\n\n<p><\/p>\n\n\n\n<p><\/p>\n","protected":false},"excerpt":{"rendered":"<p>1- CONVOCATORIA \u2013 PAPA FRANCISCO De acuerdo con el anuncio del Papa Francisco, el d\u00eda 15 de octubre de 2017 se convoca a la Asamblea Especial del S\u00ednodo de los Obispos para reflexionar sobre el tema: Amazon\u00eda, Nuevos caminos para la Iglesia y para una ecolog\u00eda integral, a llevarse a cabo en octubre de 2019. [&hellip;]<\/p>\n","protected":false},"author":1,"featured_media":0,"parent":290,"menu_order":1,"comment_status":"closed","ping_status":"closed","template":"page-multipla.php","meta":{"_acf_changed":false,"_uf_show_specific_survey":0,"_uf_disable_surveys":false,"footnotes":""},"class_list":["post-292","page","type-page","status-publish","hentry"],"acf":[],"aioseo_notices":[],"yoast_head":"<!-- This site is optimized with the Yoast SEO plugin v27.3 - https:\/\/yoast.com\/product\/yoast-seo-wordpress\/ -->\n<title>Preparaci\u00f3n - REPAM<\/title>\n<meta name=\"robots\" content=\"index, follow, max-snippet:-1, max-image-preview:large, max-video-preview:-1\" \/>\n<link rel=\"canonical\" href=\"https:\/\/www.repam.net\/es\/sinodo-amazonico\/preparacion-del-sinodo\/\" \/>\n<meta property=\"og:locale\" content=\"es_ES\" \/>\n<meta property=\"og:type\" content=\"article\" \/>\n<meta property=\"og:title\" content=\"Preparaci\u00f3n - REPAM\" \/>\n<meta property=\"og:description\" content=\"1- CONVOCATORIA \u2013 PAPA FRANCISCO De acuerdo con el anuncio del Papa Francisco, el d\u00eda 15 de octubre de 2017 se convoca a la Asamblea Especial del S\u00ednodo de los Obispos para reflexionar sobre el tema: Amazon\u00eda, Nuevos caminos para la Iglesia y para una ecolog\u00eda integral, a llevarse a cabo en octubre de 2019. [&hellip;]\" \/>\n<meta property=\"og:url\" content=\"https:\/\/www.repam.net\/es\/sinodo-amazonico\/preparacion-del-sinodo\/\" \/>\n<meta property=\"og:site_name\" content=\"REPAM\" \/>\n<meta property=\"article:modified_time\" content=\"2022-02-15T21:47:49+00:00\" \/>\n<meta property=\"og:image\" content=\"https:\/\/www.repam.net\/es\/wp-content\/uploads\/2021\/08\/Foto-1b-1024x684.jpg\" \/>\n<meta name=\"twitter:card\" content=\"summary_large_image\" \/>\n<meta name=\"twitter:label1\" content=\"Tiempo de lectura\" \/>\n\t<meta name=\"twitter:data1\" content=\"4 minutos\" \/>\n<script type=\"application\/ld+json\" class=\"yoast-schema-graph\">{\"@context\":\"https:\\\/\\\/schema.org\",\"@graph\":[{\"@type\":\"WebPage\",\"@id\":\"https:\\\/\\\/www.repam.net\\\/es\\\/sinodo-amazonico\\\/preparacion-del-sinodo\\\/\",\"url\":\"https:\\\/\\\/www.repam.net\\\/es\\\/sinodo-amazonico\\\/preparacion-del-sinodo\\\/\",\"name\":\"Preparaci\u00f3n - REPAM\",\"isPartOf\":{\"@id\":\"https:\\\/\\\/www.repam.net\\\/es\\\/#website\"},\"primaryImageOfPage\":{\"@id\":\"https:\\\/\\\/www.repam.net\\\/es\\\/sinodo-amazonico\\\/preparacion-del-sinodo\\\/#primaryimage\"},\"image\":{\"@id\":\"https:\\\/\\\/www.repam.net\\\/es\\\/sinodo-amazonico\\\/preparacion-del-sinodo\\\/#primaryimage\"},\"thumbnailUrl\":\"https:\\\/\\\/www.repam.net\\\/es\\\/wp-content\\\/uploads\\\/2021\\\/08\\\/Foto-1b-1024x684.jpg\",\"datePublished\":\"2021-08-31T00:07:56+00:00\",\"dateModified\":\"2022-02-15T21:47:49+00:00\",\"breadcrumb\":{\"@id\":\"https:\\\/\\\/www.repam.net\\\/es\\\/sinodo-amazonico\\\/preparacion-del-sinodo\\\/#breadcrumb\"},\"inLanguage\":\"es-CO\",\"potentialAction\":[{\"@type\":\"ReadAction\",\"target\":[\"https:\\\/\\\/www.repam.net\\\/es\\\/sinodo-amazonico\\\/preparacion-del-sinodo\\\/\"]}]},{\"@type\":\"ImageObject\",\"inLanguage\":\"es-CO\",\"@id\":\"https:\\\/\\\/www.repam.net\\\/es\\\/sinodo-amazonico\\\/preparacion-del-sinodo\\\/#primaryimage\",\"url\":\"https:\\\/\\\/www.repam.net\\\/es\\\/wp-content\\\/uploads\\\/2021\\\/08\\\/Foto-1b.jpg\",\"contentUrl\":\"https:\\\/\\\/www.repam.net\\\/es\\\/wp-content\\\/uploads\\\/2021\\\/08\\\/Foto-1b.jpg\",\"width\":1200,\"height\":801},{\"@type\":\"BreadcrumbList\",\"@id\":\"https:\\\/\\\/www.repam.net\\\/es\\\/sinodo-amazonico\\\/preparacion-del-sinodo\\\/#breadcrumb\",\"itemListElement\":[{\"@type\":\"ListItem\",\"position\":1,\"name\":\"Inicio\",\"item\":\"https:\\\/\\\/www.repam.net\\\/es\\\/\"},{\"@type\":\"ListItem\",\"position\":2,\"name\":\"S\u00ednodo Amaz\u00f3nico\",\"item\":\"https:\\\/\\\/www.repam.net\\\/es\\\/sinodo-amazonico\\\/\"},{\"@type\":\"ListItem\",\"position\":3,\"name\":\"Preparaci\u00f3n\"}]},{\"@type\":\"WebSite\",\"@id\":\"https:\\\/\\\/www.repam.net\\\/es\\\/#website\",\"url\":\"https:\\\/\\\/www.repam.net\\\/es\\\/\",\"name\":\"REPAM\",\"description\":\"Red Eclesial Panamaz\u00f3nica\",\"publisher\":{\"@id\":\"https:\\\/\\\/www.repam.net\\\/es\\\/#organization\"},\"potentialAction\":[{\"@type\":\"SearchAction\",\"target\":{\"@type\":\"EntryPoint\",\"urlTemplate\":\"https:\\\/\\\/www.repam.net\\\/es\\\/?s={search_term_string}\"},\"query-input\":{\"@type\":\"PropertyValueSpecification\",\"valueRequired\":true,\"valueName\":\"search_term_string\"}}],\"inLanguage\":\"es-CO\"},{\"@type\":\"Organization\",\"@id\":\"https:\\\/\\\/www.repam.net\\\/es\\\/#organization\",\"name\":\"REPAM\",\"url\":\"https:\\\/\\\/www.repam.net\\\/es\\\/\",\"logo\":{\"@type\":\"ImageObject\",\"inLanguage\":\"es-CO\",\"@id\":\"https:\\\/\\\/www.repam.net\\\/es\\\/#\\\/schema\\\/logo\\\/image\\\/\",\"url\":\"https:\\\/\\\/www.repam.net\\\/es\\\/wp-content\\\/uploads\\\/2021\\\/11\\\/cropped-favicon.png\",\"contentUrl\":\"https:\\\/\\\/www.repam.net\\\/es\\\/wp-content\\\/uploads\\\/2021\\\/11\\\/cropped-favicon.png\",\"width\":512,\"height\":512,\"caption\":\"REPAM\"},\"image\":{\"@id\":\"https:\\\/\\\/www.repam.net\\\/es\\\/#\\\/schema\\\/logo\\\/image\\\/\"}}]}<\/script>\n<!-- \/ Yoast SEO plugin. -->","yoast_head_json":{"title":"Preparaci\u00f3n - REPAM","robots":{"index":"index","follow":"follow","max-snippet":"max-snippet:-1","max-image-preview":"max-image-preview:large","max-video-preview":"max-video-preview:-1"},"canonical":"https:\/\/www.repam.net\/es\/sinodo-amazonico\/preparacion-del-sinodo\/","og_locale":"es_ES","og_type":"article","og_title":"Preparaci\u00f3n - REPAM","og_description":"1- CONVOCATORIA \u2013 PAPA FRANCISCO De acuerdo con el anuncio del Papa Francisco, el d\u00eda 15 de octubre de 2017 se convoca a la Asamblea Especial del S\u00ednodo de los Obispos para reflexionar sobre el tema: Amazon\u00eda, Nuevos caminos para la Iglesia y para una ecolog\u00eda integral, a llevarse a cabo en octubre de 2019. [&hellip;]","og_url":"https:\/\/www.repam.net\/es\/sinodo-amazonico\/preparacion-del-sinodo\/","og_site_name":"REPAM","article_modified_time":"2022-02-15T21:47:49+00:00","og_image":[{"url":"https:\/\/www.repam.net\/es\/wp-content\/uploads\/2021\/08\/Foto-1b-1024x684.jpg","type":"","width":"","height":""}],"twitter_card":"summary_large_image","twitter_misc":{"Tiempo de lectura":"4 minutos"},"schema":{"@context":"https:\/\/schema.org","@graph":[{"@type":"WebPage","@id":"https:\/\/www.repam.net\/es\/sinodo-amazonico\/preparacion-del-sinodo\/","url":"https:\/\/www.repam.net\/es\/sinodo-amazonico\/preparacion-del-sinodo\/","name":"Preparaci\u00f3n - REPAM","isPartOf":{"@id":"https:\/\/www.repam.net\/es\/#website"},"primaryImageOfPage":{"@id":"https:\/\/www.repam.net\/es\/sinodo-amazonico\/preparacion-del-sinodo\/#primaryimage"},"image":{"@id":"https:\/\/www.repam.net\/es\/sinodo-amazonico\/preparacion-del-sinodo\/#primaryimage"},"thumbnailUrl":"https:\/\/www.repam.net\/es\/wp-content\/uploads\/2021\/08\/Foto-1b-1024x684.jpg","datePublished":"2021-08-31T00:07:56+00:00","dateModified":"2022-02-15T21:47:49+00:00","breadcrumb":{"@id":"https:\/\/www.repam.net\/es\/sinodo-amazonico\/preparacion-del-sinodo\/#breadcrumb"},"inLanguage":"es-CO","potentialAction":[{"@type":"ReadAction","target":["https:\/\/www.repam.net\/es\/sinodo-amazonico\/preparacion-del-sinodo\/"]}]},{"@type":"ImageObject","inLanguage":"es-CO","@id":"https:\/\/www.repam.net\/es\/sinodo-amazonico\/preparacion-del-sinodo\/#primaryimage","url":"https:\/\/www.repam.net\/es\/wp-content\/uploads\/2021\/08\/Foto-1b.jpg","contentUrl":"https:\/\/www.repam.net\/es\/wp-content\/uploads\/2021\/08\/Foto-1b.jpg","width":1200,"height":801},{"@type":"BreadcrumbList","@id":"https:\/\/www.repam.net\/es\/sinodo-amazonico\/preparacion-del-sinodo\/#breadcrumb","itemListElement":[{"@type":"ListItem","position":1,"name":"Inicio","item":"https:\/\/www.repam.net\/es\/"},{"@type":"ListItem","position":2,"name":"S\u00ednodo Amaz\u00f3nico","item":"https:\/\/www.repam.net\/es\/sinodo-amazonico\/"},{"@type":"ListItem","position":3,"name":"Preparaci\u00f3n"}]},{"@type":"WebSite","@id":"https:\/\/www.repam.net\/es\/#website","url":"https:\/\/www.repam.net\/es\/","name":"REPAM","description":"Red Eclesial Panamaz\u00f3nica","publisher":{"@id":"https:\/\/www.repam.net\/es\/#organization"},"potentialAction":[{"@type":"SearchAction","target":{"@type":"EntryPoint","urlTemplate":"https:\/\/www.repam.net\/es\/?s={search_term_string}"},"query-input":{"@type":"PropertyValueSpecification","valueRequired":true,"valueName":"search_term_string"}}],"inLanguage":"es-CO"},{"@type":"Organization","@id":"https:\/\/www.repam.net\/es\/#organization","name":"REPAM","url":"https:\/\/www.repam.net\/es\/","logo":{"@type":"ImageObject","inLanguage":"es-CO","@id":"https:\/\/www.repam.net\/es\/#\/schema\/logo\/image\/","url":"https:\/\/www.repam.net\/es\/wp-content\/uploads\/2021\/11\/cropped-favicon.png","contentUrl":"https:\/\/www.repam.net\/es\/wp-content\/uploads\/2021\/11\/cropped-favicon.png","width":512,"height":512,"caption":"REPAM"},"image":{"@id":"https:\/\/www.repam.net\/es\/#\/schema\/logo\/image\/"}}]}},"_links":{"self":[{"href":"https:\/\/www.repam.net\/es\/wp-json\/wp\/v2\/pages\/292","targetHints":{"allow":["GET"]}}],"collection":[{"href":"https:\/\/www.repam.net\/es\/wp-json\/wp\/v2\/pages"}],"about":[{"href":"https:\/\/www.repam.net\/es\/wp-json\/wp\/v2\/types\/page"}],"author":[{"embeddable":true,"href":"https:\/\/www.repam.net\/es\/wp-json\/wp\/v2\/users\/1"}],"replies":[{"embeddable":true,"href":"https:\/\/www.repam.net\/es\/wp-json\/wp\/v2\/comments?post=292"}],"version-history":[{"count":6,"href":"https:\/\/www.repam.net\/es\/wp-json\/wp\/v2\/pages\/292\/revisions"}],"predecessor-version":[{"id":6338,"href":"https:\/\/www.repam.net\/es\/wp-json\/wp\/v2\/pages\/292\/revisions\/6338"}],"up":[{"embeddable":true,"href":"https:\/\/www.repam.net\/es\/wp-json\/wp\/v2\/pages\/290"}],"wp:attachment":[{"href":"https:\/\/www.repam.net\/es\/wp-json\/wp\/v2\/media?parent=292"}],"curies":[{"name":"wp","href":"https:\/\/api.w.org\/{rel}","templated":true}]}}