{"id":308,"date":"2021-08-31T19:02:09","date_gmt":"2021-09-01T00:02:09","guid":{"rendered":"http:\/\/repam.net\/?page_id=308"},"modified":"2022-02-17T14:54:25","modified_gmt":"2022-02-17T19:54:25","slug":"el-postsinodo","status":"publish","type":"page","link":"https:\/\/www.repam.net\/es\/sinodo-amazonico\/el-postsinodo\/","title":{"rendered":"Posts\u00ednodo"},"content":{"rendered":"\n<p class=\"has-text-align-center\">La etapa m\u00e1s importante es la postsinodal, donde suceden las verdaderas transformaciones y el camino para nuestra Iglesia con rostro amaz\u00f3nico.<\/p>\n\n\n\n<p class=\"has-text-align-center\">Como gesto concreto, el papa Francisco escribi\u00f3 una Exhortaci\u00f3n Postsinodal titulada \u201cQuerida Amazon\u00eda\u201d, donde invita a poner en marcha las propuestas del Documento Final y comparte los \u201csue\u00f1os\u201d que tiene con la Amazon\u00eda a nivel social, ecol\u00f3gico, cultural y eclesial. A partir de ah\u00ed se viene estableciendo las orientaciones prioritarias a partir de todo lo vivido en el proceso sinodal, con la confirmaci\u00f3n del Papa para nuestra misi\u00f3n, que ya ha estado llena de vida en el territorio, pero con fuerzas renovadas y m\u00e1s claridades.<\/p>\n\n\n\n<hr class=\"wp-block-separator\"\/>\n\n\n\n<div class=\"wp-block-columns is-layout-flex wp-container-core-columns-is-layout-9d6595d7 wp-block-columns-is-layout-flex\">\n<div class=\"wp-block-column is-layout-flow wp-block-column-is-layout-flow\">\n<figure class=\"wp-block-image size-full is-resized\"><a href=\"https:\/\/www.repam.net\/es\/wp-content\/uploads\/2022\/02\/ESP-DOCUMENTO-FINAL-SINODO-AMAZONICO.pdf\" target=\"_blank\" rel=\"noopener\"><img loading=\"lazy\" decoding=\"async\" src=\"https:\/\/www.repam.net\/es\/wp-content\/uploads\/2022\/02\/Documento-Final-Sinodo-Amazonico-1.jpg\" alt=\"\" class=\"wp-image-6316\" width=\"241\" height=\"321\" srcset=\"https:\/\/www.repam.net\/es\/wp-content\/uploads\/2022\/02\/Documento-Final-Sinodo-Amazonico-1.jpg 720w, https:\/\/www.repam.net\/es\/wp-content\/uploads\/2022\/02\/Documento-Final-Sinodo-Amazonico-1-225x300.jpg 225w\" sizes=\"auto, (max-width: 241px) 100vw, 241px\" \/><\/a><figcaption><strong><a href=\"https:\/\/www.repam.net\/es\/wp-content\/uploads\/2022\/02\/ESP-DOCUMENTO-FINAL-SINODO-AMAZONICO.pdf\" target=\"_blank\" rel=\"noreferrer noopener\">DOCUMENTO FINAL DEL S\u00cdNODO AMAZ\u00d3NICO<\/a><\/strong><\/figcaption><\/figure>\n<\/div>\n\n\n\n<div class=\"wp-block-column is-layout-flow wp-block-column-is-layout-flow\">\n<div class=\"wp-block-image\"><figure class=\"aligncenter size-full is-resized\"><a href=\"https:\/\/www.repam.net\/es\/wp-content\/uploads\/2022\/02\/ESP-EXHORTACION-APOSTOLICA-QUERIDA-AMAZONIA.pdf\" target=\"_blank\" rel=\"noopener\"><img loading=\"lazy\" decoding=\"async\" src=\"https:\/\/www.repam.net\/es\/wp-content\/uploads\/2022\/02\/Querida-Amazonia-E-A.jpg\" alt=\"\" class=\"wp-image-6325\" width=\"219\" height=\"291\" srcset=\"https:\/\/www.repam.net\/es\/wp-content\/uploads\/2022\/02\/Querida-Amazonia-E-A.jpg 350w, https:\/\/www.repam.net\/es\/wp-content\/uploads\/2022\/02\/Querida-Amazonia-E-A-225x300.jpg 225w\" sizes=\"auto, (max-width: 219px) 100vw, 219px\" \/><\/a><figcaption><strong><a href=\"https:\/\/www.repam.net\/es\/wp-content\/uploads\/2022\/02\/ESP-EXHORTACION-APOSTOLICA-QUERIDA-AMAZONIA.pdf\" target=\"_blank\" rel=\"noreferrer noopener\">EXHORTACI\u00d3N APOST\u00d3LICA \u201cQUERIDA AMAZON\u00cdA\u201d<\/a><\/strong><\/figcaption><\/figure><\/div>\n<\/div>\n\n\n\n<div class=\"wp-block-column is-layout-flow wp-block-column-is-layout-flow\">\n<div class=\"wp-block-image\"><figure class=\"aligncenter size-full is-resized\"><a href=\"https:\/\/www.repam.net\/es\/wp-content\/uploads\/2022\/02\/Querida-Amazonia_es-baja-resolucion-para-web.pdf\" target=\"_blank\" rel=\"noopener\"><img loading=\"lazy\" decoding=\"async\" src=\"https:\/\/www.repam.net\/es\/wp-content\/uploads\/2022\/02\/Version-Popular-QA-propuestas-Sinodo-Amazonico.jpg\" alt=\"\" class=\"wp-image-6326\" width=\"221\" height=\"293\"\/><\/a><figcaption><strong><a href=\"https:\/\/www.repam.net\/es\/wp-content\/uploads\/2022\/02\/Querida-Amazonia_es-baja-resolucion-para-web.pdf\" target=\"_blank\" rel=\"noreferrer noopener\">VERSI\u00d3N POPULAR DE \u201cQUERIDA AMAZON\u00cdA\u201d CON LAS PROPUESTAS DEL DOCUMENTO FINAL DEL S\u00cdNODO AMAZ\u00d3NICO<\/a><\/strong><\/figcaption><\/figure><\/div>\n<\/div>\n<\/div>\n\n\n\n<hr class=\"wp-block-separator\"\/>\n\n\n\n<h5 class=\"has-text-align-center wp-block-heading\" id=\"otros-materiales-elaborador-por-la-repam\"><strong>OTROS MATERIALES ELABORADOR POR LA REPAM:<\/strong><\/h5>\n\n\n\n<div class=\"wp-block-columns is-layout-flex wp-container-core-columns-is-layout-9d6595d7 wp-block-columns-is-layout-flex\">\n<div class=\"wp-block-column is-layout-flow wp-block-column-is-layout-flow\"><\/div>\n\n\n\n<div class=\"wp-block-column is-layout-flow wp-block-column-is-layout-flow\">\n<figure class=\"wp-block-image size-full\"><a href=\"https:\/\/www.repam.net\/es\/wp-content\/uploads\/2022\/02\/ES.-MATRIZ-DE-COMPARACION-DE-DOCUMENTOS-Voces-QA-DF_Resolucion-.pdf\" target=\"_blank\" rel=\"noopener\"><img loading=\"lazy\" decoding=\"async\" width=\"613\" height=\"817\" src=\"https:\/\/www.repam.net\/es\/wp-content\/uploads\/2022\/02\/Matriz-de-comparacion.jpg\" alt=\"\" class=\"wp-image-6330\" srcset=\"https:\/\/www.repam.net\/es\/wp-content\/uploads\/2022\/02\/Matriz-de-comparacion.jpg 613w, https:\/\/www.repam.net\/es\/wp-content\/uploads\/2022\/02\/Matriz-de-comparacion-225x300.jpg 225w\" sizes=\"auto, (max-width: 613px) 100vw, 613px\" \/><\/a><figcaption><a href=\"https:\/\/www.repam.net\/es\/wp-content\/uploads\/2022\/02\/ES.-MATRIZ-DE-COMPARACION-DE-DOCUMENTOS-Voces-QA-DF_Resolucion-.pdf\" target=\"_blank\" rel=\"noreferrer noopener\">MATRIZ DE COMPARACI\u00d3N DE LOS DOCUMENTOS DEL CAMINO SINODAL<\/a><\/figcaption><\/figure>\n<\/div>\n\n\n\n<div class=\"wp-block-column is-layout-flow wp-block-column-is-layout-flow\">\n<figure class=\"wp-block-image size-full\"><a href=\"https:\/\/www.repam.net\/es\/wp-content\/uploads\/2022\/02\/GUIA-METODOLOGICA_ESP_compressed.pdf\" target=\"_blank\" rel=\"noopener\"><img loading=\"lazy\" decoding=\"async\" width=\"578\" height=\"771\" src=\"https:\/\/www.repam.net\/es\/wp-content\/uploads\/2022\/02\/Guia-para-retorno-del-sinodo-a-los-territorios.jpg\" alt=\"\" class=\"wp-image-6329\" srcset=\"https:\/\/www.repam.net\/es\/wp-content\/uploads\/2022\/02\/Guia-para-retorno-del-sinodo-a-los-territorios.jpg 578w, https:\/\/www.repam.net\/es\/wp-content\/uploads\/2022\/02\/Guia-para-retorno-del-sinodo-a-los-territorios-225x300.jpg 225w\" sizes=\"auto, (max-width: 578px) 100vw, 578px\" \/><\/a><figcaption><a href=\"https:\/\/www.repam.net\/es\/wp-content\/uploads\/2022\/02\/GUIA-METODOLOGICA_ESP_compressed.pdf\" target=\"_blank\" rel=\"noreferrer noopener\"><strong>GU\u00cdA METODOL\u00d3GICA DE RETORNO AL TERRITORIO<\/strong><\/a><\/figcaption><\/figure>\n<\/div>\n\n\n\n<div class=\"wp-block-column is-layout-flow wp-block-column-is-layout-flow\"><\/div>\n<\/div>\n\n\n\n<hr class=\"wp-block-separator\"\/>\n\n\n\n<h5 class=\"has-text-align-center wp-block-heading\" id=\"nacimiento-de-la-conferencia-eclesial-de-la-amazonia-ceama\"><strong>NACIMIENTO DE LA CONFERENCIA ECLESIAL DE LA AMAZON\u00cdA &#8211; CEAMA<\/strong><\/h5>\n\n\n\n<div class=\"wp-block-columns is-layout-flex wp-container-core-columns-is-layout-9d6595d7 wp-block-columns-is-layout-flex\">\n<div class=\"wp-block-column is-layout-flow wp-block-column-is-layout-flow\">\n<figure class=\"wp-block-embed is-type-video is-provider-youtube wp-block-embed-youtube wp-embed-aspect-16-9 wp-has-aspect-ratio\"><div class=\"wp-block-embed__wrapper\">\n<iframe loading=\"lazy\" title=\"CEAMA - Conferencia Eclesial de la Amazon\u00eda\" width=\"500\" height=\"281\" src=\"https:\/\/www.youtube.com\/embed\/_FLdiNIgQ3U?list=PLzlcvg4GuiUYq3bD40e5QCNK4gYjkjnNH\" frameborder=\"0\" allow=\"accelerometer; autoplay; clipboard-write; encrypted-media; gyroscope; picture-in-picture; web-share\" referrerpolicy=\"strict-origin-when-cross-origin\" allowfullscreen><\/iframe>\n<\/div><\/figure>\n<\/div>\n\n\n\n<div class=\"wp-block-column is-layout-flow wp-block-column-is-layout-flow\">\n<p>Fundada el 29 de junio de 2020, la Conferencia Eclesial de la Amazon\u00eda &#8211; CEAMA representa a todo el Pueblo de Dios en camino por la Amazon\u00eda de Bolivia, Brasil, Colombia, Ecuador, Guyana, Guyana Francesa, Per\u00fa, Surinam y Venezuela. Se caracteriza por un estilo sinodal y colegial. <\/p>\n\n\n\n<p>Las arquidi\u00f3cesis, di\u00f3cesis y dem\u00e1s jurisdicciones son part\u00edcipes de sus respectivas conferencias episcopales y tambi\u00e9n forman parte de este nuevo Organismo, combinando su particular identidad eclesial y cultural. En las estructuras de esta Conferencia participan con sentido sinodal las instancias correspondientes de estructuras eclesiales regionales, como la CLAR y las C\u00c1RITAS. La nueva Conferencia Eclesial de la Amazon\u00eda nace y se desarrolla en coordinaci\u00f3n org\u00e1nica con la REPAM.<\/p>\n<\/div>\n<\/div>\n","protected":false},"excerpt":{"rendered":"<p>La etapa m\u00e1s importante es la postsinodal, donde suceden las verdaderas transformaciones y el camino para nuestra Iglesia con rostro amaz\u00f3nico. Como gesto concreto, el papa Francisco escribi\u00f3 una Exhortaci\u00f3n Postsinodal titulada \u201cQuerida Amazon\u00eda\u201d, donde invita a poner en marcha las propuestas del Documento Final y comparte los \u201csue\u00f1os\u201d que tiene con la Amazon\u00eda a [&hellip;]<\/p>\n","protected":false},"author":1,"featured_media":0,"parent":290,"menu_order":3,"comment_status":"closed","ping_status":"closed","template":"page-multipla.php","meta":{"_acf_changed":false,"_uf_show_specific_survey":0,"_uf_disable_surveys":false,"footnotes":""},"class_list":["post-308","page","type-page","status-publish","hentry"],"acf":[],"aioseo_notices":[],"yoast_head":"<!-- This site is optimized with the Yoast SEO plugin v27.3 - https:\/\/yoast.com\/product\/yoast-seo-wordpress\/ -->\n<title>Posts\u00ednodo - REPAM<\/title>\n<meta name=\"robots\" content=\"index, follow, max-snippet:-1, max-image-preview:large, max-video-preview:-1\" \/>\n<link rel=\"canonical\" href=\"https:\/\/www.repam.net\/es\/sinodo-amazonico\/el-postsinodo\/\" \/>\n<meta property=\"og:locale\" content=\"es_ES\" \/>\n<meta property=\"og:type\" content=\"article\" \/>\n<meta property=\"og:title\" content=\"Posts\u00ednodo - REPAM\" \/>\n<meta property=\"og:description\" content=\"La etapa m\u00e1s importante es la postsinodal, donde suceden las verdaderas transformaciones y el camino para nuestra Iglesia con rostro amaz\u00f3nico. Como gesto concreto, el papa Francisco escribi\u00f3 una Exhortaci\u00f3n Postsinodal titulada \u201cQuerida Amazon\u00eda\u201d, donde invita a poner en marcha las propuestas del Documento Final y comparte los \u201csue\u00f1os\u201d que tiene con la Amazon\u00eda a [&hellip;]\" \/>\n<meta property=\"og:url\" content=\"https:\/\/www.repam.net\/es\/sinodo-amazonico\/el-postsinodo\/\" \/>\n<meta property=\"og:site_name\" content=\"REPAM\" \/>\n<meta property=\"article:modified_time\" content=\"2022-02-17T19:54:25+00:00\" \/>\n<meta property=\"og:image\" content=\"https:\/\/www.repam.net\/es\/wp-content\/uploads\/2022\/02\/Documento-Final-Sinodo-Amazonico-1.jpg\" \/>\n<meta name=\"twitter:card\" content=\"summary_large_image\" \/>\n<meta name=\"twitter:label1\" content=\"Tiempo de lectura\" \/>\n\t<meta name=\"twitter:data1\" content=\"3 minutos\" \/>\n<script type=\"application\/ld+json\" class=\"yoast-schema-graph\">{\"@context\":\"https:\\\/\\\/schema.org\",\"@graph\":[{\"@type\":\"WebPage\",\"@id\":\"https:\\\/\\\/www.repam.net\\\/es\\\/sinodo-amazonico\\\/el-postsinodo\\\/\",\"url\":\"https:\\\/\\\/www.repam.net\\\/es\\\/sinodo-amazonico\\\/el-postsinodo\\\/\",\"name\":\"Posts\u00ednodo - REPAM\",\"isPartOf\":{\"@id\":\"https:\\\/\\\/www.repam.net\\\/es\\\/#website\"},\"primaryImageOfPage\":{\"@id\":\"https:\\\/\\\/www.repam.net\\\/es\\\/sinodo-amazonico\\\/el-postsinodo\\\/#primaryimage\"},\"image\":{\"@id\":\"https:\\\/\\\/www.repam.net\\\/es\\\/sinodo-amazonico\\\/el-postsinodo\\\/#primaryimage\"},\"thumbnailUrl\":\"https:\\\/\\\/www.repam.net\\\/es\\\/wp-content\\\/uploads\\\/2022\\\/02\\\/Documento-Final-Sinodo-Amazonico-1.jpg\",\"datePublished\":\"2021-09-01T00:02:09+00:00\",\"dateModified\":\"2022-02-17T19:54:25+00:00\",\"breadcrumb\":{\"@id\":\"https:\\\/\\\/www.repam.net\\\/es\\\/sinodo-amazonico\\\/el-postsinodo\\\/#breadcrumb\"},\"inLanguage\":\"es-CO\",\"potentialAction\":[{\"@type\":\"ReadAction\",\"target\":[\"https:\\\/\\\/www.repam.net\\\/es\\\/sinodo-amazonico\\\/el-postsinodo\\\/\"]}]},{\"@type\":\"ImageObject\",\"inLanguage\":\"es-CO\",\"@id\":\"https:\\\/\\\/www.repam.net\\\/es\\\/sinodo-amazonico\\\/el-postsinodo\\\/#primaryimage\",\"url\":\"https:\\\/\\\/www.repam.net\\\/es\\\/wp-content\\\/uploads\\\/2022\\\/02\\\/Documento-Final-Sinodo-Amazonico-1.jpg\",\"contentUrl\":\"https:\\\/\\\/www.repam.net\\\/es\\\/wp-content\\\/uploads\\\/2022\\\/02\\\/Documento-Final-Sinodo-Amazonico-1.jpg\",\"width\":720,\"height\":960},{\"@type\":\"BreadcrumbList\",\"@id\":\"https:\\\/\\\/www.repam.net\\\/es\\\/sinodo-amazonico\\\/el-postsinodo\\\/#breadcrumb\",\"itemListElement\":[{\"@type\":\"ListItem\",\"position\":1,\"name\":\"Inicio\",\"item\":\"https:\\\/\\\/www.repam.net\\\/es\\\/\"},{\"@type\":\"ListItem\",\"position\":2,\"name\":\"S\u00ednodo Amaz\u00f3nico\",\"item\":\"https:\\\/\\\/www.repam.net\\\/es\\\/sinodo-amazonico\\\/\"},{\"@type\":\"ListItem\",\"position\":3,\"name\":\"Posts\u00ednodo\"}]},{\"@type\":\"WebSite\",\"@id\":\"https:\\\/\\\/www.repam.net\\\/es\\\/#website\",\"url\":\"https:\\\/\\\/www.repam.net\\\/es\\\/\",\"name\":\"REPAM\",\"description\":\"Red Eclesial Panamaz\u00f3nica\",\"publisher\":{\"@id\":\"https:\\\/\\\/www.repam.net\\\/es\\\/#organization\"},\"potentialAction\":[{\"@type\":\"SearchAction\",\"target\":{\"@type\":\"EntryPoint\",\"urlTemplate\":\"https:\\\/\\\/www.repam.net\\\/es\\\/?s={search_term_string}\"},\"query-input\":{\"@type\":\"PropertyValueSpecification\",\"valueRequired\":true,\"valueName\":\"search_term_string\"}}],\"inLanguage\":\"es-CO\"},{\"@type\":\"Organization\",\"@id\":\"https:\\\/\\\/www.repam.net\\\/es\\\/#organization\",\"name\":\"REPAM\",\"url\":\"https:\\\/\\\/www.repam.net\\\/es\\\/\",\"logo\":{\"@type\":\"ImageObject\",\"inLanguage\":\"es-CO\",\"@id\":\"https:\\\/\\\/www.repam.net\\\/es\\\/#\\\/schema\\\/logo\\\/image\\\/\",\"url\":\"https:\\\/\\\/www.repam.net\\\/es\\\/wp-content\\\/uploads\\\/2021\\\/11\\\/cropped-favicon.png\",\"contentUrl\":\"https:\\\/\\\/www.repam.net\\\/es\\\/wp-content\\\/uploads\\\/2021\\\/11\\\/cropped-favicon.png\",\"width\":512,\"height\":512,\"caption\":\"REPAM\"},\"image\":{\"@id\":\"https:\\\/\\\/www.repam.net\\\/es\\\/#\\\/schema\\\/logo\\\/image\\\/\"}}]}<\/script>\n<!-- \/ Yoast SEO plugin. -->","yoast_head_json":{"title":"Posts\u00ednodo - REPAM","robots":{"index":"index","follow":"follow","max-snippet":"max-snippet:-1","max-image-preview":"max-image-preview:large","max-video-preview":"max-video-preview:-1"},"canonical":"https:\/\/www.repam.net\/es\/sinodo-amazonico\/el-postsinodo\/","og_locale":"es_ES","og_type":"article","og_title":"Posts\u00ednodo - REPAM","og_description":"La etapa m\u00e1s importante es la postsinodal, donde suceden las verdaderas transformaciones y el camino para nuestra Iglesia con rostro amaz\u00f3nico. Como gesto concreto, el papa Francisco escribi\u00f3 una Exhortaci\u00f3n Postsinodal titulada \u201cQuerida Amazon\u00eda\u201d, donde invita a poner en marcha las propuestas del Documento Final y comparte los \u201csue\u00f1os\u201d que tiene con la Amazon\u00eda a [&hellip;]","og_url":"https:\/\/www.repam.net\/es\/sinodo-amazonico\/el-postsinodo\/","og_site_name":"REPAM","article_modified_time":"2022-02-17T19:54:25+00:00","og_image":[{"url":"https:\/\/www.repam.net\/es\/wp-content\/uploads\/2022\/02\/Documento-Final-Sinodo-Amazonico-1.jpg","type":"","width":"","height":""}],"twitter_card":"summary_large_image","twitter_misc":{"Tiempo de lectura":"3 minutos"},"schema":{"@context":"https:\/\/schema.org","@graph":[{"@type":"WebPage","@id":"https:\/\/www.repam.net\/es\/sinodo-amazonico\/el-postsinodo\/","url":"https:\/\/www.repam.net\/es\/sinodo-amazonico\/el-postsinodo\/","name":"Posts\u00ednodo - REPAM","isPartOf":{"@id":"https:\/\/www.repam.net\/es\/#website"},"primaryImageOfPage":{"@id":"https:\/\/www.repam.net\/es\/sinodo-amazonico\/el-postsinodo\/#primaryimage"},"image":{"@id":"https:\/\/www.repam.net\/es\/sinodo-amazonico\/el-postsinodo\/#primaryimage"},"thumbnailUrl":"https:\/\/www.repam.net\/es\/wp-content\/uploads\/2022\/02\/Documento-Final-Sinodo-Amazonico-1.jpg","datePublished":"2021-09-01T00:02:09+00:00","dateModified":"2022-02-17T19:54:25+00:00","breadcrumb":{"@id":"https:\/\/www.repam.net\/es\/sinodo-amazonico\/el-postsinodo\/#breadcrumb"},"inLanguage":"es-CO","potentialAction":[{"@type":"ReadAction","target":["https:\/\/www.repam.net\/es\/sinodo-amazonico\/el-postsinodo\/"]}]},{"@type":"ImageObject","inLanguage":"es-CO","@id":"https:\/\/www.repam.net\/es\/sinodo-amazonico\/el-postsinodo\/#primaryimage","url":"https:\/\/www.repam.net\/es\/wp-content\/uploads\/2022\/02\/Documento-Final-Sinodo-Amazonico-1.jpg","contentUrl":"https:\/\/www.repam.net\/es\/wp-content\/uploads\/2022\/02\/Documento-Final-Sinodo-Amazonico-1.jpg","width":720,"height":960},{"@type":"BreadcrumbList","@id":"https:\/\/www.repam.net\/es\/sinodo-amazonico\/el-postsinodo\/#breadcrumb","itemListElement":[{"@type":"ListItem","position":1,"name":"Inicio","item":"https:\/\/www.repam.net\/es\/"},{"@type":"ListItem","position":2,"name":"S\u00ednodo Amaz\u00f3nico","item":"https:\/\/www.repam.net\/es\/sinodo-amazonico\/"},{"@type":"ListItem","position":3,"name":"Posts\u00ednodo"}]},{"@type":"WebSite","@id":"https:\/\/www.repam.net\/es\/#website","url":"https:\/\/www.repam.net\/es\/","name":"REPAM","description":"Red Eclesial Panamaz\u00f3nica","publisher":{"@id":"https:\/\/www.repam.net\/es\/#organization"},"potentialAction":[{"@type":"SearchAction","target":{"@type":"EntryPoint","urlTemplate":"https:\/\/www.repam.net\/es\/?s={search_term_string}"},"query-input":{"@type":"PropertyValueSpecification","valueRequired":true,"valueName":"search_term_string"}}],"inLanguage":"es-CO"},{"@type":"Organization","@id":"https:\/\/www.repam.net\/es\/#organization","name":"REPAM","url":"https:\/\/www.repam.net\/es\/","logo":{"@type":"ImageObject","inLanguage":"es-CO","@id":"https:\/\/www.repam.net\/es\/#\/schema\/logo\/image\/","url":"https:\/\/www.repam.net\/es\/wp-content\/uploads\/2021\/11\/cropped-favicon.png","contentUrl":"https:\/\/www.repam.net\/es\/wp-content\/uploads\/2021\/11\/cropped-favicon.png","width":512,"height":512,"caption":"REPAM"},"image":{"@id":"https:\/\/www.repam.net\/es\/#\/schema\/logo\/image\/"}}]}},"_links":{"self":[{"href":"https:\/\/www.repam.net\/es\/wp-json\/wp\/v2\/pages\/308","targetHints":{"allow":["GET"]}}],"collection":[{"href":"https:\/\/www.repam.net\/es\/wp-json\/wp\/v2\/pages"}],"about":[{"href":"https:\/\/www.repam.net\/es\/wp-json\/wp\/v2\/types\/page"}],"author":[{"embeddable":true,"href":"https:\/\/www.repam.net\/es\/wp-json\/wp\/v2\/users\/1"}],"replies":[{"embeddable":true,"href":"https:\/\/www.repam.net\/es\/wp-json\/wp\/v2\/comments?post=308"}],"version-history":[{"count":13,"href":"https:\/\/www.repam.net\/es\/wp-json\/wp\/v2\/pages\/308\/revisions"}],"predecessor-version":[{"id":6353,"href":"https:\/\/www.repam.net\/es\/wp-json\/wp\/v2\/pages\/308\/revisions\/6353"}],"up":[{"embeddable":true,"href":"https:\/\/www.repam.net\/es\/wp-json\/wp\/v2\/pages\/290"}],"wp:attachment":[{"href":"https:\/\/www.repam.net\/es\/wp-json\/wp\/v2\/media?parent=308"}],"curies":[{"name":"wp","href":"https:\/\/api.w.org\/{rel}","templated":true}]}}