{"id":343,"date":"2021-09-07T10:52:27","date_gmt":"2021-09-07T15:52:27","guid":{"rendered":"http:\/\/repam.net\/?page_id=343"},"modified":"2021-10-07T14:47:50","modified_gmt":"2021-10-07T19:47:50","slug":"40-dias-navegando","status":"publish","type":"page","link":"https:\/\/www.repam.net\/es\/publicaciones\/40-dias-navegando\/","title":{"rendered":"40 d\u00edas navegando"},"content":{"rendered":"\n<p>Aprovechando el tiempo de Cuaresma, y siguiendo una idea que llev\u00f3 a navegar \u201c40 d\u00edas por el r\u00edo\u201d como preparaci\u00f3n a la Asamblea Sinodal, la REPAM hace una propuesta anual de subir a la canoa del proceso sinodal, de navegar juntos y descubrir como Dios, a trav\u00e9s de su Palabra y los documentos del Magisterio, va iluminando y marcando la ruta a seguir.&nbsp;<\/p>\n\n\n\n<p>\u00a1S\u00fabete a la canoa! Ponte c\u00f3modo y busca el equilibrio necesario, para que juntos nos adentremos en estas aguas de la Ecolog\u00eda Integral, a veces tranquilas y a veces movidas, para estar atentos a lo que puede ser Buena Noticia.<\/p>\n","protected":false},"excerpt":{"rendered":"<p>Aprovechando el tiempo de Cuaresma, y siguiendo una idea que llev\u00f3 a navegar \u201c40 d\u00edas por el r\u00edo\u201d como preparaci\u00f3n a la Asamblea Sinodal, la REPAM hace una propuesta anual de subir a la canoa del proceso sinodal, de navegar juntos y descubrir como Dios, a trav\u00e9s de su Palabra y los documentos del Magisterio, [&hellip;]<\/p>\n","protected":false},"author":1,"featured_media":0,"parent":341,"menu_order":0,"comment_status":"closed","ping_status":"closed","template":"page-multipla.php","meta":{"_acf_changed":false,"_uf_show_specific_survey":0,"_uf_disable_surveys":false,"footnotes":""},"class_list":["post-343","page","type-page","status-publish","hentry"],"acf":[],"aioseo_notices":[],"yoast_head":"<!-- This site is optimized with the Yoast SEO plugin v27.3 - https:\/\/yoast.com\/product\/yoast-seo-wordpress\/ -->\n<title>40 d\u00edas navegando - REPAM<\/title>\n<meta name=\"robots\" content=\"index, follow, max-snippet:-1, max-image-preview:large, max-video-preview:-1\" \/>\n<link rel=\"canonical\" href=\"https:\/\/www.repam.net\/es\/publicaciones\/40-dias-navegando\/\" \/>\n<meta property=\"og:locale\" content=\"es_ES\" \/>\n<meta property=\"og:type\" content=\"article\" \/>\n<meta property=\"og:title\" content=\"40 d\u00edas navegando - REPAM\" \/>\n<meta property=\"og:description\" content=\"Aprovechando el tiempo de Cuaresma, y siguiendo una idea que llev\u00f3 a navegar \u201c40 d\u00edas por el r\u00edo\u201d como preparaci\u00f3n a la Asamblea Sinodal, la REPAM hace una propuesta anual de subir a la canoa del proceso sinodal, de navegar juntos y descubrir como Dios, a trav\u00e9s de su Palabra y los documentos del Magisterio, [&hellip;]\" \/>\n<meta property=\"og:url\" content=\"https:\/\/www.repam.net\/es\/publicaciones\/40-dias-navegando\/\" \/>\n<meta property=\"og:site_name\" content=\"REPAM\" \/>\n<meta property=\"article:modified_time\" content=\"2021-10-07T19:47:50+00:00\" \/>\n<meta name=\"twitter:card\" content=\"summary_large_image\" \/>\n<meta name=\"twitter:label1\" content=\"Tiempo de lectura\" \/>\n\t<meta name=\"twitter:data1\" content=\"1 minuto\" \/>\n<script type=\"application\/ld+json\" class=\"yoast-schema-graph\">{\"@context\":\"https:\\\/\\\/schema.org\",\"@graph\":[{\"@type\":\"WebPage\",\"@id\":\"https:\\\/\\\/www.repam.net\\\/es\\\/publicaciones\\\/40-dias-navegando\\\/\",\"url\":\"https:\\\/\\\/www.repam.net\\\/es\\\/publicaciones\\\/40-dias-navegando\\\/\",\"name\":\"40 d\u00edas navegando - REPAM\",\"isPartOf\":{\"@id\":\"https:\\\/\\\/www.repam.net\\\/es\\\/#website\"},\"datePublished\":\"2021-09-07T15:52:27+00:00\",\"dateModified\":\"2021-10-07T19:47:50+00:00\",\"breadcrumb\":{\"@id\":\"https:\\\/\\\/www.repam.net\\\/es\\\/publicaciones\\\/40-dias-navegando\\\/#breadcrumb\"},\"inLanguage\":\"es-CO\",\"potentialAction\":[{\"@type\":\"ReadAction\",\"target\":[\"https:\\\/\\\/www.repam.net\\\/es\\\/publicaciones\\\/40-dias-navegando\\\/\"]}]},{\"@type\":\"BreadcrumbList\",\"@id\":\"https:\\\/\\\/www.repam.net\\\/es\\\/publicaciones\\\/40-dias-navegando\\\/#breadcrumb\",\"itemListElement\":[{\"@type\":\"ListItem\",\"position\":1,\"name\":\"Inicio\",\"item\":\"https:\\\/\\\/www.repam.net\\\/es\\\/\"},{\"@type\":\"ListItem\",\"position\":2,\"name\":\"Publicaciones\",\"item\":\"https:\\\/\\\/www.repam.net\\\/es\\\/publicaciones\\\/\"},{\"@type\":\"ListItem\",\"position\":3,\"name\":\"40 d\u00edas navegando\"}]},{\"@type\":\"WebSite\",\"@id\":\"https:\\\/\\\/www.repam.net\\\/es\\\/#website\",\"url\":\"https:\\\/\\\/www.repam.net\\\/es\\\/\",\"name\":\"REPAM\",\"description\":\"Red Eclesial Panamaz\u00f3nica\",\"publisher\":{\"@id\":\"https:\\\/\\\/www.repam.net\\\/es\\\/#organization\"},\"potentialAction\":[{\"@type\":\"SearchAction\",\"target\":{\"@type\":\"EntryPoint\",\"urlTemplate\":\"https:\\\/\\\/www.repam.net\\\/es\\\/?s={search_term_string}\"},\"query-input\":{\"@type\":\"PropertyValueSpecification\",\"valueRequired\":true,\"valueName\":\"search_term_string\"}}],\"inLanguage\":\"es-CO\"},{\"@type\":\"Organization\",\"@id\":\"https:\\\/\\\/www.repam.net\\\/es\\\/#organization\",\"name\":\"REPAM\",\"url\":\"https:\\\/\\\/www.repam.net\\\/es\\\/\",\"logo\":{\"@type\":\"ImageObject\",\"inLanguage\":\"es-CO\",\"@id\":\"https:\\\/\\\/www.repam.net\\\/es\\\/#\\\/schema\\\/logo\\\/image\\\/\",\"url\":\"https:\\\/\\\/www.repam.net\\\/es\\\/wp-content\\\/uploads\\\/2021\\\/11\\\/cropped-favicon.png\",\"contentUrl\":\"https:\\\/\\\/www.repam.net\\\/es\\\/wp-content\\\/uploads\\\/2021\\\/11\\\/cropped-favicon.png\",\"width\":512,\"height\":512,\"caption\":\"REPAM\"},\"image\":{\"@id\":\"https:\\\/\\\/www.repam.net\\\/es\\\/#\\\/schema\\\/logo\\\/image\\\/\"}}]}<\/script>\n<!-- \/ Yoast SEO plugin. -->","yoast_head_json":{"title":"40 d\u00edas navegando - REPAM","robots":{"index":"index","follow":"follow","max-snippet":"max-snippet:-1","max-image-preview":"max-image-preview:large","max-video-preview":"max-video-preview:-1"},"canonical":"https:\/\/www.repam.net\/es\/publicaciones\/40-dias-navegando\/","og_locale":"es_ES","og_type":"article","og_title":"40 d\u00edas navegando - REPAM","og_description":"Aprovechando el tiempo de Cuaresma, y siguiendo una idea que llev\u00f3 a navegar \u201c40 d\u00edas por el r\u00edo\u201d como preparaci\u00f3n a la Asamblea Sinodal, la REPAM hace una propuesta anual de subir a la canoa del proceso sinodal, de navegar juntos y descubrir como Dios, a trav\u00e9s de su Palabra y los documentos del Magisterio, [&hellip;]","og_url":"https:\/\/www.repam.net\/es\/publicaciones\/40-dias-navegando\/","og_site_name":"REPAM","article_modified_time":"2021-10-07T19:47:50+00:00","twitter_card":"summary_large_image","twitter_misc":{"Tiempo de lectura":"1 minuto"},"schema":{"@context":"https:\/\/schema.org","@graph":[{"@type":"WebPage","@id":"https:\/\/www.repam.net\/es\/publicaciones\/40-dias-navegando\/","url":"https:\/\/www.repam.net\/es\/publicaciones\/40-dias-navegando\/","name":"40 d\u00edas navegando - REPAM","isPartOf":{"@id":"https:\/\/www.repam.net\/es\/#website"},"datePublished":"2021-09-07T15:52:27+00:00","dateModified":"2021-10-07T19:47:50+00:00","breadcrumb":{"@id":"https:\/\/www.repam.net\/es\/publicaciones\/40-dias-navegando\/#breadcrumb"},"inLanguage":"es-CO","potentialAction":[{"@type":"ReadAction","target":["https:\/\/www.repam.net\/es\/publicaciones\/40-dias-navegando\/"]}]},{"@type":"BreadcrumbList","@id":"https:\/\/www.repam.net\/es\/publicaciones\/40-dias-navegando\/#breadcrumb","itemListElement":[{"@type":"ListItem","position":1,"name":"Inicio","item":"https:\/\/www.repam.net\/es\/"},{"@type":"ListItem","position":2,"name":"Publicaciones","item":"https:\/\/www.repam.net\/es\/publicaciones\/"},{"@type":"ListItem","position":3,"name":"40 d\u00edas navegando"}]},{"@type":"WebSite","@id":"https:\/\/www.repam.net\/es\/#website","url":"https:\/\/www.repam.net\/es\/","name":"REPAM","description":"Red Eclesial Panamaz\u00f3nica","publisher":{"@id":"https:\/\/www.repam.net\/es\/#organization"},"potentialAction":[{"@type":"SearchAction","target":{"@type":"EntryPoint","urlTemplate":"https:\/\/www.repam.net\/es\/?s={search_term_string}"},"query-input":{"@type":"PropertyValueSpecification","valueRequired":true,"valueName":"search_term_string"}}],"inLanguage":"es-CO"},{"@type":"Organization","@id":"https:\/\/www.repam.net\/es\/#organization","name":"REPAM","url":"https:\/\/www.repam.net\/es\/","logo":{"@type":"ImageObject","inLanguage":"es-CO","@id":"https:\/\/www.repam.net\/es\/#\/schema\/logo\/image\/","url":"https:\/\/www.repam.net\/es\/wp-content\/uploads\/2021\/11\/cropped-favicon.png","contentUrl":"https:\/\/www.repam.net\/es\/wp-content\/uploads\/2021\/11\/cropped-favicon.png","width":512,"height":512,"caption":"REPAM"},"image":{"@id":"https:\/\/www.repam.net\/es\/#\/schema\/logo\/image\/"}}]}},"_links":{"self":[{"href":"https:\/\/www.repam.net\/es\/wp-json\/wp\/v2\/pages\/343","targetHints":{"allow":["GET"]}}],"collection":[{"href":"https:\/\/www.repam.net\/es\/wp-json\/wp\/v2\/pages"}],"about":[{"href":"https:\/\/www.repam.net\/es\/wp-json\/wp\/v2\/types\/page"}],"author":[{"embeddable":true,"href":"https:\/\/www.repam.net\/es\/wp-json\/wp\/v2\/users\/1"}],"replies":[{"embeddable":true,"href":"https:\/\/www.repam.net\/es\/wp-json\/wp\/v2\/comments?post=343"}],"version-history":[{"count":2,"href":"https:\/\/www.repam.net\/es\/wp-json\/wp\/v2\/pages\/343\/revisions"}],"predecessor-version":[{"id":5232,"href":"https:\/\/www.repam.net\/es\/wp-json\/wp\/v2\/pages\/343\/revisions\/5232"}],"up":[{"embeddable":true,"href":"https:\/\/www.repam.net\/es\/wp-json\/wp\/v2\/pages\/341"}],"wp:attachment":[{"href":"https:\/\/www.repam.net\/es\/wp-json\/wp\/v2\/media?parent=343"}],"curies":[{"name":"wp","href":"https:\/\/api.w.org\/{rel}","templated":true}]}}