{"id":42,"date":"2021-08-28T17:26:39","date_gmt":"2021-08-28T22:26:39","guid":{"rendered":"http:\/\/repam.net\/?page_id=42"},"modified":"2021-10-07T14:30:52","modified_gmt":"2021-10-07T19:30:52","slug":"historia","status":"publish","type":"page","link":"https:\/\/www.repam.net\/es\/historia\/","title":{"rendered":"Historia"},"content":{"rendered":"\n<p>La iniciativa de la fundaci\u00f3n de Red Eclesial Panamaz\u00f3nica<strong> &#8211; <\/strong>REPAM se fundamenta en la composici\u00f3n de la cuenca del r\u00edo Amazonas, que existe gracias a la confluencia de sus diversos afluentes grandes, medianos y peque\u00f1os. Esta confluencia de aguas nos hace pensar en la uni\u00f3n de diversidad de las experiencias y vivencias de muchas personas, comunidades, parroquias, vicariatos, prelac\u00edas, di\u00f3cesis, congregaciones religiosas, organizaciones eclesiales y sociales, entre otras, que se fortalecen para formar esta importante Red.<\/p>\n\n\n\n<h2 class=\"wp-block-heading\"><strong>Antecedentes<\/strong><\/h2>\n\n\n\n<p>Compartir este camino recorrido como red para ubicar c\u00f3mo los r\u00edos se conectaron para que existieran las posibilidades de fundar nuestra red eclesial de la regi\u00f3n Panamaz\u00f3nica.<\/p>\n\n\n\n<div style=\"height:45px\" aria-hidden=\"true\" class=\"wp-block-spacer\"><\/div>\n\n\n\n<div class=\"wp-block-image\"><figure class=\"aligncenter size-large\"><img loading=\"lazy\" decoding=\"async\" width=\"1024\" height=\"587\" src=\"https:\/\/www.repam.net\/es\/wp-content\/uploads\/2021\/08\/historia-1-1024x587.png\" alt=\"\" class=\"wp-image-49\" srcset=\"https:\/\/www.repam.net\/es\/wp-content\/uploads\/2021\/08\/historia-1-1024x587.png 1024w, https:\/\/www.repam.net\/es\/wp-content\/uploads\/2021\/08\/historia-1-300x172.png 300w, https:\/\/www.repam.net\/es\/wp-content\/uploads\/2021\/08\/historia-1-768x440.png 768w, https:\/\/www.repam.net\/es\/wp-content\/uploads\/2021\/08\/historia-1.png 1265w\" sizes=\"auto, (max-width: 1024px) 100vw, 1024px\" \/><\/figure><\/div>\n\n\n\n<div style=\"height:45px\" aria-hidden=\"true\" class=\"wp-block-spacer\"><\/div>\n\n\n\n<p>La REPAM naci\u00f3 de la inspiraci\u00f3n de la 5\u00aa Conferencia General del Episcopado Latinoamericano y del Caribe, en Aparecida (Brasil), realizado en 2007, donde se propuso &#8220;crear conciencia en las Am\u00e9ricas de la importancia de la Amazonia para toda la humanidad. Establecer entre las Iglesias locales de varios pa\u00edses sudamericanos, que se encuentran en la cuenca amaz\u00f3nica, una pastoral conjunta con prioridades diferenciadas para crear un modelo de desarrollo que favorezca a los pobres y sirva al bien com\u00fan&#8221; (DAp 475).<\/p>\n\n\n\n<p>A partir de ah\u00ed comienza un di\u00e1logo de maduraci\u00f3n hasta la creaci\u00f3n de la REPAM en 2014, abarcando la realidad de los ocho pa\u00edses y un territorio ultramar que tienen selva amaz\u00f3nica: Brasil, Bolivia, Per\u00fa, Ecuador, Colombia, Venezuela, Guyana, Guayana Francesa y Surinam.<\/p>\n\n\n\n<h2 class=\"wp-block-heading\"><strong>Encuentros previos 2013<\/strong><\/h2>\n\n\n\n<ul class=\"wp-block-list\"><li>En el Encuentro de la Red Amaz\u00f3nica de Ecuador en Puyo 2013, surge la necesidad de pensar en un ejercicio de articulaci\u00f3n eclesial de los pa\u00edses Panamaz\u00f3nicos, es decir, surge el sue\u00f1o deformar la red.&nbsp;<\/li><li>En Lima del mismo a\u00f1o, se discute con mayor claridad la viabilidad de hacer que ese sue\u00f1o de Puyo se haga realidad.&nbsp;<\/li><li>En Manaus, en el marco del Encuentro de los Obispos de Brasil, se logra animar a reflexionar en el ejercicio Panamaz\u00f3nico, pidiendo que no se olviden del resto de los pa\u00edses que tienen Amazon\u00eda.<\/li><\/ul>\n\n\n\n<div style=\"height:38px\" aria-hidden=\"true\" class=\"wp-block-spacer\"><\/div>\n\n\n\n<div class=\"wp-block-image\"><figure class=\"aligncenter size-full\"><img loading=\"lazy\" decoding=\"async\" width=\"874\" height=\"494\" src=\"https:\/\/www.repam.net\/es\/wp-content\/uploads\/2021\/08\/historia-2-1.png\" alt=\"\" class=\"wp-image-56\" srcset=\"https:\/\/www.repam.net\/es\/wp-content\/uploads\/2021\/08\/historia-2-1.png 874w, https:\/\/www.repam.net\/es\/wp-content\/uploads\/2021\/08\/historia-2-1-300x170.png 300w, https:\/\/www.repam.net\/es\/wp-content\/uploads\/2021\/08\/historia-2-1-768x434.png 768w\" sizes=\"auto, (max-width: 874px) 100vw, 874px\" \/><\/figure><\/div>\n\n\n\n<div style=\"height:38px\" aria-hidden=\"true\" class=\"wp-block-spacer\"><\/div>\n\n\n\n<h2 class=\"wp-block-heading\"><strong>Fundaci\u00f3n e Inicio<\/strong><\/h2>\n\n\n\n<ul class=\"wp-block-list\"><li><strong>Brasilia 2014:<\/strong> En este encuentro se logra delinear la identidad que queremos tener como red, se analiza y concretiza las reflexiones de Lima (2013), se identifican los objetivos estrat\u00e9gicos y la estructura m\u00ednima para que ese proceso de red comience a trabajar. Sobre todo, se siente una sinton\u00eda en la definici\u00f3n de una plataforma que permita la articulaci\u00f3n de las experiencias de iglesias desde los territorios hacia arriba las estructuras e instituciones, y a su vez la din\u00e1mica de escucha y construcci\u00f3n conjunta. <em>Como an\u00e9cdota:<\/em> no se hab\u00eda definido en concreto la creaci\u00f3n de la red, pero una carta del Papa Francisco en el marco del inicio del encuentro dio por fundada la red, por lo que ayudo en la definici\u00f3n de la existencia de REPAM.&nbsp;<\/li><li><strong>Encuentro Roma 2015:<\/strong> se realiza una presentaci\u00f3n formal de la REPAM, y se genera una reflexi\u00f3n sobre lo significativa de la existencia de la red, se sent\u00eda un gran movimiento teji\u00e9ndose y nos dec\u00eda aqu\u00ed hay intuici\u00f3n vamos para adelante.<\/li><li><strong>Sto. Domingo y Manaos:<\/strong> Encuentros que permitieron afianzar la existencia de la red con sus instituciones macro: CELAM y CNBB. En estos encuentros se define la delegaci\u00f3n formal tanto de Card. Claudio Hummes y Mons. Pedro Barreto para formar parte de la presidencia y vicepresidencia de REPAM.&nbsp;<\/li><li><strong>Enc\u00edclica Laudato S\u00ed:<\/strong> Papa Francisco lanza la Enc\u00edclica Laudato Si e invita a la preocupaci\u00f3n por el cuidado de nuestra casa com\u00fan, haciendo referencia en No. 38 al inter\u00e9s en la protecci\u00f3n de dos grandes biomas: Amazon\u00eda y El Congo, como dos de los biomas que requieren de la atenci\u00f3n inmediata. Esta invitaci\u00f3n a vivir una ecolog\u00eda integral y al respeto de la ecolog\u00eda cultural de los pueblos ancestrales nos anima a seguir en el camino de servicio como red.&nbsp;<\/li><li><strong>Bogot\u00e1 2015:<\/strong> Este encuentro tuvo como objetivo ampliar la integraci\u00f3n y articulaci\u00f3n con las jurisdicciones, Obispos, experiencias de iglesia y pa\u00edses para que la red goce de mayor representatividad que no se asegur\u00f3 en el primer encuentro fundacional. A su vez, exist\u00eda expectativas en continuar definiendo su estructura y definici\u00f3n de ejes (antes objetivos estrat\u00e9gicos). Los frutos de este encuentro fueron:<\/li><\/ul>\n\n\n\n<ol class=\"wp-block-list\"><li>Primer ejercicio de escucha directa con pueblos ind\u00edgenas: se escucharon a representantes de Ecuador, Brasil y Per\u00fa, generando un di\u00e1logo y escucha directa, sin intermediaciones, ni mediaciones.&nbsp;<\/li><li>En Bogot\u00e1 se defini\u00f3 que la REPAM sea adscrita al CELAM, pero con autonom\u00eda propia.<\/li><li>Se establecen las diferencias entre: sujeto prioritario del servicio como red, ejes prioritarios y ejes de servicio. &nbsp;<\/li><li>Participan y se vinculan al proceso de red: Venezuela y la Guyana. Permitiendo, como primera ocasi\u00f3n una reflexi\u00f3n desde los procesos de articulaci\u00f3n de redes nacionales en cada pa\u00eds, es decir que aqu\u00ed inicia el ejercicio de articulaci\u00f3n nacional como REPAM Nacionales.<\/li><\/ol>\n\n\n\n<div style=\"height:40px\" aria-hidden=\"true\" class=\"wp-block-spacer\"><\/div>\n\n\n\n<div class=\"wp-block-image\"><figure class=\"aligncenter size-full\"><img loading=\"lazy\" decoding=\"async\" width=\"844\" height=\"510\" src=\"https:\/\/www.repam.net\/es\/wp-content\/uploads\/2021\/08\/historia-3.png\" alt=\"\" class=\"wp-image-61\" srcset=\"https:\/\/www.repam.net\/es\/wp-content\/uploads\/2021\/08\/historia-3.png 844w, https:\/\/www.repam.net\/es\/wp-content\/uploads\/2021\/08\/historia-3-300x181.png 300w, https:\/\/www.repam.net\/es\/wp-content\/uploads\/2021\/08\/historia-3-768x464.png 768w\" sizes=\"auto, (max-width: 844px) 100vw, 844px\" \/><\/figure><\/div>\n\n\n\n<div style=\"height:40px\" aria-hidden=\"true\" class=\"wp-block-spacer\"><\/div>\n\n\n\n<ul class=\"wp-block-list\"><li>En 2016, Inicia un proceso de di\u00e1logo que permita un mejor servicio como REAM a las iglesias locales y a sus pueblos.&nbsp; para acompa\u00f1ar los territorios.<\/li><\/ul>\n\n\n\n<ol class=\"m-8 p-8 wp-block-list\"><li><strong>Tabatinga:<\/strong> Primer encuentro de di\u00e1logo y escucha a los pueblos, desde el Eje\/ Sujeto prioritario: se establecieron 10 encuentros en funci\u00f3n de los grandes afluentes de la Panamazon\u00eda.&nbsp;<\/li><li><strong>Puyo:<\/strong> Intuici\u00f3n de apostar por una Iglesia con Rostro Amaz\u00f3nico, y las implicaciones de esa propuesta.&nbsp;<\/li><li><strong>Organizaci\u00f3n de la REPAM:<\/strong> se sigue analizando c\u00f3mo madurar los ejes y conectar las REPAM Nacionales.&nbsp;<\/li><li>Se realiza <strong>la Primera Escuela para la Promoci\u00f3n, Defensa y Exigibilidad de DDHH en la Panamazon\u00eda<\/strong>: un proceso inicial que marcar\u00eda la acci\u00f3n de incidencia internacional por casi 2 a\u00f1os para la red.<\/li><\/ol>\n\n\n\n<ul class=\"wp-block-list\"><li>Progresividad en los encuentros y actividades:<\/li><\/ul>\n\n\n\n<ol class=\"m-8 p-8 wp-block-list\"><li><strong>Puyo 2016<\/strong>: Actualizaci\u00f3n del documento de Identidad de la REPAM.&nbsp;<\/li><li><strong>Santarem\/ Itaituba 2017:<\/strong> En el marco del encuentro de di\u00e1logo con Pueblos Ind\u00edgenas y REPAM en Itaituba se realiz\u00f3 en Santarem la reuni\u00f3n del Comit\u00e9 Ejecutivo Ampliado, donde iniciamos un ejercicio de discernimiento comunitario con seriedad. En esta ocasi\u00f3n reflexionamos en nuestro proceso de red, nuestra posici\u00f3n y servicio frente a lo que ser\u00eda un proceso sinodal sobre Amazon\u00eda. &nbsp;<\/li><li><strong>Sao Paulo 2018:<\/strong> Un corte para evaluar el camino recorrido como red durante estos primeros 5 a\u00f1os de articulaci\u00f3n y vida. Se contin\u00faa afianzando el ejercicio de discernimiento comunitario para seguir el llamado para construcci\u00f3n de reino desde la Amazon\u00eda.<\/li><\/ol>\n\n\n\n<h2 class=\"wp-block-heading\"><strong>Proceso Sinodal y Proyecci\u00f3n de la Red<\/strong><\/h2>\n\n\n\n<ul class=\"wp-block-list\"><li><strong>Proceso Sinodal: <\/strong>Durante este a\u00f1o se realizaron las preparaciones y actividades para que existieran los aportes al proceso de Consulta Sinodal. Reconocemos la importancia de este proceso y resaltamos los principales puntos:&nbsp;<\/li><\/ul>\n\n\n\n<ol class=\"p-8 m-8 wp-block-list\"><li><strong>Visita del Papa Francisco a la Amazon\u00eda Peruana:<\/strong> El hito de la presencia y encuentro de Francisco con los pueblos de la Amazon\u00eda determin\u00f3 una idea de lo que podr\u00eda ser el S\u00ednodo. En esta visita existi\u00f3 la primera reuni\u00f3n de REPAM con Card. Baldisseri para hablar sobre e aporte que podr\u00eda realizar la REPAM.&nbsp;<\/li><li><strong>Conformaci\u00f3n del Comit\u00e9 Pre Sinodal:<\/strong> con los Obispos miembros de REPAM Nacionales y otros miembros laicos\/as. Este ser\u00eda el equipo que elaborar\u00eda el documento de consulta y el cual REPAM adaptar\u00eda en una versi\u00f3n popular de trabajo con los territorios.&nbsp;<\/li><li><strong>Elaboraci\u00f3n de estrategias de las REPAM Nacionales y Ejes de REPAM para establecer c\u00f3mo contribuir\u00edan al proceso de consulta sinodal: <\/strong>Se desarrollaron espacios de articulaci\u00f3n en cada pa\u00eds para garantizar estas actividades. A su vez, los ejes tambi\u00e9n establecieron la forma c\u00f3mo desear\u00edan hacer sus aportes, la mayor parte realiz\u00f3 encuentros presenciales y algunos otros encuentros virtuales.&nbsp;<\/li><li><strong>Entre junio 2018 \u2013 febrero 2019 se realizaron todas estas estrategias de consulta sinodal. <\/strong>A nivel de REPAM Nacionales las hab\u00edan realizado todos los pa\u00edses menos Guyana Francesa (que lo realizar\u00eda en junio 2019), y todos los Ejes de REPAM aportaron tambi\u00e9n al proceso de consulta. Como SE REPAM se receptaron 266 informes de aportes al S\u00ednodo.<\/li><\/ol>\n\n\n\n<ul class=\"wp-block-list\"><li><strong>Proyecci\u00f3n de la Red: <\/strong>Si bien es cierto el proceso Sinodal demand\u00f3 mayor atenci\u00f3n por la cantidad de actividades como REPAM; sin embargo, el marco de este proceso ayud\u00f3 a:&nbsp;<\/li><\/ul>\n\n\n\n<ol class=\"p-8 m-8 wp-block-list\"><li><strong>Fortalecimiento de REPAM Nacionales: <\/strong>la estrategia de escucha y sistematizaci\u00f3n de las necesidades, amenazas y propuestas de los territorios ayudaron a fortalecer las estrategias de articulaci\u00f3n de REPAM Nacionales.<strong>&nbsp;<\/strong><\/li><li><strong>Actualizaci\u00f3n de Ejes de REPAM: <\/strong>los espacios de los encuentros de ejes para aportar al S\u00ednodo fueron aprovechados para actualizar las l\u00edneas de trabajo de algunos ejes, como: Pueblos Ind\u00edgenas y Comunidades Tradicionales; Fronteras; Justicia Socioambiental; Redes Internacionales.&nbsp;<\/li><li><strong>Se formalizan las reuniones trimestrales de REPAM Nacionales <\/strong>para dar seguimiento de los procesos de fortalecimiento de cada uno de los pa\u00edses.<\/li><li><strong>Diciembre 2018: <\/strong>en la reuni\u00f3n de comit\u00e9 ampliado de REPAM se habla abiertamente sobre el proceso de transici\u00f3n (tiempos) de la Secretar\u00eda Ejecutiva actual, ayudando a definir que ser\u00e1 en el 2020 donde se espera realizar este cambio.<\/li><\/ol>\n\n\n\n<div style=\"height:45px\" aria-hidden=\"true\" class=\"wp-block-spacer\"><\/div>\n\n\n\n<div class=\"wp-block-image\"><figure class=\"aligncenter size-full\"><img loading=\"lazy\" decoding=\"async\" width=\"876\" height=\"548\" src=\"https:\/\/www.repam.net\/es\/wp-content\/uploads\/2021\/08\/historia-4.png\" alt=\"\" class=\"wp-image-74\" srcset=\"https:\/\/www.repam.net\/es\/wp-content\/uploads\/2021\/08\/historia-4.png 876w, https:\/\/www.repam.net\/es\/wp-content\/uploads\/2021\/08\/historia-4-300x188.png 300w, https:\/\/www.repam.net\/es\/wp-content\/uploads\/2021\/08\/historia-4-768x480.png 768w\" sizes=\"auto, (max-width: 876px) 100vw, 876px\" \/><\/figure><\/div>\n\n\n\n<div style=\"height:45px\" aria-hidden=\"true\" class=\"wp-block-spacer\"><\/div>\n\n\n\n<h2 class=\"wp-block-heading\"><strong>Postsinodo y transici\u00f3n<\/strong><\/h2>\n\n\n\n<p>Luego de un proceso de 2 a\u00f1os del S\u00ednodo, la REPAM se encuentra en Brasilia \u2013 Brasil en el Comit\u00e9 Ejecutivo de diciembre de 2019, donde se reflexionan y definen nuevos aspectos:&nbsp;<\/p>\n\n\n\n<ol class=\"wp-block-list\"><li><strong>Encuentro previo Ejes y REPAM Nacionales:<\/strong> Por pedido de las REPAM Nacionales y Ejes se establece un espacio de encuentro previo al comit\u00e9 ampliado para generar mayor articulaci\u00f3n al interno de los pa\u00edses y ejes, y entre ellos. Primera vez se realiza este ejercicio generando buenos resultados.\u00a0<\/li><li><strong>Reflexi\u00f3n sobre el Post S\u00ednodo para la REPAM:<\/strong> comprendiendo que en el marco de este nuevo tiempo eclesial la REPAM forma parte de toda la iglesia, y no asumir\u00e1 un rol protag\u00f3nico, animar a que el resto de miembros de iglesia asuman el llamado a poner en pr\u00e1ctica las propuestas del S\u00ednodo. Sin embargo, cada REPAM Nacional, Eje y N\u00facleo deben asumir la parte que les corresponde para regresar a los territorios y establecer una estrategia de retorno del proceso Sinodal y honrar la palabra que la gente nos entreg\u00f3.\u00a0<\/li><li><strong>Pandemia del Covid-19<\/strong><\/li><li><strong>Transici\u00f3n de SE REPAM:<\/strong> Despu\u00e9s de seis a\u00f1os con la sede en Quito, Ecuador, la Red realiza un proceso de transici\u00f3n hacia Manaus, Brasil.<\/li><li><strong>Definiciones:<\/strong> se constituyen formalmente los n\u00facleos de Mujeres y Educaci\u00f3n Intercultural y participa REPAM Guyana.<\/li><li><strong>Discernimiento:\u00a0<\/strong>proceso realizado en 2020 sobre la acci\u00f3n y el papel desarrollado por la Red en toda la Pan-Amazonia. Los a\u00f1os iniciales de la estructuraci\u00f3n de la Red, el camino del S\u00ednodo, el contexto de la pandemia que afecta rigurosamente a los pueblos amaz\u00f3nicos y el proceso de transici\u00f3n de la secretar\u00eda orientan el proceso de discernimiento de la REPAM, as\u00ed como se\u00f1alan luces para el camino de los pr\u00f3ximos a\u00f1os.<\/li><\/ol>\n","protected":false},"excerpt":{"rendered":"<p>La iniciativa de la fundaci\u00f3n de Red Eclesial Panamaz\u00f3nica &#8211; REPAM se fundamenta en la composici\u00f3n de la cuenca del r\u00edo Amazonas, que existe gracias a la confluencia de sus diversos afluentes grandes, medianos y peque\u00f1os. Esta confluencia de aguas nos hace pensar en la uni\u00f3n de diversidad de las experiencias y vivencias de muchas [&hellip;]<\/p>\n","protected":false},"author":1,"featured_media":0,"parent":0,"menu_order":0,"comment_status":"closed","ping_status":"closed","template":"","meta":{"_acf_changed":false,"_uf_show_specific_survey":0,"_uf_disable_surveys":false,"footnotes":""},"class_list":["post-42","page","type-page","status-publish","hentry"],"acf":[],"aioseo_notices":[],"yoast_head":"<!-- This site is optimized with the Yoast SEO plugin v27.3 - https:\/\/yoast.com\/product\/yoast-seo-wordpress\/ -->\n<title>Historia - REPAM<\/title>\n<meta name=\"robots\" content=\"index, follow, max-snippet:-1, max-image-preview:large, max-video-preview:-1\" \/>\n<link rel=\"canonical\" href=\"https:\/\/www.repam.net\/es\/historia\/\" \/>\n<meta property=\"og:locale\" content=\"es_ES\" \/>\n<meta property=\"og:type\" content=\"article\" \/>\n<meta property=\"og:title\" content=\"Historia - REPAM\" \/>\n<meta property=\"og:description\" content=\"La iniciativa de la fundaci\u00f3n de Red Eclesial Panamaz\u00f3nica &#8211; REPAM se fundamenta en la composici\u00f3n de la cuenca del r\u00edo Amazonas, que existe gracias a la confluencia de sus diversos afluentes grandes, medianos y peque\u00f1os. Esta confluencia de aguas nos hace pensar en la uni\u00f3n de diversidad de las experiencias y vivencias de muchas [&hellip;]\" \/>\n<meta property=\"og:url\" content=\"https:\/\/www.repam.net\/es\/historia\/\" \/>\n<meta property=\"og:site_name\" content=\"REPAM\" \/>\n<meta property=\"article:modified_time\" content=\"2021-10-07T19:30:52+00:00\" \/>\n<meta property=\"og:image\" content=\"https:\/\/www.repam.net\/es\/wp-content\/uploads\/2021\/08\/historia-1-1024x587.png\" \/>\n<meta name=\"twitter:card\" content=\"summary_large_image\" \/>\n<meta name=\"twitter:label1\" content=\"Tiempo de lectura\" \/>\n\t<meta name=\"twitter:data1\" content=\"9 minutos\" \/>\n<script type=\"application\/ld+json\" class=\"yoast-schema-graph\">{\"@context\":\"https:\\\/\\\/schema.org\",\"@graph\":[{\"@type\":\"WebPage\",\"@id\":\"https:\\\/\\\/www.repam.net\\\/es\\\/historia\\\/\",\"url\":\"https:\\\/\\\/www.repam.net\\\/es\\\/historia\\\/\",\"name\":\"Historia - REPAM\",\"isPartOf\":{\"@id\":\"https:\\\/\\\/www.repam.net\\\/es\\\/#website\"},\"primaryImageOfPage\":{\"@id\":\"https:\\\/\\\/www.repam.net\\\/es\\\/historia\\\/#primaryimage\"},\"image\":{\"@id\":\"https:\\\/\\\/www.repam.net\\\/es\\\/historia\\\/#primaryimage\"},\"thumbnailUrl\":\"https:\\\/\\\/www.repam.net\\\/es\\\/wp-content\\\/uploads\\\/2021\\\/08\\\/historia-1-1024x587.png\",\"datePublished\":\"2021-08-28T22:26:39+00:00\",\"dateModified\":\"2021-10-07T19:30:52+00:00\",\"breadcrumb\":{\"@id\":\"https:\\\/\\\/www.repam.net\\\/es\\\/historia\\\/#breadcrumb\"},\"inLanguage\":\"es-CO\",\"potentialAction\":[{\"@type\":\"ReadAction\",\"target\":[\"https:\\\/\\\/www.repam.net\\\/es\\\/historia\\\/\"]}]},{\"@type\":\"ImageObject\",\"inLanguage\":\"es-CO\",\"@id\":\"https:\\\/\\\/www.repam.net\\\/es\\\/historia\\\/#primaryimage\",\"url\":\"https:\\\/\\\/www.repam.net\\\/es\\\/wp-content\\\/uploads\\\/2021\\\/08\\\/historia-1.png\",\"contentUrl\":\"https:\\\/\\\/www.repam.net\\\/es\\\/wp-content\\\/uploads\\\/2021\\\/08\\\/historia-1.png\",\"width\":1265,\"height\":725},{\"@type\":\"BreadcrumbList\",\"@id\":\"https:\\\/\\\/www.repam.net\\\/es\\\/historia\\\/#breadcrumb\",\"itemListElement\":[{\"@type\":\"ListItem\",\"position\":1,\"name\":\"Inicio\",\"item\":\"https:\\\/\\\/www.repam.net\\\/es\\\/\"},{\"@type\":\"ListItem\",\"position\":2,\"name\":\"Historia\"}]},{\"@type\":\"WebSite\",\"@id\":\"https:\\\/\\\/www.repam.net\\\/es\\\/#website\",\"url\":\"https:\\\/\\\/www.repam.net\\\/es\\\/\",\"name\":\"REPAM\",\"description\":\"Red Eclesial Panamaz\u00f3nica\",\"publisher\":{\"@id\":\"https:\\\/\\\/www.repam.net\\\/es\\\/#organization\"},\"potentialAction\":[{\"@type\":\"SearchAction\",\"target\":{\"@type\":\"EntryPoint\",\"urlTemplate\":\"https:\\\/\\\/www.repam.net\\\/es\\\/?s={search_term_string}\"},\"query-input\":{\"@type\":\"PropertyValueSpecification\",\"valueRequired\":true,\"valueName\":\"search_term_string\"}}],\"inLanguage\":\"es-CO\"},{\"@type\":\"Organization\",\"@id\":\"https:\\\/\\\/www.repam.net\\\/es\\\/#organization\",\"name\":\"REPAM\",\"url\":\"https:\\\/\\\/www.repam.net\\\/es\\\/\",\"logo\":{\"@type\":\"ImageObject\",\"inLanguage\":\"es-CO\",\"@id\":\"https:\\\/\\\/www.repam.net\\\/es\\\/#\\\/schema\\\/logo\\\/image\\\/\",\"url\":\"https:\\\/\\\/www.repam.net\\\/es\\\/wp-content\\\/uploads\\\/2021\\\/11\\\/cropped-favicon.png\",\"contentUrl\":\"https:\\\/\\\/www.repam.net\\\/es\\\/wp-content\\\/uploads\\\/2021\\\/11\\\/cropped-favicon.png\",\"width\":512,\"height\":512,\"caption\":\"REPAM\"},\"image\":{\"@id\":\"https:\\\/\\\/www.repam.net\\\/es\\\/#\\\/schema\\\/logo\\\/image\\\/\"}}]}<\/script>\n<!-- \/ Yoast SEO plugin. -->","yoast_head_json":{"title":"Historia - REPAM","robots":{"index":"index","follow":"follow","max-snippet":"max-snippet:-1","max-image-preview":"max-image-preview:large","max-video-preview":"max-video-preview:-1"},"canonical":"https:\/\/www.repam.net\/es\/historia\/","og_locale":"es_ES","og_type":"article","og_title":"Historia - REPAM","og_description":"La iniciativa de la fundaci\u00f3n de Red Eclesial Panamaz\u00f3nica &#8211; REPAM se fundamenta en la composici\u00f3n de la cuenca del r\u00edo Amazonas, que existe gracias a la confluencia de sus diversos afluentes grandes, medianos y peque\u00f1os. Esta confluencia de aguas nos hace pensar en la uni\u00f3n de diversidad de las experiencias y vivencias de muchas [&hellip;]","og_url":"https:\/\/www.repam.net\/es\/historia\/","og_site_name":"REPAM","article_modified_time":"2021-10-07T19:30:52+00:00","og_image":[{"url":"https:\/\/www.repam.net\/es\/wp-content\/uploads\/2021\/08\/historia-1-1024x587.png","type":"","width":"","height":""}],"twitter_card":"summary_large_image","twitter_misc":{"Tiempo de lectura":"9 minutos"},"schema":{"@context":"https:\/\/schema.org","@graph":[{"@type":"WebPage","@id":"https:\/\/www.repam.net\/es\/historia\/","url":"https:\/\/www.repam.net\/es\/historia\/","name":"Historia - REPAM","isPartOf":{"@id":"https:\/\/www.repam.net\/es\/#website"},"primaryImageOfPage":{"@id":"https:\/\/www.repam.net\/es\/historia\/#primaryimage"},"image":{"@id":"https:\/\/www.repam.net\/es\/historia\/#primaryimage"},"thumbnailUrl":"https:\/\/www.repam.net\/es\/wp-content\/uploads\/2021\/08\/historia-1-1024x587.png","datePublished":"2021-08-28T22:26:39+00:00","dateModified":"2021-10-07T19:30:52+00:00","breadcrumb":{"@id":"https:\/\/www.repam.net\/es\/historia\/#breadcrumb"},"inLanguage":"es-CO","potentialAction":[{"@type":"ReadAction","target":["https:\/\/www.repam.net\/es\/historia\/"]}]},{"@type":"ImageObject","inLanguage":"es-CO","@id":"https:\/\/www.repam.net\/es\/historia\/#primaryimage","url":"https:\/\/www.repam.net\/es\/wp-content\/uploads\/2021\/08\/historia-1.png","contentUrl":"https:\/\/www.repam.net\/es\/wp-content\/uploads\/2021\/08\/historia-1.png","width":1265,"height":725},{"@type":"BreadcrumbList","@id":"https:\/\/www.repam.net\/es\/historia\/#breadcrumb","itemListElement":[{"@type":"ListItem","position":1,"name":"Inicio","item":"https:\/\/www.repam.net\/es\/"},{"@type":"ListItem","position":2,"name":"Historia"}]},{"@type":"WebSite","@id":"https:\/\/www.repam.net\/es\/#website","url":"https:\/\/www.repam.net\/es\/","name":"REPAM","description":"Red Eclesial Panamaz\u00f3nica","publisher":{"@id":"https:\/\/www.repam.net\/es\/#organization"},"potentialAction":[{"@type":"SearchAction","target":{"@type":"EntryPoint","urlTemplate":"https:\/\/www.repam.net\/es\/?s={search_term_string}"},"query-input":{"@type":"PropertyValueSpecification","valueRequired":true,"valueName":"search_term_string"}}],"inLanguage":"es-CO"},{"@type":"Organization","@id":"https:\/\/www.repam.net\/es\/#organization","name":"REPAM","url":"https:\/\/www.repam.net\/es\/","logo":{"@type":"ImageObject","inLanguage":"es-CO","@id":"https:\/\/www.repam.net\/es\/#\/schema\/logo\/image\/","url":"https:\/\/www.repam.net\/es\/wp-content\/uploads\/2021\/11\/cropped-favicon.png","contentUrl":"https:\/\/www.repam.net\/es\/wp-content\/uploads\/2021\/11\/cropped-favicon.png","width":512,"height":512,"caption":"REPAM"},"image":{"@id":"https:\/\/www.repam.net\/es\/#\/schema\/logo\/image\/"}}]}},"_links":{"self":[{"href":"https:\/\/www.repam.net\/es\/wp-json\/wp\/v2\/pages\/42","targetHints":{"allow":["GET"]}}],"collection":[{"href":"https:\/\/www.repam.net\/es\/wp-json\/wp\/v2\/pages"}],"about":[{"href":"https:\/\/www.repam.net\/es\/wp-json\/wp\/v2\/types\/page"}],"author":[{"embeddable":true,"href":"https:\/\/www.repam.net\/es\/wp-json\/wp\/v2\/users\/1"}],"replies":[{"embeddable":true,"href":"https:\/\/www.repam.net\/es\/wp-json\/wp\/v2\/comments?post=42"}],"version-history":[{"count":26,"href":"https:\/\/www.repam.net\/es\/wp-json\/wp\/v2\/pages\/42\/revisions"}],"predecessor-version":[{"id":5218,"href":"https:\/\/www.repam.net\/es\/wp-json\/wp\/v2\/pages\/42\/revisions\/5218"}],"wp:attachment":[{"href":"https:\/\/www.repam.net\/es\/wp-json\/wp\/v2\/media?parent=42"}],"curies":[{"name":"wp","href":"https:\/\/api.w.org\/{rel}","templated":true}]}}