{"id":5638,"date":"2021-12-08T08:06:24","date_gmt":"2021-12-08T13:06:24","guid":{"rendered":"https:\/\/www.repam.net\/es\/?page_id=5638"},"modified":"2026-01-08T10:32:34","modified_gmt":"2026-01-08T15:32:34","slug":"publicaciones","status":"publish","type":"page","link":"https:\/\/www.repam.net\/es\/publicaciones\/publicaciones\/","title":{"rendered":"Publicaciones"},"content":{"rendered":"\n<h4 class=\"wp-block-heading has-text-align-center\"><strong>Bolet\u00edn Informativo semestral<\/strong><\/h4>\n\n\n\n<div class=\"wp-block-columns is-layout-flex wp-container-core-columns-is-layout-9d6595d7 wp-block-columns-is-layout-flex\">\n<div class=\"wp-block-column is-layout-flow wp-block-column-is-layout-flow\">\n<p><strong>Bolet\u00edn Informativo 2021.1<\/strong><\/p>\n\n\n\n<div data-wp-interactive=\"core\/file\" class=\"wp-block-file\"><object data-wp-bind--hidden=\"!state.hasPdfPreview\" hidden class=\"wp-block-file__embed\" data=\"https:\/\/www.repam.net\/es\/wp-content\/uploads\/2025\/07\/ESP.-BOLETIN-INFORMATIVO-REPAM_2021-01.pdf\" type=\"application\/pdf\" style=\"width:100%;height:600px\" aria-label=\"Incrustado de ESP.-BOLETIN-INFORMATIVO-REPAM_2021-01.\"><\/object><a id=\"wp-block-file--media-82feafbf-db63-4802-9703-733b175b068e\" href=\"https:\/\/www.repam.net\/es\/wp-content\/uploads\/2025\/07\/ESP.-BOLETIN-INFORMATIVO-REPAM_2021-01.pdf\">ESP.-BOLETIN-INFORMATIVO-REPAM_2021-01<\/a><a href=\"https:\/\/www.repam.net\/es\/wp-content\/uploads\/2025\/07\/ESP.-BOLETIN-INFORMATIVO-REPAM_2021-01.pdf\" class=\"wp-block-file__button wp-element-button\" download aria-describedby=\"wp-block-file--media-82feafbf-db63-4802-9703-733b175b068e\">Descargar<\/a><\/div>\n<\/div>\n\n\n\n<div class=\"wp-block-column is-layout-flow wp-block-column-is-layout-flow\">\n<p><strong>Bolet\u00edn Informativo 2021.2<\/strong><\/p>\n\n\n\n<div data-wp-interactive=\"core\/file\" class=\"wp-block-file\"><object data-wp-bind--hidden=\"!state.hasPdfPreview\" hidden class=\"wp-block-file__embed\" data=\"https:\/\/www.repam.net\/es\/wp-content\/uploads\/2025\/07\/ESP.-BOLETIN-REPAM-2021-2-web.pdf\" type=\"application\/pdf\" style=\"width:100%;height:600px\" aria-label=\"Incrustado de ESP.-BOLETIN-REPAM-2021-2-web.\"><\/object><a id=\"wp-block-file--media-e2147b4a-eb32-47bb-ba5b-d6324a3200f5\" href=\"https:\/\/www.repam.net\/es\/wp-content\/uploads\/2025\/07\/ESP.-BOLETIN-REPAM-2021-2-web.pdf\">ESP.-BOLETIN-REPAM-2021-2-web<\/a><a href=\"https:\/\/www.repam.net\/es\/wp-content\/uploads\/2025\/07\/ESP.-BOLETIN-REPAM-2021-2-web.pdf\" class=\"wp-block-file__button wp-element-button\" download aria-describedby=\"wp-block-file--media-e2147b4a-eb32-47bb-ba5b-d6324a3200f5\">Descargar<\/a><\/div>\n<\/div>\n\n\n\n<div class=\"wp-block-column is-layout-flow wp-block-column-is-layout-flow\">\n<p><strong>Bolet\u00edn Informativo 2022.1<\/strong><\/p>\n\n\n\n<div data-wp-interactive=\"core\/file\" class=\"wp-block-file\"><object data-wp-bind--hidden=\"!state.hasPdfPreview\" hidden class=\"wp-block-file__embed\" data=\"https:\/\/www.repam.net\/es\/wp-content\/uploads\/2025\/07\/BOLETIM-REPAM-22-02-esp-final.pdf\" type=\"application\/pdf\" style=\"width:100%;height:600px\" aria-label=\"Incrustado de BOLETIM-REPAM-22-02-esp-final.\"><\/object><a id=\"wp-block-file--media-19314378-f0f3-4f17-b717-9c25c5c42197\" href=\"https:\/\/www.repam.net\/es\/wp-content\/uploads\/2025\/07\/BOLETIM-REPAM-22-02-esp-final.pdf\">BOLETIM-REPAM-22-02-esp-final<\/a><a href=\"https:\/\/www.repam.net\/es\/wp-content\/uploads\/2025\/07\/BOLETIM-REPAM-22-02-esp-final.pdf\" class=\"wp-block-file__button wp-element-button\" download aria-describedby=\"wp-block-file--media-19314378-f0f3-4f17-b717-9c25c5c42197\">Descargar<\/a><\/div>\n<\/div>\n<\/div>\n\n\n\n<div class=\"wp-block-columns is-layout-flex wp-container-core-columns-is-layout-9d6595d7 wp-block-columns-is-layout-flex\">\n<div class=\"wp-block-column is-layout-flow wp-block-column-is-layout-flow\">\n<p><strong>Bolet\u00edn Informativo 2022.2<\/strong><\/p>\n\n\n\n<div data-wp-interactive=\"core\/file\" class=\"wp-block-file\"><object data-wp-bind--hidden=\"!state.hasPdfPreview\" hidden class=\"wp-block-file__embed\" data=\"https:\/\/www.repam.net\/es\/wp-content\/uploads\/2025\/07\/BOLETIM_REPAM_2022.2-1.pdf\" type=\"application\/pdf\" style=\"width:100%;height:600px\" aria-label=\"Incrustado de BOLETIM_REPAM_2022.2.\"><\/object><a id=\"wp-block-file--media-74b6d350-164e-4de7-bc31-893a10641dfe\" href=\"https:\/\/www.repam.net\/es\/wp-content\/uploads\/2025\/07\/BOLETIM_REPAM_2022.2-1.pdf\">BOLETIM_REPAM_2022.2<\/a><a href=\"https:\/\/www.repam.net\/es\/wp-content\/uploads\/2025\/07\/BOLETIM_REPAM_2022.2-1.pdf\" class=\"wp-block-file__button wp-element-button\" download aria-describedby=\"wp-block-file--media-74b6d350-164e-4de7-bc31-893a10641dfe\">Descargar<\/a><\/div>\n<\/div>\n\n\n\n<div class=\"wp-block-column is-layout-flow wp-block-column-is-layout-flow\">\n<p><strong>Bolet\u00edn Informativo 2023.1<\/strong><\/p>\n\n\n\n<div data-wp-interactive=\"core\/file\" class=\"wp-block-file\"><object data-wp-bind--hidden=\"!state.hasPdfPreview\" hidden class=\"wp-block-file__embed\" data=\"https:\/\/www.repam.net\/es\/wp-content\/uploads\/2025\/07\/BOLETIM_REPAM_01_23_ESP_compressed-1-1.pdf\" type=\"application\/pdf\" style=\"width:100%;height:600px\" aria-label=\"Incrustado de BOLETIM_REPAM_01_23_ESP_compressed-1.\"><\/object><a id=\"wp-block-file--media-4d6292fd-d7b2-47d6-bcf2-1b5a8a6f328c\" href=\"https:\/\/www.repam.net\/es\/wp-content\/uploads\/2025\/07\/BOLETIM_REPAM_01_23_ESP_compressed-1-1.pdf\">BOLETIM_REPAM_01_23_ESP_compressed-1<\/a><a href=\"https:\/\/www.repam.net\/es\/wp-content\/uploads\/2025\/07\/BOLETIM_REPAM_01_23_ESP_compressed-1-1.pdf\" class=\"wp-block-file__button wp-element-button\" download aria-describedby=\"wp-block-file--media-4d6292fd-d7b2-47d6-bcf2-1b5a8a6f328c\">Descargar<\/a><\/div>\n<\/div>\n\n\n\n<div class=\"wp-block-column is-layout-flow wp-block-column-is-layout-flow\">\n<p><strong>Bolet\u00edn Informativo 2023.2<\/strong><\/p>\n\n\n\n<div data-wp-interactive=\"core\/file\" class=\"wp-block-file\"><object data-wp-bind--hidden=\"!state.hasPdfPreview\" hidden class=\"wp-block-file__embed\" data=\"https:\/\/www.repam.net\/es\/wp-content\/uploads\/2025\/07\/Boletin_02_23_ESP_-1-1-1.pdf\" type=\"application\/pdf\" style=\"width:100%;height:600px\" aria-label=\"Incrustado de Boletin_02_23_ESP_-1-1.\"><\/object><a id=\"wp-block-file--media-ddb7ea6d-4c81-4c02-b94d-855b9e6db412\" href=\"https:\/\/www.repam.net\/es\/wp-content\/uploads\/2025\/07\/Boletin_02_23_ESP_-1-1-1.pdf\">Boletin_02_23_ESP_-1-1<\/a><a href=\"https:\/\/www.repam.net\/es\/wp-content\/uploads\/2025\/07\/Boletin_02_23_ESP_-1-1-1.pdf\" class=\"wp-block-file__button wp-element-button\" download aria-describedby=\"wp-block-file--media-ddb7ea6d-4c81-4c02-b94d-855b9e6db412\">Descargar<\/a><\/div>\n<\/div>\n<\/div>\n\n\n\n<div class=\"wp-block-columns is-layout-flex wp-container-core-columns-is-layout-9d6595d7 wp-block-columns-is-layout-flex\">\n<div class=\"wp-block-column is-layout-flow wp-block-column-is-layout-flow\">\n<p><strong>Bolet\u00edn Informativo 2024.1<\/strong><\/p>\n\n\n\n<div data-wp-interactive=\"core\/file\" class=\"wp-block-file\"><object data-wp-bind--hidden=\"!state.hasPdfPreview\" hidden class=\"wp-block-file__embed\" data=\"https:\/\/www.repam.net\/es\/wp-content\/uploads\/2025\/07\/Boletim_24-01_ESP-1.pdf\" type=\"application\/pdf\" style=\"width:100%;height:600px\" aria-label=\"Incrustado de Boletim_24-01_ESP.\"><\/object><a id=\"wp-block-file--media-cc8669a1-917a-4af7-908a-e03352611097\" href=\"https:\/\/www.repam.net\/es\/wp-content\/uploads\/2025\/07\/Boletim_24-01_ESP-1.pdf\">Boletim_24-01_ESP<\/a><a href=\"https:\/\/www.repam.net\/es\/wp-content\/uploads\/2025\/07\/Boletim_24-01_ESP-1.pdf\" class=\"wp-block-file__button wp-element-button\" download aria-describedby=\"wp-block-file--media-cc8669a1-917a-4af7-908a-e03352611097\">Descargar<\/a><\/div>\n<\/div>\n\n\n\n<div class=\"wp-block-column is-layout-flow wp-block-column-is-layout-flow\">\n<p><strong>Bolet\u00edn Informativo 2024.2<\/strong><\/p>\n\n\n\n<div data-wp-interactive=\"core\/file\" class=\"wp-block-file\"><object data-wp-bind--hidden=\"!state.hasPdfPreview\" hidden class=\"wp-block-file__embed\" data=\"https:\/\/www.repam.net\/es\/wp-content\/uploads\/2025\/07\/Boletim_2024_02_ESP-1.pdf\" type=\"application\/pdf\" style=\"width:100%;height:600px\" aria-label=\"Incrustado de Boletim_2024_02_ESP.\"><\/object><a id=\"wp-block-file--media-af282ef9-34cc-43fe-9748-69b1ba483418\" href=\"https:\/\/www.repam.net\/es\/wp-content\/uploads\/2025\/07\/Boletim_2024_02_ESP-1.pdf\">Boletim_2024_02_ESP<\/a><a href=\"https:\/\/www.repam.net\/es\/wp-content\/uploads\/2025\/07\/Boletim_2024_02_ESP-1.pdf\" class=\"wp-block-file__button wp-element-button\" download aria-describedby=\"wp-block-file--media-af282ef9-34cc-43fe-9748-69b1ba483418\">Descargar<\/a><\/div>\n<\/div>\n\n\n\n<div class=\"wp-block-column is-layout-flow wp-block-column-is-layout-flow\">\n<p><strong>Bolet\u00edn Informativo 2025.1<\/strong><\/p>\n\n\n\n<div data-wp-interactive=\"core\/file\" class=\"wp-block-file\"><object data-wp-bind--hidden=\"!state.hasPdfPreview\" hidden class=\"wp-block-file__embed\" data=\"https:\/\/www.repam.net\/es\/wp-content\/uploads\/2025\/09\/Boletim_25-01_ESP-1.pdf\" type=\"application\/pdf\" style=\"width:100%;height:600px\" aria-label=\"Incrustado de Boletim_25-01_ESP.\"><\/object><a id=\"wp-block-file--media-7a8f0680-0169-48c4-b891-e9f480ce039b\" href=\"https:\/\/www.repam.net\/es\/wp-content\/uploads\/2025\/09\/Boletim_25-01_ESP-1.pdf\">Boletim_25-01_ESP<\/a><a href=\"https:\/\/www.repam.net\/es\/wp-content\/uploads\/2025\/09\/Boletim_25-01_ESP-1.pdf\" class=\"wp-block-file__button wp-element-button\" download aria-describedby=\"wp-block-file--media-7a8f0680-0169-48c4-b891-e9f480ce039b\">Descargar<\/a><\/div>\n<\/div>\n<\/div>\n\n\n\n<div class=\"wp-block-columns is-layout-flex wp-container-core-columns-is-layout-9d6595d7 wp-block-columns-is-layout-flex\">\n<div class=\"wp-block-column is-layout-flow wp-block-column-is-layout-flow\">\n<div data-wp-interactive=\"core\/file\" class=\"wp-block-file\"><object data-wp-bind--hidden=\"!state.hasPdfPreview\" hidden class=\"wp-block-file__embed\" data=\"https:\/\/www.repam.net\/es\/wp-content\/uploads\/2026\/01\/Boletin-2025-2_compressed.pdf\" type=\"application\/pdf\" style=\"width:100%;height:600px\" aria-label=\"Incrustado de Boletin 2025-2_compressed.\"><\/object><a id=\"wp-block-file--media-f7684029-b97e-41b8-96b1-9de5f86aba99\" href=\"https:\/\/www.repam.net\/es\/wp-content\/uploads\/2026\/01\/Boletin-2025-2_compressed.pdf\">Boletin 2025-2_compressed<\/a><a href=\"https:\/\/www.repam.net\/es\/wp-content\/uploads\/2026\/01\/Boletin-2025-2_compressed.pdf\" class=\"wp-block-file__button wp-element-button\" download aria-describedby=\"wp-block-file--media-f7684029-b97e-41b8-96b1-9de5f86aba99\">Descargar<\/a><\/div>\n<\/div>\n\n\n\n<div class=\"wp-block-column is-layout-flow wp-block-column-is-layout-flow\"><\/div>\n\n\n\n<div class=\"wp-block-column is-layout-flow wp-block-column-is-layout-flow\"><\/div>\n<\/div>\n\n\n\n<h4 class=\"wp-block-heading has-text-align-center\">Otras Publicaciones<\/h4>\n\n\n\n<div class=\"wp-block-columns is-layout-flex wp-container-core-columns-is-layout-9d6595d7 wp-block-columns-is-layout-flex\">\n<div class=\"wp-block-column is-layout-flow wp-block-column-is-layout-flow\"><div class=\"wp-block-image\">\n<figure class=\"aligncenter size-large\"><a href=\"https:\/\/www.repam.net\/es\/wp-content\/uploads\/2022\/01\/DOSSIER.COVID19-EN-LA-PANAMAZONIA.docx.pdf\" target=\"_blank\" rel=\"noopener\"><img loading=\"lazy\" decoding=\"async\" width=\"1024\" height=\"577\" src=\"https:\/\/www.repam.net\/es\/wp-content\/uploads\/2022\/01\/cOVID-AMAZONIA-DOSSIER-NOV-2020-1024x577.jpg\" alt=\"\" class=\"wp-image-5938\" srcset=\"https:\/\/www.repam.net\/es\/wp-content\/uploads\/2022\/01\/cOVID-AMAZONIA-DOSSIER-NOV-2020-1024x577.jpg 1024w, https:\/\/www.repam.net\/es\/wp-content\/uploads\/2022\/01\/cOVID-AMAZONIA-DOSSIER-NOV-2020-300x169.jpg 300w, https:\/\/www.repam.net\/es\/wp-content\/uploads\/2022\/01\/cOVID-AMAZONIA-DOSSIER-NOV-2020-768x433.jpg 768w, https:\/\/www.repam.net\/es\/wp-content\/uploads\/2022\/01\/cOVID-AMAZONIA-DOSSIER-NOV-2020.jpg 1164w\" sizes=\"auto, (max-width: 1024px) 100vw, 1024px\" \/><\/a><figcaption class=\"wp-element-caption\"><strong><a href=\"COVID-19 EN LA PANAMAZON\u00cdA (noviembre 2020)\" target=\"_blank\" rel=\"noreferrer noopener\">DOSSIER: COVID-19 EN LA PANAMAZON\u00cdA (noviembre 2020)<\/a><\/strong><\/figcaption><\/figure>\n<\/div><\/div>\n\n\n\n<div class=\"wp-block-column is-layout-flow wp-block-column-is-layout-flow\">\n<figure class=\"wp-block-image size-large\"><a href=\"https:\/\/www.repam.net\/es\/wp-content\/uploads\/2022\/09\/LIBRO-DE-CANTOS-REPAM.pdf\" target=\"_blank\" rel=\"noreferrer noopener\"><img loading=\"lazy\" decoding=\"async\" width=\"1024\" height=\"576\" src=\"https:\/\/www.repam.net\/es\/wp-content\/uploads\/2022\/10\/Libro-cantos-REPAM-portada-1024x576.jpg\" alt=\"\" class=\"wp-image-8620\" srcset=\"https:\/\/www.repam.net\/es\/wp-content\/uploads\/2022\/10\/Libro-cantos-REPAM-portada-1024x576.jpg 1024w, https:\/\/www.repam.net\/es\/wp-content\/uploads\/2022\/10\/Libro-cantos-REPAM-portada-300x169.jpg 300w, https:\/\/www.repam.net\/es\/wp-content\/uploads\/2022\/10\/Libro-cantos-REPAM-portada-768x432.jpg 768w, https:\/\/www.repam.net\/es\/wp-content\/uploads\/2022\/10\/Libro-cantos-REPAM-portada.jpg 1280w\" sizes=\"auto, (max-width: 1024px) 100vw, 1024px\" \/><\/a><figcaption class=\"wp-element-caption\"><a href=\"https:\/\/www.repam.net\/es\/wp-content\/uploads\/2022\/09\/LIBRO-DE-CANTOS-REPAM.pdf\" target=\"_blank\" rel=\"noreferrer noopener\"><strong>LIBRO BILINGUE DE CANTOS AMAZ\u00d3NICOS (portugu\u00eas y espa\u00f1ol)<\/strong><\/a><\/figcaption><\/figure>\n<\/div>\n\n\n\n<div class=\"wp-block-column is-layout-flow wp-block-column-is-layout-flow\"><\/div>\n<\/div>\n\n\n\n<p><\/p>\n","protected":false},"excerpt":{"rendered":"<p>Bolet\u00edn Informativo semestral Bolet\u00edn Informativo 2021.1 Bolet\u00edn Informativo 2021.2 Bolet\u00edn Informativo 2022.1 Bolet\u00edn Informativo 2022.2 Bolet\u00edn Informativo 2023.1 Bolet\u00edn Informativo 2023.2 Bolet\u00edn Informativo 2024.1 Bolet\u00edn Informativo 2024.2 Bolet\u00edn Informativo 2025.1 Otras Publicaciones<\/p>\n","protected":false},"author":1,"featured_media":6134,"parent":341,"menu_order":0,"comment_status":"closed","ping_status":"closed","template":"","meta":{"_acf_changed":false,"_uf_show_specific_survey":0,"_uf_disable_surveys":false,"footnotes":""},"class_list":["post-5638","page","type-page","status-publish","has-post-thumbnail","hentry"],"acf":[],"aioseo_notices":[],"yoast_head":"<!-- This site is optimized with the Yoast SEO plugin v27.5 - https:\/\/yoast.com\/product\/yoast-seo-wordpress\/ -->\n<title>Publicaciones - REPAM<\/title>\n<meta name=\"robots\" content=\"index, follow, max-snippet:-1, max-image-preview:large, max-video-preview:-1\" \/>\n<link rel=\"canonical\" href=\"https:\/\/www.repam.net\/es\/publicaciones\/publicaciones\/\" \/>\n<meta property=\"og:locale\" content=\"es_ES\" \/>\n<meta property=\"og:type\" content=\"article\" \/>\n<meta property=\"og:title\" content=\"Publicaciones - REPAM\" \/>\n<meta property=\"og:description\" content=\"Bolet\u00edn Informativo semestral Bolet\u00edn Informativo 2021.1 Bolet\u00edn Informativo 2021.2 Bolet\u00edn Informativo 2022.1 Bolet\u00edn Informativo 2022.2 Bolet\u00edn Informativo 2023.1 Bolet\u00edn Informativo 2023.2 Bolet\u00edn Informativo 2024.1 Bolet\u00edn Informativo 2024.2 Bolet\u00edn Informativo 2025.1 Otras Publicaciones\" \/>\n<meta property=\"og:url\" content=\"https:\/\/www.repam.net\/es\/publicaciones\/publicaciones\/\" \/>\n<meta property=\"og:site_name\" content=\"REPAM\" \/>\n<meta property=\"article:modified_time\" content=\"2026-01-08T15:32:34+00:00\" \/>\n<meta property=\"og:image\" content=\"https:\/\/www.repam.net\/es\/wp-content\/uploads\/2022\/02\/Boletin-REPAM-2021-2-1.png\" \/>\n\t<meta property=\"og:image:width\" content=\"1280\" \/>\n\t<meta property=\"og:image:height\" content=\"720\" \/>\n\t<meta property=\"og:image:type\" content=\"image\/png\" \/>\n<meta name=\"twitter:card\" content=\"summary_large_image\" \/>\n<meta name=\"twitter:label1\" content=\"Tiempo de lectura\" \/>\n\t<meta name=\"twitter:data1\" content=\"1 minuto\" \/>\n<script type=\"application\/ld+json\" class=\"yoast-schema-graph\">{\"@context\":\"https:\\\/\\\/schema.org\",\"@graph\":[{\"@type\":\"WebPage\",\"@id\":\"https:\\\/\\\/www.repam.net\\\/es\\\/publicaciones\\\/publicaciones\\\/\",\"url\":\"https:\\\/\\\/www.repam.net\\\/es\\\/publicaciones\\\/publicaciones\\\/\",\"name\":\"Publicaciones - REPAM\",\"isPartOf\":{\"@id\":\"https:\\\/\\\/www.repam.net\\\/es\\\/#website\"},\"primaryImageOfPage\":{\"@id\":\"https:\\\/\\\/www.repam.net\\\/es\\\/publicaciones\\\/publicaciones\\\/#primaryimage\"},\"image\":{\"@id\":\"https:\\\/\\\/www.repam.net\\\/es\\\/publicaciones\\\/publicaciones\\\/#primaryimage\"},\"thumbnailUrl\":\"https:\\\/\\\/www.repam.net\\\/es\\\/wp-content\\\/uploads\\\/2022\\\/02\\\/Boletin-REPAM-2021-2-1.png\",\"datePublished\":\"2021-12-08T13:06:24+00:00\",\"dateModified\":\"2026-01-08T15:32:34+00:00\",\"breadcrumb\":{\"@id\":\"https:\\\/\\\/www.repam.net\\\/es\\\/publicaciones\\\/publicaciones\\\/#breadcrumb\"},\"inLanguage\":\"es-CO\",\"potentialAction\":[{\"@type\":\"ReadAction\",\"target\":[\"https:\\\/\\\/www.repam.net\\\/es\\\/publicaciones\\\/publicaciones\\\/\"]}]},{\"@type\":\"ImageObject\",\"inLanguage\":\"es-CO\",\"@id\":\"https:\\\/\\\/www.repam.net\\\/es\\\/publicaciones\\\/publicaciones\\\/#primaryimage\",\"url\":\"https:\\\/\\\/www.repam.net\\\/es\\\/wp-content\\\/uploads\\\/2022\\\/02\\\/Boletin-REPAM-2021-2-1.png\",\"contentUrl\":\"https:\\\/\\\/www.repam.net\\\/es\\\/wp-content\\\/uploads\\\/2022\\\/02\\\/Boletin-REPAM-2021-2-1.png\",\"width\":1280,\"height\":720},{\"@type\":\"BreadcrumbList\",\"@id\":\"https:\\\/\\\/www.repam.net\\\/es\\\/publicaciones\\\/publicaciones\\\/#breadcrumb\",\"itemListElement\":[{\"@type\":\"ListItem\",\"position\":1,\"name\":\"Inicio\",\"item\":\"https:\\\/\\\/www.repam.net\\\/es\\\/\"},{\"@type\":\"ListItem\",\"position\":2,\"name\":\"Publicaciones\",\"item\":\"https:\\\/\\\/www.repam.net\\\/es\\\/publicaciones\\\/\"},{\"@type\":\"ListItem\",\"position\":3,\"name\":\"Publicaciones\"}]},{\"@type\":\"WebSite\",\"@id\":\"https:\\\/\\\/www.repam.net\\\/es\\\/#website\",\"url\":\"https:\\\/\\\/www.repam.net\\\/es\\\/\",\"name\":\"REPAM\",\"description\":\"Red Eclesial Panamaz\u00f3nica\",\"publisher\":{\"@id\":\"https:\\\/\\\/www.repam.net\\\/es\\\/#organization\"},\"potentialAction\":[{\"@type\":\"SearchAction\",\"target\":{\"@type\":\"EntryPoint\",\"urlTemplate\":\"https:\\\/\\\/www.repam.net\\\/es\\\/?s={search_term_string}\"},\"query-input\":{\"@type\":\"PropertyValueSpecification\",\"valueRequired\":true,\"valueName\":\"search_term_string\"}}],\"inLanguage\":\"es-CO\"},{\"@type\":\"Organization\",\"@id\":\"https:\\\/\\\/www.repam.net\\\/es\\\/#organization\",\"name\":\"REPAM\",\"url\":\"https:\\\/\\\/www.repam.net\\\/es\\\/\",\"logo\":{\"@type\":\"ImageObject\",\"inLanguage\":\"es-CO\",\"@id\":\"https:\\\/\\\/www.repam.net\\\/es\\\/#\\\/schema\\\/logo\\\/image\\\/\",\"url\":\"https:\\\/\\\/www.repam.net\\\/es\\\/wp-content\\\/uploads\\\/2021\\\/11\\\/cropped-favicon.png\",\"contentUrl\":\"https:\\\/\\\/www.repam.net\\\/es\\\/wp-content\\\/uploads\\\/2021\\\/11\\\/cropped-favicon.png\",\"width\":512,\"height\":512,\"caption\":\"REPAM\"},\"image\":{\"@id\":\"https:\\\/\\\/www.repam.net\\\/es\\\/#\\\/schema\\\/logo\\\/image\\\/\"}}]}<\/script>\n<!-- \/ Yoast SEO plugin. -->","yoast_head_json":{"title":"Publicaciones - REPAM","robots":{"index":"index","follow":"follow","max-snippet":"max-snippet:-1","max-image-preview":"max-image-preview:large","max-video-preview":"max-video-preview:-1"},"canonical":"https:\/\/www.repam.net\/es\/publicaciones\/publicaciones\/","og_locale":"es_ES","og_type":"article","og_title":"Publicaciones - REPAM","og_description":"Bolet\u00edn Informativo semestral Bolet\u00edn Informativo 2021.1 Bolet\u00edn Informativo 2021.2 Bolet\u00edn Informativo 2022.1 Bolet\u00edn Informativo 2022.2 Bolet\u00edn Informativo 2023.1 Bolet\u00edn Informativo 2023.2 Bolet\u00edn Informativo 2024.1 Bolet\u00edn Informativo 2024.2 Bolet\u00edn Informativo 2025.1 Otras Publicaciones","og_url":"https:\/\/www.repam.net\/es\/publicaciones\/publicaciones\/","og_site_name":"REPAM","article_modified_time":"2026-01-08T15:32:34+00:00","og_image":[{"width":1280,"height":720,"url":"https:\/\/www.repam.net\/es\/wp-content\/uploads\/2022\/02\/Boletin-REPAM-2021-2-1.png","type":"image\/png"}],"twitter_card":"summary_large_image","twitter_misc":{"Tiempo de lectura":"1 minuto"},"schema":{"@context":"https:\/\/schema.org","@graph":[{"@type":"WebPage","@id":"https:\/\/www.repam.net\/es\/publicaciones\/publicaciones\/","url":"https:\/\/www.repam.net\/es\/publicaciones\/publicaciones\/","name":"Publicaciones - REPAM","isPartOf":{"@id":"https:\/\/www.repam.net\/es\/#website"},"primaryImageOfPage":{"@id":"https:\/\/www.repam.net\/es\/publicaciones\/publicaciones\/#primaryimage"},"image":{"@id":"https:\/\/www.repam.net\/es\/publicaciones\/publicaciones\/#primaryimage"},"thumbnailUrl":"https:\/\/www.repam.net\/es\/wp-content\/uploads\/2022\/02\/Boletin-REPAM-2021-2-1.png","datePublished":"2021-12-08T13:06:24+00:00","dateModified":"2026-01-08T15:32:34+00:00","breadcrumb":{"@id":"https:\/\/www.repam.net\/es\/publicaciones\/publicaciones\/#breadcrumb"},"inLanguage":"es-CO","potentialAction":[{"@type":"ReadAction","target":["https:\/\/www.repam.net\/es\/publicaciones\/publicaciones\/"]}]},{"@type":"ImageObject","inLanguage":"es-CO","@id":"https:\/\/www.repam.net\/es\/publicaciones\/publicaciones\/#primaryimage","url":"https:\/\/www.repam.net\/es\/wp-content\/uploads\/2022\/02\/Boletin-REPAM-2021-2-1.png","contentUrl":"https:\/\/www.repam.net\/es\/wp-content\/uploads\/2022\/02\/Boletin-REPAM-2021-2-1.png","width":1280,"height":720},{"@type":"BreadcrumbList","@id":"https:\/\/www.repam.net\/es\/publicaciones\/publicaciones\/#breadcrumb","itemListElement":[{"@type":"ListItem","position":1,"name":"Inicio","item":"https:\/\/www.repam.net\/es\/"},{"@type":"ListItem","position":2,"name":"Publicaciones","item":"https:\/\/www.repam.net\/es\/publicaciones\/"},{"@type":"ListItem","position":3,"name":"Publicaciones"}]},{"@type":"WebSite","@id":"https:\/\/www.repam.net\/es\/#website","url":"https:\/\/www.repam.net\/es\/","name":"REPAM","description":"Red Eclesial Panamaz\u00f3nica","publisher":{"@id":"https:\/\/www.repam.net\/es\/#organization"},"potentialAction":[{"@type":"SearchAction","target":{"@type":"EntryPoint","urlTemplate":"https:\/\/www.repam.net\/es\/?s={search_term_string}"},"query-input":{"@type":"PropertyValueSpecification","valueRequired":true,"valueName":"search_term_string"}}],"inLanguage":"es-CO"},{"@type":"Organization","@id":"https:\/\/www.repam.net\/es\/#organization","name":"REPAM","url":"https:\/\/www.repam.net\/es\/","logo":{"@type":"ImageObject","inLanguage":"es-CO","@id":"https:\/\/www.repam.net\/es\/#\/schema\/logo\/image\/","url":"https:\/\/www.repam.net\/es\/wp-content\/uploads\/2021\/11\/cropped-favicon.png","contentUrl":"https:\/\/www.repam.net\/es\/wp-content\/uploads\/2021\/11\/cropped-favicon.png","width":512,"height":512,"caption":"REPAM"},"image":{"@id":"https:\/\/www.repam.net\/es\/#\/schema\/logo\/image\/"}}]}},"_links":{"self":[{"href":"https:\/\/www.repam.net\/es\/wp-json\/wp\/v2\/pages\/5638","targetHints":{"allow":["GET"]}}],"collection":[{"href":"https:\/\/www.repam.net\/es\/wp-json\/wp\/v2\/pages"}],"about":[{"href":"https:\/\/www.repam.net\/es\/wp-json\/wp\/v2\/types\/page"}],"author":[{"embeddable":true,"href":"https:\/\/www.repam.net\/es\/wp-json\/wp\/v2\/users\/1"}],"replies":[{"embeddable":true,"href":"https:\/\/www.repam.net\/es\/wp-json\/wp\/v2\/comments?post=5638"}],"version-history":[{"count":24,"href":"https:\/\/www.repam.net\/es\/wp-json\/wp\/v2\/pages\/5638\/revisions"}],"predecessor-version":[{"id":12800,"href":"https:\/\/www.repam.net\/es\/wp-json\/wp\/v2\/pages\/5638\/revisions\/12800"}],"up":[{"embeddable":true,"href":"https:\/\/www.repam.net\/es\/wp-json\/wp\/v2\/pages\/341"}],"wp:featuredmedia":[{"embeddable":true,"href":"https:\/\/www.repam.net\/es\/wp-json\/wp\/v2\/media\/6134"}],"wp:attachment":[{"href":"https:\/\/www.repam.net\/es\/wp-json\/wp\/v2\/media?parent=5638"}],"curies":[{"name":"wp","href":"https:\/\/api.w.org\/{rel}","templated":true}]}}