{"id":5650,"date":"2021-12-08T08:50:34","date_gmt":"2021-12-08T13:50:34","guid":{"rendered":"https:\/\/www.repam.net\/es\/?page_id=5650"},"modified":"2025-08-26T19:57:34","modified_gmt":"2025-08-27T00:57:34","slug":"red-itinerante-amazonica","status":"publish","type":"page","link":"https:\/\/www.repam.net\/es\/nucleos\/red-itinerante-amazonica\/","title":{"rendered":"Red Itinerante Amaz\u00f3nica"},"content":{"rendered":"\n<figure class=\"wp-block-image size-large\"><img loading=\"lazy\" decoding=\"async\" width=\"2560\" height=\"1439\" src=\"https:\/\/www.repam.net\/es\/wp-content\/uploads\/2025\/08\/Reditine_01-edited-scaled.jpg\" alt=\"\" class=\"wp-image-12282\" srcset=\"https:\/\/www.repam.net\/es\/wp-content\/uploads\/2025\/08\/Reditine_01-edited-scaled.jpg 2560w, https:\/\/www.repam.net\/es\/wp-content\/uploads\/2025\/08\/Reditine_01-edited-300x169.jpg 300w, https:\/\/www.repam.net\/es\/wp-content\/uploads\/2025\/08\/Reditine_01-edited-1024x576.jpg 1024w, https:\/\/www.repam.net\/es\/wp-content\/uploads\/2025\/08\/Reditine_01-edited-768x432.jpg 768w, https:\/\/www.repam.net\/es\/wp-content\/uploads\/2025\/08\/Reditine_01-edited-1536x864.jpg 1536w, https:\/\/www.repam.net\/es\/wp-content\/uploads\/2025\/08\/Reditine_01-edited-2048x1151.jpg 2048w\" sizes=\"auto, (max-width: 2560px) 100vw, 2560px\" \/><\/figure>\n\n\n\n<blockquote class=\"wp-block-quote is-layout-flow wp-block-quote-is-layout-flow\">\n<p>Una de las propuestas concretas del S\u00ednodo Amaz\u00f3nico fue \u201cconformar una red itinerante que re\u00fana los distintos esfuerzos de los equipos que acompa\u00f1an y dinamizan las comunidades\u201d (cf. DF 40). Este es uno de los sue\u00f1os que se tornan realidad en la Amazon\u00eda.<\/p>\n<\/blockquote>\n\n\n\n<div class=\"wp-block-columns is-layout-flex wp-container-core-columns-is-layout-9d6595d7 wp-block-columns-is-layout-flex\">\n<div class=\"wp-block-column is-layout-flow wp-block-column-is-layout-flow\">\n<figure class=\"wp-block-embed is-type-video is-provider-youtube wp-block-embed-youtube wp-embed-aspect-16-9 wp-has-aspect-ratio\"><div class=\"wp-block-embed__wrapper\">\n<iframe loading=\"lazy\" title=\"II Encuentro de la Red Itinerante Amaz\u00f3nica\" width=\"500\" height=\"281\" src=\"https:\/\/www.youtube.com\/embed\/RjOL01HOo_s?feature=oembed\" frameborder=\"0\" allow=\"accelerometer; autoplay; clipboard-write; encrypted-media; gyroscope; picture-in-picture; web-share\" referrerpolicy=\"strict-origin-when-cross-origin\" allowfullscreen><\/iframe>\n<\/div><\/figure>\n<\/div>\n\n\n\n<div class=\"wp-block-column is-layout-flow wp-block-column-is-layout-flow\">\n<figure class=\"wp-block-embed is-type-video is-provider-youtube wp-block-embed-youtube wp-embed-aspect-16-9 wp-has-aspect-ratio\"><div class=\"wp-block-embed__wrapper\">\n<iframe loading=\"lazy\" title=\"III Encuentro de la Red Itinerante Amaz\u00f3nica\" width=\"500\" height=\"281\" src=\"https:\/\/www.youtube.com\/embed\/MbqsZmKIKQQ?feature=oembed\" frameborder=\"0\" allow=\"accelerometer; autoplay; clipboard-write; encrypted-media; gyroscope; picture-in-picture; web-share\" referrerpolicy=\"strict-origin-when-cross-origin\" allowfullscreen><\/iframe>\n<\/div><\/figure>\n<\/div>\n<\/div>\n\n\n\n<div class=\"wp-block-columns is-layout-flex wp-container-core-columns-is-layout-9d6595d7 wp-block-columns-is-layout-flex\">\n<div class=\"wp-block-column is-layout-flow wp-block-column-is-layout-flow\"><\/div>\n\n\n\n<div class=\"wp-block-column is-layout-flow wp-block-column-is-layout-flow\">\n<figure class=\"wp-block-image size-full\"><a href=\"https:\/\/www.repam.net\/es\/category\/red-itinerante\/\"><img loading=\"lazy\" decoding=\"async\" width=\"303\" height=\"84\" src=\"https:\/\/www.repam.net\/es\/wp-content\/uploads\/2025\/08\/Noticias.jpg\" alt=\"\" class=\"wp-image-12290\" srcset=\"https:\/\/www.repam.net\/es\/wp-content\/uploads\/2025\/08\/Noticias.jpg 303w, https:\/\/www.repam.net\/es\/wp-content\/uploads\/2025\/08\/Noticias-300x83.jpg 300w\" sizes=\"auto, (max-width: 303px) 100vw, 303px\" \/><\/a><\/figure>\n<\/div>\n\n\n\n<div class=\"wp-block-column is-layout-flow wp-block-column-is-layout-flow\"><\/div>\n<\/div>\n","protected":false},"excerpt":{"rendered":"<p>Una de las propuestas concretas del S\u00ednodo Amaz\u00f3nico fue \u201cconformar una red itinerante que re\u00fana los distintos esfuerzos de los equipos que acompa\u00f1an y dinamizan las comunidades\u201d (cf. DF 40). Este es uno de los sue\u00f1os que se tornan realidad en la Amazon\u00eda.<\/p>\n","protected":false},"author":1,"featured_media":10513,"parent":78,"menu_order":12,"comment_status":"closed","ping_status":"closed","template":"page-multipla.php","meta":{"_acf_changed":false,"_uf_show_specific_survey":0,"_uf_disable_surveys":false,"footnotes":""},"class_list":["post-5650","page","type-page","status-publish","has-post-thumbnail","hentry"],"acf":[],"aioseo_notices":[],"yoast_head":"<!-- This site is optimized with the Yoast SEO plugin v27.3 - https:\/\/yoast.com\/product\/yoast-seo-wordpress\/ -->\n<title>Red Itinerante Amaz\u00f3nica - REPAM<\/title>\n<meta name=\"robots\" content=\"index, follow, max-snippet:-1, max-image-preview:large, max-video-preview:-1\" \/>\n<link rel=\"canonical\" href=\"https:\/\/www.repam.net\/es\/nucleos\/red-itinerante-amazonica\/\" \/>\n<meta property=\"og:locale\" content=\"es_ES\" \/>\n<meta property=\"og:type\" content=\"article\" \/>\n<meta property=\"og:title\" content=\"Red Itinerante Amaz\u00f3nica - REPAM\" \/>\n<meta property=\"og:description\" content=\"Una de las propuestas concretas del S\u00ednodo Amaz\u00f3nico fue \u201cconformar una red itinerante que re\u00fana los distintos esfuerzos de los equipos que acompa\u00f1an y dinamizan las comunidades\u201d (cf. DF 40). Este es uno de los sue\u00f1os que se tornan realidad en la Amazon\u00eda.\" \/>\n<meta property=\"og:url\" content=\"https:\/\/www.repam.net\/es\/nucleos\/red-itinerante-amazonica\/\" \/>\n<meta property=\"og:site_name\" content=\"REPAM\" \/>\n<meta property=\"article:modified_time\" content=\"2025-08-27T00:57:34+00:00\" \/>\n<meta property=\"og:image\" content=\"https:\/\/www.repam.net\/es\/wp-content\/uploads\/2023\/08\/FINAL-REDE-1024x682-1.jpeg\" \/>\n\t<meta property=\"og:image:width\" content=\"1024\" \/>\n\t<meta property=\"og:image:height\" content=\"682\" \/>\n\t<meta property=\"og:image:type\" content=\"image\/jpeg\" \/>\n<meta name=\"twitter:card\" content=\"summary_large_image\" \/>\n<meta name=\"twitter:label1\" content=\"Tiempo de lectura\" \/>\n\t<meta name=\"twitter:data1\" content=\"1 minuto\" \/>\n<script type=\"application\/ld+json\" class=\"yoast-schema-graph\">{\"@context\":\"https:\\\/\\\/schema.org\",\"@graph\":[{\"@type\":\"WebPage\",\"@id\":\"https:\\\/\\\/www.repam.net\\\/es\\\/nucleos\\\/red-itinerante-amazonica\\\/\",\"url\":\"https:\\\/\\\/www.repam.net\\\/es\\\/nucleos\\\/red-itinerante-amazonica\\\/\",\"name\":\"Red Itinerante Amaz\u00f3nica - REPAM\",\"isPartOf\":{\"@id\":\"https:\\\/\\\/www.repam.net\\\/es\\\/#website\"},\"primaryImageOfPage\":{\"@id\":\"https:\\\/\\\/www.repam.net\\\/es\\\/nucleos\\\/red-itinerante-amazonica\\\/#primaryimage\"},\"image\":{\"@id\":\"https:\\\/\\\/www.repam.net\\\/es\\\/nucleos\\\/red-itinerante-amazonica\\\/#primaryimage\"},\"thumbnailUrl\":\"https:\\\/\\\/www.repam.net\\\/es\\\/wp-content\\\/uploads\\\/2023\\\/08\\\/FINAL-REDE-1024x682-1.jpeg\",\"datePublished\":\"2021-12-08T13:50:34+00:00\",\"dateModified\":\"2025-08-27T00:57:34+00:00\",\"breadcrumb\":{\"@id\":\"https:\\\/\\\/www.repam.net\\\/es\\\/nucleos\\\/red-itinerante-amazonica\\\/#breadcrumb\"},\"inLanguage\":\"es-CO\",\"potentialAction\":[{\"@type\":\"ReadAction\",\"target\":[\"https:\\\/\\\/www.repam.net\\\/es\\\/nucleos\\\/red-itinerante-amazonica\\\/\"]}]},{\"@type\":\"ImageObject\",\"inLanguage\":\"es-CO\",\"@id\":\"https:\\\/\\\/www.repam.net\\\/es\\\/nucleos\\\/red-itinerante-amazonica\\\/#primaryimage\",\"url\":\"https:\\\/\\\/www.repam.net\\\/es\\\/wp-content\\\/uploads\\\/2023\\\/08\\\/FINAL-REDE-1024x682-1.jpeg\",\"contentUrl\":\"https:\\\/\\\/www.repam.net\\\/es\\\/wp-content\\\/uploads\\\/2023\\\/08\\\/FINAL-REDE-1024x682-1.jpeg\",\"width\":1024,\"height\":682},{\"@type\":\"BreadcrumbList\",\"@id\":\"https:\\\/\\\/www.repam.net\\\/es\\\/nucleos\\\/red-itinerante-amazonica\\\/#breadcrumb\",\"itemListElement\":[{\"@type\":\"ListItem\",\"position\":1,\"name\":\"Inicio\",\"item\":\"https:\\\/\\\/www.repam.net\\\/es\\\/\"},{\"@type\":\"ListItem\",\"position\":2,\"name\":\"N\u00facleos Tem\u00e1ticos\",\"item\":\"https:\\\/\\\/www.repam.net\\\/es\\\/nucleos\\\/\"},{\"@type\":\"ListItem\",\"position\":3,\"name\":\"Red Itinerante Amaz\u00f3nica\"}]},{\"@type\":\"WebSite\",\"@id\":\"https:\\\/\\\/www.repam.net\\\/es\\\/#website\",\"url\":\"https:\\\/\\\/www.repam.net\\\/es\\\/\",\"name\":\"REPAM\",\"description\":\"Red Eclesial Panamaz\u00f3nica\",\"publisher\":{\"@id\":\"https:\\\/\\\/www.repam.net\\\/es\\\/#organization\"},\"potentialAction\":[{\"@type\":\"SearchAction\",\"target\":{\"@type\":\"EntryPoint\",\"urlTemplate\":\"https:\\\/\\\/www.repam.net\\\/es\\\/?s={search_term_string}\"},\"query-input\":{\"@type\":\"PropertyValueSpecification\",\"valueRequired\":true,\"valueName\":\"search_term_string\"}}],\"inLanguage\":\"es-CO\"},{\"@type\":\"Organization\",\"@id\":\"https:\\\/\\\/www.repam.net\\\/es\\\/#organization\",\"name\":\"REPAM\",\"url\":\"https:\\\/\\\/www.repam.net\\\/es\\\/\",\"logo\":{\"@type\":\"ImageObject\",\"inLanguage\":\"es-CO\",\"@id\":\"https:\\\/\\\/www.repam.net\\\/es\\\/#\\\/schema\\\/logo\\\/image\\\/\",\"url\":\"https:\\\/\\\/www.repam.net\\\/es\\\/wp-content\\\/uploads\\\/2021\\\/11\\\/cropped-favicon.png\",\"contentUrl\":\"https:\\\/\\\/www.repam.net\\\/es\\\/wp-content\\\/uploads\\\/2021\\\/11\\\/cropped-favicon.png\",\"width\":512,\"height\":512,\"caption\":\"REPAM\"},\"image\":{\"@id\":\"https:\\\/\\\/www.repam.net\\\/es\\\/#\\\/schema\\\/logo\\\/image\\\/\"}}]}<\/script>\n<!-- \/ Yoast SEO plugin. -->","yoast_head_json":{"title":"Red Itinerante Amaz\u00f3nica - REPAM","robots":{"index":"index","follow":"follow","max-snippet":"max-snippet:-1","max-image-preview":"max-image-preview:large","max-video-preview":"max-video-preview:-1"},"canonical":"https:\/\/www.repam.net\/es\/nucleos\/red-itinerante-amazonica\/","og_locale":"es_ES","og_type":"article","og_title":"Red Itinerante Amaz\u00f3nica - REPAM","og_description":"Una de las propuestas concretas del S\u00ednodo Amaz\u00f3nico fue \u201cconformar una red itinerante que re\u00fana los distintos esfuerzos de los equipos que acompa\u00f1an y dinamizan las comunidades\u201d (cf. DF 40). Este es uno de los sue\u00f1os que se tornan realidad en la Amazon\u00eda.","og_url":"https:\/\/www.repam.net\/es\/nucleos\/red-itinerante-amazonica\/","og_site_name":"REPAM","article_modified_time":"2025-08-27T00:57:34+00:00","og_image":[{"width":1024,"height":682,"url":"https:\/\/www.repam.net\/es\/wp-content\/uploads\/2023\/08\/FINAL-REDE-1024x682-1.jpeg","type":"image\/jpeg"}],"twitter_card":"summary_large_image","twitter_misc":{"Tiempo de lectura":"1 minuto"},"schema":{"@context":"https:\/\/schema.org","@graph":[{"@type":"WebPage","@id":"https:\/\/www.repam.net\/es\/nucleos\/red-itinerante-amazonica\/","url":"https:\/\/www.repam.net\/es\/nucleos\/red-itinerante-amazonica\/","name":"Red Itinerante Amaz\u00f3nica - REPAM","isPartOf":{"@id":"https:\/\/www.repam.net\/es\/#website"},"primaryImageOfPage":{"@id":"https:\/\/www.repam.net\/es\/nucleos\/red-itinerante-amazonica\/#primaryimage"},"image":{"@id":"https:\/\/www.repam.net\/es\/nucleos\/red-itinerante-amazonica\/#primaryimage"},"thumbnailUrl":"https:\/\/www.repam.net\/es\/wp-content\/uploads\/2023\/08\/FINAL-REDE-1024x682-1.jpeg","datePublished":"2021-12-08T13:50:34+00:00","dateModified":"2025-08-27T00:57:34+00:00","breadcrumb":{"@id":"https:\/\/www.repam.net\/es\/nucleos\/red-itinerante-amazonica\/#breadcrumb"},"inLanguage":"es-CO","potentialAction":[{"@type":"ReadAction","target":["https:\/\/www.repam.net\/es\/nucleos\/red-itinerante-amazonica\/"]}]},{"@type":"ImageObject","inLanguage":"es-CO","@id":"https:\/\/www.repam.net\/es\/nucleos\/red-itinerante-amazonica\/#primaryimage","url":"https:\/\/www.repam.net\/es\/wp-content\/uploads\/2023\/08\/FINAL-REDE-1024x682-1.jpeg","contentUrl":"https:\/\/www.repam.net\/es\/wp-content\/uploads\/2023\/08\/FINAL-REDE-1024x682-1.jpeg","width":1024,"height":682},{"@type":"BreadcrumbList","@id":"https:\/\/www.repam.net\/es\/nucleos\/red-itinerante-amazonica\/#breadcrumb","itemListElement":[{"@type":"ListItem","position":1,"name":"Inicio","item":"https:\/\/www.repam.net\/es\/"},{"@type":"ListItem","position":2,"name":"N\u00facleos Tem\u00e1ticos","item":"https:\/\/www.repam.net\/es\/nucleos\/"},{"@type":"ListItem","position":3,"name":"Red Itinerante Amaz\u00f3nica"}]},{"@type":"WebSite","@id":"https:\/\/www.repam.net\/es\/#website","url":"https:\/\/www.repam.net\/es\/","name":"REPAM","description":"Red Eclesial Panamaz\u00f3nica","publisher":{"@id":"https:\/\/www.repam.net\/es\/#organization"},"potentialAction":[{"@type":"SearchAction","target":{"@type":"EntryPoint","urlTemplate":"https:\/\/www.repam.net\/es\/?s={search_term_string}"},"query-input":{"@type":"PropertyValueSpecification","valueRequired":true,"valueName":"search_term_string"}}],"inLanguage":"es-CO"},{"@type":"Organization","@id":"https:\/\/www.repam.net\/es\/#organization","name":"REPAM","url":"https:\/\/www.repam.net\/es\/","logo":{"@type":"ImageObject","inLanguage":"es-CO","@id":"https:\/\/www.repam.net\/es\/#\/schema\/logo\/image\/","url":"https:\/\/www.repam.net\/es\/wp-content\/uploads\/2021\/11\/cropped-favicon.png","contentUrl":"https:\/\/www.repam.net\/es\/wp-content\/uploads\/2021\/11\/cropped-favicon.png","width":512,"height":512,"caption":"REPAM"},"image":{"@id":"https:\/\/www.repam.net\/es\/#\/schema\/logo\/image\/"}}]}},"_links":{"self":[{"href":"https:\/\/www.repam.net\/es\/wp-json\/wp\/v2\/pages\/5650","targetHints":{"allow":["GET"]}}],"collection":[{"href":"https:\/\/www.repam.net\/es\/wp-json\/wp\/v2\/pages"}],"about":[{"href":"https:\/\/www.repam.net\/es\/wp-json\/wp\/v2\/types\/page"}],"author":[{"embeddable":true,"href":"https:\/\/www.repam.net\/es\/wp-json\/wp\/v2\/users\/1"}],"replies":[{"embeddable":true,"href":"https:\/\/www.repam.net\/es\/wp-json\/wp\/v2\/comments?post=5650"}],"version-history":[{"count":10,"href":"https:\/\/www.repam.net\/es\/wp-json\/wp\/v2\/pages\/5650\/revisions"}],"predecessor-version":[{"id":12291,"href":"https:\/\/www.repam.net\/es\/wp-json\/wp\/v2\/pages\/5650\/revisions\/12291"}],"up":[{"embeddable":true,"href":"https:\/\/www.repam.net\/es\/wp-json\/wp\/v2\/pages\/78"}],"wp:featuredmedia":[{"embeddable":true,"href":"https:\/\/www.repam.net\/es\/wp-json\/wp\/v2\/media\/10513"}],"wp:attachment":[{"href":"https:\/\/www.repam.net\/es\/wp-json\/wp\/v2\/media?parent=5650"}],"curies":[{"name":"wp","href":"https:\/\/api.w.org\/{rel}","templated":true}]}}