{"id":5653,"date":"2021-12-08T08:54:28","date_gmt":"2021-12-08T13:54:28","guid":{"rendered":"https:\/\/www.repam.net\/es\/?page_id=5653"},"modified":"2025-08-26T19:06:42","modified_gmt":"2025-08-27T00:06:42","slug":"juventudes-y-amazonia","status":"publish","type":"page","link":"https:\/\/www.repam.net\/es\/nucleos\/juventudes-y-amazonia\/","title":{"rendered":"Juventudes y Amazon\u00eda"},"content":{"rendered":"\n<figure class=\"wp-block-image size-large\"><img loading=\"lazy\" decoding=\"async\" width=\"1024\" height=\"682\" src=\"https:\/\/www.repam.net\/es\/wp-content\/uploads\/2022\/08\/juventudes-1024x682.jpeg\" alt=\"\" class=\"wp-image-8184\" srcset=\"https:\/\/www.repam.net\/es\/wp-content\/uploads\/2022\/08\/juventudes-1024x682.jpeg 1024w, https:\/\/www.repam.net\/es\/wp-content\/uploads\/2022\/08\/juventudes-300x200.jpeg 300w, https:\/\/www.repam.net\/es\/wp-content\/uploads\/2022\/08\/juventudes-768x512.jpeg 768w, https:\/\/www.repam.net\/es\/wp-content\/uploads\/2022\/08\/juventudes.jpeg 1280w\" sizes=\"auto, (max-width: 1024px) 100vw, 1024px\" \/><\/figure>\n\n\n\n<blockquote class=\"wp-block-quote is-layout-flow wp-block-quote-is-layout-flow\">\n<p>El N\u00facleo Juventudes y Amazon\u00eda de la REPAM tiene como objetivo articular en red las diferentes expresiones juveniles de la regi\u00f3n panamaz\u00f3nica (tanto en la Iglesia como de otros espacios) con el fin de posibilitar la reflexi\u00f3n y el compromiso socioambiental, socializando contenidos y experiencias vinculadas a la Ecolog\u00eda Integral.<\/p>\n<\/blockquote>\n\n\n\n<hr class=\"wp-block-separator has-alpha-channel-opacity\"\/>\n\n\n\n<div class=\"wp-block-columns is-layout-flex wp-container-core-columns-is-layout-9d6595d7 wp-block-columns-is-layout-flex\">\n<div class=\"wp-block-column is-layout-flow wp-block-column-is-layout-flow\"><div class=\"wp-block-image\">\n<figure class=\"aligncenter size-full\"><a href=\"https:\/\/www.repam.net\/es\/serie-juventudes-y-amazonia\/\" target=\"_blank\" rel=\"noreferrer noopener\"><img loading=\"lazy\" decoding=\"async\" width=\"756\" height=\"756\" src=\"https:\/\/www.repam.net\/es\/wp-content\/uploads\/2023\/01\/Juventudes-e-Amazonia-quadrado.jpg\" alt=\"\" class=\"wp-image-9180\" srcset=\"https:\/\/www.repam.net\/es\/wp-content\/uploads\/2023\/01\/Juventudes-e-Amazonia-quadrado.jpg 756w, https:\/\/www.repam.net\/es\/wp-content\/uploads\/2023\/01\/Juventudes-e-Amazonia-quadrado-300x300.jpg 300w, https:\/\/www.repam.net\/es\/wp-content\/uploads\/2023\/01\/Juventudes-e-Amazonia-quadrado-150x150.jpg 150w\" sizes=\"auto, (max-width: 756px) 100vw, 756px\" \/><\/a><\/figure>\n<\/div><\/div>\n<\/div>\n","protected":false},"excerpt":{"rendered":"<p>El N\u00facleo Juventudes y Amazon\u00eda de la REPAM tiene como objetivo articular en red las diferentes expresiones juveniles de la regi\u00f3n panamaz\u00f3nica (tanto en la Iglesia como de otros espacios) con el fin de posibilitar la reflexi\u00f3n y el compromiso socioambiental, socializando contenidos y experiencias vinculadas a la Ecolog\u00eda Integral.<\/p>\n","protected":false},"author":1,"featured_media":8184,"parent":78,"menu_order":7,"comment_status":"closed","ping_status":"closed","template":"page-multipla.php","meta":{"_acf_changed":false,"_uf_show_specific_survey":0,"_uf_disable_surveys":false,"footnotes":""},"class_list":["post-5653","page","type-page","status-publish","has-post-thumbnail","hentry"],"acf":[],"aioseo_notices":[],"yoast_head":"<!-- This site is optimized with the Yoast SEO plugin v27.3 - https:\/\/yoast.com\/product\/yoast-seo-wordpress\/ -->\n<title>Juventudes y Amazon\u00eda - REPAM<\/title>\n<meta name=\"robots\" content=\"index, follow, max-snippet:-1, max-image-preview:large, max-video-preview:-1\" \/>\n<link rel=\"canonical\" href=\"https:\/\/www.repam.net\/es\/nucleos\/juventudes-y-amazonia\/\" \/>\n<meta property=\"og:locale\" content=\"es_ES\" \/>\n<meta property=\"og:type\" content=\"article\" \/>\n<meta property=\"og:title\" content=\"Juventudes y Amazon\u00eda - REPAM\" \/>\n<meta property=\"og:description\" content=\"El N\u00facleo Juventudes y Amazon\u00eda de la REPAM tiene como objetivo articular en red las diferentes expresiones juveniles de la regi\u00f3n panamaz\u00f3nica (tanto en la Iglesia como de otros espacios) con el fin de posibilitar la reflexi\u00f3n y el compromiso socioambiental, socializando contenidos y experiencias vinculadas a la Ecolog\u00eda Integral.\" \/>\n<meta property=\"og:url\" content=\"https:\/\/www.repam.net\/es\/nucleos\/juventudes-y-amazonia\/\" \/>\n<meta property=\"og:site_name\" content=\"REPAM\" \/>\n<meta property=\"article:modified_time\" content=\"2025-08-27T00:06:42+00:00\" \/>\n<meta property=\"og:image\" content=\"https:\/\/www.repam.net\/es\/wp-content\/uploads\/2022\/08\/juventudes.jpeg\" \/>\n\t<meta property=\"og:image:width\" content=\"1280\" \/>\n\t<meta property=\"og:image:height\" content=\"853\" \/>\n\t<meta property=\"og:image:type\" content=\"image\/jpeg\" \/>\n<meta name=\"twitter:card\" content=\"summary_large_image\" \/>\n<meta name=\"twitter:label1\" content=\"Tiempo de lectura\" \/>\n\t<meta name=\"twitter:data1\" content=\"1 minuto\" \/>\n<script type=\"application\/ld+json\" class=\"yoast-schema-graph\">{\"@context\":\"https:\\\/\\\/schema.org\",\"@graph\":[{\"@type\":\"WebPage\",\"@id\":\"https:\\\/\\\/www.repam.net\\\/es\\\/nucleos\\\/juventudes-y-amazonia\\\/\",\"url\":\"https:\\\/\\\/www.repam.net\\\/es\\\/nucleos\\\/juventudes-y-amazonia\\\/\",\"name\":\"Juventudes y Amazon\u00eda - REPAM\",\"isPartOf\":{\"@id\":\"https:\\\/\\\/www.repam.net\\\/es\\\/#website\"},\"primaryImageOfPage\":{\"@id\":\"https:\\\/\\\/www.repam.net\\\/es\\\/nucleos\\\/juventudes-y-amazonia\\\/#primaryimage\"},\"image\":{\"@id\":\"https:\\\/\\\/www.repam.net\\\/es\\\/nucleos\\\/juventudes-y-amazonia\\\/#primaryimage\"},\"thumbnailUrl\":\"https:\\\/\\\/www.repam.net\\\/es\\\/wp-content\\\/uploads\\\/2022\\\/08\\\/juventudes.jpeg\",\"datePublished\":\"2021-12-08T13:54:28+00:00\",\"dateModified\":\"2025-08-27T00:06:42+00:00\",\"breadcrumb\":{\"@id\":\"https:\\\/\\\/www.repam.net\\\/es\\\/nucleos\\\/juventudes-y-amazonia\\\/#breadcrumb\"},\"inLanguage\":\"es-CO\",\"potentialAction\":[{\"@type\":\"ReadAction\",\"target\":[\"https:\\\/\\\/www.repam.net\\\/es\\\/nucleos\\\/juventudes-y-amazonia\\\/\"]}]},{\"@type\":\"ImageObject\",\"inLanguage\":\"es-CO\",\"@id\":\"https:\\\/\\\/www.repam.net\\\/es\\\/nucleos\\\/juventudes-y-amazonia\\\/#primaryimage\",\"url\":\"https:\\\/\\\/www.repam.net\\\/es\\\/wp-content\\\/uploads\\\/2022\\\/08\\\/juventudes.jpeg\",\"contentUrl\":\"https:\\\/\\\/www.repam.net\\\/es\\\/wp-content\\\/uploads\\\/2022\\\/08\\\/juventudes.jpeg\",\"width\":1280,\"height\":853},{\"@type\":\"BreadcrumbList\",\"@id\":\"https:\\\/\\\/www.repam.net\\\/es\\\/nucleos\\\/juventudes-y-amazonia\\\/#breadcrumb\",\"itemListElement\":[{\"@type\":\"ListItem\",\"position\":1,\"name\":\"Inicio\",\"item\":\"https:\\\/\\\/www.repam.net\\\/es\\\/\"},{\"@type\":\"ListItem\",\"position\":2,\"name\":\"N\u00facleos Tem\u00e1ticos\",\"item\":\"https:\\\/\\\/www.repam.net\\\/es\\\/nucleos\\\/\"},{\"@type\":\"ListItem\",\"position\":3,\"name\":\"Juventudes y Amazon\u00eda\"}]},{\"@type\":\"WebSite\",\"@id\":\"https:\\\/\\\/www.repam.net\\\/es\\\/#website\",\"url\":\"https:\\\/\\\/www.repam.net\\\/es\\\/\",\"name\":\"REPAM\",\"description\":\"Red Eclesial Panamaz\u00f3nica\",\"publisher\":{\"@id\":\"https:\\\/\\\/www.repam.net\\\/es\\\/#organization\"},\"potentialAction\":[{\"@type\":\"SearchAction\",\"target\":{\"@type\":\"EntryPoint\",\"urlTemplate\":\"https:\\\/\\\/www.repam.net\\\/es\\\/?s={search_term_string}\"},\"query-input\":{\"@type\":\"PropertyValueSpecification\",\"valueRequired\":true,\"valueName\":\"search_term_string\"}}],\"inLanguage\":\"es-CO\"},{\"@type\":\"Organization\",\"@id\":\"https:\\\/\\\/www.repam.net\\\/es\\\/#organization\",\"name\":\"REPAM\",\"url\":\"https:\\\/\\\/www.repam.net\\\/es\\\/\",\"logo\":{\"@type\":\"ImageObject\",\"inLanguage\":\"es-CO\",\"@id\":\"https:\\\/\\\/www.repam.net\\\/es\\\/#\\\/schema\\\/logo\\\/image\\\/\",\"url\":\"https:\\\/\\\/www.repam.net\\\/es\\\/wp-content\\\/uploads\\\/2021\\\/11\\\/cropped-favicon.png\",\"contentUrl\":\"https:\\\/\\\/www.repam.net\\\/es\\\/wp-content\\\/uploads\\\/2021\\\/11\\\/cropped-favicon.png\",\"width\":512,\"height\":512,\"caption\":\"REPAM\"},\"image\":{\"@id\":\"https:\\\/\\\/www.repam.net\\\/es\\\/#\\\/schema\\\/logo\\\/image\\\/\"}}]}<\/script>\n<!-- \/ Yoast SEO plugin. -->","yoast_head_json":{"title":"Juventudes y Amazon\u00eda - REPAM","robots":{"index":"index","follow":"follow","max-snippet":"max-snippet:-1","max-image-preview":"max-image-preview:large","max-video-preview":"max-video-preview:-1"},"canonical":"https:\/\/www.repam.net\/es\/nucleos\/juventudes-y-amazonia\/","og_locale":"es_ES","og_type":"article","og_title":"Juventudes y Amazon\u00eda - REPAM","og_description":"El N\u00facleo Juventudes y Amazon\u00eda de la REPAM tiene como objetivo articular en red las diferentes expresiones juveniles de la regi\u00f3n panamaz\u00f3nica (tanto en la Iglesia como de otros espacios) con el fin de posibilitar la reflexi\u00f3n y el compromiso socioambiental, socializando contenidos y experiencias vinculadas a la Ecolog\u00eda Integral.","og_url":"https:\/\/www.repam.net\/es\/nucleos\/juventudes-y-amazonia\/","og_site_name":"REPAM","article_modified_time":"2025-08-27T00:06:42+00:00","og_image":[{"width":1280,"height":853,"url":"https:\/\/www.repam.net\/es\/wp-content\/uploads\/2022\/08\/juventudes.jpeg","type":"image\/jpeg"}],"twitter_card":"summary_large_image","twitter_misc":{"Tiempo de lectura":"1 minuto"},"schema":{"@context":"https:\/\/schema.org","@graph":[{"@type":"WebPage","@id":"https:\/\/www.repam.net\/es\/nucleos\/juventudes-y-amazonia\/","url":"https:\/\/www.repam.net\/es\/nucleos\/juventudes-y-amazonia\/","name":"Juventudes y Amazon\u00eda - REPAM","isPartOf":{"@id":"https:\/\/www.repam.net\/es\/#website"},"primaryImageOfPage":{"@id":"https:\/\/www.repam.net\/es\/nucleos\/juventudes-y-amazonia\/#primaryimage"},"image":{"@id":"https:\/\/www.repam.net\/es\/nucleos\/juventudes-y-amazonia\/#primaryimage"},"thumbnailUrl":"https:\/\/www.repam.net\/es\/wp-content\/uploads\/2022\/08\/juventudes.jpeg","datePublished":"2021-12-08T13:54:28+00:00","dateModified":"2025-08-27T00:06:42+00:00","breadcrumb":{"@id":"https:\/\/www.repam.net\/es\/nucleos\/juventudes-y-amazonia\/#breadcrumb"},"inLanguage":"es-CO","potentialAction":[{"@type":"ReadAction","target":["https:\/\/www.repam.net\/es\/nucleos\/juventudes-y-amazonia\/"]}]},{"@type":"ImageObject","inLanguage":"es-CO","@id":"https:\/\/www.repam.net\/es\/nucleos\/juventudes-y-amazonia\/#primaryimage","url":"https:\/\/www.repam.net\/es\/wp-content\/uploads\/2022\/08\/juventudes.jpeg","contentUrl":"https:\/\/www.repam.net\/es\/wp-content\/uploads\/2022\/08\/juventudes.jpeg","width":1280,"height":853},{"@type":"BreadcrumbList","@id":"https:\/\/www.repam.net\/es\/nucleos\/juventudes-y-amazonia\/#breadcrumb","itemListElement":[{"@type":"ListItem","position":1,"name":"Inicio","item":"https:\/\/www.repam.net\/es\/"},{"@type":"ListItem","position":2,"name":"N\u00facleos Tem\u00e1ticos","item":"https:\/\/www.repam.net\/es\/nucleos\/"},{"@type":"ListItem","position":3,"name":"Juventudes y Amazon\u00eda"}]},{"@type":"WebSite","@id":"https:\/\/www.repam.net\/es\/#website","url":"https:\/\/www.repam.net\/es\/","name":"REPAM","description":"Red Eclesial Panamaz\u00f3nica","publisher":{"@id":"https:\/\/www.repam.net\/es\/#organization"},"potentialAction":[{"@type":"SearchAction","target":{"@type":"EntryPoint","urlTemplate":"https:\/\/www.repam.net\/es\/?s={search_term_string}"},"query-input":{"@type":"PropertyValueSpecification","valueRequired":true,"valueName":"search_term_string"}}],"inLanguage":"es-CO"},{"@type":"Organization","@id":"https:\/\/www.repam.net\/es\/#organization","name":"REPAM","url":"https:\/\/www.repam.net\/es\/","logo":{"@type":"ImageObject","inLanguage":"es-CO","@id":"https:\/\/www.repam.net\/es\/#\/schema\/logo\/image\/","url":"https:\/\/www.repam.net\/es\/wp-content\/uploads\/2021\/11\/cropped-favicon.png","contentUrl":"https:\/\/www.repam.net\/es\/wp-content\/uploads\/2021\/11\/cropped-favicon.png","width":512,"height":512,"caption":"REPAM"},"image":{"@id":"https:\/\/www.repam.net\/es\/#\/schema\/logo\/image\/"}}]}},"_links":{"self":[{"href":"https:\/\/www.repam.net\/es\/wp-json\/wp\/v2\/pages\/5653","targetHints":{"allow":["GET"]}}],"collection":[{"href":"https:\/\/www.repam.net\/es\/wp-json\/wp\/v2\/pages"}],"about":[{"href":"https:\/\/www.repam.net\/es\/wp-json\/wp\/v2\/types\/page"}],"author":[{"embeddable":true,"href":"https:\/\/www.repam.net\/es\/wp-json\/wp\/v2\/users\/1"}],"replies":[{"embeddable":true,"href":"https:\/\/www.repam.net\/es\/wp-json\/wp\/v2\/comments?post=5653"}],"version-history":[{"count":8,"href":"https:\/\/www.repam.net\/es\/wp-json\/wp\/v2\/pages\/5653\/revisions"}],"predecessor-version":[{"id":12286,"href":"https:\/\/www.repam.net\/es\/wp-json\/wp\/v2\/pages\/5653\/revisions\/12286"}],"up":[{"embeddable":true,"href":"https:\/\/www.repam.net\/es\/wp-json\/wp\/v2\/pages\/78"}],"wp:featuredmedia":[{"embeddable":true,"href":"https:\/\/www.repam.net\/es\/wp-json\/wp\/v2\/media\/8184"}],"wp:attachment":[{"href":"https:\/\/www.repam.net\/es\/wp-json\/wp\/v2\/media?parent=5653"}],"curies":[{"name":"wp","href":"https:\/\/api.w.org\/{rel}","templated":true}]}}