{"id":6541,"date":"2022-03-21T14:58:33","date_gmt":"2022-03-21T19:58:33","guid":{"rendered":"https:\/\/www.repam.net\/es\/?page_id=6541"},"modified":"2024-04-19T10:01:07","modified_gmt":"2024-04-19T15:01:07","slug":"semana-no-congresso","status":"publish","type":"page","link":"https:\/\/www.repam.net\/es\/publicaciones\/semana-no-congresso\/","title":{"rendered":"Semana no Congresso"},"content":{"rendered":"\n<p><\/p>\n\n\n\n<blockquote class=\"wp-block-quote is-layout-flow wp-block-quote-is-layout-flow\">\n<p>SEMANA NO CONGRESSO \u00e9 uma publica\u00e7\u00e3o peri\u00f3dica de Incid\u00eancia Pol\u00edtica elaborada pela REPAM-Brasil. O informe tem por finalidade socializar o cronograma de atividades relativas a Amaz\u00f4nia, pautadas pelo Congresso Nacional, para a semana corrente, e n\u00e3o tem por objetivo ser um subs\u00eddio de reflex\u00e3o.<\/p>\n<\/blockquote>\n\n\n\n<p class=\"has-text-align-right\"><strong><em>Mais informa\u00e7\u00f5es:<\/em><\/strong> <a href=\"mailto:comunica.amazonia@cnbb.org.br\" target=\"_blank\" rel=\"noreferrer noopener\">comunica.amazonia@cnbb.org.br<\/a><\/p>\n\n\n\n<figure class=\"wp-block-image size-large\"><img loading=\"lazy\" decoding=\"async\" width=\"1024\" height=\"240\" src=\"https:\/\/www.repam.net\/es\/wp-content\/uploads\/2022\/03\/Capa-peq-1024x240.jpeg\" alt=\"\" class=\"wp-image-6563\" srcset=\"https:\/\/www.repam.net\/es\/wp-content\/uploads\/2022\/03\/Capa-peq-1024x240.jpeg 1024w, https:\/\/www.repam.net\/es\/wp-content\/uploads\/2022\/03\/Capa-peq-300x70.jpeg 300w, https:\/\/www.repam.net\/es\/wp-content\/uploads\/2022\/03\/Capa-peq-768x180.jpeg 768w, https:\/\/www.repam.net\/es\/wp-content\/uploads\/2022\/03\/Capa-peq.jpeg 1280w\" sizes=\"auto, (max-width: 1024px) 100vw, 1024px\" \/><\/figure>\n\n\n\n<hr class=\"wp-block-separator has-css-opacity\"\/>\n\n\n\n<p><strong>Abril 2024<\/strong><\/p>\n\n\n\n<p><strong><a href=\"https:\/\/www.repam.net\/es\/wp-content\/uploads\/2024\/04\/Semana-de-15-a-19-04-1.pdf\">15 a 19 de abril<\/a><\/strong><\/p>\n\n\n\n<p><strong>Outubro 2023<\/strong><\/p>\n\n\n\n<p><a href=\"https:\/\/www.repam.net\/es\/wp-content\/uploads\/2023\/10\/Amazonia-no-Congresso-2023-n084.pdf\">9 a 13 de outubro<\/a><\/p>\n\n\n\n<p><a href=\"https:\/\/www.repam.net\/es\/wp-content\/uploads\/2023\/10\/Amazonia-no-Congresso-2023-n081-2.pdf\">18 a 12 de outubro<\/a><\/p>\n\n\n\n<p><strong>Agosto 2023<\/strong><\/p>\n\n\n\n<p><a href=\"https:\/\/www.repam.net\/es\/wp-content\/uploads\/2023\/08\/Amazonia-no-Congresso-2023-n078.pdf\">28 de agosto a 9 de setembro<\/a><\/p>\n\n\n\n<p><a href=\"https:\/\/www.repam.net\/es\/wp-content\/uploads\/2023\/08\/Amazonia-no-Congresso-2023-n076.pdf\">14 a 18 de agosto<\/a><\/p>\n\n\n\n<p><strong>Julho 2023<\/strong><\/p>\n\n\n\n<p><a href=\"https:\/\/www.repam.net\/es\/wp-content\/uploads\/2023\/07\/Amazonia-no-Congresso-2023-n073.pdf\" target=\"_blank\" rel=\"noreferrer noopener\">24 a 28 de julho<\/a><\/p>\n\n\n\n<p><a href=\"https:\/\/www.repam.net\/es\/wp-content\/uploads\/2023\/07\/Amazo\u0302nia-no-Congresso-2023-n071.pdf\">10 a 14 de julho<\/a><\/p>\n\n\n\n<p><strong>Junho 2023<\/strong><\/p>\n\n\n\n<p><a href=\"https:\/\/www.repam.net\/es\/wp-content\/uploads\/2023\/06\/Amazonia-no-Congresso-2023-n066.pdf\" target=\"_blank\" rel=\"noreferrer noopener\">05 a 09 de junho<\/a><\/p>\n\n\n\n<p><strong>Maio 2023<\/strong><\/p>\n\n\n\n<p><a href=\"https:\/\/www.repam.net\/es\/wp-content\/uploads\/2023\/06\/Amazo\u0302nia-no-Congresso-2023-n065.pdf\">29 de maio a 02 de junho<\/a><\/p>\n\n\n\n<p><a href=\"https:\/\/www.repam.net\/es\/wp-content\/uploads\/2023\/05\/Amazonia-no-Congresso-2023-n063-1.pdf\">15 a 19 de maio<\/a><\/p>\n\n\n\n<p><strong>Abril 2023<\/strong><\/p>\n\n\n\n<p><a href=\"https:\/\/www.repam.net\/es\/wp-content\/uploads\/2023\/04\/Amazonia-no-Congresso-2023-n057.pdf\">03 a 07 de abril<\/a><\/p>\n\n\n\n<p><strong>Mar\u00e7o 2023<\/strong><\/p>\n\n\n\n<p><strong><a href=\"https:\/\/www.repam.net\/es\/wp-content\/uploads\/2023\/03\/Amazonia-no-Congresso-2023-n056.pdf\">27 a 31 de mar\u00e7o<\/a><\/strong><\/p>\n\n\n\n<p><strong>Fevereiro 2023<\/strong><\/p>\n\n\n\n<p><a href=\"https:\/\/www.repam.net\/es\/wp-content\/uploads\/2023\/02\/Amazonia-no-Congresso-2022-n050.pdf\">06 a 10 de fevereiro<\/a><\/p>\n\n\n\n<p><strong>novembro 2022<\/strong><\/p>\n\n\n\n<p><a href=\"https:\/\/www.repam.net\/es\/wp-content\/uploads\/2022\/12\/Amazo\u0302nia-no-Congresso-2022-n045.pdf\">28 de novembro a 02 de dezembro<\/a><\/p>\n\n\n\n<h5 class=\"wp-block-heading\">OUTUBRO 2022<\/h5>\n\n\n\n<p><strong><a href=\"https:\/\/www.repam.net\/es\/wp-content\/uploads\/2022\/10\/SC39.pdf\">03 a 07 de outubro<\/a><\/strong><\/p>\n\n\n\n<h5 class=\"wp-block-heading\"><strong>AGOSTO 2022<\/strong><\/h5>\n\n\n\n<p><strong><a href=\"https:\/\/www.repam.net\/es\/wp-content\/uploads\/2022\/08\/SC38.pdf\">08 a 12 de agosto<\/a><\/strong><\/p>\n\n\n\n<p><strong><a href=\"https:\/\/www.repam.net\/es\/wp-content\/uploads\/2022\/08\/SC37.pdf\">01 A 05 de agosto<\/a><\/strong><\/p>\n\n\n\n<h5 class=\"wp-block-heading\"><strong>JULIO 2022<\/strong><\/h5>\n\n\n\n<p><strong><a href=\"https:\/\/www.repam.net\/es\/wp-content\/uploads\/2022\/07\/SC36.pdf\">11 a 15 de julio<\/a><\/strong><\/p>\n\n\n\n<p><strong><a href=\"https:\/\/www.repam.net\/es\/wp-content\/uploads\/2022\/07\/SC35.pdf\">04 a 08 de julio<\/a><\/strong><\/p>\n\n\n\n<h5 class=\"wp-block-heading\"><strong>JUNIO 2022<\/strong><\/h5>\n\n\n\n<p><a href=\"https:\/\/www.repam.net\/es\/wp-content\/uploads\/2022\/06\/SC34.pdf\"><strong>27 a 01 de julio<\/strong><\/a><\/p>\n\n\n\n<p><strong><a href=\"https:\/\/www.repam.net\/es\/wp-content\/uploads\/2022\/06\/SC33.pdf\">20 a 24 de junio<\/a><\/strong><\/p>\n\n\n\n<p><a href=\"https:\/\/www.repam.net\/es\/wp-content\/uploads\/2022\/06\/SC32.pdf\"><strong>13 a 17 de junio<\/strong><\/a><\/p>\n\n\n\n<p><a href=\"https:\/\/www.repam.net\/es\/wp-content\/uploads\/2022\/06\/SC31-1.pdf\"><strong>6 a 10 de junio<\/strong><\/a><\/p>\n\n\n\n<h5 class=\"wp-block-heading\"><strong>MAYO 2022<\/strong><\/h5>\n\n\n\n<p><strong><a href=\"https:\/\/www.repam.net\/es\/wp-content\/uploads\/2022\/05\/SC30.pdf\">30 de maio a 03 de junho<\/a><\/strong><\/p>\n\n\n\n<p><strong><a href=\"https:\/\/www.repam.net\/es\/wp-content\/uploads\/2022\/05\/SC29.pdf\" target=\"_blank\" rel=\"noreferrer noopener\">23 a 27 de mayo<\/a><\/strong><\/p>\n\n\n\n<p><a href=\"https:\/\/www.repam.net\/es\/wp-content\/uploads\/2022\/05\/SC28.pdf\"><strong>16 a 20 de mayo<\/strong><\/a><\/p>\n\n\n\n<p><a href=\"https:\/\/www.repam.net\/es\/wp-content\/uploads\/2022\/05\/SC27.pdf\"><strong>09 a 13 de mayo<\/strong><\/a><\/p>\n\n\n\n<p><a href=\"https:\/\/www.repam.net\/es\/wp-content\/uploads\/2022\/05\/SC26.pdf\" target=\"_blank\" rel=\"noreferrer noopener\"><strong>02 a 06 de mayo<\/strong><\/a><\/p>\n\n\n\n<h5 class=\"wp-block-heading\"><strong>ABRIL 2022<\/strong><\/h5>\n\n\n\n<p><a href=\"https:\/\/www.repam.net\/es\/wp-content\/uploads\/2022\/05\/SC25.pdf\" target=\"_blank\" rel=\"noreferrer noopener\"><strong>25 a 29 de abril<\/strong><\/a><\/p>\n\n\n\n<p><a href=\"https:\/\/www.repam.net\/es\/wp-content\/uploads\/2022\/05\/SC24.pdf\" target=\"_blank\" rel=\"noreferrer noopener\"><strong>18 a 22 de abril<\/strong><\/a><\/p>\n\n\n\n<p><a href=\"https:\/\/www.repam.net\/es\/wp-content\/uploads\/2022\/04\/SC23.pdf\" target=\"_blank\" rel=\"noreferrer noopener\"><strong>11 a 13 de abril<\/strong><\/a><\/p>\n\n\n\n<p><a href=\"https:\/\/www.repam.net\/es\/wp-content\/uploads\/2022\/04\/SC22.pdf\" target=\"_blank\" rel=\"noreferrer noopener\"><strong>04 a 08 de abril<\/strong><\/a><\/p>\n\n\n\n<h5 class=\"wp-block-heading\"><strong>MAR\u00c7O 2022<\/strong><\/h5>\n\n\n\n<p><a href=\"https:\/\/www.repam.net\/es\/wp-content\/uploads\/2022\/04\/SC21.pdf\" target=\"_blank\" rel=\"noreferrer noopener\"><strong>28 de marzo a 01 de abril<\/strong><\/a><\/p>\n\n\n\n<p><strong><a href=\"https:\/\/www.repam.net\/es\/wp-content\/uploads\/2022\/03\/SC20.pdf\" target=\"_blank\" rel=\"noreferrer noopener\">21 a 25 de mar\u00e7o<\/a><\/strong><\/p>\n\n\n\n<p><strong><a href=\"https:\/\/www.repam.net\/es\/wp-content\/uploads\/2022\/03\/SC19.pdf\" target=\"_blank\" rel=\"noreferrer noopener\">14 a 18 de mar\u00e7o<\/a><\/strong><\/p>\n\n\n\n<p><strong><a href=\"https:\/\/www.repam.net\/es\/wp-content\/uploads\/2022\/03\/SC18.pdf\" target=\"_blank\" rel=\"noreferrer noopener\">07 a 11 de mar\u00e7o<\/a><\/strong><\/p>\n\n\n\n<hr class=\"wp-block-separator has-css-opacity\"\/>\n\n\n\n<h5 class=\"wp-block-heading\"><strong>FEVEREIRO 2022<\/strong><\/h5>\n\n\n\n<p><strong><a href=\"https:\/\/www.repam.net\/es\/wp-content\/uploads\/2022\/03\/SC17.pdf\" target=\"_blank\" rel=\"noreferrer noopener\">28 de fevereiro a 04 de mar\u00e7o<\/a><\/strong><\/p>\n\n\n\n<p><strong><a href=\"https:\/\/www.repam.net\/es\/wp-content\/uploads\/2022\/03\/SC16.pdf\" target=\"_blank\" rel=\"noreferrer noopener\">21 a 25 de fevereiro<\/a><\/strong><\/p>\n\n\n\n<p><a href=\"https:\/\/www.repam.net\/es\/wp-content\/uploads\/2022\/03\/SC15.pdf\" target=\"_blank\" rel=\"noreferrer noopener\"><strong>14 a 18 de fevereiro<\/strong><\/a><\/p>\n\n\n\n<p><strong><a href=\"https:\/\/www.repam.net\/es\/wp-content\/uploads\/2022\/03\/SC14.pdf\" target=\"_blank\" rel=\"noreferrer noopener\">07 a 11 de fevereiro<\/a><\/strong><\/p>\n\n\n\n<p><strong><a href=\"https:\/\/www.repam.net\/es\/wp-content\/uploads\/2022\/03\/SC13.pdf\" target=\"_blank\" rel=\"noreferrer noopener\">01 a 04 de fevereiro<\/a><\/strong><\/p>\n\n\n\n<hr class=\"wp-block-separator has-css-opacity\"\/>\n\n\n\n<h5 class=\"wp-block-heading\"><strong>DEZEMBRO 2021<\/strong><\/h5>\n\n\n\n<p><strong><a href=\"https:\/\/www.repam.net\/es\/wp-content\/uploads\/2022\/03\/SC12.pdf\" target=\"_blank\" rel=\"noreferrer noopener\">21 de dezembro<\/a><\/strong><\/p>\n\n\n\n<p><strong><a href=\"https:\/\/www.repam.net\/es\/wp-content\/uploads\/2022\/03\/SC11.pdf\" target=\"_blank\" rel=\"noreferrer noopener\">13 a 17 de dezembro<\/a><\/strong><\/p>\n\n\n\n<p><strong><a href=\"https:\/\/www.repam.net\/es\/wp-content\/uploads\/2022\/03\/SC10.pdf\" target=\"_blank\" rel=\"noreferrer noopener\">06 a 10 de dezembro<\/a><\/strong><\/p>\n\n\n\n<hr class=\"wp-block-separator has-css-opacity\"\/>\n\n\n\n<h5 class=\"wp-block-heading\"><strong>NOVEMBRO 2021<\/strong><\/h5>\n\n\n\n<p><a href=\"https:\/\/www.repam.net\/es\/wp-content\/uploads\/2022\/03\/SC9.pdf\" target=\"_blank\" rel=\"noreferrer noopener\"><strong>29 de novembro a 03 de dezembro<\/strong><\/a><\/p>\n\n\n\n<p><strong><a href=\"https:\/\/www.repam.net\/es\/wp-content\/uploads\/2022\/03\/SC8.pdf\" target=\"_blank\" rel=\"noreferrer noopener\">22 a 26 de novembro<\/a><\/strong><\/p>\n\n\n\n<p><strong><a href=\"https:\/\/www.repam.net\/es\/wp-content\/uploads\/2022\/03\/SC7.pdf\">16 a 19 de novembro<\/a><\/strong><\/p>\n\n\n\n<p><strong><a href=\"https:\/\/www.repam.net\/es\/wp-content\/uploads\/2022\/03\/SC6.pdf\" target=\"_blank\" rel=\"noreferrer noopener\">08 a 12 de novembro<\/a><\/strong><\/p>\n\n\n\n<p><strong><a href=\"https:\/\/www.repam.net\/es\/wp-content\/uploads\/2022\/03\/SC5.pdf\" target=\"_blank\" rel=\"noreferrer noopener\">03 a 05 de novembro<\/a><\/strong><\/p>\n\n\n\n<hr class=\"wp-block-separator has-css-opacity\"\/>\n\n\n\n<h5 class=\"wp-block-heading\"><strong>OUTUBRO 2021<\/strong><\/h5>\n\n\n\n<p><strong><a href=\"https:\/\/www.repam.net\/es\/wp-content\/uploads\/2022\/03\/SC4.pdf\" target=\"_blank\" rel=\"noreferrer noopener\">25 a 29 de outubro<\/a><\/strong><\/p>\n\n\n\n<p><strong><a href=\"https:\/\/www.repam.net\/es\/wp-content\/uploads\/2022\/03\/SC3.pdf\" target=\"_blank\" rel=\"noreferrer noopener\">18 a 22 de outubro<\/a><\/strong><\/p>\n\n\n\n<p><strong><a href=\"https:\/\/www.repam.net\/es\/wp-content\/uploads\/2022\/03\/SC2.pdf\" target=\"_blank\" rel=\"noreferrer noopener\">13 a 15 de outubro<\/a><\/strong><\/p>\n\n\n\n<p><strong><a href=\"https:\/\/www.repam.net\/es\/wp-content\/uploads\/2022\/03\/SC1.pdf\" target=\"_blank\" rel=\"noreferrer noopener\">04 a 08 de outubro<\/a><\/strong><\/p>\n\n\n\n<p class=\"has-text-align-right\"><em><strong>Mais informa\u00e7\u00f5es: <a href=\"mailto:comunica.amazonia@cnbb.org.br\" target=\"_blank\" rel=\"noreferrer noopener\">comunica.amazonia@cnbb.org.br<\/a><\/strong><\/em><\/p>\n","protected":false},"excerpt":{"rendered":"<p>SEMANA NO CONGRESSO \u00e9 uma publica\u00e7\u00e3o peri\u00f3dica de Incid\u00eancia Pol\u00edtica elaborada pela REPAM-Brasil. O informe tem por finalidade socializar o cronograma de atividades relativas a Amaz\u00f4nia, pautadas pelo Congresso Nacional, para a semana corrente, e n\u00e3o tem por objetivo ser um subs\u00eddio de reflex\u00e3o. Mais informa\u00e7\u00f5es: comunica.amazonia@cnbb.org.br Abril 2024 15 a 19 de abril Outubro [&hellip;]<\/p>\n","protected":false},"author":1,"featured_media":6563,"parent":341,"menu_order":8,"comment_status":"closed","ping_status":"closed","template":"","meta":{"_acf_changed":false,"_uf_show_specific_survey":0,"_uf_disable_surveys":false,"footnotes":""},"class_list":["post-6541","page","type-page","status-publish","has-post-thumbnail","hentry"],"acf":[],"aioseo_notices":[],"yoast_head":"<!-- This site is optimized with the Yoast SEO plugin v27.3 - https:\/\/yoast.com\/product\/yoast-seo-wordpress\/ -->\n<title>Semana no Congresso - REPAM<\/title>\n<meta name=\"robots\" content=\"index, follow, max-snippet:-1, max-image-preview:large, max-video-preview:-1\" \/>\n<link rel=\"canonical\" href=\"https:\/\/www.repam.net\/es\/publicaciones\/semana-no-congresso\/\" \/>\n<meta property=\"og:locale\" content=\"es_ES\" \/>\n<meta property=\"og:type\" content=\"article\" \/>\n<meta property=\"og:title\" content=\"Semana no Congresso - REPAM\" \/>\n<meta property=\"og:description\" content=\"SEMANA NO CONGRESSO \u00e9 uma publica\u00e7\u00e3o peri\u00f3dica de Incid\u00eancia Pol\u00edtica elaborada pela REPAM-Brasil. O informe tem por finalidade socializar o cronograma de atividades relativas a Amaz\u00f4nia, pautadas pelo Congresso Nacional, para a semana corrente, e n\u00e3o tem por objetivo ser um subs\u00eddio de reflex\u00e3o. Mais informa\u00e7\u00f5es: comunica.amazonia@cnbb.org.br Abril 2024 15 a 19 de abril Outubro [&hellip;]\" \/>\n<meta property=\"og:url\" content=\"https:\/\/www.repam.net\/es\/publicaciones\/semana-no-congresso\/\" \/>\n<meta property=\"og:site_name\" content=\"REPAM\" \/>\n<meta property=\"article:modified_time\" content=\"2024-04-19T15:01:07+00:00\" \/>\n<meta property=\"og:image\" content=\"https:\/\/www.repam.net\/es\/wp-content\/uploads\/2022\/03\/Capa-peq.jpeg\" \/>\n\t<meta property=\"og:image:width\" content=\"1280\" \/>\n\t<meta property=\"og:image:height\" content=\"300\" \/>\n\t<meta property=\"og:image:type\" content=\"image\/jpeg\" \/>\n<meta name=\"twitter:card\" content=\"summary_large_image\" \/>\n<meta name=\"twitter:label1\" content=\"Tiempo de lectura\" \/>\n\t<meta name=\"twitter:data1\" content=\"2 minutos\" \/>\n<script type=\"application\/ld+json\" class=\"yoast-schema-graph\">{\"@context\":\"https:\\\/\\\/schema.org\",\"@graph\":[{\"@type\":\"WebPage\",\"@id\":\"https:\\\/\\\/www.repam.net\\\/es\\\/publicaciones\\\/semana-no-congresso\\\/\",\"url\":\"https:\\\/\\\/www.repam.net\\\/es\\\/publicaciones\\\/semana-no-congresso\\\/\",\"name\":\"Semana no Congresso - REPAM\",\"isPartOf\":{\"@id\":\"https:\\\/\\\/www.repam.net\\\/es\\\/#website\"},\"primaryImageOfPage\":{\"@id\":\"https:\\\/\\\/www.repam.net\\\/es\\\/publicaciones\\\/semana-no-congresso\\\/#primaryimage\"},\"image\":{\"@id\":\"https:\\\/\\\/www.repam.net\\\/es\\\/publicaciones\\\/semana-no-congresso\\\/#primaryimage\"},\"thumbnailUrl\":\"https:\\\/\\\/www.repam.net\\\/es\\\/wp-content\\\/uploads\\\/2022\\\/03\\\/Capa-peq.jpeg\",\"datePublished\":\"2022-03-21T19:58:33+00:00\",\"dateModified\":\"2024-04-19T15:01:07+00:00\",\"breadcrumb\":{\"@id\":\"https:\\\/\\\/www.repam.net\\\/es\\\/publicaciones\\\/semana-no-congresso\\\/#breadcrumb\"},\"inLanguage\":\"es-CO\",\"potentialAction\":[{\"@type\":\"ReadAction\",\"target\":[\"https:\\\/\\\/www.repam.net\\\/es\\\/publicaciones\\\/semana-no-congresso\\\/\"]}]},{\"@type\":\"ImageObject\",\"inLanguage\":\"es-CO\",\"@id\":\"https:\\\/\\\/www.repam.net\\\/es\\\/publicaciones\\\/semana-no-congresso\\\/#primaryimage\",\"url\":\"https:\\\/\\\/www.repam.net\\\/es\\\/wp-content\\\/uploads\\\/2022\\\/03\\\/Capa-peq.jpeg\",\"contentUrl\":\"https:\\\/\\\/www.repam.net\\\/es\\\/wp-content\\\/uploads\\\/2022\\\/03\\\/Capa-peq.jpeg\",\"width\":1280,\"height\":300},{\"@type\":\"BreadcrumbList\",\"@id\":\"https:\\\/\\\/www.repam.net\\\/es\\\/publicaciones\\\/semana-no-congresso\\\/#breadcrumb\",\"itemListElement\":[{\"@type\":\"ListItem\",\"position\":1,\"name\":\"Inicio\",\"item\":\"https:\\\/\\\/www.repam.net\\\/es\\\/\"},{\"@type\":\"ListItem\",\"position\":2,\"name\":\"Publicaciones\",\"item\":\"https:\\\/\\\/www.repam.net\\\/es\\\/publicaciones\\\/\"},{\"@type\":\"ListItem\",\"position\":3,\"name\":\"Semana no Congresso\"}]},{\"@type\":\"WebSite\",\"@id\":\"https:\\\/\\\/www.repam.net\\\/es\\\/#website\",\"url\":\"https:\\\/\\\/www.repam.net\\\/es\\\/\",\"name\":\"REPAM\",\"description\":\"Red Eclesial Panamaz\u00f3nica\",\"publisher\":{\"@id\":\"https:\\\/\\\/www.repam.net\\\/es\\\/#organization\"},\"potentialAction\":[{\"@type\":\"SearchAction\",\"target\":{\"@type\":\"EntryPoint\",\"urlTemplate\":\"https:\\\/\\\/www.repam.net\\\/es\\\/?s={search_term_string}\"},\"query-input\":{\"@type\":\"PropertyValueSpecification\",\"valueRequired\":true,\"valueName\":\"search_term_string\"}}],\"inLanguage\":\"es-CO\"},{\"@type\":\"Organization\",\"@id\":\"https:\\\/\\\/www.repam.net\\\/es\\\/#organization\",\"name\":\"REPAM\",\"url\":\"https:\\\/\\\/www.repam.net\\\/es\\\/\",\"logo\":{\"@type\":\"ImageObject\",\"inLanguage\":\"es-CO\",\"@id\":\"https:\\\/\\\/www.repam.net\\\/es\\\/#\\\/schema\\\/logo\\\/image\\\/\",\"url\":\"https:\\\/\\\/www.repam.net\\\/es\\\/wp-content\\\/uploads\\\/2021\\\/11\\\/cropped-favicon.png\",\"contentUrl\":\"https:\\\/\\\/www.repam.net\\\/es\\\/wp-content\\\/uploads\\\/2021\\\/11\\\/cropped-favicon.png\",\"width\":512,\"height\":512,\"caption\":\"REPAM\"},\"image\":{\"@id\":\"https:\\\/\\\/www.repam.net\\\/es\\\/#\\\/schema\\\/logo\\\/image\\\/\"}}]}<\/script>\n<!-- \/ Yoast SEO plugin. -->","yoast_head_json":{"title":"Semana no Congresso - REPAM","robots":{"index":"index","follow":"follow","max-snippet":"max-snippet:-1","max-image-preview":"max-image-preview:large","max-video-preview":"max-video-preview:-1"},"canonical":"https:\/\/www.repam.net\/es\/publicaciones\/semana-no-congresso\/","og_locale":"es_ES","og_type":"article","og_title":"Semana no Congresso - REPAM","og_description":"SEMANA NO CONGRESSO \u00e9 uma publica\u00e7\u00e3o peri\u00f3dica de Incid\u00eancia Pol\u00edtica elaborada pela REPAM-Brasil. O informe tem por finalidade socializar o cronograma de atividades relativas a Amaz\u00f4nia, pautadas pelo Congresso Nacional, para a semana corrente, e n\u00e3o tem por objetivo ser um subs\u00eddio de reflex\u00e3o. Mais informa\u00e7\u00f5es: comunica.amazonia@cnbb.org.br Abril 2024 15 a 19 de abril Outubro [&hellip;]","og_url":"https:\/\/www.repam.net\/es\/publicaciones\/semana-no-congresso\/","og_site_name":"REPAM","article_modified_time":"2024-04-19T15:01:07+00:00","og_image":[{"width":1280,"height":300,"url":"https:\/\/www.repam.net\/es\/wp-content\/uploads\/2022\/03\/Capa-peq.jpeg","type":"image\/jpeg"}],"twitter_card":"summary_large_image","twitter_misc":{"Tiempo de lectura":"2 minutos"},"schema":{"@context":"https:\/\/schema.org","@graph":[{"@type":"WebPage","@id":"https:\/\/www.repam.net\/es\/publicaciones\/semana-no-congresso\/","url":"https:\/\/www.repam.net\/es\/publicaciones\/semana-no-congresso\/","name":"Semana no Congresso - REPAM","isPartOf":{"@id":"https:\/\/www.repam.net\/es\/#website"},"primaryImageOfPage":{"@id":"https:\/\/www.repam.net\/es\/publicaciones\/semana-no-congresso\/#primaryimage"},"image":{"@id":"https:\/\/www.repam.net\/es\/publicaciones\/semana-no-congresso\/#primaryimage"},"thumbnailUrl":"https:\/\/www.repam.net\/es\/wp-content\/uploads\/2022\/03\/Capa-peq.jpeg","datePublished":"2022-03-21T19:58:33+00:00","dateModified":"2024-04-19T15:01:07+00:00","breadcrumb":{"@id":"https:\/\/www.repam.net\/es\/publicaciones\/semana-no-congresso\/#breadcrumb"},"inLanguage":"es-CO","potentialAction":[{"@type":"ReadAction","target":["https:\/\/www.repam.net\/es\/publicaciones\/semana-no-congresso\/"]}]},{"@type":"ImageObject","inLanguage":"es-CO","@id":"https:\/\/www.repam.net\/es\/publicaciones\/semana-no-congresso\/#primaryimage","url":"https:\/\/www.repam.net\/es\/wp-content\/uploads\/2022\/03\/Capa-peq.jpeg","contentUrl":"https:\/\/www.repam.net\/es\/wp-content\/uploads\/2022\/03\/Capa-peq.jpeg","width":1280,"height":300},{"@type":"BreadcrumbList","@id":"https:\/\/www.repam.net\/es\/publicaciones\/semana-no-congresso\/#breadcrumb","itemListElement":[{"@type":"ListItem","position":1,"name":"Inicio","item":"https:\/\/www.repam.net\/es\/"},{"@type":"ListItem","position":2,"name":"Publicaciones","item":"https:\/\/www.repam.net\/es\/publicaciones\/"},{"@type":"ListItem","position":3,"name":"Semana no Congresso"}]},{"@type":"WebSite","@id":"https:\/\/www.repam.net\/es\/#website","url":"https:\/\/www.repam.net\/es\/","name":"REPAM","description":"Red Eclesial Panamaz\u00f3nica","publisher":{"@id":"https:\/\/www.repam.net\/es\/#organization"},"potentialAction":[{"@type":"SearchAction","target":{"@type":"EntryPoint","urlTemplate":"https:\/\/www.repam.net\/es\/?s={search_term_string}"},"query-input":{"@type":"PropertyValueSpecification","valueRequired":true,"valueName":"search_term_string"}}],"inLanguage":"es-CO"},{"@type":"Organization","@id":"https:\/\/www.repam.net\/es\/#organization","name":"REPAM","url":"https:\/\/www.repam.net\/es\/","logo":{"@type":"ImageObject","inLanguage":"es-CO","@id":"https:\/\/www.repam.net\/es\/#\/schema\/logo\/image\/","url":"https:\/\/www.repam.net\/es\/wp-content\/uploads\/2021\/11\/cropped-favicon.png","contentUrl":"https:\/\/www.repam.net\/es\/wp-content\/uploads\/2021\/11\/cropped-favicon.png","width":512,"height":512,"caption":"REPAM"},"image":{"@id":"https:\/\/www.repam.net\/es\/#\/schema\/logo\/image\/"}}]}},"_links":{"self":[{"href":"https:\/\/www.repam.net\/es\/wp-json\/wp\/v2\/pages\/6541","targetHints":{"allow":["GET"]}}],"collection":[{"href":"https:\/\/www.repam.net\/es\/wp-json\/wp\/v2\/pages"}],"about":[{"href":"https:\/\/www.repam.net\/es\/wp-json\/wp\/v2\/types\/page"}],"author":[{"embeddable":true,"href":"https:\/\/www.repam.net\/es\/wp-json\/wp\/v2\/users\/1"}],"replies":[{"embeddable":true,"href":"https:\/\/www.repam.net\/es\/wp-json\/wp\/v2\/comments?post=6541"}],"version-history":[{"count":34,"href":"https:\/\/www.repam.net\/es\/wp-json\/wp\/v2\/pages\/6541\/revisions"}],"predecessor-version":[{"id":11220,"href":"https:\/\/www.repam.net\/es\/wp-json\/wp\/v2\/pages\/6541\/revisions\/11220"}],"up":[{"embeddable":true,"href":"https:\/\/www.repam.net\/es\/wp-json\/wp\/v2\/pages\/341"}],"wp:featuredmedia":[{"embeddable":true,"href":"https:\/\/www.repam.net\/es\/wp-json\/wp\/v2\/media\/6563"}],"wp:attachment":[{"href":"https:\/\/www.repam.net\/es\/wp-json\/wp\/v2\/media?parent=6541"}],"curies":[{"name":"wp","href":"https:\/\/api.w.org\/{rel}","templated":true}]}}