{"id":679,"date":"2021-09-13T12:41:43","date_gmt":"2021-09-13T17:41:43","guid":{"rendered":"http:\/\/repam.net\/?page_id=679"},"modified":"2021-10-07T14:52:00","modified_gmt":"2021-10-07T19:52:00","slug":"atlas-pan-amazonico","status":"publish","type":"page","link":"https:\/\/www.repam.net\/es\/publicaciones\/atlas-pan-amazonico\/","title":{"rendered":"Atlas Pan Amaz\u00f3nico"},"content":{"rendered":"\n<p class=\"has-text-align-center\">Uno de los desaf\u00edos m\u00e1s grandes que ha tenido la REPAM es la de realizar un proceso de mapeo de toda la regi\u00f3n amaz\u00f3nica. Esto implic\u00f3 acercarnos a las diversas realidades de esa gran extensi\u00f3n territorial latinoamericana, comprenderlas y darles respuestas.<\/p>\n\n\n\n<p class=\"has-text-align-center\">Todo ese proceso dio como resultado el Atlas Panamaz\u00f3nico que encontrar\u00e1n a continuaci\u00f3n, y que esperamos nos d\u00e9 varios frutos.<\/p>\n\n\n\n<p class=\"has-text-align-center\"><strong>Deseamos que esto favorezca el an\u00e1lisis, la reflexi\u00f3n y el di\u00e1logo sobre la realidad socioecon\u00f3mica, pol\u00edtica y cultural-religiosa de esta regi\u00f3n<\/strong>, que estimule una visi\u00f3n Pan Amaz\u00f3nica, superando la fragmentaci\u00f3n y fortaleciendo el protagonismo de los pueblos que all\u00ed habitan.<\/p>\n\n\n\n<div style=\"height:56px\" aria-hidden=\"true\" class=\"wp-block-spacer\"><\/div>\n\n\n\n<div class=\"wp-block-image\"><figure class=\"aligncenter size-large\"><a href=\"https:\/\/www.repam.net\/es\/wp-content\/uploads\/2021\/09\/Atlas-Panamazonico-Version-Comprimida.pdf\" target=\"_blank\" rel=\"noopener\"><img loading=\"lazy\" decoding=\"async\" width=\"1024\" height=\"727\" src=\"https:\/\/www.repam.net\/es\/wp-content\/uploads\/2021\/09\/atlas-1024x727.jpg\" alt=\"\" class=\"wp-image-680\" srcset=\"https:\/\/www.repam.net\/es\/wp-content\/uploads\/2021\/09\/atlas-1024x727.jpg 1024w, https:\/\/www.repam.net\/es\/wp-content\/uploads\/2021\/09\/atlas-300x213.jpg 300w, https:\/\/www.repam.net\/es\/wp-content\/uploads\/2021\/09\/atlas-768x545.jpg 768w, https:\/\/www.repam.net\/es\/wp-content\/uploads\/2021\/09\/atlas.jpg 1202w\" sizes=\"auto, (max-width: 1024px) 100vw, 1024px\" \/><\/a><\/figure><\/div>\n\n\n\n<p class=\"has-text-align-center\"><a rel=\"noreferrer noopener\" href=\"https:\/\/www.repam.net\/es\/wp-content\/uploads\/2021\/09\/Atlas-Panamazonico-Version-Comprimida.pdf\" target=\"_blank\">\u00a1Desc\u00e1rgalo aqu\u00ed!<\/a><\/p>\n\n\n\n<div style=\"height:71px\" aria-hidden=\"true\" class=\"wp-block-spacer\"><\/div>\n\n\n\n<p>Conozca los datos completos del Mapeo en el Sistema de Informaci\u00f3n de Realidad Eclesial Panamaz\u00f3nica (SIREPAM), una plataforma que garantiza el acceso a toda la informaci\u00f3n recopilada en el proceso de Mapeo realizado por REPAM para las jurisdicciones eclesi\u00e1sticas en la Panamazon\u00eda.<\/p>\n\n\n\n<div class=\"wp-block-image\"><figure class=\"aligncenter size-large\"><a href=\"https:\/\/sirepam.redamazonica.org\/portal\/home\" target=\"_blank\" rel=\"noopener\"><img loading=\"lazy\" decoding=\"async\" width=\"1024\" height=\"576\" src=\"https:\/\/www.repam.net\/es\/wp-content\/uploads\/2021\/10\/Anexo_3_-_SIREPAM_logo-1024x576.jpeg\" alt=\"\" class=\"wp-image-5235\" srcset=\"https:\/\/www.repam.net\/es\/wp-content\/uploads\/2021\/10\/Anexo_3_-_SIREPAM_logo-1024x576.jpeg 1024w, https:\/\/www.repam.net\/es\/wp-content\/uploads\/2021\/10\/Anexo_3_-_SIREPAM_logo-300x169.jpeg 300w, https:\/\/www.repam.net\/es\/wp-content\/uploads\/2021\/10\/Anexo_3_-_SIREPAM_logo-768x432.jpeg 768w, https:\/\/www.repam.net\/es\/wp-content\/uploads\/2021\/10\/Anexo_3_-_SIREPAM_logo.jpeg 1280w\" sizes=\"auto, (max-width: 1024px) 100vw, 1024px\" \/><\/a><\/figure><\/div>\n\n\n\n<p><\/p>\n","protected":false},"excerpt":{"rendered":"<p>Uno de los desaf\u00edos m\u00e1s grandes que ha tenido la REPAM es la de realizar un proceso de mapeo de toda la regi\u00f3n amaz\u00f3nica. Esto implic\u00f3 acercarnos a las diversas realidades de esa gran extensi\u00f3n territorial latinoamericana, comprenderlas y darles respuestas. Todo ese proceso dio como resultado el Atlas Panamaz\u00f3nico que encontrar\u00e1n a continuaci\u00f3n, y [&hellip;]<\/p>\n","protected":false},"author":1,"featured_media":0,"parent":341,"menu_order":0,"comment_status":"closed","ping_status":"closed","template":"","meta":{"_acf_changed":false,"_uf_show_specific_survey":0,"_uf_disable_surveys":false,"footnotes":""},"class_list":["post-679","page","type-page","status-publish","hentry"],"acf":[],"aioseo_notices":[],"yoast_head":"<!-- This site is optimized with the Yoast SEO plugin v27.3 - https:\/\/yoast.com\/product\/yoast-seo-wordpress\/ -->\n<title>Atlas Pan Amaz\u00f3nico - REPAM<\/title>\n<meta name=\"robots\" content=\"index, follow, max-snippet:-1, max-image-preview:large, max-video-preview:-1\" \/>\n<link rel=\"canonical\" href=\"https:\/\/www.repam.net\/es\/publicaciones\/atlas-pan-amazonico\/\" \/>\n<meta property=\"og:locale\" content=\"es_ES\" \/>\n<meta property=\"og:type\" content=\"article\" \/>\n<meta property=\"og:title\" content=\"Atlas Pan Amaz\u00f3nico - REPAM\" \/>\n<meta property=\"og:description\" content=\"Uno de los desaf\u00edos m\u00e1s grandes que ha tenido la REPAM es la de realizar un proceso de mapeo de toda la regi\u00f3n amaz\u00f3nica. Esto implic\u00f3 acercarnos a las diversas realidades de esa gran extensi\u00f3n territorial latinoamericana, comprenderlas y darles respuestas. Todo ese proceso dio como resultado el Atlas Panamaz\u00f3nico que encontrar\u00e1n a continuaci\u00f3n, y [&hellip;]\" \/>\n<meta property=\"og:url\" content=\"https:\/\/www.repam.net\/es\/publicaciones\/atlas-pan-amazonico\/\" \/>\n<meta property=\"og:site_name\" content=\"REPAM\" \/>\n<meta property=\"article:modified_time\" content=\"2021-10-07T19:52:00+00:00\" \/>\n<meta property=\"og:image\" content=\"https:\/\/www.repam.net\/es\/wp-content\/uploads\/2021\/09\/atlas-1024x727.jpg\" \/>\n<meta name=\"twitter:card\" content=\"summary_large_image\" \/>\n<meta name=\"twitter:label1\" content=\"Tiempo de lectura\" \/>\n\t<meta name=\"twitter:data1\" content=\"1 minuto\" \/>\n<script type=\"application\/ld+json\" class=\"yoast-schema-graph\">{\"@context\":\"https:\\\/\\\/schema.org\",\"@graph\":[{\"@type\":\"WebPage\",\"@id\":\"https:\\\/\\\/www.repam.net\\\/es\\\/publicaciones\\\/atlas-pan-amazonico\\\/\",\"url\":\"https:\\\/\\\/www.repam.net\\\/es\\\/publicaciones\\\/atlas-pan-amazonico\\\/\",\"name\":\"Atlas Pan Amaz\u00f3nico - REPAM\",\"isPartOf\":{\"@id\":\"https:\\\/\\\/www.repam.net\\\/es\\\/#website\"},\"primaryImageOfPage\":{\"@id\":\"https:\\\/\\\/www.repam.net\\\/es\\\/publicaciones\\\/atlas-pan-amazonico\\\/#primaryimage\"},\"image\":{\"@id\":\"https:\\\/\\\/www.repam.net\\\/es\\\/publicaciones\\\/atlas-pan-amazonico\\\/#primaryimage\"},\"thumbnailUrl\":\"https:\\\/\\\/www.repam.net\\\/es\\\/wp-content\\\/uploads\\\/2021\\\/09\\\/atlas-1024x727.jpg\",\"datePublished\":\"2021-09-13T17:41:43+00:00\",\"dateModified\":\"2021-10-07T19:52:00+00:00\",\"breadcrumb\":{\"@id\":\"https:\\\/\\\/www.repam.net\\\/es\\\/publicaciones\\\/atlas-pan-amazonico\\\/#breadcrumb\"},\"inLanguage\":\"es-CO\",\"potentialAction\":[{\"@type\":\"ReadAction\",\"target\":[\"https:\\\/\\\/www.repam.net\\\/es\\\/publicaciones\\\/atlas-pan-amazonico\\\/\"]}]},{\"@type\":\"ImageObject\",\"inLanguage\":\"es-CO\",\"@id\":\"https:\\\/\\\/www.repam.net\\\/es\\\/publicaciones\\\/atlas-pan-amazonico\\\/#primaryimage\",\"url\":\"https:\\\/\\\/www.repam.net\\\/es\\\/wp-content\\\/uploads\\\/2021\\\/09\\\/atlas.jpg\",\"contentUrl\":\"https:\\\/\\\/www.repam.net\\\/es\\\/wp-content\\\/uploads\\\/2021\\\/09\\\/atlas.jpg\",\"width\":1202,\"height\":853},{\"@type\":\"BreadcrumbList\",\"@id\":\"https:\\\/\\\/www.repam.net\\\/es\\\/publicaciones\\\/atlas-pan-amazonico\\\/#breadcrumb\",\"itemListElement\":[{\"@type\":\"ListItem\",\"position\":1,\"name\":\"Inicio\",\"item\":\"https:\\\/\\\/www.repam.net\\\/es\\\/\"},{\"@type\":\"ListItem\",\"position\":2,\"name\":\"Publicaciones\",\"item\":\"https:\\\/\\\/www.repam.net\\\/es\\\/publicaciones\\\/\"},{\"@type\":\"ListItem\",\"position\":3,\"name\":\"Atlas Pan Amaz\u00f3nico\"}]},{\"@type\":\"WebSite\",\"@id\":\"https:\\\/\\\/www.repam.net\\\/es\\\/#website\",\"url\":\"https:\\\/\\\/www.repam.net\\\/es\\\/\",\"name\":\"REPAM\",\"description\":\"Red Eclesial Panamaz\u00f3nica\",\"publisher\":{\"@id\":\"https:\\\/\\\/www.repam.net\\\/es\\\/#organization\"},\"potentialAction\":[{\"@type\":\"SearchAction\",\"target\":{\"@type\":\"EntryPoint\",\"urlTemplate\":\"https:\\\/\\\/www.repam.net\\\/es\\\/?s={search_term_string}\"},\"query-input\":{\"@type\":\"PropertyValueSpecification\",\"valueRequired\":true,\"valueName\":\"search_term_string\"}}],\"inLanguage\":\"es-CO\"},{\"@type\":\"Organization\",\"@id\":\"https:\\\/\\\/www.repam.net\\\/es\\\/#organization\",\"name\":\"REPAM\",\"url\":\"https:\\\/\\\/www.repam.net\\\/es\\\/\",\"logo\":{\"@type\":\"ImageObject\",\"inLanguage\":\"es-CO\",\"@id\":\"https:\\\/\\\/www.repam.net\\\/es\\\/#\\\/schema\\\/logo\\\/image\\\/\",\"url\":\"https:\\\/\\\/www.repam.net\\\/es\\\/wp-content\\\/uploads\\\/2021\\\/11\\\/cropped-favicon.png\",\"contentUrl\":\"https:\\\/\\\/www.repam.net\\\/es\\\/wp-content\\\/uploads\\\/2021\\\/11\\\/cropped-favicon.png\",\"width\":512,\"height\":512,\"caption\":\"REPAM\"},\"image\":{\"@id\":\"https:\\\/\\\/www.repam.net\\\/es\\\/#\\\/schema\\\/logo\\\/image\\\/\"}}]}<\/script>\n<!-- \/ Yoast SEO plugin. -->","yoast_head_json":{"title":"Atlas Pan Amaz\u00f3nico - REPAM","robots":{"index":"index","follow":"follow","max-snippet":"max-snippet:-1","max-image-preview":"max-image-preview:large","max-video-preview":"max-video-preview:-1"},"canonical":"https:\/\/www.repam.net\/es\/publicaciones\/atlas-pan-amazonico\/","og_locale":"es_ES","og_type":"article","og_title":"Atlas Pan Amaz\u00f3nico - REPAM","og_description":"Uno de los desaf\u00edos m\u00e1s grandes que ha tenido la REPAM es la de realizar un proceso de mapeo de toda la regi\u00f3n amaz\u00f3nica. Esto implic\u00f3 acercarnos a las diversas realidades de esa gran extensi\u00f3n territorial latinoamericana, comprenderlas y darles respuestas. Todo ese proceso dio como resultado el Atlas Panamaz\u00f3nico que encontrar\u00e1n a continuaci\u00f3n, y [&hellip;]","og_url":"https:\/\/www.repam.net\/es\/publicaciones\/atlas-pan-amazonico\/","og_site_name":"REPAM","article_modified_time":"2021-10-07T19:52:00+00:00","og_image":[{"url":"https:\/\/www.repam.net\/es\/wp-content\/uploads\/2021\/09\/atlas-1024x727.jpg","type":"","width":"","height":""}],"twitter_card":"summary_large_image","twitter_misc":{"Tiempo de lectura":"1 minuto"},"schema":{"@context":"https:\/\/schema.org","@graph":[{"@type":"WebPage","@id":"https:\/\/www.repam.net\/es\/publicaciones\/atlas-pan-amazonico\/","url":"https:\/\/www.repam.net\/es\/publicaciones\/atlas-pan-amazonico\/","name":"Atlas Pan Amaz\u00f3nico - REPAM","isPartOf":{"@id":"https:\/\/www.repam.net\/es\/#website"},"primaryImageOfPage":{"@id":"https:\/\/www.repam.net\/es\/publicaciones\/atlas-pan-amazonico\/#primaryimage"},"image":{"@id":"https:\/\/www.repam.net\/es\/publicaciones\/atlas-pan-amazonico\/#primaryimage"},"thumbnailUrl":"https:\/\/www.repam.net\/es\/wp-content\/uploads\/2021\/09\/atlas-1024x727.jpg","datePublished":"2021-09-13T17:41:43+00:00","dateModified":"2021-10-07T19:52:00+00:00","breadcrumb":{"@id":"https:\/\/www.repam.net\/es\/publicaciones\/atlas-pan-amazonico\/#breadcrumb"},"inLanguage":"es-CO","potentialAction":[{"@type":"ReadAction","target":["https:\/\/www.repam.net\/es\/publicaciones\/atlas-pan-amazonico\/"]}]},{"@type":"ImageObject","inLanguage":"es-CO","@id":"https:\/\/www.repam.net\/es\/publicaciones\/atlas-pan-amazonico\/#primaryimage","url":"https:\/\/www.repam.net\/es\/wp-content\/uploads\/2021\/09\/atlas.jpg","contentUrl":"https:\/\/www.repam.net\/es\/wp-content\/uploads\/2021\/09\/atlas.jpg","width":1202,"height":853},{"@type":"BreadcrumbList","@id":"https:\/\/www.repam.net\/es\/publicaciones\/atlas-pan-amazonico\/#breadcrumb","itemListElement":[{"@type":"ListItem","position":1,"name":"Inicio","item":"https:\/\/www.repam.net\/es\/"},{"@type":"ListItem","position":2,"name":"Publicaciones","item":"https:\/\/www.repam.net\/es\/publicaciones\/"},{"@type":"ListItem","position":3,"name":"Atlas Pan Amaz\u00f3nico"}]},{"@type":"WebSite","@id":"https:\/\/www.repam.net\/es\/#website","url":"https:\/\/www.repam.net\/es\/","name":"REPAM","description":"Red Eclesial Panamaz\u00f3nica","publisher":{"@id":"https:\/\/www.repam.net\/es\/#organization"},"potentialAction":[{"@type":"SearchAction","target":{"@type":"EntryPoint","urlTemplate":"https:\/\/www.repam.net\/es\/?s={search_term_string}"},"query-input":{"@type":"PropertyValueSpecification","valueRequired":true,"valueName":"search_term_string"}}],"inLanguage":"es-CO"},{"@type":"Organization","@id":"https:\/\/www.repam.net\/es\/#organization","name":"REPAM","url":"https:\/\/www.repam.net\/es\/","logo":{"@type":"ImageObject","inLanguage":"es-CO","@id":"https:\/\/www.repam.net\/es\/#\/schema\/logo\/image\/","url":"https:\/\/www.repam.net\/es\/wp-content\/uploads\/2021\/11\/cropped-favicon.png","contentUrl":"https:\/\/www.repam.net\/es\/wp-content\/uploads\/2021\/11\/cropped-favicon.png","width":512,"height":512,"caption":"REPAM"},"image":{"@id":"https:\/\/www.repam.net\/es\/#\/schema\/logo\/image\/"}}]}},"_links":{"self":[{"href":"https:\/\/www.repam.net\/es\/wp-json\/wp\/v2\/pages\/679","targetHints":{"allow":["GET"]}}],"collection":[{"href":"https:\/\/www.repam.net\/es\/wp-json\/wp\/v2\/pages"}],"about":[{"href":"https:\/\/www.repam.net\/es\/wp-json\/wp\/v2\/types\/page"}],"author":[{"embeddable":true,"href":"https:\/\/www.repam.net\/es\/wp-json\/wp\/v2\/users\/1"}],"replies":[{"embeddable":true,"href":"https:\/\/www.repam.net\/es\/wp-json\/wp\/v2\/comments?post=679"}],"version-history":[{"count":4,"href":"https:\/\/www.repam.net\/es\/wp-json\/wp\/v2\/pages\/679\/revisions"}],"predecessor-version":[{"id":5236,"href":"https:\/\/www.repam.net\/es\/wp-json\/wp\/v2\/pages\/679\/revisions\/5236"}],"up":[{"embeddable":true,"href":"https:\/\/www.repam.net\/es\/wp-json\/wp\/v2\/pages\/341"}],"wp:attachment":[{"href":"https:\/\/www.repam.net\/es\/wp-json\/wp\/v2\/media?parent=679"}],"curies":[{"name":"wp","href":"https:\/\/api.w.org\/{rel}","templated":true}]}}