{"id":6816,"date":"2022-04-08T13:06:00","date_gmt":"2022-04-08T18:06:00","guid":{"rendered":"https:\/\/www.repam.net\/es\/?page_id=6816"},"modified":"2022-04-08T13:06:02","modified_gmt":"2022-04-08T18:06:02","slug":"querida-amazonia-repam-bolivia","status":"publish","type":"page","link":"https:\/\/www.repam.net\/es\/publicaciones\/series-radiales\/querida-amazonia-repam-bolivia\/","title":{"rendered":"Querida Amazon\u00eda &#8211; REPAM Bolivia"},"content":{"rendered":"\n<div class=\"wp-block-image\"><figure class=\"aligncenter size-large\"><img loading=\"lazy\" decoding=\"async\" width=\"1024\" height=\"573\" src=\"https:\/\/www.repam.net\/es\/wp-content\/uploads\/2022\/04\/Querida-Amazonia-serie-Boliviana-1024x573.jpg\" alt=\"\" class=\"wp-image-6817\" srcset=\"https:\/\/www.repam.net\/es\/wp-content\/uploads\/2022\/04\/Querida-Amazonia-serie-Boliviana-1024x573.jpg 1024w, https:\/\/www.repam.net\/es\/wp-content\/uploads\/2022\/04\/Querida-Amazonia-serie-Boliviana-300x168.jpg 300w, https:\/\/www.repam.net\/es\/wp-content\/uploads\/2022\/04\/Querida-Amazonia-serie-Boliviana-768x429.jpg 768w, https:\/\/www.repam.net\/es\/wp-content\/uploads\/2022\/04\/Querida-Amazonia-serie-Boliviana.jpg 1252w\" sizes=\"auto, (max-width: 1024px) 100vw, 1024px\" \/><\/figure><\/div>\n\n\n\n<blockquote class=\"wp-block-quote is-layout-flow wp-block-quote-is-layout-flow\"><p>La Red Eclesial de la Amazon\u00eda Boliviana (REPAM Bolivia), junto a la Universidad Cat\u00f3lica Boliviana \u201cSan Pablo\u201d (UCB), presentaron una serie de ocho videos \u201cQuerida Amazon\u00eda\u201d producidos por Servicio de Capacitaci\u00f3n en Radio y Televisi\u00f3n para el Desarrollo \u2013 SECRAD de la UCB, gracias al apoyo solidario de Conservaci\u00f3n Internacional Bolivia.<\/p><\/blockquote>\n\n\n\n<p>Se trata de una serie de ocho videos que abordan la tem\u00e1tica de la Exhortaci\u00f3n Apost\u00f3lica Post Sinodal \u201cQuerida Amazon\u00eda\u201d con los cuatro sue\u00f1os del Papa Francisco: el sue\u00f1o social, el sue\u00f1o cultural, el sue\u00f1o ecol\u00f3gico y el sue\u00f1o eclesial. Una iniciativa que tambi\u00e9n se suma a la misma causa del Jubileo de la Tierra: promover un tiempo para unirnos de manera especial en la oraci\u00f3n y tarea a favor de la defensa de nuestra casa com\u00fan.<\/p>\n\n\n\n<h5 class=\"wp-block-heading\">Sue\u00f1o Social<\/h5>\n\n\n\n<div class=\"wp-block-columns is-layout-flex wp-container-core-columns-is-layout-9d6595d7 wp-block-columns-is-layout-flex\">\n<div class=\"wp-block-column is-layout-flow wp-block-column-is-layout-flow\">\n<figure class=\"wp-block-embed is-type-video is-provider-youtube wp-block-embed-youtube wp-embed-aspect-16-9 wp-has-aspect-ratio\"><div class=\"wp-block-embed__wrapper\">\n<iframe loading=\"lazy\" title=\"SUE\u00d1O SOCIAL\" width=\"500\" height=\"281\" src=\"https:\/\/www.youtube.com\/embed\/Ps_gLEJtozs?feature=oembed\" frameborder=\"0\" allow=\"accelerometer; autoplay; clipboard-write; encrypted-media; gyroscope; picture-in-picture; web-share\" referrerpolicy=\"strict-origin-when-cross-origin\" allowfullscreen><\/iframe>\n<\/div><\/figure>\n<\/div>\n\n\n\n<div class=\"wp-block-column is-layout-flow wp-block-column-is-layout-flow\">\n<figure class=\"wp-block-embed is-type-video is-provider-youtube wp-block-embed-youtube wp-embed-aspect-16-9 wp-has-aspect-ratio\"><div class=\"wp-block-embed__wrapper\">\n<iframe loading=\"lazy\" title=\"02  SUE\u00d1O SOCIAL\" width=\"500\" height=\"281\" src=\"https:\/\/www.youtube.com\/embed\/Z5k72iOHBSQ?feature=oembed\" frameborder=\"0\" allow=\"accelerometer; autoplay; clipboard-write; encrypted-media; gyroscope; picture-in-picture; web-share\" referrerpolicy=\"strict-origin-when-cross-origin\" allowfullscreen><\/iframe>\n<\/div><\/figure>\n<\/div>\n<\/div>\n\n\n\n<h5 class=\"wp-block-heading\">Sue\u00f1o Cultural<\/h5>\n\n\n\n<div class=\"wp-block-columns is-layout-flex wp-container-core-columns-is-layout-9d6595d7 wp-block-columns-is-layout-flex\">\n<div class=\"wp-block-column is-layout-flow wp-block-column-is-layout-flow\">\n<figure class=\"wp-block-embed is-type-video is-provider-youtube wp-block-embed-youtube wp-embed-aspect-16-9 wp-has-aspect-ratio\"><div class=\"wp-block-embed__wrapper\">\n<iframe loading=\"lazy\" title=\"03  SUE\u00d1O CULTURAL\" width=\"500\" height=\"281\" src=\"https:\/\/www.youtube.com\/embed\/qKmcQWy38XA?feature=oembed\" frameborder=\"0\" allow=\"accelerometer; autoplay; clipboard-write; encrypted-media; gyroscope; picture-in-picture; web-share\" referrerpolicy=\"strict-origin-when-cross-origin\" allowfullscreen><\/iframe>\n<\/div><\/figure>\n<\/div>\n\n\n\n<div class=\"wp-block-column is-layout-flow wp-block-column-is-layout-flow\">\n<figure class=\"wp-block-embed is-type-video is-provider-youtube wp-block-embed-youtube wp-embed-aspect-16-9 wp-has-aspect-ratio\"><div class=\"wp-block-embed__wrapper\">\n<iframe loading=\"lazy\" title=\"04  SUE\u00d1O CULTURAL\" width=\"500\" height=\"281\" src=\"https:\/\/www.youtube.com\/embed\/E5VrVSBG8yw?feature=oembed\" frameborder=\"0\" allow=\"accelerometer; autoplay; clipboard-write; encrypted-media; gyroscope; picture-in-picture; web-share\" referrerpolicy=\"strict-origin-when-cross-origin\" allowfullscreen><\/iframe>\n<\/div><\/figure>\n<\/div>\n<\/div>\n\n\n\n<h5 class=\"wp-block-heading\">Sue\u00f1o Ecol\u00f3gico<\/h5>\n\n\n\n<div class=\"wp-block-columns is-layout-flex wp-container-core-columns-is-layout-9d6595d7 wp-block-columns-is-layout-flex\">\n<div class=\"wp-block-column is-layout-flow wp-block-column-is-layout-flow\">\n<figure class=\"wp-block-embed is-type-video is-provider-youtube wp-block-embed-youtube wp-embed-aspect-16-9 wp-has-aspect-ratio\"><div class=\"wp-block-embed__wrapper\">\n<iframe loading=\"lazy\" title=\"05  SUE\u00d1O ECOL\u00d3GICO\" width=\"500\" height=\"281\" src=\"https:\/\/www.youtube.com\/embed\/WWgzigo6PQQ?feature=oembed\" frameborder=\"0\" allow=\"accelerometer; autoplay; clipboard-write; encrypted-media; gyroscope; picture-in-picture; web-share\" referrerpolicy=\"strict-origin-when-cross-origin\" allowfullscreen><\/iframe>\n<\/div><\/figure>\n<\/div>\n\n\n\n<div class=\"wp-block-column is-layout-flow wp-block-column-is-layout-flow\">\n<figure class=\"wp-block-embed is-type-video is-provider-youtube wp-block-embed-youtube wp-embed-aspect-16-9 wp-has-aspect-ratio\"><div class=\"wp-block-embed__wrapper\">\n<iframe loading=\"lazy\" title=\"06  SUE\u00d1O ECOL\u00d3GICO\" width=\"500\" height=\"281\" src=\"https:\/\/www.youtube.com\/embed\/InU1hJSYH7g?feature=oembed\" frameborder=\"0\" allow=\"accelerometer; autoplay; clipboard-write; encrypted-media; gyroscope; picture-in-picture; web-share\" referrerpolicy=\"strict-origin-when-cross-origin\" allowfullscreen><\/iframe>\n<\/div><\/figure>\n<\/div>\n<\/div>\n\n\n\n<h5 class=\"wp-block-heading\">Sue\u00f1o Eclesial<\/h5>\n\n\n\n<div class=\"wp-block-columns is-layout-flex wp-container-core-columns-is-layout-9d6595d7 wp-block-columns-is-layout-flex\">\n<div class=\"wp-block-column is-layout-flow wp-block-column-is-layout-flow\">\n<figure class=\"wp-block-embed is-type-video is-provider-youtube wp-block-embed-youtube wp-embed-aspect-16-9 wp-has-aspect-ratio\"><div class=\"wp-block-embed__wrapper\">\n<iframe loading=\"lazy\" title=\"07  SUE\u00d1O ECLESIAL\" width=\"500\" height=\"281\" src=\"https:\/\/www.youtube.com\/embed\/Gt-cWmIMNqY?feature=oembed\" frameborder=\"0\" allow=\"accelerometer; autoplay; clipboard-write; encrypted-media; gyroscope; picture-in-picture; web-share\" referrerpolicy=\"strict-origin-when-cross-origin\" allowfullscreen><\/iframe>\n<\/div><\/figure>\n<\/div>\n\n\n\n<div class=\"wp-block-column is-layout-flow wp-block-column-is-layout-flow\">\n<figure class=\"wp-block-embed is-type-video is-provider-youtube wp-block-embed-youtube wp-embed-aspect-16-9 wp-has-aspect-ratio\"><div class=\"wp-block-embed__wrapper\">\n<iframe loading=\"lazy\" title=\"08  SUE\u00d1O ECLESIAL\" width=\"500\" height=\"281\" src=\"https:\/\/www.youtube.com\/embed\/96fCOwrf8fQ?feature=oembed\" frameborder=\"0\" allow=\"accelerometer; autoplay; clipboard-write; encrypted-media; gyroscope; picture-in-picture; web-share\" referrerpolicy=\"strict-origin-when-cross-origin\" allowfullscreen><\/iframe>\n<\/div><\/figure>\n<\/div>\n<\/div>\n\n\n\n<p><\/p>\n\n\n\n<p><strong><em>Fuente: Amazonizar Bolivia \/ REPAM Bolivia<\/em><\/strong><\/p>\n\n\n\n<hr class=\"wp-block-separator\"\/>\n\n\n\n<div class=\"wp-block-image\"><figure class=\"aligncenter size-large\"><img loading=\"lazy\" decoding=\"async\" width=\"1024\" height=\"577\" src=\"https:\/\/www.repam.net\/es\/wp-content\/uploads\/2022\/04\/Querida-Amazonia-serie-Boliviana-final-1024x577.jpg\" alt=\"\" class=\"wp-image-6818\" srcset=\"https:\/\/www.repam.net\/es\/wp-content\/uploads\/2022\/04\/Querida-Amazonia-serie-Boliviana-final-1024x577.jpg 1024w, https:\/\/www.repam.net\/es\/wp-content\/uploads\/2022\/04\/Querida-Amazonia-serie-Boliviana-final-300x169.jpg 300w, https:\/\/www.repam.net\/es\/wp-content\/uploads\/2022\/04\/Querida-Amazonia-serie-Boliviana-final-768x433.jpg 768w, https:\/\/www.repam.net\/es\/wp-content\/uploads\/2022\/04\/Querida-Amazonia-serie-Boliviana-final.jpg 1273w\" sizes=\"auto, (max-width: 1024px) 100vw, 1024px\" \/><\/figure><\/div>\n","protected":false},"excerpt":{"rendered":"<p>La Red Eclesial de la Amazon\u00eda Boliviana (REPAM Bolivia), junto a la Universidad Cat\u00f3lica Boliviana \u201cSan Pablo\u201d (UCB), presentaron una serie de ocho videos \u201cQuerida Amazon\u00eda\u201d producidos por Servicio de Capacitaci\u00f3n en Radio y Televisi\u00f3n para el Desarrollo \u2013 SECRAD de la UCB, gracias al apoyo solidario de Conservaci\u00f3n Internacional Bolivia. Se trata de una [&hellip;]<\/p>\n","protected":false},"author":1,"featured_media":6817,"parent":1023,"menu_order":4,"comment_status":"closed","ping_status":"closed","template":"","meta":{"_acf_changed":false,"_uf_show_specific_survey":0,"_uf_disable_surveys":false,"footnotes":""},"class_list":["post-6816","page","type-page","status-publish","has-post-thumbnail","hentry"],"acf":[],"aioseo_notices":[],"yoast_head":"<!-- This site is optimized with the Yoast SEO plugin v27.4 - https:\/\/yoast.com\/product\/yoast-seo-wordpress\/ -->\n<title>Querida Amazon\u00eda - REPAM Bolivia - REPAM<\/title>\n<meta name=\"robots\" content=\"index, follow, max-snippet:-1, max-image-preview:large, max-video-preview:-1\" \/>\n<link rel=\"canonical\" href=\"https:\/\/www.repam.net\/es\/publicaciones\/series-radiales\/querida-amazonia-repam-bolivia\/\" \/>\n<meta property=\"og:locale\" content=\"es_ES\" \/>\n<meta property=\"og:type\" content=\"article\" \/>\n<meta property=\"og:title\" content=\"Querida Amazon\u00eda - REPAM Bolivia - REPAM\" \/>\n<meta property=\"og:description\" content=\"La Red Eclesial de la Amazon\u00eda Boliviana (REPAM Bolivia), junto a la Universidad Cat\u00f3lica Boliviana \u201cSan Pablo\u201d (UCB), presentaron una serie de ocho videos \u201cQuerida Amazon\u00eda\u201d producidos por Servicio de Capacitaci\u00f3n en Radio y Televisi\u00f3n para el Desarrollo \u2013 SECRAD de la UCB, gracias al apoyo solidario de Conservaci\u00f3n Internacional Bolivia. Se trata de una [&hellip;]\" \/>\n<meta property=\"og:url\" content=\"https:\/\/www.repam.net\/es\/publicaciones\/series-radiales\/querida-amazonia-repam-bolivia\/\" \/>\n<meta property=\"og:site_name\" content=\"REPAM\" \/>\n<meta property=\"article:modified_time\" content=\"2022-04-08T18:06:02+00:00\" \/>\n<meta property=\"og:image\" content=\"https:\/\/www.repam.net\/es\/wp-content\/uploads\/2022\/04\/Querida-Amazonia-serie-Boliviana.jpg\" \/>\n\t<meta property=\"og:image:width\" content=\"1252\" \/>\n\t<meta property=\"og:image:height\" content=\"700\" \/>\n\t<meta property=\"og:image:type\" content=\"image\/jpeg\" \/>\n<meta name=\"twitter:card\" content=\"summary_large_image\" \/>\n<meta name=\"twitter:label1\" content=\"Tiempo de lectura\" \/>\n\t<meta name=\"twitter:data1\" content=\"2 minutos\" \/>\n<script type=\"application\/ld+json\" class=\"yoast-schema-graph\">{\"@context\":\"https:\\\/\\\/schema.org\",\"@graph\":[{\"@type\":\"WebPage\",\"@id\":\"https:\\\/\\\/www.repam.net\\\/es\\\/publicaciones\\\/series-radiales\\\/querida-amazonia-repam-bolivia\\\/\",\"url\":\"https:\\\/\\\/www.repam.net\\\/es\\\/publicaciones\\\/series-radiales\\\/querida-amazonia-repam-bolivia\\\/\",\"name\":\"Querida Amazon\u00eda - REPAM Bolivia - REPAM\",\"isPartOf\":{\"@id\":\"https:\\\/\\\/www.repam.net\\\/es\\\/#website\"},\"primaryImageOfPage\":{\"@id\":\"https:\\\/\\\/www.repam.net\\\/es\\\/publicaciones\\\/series-radiales\\\/querida-amazonia-repam-bolivia\\\/#primaryimage\"},\"image\":{\"@id\":\"https:\\\/\\\/www.repam.net\\\/es\\\/publicaciones\\\/series-radiales\\\/querida-amazonia-repam-bolivia\\\/#primaryimage\"},\"thumbnailUrl\":\"https:\\\/\\\/www.repam.net\\\/es\\\/wp-content\\\/uploads\\\/2022\\\/04\\\/Querida-Amazonia-serie-Boliviana.jpg\",\"datePublished\":\"2022-04-08T18:06:00+00:00\",\"dateModified\":\"2022-04-08T18:06:02+00:00\",\"breadcrumb\":{\"@id\":\"https:\\\/\\\/www.repam.net\\\/es\\\/publicaciones\\\/series-radiales\\\/querida-amazonia-repam-bolivia\\\/#breadcrumb\"},\"inLanguage\":\"es-CO\",\"potentialAction\":[{\"@type\":\"ReadAction\",\"target\":[\"https:\\\/\\\/www.repam.net\\\/es\\\/publicaciones\\\/series-radiales\\\/querida-amazonia-repam-bolivia\\\/\"]}]},{\"@type\":\"ImageObject\",\"inLanguage\":\"es-CO\",\"@id\":\"https:\\\/\\\/www.repam.net\\\/es\\\/publicaciones\\\/series-radiales\\\/querida-amazonia-repam-bolivia\\\/#primaryimage\",\"url\":\"https:\\\/\\\/www.repam.net\\\/es\\\/wp-content\\\/uploads\\\/2022\\\/04\\\/Querida-Amazonia-serie-Boliviana.jpg\",\"contentUrl\":\"https:\\\/\\\/www.repam.net\\\/es\\\/wp-content\\\/uploads\\\/2022\\\/04\\\/Querida-Amazonia-serie-Boliviana.jpg\",\"width\":1252,\"height\":700},{\"@type\":\"BreadcrumbList\",\"@id\":\"https:\\\/\\\/www.repam.net\\\/es\\\/publicaciones\\\/series-radiales\\\/querida-amazonia-repam-bolivia\\\/#breadcrumb\",\"itemListElement\":[{\"@type\":\"ListItem\",\"position\":1,\"name\":\"Inicio\",\"item\":\"https:\\\/\\\/www.repam.net\\\/es\\\/\"},{\"@type\":\"ListItem\",\"position\":2,\"name\":\"Publicaciones\",\"item\":\"https:\\\/\\\/www.repam.net\\\/es\\\/publicaciones\\\/\"},{\"@type\":\"ListItem\",\"position\":3,\"name\":\"Series Radiales\",\"item\":\"https:\\\/\\\/www.repam.net\\\/es\\\/publicaciones\\\/series-radiales\\\/\"},{\"@type\":\"ListItem\",\"position\":4,\"name\":\"Querida Amazon\u00eda &#8211; REPAM Bolivia\"}]},{\"@type\":\"WebSite\",\"@id\":\"https:\\\/\\\/www.repam.net\\\/es\\\/#website\",\"url\":\"https:\\\/\\\/www.repam.net\\\/es\\\/\",\"name\":\"REPAM\",\"description\":\"Red Eclesial Panamaz\u00f3nica\",\"publisher\":{\"@id\":\"https:\\\/\\\/www.repam.net\\\/es\\\/#organization\"},\"potentialAction\":[{\"@type\":\"SearchAction\",\"target\":{\"@type\":\"EntryPoint\",\"urlTemplate\":\"https:\\\/\\\/www.repam.net\\\/es\\\/?s={search_term_string}\"},\"query-input\":{\"@type\":\"PropertyValueSpecification\",\"valueRequired\":true,\"valueName\":\"search_term_string\"}}],\"inLanguage\":\"es-CO\"},{\"@type\":\"Organization\",\"@id\":\"https:\\\/\\\/www.repam.net\\\/es\\\/#organization\",\"name\":\"REPAM\",\"url\":\"https:\\\/\\\/www.repam.net\\\/es\\\/\",\"logo\":{\"@type\":\"ImageObject\",\"inLanguage\":\"es-CO\",\"@id\":\"https:\\\/\\\/www.repam.net\\\/es\\\/#\\\/schema\\\/logo\\\/image\\\/\",\"url\":\"https:\\\/\\\/www.repam.net\\\/es\\\/wp-content\\\/uploads\\\/2021\\\/11\\\/cropped-favicon.png\",\"contentUrl\":\"https:\\\/\\\/www.repam.net\\\/es\\\/wp-content\\\/uploads\\\/2021\\\/11\\\/cropped-favicon.png\",\"width\":512,\"height\":512,\"caption\":\"REPAM\"},\"image\":{\"@id\":\"https:\\\/\\\/www.repam.net\\\/es\\\/#\\\/schema\\\/logo\\\/image\\\/\"}}]}<\/script>\n<!-- \/ Yoast SEO plugin. -->","yoast_head_json":{"title":"Querida Amazon\u00eda - REPAM Bolivia - REPAM","robots":{"index":"index","follow":"follow","max-snippet":"max-snippet:-1","max-image-preview":"max-image-preview:large","max-video-preview":"max-video-preview:-1"},"canonical":"https:\/\/www.repam.net\/es\/publicaciones\/series-radiales\/querida-amazonia-repam-bolivia\/","og_locale":"es_ES","og_type":"article","og_title":"Querida Amazon\u00eda - REPAM Bolivia - REPAM","og_description":"La Red Eclesial de la Amazon\u00eda Boliviana (REPAM Bolivia), junto a la Universidad Cat\u00f3lica Boliviana \u201cSan Pablo\u201d (UCB), presentaron una serie de ocho videos \u201cQuerida Amazon\u00eda\u201d producidos por Servicio de Capacitaci\u00f3n en Radio y Televisi\u00f3n para el Desarrollo \u2013 SECRAD de la UCB, gracias al apoyo solidario de Conservaci\u00f3n Internacional Bolivia. Se trata de una [&hellip;]","og_url":"https:\/\/www.repam.net\/es\/publicaciones\/series-radiales\/querida-amazonia-repam-bolivia\/","og_site_name":"REPAM","article_modified_time":"2022-04-08T18:06:02+00:00","og_image":[{"width":1252,"height":700,"url":"https:\/\/www.repam.net\/es\/wp-content\/uploads\/2022\/04\/Querida-Amazonia-serie-Boliviana.jpg","type":"image\/jpeg"}],"twitter_card":"summary_large_image","twitter_misc":{"Tiempo de lectura":"2 minutos"},"schema":{"@context":"https:\/\/schema.org","@graph":[{"@type":"WebPage","@id":"https:\/\/www.repam.net\/es\/publicaciones\/series-radiales\/querida-amazonia-repam-bolivia\/","url":"https:\/\/www.repam.net\/es\/publicaciones\/series-radiales\/querida-amazonia-repam-bolivia\/","name":"Querida Amazon\u00eda - REPAM Bolivia - REPAM","isPartOf":{"@id":"https:\/\/www.repam.net\/es\/#website"},"primaryImageOfPage":{"@id":"https:\/\/www.repam.net\/es\/publicaciones\/series-radiales\/querida-amazonia-repam-bolivia\/#primaryimage"},"image":{"@id":"https:\/\/www.repam.net\/es\/publicaciones\/series-radiales\/querida-amazonia-repam-bolivia\/#primaryimage"},"thumbnailUrl":"https:\/\/www.repam.net\/es\/wp-content\/uploads\/2022\/04\/Querida-Amazonia-serie-Boliviana.jpg","datePublished":"2022-04-08T18:06:00+00:00","dateModified":"2022-04-08T18:06:02+00:00","breadcrumb":{"@id":"https:\/\/www.repam.net\/es\/publicaciones\/series-radiales\/querida-amazonia-repam-bolivia\/#breadcrumb"},"inLanguage":"es-CO","potentialAction":[{"@type":"ReadAction","target":["https:\/\/www.repam.net\/es\/publicaciones\/series-radiales\/querida-amazonia-repam-bolivia\/"]}]},{"@type":"ImageObject","inLanguage":"es-CO","@id":"https:\/\/www.repam.net\/es\/publicaciones\/series-radiales\/querida-amazonia-repam-bolivia\/#primaryimage","url":"https:\/\/www.repam.net\/es\/wp-content\/uploads\/2022\/04\/Querida-Amazonia-serie-Boliviana.jpg","contentUrl":"https:\/\/www.repam.net\/es\/wp-content\/uploads\/2022\/04\/Querida-Amazonia-serie-Boliviana.jpg","width":1252,"height":700},{"@type":"BreadcrumbList","@id":"https:\/\/www.repam.net\/es\/publicaciones\/series-radiales\/querida-amazonia-repam-bolivia\/#breadcrumb","itemListElement":[{"@type":"ListItem","position":1,"name":"Inicio","item":"https:\/\/www.repam.net\/es\/"},{"@type":"ListItem","position":2,"name":"Publicaciones","item":"https:\/\/www.repam.net\/es\/publicaciones\/"},{"@type":"ListItem","position":3,"name":"Series Radiales","item":"https:\/\/www.repam.net\/es\/publicaciones\/series-radiales\/"},{"@type":"ListItem","position":4,"name":"Querida Amazon\u00eda &#8211; REPAM Bolivia"}]},{"@type":"WebSite","@id":"https:\/\/www.repam.net\/es\/#website","url":"https:\/\/www.repam.net\/es\/","name":"REPAM","description":"Red Eclesial Panamaz\u00f3nica","publisher":{"@id":"https:\/\/www.repam.net\/es\/#organization"},"potentialAction":[{"@type":"SearchAction","target":{"@type":"EntryPoint","urlTemplate":"https:\/\/www.repam.net\/es\/?s={search_term_string}"},"query-input":{"@type":"PropertyValueSpecification","valueRequired":true,"valueName":"search_term_string"}}],"inLanguage":"es-CO"},{"@type":"Organization","@id":"https:\/\/www.repam.net\/es\/#organization","name":"REPAM","url":"https:\/\/www.repam.net\/es\/","logo":{"@type":"ImageObject","inLanguage":"es-CO","@id":"https:\/\/www.repam.net\/es\/#\/schema\/logo\/image\/","url":"https:\/\/www.repam.net\/es\/wp-content\/uploads\/2021\/11\/cropped-favicon.png","contentUrl":"https:\/\/www.repam.net\/es\/wp-content\/uploads\/2021\/11\/cropped-favicon.png","width":512,"height":512,"caption":"REPAM"},"image":{"@id":"https:\/\/www.repam.net\/es\/#\/schema\/logo\/image\/"}}]}},"_links":{"self":[{"href":"https:\/\/www.repam.net\/es\/wp-json\/wp\/v2\/pages\/6816","targetHints":{"allow":["GET"]}}],"collection":[{"href":"https:\/\/www.repam.net\/es\/wp-json\/wp\/v2\/pages"}],"about":[{"href":"https:\/\/www.repam.net\/es\/wp-json\/wp\/v2\/types\/page"}],"author":[{"embeddable":true,"href":"https:\/\/www.repam.net\/es\/wp-json\/wp\/v2\/users\/1"}],"replies":[{"embeddable":true,"href":"https:\/\/www.repam.net\/es\/wp-json\/wp\/v2\/comments?post=6816"}],"version-history":[{"count":1,"href":"https:\/\/www.repam.net\/es\/wp-json\/wp\/v2\/pages\/6816\/revisions"}],"predecessor-version":[{"id":6820,"href":"https:\/\/www.repam.net\/es\/wp-json\/wp\/v2\/pages\/6816\/revisions\/6820"}],"up":[{"embeddable":true,"href":"https:\/\/www.repam.net\/es\/wp-json\/wp\/v2\/pages\/1023"}],"wp:featuredmedia":[{"embeddable":true,"href":"https:\/\/www.repam.net\/es\/wp-json\/wp\/v2\/media\/6817"}],"wp:attachment":[{"href":"https:\/\/www.repam.net\/es\/wp-json\/wp\/v2\/media?parent=6816"}],"curies":[{"name":"wp","href":"https:\/\/api.w.org\/{rel}","templated":true}]}}