{"id":694,"date":"2021-09-13T12:58:13","date_gmt":"2021-09-13T17:58:13","guid":{"rendered":"http:\/\/repam.net\/?page_id=694"},"modified":"2021-09-13T13:03:43","modified_gmt":"2021-09-13T18:03:43","slug":"que-es-la-cesta-amazonica","status":"publish","type":"page","link":"https:\/\/www.repam.net\/es\/publicaciones\/cesta-amazonica\/que-es-la-cesta-amazonica\/","title":{"rendered":"\u00bfQu\u00e9 es la cesta amaz\u00f3nica?"},"content":{"rendered":"\n<p>La Cesta Amaz\u00f3nica es una caja que contiene herramientas que se ponen a disposici\u00f3n como insumos para los agentes de pastoral que se encuentran en el territorio amaz\u00f3nico y que pueden requerir materiales sencillos para la mayor vinculaci\u00f3n entre su ejercicio evangelizador y su rol activo en la sociedad. Es una iniciativa construida colectivamente para la transformaci\u00f3n pastoral, a partir de experiencias y materiales valiosos, adem\u00e1s de servir para la profundizaci\u00f3n y reflexi\u00f3n alrededor de temas prioritarios para la comprensi\u00f3n de la realidad.<\/p>\n\n\n\n<h3 class=\"wp-block-heading\"><strong>Objetivo general<\/strong><\/h3>\n\n\n\n<ul class=\"wp-block-list\"><li>Acompa\u00f1ar a agentes pastorales y sus comunidades, en los m\u00e1s diversos rincones de la Panamazon\u00eda.<\/li><\/ul>\n\n\n\n<h3 class=\"wp-block-heading\"><strong>Objetivos espec\u00edficos<\/strong><\/h3>\n\n\n\n<ul class=\"wp-block-list\"><li>Entablar una articulaci\u00f3n activa para la construcci\u00f3n de una Iglesia hermana y pr\u00f3jima a las necesidades de la realidad local, pero con conciencia integral de la regi\u00f3n panamaz\u00f3nica y sus desaf\u00edos hoy.<\/li><li>Aportar insumos a los agentes pastorales para construir o actualizar planes de pastoral en sus comunidades<\/li><li>Adaptar los contenidos de formaci\u00f3n pastoral a contextos y necesidades territoriales.<\/li><\/ul>\n\n\n\n<div style=\"height:61px\" aria-hidden=\"true\" class=\"wp-block-spacer\"><\/div>\n\n\n\n<figure class=\"wp-block-embed is-type-video is-provider-youtube wp-block-embed-youtube wp-embed-aspect-16-9 wp-has-aspect-ratio\"><div class=\"wp-block-embed__wrapper\">\n<iframe loading=\"lazy\" title=\"Cesta Amazonica PT-ESP\" width=\"500\" height=\"281\" src=\"https:\/\/www.youtube.com\/embed\/eQCuJDgWar4?feature=oembed\" frameborder=\"0\" allow=\"accelerometer; autoplay; clipboard-write; encrypted-media; gyroscope; picture-in-picture; web-share\" referrerpolicy=\"strict-origin-when-cross-origin\" allowfullscreen><\/iframe>\n<\/div><\/figure>\n","protected":false},"excerpt":{"rendered":"<p>La Cesta Amaz\u00f3nica es una caja que contiene herramientas que se ponen a disposici\u00f3n como insumos para los agentes de pastoral que se encuentran en el territorio amaz\u00f3nico y que pueden requerir materiales sencillos para la mayor vinculaci\u00f3n entre su ejercicio evangelizador y su rol activo en la sociedad. Es una iniciativa construida colectivamente para [&hellip;]<\/p>\n","protected":false},"author":1,"featured_media":0,"parent":687,"menu_order":0,"comment_status":"closed","ping_status":"closed","template":"page-multipla.php","meta":{"_acf_changed":false,"_uf_show_specific_survey":0,"_uf_disable_surveys":false,"footnotes":""},"class_list":["post-694","page","type-page","status-publish","hentry"],"acf":[],"aioseo_notices":[],"yoast_head":"<!-- This site is optimized with the Yoast SEO plugin v27.3 - https:\/\/yoast.com\/product\/yoast-seo-wordpress\/ -->\n<title>\u00bfQu\u00e9 es la cesta amaz\u00f3nica? - REPAM<\/title>\n<meta name=\"robots\" content=\"index, follow, max-snippet:-1, max-image-preview:large, max-video-preview:-1\" \/>\n<link rel=\"canonical\" href=\"https:\/\/www.repam.net\/es\/publicaciones\/cesta-amazonica\/que-es-la-cesta-amazonica\/\" \/>\n<meta property=\"og:locale\" content=\"es_ES\" \/>\n<meta property=\"og:type\" content=\"article\" \/>\n<meta property=\"og:title\" content=\"\u00bfQu\u00e9 es la cesta amaz\u00f3nica? - REPAM\" \/>\n<meta property=\"og:description\" content=\"La Cesta Amaz\u00f3nica es una caja que contiene herramientas que se ponen a disposici\u00f3n como insumos para los agentes de pastoral que se encuentran en el territorio amaz\u00f3nico y que pueden requerir materiales sencillos para la mayor vinculaci\u00f3n entre su ejercicio evangelizador y su rol activo en la sociedad. Es una iniciativa construida colectivamente para [&hellip;]\" \/>\n<meta property=\"og:url\" content=\"https:\/\/www.repam.net\/es\/publicaciones\/cesta-amazonica\/que-es-la-cesta-amazonica\/\" \/>\n<meta property=\"og:site_name\" content=\"REPAM\" \/>\n<meta property=\"article:modified_time\" content=\"2021-09-13T18:03:43+00:00\" \/>\n<meta name=\"twitter:card\" content=\"summary_large_image\" \/>\n<meta name=\"twitter:label1\" content=\"Tiempo de lectura\" \/>\n\t<meta name=\"twitter:data1\" content=\"1 minuto\" \/>\n<script type=\"application\/ld+json\" class=\"yoast-schema-graph\">{\"@context\":\"https:\\\/\\\/schema.org\",\"@graph\":[{\"@type\":\"WebPage\",\"@id\":\"https:\\\/\\\/www.repam.net\\\/es\\\/publicaciones\\\/cesta-amazonica\\\/que-es-la-cesta-amazonica\\\/\",\"url\":\"https:\\\/\\\/www.repam.net\\\/es\\\/publicaciones\\\/cesta-amazonica\\\/que-es-la-cesta-amazonica\\\/\",\"name\":\"\u00bfQu\u00e9 es la cesta amaz\u00f3nica? - REPAM\",\"isPartOf\":{\"@id\":\"https:\\\/\\\/www.repam.net\\\/es\\\/#website\"},\"datePublished\":\"2021-09-13T17:58:13+00:00\",\"dateModified\":\"2021-09-13T18:03:43+00:00\",\"breadcrumb\":{\"@id\":\"https:\\\/\\\/www.repam.net\\\/es\\\/publicaciones\\\/cesta-amazonica\\\/que-es-la-cesta-amazonica\\\/#breadcrumb\"},\"inLanguage\":\"es-CO\",\"potentialAction\":[{\"@type\":\"ReadAction\",\"target\":[\"https:\\\/\\\/www.repam.net\\\/es\\\/publicaciones\\\/cesta-amazonica\\\/que-es-la-cesta-amazonica\\\/\"]}]},{\"@type\":\"BreadcrumbList\",\"@id\":\"https:\\\/\\\/www.repam.net\\\/es\\\/publicaciones\\\/cesta-amazonica\\\/que-es-la-cesta-amazonica\\\/#breadcrumb\",\"itemListElement\":[{\"@type\":\"ListItem\",\"position\":1,\"name\":\"Inicio\",\"item\":\"https:\\\/\\\/www.repam.net\\\/es\\\/\"},{\"@type\":\"ListItem\",\"position\":2,\"name\":\"Publicaciones\",\"item\":\"https:\\\/\\\/www.repam.net\\\/es\\\/publicaciones\\\/\"},{\"@type\":\"ListItem\",\"position\":3,\"name\":\"Cesta Amaz\u00f3nica\",\"item\":\"https:\\\/\\\/www.repam.net\\\/es\\\/publicaciones\\\/cesta-amazonica\\\/\"},{\"@type\":\"ListItem\",\"position\":4,\"name\":\"\u00bfQu\u00e9 es la cesta amaz\u00f3nica?\"}]},{\"@type\":\"WebSite\",\"@id\":\"https:\\\/\\\/www.repam.net\\\/es\\\/#website\",\"url\":\"https:\\\/\\\/www.repam.net\\\/es\\\/\",\"name\":\"REPAM\",\"description\":\"Red Eclesial Panamaz\u00f3nica\",\"publisher\":{\"@id\":\"https:\\\/\\\/www.repam.net\\\/es\\\/#organization\"},\"potentialAction\":[{\"@type\":\"SearchAction\",\"target\":{\"@type\":\"EntryPoint\",\"urlTemplate\":\"https:\\\/\\\/www.repam.net\\\/es\\\/?s={search_term_string}\"},\"query-input\":{\"@type\":\"PropertyValueSpecification\",\"valueRequired\":true,\"valueName\":\"search_term_string\"}}],\"inLanguage\":\"es-CO\"},{\"@type\":\"Organization\",\"@id\":\"https:\\\/\\\/www.repam.net\\\/es\\\/#organization\",\"name\":\"REPAM\",\"url\":\"https:\\\/\\\/www.repam.net\\\/es\\\/\",\"logo\":{\"@type\":\"ImageObject\",\"inLanguage\":\"es-CO\",\"@id\":\"https:\\\/\\\/www.repam.net\\\/es\\\/#\\\/schema\\\/logo\\\/image\\\/\",\"url\":\"https:\\\/\\\/www.repam.net\\\/es\\\/wp-content\\\/uploads\\\/2021\\\/11\\\/cropped-favicon.png\",\"contentUrl\":\"https:\\\/\\\/www.repam.net\\\/es\\\/wp-content\\\/uploads\\\/2021\\\/11\\\/cropped-favicon.png\",\"width\":512,\"height\":512,\"caption\":\"REPAM\"},\"image\":{\"@id\":\"https:\\\/\\\/www.repam.net\\\/es\\\/#\\\/schema\\\/logo\\\/image\\\/\"}}]}<\/script>\n<!-- \/ Yoast SEO plugin. -->","yoast_head_json":{"title":"\u00bfQu\u00e9 es la cesta amaz\u00f3nica? - REPAM","robots":{"index":"index","follow":"follow","max-snippet":"max-snippet:-1","max-image-preview":"max-image-preview:large","max-video-preview":"max-video-preview:-1"},"canonical":"https:\/\/www.repam.net\/es\/publicaciones\/cesta-amazonica\/que-es-la-cesta-amazonica\/","og_locale":"es_ES","og_type":"article","og_title":"\u00bfQu\u00e9 es la cesta amaz\u00f3nica? - REPAM","og_description":"La Cesta Amaz\u00f3nica es una caja que contiene herramientas que se ponen a disposici\u00f3n como insumos para los agentes de pastoral que se encuentran en el territorio amaz\u00f3nico y que pueden requerir materiales sencillos para la mayor vinculaci\u00f3n entre su ejercicio evangelizador y su rol activo en la sociedad. Es una iniciativa construida colectivamente para [&hellip;]","og_url":"https:\/\/www.repam.net\/es\/publicaciones\/cesta-amazonica\/que-es-la-cesta-amazonica\/","og_site_name":"REPAM","article_modified_time":"2021-09-13T18:03:43+00:00","twitter_card":"summary_large_image","twitter_misc":{"Tiempo de lectura":"1 minuto"},"schema":{"@context":"https:\/\/schema.org","@graph":[{"@type":"WebPage","@id":"https:\/\/www.repam.net\/es\/publicaciones\/cesta-amazonica\/que-es-la-cesta-amazonica\/","url":"https:\/\/www.repam.net\/es\/publicaciones\/cesta-amazonica\/que-es-la-cesta-amazonica\/","name":"\u00bfQu\u00e9 es la cesta amaz\u00f3nica? - REPAM","isPartOf":{"@id":"https:\/\/www.repam.net\/es\/#website"},"datePublished":"2021-09-13T17:58:13+00:00","dateModified":"2021-09-13T18:03:43+00:00","breadcrumb":{"@id":"https:\/\/www.repam.net\/es\/publicaciones\/cesta-amazonica\/que-es-la-cesta-amazonica\/#breadcrumb"},"inLanguage":"es-CO","potentialAction":[{"@type":"ReadAction","target":["https:\/\/www.repam.net\/es\/publicaciones\/cesta-amazonica\/que-es-la-cesta-amazonica\/"]}]},{"@type":"BreadcrumbList","@id":"https:\/\/www.repam.net\/es\/publicaciones\/cesta-amazonica\/que-es-la-cesta-amazonica\/#breadcrumb","itemListElement":[{"@type":"ListItem","position":1,"name":"Inicio","item":"https:\/\/www.repam.net\/es\/"},{"@type":"ListItem","position":2,"name":"Publicaciones","item":"https:\/\/www.repam.net\/es\/publicaciones\/"},{"@type":"ListItem","position":3,"name":"Cesta Amaz\u00f3nica","item":"https:\/\/www.repam.net\/es\/publicaciones\/cesta-amazonica\/"},{"@type":"ListItem","position":4,"name":"\u00bfQu\u00e9 es la cesta amaz\u00f3nica?"}]},{"@type":"WebSite","@id":"https:\/\/www.repam.net\/es\/#website","url":"https:\/\/www.repam.net\/es\/","name":"REPAM","description":"Red Eclesial Panamaz\u00f3nica","publisher":{"@id":"https:\/\/www.repam.net\/es\/#organization"},"potentialAction":[{"@type":"SearchAction","target":{"@type":"EntryPoint","urlTemplate":"https:\/\/www.repam.net\/es\/?s={search_term_string}"},"query-input":{"@type":"PropertyValueSpecification","valueRequired":true,"valueName":"search_term_string"}}],"inLanguage":"es-CO"},{"@type":"Organization","@id":"https:\/\/www.repam.net\/es\/#organization","name":"REPAM","url":"https:\/\/www.repam.net\/es\/","logo":{"@type":"ImageObject","inLanguage":"es-CO","@id":"https:\/\/www.repam.net\/es\/#\/schema\/logo\/image\/","url":"https:\/\/www.repam.net\/es\/wp-content\/uploads\/2021\/11\/cropped-favicon.png","contentUrl":"https:\/\/www.repam.net\/es\/wp-content\/uploads\/2021\/11\/cropped-favicon.png","width":512,"height":512,"caption":"REPAM"},"image":{"@id":"https:\/\/www.repam.net\/es\/#\/schema\/logo\/image\/"}}]}},"_links":{"self":[{"href":"https:\/\/www.repam.net\/es\/wp-json\/wp\/v2\/pages\/694","targetHints":{"allow":["GET"]}}],"collection":[{"href":"https:\/\/www.repam.net\/es\/wp-json\/wp\/v2\/pages"}],"about":[{"href":"https:\/\/www.repam.net\/es\/wp-json\/wp\/v2\/types\/page"}],"author":[{"embeddable":true,"href":"https:\/\/www.repam.net\/es\/wp-json\/wp\/v2\/users\/1"}],"replies":[{"embeddable":true,"href":"https:\/\/www.repam.net\/es\/wp-json\/wp\/v2\/comments?post=694"}],"version-history":[{"count":5,"href":"https:\/\/www.repam.net\/es\/wp-json\/wp\/v2\/pages\/694\/revisions"}],"predecessor-version":[{"id":700,"href":"https:\/\/www.repam.net\/es\/wp-json\/wp\/v2\/pages\/694\/revisions\/700"}],"up":[{"embeddable":true,"href":"https:\/\/www.repam.net\/es\/wp-json\/wp\/v2\/pages\/687"}],"wp:attachment":[{"href":"https:\/\/www.repam.net\/es\/wp-json\/wp\/v2\/media?parent=694"}],"curies":[{"name":"wp","href":"https:\/\/api.w.org\/{rel}","templated":true}]}}