{"id":78,"date":"2021-08-28T18:01:39","date_gmt":"2021-08-28T23:01:39","guid":{"rendered":"http:\/\/repam.net\/?page_id=78"},"modified":"2021-12-08T08:43:02","modified_gmt":"2021-12-08T13:43:02","slug":"nucleos","status":"publish","type":"page","link":"https:\/\/www.repam.net\/es\/nucleos\/","title":{"rendered":"N\u00facleos Tem\u00e1ticos"},"content":{"rendered":"\n<p>El trabajo de la REPAM plantea un proceso de articulaci\u00f3n que parte del territorio y permite incidir en niveles internacionales: eclesiales, pol\u00edticos y sociales.&nbsp;<\/p>\n\n\n\n<p>Para facilitar este proceso, la Red se articula por medio de sus n\u00facleos tem\u00e1ticos de trabajo.<\/p>\n","protected":false},"excerpt":{"rendered":"<p>El trabajo de la REPAM plantea un proceso de articulaci\u00f3n que parte del territorio y permite incidir en niveles internacionales: eclesiales, pol\u00edticos y sociales.&nbsp; Para facilitar este proceso, la Red se articula por medio de sus n\u00facleos tem\u00e1ticos de trabajo.<\/p>\n","protected":false},"author":1,"featured_media":0,"parent":0,"menu_order":0,"comment_status":"closed","ping_status":"closed","template":"page-multipla.php","meta":{"_acf_changed":false,"_uf_show_specific_survey":0,"_uf_disable_surveys":false,"footnotes":""},"class_list":["post-78","page","type-page","status-publish","hentry"],"acf":[],"aioseo_notices":[],"yoast_head":"<!-- This site is optimized with the Yoast SEO plugin v27.3 - https:\/\/yoast.com\/product\/yoast-seo-wordpress\/ -->\n<title>N\u00facleos Tem\u00e1ticos - REPAM<\/title>\n<meta name=\"robots\" content=\"index, follow, max-snippet:-1, max-image-preview:large, max-video-preview:-1\" \/>\n<link rel=\"canonical\" href=\"https:\/\/www.repam.net\/es\/nucleos\/\" \/>\n<meta property=\"og:locale\" content=\"es_ES\" \/>\n<meta property=\"og:type\" content=\"article\" \/>\n<meta property=\"og:title\" content=\"N\u00facleos Tem\u00e1ticos - REPAM\" \/>\n<meta property=\"og:description\" content=\"El trabajo de la REPAM plantea un proceso de articulaci\u00f3n que parte del territorio y permite incidir en niveles internacionales: eclesiales, pol\u00edticos y sociales.&nbsp; Para facilitar este proceso, la Red se articula por medio de sus n\u00facleos tem\u00e1ticos de trabajo.\" \/>\n<meta property=\"og:url\" content=\"https:\/\/www.repam.net\/es\/nucleos\/\" \/>\n<meta property=\"og:site_name\" content=\"REPAM\" \/>\n<meta property=\"article:modified_time\" content=\"2021-12-08T13:43:02+00:00\" \/>\n<meta name=\"twitter:card\" content=\"summary_large_image\" \/>\n<meta name=\"twitter:label1\" content=\"Tiempo de lectura\" \/>\n\t<meta name=\"twitter:data1\" content=\"1 minuto\" \/>\n<script type=\"application\/ld+json\" class=\"yoast-schema-graph\">{\"@context\":\"https:\\\/\\\/schema.org\",\"@graph\":[{\"@type\":\"WebPage\",\"@id\":\"https:\\\/\\\/www.repam.net\\\/es\\\/nucleos\\\/\",\"url\":\"https:\\\/\\\/www.repam.net\\\/es\\\/nucleos\\\/\",\"name\":\"N\u00facleos Tem\u00e1ticos - REPAM\",\"isPartOf\":{\"@id\":\"https:\\\/\\\/www.repam.net\\\/es\\\/#website\"},\"datePublished\":\"2021-08-28T23:01:39+00:00\",\"dateModified\":\"2021-12-08T13:43:02+00:00\",\"breadcrumb\":{\"@id\":\"https:\\\/\\\/www.repam.net\\\/es\\\/nucleos\\\/#breadcrumb\"},\"inLanguage\":\"es-CO\",\"potentialAction\":[{\"@type\":\"ReadAction\",\"target\":[\"https:\\\/\\\/www.repam.net\\\/es\\\/nucleos\\\/\"]}]},{\"@type\":\"BreadcrumbList\",\"@id\":\"https:\\\/\\\/www.repam.net\\\/es\\\/nucleos\\\/#breadcrumb\",\"itemListElement\":[{\"@type\":\"ListItem\",\"position\":1,\"name\":\"Inicio\",\"item\":\"https:\\\/\\\/www.repam.net\\\/es\\\/\"},{\"@type\":\"ListItem\",\"position\":2,\"name\":\"N\u00facleos Tem\u00e1ticos\"}]},{\"@type\":\"WebSite\",\"@id\":\"https:\\\/\\\/www.repam.net\\\/es\\\/#website\",\"url\":\"https:\\\/\\\/www.repam.net\\\/es\\\/\",\"name\":\"REPAM\",\"description\":\"Red Eclesial Panamaz\u00f3nica\",\"publisher\":{\"@id\":\"https:\\\/\\\/www.repam.net\\\/es\\\/#organization\"},\"potentialAction\":[{\"@type\":\"SearchAction\",\"target\":{\"@type\":\"EntryPoint\",\"urlTemplate\":\"https:\\\/\\\/www.repam.net\\\/es\\\/?s={search_term_string}\"},\"query-input\":{\"@type\":\"PropertyValueSpecification\",\"valueRequired\":true,\"valueName\":\"search_term_string\"}}],\"inLanguage\":\"es-CO\"},{\"@type\":\"Organization\",\"@id\":\"https:\\\/\\\/www.repam.net\\\/es\\\/#organization\",\"name\":\"REPAM\",\"url\":\"https:\\\/\\\/www.repam.net\\\/es\\\/\",\"logo\":{\"@type\":\"ImageObject\",\"inLanguage\":\"es-CO\",\"@id\":\"https:\\\/\\\/www.repam.net\\\/es\\\/#\\\/schema\\\/logo\\\/image\\\/\",\"url\":\"https:\\\/\\\/www.repam.net\\\/es\\\/wp-content\\\/uploads\\\/2021\\\/11\\\/cropped-favicon.png\",\"contentUrl\":\"https:\\\/\\\/www.repam.net\\\/es\\\/wp-content\\\/uploads\\\/2021\\\/11\\\/cropped-favicon.png\",\"width\":512,\"height\":512,\"caption\":\"REPAM\"},\"image\":{\"@id\":\"https:\\\/\\\/www.repam.net\\\/es\\\/#\\\/schema\\\/logo\\\/image\\\/\"}}]}<\/script>\n<!-- \/ Yoast SEO plugin. -->","yoast_head_json":{"title":"N\u00facleos Tem\u00e1ticos - REPAM","robots":{"index":"index","follow":"follow","max-snippet":"max-snippet:-1","max-image-preview":"max-image-preview:large","max-video-preview":"max-video-preview:-1"},"canonical":"https:\/\/www.repam.net\/es\/nucleos\/","og_locale":"es_ES","og_type":"article","og_title":"N\u00facleos Tem\u00e1ticos - REPAM","og_description":"El trabajo de la REPAM plantea un proceso de articulaci\u00f3n que parte del territorio y permite incidir en niveles internacionales: eclesiales, pol\u00edticos y sociales.&nbsp; Para facilitar este proceso, la Red se articula por medio de sus n\u00facleos tem\u00e1ticos de trabajo.","og_url":"https:\/\/www.repam.net\/es\/nucleos\/","og_site_name":"REPAM","article_modified_time":"2021-12-08T13:43:02+00:00","twitter_card":"summary_large_image","twitter_misc":{"Tiempo de lectura":"1 minuto"},"schema":{"@context":"https:\/\/schema.org","@graph":[{"@type":"WebPage","@id":"https:\/\/www.repam.net\/es\/nucleos\/","url":"https:\/\/www.repam.net\/es\/nucleos\/","name":"N\u00facleos Tem\u00e1ticos - REPAM","isPartOf":{"@id":"https:\/\/www.repam.net\/es\/#website"},"datePublished":"2021-08-28T23:01:39+00:00","dateModified":"2021-12-08T13:43:02+00:00","breadcrumb":{"@id":"https:\/\/www.repam.net\/es\/nucleos\/#breadcrumb"},"inLanguage":"es-CO","potentialAction":[{"@type":"ReadAction","target":["https:\/\/www.repam.net\/es\/nucleos\/"]}]},{"@type":"BreadcrumbList","@id":"https:\/\/www.repam.net\/es\/nucleos\/#breadcrumb","itemListElement":[{"@type":"ListItem","position":1,"name":"Inicio","item":"https:\/\/www.repam.net\/es\/"},{"@type":"ListItem","position":2,"name":"N\u00facleos Tem\u00e1ticos"}]},{"@type":"WebSite","@id":"https:\/\/www.repam.net\/es\/#website","url":"https:\/\/www.repam.net\/es\/","name":"REPAM","description":"Red Eclesial Panamaz\u00f3nica","publisher":{"@id":"https:\/\/www.repam.net\/es\/#organization"},"potentialAction":[{"@type":"SearchAction","target":{"@type":"EntryPoint","urlTemplate":"https:\/\/www.repam.net\/es\/?s={search_term_string}"},"query-input":{"@type":"PropertyValueSpecification","valueRequired":true,"valueName":"search_term_string"}}],"inLanguage":"es-CO"},{"@type":"Organization","@id":"https:\/\/www.repam.net\/es\/#organization","name":"REPAM","url":"https:\/\/www.repam.net\/es\/","logo":{"@type":"ImageObject","inLanguage":"es-CO","@id":"https:\/\/www.repam.net\/es\/#\/schema\/logo\/image\/","url":"https:\/\/www.repam.net\/es\/wp-content\/uploads\/2021\/11\/cropped-favicon.png","contentUrl":"https:\/\/www.repam.net\/es\/wp-content\/uploads\/2021\/11\/cropped-favicon.png","width":512,"height":512,"caption":"REPAM"},"image":{"@id":"https:\/\/www.repam.net\/es\/#\/schema\/logo\/image\/"}}]}},"_links":{"self":[{"href":"https:\/\/www.repam.net\/es\/wp-json\/wp\/v2\/pages\/78","targetHints":{"allow":["GET"]}}],"collection":[{"href":"https:\/\/www.repam.net\/es\/wp-json\/wp\/v2\/pages"}],"about":[{"href":"https:\/\/www.repam.net\/es\/wp-json\/wp\/v2\/types\/page"}],"author":[{"embeddable":true,"href":"https:\/\/www.repam.net\/es\/wp-json\/wp\/v2\/users\/1"}],"replies":[{"embeddable":true,"href":"https:\/\/www.repam.net\/es\/wp-json\/wp\/v2\/comments?post=78"}],"version-history":[{"count":8,"href":"https:\/\/www.repam.net\/es\/wp-json\/wp\/v2\/pages\/78\/revisions"}],"predecessor-version":[{"id":12261,"href":"https:\/\/www.repam.net\/es\/wp-json\/wp\/v2\/pages\/78\/revisions\/12261"}],"wp:attachment":[{"href":"https:\/\/www.repam.net\/es\/wp-json\/wp\/v2\/media?parent=78"}],"curies":[{"name":"wp","href":"https:\/\/api.w.org\/{rel}","templated":true}]}}