{"id":8970,"date":"2022-11-23T18:45:10","date_gmt":"2022-11-23T23:45:10","guid":{"rendered":"https:\/\/www.repam.net\/es\/?page_id=8970"},"modified":"2023-02-17T11:03:24","modified_gmt":"2023-02-17T16:03:24","slug":"ceama-la-amazonia","status":"publish","type":"page","link":"https:\/\/www.repam.net\/es\/publicaciones\/series-radiales\/ceama-la-amazonia\/","title":{"rendered":"CEAMA la Amazon\u00eda"},"content":{"rendered":"<div class=\"wp-block-image\">\n<figure class=\"aligncenter size-large\"><img loading=\"lazy\" decoding=\"async\" width=\"1024\" height=\"597\" src=\"https:\/\/www.repam.net\/es\/wp-content\/uploads\/2022\/11\/CEAMA-la-Amazonia-1024x597.jpeg\" alt=\"\" class=\"wp-image-8971\" srcset=\"https:\/\/www.repam.net\/es\/wp-content\/uploads\/2022\/11\/CEAMA-la-Amazonia-1024x597.jpeg 1024w, https:\/\/www.repam.net\/es\/wp-content\/uploads\/2022\/11\/CEAMA-la-Amazonia-300x175.jpeg 300w, https:\/\/www.repam.net\/es\/wp-content\/uploads\/2022\/11\/CEAMA-la-Amazonia-768x448.jpeg 768w, https:\/\/www.repam.net\/es\/wp-content\/uploads\/2022\/11\/CEAMA-la-Amazonia.jpeg 1200w\" sizes=\"auto, (max-width: 1024px) 100vw, 1024px\" \/><\/figure>\n<\/div>\n\n\n<blockquote class=\"wp-block-quote is-layout-flow wp-block-quote-is-layout-flow\">\n<p>La serie de podcast &#8220;CEAMA la Amazon\u00eda&#8221;, en su primera temporada, narra los caminos de la Iglesia con rostro y coraz\u00f3n amaz\u00f3nico.<\/p>\n<\/blockquote>\n\n\n\n<p>En esta primera temporada conmemoramos los tres a\u00f1os del S\u00ednodo Amaz\u00f3nico. Para ello, dibujaremos una l\u00ednea del tiempo, que traza los antecedentes, los momentos claves, los sentidos y los frutos del proceso sinodal de la Iglesia en la Amazon\u00eda.<\/p>\n\n\n\n<p>Esta serie es producida por la Conferencia Eclesial de la Amazon\u00eda (CEAMA), con el valioso apoyo, asesor\u00eda y acompa\u00f1amiento de la Red Eclesial Panamaz\u00f3nica (REPAM), el Consejo Episcopal Latinoamericano y Caribe\u00f1o (CELAM), la Confederaci\u00f3n Latinoamericana de Religiosos (CLAR) y C\u00c1RITAS Am\u00e9rica Latina y el Caribe.<\/p>\n\n\n\n<h5 class=\"wp-block-heading\">1. Aires de cambio soplan hacia la Amazon\u00eda<\/h5>\n\n\n\n<p><em>En el primer cap\u00edtulo presentamos nuestro primer hito, el &#8220;Concilio Vaticano II&#8221; (1962-1965) y el &#8220;Encuentro de Santar\u00e9m&#8221; (1972), como punto de inicio que marc\u00f3 el caminar en conjunto de la Iglesia en la Amazon\u00eda.<\/em><\/p>\n\n\n\n<figure class=\"wp-block-embed is-type-rich is-provider-spotify wp-block-embed-spotify wp-embed-aspect-21-9 wp-has-aspect-ratio\"><div class=\"wp-block-embed__wrapper\">\n<iframe title=\"Spotify Embed: Aires de cambio soplan hacia la Amazon\u00eda: el Concilio Vaticano Segundo y Santar\u00e9m.\" style=\"border-radius: 12px\" width=\"100%\" height=\"152\" frameborder=\"0\" allowfullscreen allow=\"autoplay; clipboard-write; encrypted-media; fullscreen; picture-in-picture\" loading=\"lazy\" src=\"https:\/\/open.spotify.com\/embed\/episode\/6BnJ6z8H9T24XY7LAlknm9?utm_source=oembed\"><\/iframe>\n<\/div><\/figure>\n\n\n\n<h5 class=\"wp-block-heading\">Esp\u00edritu Misionero de la Iglesia en la Amazon\u00eda<\/h5>\n\n\n\n<p><em>El segundo cap\u00edtulo presentamos la &#8220;Conferencia de Aparecida&#8221;, que mold\u00f3 e impuls\u00f3 el esp\u00edritu misionero y el compromisso concreto hacia una aut\u00e9ntica pastoral de conjunto de la Iglesia Amaz\u00f3nica.<\/em><\/p>\n\n\n\n<figure class=\"wp-block-embed is-type-rich is-provider-spotify wp-block-embed-spotify wp-embed-aspect-21-9 wp-has-aspect-ratio\"><div class=\"wp-block-embed__wrapper\">\n<iframe title=\"Spotify Embed: Aparecida. Una Conferencia que marca el esp\u00edritu misionero de la Iglesia en la Amazon\u00eda.\" style=\"border-radius: 12px\" width=\"100%\" height=\"152\" frameborder=\"0\" allowfullscreen allow=\"autoplay; clipboard-write; encrypted-media; fullscreen; picture-in-picture\" loading=\"lazy\" src=\"https:\/\/open.spotify.com\/embed\/episode\/3zoqLut2WXsl2IavC6e7O3?utm_source=oembed\"><\/iframe>\n<\/div><\/figure>\n\n\n\n<h5 class=\"wp-block-heading\">As\u00ed nace una red. Origen de la Red Eclesial Pan- Amaz\u00f3nica<\/h5>\n\n\n\n<p>Cap\u00edtulo tercero. Continuamos trazando el caminar del S\u00ednodo de la Amazon\u00eda. En esta tercera entrega abordamos el origen y los primeros pasos de la Red Eclesial Panamaz\u00f3nica. Su misi\u00f3n, sus principales objetivos en el territorio, su relaci\u00f3n con los pueblos originarios, la defensa de su cultura y sus derechos son temas que se abordan en este episodio.<\/p>\n\n\n\n<figure class=\"wp-block-embed is-type-rich is-provider-spotify wp-block-embed-spotify wp-embed-aspect-21-9 wp-has-aspect-ratio\"><div class=\"wp-block-embed__wrapper\">\n<iframe title=\"Spotify Embed: As\u00ed nace una red. Origen de la Red Eclesial Pan \u2013 Amaz\u00f3nica \" style=\"border-radius: 12px\" width=\"100%\" height=\"152\" frameborder=\"0\" allowfullscreen allow=\"autoplay; clipboard-write; encrypted-media; fullscreen; picture-in-picture\" loading=\"lazy\" src=\"https:\/\/open.spotify.com\/embed\/episode\/6iwa7khmVIk7T15F5hzL6K?utm_source=oembed\"><\/iframe>\n<\/div><\/figure>\n\n\n\n<h5 class=\"wp-block-heading\">Tiempos de di\u00e1logo. Preparaci\u00f3n del S\u00ednodo de la Amazon\u00eda<\/h5>\n\n\n\n<p>El proceso de preparaci\u00f3n del S\u00ednodo Especial de la Amazon\u00eda es el cuarto hito hist\u00f3rico en el caminar sinodal de la Iglesia en la Amazon\u00eda. Este ejercicio integr\u00f3 a los 9 pa\u00edses de la cuenca amaz\u00f3nica, las iglesias, las Conferencias Episcopales de los pa\u00edses amaz\u00f3nicos<\/p>\n\n\n\n<p>y a los pueblos ind\u00edgenas en un ejercicio de di\u00e1logo, de escucha activa y de reflexi\u00f3n sobre las realidades que aquejan al territorio y en la b\u00fasqueda conjunta de nuevos caminos para la Amazon\u00eda.<\/p>\n\n\n\n<figure class=\"wp-block-embed is-type-rich is-provider-spotify wp-block-embed-spotify wp-embed-aspect-21-9 wp-has-aspect-ratio\"><div class=\"wp-block-embed__wrapper\">\n<iframe title=\"Spotify Embed: Tiempos de di\u00e1logo. Preparaci\u00f3n del S\u00ednodo de la Amazon\u00eda.  \" style=\"border-radius: 12px\" width=\"100%\" height=\"152\" frameborder=\"0\" allowfullscreen allow=\"autoplay; clipboard-write; encrypted-media; fullscreen; picture-in-picture\" loading=\"lazy\" src=\"https:\/\/open.spotify.com\/embed\/episode\/16maLUyW6AmmJM6MjCFBiT?si=4nO2cdnmQuGITnHtpO2hOg&#038;nd=1&#038;utm_source=oembed\"><\/iframe>\n<\/div><\/figure>\n\n\n\n<h5 class=\"wp-block-heading\">S\u00ednodo de la Amazon\u00eda. 21 d\u00edas en la b\u00fasqueda de nuevos caminos para la Iglesia y para una ecolog\u00eda integral.<\/h5>\n\n\n\n<p>El S\u00ednodo de la Amazon\u00eda es nuestro quinto cap\u00edtulo, quinto hito hist\u00f3rico en el caminar sinodal de la Iglesia amaz\u00f3nica. Aqu\u00ed se cuenta la realizaci\u00f3n de este encuentro del Santo Padre Francisco con los obispos, l\u00edderes de los pueblos originarios y la comunidad cat\u00f3lica de la Amazon\u00eda. Este S\u00ednodo, celebrado en Roma entre el 6 y 27 de octubre de 2020, fue un espacio para dialogar sobre la Amazon\u00eda, sus amenazas, la situaci\u00f3n de sus culturas originarias, el papel de la Iglesia frente a estas problem\u00e1ticas, la b\u00fasqueda conjunta de posibles soluciones y la construcci\u00f3n conjunta de nuevos caminos para la Iglesia en la Amazon\u00eda.<\/p>\n\n\n\n<p>Fueron 21 d\u00edas de di\u00e1logos, reflexiones y propuestas que confluyeron en el documento \u201cAmazon\u00eda: nuevos caminos para la Iglesia y para la ecolog\u00eda Integral\u201d. Posteriormente, el Papa Francisco en la exhortaci\u00f3n \u201cQuerida Amazon\u00eda recoge las principales conclusiones del S\u00ednodo y hace cuatro propuestas a modo de sue\u00f1os. Un sue\u00f1o social que busca la defensa de los m\u00e1s vulnerables y la recuperaci\u00f3n de la dignidad de los habitantes del territorio. Un sue\u00f1o cultural orientado al respeto y valoraci\u00f3n de los pueblos ind\u00edgenas, campesinos y afrodescendientes del Amazonas. Un sue\u00f1o ecol\u00f3gico que busca el cuidado de la selva amaz\u00f3nica y verla como nuestra casa com\u00fan. Y un cuarto<\/p>\n\n\n\n<p>sue\u00f1o eclesial, enfocado en proponer nuevos caminos de conversi\u00f3n pastoral. Una Iglesia que incluye, escucha, dialoga y se construye con la participaci\u00f3n de todos y todas, laicos, laicas, religiosos, religiosas y la comunidad cat\u00f3lica en su conjunto.<\/p>\n\n\n\n<figure class=\"wp-block-embed aligncenter is-type-rich is-provider-spotify wp-block-embed-spotify wp-embed-aspect-21-9 wp-has-aspect-ratio\"><div class=\"wp-block-embed__wrapper\">\n<iframe title=\"Spotify Embed: S\u00ednodo de la Amazon\u00eda. 21 d\u00edas en la b\u00fasqueda de nuevos caminos para la Iglesia y para una ecolog\u00eda integral. \" style=\"border-radius: 12px\" width=\"100%\" height=\"152\" frameborder=\"0\" allowfullscreen allow=\"autoplay; clipboard-write; encrypted-media; fullscreen; picture-in-picture\" loading=\"lazy\" src=\"https:\/\/open.spotify.com\/embed\/episode\/1fVdE7SSyRUEHa6a0KgIs0?utm_source=oembed\"><\/iframe>\n<\/div><\/figure>\n","protected":false},"excerpt":{"rendered":"<p>La serie de podcast &#8220;CEAMA la Amazon\u00eda&#8221;, en su primera temporada, narra los caminos de la Iglesia con rostro y coraz\u00f3n amaz\u00f3nico. En esta primera temporada conmemoramos los tres a\u00f1os del S\u00ednodo Amaz\u00f3nico. Para ello, dibujaremos una l\u00ednea del tiempo, que traza los antecedentes, los momentos claves, los sentidos y los frutos del proceso sinodal [&hellip;]<\/p>\n","protected":false},"author":1,"featured_media":8971,"parent":1023,"menu_order":1,"comment_status":"closed","ping_status":"closed","template":"","meta":{"_acf_changed":false,"_uf_show_specific_survey":0,"_uf_disable_surveys":false,"footnotes":""},"class_list":["post-8970","page","type-page","status-publish","has-post-thumbnail","hentry"],"acf":[],"aioseo_notices":[],"yoast_head":"<!-- This site is optimized with the Yoast SEO plugin v27.4 - https:\/\/yoast.com\/product\/yoast-seo-wordpress\/ -->\n<title>CEAMA la Amazon\u00eda - REPAM<\/title>\n<meta name=\"robots\" content=\"index, follow, max-snippet:-1, max-image-preview:large, max-video-preview:-1\" \/>\n<link rel=\"canonical\" href=\"https:\/\/www.repam.net\/es\/publicaciones\/series-radiales\/ceama-la-amazonia\/\" \/>\n<meta property=\"og:locale\" content=\"es_ES\" \/>\n<meta property=\"og:type\" content=\"article\" \/>\n<meta property=\"og:title\" content=\"CEAMA la Amazon\u00eda - REPAM\" \/>\n<meta property=\"og:description\" content=\"La serie de podcast &#8220;CEAMA la Amazon\u00eda&#8221;, en su primera temporada, narra los caminos de la Iglesia con rostro y coraz\u00f3n amaz\u00f3nico. En esta primera temporada conmemoramos los tres a\u00f1os del S\u00ednodo Amaz\u00f3nico. Para ello, dibujaremos una l\u00ednea del tiempo, que traza los antecedentes, los momentos claves, los sentidos y los frutos del proceso sinodal [&hellip;]\" \/>\n<meta property=\"og:url\" content=\"https:\/\/www.repam.net\/es\/publicaciones\/series-radiales\/ceama-la-amazonia\/\" \/>\n<meta property=\"og:site_name\" content=\"REPAM\" \/>\n<meta property=\"article:modified_time\" content=\"2023-02-17T16:03:24+00:00\" \/>\n<meta property=\"og:image\" content=\"https:\/\/www.repam.net\/es\/wp-content\/uploads\/2022\/11\/CEAMA-la-Amazonia.jpeg\" \/>\n\t<meta property=\"og:image:width\" content=\"1200\" \/>\n\t<meta property=\"og:image:height\" content=\"700\" \/>\n\t<meta property=\"og:image:type\" content=\"image\/jpeg\" \/>\n<meta name=\"twitter:card\" content=\"summary_large_image\" \/>\n<meta name=\"twitter:label1\" content=\"Tiempo de lectura\" \/>\n\t<meta name=\"twitter:data1\" content=\"3 minutos\" \/>\n<script type=\"application\/ld+json\" class=\"yoast-schema-graph\">{\"@context\":\"https:\\\/\\\/schema.org\",\"@graph\":[{\"@type\":\"WebPage\",\"@id\":\"https:\\\/\\\/www.repam.net\\\/es\\\/publicaciones\\\/series-radiales\\\/ceama-la-amazonia\\\/\",\"url\":\"https:\\\/\\\/www.repam.net\\\/es\\\/publicaciones\\\/series-radiales\\\/ceama-la-amazonia\\\/\",\"name\":\"CEAMA la Amazon\u00eda - REPAM\",\"isPartOf\":{\"@id\":\"https:\\\/\\\/www.repam.net\\\/es\\\/#website\"},\"primaryImageOfPage\":{\"@id\":\"https:\\\/\\\/www.repam.net\\\/es\\\/publicaciones\\\/series-radiales\\\/ceama-la-amazonia\\\/#primaryimage\"},\"image\":{\"@id\":\"https:\\\/\\\/www.repam.net\\\/es\\\/publicaciones\\\/series-radiales\\\/ceama-la-amazonia\\\/#primaryimage\"},\"thumbnailUrl\":\"https:\\\/\\\/www.repam.net\\\/es\\\/wp-content\\\/uploads\\\/2022\\\/11\\\/CEAMA-la-Amazonia.jpeg\",\"datePublished\":\"2022-11-23T23:45:10+00:00\",\"dateModified\":\"2023-02-17T16:03:24+00:00\",\"breadcrumb\":{\"@id\":\"https:\\\/\\\/www.repam.net\\\/es\\\/publicaciones\\\/series-radiales\\\/ceama-la-amazonia\\\/#breadcrumb\"},\"inLanguage\":\"es-CO\",\"potentialAction\":[{\"@type\":\"ReadAction\",\"target\":[\"https:\\\/\\\/www.repam.net\\\/es\\\/publicaciones\\\/series-radiales\\\/ceama-la-amazonia\\\/\"]}]},{\"@type\":\"ImageObject\",\"inLanguage\":\"es-CO\",\"@id\":\"https:\\\/\\\/www.repam.net\\\/es\\\/publicaciones\\\/series-radiales\\\/ceama-la-amazonia\\\/#primaryimage\",\"url\":\"https:\\\/\\\/www.repam.net\\\/es\\\/wp-content\\\/uploads\\\/2022\\\/11\\\/CEAMA-la-Amazonia.jpeg\",\"contentUrl\":\"https:\\\/\\\/www.repam.net\\\/es\\\/wp-content\\\/uploads\\\/2022\\\/11\\\/CEAMA-la-Amazonia.jpeg\",\"width\":1200,\"height\":700},{\"@type\":\"BreadcrumbList\",\"@id\":\"https:\\\/\\\/www.repam.net\\\/es\\\/publicaciones\\\/series-radiales\\\/ceama-la-amazonia\\\/#breadcrumb\",\"itemListElement\":[{\"@type\":\"ListItem\",\"position\":1,\"name\":\"Inicio\",\"item\":\"https:\\\/\\\/www.repam.net\\\/es\\\/\"},{\"@type\":\"ListItem\",\"position\":2,\"name\":\"Publicaciones\",\"item\":\"https:\\\/\\\/www.repam.net\\\/es\\\/publicaciones\\\/\"},{\"@type\":\"ListItem\",\"position\":3,\"name\":\"Series Radiales\",\"item\":\"https:\\\/\\\/www.repam.net\\\/es\\\/publicaciones\\\/series-radiales\\\/\"},{\"@type\":\"ListItem\",\"position\":4,\"name\":\"CEAMA la Amazon\u00eda\"}]},{\"@type\":\"WebSite\",\"@id\":\"https:\\\/\\\/www.repam.net\\\/es\\\/#website\",\"url\":\"https:\\\/\\\/www.repam.net\\\/es\\\/\",\"name\":\"REPAM\",\"description\":\"Red Eclesial Panamaz\u00f3nica\",\"publisher\":{\"@id\":\"https:\\\/\\\/www.repam.net\\\/es\\\/#organization\"},\"potentialAction\":[{\"@type\":\"SearchAction\",\"target\":{\"@type\":\"EntryPoint\",\"urlTemplate\":\"https:\\\/\\\/www.repam.net\\\/es\\\/?s={search_term_string}\"},\"query-input\":{\"@type\":\"PropertyValueSpecification\",\"valueRequired\":true,\"valueName\":\"search_term_string\"}}],\"inLanguage\":\"es-CO\"},{\"@type\":\"Organization\",\"@id\":\"https:\\\/\\\/www.repam.net\\\/es\\\/#organization\",\"name\":\"REPAM\",\"url\":\"https:\\\/\\\/www.repam.net\\\/es\\\/\",\"logo\":{\"@type\":\"ImageObject\",\"inLanguage\":\"es-CO\",\"@id\":\"https:\\\/\\\/www.repam.net\\\/es\\\/#\\\/schema\\\/logo\\\/image\\\/\",\"url\":\"https:\\\/\\\/www.repam.net\\\/es\\\/wp-content\\\/uploads\\\/2021\\\/11\\\/cropped-favicon.png\",\"contentUrl\":\"https:\\\/\\\/www.repam.net\\\/es\\\/wp-content\\\/uploads\\\/2021\\\/11\\\/cropped-favicon.png\",\"width\":512,\"height\":512,\"caption\":\"REPAM\"},\"image\":{\"@id\":\"https:\\\/\\\/www.repam.net\\\/es\\\/#\\\/schema\\\/logo\\\/image\\\/\"}}]}<\/script>\n<!-- \/ Yoast SEO plugin. -->","yoast_head_json":{"title":"CEAMA la Amazon\u00eda - REPAM","robots":{"index":"index","follow":"follow","max-snippet":"max-snippet:-1","max-image-preview":"max-image-preview:large","max-video-preview":"max-video-preview:-1"},"canonical":"https:\/\/www.repam.net\/es\/publicaciones\/series-radiales\/ceama-la-amazonia\/","og_locale":"es_ES","og_type":"article","og_title":"CEAMA la Amazon\u00eda - REPAM","og_description":"La serie de podcast &#8220;CEAMA la Amazon\u00eda&#8221;, en su primera temporada, narra los caminos de la Iglesia con rostro y coraz\u00f3n amaz\u00f3nico. En esta primera temporada conmemoramos los tres a\u00f1os del S\u00ednodo Amaz\u00f3nico. Para ello, dibujaremos una l\u00ednea del tiempo, que traza los antecedentes, los momentos claves, los sentidos y los frutos del proceso sinodal [&hellip;]","og_url":"https:\/\/www.repam.net\/es\/publicaciones\/series-radiales\/ceama-la-amazonia\/","og_site_name":"REPAM","article_modified_time":"2023-02-17T16:03:24+00:00","og_image":[{"width":1200,"height":700,"url":"https:\/\/www.repam.net\/es\/wp-content\/uploads\/2022\/11\/CEAMA-la-Amazonia.jpeg","type":"image\/jpeg"}],"twitter_card":"summary_large_image","twitter_misc":{"Tiempo de lectura":"3 minutos"},"schema":{"@context":"https:\/\/schema.org","@graph":[{"@type":"WebPage","@id":"https:\/\/www.repam.net\/es\/publicaciones\/series-radiales\/ceama-la-amazonia\/","url":"https:\/\/www.repam.net\/es\/publicaciones\/series-radiales\/ceama-la-amazonia\/","name":"CEAMA la Amazon\u00eda - REPAM","isPartOf":{"@id":"https:\/\/www.repam.net\/es\/#website"},"primaryImageOfPage":{"@id":"https:\/\/www.repam.net\/es\/publicaciones\/series-radiales\/ceama-la-amazonia\/#primaryimage"},"image":{"@id":"https:\/\/www.repam.net\/es\/publicaciones\/series-radiales\/ceama-la-amazonia\/#primaryimage"},"thumbnailUrl":"https:\/\/www.repam.net\/es\/wp-content\/uploads\/2022\/11\/CEAMA-la-Amazonia.jpeg","datePublished":"2022-11-23T23:45:10+00:00","dateModified":"2023-02-17T16:03:24+00:00","breadcrumb":{"@id":"https:\/\/www.repam.net\/es\/publicaciones\/series-radiales\/ceama-la-amazonia\/#breadcrumb"},"inLanguage":"es-CO","potentialAction":[{"@type":"ReadAction","target":["https:\/\/www.repam.net\/es\/publicaciones\/series-radiales\/ceama-la-amazonia\/"]}]},{"@type":"ImageObject","inLanguage":"es-CO","@id":"https:\/\/www.repam.net\/es\/publicaciones\/series-radiales\/ceama-la-amazonia\/#primaryimage","url":"https:\/\/www.repam.net\/es\/wp-content\/uploads\/2022\/11\/CEAMA-la-Amazonia.jpeg","contentUrl":"https:\/\/www.repam.net\/es\/wp-content\/uploads\/2022\/11\/CEAMA-la-Amazonia.jpeg","width":1200,"height":700},{"@type":"BreadcrumbList","@id":"https:\/\/www.repam.net\/es\/publicaciones\/series-radiales\/ceama-la-amazonia\/#breadcrumb","itemListElement":[{"@type":"ListItem","position":1,"name":"Inicio","item":"https:\/\/www.repam.net\/es\/"},{"@type":"ListItem","position":2,"name":"Publicaciones","item":"https:\/\/www.repam.net\/es\/publicaciones\/"},{"@type":"ListItem","position":3,"name":"Series Radiales","item":"https:\/\/www.repam.net\/es\/publicaciones\/series-radiales\/"},{"@type":"ListItem","position":4,"name":"CEAMA la Amazon\u00eda"}]},{"@type":"WebSite","@id":"https:\/\/www.repam.net\/es\/#website","url":"https:\/\/www.repam.net\/es\/","name":"REPAM","description":"Red Eclesial Panamaz\u00f3nica","publisher":{"@id":"https:\/\/www.repam.net\/es\/#organization"},"potentialAction":[{"@type":"SearchAction","target":{"@type":"EntryPoint","urlTemplate":"https:\/\/www.repam.net\/es\/?s={search_term_string}"},"query-input":{"@type":"PropertyValueSpecification","valueRequired":true,"valueName":"search_term_string"}}],"inLanguage":"es-CO"},{"@type":"Organization","@id":"https:\/\/www.repam.net\/es\/#organization","name":"REPAM","url":"https:\/\/www.repam.net\/es\/","logo":{"@type":"ImageObject","inLanguage":"es-CO","@id":"https:\/\/www.repam.net\/es\/#\/schema\/logo\/image\/","url":"https:\/\/www.repam.net\/es\/wp-content\/uploads\/2021\/11\/cropped-favicon.png","contentUrl":"https:\/\/www.repam.net\/es\/wp-content\/uploads\/2021\/11\/cropped-favicon.png","width":512,"height":512,"caption":"REPAM"},"image":{"@id":"https:\/\/www.repam.net\/es\/#\/schema\/logo\/image\/"}}]}},"_links":{"self":[{"href":"https:\/\/www.repam.net\/es\/wp-json\/wp\/v2\/pages\/8970","targetHints":{"allow":["GET"]}}],"collection":[{"href":"https:\/\/www.repam.net\/es\/wp-json\/wp\/v2\/pages"}],"about":[{"href":"https:\/\/www.repam.net\/es\/wp-json\/wp\/v2\/types\/page"}],"author":[{"embeddable":true,"href":"https:\/\/www.repam.net\/es\/wp-json\/wp\/v2\/users\/1"}],"replies":[{"embeddable":true,"href":"https:\/\/www.repam.net\/es\/wp-json\/wp\/v2\/comments?post=8970"}],"version-history":[{"count":5,"href":"https:\/\/www.repam.net\/es\/wp-json\/wp\/v2\/pages\/8970\/revisions"}],"predecessor-version":[{"id":9452,"href":"https:\/\/www.repam.net\/es\/wp-json\/wp\/v2\/pages\/8970\/revisions\/9452"}],"up":[{"embeddable":true,"href":"https:\/\/www.repam.net\/es\/wp-json\/wp\/v2\/pages\/1023"}],"wp:featuredmedia":[{"embeddable":true,"href":"https:\/\/www.repam.net\/es\/wp-json\/wp\/v2\/media\/8971"}],"wp:attachment":[{"href":"https:\/\/www.repam.net\/es\/wp-json\/wp\/v2\/media?parent=8970"}],"curies":[{"name":"wp","href":"https:\/\/api.w.org\/{rel}","templated":true}]}}