{"id":9028,"date":"2022-12-06T14:30:30","date_gmt":"2022-12-06T19:30:30","guid":{"rendered":"https:\/\/www.repam.net\/es\/?page_id=9028"},"modified":"2022-12-06T14:36:01","modified_gmt":"2022-12-06T19:36:01","slug":"ceama","status":"publish","type":"page","link":"https:\/\/www.repam.net\/es\/sinodo-amazonico\/ceama\/","title":{"rendered":"Conferencia Eclesial de la Amazon\u00eda &#8211; CEAMA"},"content":{"rendered":"\n<figure class=\"wp-block-embed aligncenter is-type-video is-provider-youtube wp-block-embed-youtube wp-embed-aspect-16-9 wp-has-aspect-ratio\"><div class=\"wp-block-embed__wrapper\">\n<iframe loading=\"lazy\" title=\"CEAMA - Conferencia Eclesial de la Amazon\u00eda\" width=\"500\" height=\"281\" src=\"https:\/\/www.youtube.com\/embed\/_FLdiNIgQ3U?list=PLzlcvg4GuiUYq3bD40e5QCNK4gYjkjnNH\" frameborder=\"0\" allow=\"accelerometer; autoplay; clipboard-write; encrypted-media; gyroscope; picture-in-picture; web-share\" referrerpolicy=\"strict-origin-when-cross-origin\" allowfullscreen><\/iframe>\n<\/div><\/figure>\n\n\n\n<p>La Conferencia Eclesial de la Amazon\u00eda \u2013 CEAMA naci\u00f3 oficialmente el 29 de junio de 2020 como organismo eclesial, permanente, representativo y de car\u00e1cter institucional, para la Regi\u00f3n Amaz\u00f3nica. El 9 de octubre del 2021 la CEAMA fue erigida can\u00f3nicamente por el Papa Francisco, como entidad jur\u00eddica, p\u00fablica y eclesi\u00e1stica.<\/p>\n\n\n\n<p>La CEAMA representa a todo el Pueblo de Dios en camino por la Amazon\u00eda de Bolivia, Brasil, Colombia, Ecuador, Guyana, Guyana Francesa, Per\u00fa, Surinam y Venezuela. Se caracteriza por un estilo sinodal y colegial.<\/p>\n\n\n\n<p>Las arquidi\u00f3cesis, di\u00f3cesis y dem\u00e1s jurisdicciones son part\u00edcipes de sus respectivas conferencias episcopales y tambi\u00e9n forman parte de este nuevo Organismo, combinando su particular identidad eclesial y cultural. <\/p>\n\n\n\n<p>En las estructuras de esta Conferencia participan con sentido sinodal las instancias correspondientes de estructuras eclesiales regionales, como la CLAR y las C\u00c1RITAS. La nueva Conferencia Eclesial de la Amazon\u00eda nace y se desarrolla en coordinaci\u00f3n org\u00e1nica con la REPAM.<\/p>\n\n\n\n<h5 class=\"wp-block-heading\"><strong>Antecedentes<\/strong><\/h5>\n\n\n\n<p>La Conferencia Eclesial de la Amazon\u00eda \u2013 CEAMA- es uno de los frutos de la tradici\u00f3n colegial y sinodal de las iglesias de Am\u00e9rica Latina y el Caribe inspiradas por el Concilio Vaticano II.<\/p>\n\n\n\n<p>En el 2014, se fund\u00f3 la Red Eclesial Panamaz\u00f3nica \u2013 REPAM, cuya misi\u00f3n es ser fuente de vida en la Panamazon\u00eda en busca de nuevos caminos para la iglesia y para una ecolog\u00eda integral. Dicha Red, promueve el cuidado de los pueblos, territorios y ecosistemas amaz\u00f3nicos, a trav\u00e9s de una acci\u00f3n socio eclesial articulada en RED.<\/p>\n\n\n\n<p>La REPAM impuls\u00f3 la realizaci\u00f3n de la Asamblea regional del S\u00ednodo de la Amazon\u00eda del 2019, de la cual surgi\u00f3 la exhortaci\u00f3n apost\u00f3lica del Papa Francisco <em>Querida Amazon\u00eda<\/em> en la que expresa 4 grandes sue\u00f1os: social, cultural, ecol\u00f3gico y eclesial y que, a su vez, anima el nacimiento de la actual Conferencia Eclesial de la Amazon\u00eda \u2013 CEAMA (Documento Final del S\u00ednodo Amaz\u00f3nico, n. 115).<\/p>\n\n\n\n<h5 class=\"wp-block-heading\"><strong>Misi\u00f3n<\/strong><\/h5>\n\n\n\n<p>Delinear e incentivar la definici\u00f3n, apropiaci\u00f3n y articulaci\u00f3n de un Plan de Pastoral de Conjunto de la Iglesia en la Amazonia (PPCA) con prioridades diferenciadas, resaltando experiencias con rostro amaz\u00f3nico, alimentado a su vez por los n\u00facleos tem\u00e1ticos surgidos del proceso sinodal, con el fin de afianzar los nuevos caminos de evangelizaci\u00f3n desde una perspectiva de ecolog\u00eda integral, teniendo en cuenta las realidades de los pueblos amaz\u00f3nicos (ind\u00edgenas, afros, campesinos, ribere\u00f1os, etc.), sus territorios y las pr\u00e1cticas pastorales de las Jurisdicciones Eclesi\u00e1sticas.&nbsp;<\/p>\n\n\n\n<h5 class=\"wp-block-heading\"><strong>Objetivos espec\u00edficos y estrategias &nbsp;<\/strong><\/h5>\n\n\n\n<ol class=\"wp-block-list\" type=\"1\">\n<li>Desarrollar la propuesta metodol\u00f3gica para la construcci\u00f3n de un<strong> Plan de Pastoral de Conjunto<\/strong> \u2013 PPCA al servicio de la Amazon\u00eda, en sus fases y estrategias.<\/li>\n\n\n\n<li>Impulsar, acompa\u00f1ar y articular los <strong>n\u00facleos tem\u00e1ticos<\/strong> surgidos del proceso sinodal.<\/li>\n\n\n\n<li>Incidir en la realizaci\u00f3n de una iglesia en salida y con perspectiva de ecolog\u00eda integral a trav\u00e9s de <strong>di\u00e1logos, alianzas y redes<\/strong> entre la CEAMA, los pueblos amaz\u00f3nicos (ind\u00edgenas, afros, campesinos, ribere\u00f1os, etc.), los organismos eclesiales y no eclesiales.<\/li>\n\n\n\n<li>La CEAMA cuenta con 3 estrategias: formaci\u00f3n, comunicaci\u00f3n y consolidaci\u00f3n institucional.<\/li>\n<\/ol>\n\n\n\n<h5 class=\"wp-block-heading\"><strong>N\u00facleos tem\u00e1ticos<\/strong><\/h5>\n\n\n\n<p>De acuerdo con las tem\u00e1ticas fundamentales surgidas del S\u00ednodo del 2019 y de Querida Amazon\u00eda se organizaron n\u00facleos tem\u00e1ticos que la CEAMA acompa\u00f1a:<\/p>\n\n\n\n<p><strong>Educaci\u00f3n<\/strong>: Programa Universitario de la Amazon\u00eda. Educaci\u00f3n Intercultural Biling\u00fce- REIBA.<\/p>\n\n\n\n<p><strong>Cultura<\/strong>: Salud intercultural para los pueblos originarios y comunidades de la Amazonia. Inculturaci\u00f3n en la Amazon\u00eda y di\u00e1logo intercultural. Ritos Amaz\u00f3nicos\u00a0\u00a0<\/p>\n\n\n\n<p><strong>Ministerialidad<\/strong>: Nuevo ministerio del cuidado de la casa com\u00fan. \u00a0Ministerios de la mujer. Formaci\u00f3n de ministerios eclesiales: seminaristas, di\u00e1conos permanentes y presbiterado. Comunidad celebrante, sacramentos y centralidad de la Eucarist\u00eda.\u00a0<\/p>\n\n\n\n<h5 class=\"wp-block-heading\"><strong>Estructura<\/strong><\/h5>\n\n\n\n<p>La CEAMA se compone de una Presidencia, dos vicepresidencias, un representante de los obispos amaz\u00f3nicos, un comit\u00e9 ejecutivo, una secretar\u00eda ejecutiva.<\/p>\n","protected":false},"excerpt":{"rendered":"<p>La Conferencia Eclesial de la Amazon\u00eda \u2013 CEAMA naci\u00f3 oficialmente el 29 de junio de 2020 como organismo eclesial, permanente, representativo y de car\u00e1cter institucional, para la Regi\u00f3n Amaz\u00f3nica. El 9 de octubre del 2021 la CEAMA fue erigida can\u00f3nicamente por el Papa Francisco, como entidad jur\u00eddica, p\u00fablica y eclesi\u00e1stica. La CEAMA representa a todo [&hellip;]<\/p>\n","protected":false},"author":1,"featured_media":7555,"parent":290,"menu_order":4,"comment_status":"closed","ping_status":"closed","template":"","meta":{"_acf_changed":false,"_uf_show_specific_survey":0,"_uf_disable_surveys":false,"footnotes":""},"class_list":["post-9028","page","type-page","status-publish","has-post-thumbnail","hentry"],"acf":[],"aioseo_notices":[],"yoast_head":"<!-- This site is optimized with the Yoast SEO plugin v27.4 - https:\/\/yoast.com\/product\/yoast-seo-wordpress\/ -->\n<title>Conferencia Eclesial de la Amazon\u00eda - CEAMA - REPAM<\/title>\n<meta name=\"robots\" content=\"index, follow, max-snippet:-1, max-image-preview:large, max-video-preview:-1\" \/>\n<link rel=\"canonical\" href=\"https:\/\/www.repam.net\/es\/sinodo-amazonico\/ceama\/\" \/>\n<meta property=\"og:locale\" content=\"es_ES\" \/>\n<meta property=\"og:type\" content=\"article\" \/>\n<meta property=\"og:title\" content=\"Conferencia Eclesial de la Amazon\u00eda - CEAMA - REPAM\" \/>\n<meta property=\"og:description\" content=\"La Conferencia Eclesial de la Amazon\u00eda \u2013 CEAMA naci\u00f3 oficialmente el 29 de junio de 2020 como organismo eclesial, permanente, representativo y de car\u00e1cter institucional, para la Regi\u00f3n Amaz\u00f3nica. El 9 de octubre del 2021 la CEAMA fue erigida can\u00f3nicamente por el Papa Francisco, como entidad jur\u00eddica, p\u00fablica y eclesi\u00e1stica. La CEAMA representa a todo [&hellip;]\" \/>\n<meta property=\"og:url\" content=\"https:\/\/www.repam.net\/es\/sinodo-amazonico\/ceama\/\" \/>\n<meta property=\"og:site_name\" content=\"REPAM\" \/>\n<meta property=\"article:modified_time\" content=\"2022-12-06T19:36:01+00:00\" \/>\n<meta property=\"og:image\" content=\"https:\/\/www.repam.net\/es\/wp-content\/uploads\/2022\/06\/Ceama-horizontal-nuevo.png\" \/>\n\t<meta property=\"og:image:width\" content=\"1280\" \/>\n\t<meta property=\"og:image:height\" content=\"720\" \/>\n\t<meta property=\"og:image:type\" content=\"image\/png\" \/>\n<meta name=\"twitter:card\" content=\"summary_large_image\" \/>\n<meta name=\"twitter:label1\" content=\"Tiempo de lectura\" \/>\n\t<meta name=\"twitter:data1\" content=\"3 minutos\" \/>\n<script type=\"application\/ld+json\" class=\"yoast-schema-graph\">{\"@context\":\"https:\\\/\\\/schema.org\",\"@graph\":[{\"@type\":\"WebPage\",\"@id\":\"https:\\\/\\\/www.repam.net\\\/es\\\/sinodo-amazonico\\\/ceama\\\/\",\"url\":\"https:\\\/\\\/www.repam.net\\\/es\\\/sinodo-amazonico\\\/ceama\\\/\",\"name\":\"Conferencia Eclesial de la Amazon\u00eda - CEAMA - REPAM\",\"isPartOf\":{\"@id\":\"https:\\\/\\\/www.repam.net\\\/es\\\/#website\"},\"primaryImageOfPage\":{\"@id\":\"https:\\\/\\\/www.repam.net\\\/es\\\/sinodo-amazonico\\\/ceama\\\/#primaryimage\"},\"image\":{\"@id\":\"https:\\\/\\\/www.repam.net\\\/es\\\/sinodo-amazonico\\\/ceama\\\/#primaryimage\"},\"thumbnailUrl\":\"https:\\\/\\\/www.repam.net\\\/es\\\/wp-content\\\/uploads\\\/2022\\\/06\\\/Ceama-horizontal-nuevo.png\",\"datePublished\":\"2022-12-06T19:30:30+00:00\",\"dateModified\":\"2022-12-06T19:36:01+00:00\",\"breadcrumb\":{\"@id\":\"https:\\\/\\\/www.repam.net\\\/es\\\/sinodo-amazonico\\\/ceama\\\/#breadcrumb\"},\"inLanguage\":\"es-CO\",\"potentialAction\":[{\"@type\":\"ReadAction\",\"target\":[\"https:\\\/\\\/www.repam.net\\\/es\\\/sinodo-amazonico\\\/ceama\\\/\"]}]},{\"@type\":\"ImageObject\",\"inLanguage\":\"es-CO\",\"@id\":\"https:\\\/\\\/www.repam.net\\\/es\\\/sinodo-amazonico\\\/ceama\\\/#primaryimage\",\"url\":\"https:\\\/\\\/www.repam.net\\\/es\\\/wp-content\\\/uploads\\\/2022\\\/06\\\/Ceama-horizontal-nuevo.png\",\"contentUrl\":\"https:\\\/\\\/www.repam.net\\\/es\\\/wp-content\\\/uploads\\\/2022\\\/06\\\/Ceama-horizontal-nuevo.png\",\"width\":1280,\"height\":720},{\"@type\":\"BreadcrumbList\",\"@id\":\"https:\\\/\\\/www.repam.net\\\/es\\\/sinodo-amazonico\\\/ceama\\\/#breadcrumb\",\"itemListElement\":[{\"@type\":\"ListItem\",\"position\":1,\"name\":\"Inicio\",\"item\":\"https:\\\/\\\/www.repam.net\\\/es\\\/\"},{\"@type\":\"ListItem\",\"position\":2,\"name\":\"S\u00ednodo Amaz\u00f3nico\",\"item\":\"https:\\\/\\\/www.repam.net\\\/es\\\/sinodo-amazonico\\\/\"},{\"@type\":\"ListItem\",\"position\":3,\"name\":\"Conferencia Eclesial de la Amazon\u00eda &#8211; CEAMA\"}]},{\"@type\":\"WebSite\",\"@id\":\"https:\\\/\\\/www.repam.net\\\/es\\\/#website\",\"url\":\"https:\\\/\\\/www.repam.net\\\/es\\\/\",\"name\":\"REPAM\",\"description\":\"Red Eclesial Panamaz\u00f3nica\",\"publisher\":{\"@id\":\"https:\\\/\\\/www.repam.net\\\/es\\\/#organization\"},\"potentialAction\":[{\"@type\":\"SearchAction\",\"target\":{\"@type\":\"EntryPoint\",\"urlTemplate\":\"https:\\\/\\\/www.repam.net\\\/es\\\/?s={search_term_string}\"},\"query-input\":{\"@type\":\"PropertyValueSpecification\",\"valueRequired\":true,\"valueName\":\"search_term_string\"}}],\"inLanguage\":\"es-CO\"},{\"@type\":\"Organization\",\"@id\":\"https:\\\/\\\/www.repam.net\\\/es\\\/#organization\",\"name\":\"REPAM\",\"url\":\"https:\\\/\\\/www.repam.net\\\/es\\\/\",\"logo\":{\"@type\":\"ImageObject\",\"inLanguage\":\"es-CO\",\"@id\":\"https:\\\/\\\/www.repam.net\\\/es\\\/#\\\/schema\\\/logo\\\/image\\\/\",\"url\":\"https:\\\/\\\/www.repam.net\\\/es\\\/wp-content\\\/uploads\\\/2021\\\/11\\\/cropped-favicon.png\",\"contentUrl\":\"https:\\\/\\\/www.repam.net\\\/es\\\/wp-content\\\/uploads\\\/2021\\\/11\\\/cropped-favicon.png\",\"width\":512,\"height\":512,\"caption\":\"REPAM\"},\"image\":{\"@id\":\"https:\\\/\\\/www.repam.net\\\/es\\\/#\\\/schema\\\/logo\\\/image\\\/\"}}]}<\/script>\n<!-- \/ Yoast SEO plugin. -->","yoast_head_json":{"title":"Conferencia Eclesial de la Amazon\u00eda - CEAMA - REPAM","robots":{"index":"index","follow":"follow","max-snippet":"max-snippet:-1","max-image-preview":"max-image-preview:large","max-video-preview":"max-video-preview:-1"},"canonical":"https:\/\/www.repam.net\/es\/sinodo-amazonico\/ceama\/","og_locale":"es_ES","og_type":"article","og_title":"Conferencia Eclesial de la Amazon\u00eda - CEAMA - REPAM","og_description":"La Conferencia Eclesial de la Amazon\u00eda \u2013 CEAMA naci\u00f3 oficialmente el 29 de junio de 2020 como organismo eclesial, permanente, representativo y de car\u00e1cter institucional, para la Regi\u00f3n Amaz\u00f3nica. El 9 de octubre del 2021 la CEAMA fue erigida can\u00f3nicamente por el Papa Francisco, como entidad jur\u00eddica, p\u00fablica y eclesi\u00e1stica. La CEAMA representa a todo [&hellip;]","og_url":"https:\/\/www.repam.net\/es\/sinodo-amazonico\/ceama\/","og_site_name":"REPAM","article_modified_time":"2022-12-06T19:36:01+00:00","og_image":[{"width":1280,"height":720,"url":"https:\/\/www.repam.net\/es\/wp-content\/uploads\/2022\/06\/Ceama-horizontal-nuevo.png","type":"image\/png"}],"twitter_card":"summary_large_image","twitter_misc":{"Tiempo de lectura":"3 minutos"},"schema":{"@context":"https:\/\/schema.org","@graph":[{"@type":"WebPage","@id":"https:\/\/www.repam.net\/es\/sinodo-amazonico\/ceama\/","url":"https:\/\/www.repam.net\/es\/sinodo-amazonico\/ceama\/","name":"Conferencia Eclesial de la Amazon\u00eda - CEAMA - REPAM","isPartOf":{"@id":"https:\/\/www.repam.net\/es\/#website"},"primaryImageOfPage":{"@id":"https:\/\/www.repam.net\/es\/sinodo-amazonico\/ceama\/#primaryimage"},"image":{"@id":"https:\/\/www.repam.net\/es\/sinodo-amazonico\/ceama\/#primaryimage"},"thumbnailUrl":"https:\/\/www.repam.net\/es\/wp-content\/uploads\/2022\/06\/Ceama-horizontal-nuevo.png","datePublished":"2022-12-06T19:30:30+00:00","dateModified":"2022-12-06T19:36:01+00:00","breadcrumb":{"@id":"https:\/\/www.repam.net\/es\/sinodo-amazonico\/ceama\/#breadcrumb"},"inLanguage":"es-CO","potentialAction":[{"@type":"ReadAction","target":["https:\/\/www.repam.net\/es\/sinodo-amazonico\/ceama\/"]}]},{"@type":"ImageObject","inLanguage":"es-CO","@id":"https:\/\/www.repam.net\/es\/sinodo-amazonico\/ceama\/#primaryimage","url":"https:\/\/www.repam.net\/es\/wp-content\/uploads\/2022\/06\/Ceama-horizontal-nuevo.png","contentUrl":"https:\/\/www.repam.net\/es\/wp-content\/uploads\/2022\/06\/Ceama-horizontal-nuevo.png","width":1280,"height":720},{"@type":"BreadcrumbList","@id":"https:\/\/www.repam.net\/es\/sinodo-amazonico\/ceama\/#breadcrumb","itemListElement":[{"@type":"ListItem","position":1,"name":"Inicio","item":"https:\/\/www.repam.net\/es\/"},{"@type":"ListItem","position":2,"name":"S\u00ednodo Amaz\u00f3nico","item":"https:\/\/www.repam.net\/es\/sinodo-amazonico\/"},{"@type":"ListItem","position":3,"name":"Conferencia Eclesial de la Amazon\u00eda &#8211; CEAMA"}]},{"@type":"WebSite","@id":"https:\/\/www.repam.net\/es\/#website","url":"https:\/\/www.repam.net\/es\/","name":"REPAM","description":"Red Eclesial Panamaz\u00f3nica","publisher":{"@id":"https:\/\/www.repam.net\/es\/#organization"},"potentialAction":[{"@type":"SearchAction","target":{"@type":"EntryPoint","urlTemplate":"https:\/\/www.repam.net\/es\/?s={search_term_string}"},"query-input":{"@type":"PropertyValueSpecification","valueRequired":true,"valueName":"search_term_string"}}],"inLanguage":"es-CO"},{"@type":"Organization","@id":"https:\/\/www.repam.net\/es\/#organization","name":"REPAM","url":"https:\/\/www.repam.net\/es\/","logo":{"@type":"ImageObject","inLanguage":"es-CO","@id":"https:\/\/www.repam.net\/es\/#\/schema\/logo\/image\/","url":"https:\/\/www.repam.net\/es\/wp-content\/uploads\/2021\/11\/cropped-favicon.png","contentUrl":"https:\/\/www.repam.net\/es\/wp-content\/uploads\/2021\/11\/cropped-favicon.png","width":512,"height":512,"caption":"REPAM"},"image":{"@id":"https:\/\/www.repam.net\/es\/#\/schema\/logo\/image\/"}}]}},"_links":{"self":[{"href":"https:\/\/www.repam.net\/es\/wp-json\/wp\/v2\/pages\/9028","targetHints":{"allow":["GET"]}}],"collection":[{"href":"https:\/\/www.repam.net\/es\/wp-json\/wp\/v2\/pages"}],"about":[{"href":"https:\/\/www.repam.net\/es\/wp-json\/wp\/v2\/types\/page"}],"author":[{"embeddable":true,"href":"https:\/\/www.repam.net\/es\/wp-json\/wp\/v2\/users\/1"}],"replies":[{"embeddable":true,"href":"https:\/\/www.repam.net\/es\/wp-json\/wp\/v2\/comments?post=9028"}],"version-history":[{"count":2,"href":"https:\/\/www.repam.net\/es\/wp-json\/wp\/v2\/pages\/9028\/revisions"}],"predecessor-version":[{"id":9031,"href":"https:\/\/www.repam.net\/es\/wp-json\/wp\/v2\/pages\/9028\/revisions\/9031"}],"up":[{"embeddable":true,"href":"https:\/\/www.repam.net\/es\/wp-json\/wp\/v2\/pages\/290"}],"wp:featuredmedia":[{"embeddable":true,"href":"https:\/\/www.repam.net\/es\/wp-json\/wp\/v2\/media\/7555"}],"wp:attachment":[{"href":"https:\/\/www.repam.net\/es\/wp-json\/wp\/v2\/media?parent=9028"}],"curies":[{"name":"wp","href":"https:\/\/api.w.org\/{rel}","templated":true}]}}