{"id":9101,"date":"2023-01-10T10:43:02","date_gmt":"2023-01-10T15:43:02","guid":{"rendered":"https:\/\/www.repam.net\/es\/?page_id=9101"},"modified":"2023-01-23T16:19:15","modified_gmt":"2023-01-23T21:19:15","slug":"politica-de-proteccion","status":"publish","type":"page","link":"https:\/\/www.repam.net\/es\/politica-de-proteccion\/","title":{"rendered":"Pol\u00edtica de Protecci\u00f3n a ni\u00f1os\/as, adolescentes y adultos en situaci\u00f3n de Vulnerabilidad"},"content":{"rendered":"\n<p>La <em>\u201cPol\u00edtica de Protecci\u00f3n de los Ni\u00f1os, Adolescentes y Adultos en Situaci\u00f3n de Vulnerabilidad de la Red Eclesial Panamaz\u00f3nica\u201d<\/em>, aprobada en mayo de 2022, es un instrumento que protege, como su nombre mismo lo dice, a ni\u00f1os, adolescentes y adultos en situaci\u00f3n de vulnerabilidad.<\/p>\n\n\n\n<p>Su objetivo es garantizar la seriedad y compromiso de la REPAM con las personas, preservando la integridad f\u00edsica, ps\u00edquica, psicol\u00f3gica y moral de menores y adultos vulnerables en los espacios de actuaci\u00f3n de la Red.<\/p>\n\n\n\n<hr class=\"wp-block-separator has-alpha-channel-opacity\"\/>\n\n\n\n<p>Para cualquier duda o denuncia, puedes contactar al Comit\u00e9 de Protecci\u00f3n por el correo electr\u00f3nico <a href=\"mailto:comiteprot@repam.net\" target=\"_blank\" rel=\"noreferrer noopener\">comiteprot@repam.net<\/a> <\/p>\n\n\n\n<p><strong>Invitamos a descargarla y difundirla<\/strong>:<\/p>\n\n\n\n<div class=\"wp-block-columns is-layout-flex wp-container-core-columns-is-layout-9d6595d7 wp-block-columns-is-layout-flex\">\n<div class=\"wp-block-column is-layout-flow wp-block-column-is-layout-flow\">\n<div data-wp-interactive=\"core\/file\" class=\"wp-block-file aligncenter\"><object data-wp-bind--hidden=\"!state.hasPdfPreview\" hidden class=\"wp-block-file__embed\" data=\"https:\/\/www.repam.net\/es\/wp-content\/uploads\/2023\/01\/ESP.-Politica-de-Proteccion-REPAM-digital.pdf\" type=\"application\/pdf\" style=\"width:100%;height:600px\" aria-label=\"Incrustado de ESPA\u00d1OL - POL\u00cdTICA DE PROTECCI\u00d3N REPAM.\"><\/object><a id=\"wp-block-file--media-a0d85f75-f044-435a-99e1-51ef5b455d0f\" href=\"https:\/\/www.repam.net\/es\/wp-content\/uploads\/2023\/01\/ESP.-Politica-de-Proteccion-REPAM-digital.pdf\">ESPA\u00d1OL &#8211; POL\u00cdTICA DE PROTECCI\u00d3N REPAM<\/a><a href=\"https:\/\/www.repam.net\/es\/wp-content\/uploads\/2023\/01\/ESP.-Politica-de-Proteccion-REPAM-digital.pdf\" class=\"wp-block-file__button wp-element-button\" download aria-describedby=\"wp-block-file--media-a0d85f75-f044-435a-99e1-51ef5b455d0f\"><\/a><\/div>\n<\/div>\n\n\n\n<div class=\"wp-block-column is-layout-flow wp-block-column-is-layout-flow\">\n<div data-wp-interactive=\"core\/file\" class=\"wp-block-file aligncenter\"><object data-wp-bind--hidden=\"!state.hasPdfPreview\" hidden class=\"wp-block-file__embed\" data=\"https:\/\/www.repam.net\/es\/wp-content\/uploads\/2023\/01\/PT.-POLITICA-DE-PROTECAO-REPAM-digital.pdf\" type=\"application\/pdf\" style=\"width:100%;height:600px\" aria-label=\"Incrustado de PORTUGU\u00caS - POLITICA DE PROTECAO REPAM.\"><\/object><a id=\"wp-block-file--media-eb9f82b0-93f4-481e-9ad9-7f274d34aa6a\" href=\"https:\/\/www.repam.net\/es\/wp-content\/uploads\/2023\/01\/PT.-POLITICA-DE-PROTECAO-REPAM-digital.pdf\">PORTUGU\u00caS &#8211; POLITICA DE PROTECAO REPAM<\/a><a href=\"https:\/\/www.repam.net\/es\/wp-content\/uploads\/2023\/01\/PT.-POLITICA-DE-PROTECAO-REPAM-digital.pdf\" class=\"wp-block-file__button wp-element-button\" download aria-describedby=\"wp-block-file--media-eb9f82b0-93f4-481e-9ad9-7f274d34aa6a\">Descargar<\/a><\/div>\n<\/div>\n<\/div>\n","protected":false},"excerpt":{"rendered":"<p>La \u201cPol\u00edtica de Protecci\u00f3n de los Ni\u00f1os, Adolescentes y Adultos en Situaci\u00f3n de Vulnerabilidad de la Red Eclesial Panamaz\u00f3nica\u201d, aprobada en mayo de 2022, es un instrumento que protege, como su nombre mismo lo dice, a ni\u00f1os, adolescentes y adultos en situaci\u00f3n de vulnerabilidad. Su objetivo es garantizar la seriedad y compromiso de la REPAM [&hellip;]<\/p>\n","protected":false},"author":1,"featured_media":9259,"parent":0,"menu_order":0,"comment_status":"closed","ping_status":"closed","template":"","meta":{"_acf_changed":false,"_uf_show_specific_survey":0,"_uf_disable_surveys":false,"footnotes":""},"class_list":["post-9101","page","type-page","status-publish","has-post-thumbnail","hentry"],"acf":[],"aioseo_notices":[],"yoast_head":"<!-- This site is optimized with the Yoast SEO plugin v27.4 - https:\/\/yoast.com\/product\/yoast-seo-wordpress\/ -->\n<title>Pol\u00edtica de Protecci\u00f3n a ni\u00f1os\/as, adolescentes y adultos en situaci\u00f3n de Vulnerabilidad - REPAM<\/title>\n<meta name=\"robots\" content=\"index, follow, max-snippet:-1, max-image-preview:large, max-video-preview:-1\" \/>\n<link rel=\"canonical\" href=\"https:\/\/www.repam.net\/es\/politica-de-proteccion\/\" \/>\n<meta property=\"og:locale\" content=\"es_ES\" \/>\n<meta property=\"og:type\" content=\"article\" \/>\n<meta property=\"og:title\" content=\"Pol\u00edtica de Protecci\u00f3n a ni\u00f1os\/as, adolescentes y adultos en situaci\u00f3n de Vulnerabilidad - REPAM\" \/>\n<meta property=\"og:description\" content=\"La \u201cPol\u00edtica de Protecci\u00f3n de los Ni\u00f1os, Adolescentes y Adultos en Situaci\u00f3n de Vulnerabilidad de la Red Eclesial Panamaz\u00f3nica\u201d, aprobada en mayo de 2022, es un instrumento que protege, como su nombre mismo lo dice, a ni\u00f1os, adolescentes y adultos en situaci\u00f3n de vulnerabilidad. Su objetivo es garantizar la seriedad y compromiso de la REPAM [&hellip;]\" \/>\n<meta property=\"og:url\" content=\"https:\/\/www.repam.net\/es\/politica-de-proteccion\/\" \/>\n<meta property=\"og:site_name\" content=\"REPAM\" \/>\n<meta property=\"article:modified_time\" content=\"2023-01-23T21:19:15+00:00\" \/>\n<meta property=\"og:image\" content=\"https:\/\/www.repam.net\/es\/wp-content\/uploads\/2023\/01\/Politica-de-Proteccion-REPAM-imagen.jpg\" \/>\n\t<meta property=\"og:image:width\" content=\"378\" \/>\n\t<meta property=\"og:image:height\" content=\"378\" \/>\n\t<meta property=\"og:image:type\" content=\"image\/jpeg\" \/>\n<meta name=\"twitter:card\" content=\"summary_large_image\" \/>\n<meta name=\"twitter:label1\" content=\"Tiempo de lectura\" \/>\n\t<meta name=\"twitter:data1\" content=\"1 minuto\" \/>\n<script type=\"application\/ld+json\" class=\"yoast-schema-graph\">{\"@context\":\"https:\\\/\\\/schema.org\",\"@graph\":[{\"@type\":\"WebPage\",\"@id\":\"https:\\\/\\\/www.repam.net\\\/es\\\/politica-de-proteccion\\\/\",\"url\":\"https:\\\/\\\/www.repam.net\\\/es\\\/politica-de-proteccion\\\/\",\"name\":\"Pol\u00edtica de Protecci\u00f3n a ni\u00f1os\\\/as, adolescentes y adultos en situaci\u00f3n de Vulnerabilidad - REPAM\",\"isPartOf\":{\"@id\":\"https:\\\/\\\/www.repam.net\\\/es\\\/#website\"},\"primaryImageOfPage\":{\"@id\":\"https:\\\/\\\/www.repam.net\\\/es\\\/politica-de-proteccion\\\/#primaryimage\"},\"image\":{\"@id\":\"https:\\\/\\\/www.repam.net\\\/es\\\/politica-de-proteccion\\\/#primaryimage\"},\"thumbnailUrl\":\"https:\\\/\\\/www.repam.net\\\/es\\\/wp-content\\\/uploads\\\/2023\\\/01\\\/Politica-de-Proteccion-REPAM-imagen.jpg\",\"datePublished\":\"2023-01-10T15:43:02+00:00\",\"dateModified\":\"2023-01-23T21:19:15+00:00\",\"breadcrumb\":{\"@id\":\"https:\\\/\\\/www.repam.net\\\/es\\\/politica-de-proteccion\\\/#breadcrumb\"},\"inLanguage\":\"es-CO\",\"potentialAction\":[{\"@type\":\"ReadAction\",\"target\":[\"https:\\\/\\\/www.repam.net\\\/es\\\/politica-de-proteccion\\\/\"]}]},{\"@type\":\"ImageObject\",\"inLanguage\":\"es-CO\",\"@id\":\"https:\\\/\\\/www.repam.net\\\/es\\\/politica-de-proteccion\\\/#primaryimage\",\"url\":\"https:\\\/\\\/www.repam.net\\\/es\\\/wp-content\\\/uploads\\\/2023\\\/01\\\/Politica-de-Proteccion-REPAM-imagen.jpg\",\"contentUrl\":\"https:\\\/\\\/www.repam.net\\\/es\\\/wp-content\\\/uploads\\\/2023\\\/01\\\/Politica-de-Proteccion-REPAM-imagen.jpg\",\"width\":378,\"height\":378},{\"@type\":\"BreadcrumbList\",\"@id\":\"https:\\\/\\\/www.repam.net\\\/es\\\/politica-de-proteccion\\\/#breadcrumb\",\"itemListElement\":[{\"@type\":\"ListItem\",\"position\":1,\"name\":\"Inicio\",\"item\":\"https:\\\/\\\/www.repam.net\\\/es\\\/\"},{\"@type\":\"ListItem\",\"position\":2,\"name\":\"Pol\u00edtica de Protecci\u00f3n a ni\u00f1os\\\/as, adolescentes y adultos en situaci\u00f3n de Vulnerabilidad\"}]},{\"@type\":\"WebSite\",\"@id\":\"https:\\\/\\\/www.repam.net\\\/es\\\/#website\",\"url\":\"https:\\\/\\\/www.repam.net\\\/es\\\/\",\"name\":\"REPAM\",\"description\":\"Red Eclesial Panamaz\u00f3nica\",\"publisher\":{\"@id\":\"https:\\\/\\\/www.repam.net\\\/es\\\/#organization\"},\"potentialAction\":[{\"@type\":\"SearchAction\",\"target\":{\"@type\":\"EntryPoint\",\"urlTemplate\":\"https:\\\/\\\/www.repam.net\\\/es\\\/?s={search_term_string}\"},\"query-input\":{\"@type\":\"PropertyValueSpecification\",\"valueRequired\":true,\"valueName\":\"search_term_string\"}}],\"inLanguage\":\"es-CO\"},{\"@type\":\"Organization\",\"@id\":\"https:\\\/\\\/www.repam.net\\\/es\\\/#organization\",\"name\":\"REPAM\",\"url\":\"https:\\\/\\\/www.repam.net\\\/es\\\/\",\"logo\":{\"@type\":\"ImageObject\",\"inLanguage\":\"es-CO\",\"@id\":\"https:\\\/\\\/www.repam.net\\\/es\\\/#\\\/schema\\\/logo\\\/image\\\/\",\"url\":\"https:\\\/\\\/www.repam.net\\\/es\\\/wp-content\\\/uploads\\\/2021\\\/11\\\/cropped-favicon.png\",\"contentUrl\":\"https:\\\/\\\/www.repam.net\\\/es\\\/wp-content\\\/uploads\\\/2021\\\/11\\\/cropped-favicon.png\",\"width\":512,\"height\":512,\"caption\":\"REPAM\"},\"image\":{\"@id\":\"https:\\\/\\\/www.repam.net\\\/es\\\/#\\\/schema\\\/logo\\\/image\\\/\"}}]}<\/script>\n<!-- \/ Yoast SEO plugin. -->","yoast_head_json":{"title":"Pol\u00edtica de Protecci\u00f3n a ni\u00f1os\/as, adolescentes y adultos en situaci\u00f3n de Vulnerabilidad - REPAM","robots":{"index":"index","follow":"follow","max-snippet":"max-snippet:-1","max-image-preview":"max-image-preview:large","max-video-preview":"max-video-preview:-1"},"canonical":"https:\/\/www.repam.net\/es\/politica-de-proteccion\/","og_locale":"es_ES","og_type":"article","og_title":"Pol\u00edtica de Protecci\u00f3n a ni\u00f1os\/as, adolescentes y adultos en situaci\u00f3n de Vulnerabilidad - REPAM","og_description":"La \u201cPol\u00edtica de Protecci\u00f3n de los Ni\u00f1os, Adolescentes y Adultos en Situaci\u00f3n de Vulnerabilidad de la Red Eclesial Panamaz\u00f3nica\u201d, aprobada en mayo de 2022, es un instrumento que protege, como su nombre mismo lo dice, a ni\u00f1os, adolescentes y adultos en situaci\u00f3n de vulnerabilidad. Su objetivo es garantizar la seriedad y compromiso de la REPAM [&hellip;]","og_url":"https:\/\/www.repam.net\/es\/politica-de-proteccion\/","og_site_name":"REPAM","article_modified_time":"2023-01-23T21:19:15+00:00","og_image":[{"width":378,"height":378,"url":"https:\/\/www.repam.net\/es\/wp-content\/uploads\/2023\/01\/Politica-de-Proteccion-REPAM-imagen.jpg","type":"image\/jpeg"}],"twitter_card":"summary_large_image","twitter_misc":{"Tiempo de lectura":"1 minuto"},"schema":{"@context":"https:\/\/schema.org","@graph":[{"@type":"WebPage","@id":"https:\/\/www.repam.net\/es\/politica-de-proteccion\/","url":"https:\/\/www.repam.net\/es\/politica-de-proteccion\/","name":"Pol\u00edtica de Protecci\u00f3n a ni\u00f1os\/as, adolescentes y adultos en situaci\u00f3n de Vulnerabilidad - REPAM","isPartOf":{"@id":"https:\/\/www.repam.net\/es\/#website"},"primaryImageOfPage":{"@id":"https:\/\/www.repam.net\/es\/politica-de-proteccion\/#primaryimage"},"image":{"@id":"https:\/\/www.repam.net\/es\/politica-de-proteccion\/#primaryimage"},"thumbnailUrl":"https:\/\/www.repam.net\/es\/wp-content\/uploads\/2023\/01\/Politica-de-Proteccion-REPAM-imagen.jpg","datePublished":"2023-01-10T15:43:02+00:00","dateModified":"2023-01-23T21:19:15+00:00","breadcrumb":{"@id":"https:\/\/www.repam.net\/es\/politica-de-proteccion\/#breadcrumb"},"inLanguage":"es-CO","potentialAction":[{"@type":"ReadAction","target":["https:\/\/www.repam.net\/es\/politica-de-proteccion\/"]}]},{"@type":"ImageObject","inLanguage":"es-CO","@id":"https:\/\/www.repam.net\/es\/politica-de-proteccion\/#primaryimage","url":"https:\/\/www.repam.net\/es\/wp-content\/uploads\/2023\/01\/Politica-de-Proteccion-REPAM-imagen.jpg","contentUrl":"https:\/\/www.repam.net\/es\/wp-content\/uploads\/2023\/01\/Politica-de-Proteccion-REPAM-imagen.jpg","width":378,"height":378},{"@type":"BreadcrumbList","@id":"https:\/\/www.repam.net\/es\/politica-de-proteccion\/#breadcrumb","itemListElement":[{"@type":"ListItem","position":1,"name":"Inicio","item":"https:\/\/www.repam.net\/es\/"},{"@type":"ListItem","position":2,"name":"Pol\u00edtica de Protecci\u00f3n a ni\u00f1os\/as, adolescentes y adultos en situaci\u00f3n de Vulnerabilidad"}]},{"@type":"WebSite","@id":"https:\/\/www.repam.net\/es\/#website","url":"https:\/\/www.repam.net\/es\/","name":"REPAM","description":"Red Eclesial Panamaz\u00f3nica","publisher":{"@id":"https:\/\/www.repam.net\/es\/#organization"},"potentialAction":[{"@type":"SearchAction","target":{"@type":"EntryPoint","urlTemplate":"https:\/\/www.repam.net\/es\/?s={search_term_string}"},"query-input":{"@type":"PropertyValueSpecification","valueRequired":true,"valueName":"search_term_string"}}],"inLanguage":"es-CO"},{"@type":"Organization","@id":"https:\/\/www.repam.net\/es\/#organization","name":"REPAM","url":"https:\/\/www.repam.net\/es\/","logo":{"@type":"ImageObject","inLanguage":"es-CO","@id":"https:\/\/www.repam.net\/es\/#\/schema\/logo\/image\/","url":"https:\/\/www.repam.net\/es\/wp-content\/uploads\/2021\/11\/cropped-favicon.png","contentUrl":"https:\/\/www.repam.net\/es\/wp-content\/uploads\/2021\/11\/cropped-favicon.png","width":512,"height":512,"caption":"REPAM"},"image":{"@id":"https:\/\/www.repam.net\/es\/#\/schema\/logo\/image\/"}}]}},"_links":{"self":[{"href":"https:\/\/www.repam.net\/es\/wp-json\/wp\/v2\/pages\/9101","targetHints":{"allow":["GET"]}}],"collection":[{"href":"https:\/\/www.repam.net\/es\/wp-json\/wp\/v2\/pages"}],"about":[{"href":"https:\/\/www.repam.net\/es\/wp-json\/wp\/v2\/types\/page"}],"author":[{"embeddable":true,"href":"https:\/\/www.repam.net\/es\/wp-json\/wp\/v2\/users\/1"}],"replies":[{"embeddable":true,"href":"https:\/\/www.repam.net\/es\/wp-json\/wp\/v2\/comments?post=9101"}],"version-history":[{"count":8,"href":"https:\/\/www.repam.net\/es\/wp-json\/wp\/v2\/pages\/9101\/revisions"}],"predecessor-version":[{"id":9279,"href":"https:\/\/www.repam.net\/es\/wp-json\/wp\/v2\/pages\/9101\/revisions\/9279"}],"wp:featuredmedia":[{"embeddable":true,"href":"https:\/\/www.repam.net\/es\/wp-json\/wp\/v2\/media\/9259"}],"wp:attachment":[{"href":"https:\/\/www.repam.net\/es\/wp-json\/wp\/v2\/media?parent=9101"}],"curies":[{"name":"wp","href":"https:\/\/api.w.org\/{rel}","templated":true}]}}