{"id":9460,"date":"2023-02-20T14:51:08","date_gmt":"2023-02-20T19:51:08","guid":{"rendered":"https:\/\/www.repam.net\/es\/?page_id=9460"},"modified":"2024-02-15T11:11:08","modified_gmt":"2024-02-15T16:11:08","slug":"2023-remando-juntos-por-la-vida-en-la-amazonia","status":"publish","type":"page","link":"https:\/\/www.repam.net\/es\/publicaciones\/40-dias-navegando\/2023-remando-juntos-por-la-vida-en-la-amazonia\/","title":{"rendered":"2023. Remando juntos por la vida en la Amazon\u00eda"},"content":{"rendered":"\n<blockquote class=\"wp-block-quote is-layout-flow wp-block-quote-is-layout-flow\">\n<p>Para vivir el camino cuaresmal como un tiempo de conversi\u00f3n, el N\u00facleo de Formaci\u00f3n y M\u00e9todos Pastorales de la Red Eclesial Panamaz\u00f3nica (REPAM) ha preparado un material semanal de oraci\u00f3n y reflexi\u00f3n sobre el tema: <strong><em>&#8220;Remando juntos por la vida en la Amazon\u00eda&#8221;<\/em><\/strong>. Son 6 fichas semanales, ilustradas con im\u00e1genes de la &#8220;<a href=\"https:\/\/www.instagram.com\/reddedibujantes\/\" target=\"_blank\" rel=\"noreferrer noopener\">Red de Dibujantes de Am\u00e9rica Latina<\/a>&#8220;, que ser\u00e1n publicadas los jueves durante la Cuaresma.<\/p>\n<\/blockquote>\n\n\n\n<p>El objetivo de este material es invitar a los participantes a &#8220;remar&#8221; en esta traves\u00eda que nos llama a la conversi\u00f3n. Esta conversi\u00f3n adquiere el tono de actitudes &#8220;en salida&#8221;, donde la realidad de los territorios nos preocupa, nos indigna, nos provoca\u2026, desde los saberes de la espiritualidad y la educaci\u00f3n ecol\u00f3gica, en di\u00e1logo con los compromisos del Pacto Educativo Global.<\/p>\n\n\n\n<p>Invitamos a todos y todas a &#8220;remar juntos&#8221; en esta sinton\u00eda de reconstruir el Pacto, en este caso, desde la Casa Com\u00fan de la Amazon\u00eda. Poner el &#8220;remo en el agua&#8221; significa conectarse con la realidad, la &#8220;conversi\u00f3n&#8221; necesita ser concreta en la realidad cotidiana social, ecol\u00f3gica, cultural y eclesial.<\/p>\n\n\n\n<h5 class=\"wp-block-heading\"><strong>Ven a remar con nosotros en este tiempo de Cuaresma en la querida Amazon\u00eda<\/strong>:<\/h5>\n\n\n\n<div class=\"wp-block-columns is-layout-flex wp-container-core-columns-is-layout-9d6595d7 wp-block-columns-is-layout-flex\">\n<div class=\"wp-block-column is-layout-flow wp-block-column-is-layout-flow\">\n<p><\/p>\n\n\n\n<p><strong>FICHA 1 &#8211; &#8220;En el desierto&#8221; de la Amazon\u00eda<\/strong><\/p>\n\n\n\n<div data-wp-interactive=\"core\/file\" class=\"wp-block-file\"><object data-wp-bind--hidden=\"!state.hasPdfPreview\" hidden class=\"wp-block-file__embed\" data=\"https:\/\/www.repam.net\/es\/wp-content\/uploads\/2023\/02\/ficha1-ES.pdf\" type=\"application\/pdf\" style=\"width:100%;height:600px\" aria-label=\"Incrustado de ficha1 ES.\"><\/object><a id=\"wp-block-file--media-bde321aa-d98f-4586-be49-a99ca7db3a71\" href=\"https:\/\/www.repam.net\/es\/wp-content\/uploads\/2023\/02\/ficha1-ES.pdf\">ficha1 ES<\/a><a href=\"https:\/\/www.repam.net\/es\/wp-content\/uploads\/2023\/02\/ficha1-ES.pdf\" class=\"wp-block-file__button wp-element-button\" download aria-describedby=\"wp-block-file--media-bde321aa-d98f-4586-be49-a99ca7db3a71\">Descargar<\/a><\/div>\n<\/div>\n\n\n\n<div class=\"wp-block-column is-vertically-aligned-top is-layout-flow wp-block-column-is-layout-flow\">\n<p><\/p>\n\n\n\n<p><strong>FICHA 2 &#8211; Jes\u00fas se transfigura &#8211; tamb\u00eden en la Amazon\u00eda<\/strong><\/p>\n\n\n\n<div data-wp-interactive=\"core\/file\" class=\"wp-block-file\"><object data-wp-bind--hidden=\"!state.hasPdfPreview\" hidden class=\"wp-block-file__embed\" data=\"https:\/\/www.repam.net\/es\/wp-content\/uploads\/2023\/03\/Ficha2-ESP-1-2.pdf\" type=\"application\/pdf\" style=\"width:100%;height:600px\" aria-label=\"Incrustado de Ficha2-ESP-1-2.\"><\/object><a id=\"wp-block-file--media-4b49219e-3b35-4f88-9ebc-a80a17eb93dd\" href=\"https:\/\/www.repam.net\/es\/wp-content\/uploads\/2023\/03\/Ficha2-ESP-1-2.pdf\">Ficha2-ESP-1-2<\/a><a href=\"https:\/\/www.repam.net\/es\/wp-content\/uploads\/2023\/03\/Ficha2-ESP-1-2.pdf\" class=\"wp-block-file__button wp-element-button\" download aria-describedby=\"wp-block-file--media-4b49219e-3b35-4f88-9ebc-a80a17eb93dd\">Descargar<\/a><\/div>\n<\/div>\n<\/div>\n\n\n\n<p><\/p>\n\n\n\n<p><\/p>\n\n\n\n<p><\/p>\n\n\n\n<div class=\"wp-block-columns is-layout-flex wp-container-core-columns-is-layout-9d6595d7 wp-block-columns-is-layout-flex\">\n<div class=\"wp-block-column is-layout-flow wp-block-column-is-layout-flow\">\n<p><strong>FICHA 3 &#8211; Amazon\u00eda: Pozo de agua viv<\/strong>a<\/p>\n\n\n\n<div data-wp-interactive=\"core\/file\" class=\"wp-block-file\"><object data-wp-bind--hidden=\"!state.hasPdfPreview\" hidden class=\"wp-block-file__embed\" data=\"https:\/\/www.repam.net\/es\/wp-content\/uploads\/2023\/03\/Ficha-3-ESP.pdf\" type=\"application\/pdf\" style=\"width:100%;height:600px\" aria-label=\"Incrustado de Ficha-3-ESP.\"><\/object><a id=\"wp-block-file--media-2ed536d3-598f-4c6d-8c18-2ea07481cc0f\" href=\"https:\/\/www.repam.net\/es\/wp-content\/uploads\/2023\/03\/Ficha-3-ESP.pdf\">Ficha-3-ESP<\/a><a href=\"https:\/\/www.repam.net\/es\/wp-content\/uploads\/2023\/03\/Ficha-3-ESP.pdf\" class=\"wp-block-file__button wp-element-button\" download aria-describedby=\"wp-block-file--media-2ed536d3-598f-4c6d-8c18-2ea07481cc0f\">Descargar<\/a><\/div>\n<\/div>\n\n\n\n<div class=\"wp-block-column is-layout-flow wp-block-column-is-layout-flow\">\n<p><strong>FICHA 4 &#8211; Abrir los ojos y creer &#8211; Escuchar a los pueblos<\/strong><\/p>\n\n\n\n<div data-wp-interactive=\"core\/file\" class=\"wp-block-file\"><object data-wp-bind--hidden=\"!state.hasPdfPreview\" hidden class=\"wp-block-file__embed\" data=\"https:\/\/www.repam.net\/es\/wp-content\/uploads\/2023\/03\/Ficha-4-ESP.pdf\" type=\"application\/pdf\" style=\"width:100%;height:600px\" aria-label=\"Incrustado de Ficha-4-ESP.\"><\/object><a id=\"wp-block-file--media-30058ae0-0e4f-497d-afa3-76cb5bc12653\" href=\"https:\/\/www.repam.net\/es\/wp-content\/uploads\/2023\/03\/Ficha-4-ESP.pdf\">Ficha-4-ESP<\/a><a href=\"https:\/\/www.repam.net\/es\/wp-content\/uploads\/2023\/03\/Ficha-4-ESP.pdf\" class=\"wp-block-file__button wp-element-button\" download aria-describedby=\"wp-block-file--media-30058ae0-0e4f-497d-afa3-76cb5bc12653\">Descargar<\/a><\/div>\n<\/div>\n<\/div>\n\n\n\n<p><\/p>\n\n\n\n<div class=\"wp-block-columns is-layout-flex wp-container-core-columns-is-layout-9d6595d7 wp-block-columns-is-layout-flex\">\n<div class=\"wp-block-column is-layout-flow wp-block-column-is-layout-flow\" style=\"flex-basis:100%\">\n<p><strong>FICHA 5 &#8211; La Amazon\u00eda est\u00e1 viva<\/strong> <\/p>\n\n\n\n<div class=\"wp-block-columns is-layout-flex wp-container-core-columns-is-layout-9d6595d7 wp-block-columns-is-layout-flex\">\n<div class=\"wp-block-column is-layout-flow wp-block-column-is-layout-flow\">\n<div data-wp-interactive=\"core\/file\" class=\"wp-block-file\"><object data-wp-bind--hidden=\"!state.hasPdfPreview\" hidden class=\"wp-block-file__embed\" data=\"https:\/\/www.repam.net\/es\/wp-content\/uploads\/2023\/03\/Ficha-5-ESP-1.pdf\" type=\"application\/pdf\" style=\"width:100%;height:600px\" aria-label=\"Incrustado de Ficha-5-ESP-1.\"><\/object><a id=\"wp-block-file--media-21f0a882-60a8-4c64-8dd5-1b82f7b77d32\" href=\"https:\/\/www.repam.net\/es\/wp-content\/uploads\/2023\/03\/Ficha-5-ESP-1.pdf\">Ficha-5-ESP-1<\/a><a href=\"https:\/\/www.repam.net\/es\/wp-content\/uploads\/2023\/03\/Ficha-5-ESP-1.pdf\" class=\"wp-block-file__button wp-element-button\" download aria-describedby=\"wp-block-file--media-21f0a882-60a8-4c64-8dd5-1b82f7b77d32\">Descargar<\/a><\/div>\n<\/div>\n<\/div>\n<\/div>\n\n\n\n<div class=\"wp-block-column is-layout-flow wp-block-column-is-layout-flow\" style=\"flex-basis:100%\">\n<p><strong>FICHA 6 &#8211; La pasi\u00f3n del se\u00f1or y los Pueblos Amaz\u00f3nicos<\/strong><\/p>\n\n\n\n<div data-wp-interactive=\"core\/file\" class=\"wp-block-file\"><object data-wp-bind--hidden=\"!state.hasPdfPreview\" hidden class=\"wp-block-file__embed\" data=\"https:\/\/www.repam.net\/es\/wp-content\/uploads\/2023\/03\/Ficha-6-ESP-2.pdf\" type=\"application\/pdf\" style=\"width:100%;height:600px\" aria-label=\"Incrustado de Ficha-6-ESP-2.\"><\/object><a id=\"wp-block-file--media-e72dbe8c-5e00-4fa9-93d4-e6b11096e66c\" href=\"https:\/\/www.repam.net\/es\/wp-content\/uploads\/2023\/03\/Ficha-6-ESP-2.pdf\">Ficha-6-ESP-2<\/a><a href=\"https:\/\/www.repam.net\/es\/wp-content\/uploads\/2023\/03\/Ficha-6-ESP-2.pdf\" class=\"wp-block-file__button wp-element-button\" download aria-describedby=\"wp-block-file--media-e72dbe8c-5e00-4fa9-93d4-e6b11096e66c\">Descargar<\/a><\/div>\n<\/div>\n<\/div>\n\n\n\n<p><\/p>\n\n\n\n<hr class=\"wp-block-separator has-alpha-channel-opacity\"\/>\n\n\n\n<h5 class=\"wp-block-heading\"><strong>REALIZACI\u00d3N:<\/strong><\/h5>\n\n\n\n<div class=\"wp-block-columns is-layout-flex wp-container-core-columns-is-layout-9d6595d7 wp-block-columns-is-layout-flex\">\n<div class=\"wp-block-column is-layout-flow wp-block-column-is-layout-flow\"><\/div>\n\n\n\n<div class=\"wp-block-column is-layout-flow wp-block-column-is-layout-flow\">\n<figure class=\"wp-block-image size-large\"><img loading=\"lazy\" decoding=\"async\" width=\"1024\" height=\"576\" src=\"https:\/\/www.repam.net\/es\/wp-content\/uploads\/2021\/09\/REPAM-D-1-1024x576.png\" alt=\"\" class=\"wp-image-5121\" srcset=\"https:\/\/www.repam.net\/es\/wp-content\/uploads\/2021\/09\/REPAM-D-1-1024x576.png 1024w, https:\/\/www.repam.net\/es\/wp-content\/uploads\/2021\/09\/REPAM-D-1-300x169.png 300w, https:\/\/www.repam.net\/es\/wp-content\/uploads\/2021\/09\/REPAM-D-1-768x432.png 768w, https:\/\/www.repam.net\/es\/wp-content\/uploads\/2021\/09\/REPAM-D-1-1536x864.png 1536w, https:\/\/www.repam.net\/es\/wp-content\/uploads\/2021\/09\/REPAM-D-1.png 1920w\" sizes=\"auto, (max-width: 1024px) 100vw, 1024px\" \/><\/figure>\n<\/div>\n\n\n\n<div class=\"wp-block-column is-layout-flow wp-block-column-is-layout-flow\"><div class=\"wp-block-image\">\n<figure class=\"aligncenter size-large is-resized\"><a href=\"https:\/\/www.instagram.com\/reddedibujantes\/\" target=\"_blank\" rel=\"noreferrer noopener\"><img loading=\"lazy\" decoding=\"async\" src=\"https:\/\/www.repam.net\/es\/wp-content\/uploads\/2023\/02\/Red-de-Dibujantes-1-1024x1024.jpg\" alt=\"\" class=\"wp-image-9506\" width=\"148\" height=\"148\" srcset=\"https:\/\/www.repam.net\/es\/wp-content\/uploads\/2023\/02\/Red-de-Dibujantes-1-1024x1024.jpg 1024w, https:\/\/www.repam.net\/es\/wp-content\/uploads\/2023\/02\/Red-de-Dibujantes-1-300x300.jpg 300w, https:\/\/www.repam.net\/es\/wp-content\/uploads\/2023\/02\/Red-de-Dibujantes-1-150x150.jpg 150w, https:\/\/www.repam.net\/es\/wp-content\/uploads\/2023\/02\/Red-de-Dibujantes-1-768x768.jpg 768w, https:\/\/www.repam.net\/es\/wp-content\/uploads\/2023\/02\/Red-de-Dibujantes-1-1536x1536.jpg 1536w, https:\/\/www.repam.net\/es\/wp-content\/uploads\/2023\/02\/Red-de-Dibujantes-1.jpg 2048w\" sizes=\"auto, (max-width: 148px) 100vw, 148px\" \/><\/a><\/figure>\n<\/div><\/div>\n\n\n\n<div class=\"wp-block-column is-layout-flow wp-block-column-is-layout-flow\"><\/div>\n<\/div>\n\n\n\n<div class=\"wp-block-columns is-layout-flex wp-container-core-columns-is-layout-9d6595d7 wp-block-columns-is-layout-flex\">\n<div class=\"wp-block-column is-layout-flow wp-block-column-is-layout-flow\">\n<h5 class=\"wp-block-heading\"><strong>N\u00daCLEO FORMACI\u00d3N Y M\u00c9TODOS PASTORALES REPAM:<\/strong><\/h5>\n\n\n\n<ul class=\"wp-block-list\">\n<li><strong>Coordinadores:<\/strong>&nbsp;Humberto Contreras, Carlos Tubay y Alexandra Heras<\/li>\n\n\n\n<li><strong>Articulaci\u00f3n:&nbsp;<\/strong>Diego Aguiar<\/li>\n<\/ul>\n<\/div>\n\n\n\n<div class=\"wp-block-column is-layout-flow wp-block-column-is-layout-flow\">\n<h5 class=\"wp-block-heading\"><strong>EQUIPO DE COMUNICACI\u00d3N REPAM<\/strong><\/h5>\n\n\n\n<ul class=\"wp-block-list\">\n<li><strong>Comunicaciones<\/strong>: Vanessa Xisto y Julio Caldeira IMC<\/li>\n\n\n\n<li><strong>Edici\u00f3n de video<\/strong>: Ricardo Pontes<\/li>\n<\/ul>\n<\/div>\n<\/div>\n","protected":false},"excerpt":{"rendered":"<p>Para vivir el camino cuaresmal como un tiempo de conversi\u00f3n, el N\u00facleo de Formaci\u00f3n y M\u00e9todos Pastorales de la Red Eclesial Panamaz\u00f3nica (REPAM) ha preparado un material semanal de oraci\u00f3n y reflexi\u00f3n sobre el tema: &#8220;Remando juntos por la vida en la Amazon\u00eda&#8221;. Son 6 fichas semanales, ilustradas con im\u00e1genes de la &#8220;Red de Dibujantes [&hellip;]<\/p>\n","protected":false},"author":1,"featured_media":9495,"parent":343,"menu_order":2,"comment_status":"closed","ping_status":"closed","template":"","meta":{"_acf_changed":false,"_uf_show_specific_survey":0,"_uf_disable_surveys":false,"footnotes":""},"class_list":["post-9460","page","type-page","status-publish","has-post-thumbnail","hentry"],"acf":[],"aioseo_notices":[],"yoast_head":"<!-- This site is optimized with the Yoast SEO plugin v27.3 - https:\/\/yoast.com\/product\/yoast-seo-wordpress\/ -->\n<title>2023. Remando juntos por la vida en la Amazon\u00eda - REPAM<\/title>\n<meta name=\"robots\" content=\"index, follow, max-snippet:-1, max-image-preview:large, max-video-preview:-1\" \/>\n<link rel=\"canonical\" href=\"https:\/\/www.repam.net\/es\/publicaciones\/40-dias-navegando\/2023-remando-juntos-por-la-vida-en-la-amazonia\/\" \/>\n<meta property=\"og:locale\" content=\"es_ES\" \/>\n<meta property=\"og:type\" content=\"article\" \/>\n<meta property=\"og:title\" content=\"2023. Remando juntos por la vida en la Amazon\u00eda - REPAM\" \/>\n<meta property=\"og:description\" content=\"Para vivir el camino cuaresmal como un tiempo de conversi\u00f3n, el N\u00facleo de Formaci\u00f3n y M\u00e9todos Pastorales de la Red Eclesial Panamaz\u00f3nica (REPAM) ha preparado un material semanal de oraci\u00f3n y reflexi\u00f3n sobre el tema: &#8220;Remando juntos por la vida en la Amazon\u00eda&#8221;. Son 6 fichas semanales, ilustradas con im\u00e1genes de la &#8220;Red de Dibujantes [&hellip;]\" \/>\n<meta property=\"og:url\" content=\"https:\/\/www.repam.net\/es\/publicaciones\/40-dias-navegando\/2023-remando-juntos-por-la-vida-en-la-amazonia\/\" \/>\n<meta property=\"og:site_name\" content=\"REPAM\" \/>\n<meta property=\"article:modified_time\" content=\"2024-02-15T16:11:08+00:00\" \/>\n<meta property=\"og:image\" content=\"https:\/\/www.repam.net\/es\/wp-content\/uploads\/2023\/02\/28-Lunes.png\" \/>\n\t<meta property=\"og:image:width\" content=\"1500\" \/>\n\t<meta property=\"og:image:height\" content=\"1500\" \/>\n\t<meta property=\"og:image:type\" content=\"image\/png\" \/>\n<meta name=\"twitter:card\" content=\"summary_large_image\" \/>\n<meta name=\"twitter:label1\" content=\"Tiempo de lectura\" \/>\n\t<meta name=\"twitter:data1\" content=\"2 minutos\" \/>\n<script type=\"application\/ld+json\" class=\"yoast-schema-graph\">{\"@context\":\"https:\\\/\\\/schema.org\",\"@graph\":[{\"@type\":\"WebPage\",\"@id\":\"https:\\\/\\\/www.repam.net\\\/es\\\/publicaciones\\\/40-dias-navegando\\\/2023-remando-juntos-por-la-vida-en-la-amazonia\\\/\",\"url\":\"https:\\\/\\\/www.repam.net\\\/es\\\/publicaciones\\\/40-dias-navegando\\\/2023-remando-juntos-por-la-vida-en-la-amazonia\\\/\",\"name\":\"2023. Remando juntos por la vida en la Amazon\u00eda - REPAM\",\"isPartOf\":{\"@id\":\"https:\\\/\\\/www.repam.net\\\/es\\\/#website\"},\"primaryImageOfPage\":{\"@id\":\"https:\\\/\\\/www.repam.net\\\/es\\\/publicaciones\\\/40-dias-navegando\\\/2023-remando-juntos-por-la-vida-en-la-amazonia\\\/#primaryimage\"},\"image\":{\"@id\":\"https:\\\/\\\/www.repam.net\\\/es\\\/publicaciones\\\/40-dias-navegando\\\/2023-remando-juntos-por-la-vida-en-la-amazonia\\\/#primaryimage\"},\"thumbnailUrl\":\"https:\\\/\\\/www.repam.net\\\/es\\\/wp-content\\\/uploads\\\/2023\\\/02\\\/28-Lunes.png\",\"datePublished\":\"2023-02-20T19:51:08+00:00\",\"dateModified\":\"2024-02-15T16:11:08+00:00\",\"breadcrumb\":{\"@id\":\"https:\\\/\\\/www.repam.net\\\/es\\\/publicaciones\\\/40-dias-navegando\\\/2023-remando-juntos-por-la-vida-en-la-amazonia\\\/#breadcrumb\"},\"inLanguage\":\"es-CO\",\"potentialAction\":[{\"@type\":\"ReadAction\",\"target\":[\"https:\\\/\\\/www.repam.net\\\/es\\\/publicaciones\\\/40-dias-navegando\\\/2023-remando-juntos-por-la-vida-en-la-amazonia\\\/\"]}]},{\"@type\":\"ImageObject\",\"inLanguage\":\"es-CO\",\"@id\":\"https:\\\/\\\/www.repam.net\\\/es\\\/publicaciones\\\/40-dias-navegando\\\/2023-remando-juntos-por-la-vida-en-la-amazonia\\\/#primaryimage\",\"url\":\"https:\\\/\\\/www.repam.net\\\/es\\\/wp-content\\\/uploads\\\/2023\\\/02\\\/28-Lunes.png\",\"contentUrl\":\"https:\\\/\\\/www.repam.net\\\/es\\\/wp-content\\\/uploads\\\/2023\\\/02\\\/28-Lunes.png\",\"width\":1500,\"height\":1500},{\"@type\":\"BreadcrumbList\",\"@id\":\"https:\\\/\\\/www.repam.net\\\/es\\\/publicaciones\\\/40-dias-navegando\\\/2023-remando-juntos-por-la-vida-en-la-amazonia\\\/#breadcrumb\",\"itemListElement\":[{\"@type\":\"ListItem\",\"position\":1,\"name\":\"Inicio\",\"item\":\"https:\\\/\\\/www.repam.net\\\/es\\\/\"},{\"@type\":\"ListItem\",\"position\":2,\"name\":\"Publicaciones\",\"item\":\"https:\\\/\\\/www.repam.net\\\/es\\\/publicaciones\\\/\"},{\"@type\":\"ListItem\",\"position\":3,\"name\":\"40 d\u00edas navegando\",\"item\":\"https:\\\/\\\/www.repam.net\\\/es\\\/publicaciones\\\/40-dias-navegando\\\/\"},{\"@type\":\"ListItem\",\"position\":4,\"name\":\"2023. Remando juntos por la vida en la Amazon\u00eda\"}]},{\"@type\":\"WebSite\",\"@id\":\"https:\\\/\\\/www.repam.net\\\/es\\\/#website\",\"url\":\"https:\\\/\\\/www.repam.net\\\/es\\\/\",\"name\":\"REPAM\",\"description\":\"Red Eclesial Panamaz\u00f3nica\",\"publisher\":{\"@id\":\"https:\\\/\\\/www.repam.net\\\/es\\\/#organization\"},\"potentialAction\":[{\"@type\":\"SearchAction\",\"target\":{\"@type\":\"EntryPoint\",\"urlTemplate\":\"https:\\\/\\\/www.repam.net\\\/es\\\/?s={search_term_string}\"},\"query-input\":{\"@type\":\"PropertyValueSpecification\",\"valueRequired\":true,\"valueName\":\"search_term_string\"}}],\"inLanguage\":\"es-CO\"},{\"@type\":\"Organization\",\"@id\":\"https:\\\/\\\/www.repam.net\\\/es\\\/#organization\",\"name\":\"REPAM\",\"url\":\"https:\\\/\\\/www.repam.net\\\/es\\\/\",\"logo\":{\"@type\":\"ImageObject\",\"inLanguage\":\"es-CO\",\"@id\":\"https:\\\/\\\/www.repam.net\\\/es\\\/#\\\/schema\\\/logo\\\/image\\\/\",\"url\":\"https:\\\/\\\/www.repam.net\\\/es\\\/wp-content\\\/uploads\\\/2021\\\/11\\\/cropped-favicon.png\",\"contentUrl\":\"https:\\\/\\\/www.repam.net\\\/es\\\/wp-content\\\/uploads\\\/2021\\\/11\\\/cropped-favicon.png\",\"width\":512,\"height\":512,\"caption\":\"REPAM\"},\"image\":{\"@id\":\"https:\\\/\\\/www.repam.net\\\/es\\\/#\\\/schema\\\/logo\\\/image\\\/\"}}]}<\/script>\n<!-- \/ Yoast SEO plugin. -->","yoast_head_json":{"title":"2023. Remando juntos por la vida en la Amazon\u00eda - REPAM","robots":{"index":"index","follow":"follow","max-snippet":"max-snippet:-1","max-image-preview":"max-image-preview:large","max-video-preview":"max-video-preview:-1"},"canonical":"https:\/\/www.repam.net\/es\/publicaciones\/40-dias-navegando\/2023-remando-juntos-por-la-vida-en-la-amazonia\/","og_locale":"es_ES","og_type":"article","og_title":"2023. Remando juntos por la vida en la Amazon\u00eda - REPAM","og_description":"Para vivir el camino cuaresmal como un tiempo de conversi\u00f3n, el N\u00facleo de Formaci\u00f3n y M\u00e9todos Pastorales de la Red Eclesial Panamaz\u00f3nica (REPAM) ha preparado un material semanal de oraci\u00f3n y reflexi\u00f3n sobre el tema: &#8220;Remando juntos por la vida en la Amazon\u00eda&#8221;. Son 6 fichas semanales, ilustradas con im\u00e1genes de la &#8220;Red de Dibujantes [&hellip;]","og_url":"https:\/\/www.repam.net\/es\/publicaciones\/40-dias-navegando\/2023-remando-juntos-por-la-vida-en-la-amazonia\/","og_site_name":"REPAM","article_modified_time":"2024-02-15T16:11:08+00:00","og_image":[{"width":1500,"height":1500,"url":"https:\/\/www.repam.net\/es\/wp-content\/uploads\/2023\/02\/28-Lunes.png","type":"image\/png"}],"twitter_card":"summary_large_image","twitter_misc":{"Tiempo de lectura":"2 minutos"},"schema":{"@context":"https:\/\/schema.org","@graph":[{"@type":"WebPage","@id":"https:\/\/www.repam.net\/es\/publicaciones\/40-dias-navegando\/2023-remando-juntos-por-la-vida-en-la-amazonia\/","url":"https:\/\/www.repam.net\/es\/publicaciones\/40-dias-navegando\/2023-remando-juntos-por-la-vida-en-la-amazonia\/","name":"2023. Remando juntos por la vida en la Amazon\u00eda - REPAM","isPartOf":{"@id":"https:\/\/www.repam.net\/es\/#website"},"primaryImageOfPage":{"@id":"https:\/\/www.repam.net\/es\/publicaciones\/40-dias-navegando\/2023-remando-juntos-por-la-vida-en-la-amazonia\/#primaryimage"},"image":{"@id":"https:\/\/www.repam.net\/es\/publicaciones\/40-dias-navegando\/2023-remando-juntos-por-la-vida-en-la-amazonia\/#primaryimage"},"thumbnailUrl":"https:\/\/www.repam.net\/es\/wp-content\/uploads\/2023\/02\/28-Lunes.png","datePublished":"2023-02-20T19:51:08+00:00","dateModified":"2024-02-15T16:11:08+00:00","breadcrumb":{"@id":"https:\/\/www.repam.net\/es\/publicaciones\/40-dias-navegando\/2023-remando-juntos-por-la-vida-en-la-amazonia\/#breadcrumb"},"inLanguage":"es-CO","potentialAction":[{"@type":"ReadAction","target":["https:\/\/www.repam.net\/es\/publicaciones\/40-dias-navegando\/2023-remando-juntos-por-la-vida-en-la-amazonia\/"]}]},{"@type":"ImageObject","inLanguage":"es-CO","@id":"https:\/\/www.repam.net\/es\/publicaciones\/40-dias-navegando\/2023-remando-juntos-por-la-vida-en-la-amazonia\/#primaryimage","url":"https:\/\/www.repam.net\/es\/wp-content\/uploads\/2023\/02\/28-Lunes.png","contentUrl":"https:\/\/www.repam.net\/es\/wp-content\/uploads\/2023\/02\/28-Lunes.png","width":1500,"height":1500},{"@type":"BreadcrumbList","@id":"https:\/\/www.repam.net\/es\/publicaciones\/40-dias-navegando\/2023-remando-juntos-por-la-vida-en-la-amazonia\/#breadcrumb","itemListElement":[{"@type":"ListItem","position":1,"name":"Inicio","item":"https:\/\/www.repam.net\/es\/"},{"@type":"ListItem","position":2,"name":"Publicaciones","item":"https:\/\/www.repam.net\/es\/publicaciones\/"},{"@type":"ListItem","position":3,"name":"40 d\u00edas navegando","item":"https:\/\/www.repam.net\/es\/publicaciones\/40-dias-navegando\/"},{"@type":"ListItem","position":4,"name":"2023. Remando juntos por la vida en la Amazon\u00eda"}]},{"@type":"WebSite","@id":"https:\/\/www.repam.net\/es\/#website","url":"https:\/\/www.repam.net\/es\/","name":"REPAM","description":"Red Eclesial Panamaz\u00f3nica","publisher":{"@id":"https:\/\/www.repam.net\/es\/#organization"},"potentialAction":[{"@type":"SearchAction","target":{"@type":"EntryPoint","urlTemplate":"https:\/\/www.repam.net\/es\/?s={search_term_string}"},"query-input":{"@type":"PropertyValueSpecification","valueRequired":true,"valueName":"search_term_string"}}],"inLanguage":"es-CO"},{"@type":"Organization","@id":"https:\/\/www.repam.net\/es\/#organization","name":"REPAM","url":"https:\/\/www.repam.net\/es\/","logo":{"@type":"ImageObject","inLanguage":"es-CO","@id":"https:\/\/www.repam.net\/es\/#\/schema\/logo\/image\/","url":"https:\/\/www.repam.net\/es\/wp-content\/uploads\/2021\/11\/cropped-favicon.png","contentUrl":"https:\/\/www.repam.net\/es\/wp-content\/uploads\/2021\/11\/cropped-favicon.png","width":512,"height":512,"caption":"REPAM"},"image":{"@id":"https:\/\/www.repam.net\/es\/#\/schema\/logo\/image\/"}}]}},"_links":{"self":[{"href":"https:\/\/www.repam.net\/es\/wp-json\/wp\/v2\/pages\/9460","targetHints":{"allow":["GET"]}}],"collection":[{"href":"https:\/\/www.repam.net\/es\/wp-json\/wp\/v2\/pages"}],"about":[{"href":"https:\/\/www.repam.net\/es\/wp-json\/wp\/v2\/types\/page"}],"author":[{"embeddable":true,"href":"https:\/\/www.repam.net\/es\/wp-json\/wp\/v2\/users\/1"}],"replies":[{"embeddable":true,"href":"https:\/\/www.repam.net\/es\/wp-json\/wp\/v2\/comments?post=9460"}],"version-history":[{"count":13,"href":"https:\/\/www.repam.net\/es\/wp-json\/wp\/v2\/pages\/9460\/revisions"}],"predecessor-version":[{"id":9921,"href":"https:\/\/www.repam.net\/es\/wp-json\/wp\/v2\/pages\/9460\/revisions\/9921"}],"up":[{"embeddable":true,"href":"https:\/\/www.repam.net\/es\/wp-json\/wp\/v2\/pages\/343"}],"wp:featuredmedia":[{"embeddable":true,"href":"https:\/\/www.repam.net\/es\/wp-json\/wp\/v2\/media\/9495"}],"wp:attachment":[{"href":"https:\/\/www.repam.net\/es\/wp-json\/wp\/v2\/media?parent=9460"}],"curies":[{"name":"wp","href":"https:\/\/api.w.org\/{rel}","templated":true}]}}