{"id":9668,"date":"2023-03-08T09:21:52","date_gmt":"2023-03-08T14:21:52","guid":{"rendered":"https:\/\/www.repam.net\/es\/?page_id=9668"},"modified":"2023-03-15T08:01:03","modified_gmt":"2023-03-15T13:01:03","slug":"mujeres-amazonicas","status":"publish","type":"page","link":"https:\/\/www.repam.net\/es\/publicaciones\/series-radiales\/mujeres-amazonicas\/","title":{"rendered":"Mujeres Amaz\u00f3nicas"},"content":{"rendered":"<div class=\"wp-block-image\">\n<figure class=\"aligncenter size-large\"><img loading=\"lazy\" decoding=\"async\" width=\"1024\" height=\"576\" src=\"https:\/\/www.repam.net\/es\/wp-content\/uploads\/2023\/03\/mujeres-16x9-1-1024x576.jpeg\" alt=\"\" class=\"wp-image-9673\" srcset=\"https:\/\/www.repam.net\/es\/wp-content\/uploads\/2023\/03\/mujeres-16x9-1-1024x576.jpeg 1024w, https:\/\/www.repam.net\/es\/wp-content\/uploads\/2023\/03\/mujeres-16x9-1-300x169.jpeg 300w, https:\/\/www.repam.net\/es\/wp-content\/uploads\/2023\/03\/mujeres-16x9-1-768x432.jpeg 768w, https:\/\/www.repam.net\/es\/wp-content\/uploads\/2023\/03\/mujeres-16x9-1-1536x864.jpeg 1536w, https:\/\/www.repam.net\/es\/wp-content\/uploads\/2023\/03\/mujeres-16x9-1.jpeg 1600w\" sizes=\"auto, (max-width: 1024px) 100vw, 1024px\" \/><\/figure>\n<\/div>\n\n\n<blockquote class=\"wp-block-quote is-layout-flow wp-block-quote-is-layout-flow\">\n<p>El N\u00facleo Mujeres y Amazon\u00eda de la Red Eclesial Panamaz\u00f3nica &#8211; REPAM, lanza el podcast &#8220;Mujeres Amaz\u00f3nicas&#8221;, con la narrativa de mujeres ind\u00edgenas de varios pa\u00edses de la Panamazon\u00eda<\/p>\n<\/blockquote>\n\n\n\n<p>Sigua los episodios de nuestro podcast, que tamb\u00e9m est\u00e1 disponible en las plataformas Spotify e Ivoox, y en nuestras redes sociales.<\/p>\n\n\n\n<hr class=\"wp-block-separator has-alpha-channel-opacity\"\/>\n\n\n\n<p><strong>Episodio 1 &#8211; Pamela Charles, del Pueblo Way\u00e3pi (Guyana Francesa)<\/strong><\/p>\n\n\n\n<figure class=\"wp-block-embed is-type-rich is-provider-spotify wp-block-embed-spotify wp-embed-aspect-21-9 wp-has-aspect-ratio\"><div class=\"wp-block-embed__wrapper\">\n<iframe title=\"Spotify Embed: Mulheres Amaz\u00f4nicas #1 Epis\u00f3dio\" style=\"border-radius: 12px\" width=\"100%\" height=\"152\" frameborder=\"0\" allowfullscreen allow=\"autoplay; clipboard-write; encrypted-media; fullscreen; picture-in-picture\" loading=\"lazy\" src=\"https:\/\/open.spotify.com\/embed\/episode\/3v5zV9J2obJC7fOnOL0scR?utm_source=oembed\"><\/iframe>\n<\/div><\/figure>\n\n\n\n<p><strong>Episodio 2 &#8211; Petronila \u00cdpamo Moje\u00f1a Trinit\u00e1ria (Bolivia)<\/strong><\/p>\n\n\n\n<figure class=\"wp-block-embed is-type-rich is-provider-spotify wp-block-embed-spotify wp-embed-aspect-21-9 wp-has-aspect-ratio\"><div class=\"wp-block-embed__wrapper\">\n<iframe title=\"Spotify Embed: Mujeres Amaz\u00f3nicas #2 Epis\u00f3dio\" style=\"border-radius: 12px\" width=\"100%\" height=\"152\" frameborder=\"0\" allowfullscreen allow=\"autoplay; clipboard-write; encrypted-media; fullscreen; picture-in-picture\" loading=\"lazy\" src=\"https:\/\/open.spotify.com\/embed\/episode\/1HmLwtfB8L2ka67MXjiD7p?utm_source=oembed\"><\/iframe>\n<\/div><\/figure>\n\n\n\n<hr class=\"wp-block-separator has-alpha-channel-opacity\"\/>\n\n\n\n<p><strong>Episodio 3 &#8211; Jama Wapichana (Brasil)<\/strong><\/p>\n\n\n\n<figure class=\"wp-block-embed is-type-rich is-provider-spotify wp-block-embed-spotify wp-embed-aspect-21-9 wp-has-aspect-ratio\"><div class=\"wp-block-embed__wrapper\">\n<iframe title=\"Spotify Embed: Mulheres Amaz\u00f4nicas #3 Epis\u00f3dio\" style=\"border-radius: 12px\" width=\"100%\" height=\"152\" frameborder=\"0\" allowfullscreen allow=\"autoplay; clipboard-write; encrypted-media; fullscreen; picture-in-picture\" loading=\"lazy\" src=\"https:\/\/open.spotify.com\/embed\/episode\/6DreuQK4Y1dv10CrPYKqXP?utm_source=oembed\"><\/iframe>\n<\/div><\/figure>\n\n\n\n<p><strong>Episodio 4 &#8211; Jandira Zuleica Gutierrez Rengifo (Per\u00fa)<\/strong><\/p>\n\n\n\n<figure class=\"wp-block-embed is-type-rich is-provider-spotify wp-block-embed-spotify wp-embed-aspect-21-9 wp-has-aspect-ratio\"><div class=\"wp-block-embed__wrapper\">\n<iframe title=\"Spotify Embed: Mujeres Amaz\u00f3nicas #4 Episodio\" style=\"border-radius: 12px\" width=\"100%\" height=\"152\" frameborder=\"0\" allowfullscreen allow=\"autoplay; clipboard-write; encrypted-media; fullscreen; picture-in-picture\" loading=\"lazy\" src=\"https:\/\/open.spotify.com\/embed\/episode\/2bQYvbPeN32DVnFJABDzWk?utm_source=oembed\"><\/iframe>\n<\/div><\/figure>\n\n\n\n<p><strong>Episodio 5 &#8211; Mar\u00eda Potos\u00ed (Bolivia)<\/strong><\/p>\n\n\n\n<figure class=\"wp-block-embed is-type-rich is-provider-spotify wp-block-embed-spotify wp-embed-aspect-21-9 wp-has-aspect-ratio\"><div class=\"wp-block-embed__wrapper\">\n<iframe title=\"Spotify Embed: Mujeres Amaz\u00f3nicas #5 Episodio\" style=\"border-radius: 12px\" width=\"100%\" height=\"152\" frameborder=\"0\" allowfullscreen allow=\"autoplay; clipboard-write; encrypted-media; fullscreen; picture-in-picture\" loading=\"lazy\" src=\"https:\/\/open.spotify.com\/embed\/episode\/4255VOFrCtQsIO6jK3IRnu?utm_source=oembed\"><\/iframe>\n<\/div><\/figure>\n\n\n\n<p><strong>Episodio 6 &#8211; Darlyn Garc\u00eda (<strong>Venezuela<\/strong>)<\/strong><\/p>\n\n\n\n<figure class=\"wp-block-embed is-type-rich is-provider-spotify wp-block-embed-spotify wp-embed-aspect-21-9 wp-has-aspect-ratio\"><div class=\"wp-block-embed__wrapper\">\n<iframe title=\"Spotify Embed: Mujeres Amaz\u00f3nicas #6Episodio\" style=\"border-radius: 12px\" width=\"100%\" height=\"152\" frameborder=\"0\" allowfullscreen allow=\"autoplay; clipboard-write; encrypted-media; fullscreen; picture-in-picture\" loading=\"lazy\" src=\"https:\/\/open.spotify.com\/embed\/episode\/1buiGm2soxgHKelVjf4g7M?utm_source=oembed\"><\/iframe>\n<\/div><\/figure>\n\n\n\n<h5 class=\"wp-block-heading\"><strong>Realizaci\u00f3n:<\/strong><\/h5>\n\n\n\n<div class=\"wp-block-columns is-layout-flex wp-container-core-columns-is-layout-9d6595d7 wp-block-columns-is-layout-flex\">\n<div class=\"wp-block-column is-layout-flow wp-block-column-is-layout-flow\"><\/div>\n\n\n\n<div class=\"wp-block-column is-layout-flow wp-block-column-is-layout-flow\">\n<figure class=\"wp-block-image size-large\"><img loading=\"lazy\" decoding=\"async\" width=\"1024\" height=\"576\" src=\"https:\/\/www.repam.net\/es\/wp-content\/uploads\/2021\/09\/REPAM-D-1024x576.png\" alt=\"\" class=\"wp-image-5119\" srcset=\"https:\/\/www.repam.net\/es\/wp-content\/uploads\/2021\/09\/REPAM-D-1024x576.png 1024w, https:\/\/www.repam.net\/es\/wp-content\/uploads\/2021\/09\/REPAM-D-300x169.png 300w, https:\/\/www.repam.net\/es\/wp-content\/uploads\/2021\/09\/REPAM-D-768x432.png 768w, https:\/\/www.repam.net\/es\/wp-content\/uploads\/2021\/09\/REPAM-D-1536x864.png 1536w, https:\/\/www.repam.net\/es\/wp-content\/uploads\/2021\/09\/REPAM-D.png 1920w\" sizes=\"auto, (max-width: 1024px) 100vw, 1024px\" \/><\/figure>\n<\/div>\n\n\n\n<div class=\"wp-block-column is-layout-flow wp-block-column-is-layout-flow\"><\/div>\n<\/div>\n\n\n\n<div class=\"wp-block-columns is-layout-flex wp-container-core-columns-is-layout-9d6595d7 wp-block-columns-is-layout-flex\">\n<div class=\"wp-block-column is-layout-flow wp-block-column-is-layout-flow\">\n<h5 class=\"wp-block-heading\">N\u00daCLEO MUJERES Y AMAZON\u00cdA:<\/h5>\n\n\n\n<ul class=\"wp-block-list\">\n<li><strong>Coordinadoras:<\/strong> Doris Vasconcelos y Maria Eugenia Carrizo<\/li>\n\n\n\n<li><strong>Articulaci\u00f3n: <\/strong>Lidiane Cristo<\/li>\n\n\n\n<li><strong>Colaboradoras:<\/strong> REPAM Bolivia, Brasil, Colombia, Guyana Francesa, Per\u00fa y Venezuela<\/li>\n<\/ul>\n<\/div>\n\n\n\n<div class=\"wp-block-column is-layout-flow wp-block-column-is-layout-flow\">\n<h5 class=\"wp-block-heading\">EQUIPO DE COMUNICACI\u00d3N:<\/h5>\n\n\n\n<ul class=\"wp-block-list\">\n<li><strong>Comunicaciones REPAM<\/strong>: Vanessa Xisto y Julio Caldeira IMC<\/li>\n\n\n\n<li><strong>Producci\u00f3n<\/strong>: <a href=\"https:\/\/redenoticiasdamazonia.com.br\/\" target=\"_blank\" rel=\"noreferrer noopener\">Rede de Not\u00edcias da Amaz\u00f4nia<\/a><\/li>\n\n\n\n<li><strong>Ilustraci\u00f3n de portada:<\/strong> @micodibujante de <a href=\"https:\/\/www.instagram.com\/reddedibujantes\/\" target=\"_blank\" rel=\"noreferrer noopener\">Red de Dibujantes de Latinoam\u00e9rica<\/a><\/li>\n<\/ul>\n<\/div>\n<\/div>\n\n\n\n<p><\/p>\n","protected":false},"excerpt":{"rendered":"<p>El N\u00facleo Mujeres y Amazon\u00eda de la Red Eclesial Panamaz\u00f3nica &#8211; REPAM, lanza el podcast &#8220;Mujeres Amaz\u00f3nicas&#8221;, con la narrativa de mujeres ind\u00edgenas de varios pa\u00edses de la Panamazon\u00eda Sigua los episodios de nuestro podcast, que tamb\u00e9m est\u00e1 disponible en las plataformas Spotify e Ivoox, y en nuestras redes sociales. Episodio 1 &#8211; Pamela Charles, [&hellip;]<\/p>\n","protected":false},"author":1,"featured_media":9675,"parent":1023,"menu_order":0,"comment_status":"closed","ping_status":"closed","template":"","meta":{"_acf_changed":false,"_uf_show_specific_survey":0,"_uf_disable_surveys":false,"footnotes":""},"class_list":["post-9668","page","type-page","status-publish","has-post-thumbnail","hentry"],"acf":[],"aioseo_notices":[],"yoast_head":"<!-- This site is optimized with the Yoast SEO plugin v27.4 - https:\/\/yoast.com\/product\/yoast-seo-wordpress\/ -->\n<title>Mujeres Amaz\u00f3nicas - REPAM<\/title>\n<meta name=\"robots\" content=\"index, follow, max-snippet:-1, max-image-preview:large, max-video-preview:-1\" \/>\n<link rel=\"canonical\" href=\"https:\/\/www.repam.net\/es\/publicaciones\/series-radiales\/mujeres-amazonicas\/\" \/>\n<meta property=\"og:locale\" content=\"es_ES\" \/>\n<meta property=\"og:type\" content=\"article\" \/>\n<meta property=\"og:title\" content=\"Mujeres Amaz\u00f3nicas - REPAM\" \/>\n<meta property=\"og:description\" content=\"El N\u00facleo Mujeres y Amazon\u00eda de la Red Eclesial Panamaz\u00f3nica &#8211; REPAM, lanza el podcast &#8220;Mujeres Amaz\u00f3nicas&#8221;, con la narrativa de mujeres ind\u00edgenas de varios pa\u00edses de la Panamazon\u00eda Sigua los episodios de nuestro podcast, que tamb\u00e9m est\u00e1 disponible en las plataformas Spotify e Ivoox, y en nuestras redes sociales. Episodio 1 &#8211; Pamela Charles, [&hellip;]\" \/>\n<meta property=\"og:url\" content=\"https:\/\/www.repam.net\/es\/publicaciones\/series-radiales\/mujeres-amazonicas\/\" \/>\n<meta property=\"og:site_name\" content=\"REPAM\" \/>\n<meta property=\"article:modified_time\" content=\"2023-03-15T13:01:03+00:00\" \/>\n<meta property=\"og:image\" content=\"https:\/\/www.repam.net\/es\/wp-content\/uploads\/2023\/03\/Mujeres-Amazonicas-cuadrado.jpg\" \/>\n\t<meta property=\"og:image:width\" content=\"1600\" \/>\n\t<meta property=\"og:image:height\" content=\"1600\" \/>\n\t<meta property=\"og:image:type\" content=\"image\/jpeg\" \/>\n<meta name=\"twitter:card\" content=\"summary_large_image\" \/>\n<meta name=\"twitter:label1\" content=\"Tiempo de lectura\" \/>\n\t<meta name=\"twitter:data1\" content=\"2 minutos\" \/>\n<script type=\"application\/ld+json\" class=\"yoast-schema-graph\">{\"@context\":\"https:\\\/\\\/schema.org\",\"@graph\":[{\"@type\":\"WebPage\",\"@id\":\"https:\\\/\\\/www.repam.net\\\/es\\\/publicaciones\\\/series-radiales\\\/mujeres-amazonicas\\\/\",\"url\":\"https:\\\/\\\/www.repam.net\\\/es\\\/publicaciones\\\/series-radiales\\\/mujeres-amazonicas\\\/\",\"name\":\"Mujeres Amaz\u00f3nicas - REPAM\",\"isPartOf\":{\"@id\":\"https:\\\/\\\/www.repam.net\\\/es\\\/#website\"},\"primaryImageOfPage\":{\"@id\":\"https:\\\/\\\/www.repam.net\\\/es\\\/publicaciones\\\/series-radiales\\\/mujeres-amazonicas\\\/#primaryimage\"},\"image\":{\"@id\":\"https:\\\/\\\/www.repam.net\\\/es\\\/publicaciones\\\/series-radiales\\\/mujeres-amazonicas\\\/#primaryimage\"},\"thumbnailUrl\":\"https:\\\/\\\/www.repam.net\\\/es\\\/wp-content\\\/uploads\\\/2023\\\/03\\\/Mujeres-Amazonicas-cuadrado.jpg\",\"datePublished\":\"2023-03-08T14:21:52+00:00\",\"dateModified\":\"2023-03-15T13:01:03+00:00\",\"breadcrumb\":{\"@id\":\"https:\\\/\\\/www.repam.net\\\/es\\\/publicaciones\\\/series-radiales\\\/mujeres-amazonicas\\\/#breadcrumb\"},\"inLanguage\":\"es-CO\",\"potentialAction\":[{\"@type\":\"ReadAction\",\"target\":[\"https:\\\/\\\/www.repam.net\\\/es\\\/publicaciones\\\/series-radiales\\\/mujeres-amazonicas\\\/\"]}]},{\"@type\":\"ImageObject\",\"inLanguage\":\"es-CO\",\"@id\":\"https:\\\/\\\/www.repam.net\\\/es\\\/publicaciones\\\/series-radiales\\\/mujeres-amazonicas\\\/#primaryimage\",\"url\":\"https:\\\/\\\/www.repam.net\\\/es\\\/wp-content\\\/uploads\\\/2023\\\/03\\\/Mujeres-Amazonicas-cuadrado.jpg\",\"contentUrl\":\"https:\\\/\\\/www.repam.net\\\/es\\\/wp-content\\\/uploads\\\/2023\\\/03\\\/Mujeres-Amazonicas-cuadrado.jpg\",\"width\":1600,\"height\":1600},{\"@type\":\"BreadcrumbList\",\"@id\":\"https:\\\/\\\/www.repam.net\\\/es\\\/publicaciones\\\/series-radiales\\\/mujeres-amazonicas\\\/#breadcrumb\",\"itemListElement\":[{\"@type\":\"ListItem\",\"position\":1,\"name\":\"Inicio\",\"item\":\"https:\\\/\\\/www.repam.net\\\/es\\\/\"},{\"@type\":\"ListItem\",\"position\":2,\"name\":\"Publicaciones\",\"item\":\"https:\\\/\\\/www.repam.net\\\/es\\\/publicaciones\\\/\"},{\"@type\":\"ListItem\",\"position\":3,\"name\":\"Series Radiales\",\"item\":\"https:\\\/\\\/www.repam.net\\\/es\\\/publicaciones\\\/series-radiales\\\/\"},{\"@type\":\"ListItem\",\"position\":4,\"name\":\"Mujeres Amaz\u00f3nicas\"}]},{\"@type\":\"WebSite\",\"@id\":\"https:\\\/\\\/www.repam.net\\\/es\\\/#website\",\"url\":\"https:\\\/\\\/www.repam.net\\\/es\\\/\",\"name\":\"REPAM\",\"description\":\"Red Eclesial Panamaz\u00f3nica\",\"publisher\":{\"@id\":\"https:\\\/\\\/www.repam.net\\\/es\\\/#organization\"},\"potentialAction\":[{\"@type\":\"SearchAction\",\"target\":{\"@type\":\"EntryPoint\",\"urlTemplate\":\"https:\\\/\\\/www.repam.net\\\/es\\\/?s={search_term_string}\"},\"query-input\":{\"@type\":\"PropertyValueSpecification\",\"valueRequired\":true,\"valueName\":\"search_term_string\"}}],\"inLanguage\":\"es-CO\"},{\"@type\":\"Organization\",\"@id\":\"https:\\\/\\\/www.repam.net\\\/es\\\/#organization\",\"name\":\"REPAM\",\"url\":\"https:\\\/\\\/www.repam.net\\\/es\\\/\",\"logo\":{\"@type\":\"ImageObject\",\"inLanguage\":\"es-CO\",\"@id\":\"https:\\\/\\\/www.repam.net\\\/es\\\/#\\\/schema\\\/logo\\\/image\\\/\",\"url\":\"https:\\\/\\\/www.repam.net\\\/es\\\/wp-content\\\/uploads\\\/2021\\\/11\\\/cropped-favicon.png\",\"contentUrl\":\"https:\\\/\\\/www.repam.net\\\/es\\\/wp-content\\\/uploads\\\/2021\\\/11\\\/cropped-favicon.png\",\"width\":512,\"height\":512,\"caption\":\"REPAM\"},\"image\":{\"@id\":\"https:\\\/\\\/www.repam.net\\\/es\\\/#\\\/schema\\\/logo\\\/image\\\/\"}}]}<\/script>\n<!-- \/ Yoast SEO plugin. -->","yoast_head_json":{"title":"Mujeres Amaz\u00f3nicas - REPAM","robots":{"index":"index","follow":"follow","max-snippet":"max-snippet:-1","max-image-preview":"max-image-preview:large","max-video-preview":"max-video-preview:-1"},"canonical":"https:\/\/www.repam.net\/es\/publicaciones\/series-radiales\/mujeres-amazonicas\/","og_locale":"es_ES","og_type":"article","og_title":"Mujeres Amaz\u00f3nicas - REPAM","og_description":"El N\u00facleo Mujeres y Amazon\u00eda de la Red Eclesial Panamaz\u00f3nica &#8211; REPAM, lanza el podcast &#8220;Mujeres Amaz\u00f3nicas&#8221;, con la narrativa de mujeres ind\u00edgenas de varios pa\u00edses de la Panamazon\u00eda Sigua los episodios de nuestro podcast, que tamb\u00e9m est\u00e1 disponible en las plataformas Spotify e Ivoox, y en nuestras redes sociales. Episodio 1 &#8211; Pamela Charles, [&hellip;]","og_url":"https:\/\/www.repam.net\/es\/publicaciones\/series-radiales\/mujeres-amazonicas\/","og_site_name":"REPAM","article_modified_time":"2023-03-15T13:01:03+00:00","og_image":[{"width":1600,"height":1600,"url":"https:\/\/www.repam.net\/es\/wp-content\/uploads\/2023\/03\/Mujeres-Amazonicas-cuadrado.jpg","type":"image\/jpeg"}],"twitter_card":"summary_large_image","twitter_misc":{"Tiempo de lectura":"2 minutos"},"schema":{"@context":"https:\/\/schema.org","@graph":[{"@type":"WebPage","@id":"https:\/\/www.repam.net\/es\/publicaciones\/series-radiales\/mujeres-amazonicas\/","url":"https:\/\/www.repam.net\/es\/publicaciones\/series-radiales\/mujeres-amazonicas\/","name":"Mujeres Amaz\u00f3nicas - REPAM","isPartOf":{"@id":"https:\/\/www.repam.net\/es\/#website"},"primaryImageOfPage":{"@id":"https:\/\/www.repam.net\/es\/publicaciones\/series-radiales\/mujeres-amazonicas\/#primaryimage"},"image":{"@id":"https:\/\/www.repam.net\/es\/publicaciones\/series-radiales\/mujeres-amazonicas\/#primaryimage"},"thumbnailUrl":"https:\/\/www.repam.net\/es\/wp-content\/uploads\/2023\/03\/Mujeres-Amazonicas-cuadrado.jpg","datePublished":"2023-03-08T14:21:52+00:00","dateModified":"2023-03-15T13:01:03+00:00","breadcrumb":{"@id":"https:\/\/www.repam.net\/es\/publicaciones\/series-radiales\/mujeres-amazonicas\/#breadcrumb"},"inLanguage":"es-CO","potentialAction":[{"@type":"ReadAction","target":["https:\/\/www.repam.net\/es\/publicaciones\/series-radiales\/mujeres-amazonicas\/"]}]},{"@type":"ImageObject","inLanguage":"es-CO","@id":"https:\/\/www.repam.net\/es\/publicaciones\/series-radiales\/mujeres-amazonicas\/#primaryimage","url":"https:\/\/www.repam.net\/es\/wp-content\/uploads\/2023\/03\/Mujeres-Amazonicas-cuadrado.jpg","contentUrl":"https:\/\/www.repam.net\/es\/wp-content\/uploads\/2023\/03\/Mujeres-Amazonicas-cuadrado.jpg","width":1600,"height":1600},{"@type":"BreadcrumbList","@id":"https:\/\/www.repam.net\/es\/publicaciones\/series-radiales\/mujeres-amazonicas\/#breadcrumb","itemListElement":[{"@type":"ListItem","position":1,"name":"Inicio","item":"https:\/\/www.repam.net\/es\/"},{"@type":"ListItem","position":2,"name":"Publicaciones","item":"https:\/\/www.repam.net\/es\/publicaciones\/"},{"@type":"ListItem","position":3,"name":"Series Radiales","item":"https:\/\/www.repam.net\/es\/publicaciones\/series-radiales\/"},{"@type":"ListItem","position":4,"name":"Mujeres Amaz\u00f3nicas"}]},{"@type":"WebSite","@id":"https:\/\/www.repam.net\/es\/#website","url":"https:\/\/www.repam.net\/es\/","name":"REPAM","description":"Red Eclesial Panamaz\u00f3nica","publisher":{"@id":"https:\/\/www.repam.net\/es\/#organization"},"potentialAction":[{"@type":"SearchAction","target":{"@type":"EntryPoint","urlTemplate":"https:\/\/www.repam.net\/es\/?s={search_term_string}"},"query-input":{"@type":"PropertyValueSpecification","valueRequired":true,"valueName":"search_term_string"}}],"inLanguage":"es-CO"},{"@type":"Organization","@id":"https:\/\/www.repam.net\/es\/#organization","name":"REPAM","url":"https:\/\/www.repam.net\/es\/","logo":{"@type":"ImageObject","inLanguage":"es-CO","@id":"https:\/\/www.repam.net\/es\/#\/schema\/logo\/image\/","url":"https:\/\/www.repam.net\/es\/wp-content\/uploads\/2021\/11\/cropped-favicon.png","contentUrl":"https:\/\/www.repam.net\/es\/wp-content\/uploads\/2021\/11\/cropped-favicon.png","width":512,"height":512,"caption":"REPAM"},"image":{"@id":"https:\/\/www.repam.net\/es\/#\/schema\/logo\/image\/"}}]}},"_links":{"self":[{"href":"https:\/\/www.repam.net\/es\/wp-json\/wp\/v2\/pages\/9668","targetHints":{"allow":["GET"]}}],"collection":[{"href":"https:\/\/www.repam.net\/es\/wp-json\/wp\/v2\/pages"}],"about":[{"href":"https:\/\/www.repam.net\/es\/wp-json\/wp\/v2\/types\/page"}],"author":[{"embeddable":true,"href":"https:\/\/www.repam.net\/es\/wp-json\/wp\/v2\/users\/1"}],"replies":[{"embeddable":true,"href":"https:\/\/www.repam.net\/es\/wp-json\/wp\/v2\/comments?post=9668"}],"version-history":[{"count":15,"href":"https:\/\/www.repam.net\/es\/wp-json\/wp\/v2\/pages\/9668\/revisions"}],"predecessor-version":[{"id":9783,"href":"https:\/\/www.repam.net\/es\/wp-json\/wp\/v2\/pages\/9668\/revisions\/9783"}],"up":[{"embeddable":true,"href":"https:\/\/www.repam.net\/es\/wp-json\/wp\/v2\/pages\/1023"}],"wp:featuredmedia":[{"embeddable":true,"href":"https:\/\/www.repam.net\/es\/wp-json\/wp\/v2\/media\/9675"}],"wp:attachment":[{"href":"https:\/\/www.repam.net\/es\/wp-json\/wp\/v2\/media?parent=9668"}],"curies":[{"name":"wp","href":"https:\/\/api.w.org\/{rel}","templated":true}]}}