{"id":998,"date":"2021-09-20T16:47:13","date_gmt":"2021-09-20T21:47:13","guid":{"rendered":"http:\/\/repam.net\/?page_id=998"},"modified":"2024-06-21T09:28:11","modified_gmt":"2024-06-21T14:28:11","slug":"informes-panamazonicos-de-derechos-humanos","status":"publish","type":"page","link":"https:\/\/www.repam.net\/es\/publicaciones\/informes-panamazonicos-de-derechos-humanos\/","title":{"rendered":"Informes Panamaz\u00f3nicos de Derechos Humanos"},"content":{"rendered":"\n<blockquote class=\"wp-block-quote is-layout-flow wp-block-quote-is-layout-flow\">\n<p>Conozca a seguir los Informes Regionales de Vulneraci\u00f3n de Derechos Humanos en la Panamazon\u00eda, frutos del trabajos de las dos primeras Escuelas:<\/p>\n<\/blockquote>\n\n\n\n<h5 class=\"wp-block-heading\">PRIMER INFORME REGIONAL DE VULNERACI\u00d3N DE DERECHOS HUMANOS EN LA PANAMAZON\u00cdA &#8211; 2018<\/h5>\n\n\n\n<div class=\"wp-block-columns is-layout-flex wp-container-core-columns-is-layout-9d6595d7 wp-block-columns-is-layout-flex\">\n<div class=\"wp-block-column is-layout-flow wp-block-column-is-layout-flow\">\n<figure class=\"wp-block-image size-full\"><a href=\"https:\/\/www.repam.net\/es\/wp-content\/uploads\/2023\/06\/informe-repam-espanol-definitivo1-2.pdf\" target=\"_blank\" rel=\"noopener\"><img loading=\"lazy\" decoding=\"async\" width=\"376\" height=\"528\" src=\"https:\/\/www.repam.net\/es\/wp-content\/uploads\/2023\/06\/informe-regional-ESP.jpeg\" alt=\"\" class=\"wp-image-10270\" srcset=\"https:\/\/www.repam.net\/es\/wp-content\/uploads\/2023\/06\/informe-regional-ESP.jpeg 376w, https:\/\/www.repam.net\/es\/wp-content\/uploads\/2023\/06\/informe-regional-ESP-214x300.jpeg 214w\" sizes=\"auto, (max-width: 376px) 100vw, 376px\" \/><\/a><figcaption class=\"wp-element-caption\">ESP. Primer Informe Regional de Vulneraci\u00f3n de Derechos Humanos en la Panamazon\u00eda<\/figcaption><\/figure>\n<\/div>\n\n\n\n<div class=\"wp-block-column is-layout-flow wp-block-column-is-layout-flow\">\n<figure class=\"wp-block-image size-full\"><a href=\"https:\/\/www.repam.net\/es\/wp-content\/uploads\/2023\/06\/INFORME-PORTUGUES_Relato\u0301rio-Regional.pdf\" target=\"_blank\" rel=\"noopener\"><img loading=\"lazy\" decoding=\"async\" width=\"376\" height=\"528\" src=\"https:\/\/www.repam.net\/es\/wp-content\/uploads\/2023\/06\/RELATORIO-REGIONAL-PT.jpeg\" alt=\"\" class=\"wp-image-10272\" srcset=\"https:\/\/www.repam.net\/es\/wp-content\/uploads\/2023\/06\/RELATORIO-REGIONAL-PT.jpeg 376w, https:\/\/www.repam.net\/es\/wp-content\/uploads\/2023\/06\/RELATORIO-REGIONAL-PT-214x300.jpeg 214w\" sizes=\"auto, (max-width: 376px) 100vw, 376px\" \/><\/a><figcaption class=\"wp-element-caption\">PT. 1\u00ba Informe Regional de Viola\u00e7\u00e3o dos Direitos Humanos na Pan-Amaz\u00f4nia<\/figcaption><\/figure>\n<\/div>\n\n\n\n<div class=\"wp-block-column is-layout-flow wp-block-column-is-layout-flow\">\n<figure class=\"wp-block-image size-full\"><a href=\"https:\/\/www.repam.net\/es\/wp-content\/uploads\/2023\/06\/2019.-ENG-Report-on-violation-of-Human-Rights-Panamazon_.pdf\" target=\"_blank\" rel=\"noreferrer noopener\"><img loading=\"lazy\" decoding=\"async\" width=\"377\" height=\"526\" src=\"https:\/\/www.repam.net\/es\/wp-content\/uploads\/2023\/06\/regional-report-eng.jpeg\" alt=\"\" class=\"wp-image-10274\" srcset=\"https:\/\/www.repam.net\/es\/wp-content\/uploads\/2023\/06\/regional-report-eng.jpeg 377w, https:\/\/www.repam.net\/es\/wp-content\/uploads\/2023\/06\/regional-report-eng-215x300.jpeg 215w\" sizes=\"auto, (max-width: 377px) 100vw, 377px\" \/><\/a><figcaption class=\"wp-element-caption\">ENG. I Regional Report of violation of human rights in the Amazonia<\/figcaption><\/figure>\n<\/div>\n<\/div>\n\n\n\n<hr class=\"wp-block-separator has-alpha-channel-opacity\"\/>\n\n\n\n<h5 class=\"wp-block-heading\">SEGUNDO INFORME REGIONAL DE VULNERACI\u00d3N DE DERECHOS HUMANOS EN LA PANAMAZON\u00cdA &#8211; 2022<\/h5>\n\n\n\n<div class=\"wp-block-columns is-layout-flex wp-container-core-columns-is-layout-9d6595d7 wp-block-columns-is-layout-flex\">\n<div class=\"wp-block-column is-layout-flow wp-block-column-is-layout-flow\">\n<figure class=\"wp-block-image size-full\"><a href=\"https:\/\/www.repam.net\/es\/wp-content\/uploads\/2022\/04\/ESP_2o-Informe-Regional-DD.HH_.-Panamazonia.pdf\" target=\"_blank\" rel=\"noreferrer noopener\"><img loading=\"lazy\" decoding=\"async\" width=\"571\" height=\"803\" src=\"https:\/\/www.repam.net\/es\/wp-content\/uploads\/2022\/09\/II-Informe-DD.HH_.-REPAM-ESP.jpg\" alt=\"\" class=\"wp-image-8531\" srcset=\"https:\/\/www.repam.net\/es\/wp-content\/uploads\/2022\/09\/II-Informe-DD.HH_.-REPAM-ESP.jpg 571w, https:\/\/www.repam.net\/es\/wp-content\/uploads\/2022\/09\/II-Informe-DD.HH_.-REPAM-ESP-213x300.jpg 213w\" sizes=\"auto, (max-width: 571px) 100vw, 571px\" \/><\/a><figcaption class=\"wp-element-caption\"><strong>ESPA\u00d1OL <\/strong>&#8211; II Informe Regional de vulneraci\u00f3n de DD.HH. en la Panamazon\u00eda<\/figcaption><\/figure>\n<\/div>\n\n\n\n<div class=\"wp-block-column is-layout-flow wp-block-column-is-layout-flow\">\n<figure class=\"wp-block-image size-full\"><a href=\"https:\/\/www.repam.net\/es\/wp-content\/uploads\/2022\/04\/PT_2o-Relato%CC%81rio-Regional-Direitos-Humanos-na-Pan-Amazo%CC%82nia.pdf\" target=\"_blank\" rel=\"noreferrer noopener\"><img loading=\"lazy\" decoding=\"async\" width=\"570\" height=\"803\" src=\"https:\/\/www.repam.net\/es\/wp-content\/uploads\/2022\/09\/2-Relatorio-DD.HH_.-REPAM-PT.jpg\" alt=\"\" class=\"wp-image-8532\" srcset=\"https:\/\/www.repam.net\/es\/wp-content\/uploads\/2022\/09\/2-Relatorio-DD.HH_.-REPAM-PT.jpg 570w, https:\/\/www.repam.net\/es\/wp-content\/uploads\/2022\/09\/2-Relatorio-DD.HH_.-REPAM-PT-213x300.jpg 213w\" sizes=\"auto, (max-width: 570px) 100vw, 570px\" \/><\/a><figcaption class=\"wp-element-caption\"><strong>PORTUGU\u00caS <\/strong>&#8211; 2\u00ba Relat\u00f3rio Regional de Viola\u00e7\u00f5es dos Direitos Humanos na Pan-Amaz\u00f4nia<\/figcaption><\/figure>\n<\/div>\n\n\n\n<div class=\"wp-block-column is-layout-flow wp-block-column-is-layout-flow\">\n<figure class=\"wp-block-image size-full\"><a href=\"https:\/\/www.repam.net\/es\/wp-content\/uploads\/2022\/04\/EN_2o-Report-Human-Rights-in-the-Pan-Amazon.pdf\" target=\"_blank\" rel=\"noreferrer noopener\"><img loading=\"lazy\" decoding=\"async\" width=\"568\" height=\"806\" src=\"https:\/\/www.repam.net\/es\/wp-content\/uploads\/2022\/09\/2-Relatory-DD-HH-REPAM-ENG.jpg\" alt=\"\" class=\"wp-image-8533\" srcset=\"https:\/\/www.repam.net\/es\/wp-content\/uploads\/2022\/09\/2-Relatory-DD-HH-REPAM-ENG.jpg 568w, https:\/\/www.repam.net\/es\/wp-content\/uploads\/2022\/09\/2-Relatory-DD-HH-REPAM-ENG-211x300.jpg 211w\" sizes=\"auto, (max-width: 568px) 100vw, 568px\" \/><\/a><figcaption class=\"wp-element-caption\"><strong>ENGLISH <\/strong>&#8211; 2nd Regional Report on the violation of human rights in the Amazonia<\/figcaption><\/figure>\n<\/div>\n<\/div>\n\n\n\n<p><strong>TERCER INFORME REGIONAL SOBRE VULNERACIONES DE LOS DERECHOS HUMANOS EN LA PANAMAZON\u00cdA &#8211; 2024<\/strong><\/p>\n\n\n\n<div class=\"wp-block-columns is-layout-flex wp-container-core-columns-is-layout-9d6595d7 wp-block-columns-is-layout-flex\">\n<div class=\"wp-block-column is-layout-flow wp-block-column-is-layout-flow\"><div class=\"wp-block-image\">\n<figure class=\"aligncenter size-full\"><a href=\"https:\/\/www.repam.net\/es\/wp-content\/uploads\/2024\/04\/INFORME_REPAM_ESP_00Final-2.pdf\" target=\"_blank\" rel=\"noreferrer noopener\"><img loading=\"lazy\" decoding=\"async\" width=\"395\" height=\"556\" src=\"https:\/\/www.repam.net\/es\/wp-content\/uploads\/2024\/04\/WhatsApp-Image-2024-04-10-at-14.09.23.jpeg\" alt=\"\" class=\"wp-image-11183\" srcset=\"https:\/\/www.repam.net\/es\/wp-content\/uploads\/2024\/04\/WhatsApp-Image-2024-04-10-at-14.09.23.jpeg 395w, https:\/\/www.repam.net\/es\/wp-content\/uploads\/2024\/04\/WhatsApp-Image-2024-04-10-at-14.09.23-213x300.jpeg 213w\" sizes=\"auto, (max-width: 395px) 100vw, 395px\" \/><\/a><figcaption class=\"wp-element-caption\"><strong>ESPA\u00d1OL<\/strong> &#8211; 3 Informe Regional sobre vulneraciones de los Derechos Humanos en la Panamazon\u00eda<\/figcaption><\/figure>\n<\/div><\/div>\n\n\n\n<div class=\"wp-block-column is-layout-flow wp-block-column-is-layout-flow\"><div class=\"wp-block-image\">\n<figure class=\"aligncenter size-full\"><a href=\"https:\/\/www.repam.net\/es\/wp-content\/uploads\/2024\/04\/INFORME-ING-COMPRIMIDO-WEB-1.pdf\" target=\"_blank\" rel=\"noreferrer noopener\"><img loading=\"lazy\" decoding=\"async\" width=\"395\" height=\"556\" src=\"https:\/\/www.repam.net\/es\/wp-content\/uploads\/2024\/04\/WhatsApp-Image-2024-04-10-at-10.33.27-1.jpeg\" alt=\"\" class=\"wp-image-11177\" srcset=\"https:\/\/www.repam.net\/es\/wp-content\/uploads\/2024\/04\/WhatsApp-Image-2024-04-10-at-10.33.27-1.jpeg 395w, https:\/\/www.repam.net\/es\/wp-content\/uploads\/2024\/04\/WhatsApp-Image-2024-04-10-at-10.33.27-1-213x300.jpeg 213w\" sizes=\"auto, (max-width: 395px) 100vw, 395px\" \/><\/a><figcaption class=\"wp-element-caption\"><strong>ENGLISH <\/strong>&#8211; 3 Regional Report on Human Rights Violations in the Pan-Amazon<\/figcaption><\/figure>\n<\/div><\/div>\n\n\n\n<div class=\"wp-block-column is-layout-flow wp-block-column-is-layout-flow\">\n<figure class=\"wp-block-image size-full\"><a href=\"https:\/\/www.repam.net\/es\/wp-content\/uploads\/2024\/06\/INFORME_REPAM_PT_FWEB-10mb-1.pdf\" target=\"_blank\" rel=\"noreferrer noopener\"><img loading=\"lazy\" decoding=\"async\" width=\"405\" height=\"554\" src=\"https:\/\/www.repam.net\/es\/wp-content\/uploads\/2024\/06\/WhatsApp-Image-2024-06-21-at-10.25.34.jpeg\" alt=\"\" class=\"wp-image-11308\" srcset=\"https:\/\/www.repam.net\/es\/wp-content\/uploads\/2024\/06\/WhatsApp-Image-2024-06-21-at-10.25.34.jpeg 405w, https:\/\/www.repam.net\/es\/wp-content\/uploads\/2024\/06\/WhatsApp-Image-2024-06-21-at-10.25.34-219x300.jpeg 219w\" sizes=\"auto, (max-width: 405px) 100vw, 405px\" \/><\/a><figcaption class=\"wp-element-caption\"><strong>PORTUGU\u00caS<\/strong> &#8211; 3 Relat\u00f3rio Regional de Viola\u00e7\u00e3o de Direitos Humanos na Pan-Amaz\u00f4nia<\/figcaption><\/figure>\n<\/div>\n<\/div>\n","protected":false},"excerpt":{"rendered":"<p>Conozca a seguir los Informes Regionales de Vulneraci\u00f3n de Derechos Humanos en la Panamazon\u00eda, frutos del trabajos de las dos primeras Escuelas: PRIMER INFORME REGIONAL DE VULNERACI\u00d3N DE DERECHOS HUMANOS EN LA PANAMAZON\u00cdA &#8211; 2018 SEGUNDO INFORME REGIONAL DE VULNERACI\u00d3N DE DERECHOS HUMANOS EN LA PANAMAZON\u00cdA &#8211; 2022 TERCER INFORME REGIONAL SOBRE VULNERACIONES DE LOS [&hellip;]<\/p>\n","protected":false},"author":1,"featured_media":0,"parent":341,"menu_order":0,"comment_status":"closed","ping_status":"closed","template":"","meta":{"_acf_changed":false,"_uf_show_specific_survey":0,"_uf_disable_surveys":false,"footnotes":""},"class_list":["post-998","page","type-page","status-publish","hentry"],"acf":[],"aioseo_notices":[],"yoast_head":"<!-- This site is optimized with the Yoast SEO plugin v27.4 - https:\/\/yoast.com\/product\/yoast-seo-wordpress\/ -->\n<title>Informes Panamaz\u00f3nicos de Derechos Humanos - REPAM<\/title>\n<meta name=\"robots\" content=\"index, follow, max-snippet:-1, max-image-preview:large, max-video-preview:-1\" \/>\n<link rel=\"canonical\" href=\"https:\/\/www.repam.net\/es\/publicaciones\/informes-panamazonicos-de-derechos-humanos\/\" \/>\n<meta property=\"og:locale\" content=\"es_ES\" \/>\n<meta property=\"og:type\" content=\"article\" \/>\n<meta property=\"og:title\" content=\"Informes Panamaz\u00f3nicos de Derechos Humanos - REPAM\" \/>\n<meta property=\"og:description\" content=\"Conozca a seguir los Informes Regionales de Vulneraci\u00f3n de Derechos Humanos en la Panamazon\u00eda, frutos del trabajos de las dos primeras Escuelas: PRIMER INFORME REGIONAL DE VULNERACI\u00d3N DE DERECHOS HUMANOS EN LA PANAMAZON\u00cdA &#8211; 2018 SEGUNDO INFORME REGIONAL DE VULNERACI\u00d3N DE DERECHOS HUMANOS EN LA PANAMAZON\u00cdA &#8211; 2022 TERCER INFORME REGIONAL SOBRE VULNERACIONES DE LOS [&hellip;]\" \/>\n<meta property=\"og:url\" content=\"https:\/\/www.repam.net\/es\/publicaciones\/informes-panamazonicos-de-derechos-humanos\/\" \/>\n<meta property=\"og:site_name\" content=\"REPAM\" \/>\n<meta property=\"article:modified_time\" content=\"2024-06-21T14:28:11+00:00\" \/>\n<meta property=\"og:image\" content=\"https:\/\/www.repam.net\/es\/wp-content\/uploads\/2023\/06\/informe-regional-ESP.jpeg\" \/>\n<meta name=\"twitter:card\" content=\"summary_large_image\" \/>\n<meta name=\"twitter:label1\" content=\"Tiempo de lectura\" \/>\n\t<meta name=\"twitter:data1\" content=\"2 minutos\" \/>\n<script type=\"application\/ld+json\" class=\"yoast-schema-graph\">{\"@context\":\"https:\\\/\\\/schema.org\",\"@graph\":[{\"@type\":\"WebPage\",\"@id\":\"https:\\\/\\\/www.repam.net\\\/es\\\/publicaciones\\\/informes-panamazonicos-de-derechos-humanos\\\/\",\"url\":\"https:\\\/\\\/www.repam.net\\\/es\\\/publicaciones\\\/informes-panamazonicos-de-derechos-humanos\\\/\",\"name\":\"Informes Panamaz\u00f3nicos de Derechos Humanos - REPAM\",\"isPartOf\":{\"@id\":\"https:\\\/\\\/www.repam.net\\\/es\\\/#website\"},\"primaryImageOfPage\":{\"@id\":\"https:\\\/\\\/www.repam.net\\\/es\\\/publicaciones\\\/informes-panamazonicos-de-derechos-humanos\\\/#primaryimage\"},\"image\":{\"@id\":\"https:\\\/\\\/www.repam.net\\\/es\\\/publicaciones\\\/informes-panamazonicos-de-derechos-humanos\\\/#primaryimage\"},\"thumbnailUrl\":\"https:\\\/\\\/www.repam.net\\\/es\\\/wp-content\\\/uploads\\\/2023\\\/06\\\/informe-regional-ESP.jpeg\",\"datePublished\":\"2021-09-20T21:47:13+00:00\",\"dateModified\":\"2024-06-21T14:28:11+00:00\",\"breadcrumb\":{\"@id\":\"https:\\\/\\\/www.repam.net\\\/es\\\/publicaciones\\\/informes-panamazonicos-de-derechos-humanos\\\/#breadcrumb\"},\"inLanguage\":\"es-CO\",\"potentialAction\":[{\"@type\":\"ReadAction\",\"target\":[\"https:\\\/\\\/www.repam.net\\\/es\\\/publicaciones\\\/informes-panamazonicos-de-derechos-humanos\\\/\"]}]},{\"@type\":\"ImageObject\",\"inLanguage\":\"es-CO\",\"@id\":\"https:\\\/\\\/www.repam.net\\\/es\\\/publicaciones\\\/informes-panamazonicos-de-derechos-humanos\\\/#primaryimage\",\"url\":\"https:\\\/\\\/www.repam.net\\\/es\\\/wp-content\\\/uploads\\\/2023\\\/06\\\/informe-regional-ESP.jpeg\",\"contentUrl\":\"https:\\\/\\\/www.repam.net\\\/es\\\/wp-content\\\/uploads\\\/2023\\\/06\\\/informe-regional-ESP.jpeg\",\"width\":376,\"height\":528},{\"@type\":\"BreadcrumbList\",\"@id\":\"https:\\\/\\\/www.repam.net\\\/es\\\/publicaciones\\\/informes-panamazonicos-de-derechos-humanos\\\/#breadcrumb\",\"itemListElement\":[{\"@type\":\"ListItem\",\"position\":1,\"name\":\"Inicio\",\"item\":\"https:\\\/\\\/www.repam.net\\\/es\\\/\"},{\"@type\":\"ListItem\",\"position\":2,\"name\":\"Publicaciones\",\"item\":\"https:\\\/\\\/www.repam.net\\\/es\\\/publicaciones\\\/\"},{\"@type\":\"ListItem\",\"position\":3,\"name\":\"Informes Panamaz\u00f3nicos de Derechos Humanos\"}]},{\"@type\":\"WebSite\",\"@id\":\"https:\\\/\\\/www.repam.net\\\/es\\\/#website\",\"url\":\"https:\\\/\\\/www.repam.net\\\/es\\\/\",\"name\":\"REPAM\",\"description\":\"Red Eclesial Panamaz\u00f3nica\",\"publisher\":{\"@id\":\"https:\\\/\\\/www.repam.net\\\/es\\\/#organization\"},\"potentialAction\":[{\"@type\":\"SearchAction\",\"target\":{\"@type\":\"EntryPoint\",\"urlTemplate\":\"https:\\\/\\\/www.repam.net\\\/es\\\/?s={search_term_string}\"},\"query-input\":{\"@type\":\"PropertyValueSpecification\",\"valueRequired\":true,\"valueName\":\"search_term_string\"}}],\"inLanguage\":\"es-CO\"},{\"@type\":\"Organization\",\"@id\":\"https:\\\/\\\/www.repam.net\\\/es\\\/#organization\",\"name\":\"REPAM\",\"url\":\"https:\\\/\\\/www.repam.net\\\/es\\\/\",\"logo\":{\"@type\":\"ImageObject\",\"inLanguage\":\"es-CO\",\"@id\":\"https:\\\/\\\/www.repam.net\\\/es\\\/#\\\/schema\\\/logo\\\/image\\\/\",\"url\":\"https:\\\/\\\/www.repam.net\\\/es\\\/wp-content\\\/uploads\\\/2021\\\/11\\\/cropped-favicon.png\",\"contentUrl\":\"https:\\\/\\\/www.repam.net\\\/es\\\/wp-content\\\/uploads\\\/2021\\\/11\\\/cropped-favicon.png\",\"width\":512,\"height\":512,\"caption\":\"REPAM\"},\"image\":{\"@id\":\"https:\\\/\\\/www.repam.net\\\/es\\\/#\\\/schema\\\/logo\\\/image\\\/\"}}]}<\/script>\n<!-- \/ Yoast SEO plugin. -->","yoast_head_json":{"title":"Informes Panamaz\u00f3nicos de Derechos Humanos - REPAM","robots":{"index":"index","follow":"follow","max-snippet":"max-snippet:-1","max-image-preview":"max-image-preview:large","max-video-preview":"max-video-preview:-1"},"canonical":"https:\/\/www.repam.net\/es\/publicaciones\/informes-panamazonicos-de-derechos-humanos\/","og_locale":"es_ES","og_type":"article","og_title":"Informes Panamaz\u00f3nicos de Derechos Humanos - REPAM","og_description":"Conozca a seguir los Informes Regionales de Vulneraci\u00f3n de Derechos Humanos en la Panamazon\u00eda, frutos del trabajos de las dos primeras Escuelas: PRIMER INFORME REGIONAL DE VULNERACI\u00d3N DE DERECHOS HUMANOS EN LA PANAMAZON\u00cdA &#8211; 2018 SEGUNDO INFORME REGIONAL DE VULNERACI\u00d3N DE DERECHOS HUMANOS EN LA PANAMAZON\u00cdA &#8211; 2022 TERCER INFORME REGIONAL SOBRE VULNERACIONES DE LOS [&hellip;]","og_url":"https:\/\/www.repam.net\/es\/publicaciones\/informes-panamazonicos-de-derechos-humanos\/","og_site_name":"REPAM","article_modified_time":"2024-06-21T14:28:11+00:00","og_image":[{"url":"https:\/\/www.repam.net\/es\/wp-content\/uploads\/2023\/06\/informe-regional-ESP.jpeg","type":"","width":"","height":""}],"twitter_card":"summary_large_image","twitter_misc":{"Tiempo de lectura":"2 minutos"},"schema":{"@context":"https:\/\/schema.org","@graph":[{"@type":"WebPage","@id":"https:\/\/www.repam.net\/es\/publicaciones\/informes-panamazonicos-de-derechos-humanos\/","url":"https:\/\/www.repam.net\/es\/publicaciones\/informes-panamazonicos-de-derechos-humanos\/","name":"Informes Panamaz\u00f3nicos de Derechos Humanos - REPAM","isPartOf":{"@id":"https:\/\/www.repam.net\/es\/#website"},"primaryImageOfPage":{"@id":"https:\/\/www.repam.net\/es\/publicaciones\/informes-panamazonicos-de-derechos-humanos\/#primaryimage"},"image":{"@id":"https:\/\/www.repam.net\/es\/publicaciones\/informes-panamazonicos-de-derechos-humanos\/#primaryimage"},"thumbnailUrl":"https:\/\/www.repam.net\/es\/wp-content\/uploads\/2023\/06\/informe-regional-ESP.jpeg","datePublished":"2021-09-20T21:47:13+00:00","dateModified":"2024-06-21T14:28:11+00:00","breadcrumb":{"@id":"https:\/\/www.repam.net\/es\/publicaciones\/informes-panamazonicos-de-derechos-humanos\/#breadcrumb"},"inLanguage":"es-CO","potentialAction":[{"@type":"ReadAction","target":["https:\/\/www.repam.net\/es\/publicaciones\/informes-panamazonicos-de-derechos-humanos\/"]}]},{"@type":"ImageObject","inLanguage":"es-CO","@id":"https:\/\/www.repam.net\/es\/publicaciones\/informes-panamazonicos-de-derechos-humanos\/#primaryimage","url":"https:\/\/www.repam.net\/es\/wp-content\/uploads\/2023\/06\/informe-regional-ESP.jpeg","contentUrl":"https:\/\/www.repam.net\/es\/wp-content\/uploads\/2023\/06\/informe-regional-ESP.jpeg","width":376,"height":528},{"@type":"BreadcrumbList","@id":"https:\/\/www.repam.net\/es\/publicaciones\/informes-panamazonicos-de-derechos-humanos\/#breadcrumb","itemListElement":[{"@type":"ListItem","position":1,"name":"Inicio","item":"https:\/\/www.repam.net\/es\/"},{"@type":"ListItem","position":2,"name":"Publicaciones","item":"https:\/\/www.repam.net\/es\/publicaciones\/"},{"@type":"ListItem","position":3,"name":"Informes Panamaz\u00f3nicos de Derechos Humanos"}]},{"@type":"WebSite","@id":"https:\/\/www.repam.net\/es\/#website","url":"https:\/\/www.repam.net\/es\/","name":"REPAM","description":"Red Eclesial Panamaz\u00f3nica","publisher":{"@id":"https:\/\/www.repam.net\/es\/#organization"},"potentialAction":[{"@type":"SearchAction","target":{"@type":"EntryPoint","urlTemplate":"https:\/\/www.repam.net\/es\/?s={search_term_string}"},"query-input":{"@type":"PropertyValueSpecification","valueRequired":true,"valueName":"search_term_string"}}],"inLanguage":"es-CO"},{"@type":"Organization","@id":"https:\/\/www.repam.net\/es\/#organization","name":"REPAM","url":"https:\/\/www.repam.net\/es\/","logo":{"@type":"ImageObject","inLanguage":"es-CO","@id":"https:\/\/www.repam.net\/es\/#\/schema\/logo\/image\/","url":"https:\/\/www.repam.net\/es\/wp-content\/uploads\/2021\/11\/cropped-favicon.png","contentUrl":"https:\/\/www.repam.net\/es\/wp-content\/uploads\/2021\/11\/cropped-favicon.png","width":512,"height":512,"caption":"REPAM"},"image":{"@id":"https:\/\/www.repam.net\/es\/#\/schema\/logo\/image\/"}}]}},"_links":{"self":[{"href":"https:\/\/www.repam.net\/es\/wp-json\/wp\/v2\/pages\/998","targetHints":{"allow":["GET"]}}],"collection":[{"href":"https:\/\/www.repam.net\/es\/wp-json\/wp\/v2\/pages"}],"about":[{"href":"https:\/\/www.repam.net\/es\/wp-json\/wp\/v2\/types\/page"}],"author":[{"embeddable":true,"href":"https:\/\/www.repam.net\/es\/wp-json\/wp\/v2\/users\/1"}],"replies":[{"embeddable":true,"href":"https:\/\/www.repam.net\/es\/wp-json\/wp\/v2\/comments?post=998"}],"version-history":[{"count":21,"href":"https:\/\/www.repam.net\/es\/wp-json\/wp\/v2\/pages\/998\/revisions"}],"predecessor-version":[{"id":11310,"href":"https:\/\/www.repam.net\/es\/wp-json\/wp\/v2\/pages\/998\/revisions\/11310"}],"up":[{"embeddable":true,"href":"https:\/\/www.repam.net\/es\/wp-json\/wp\/v2\/pages\/341"}],"wp:attachment":[{"href":"https:\/\/www.repam.net\/es\/wp-json\/wp\/v2\/media?parent=998"}],"curies":[{"name":"wp","href":"https:\/\/api.w.org\/{rel}","templated":true}]}}