{"id":1152,"date":"2022-06-09T14:52:31","date_gmt":"2022-06-09T17:52:31","guid":{"rendered":"https:\/\/www.repam.net\/pt\/?page_id=1152"},"modified":"2022-06-09T14:53:31","modified_gmt":"2022-06-09T17:53:31","slug":"mensagem-do-iv-encontro-da-igreja-na-amazonia-legal-continuar-a-semeadura-do-evangelho-em-nossa-querida-amazonia","status":"publish","type":"page","link":"https:\/\/www.repam.net\/pt\/mensagem-do-iv-encontro-da-igreja-na-amazonia-legal-continuar-a-semeadura-do-evangelho-em-nossa-querida-amazonia\/","title":{"rendered":"Mensagem do IV Encontro da Igreja na Amaz\u00f4nia Legal: \u201cContinuar a semeadura do Evangelho em nossa Querida Amaz\u00f4nia\u201d"},"content":{"rendered":"<div class=\"wp-block-image\">\n<figure class=\"aligncenter size-full\"><img loading=\"lazy\" decoding=\"async\" width=\"638\" height=\"304\" src=\"https:\/\/www.repam.net\/pt\/wp-content\/uploads\/2022\/06\/mensagem-final-santarem.png\" alt=\"\" class=\"wp-image-1153\" srcset=\"https:\/\/www.repam.net\/pt\/wp-content\/uploads\/2022\/06\/mensagem-final-santarem.png 638w, https:\/\/www.repam.net\/pt\/wp-content\/uploads\/2022\/06\/mensagem-final-santarem-300x143.png 300w\" sizes=\"auto, (max-width: 638px) 100vw, 638px\" \/><\/figure>\n<\/div>\n\n\n<blockquote class=\"wp-block-quote is-layout-flow wp-block-quote-is-layout-flow\"><p><em>Os participantes do&nbsp;<strong>IV Encontro da Igreja Cat\u00f3lica na Amaz\u00f4nia Legal, realizado no Semin\u00e1rio S\u00e3o Pio X de Santar\u00e9m (PA), de 6 a 9 de junho de 2022<\/strong>, fazendo mem\u00f3ria do acontecido 50 anos atr\u00e1s no mesmo local, enviaram uma Mensagem ao Povo de Deus<\/em><\/p><\/blockquote>\n\n\n\n<p><strong><em>Por Luis Miguel Modino<\/em><\/strong><\/p>\n\n\n\n<p>O texto \u00e9 fruto de um encontro que quer \u201c<strong>reafirmar a sinodalidade eclesial, nosso querer caminhar juntos<\/strong>, estreitar nossa comunh\u00e3o pastoral e na esperan\u00e7a, continuar a semeadura do Evangelho e dos sinais do Reino em nossa Querida Amaz\u00f4nia\u201d, mas tamb\u00e9m expressar \u201cnossa gratid\u00e3o \u00e0queles oper\u00e1rios da primeira hora, que em Santar\u00e9m tomaram o firme caminho da encarna\u00e7\u00e3o na realidade, condi\u00e7\u00e3o permanente de convers\u00e3o ao Verbo Encarnado e de uma evangeliza\u00e7\u00e3o libertadora\u201d.<\/p>\n\n\n\n<p>Tudo isso com o \u00e2nimo do Papa Francisco e a \u201calegria de habitar em meio a numerosos povos\u201d, com quem \u201c<strong>experimentamos a for\u00e7a libertadora do Evangelho que atua nos pequenos e que nos interpela e convida a uma vida mais simples, de mais partilha e gratuidade<\/strong>\u201d. Algo que \u00e9 vivido em comunidades \u201csamaritanas, misericordiosas, solid\u00e1rias, pobres e pascais\u201d, desafiadas pelas amea\u00e7as de \u201cum sistema econ\u00f4mico predat\u00f3rio e consumista, que escancara as chagas abertas pela viol\u00eancia socioambiental, que destr\u00f3i os direitos dos povos origin\u00e1rios e tradicionais, da natureza e do territ\u00f3rio amaz\u00f4nico\u201d, o que faz com que \u201ca vida dos povos da Amaz\u00f4nia est\u00e1 por um fio!\u201d.<\/p>\n\n\n<div class=\"wp-block-image\">\n<figure class=\"aligncenter\"><a href=\"https:\/\/blogger.googleusercontent.com\/img\/a\/AVvXsEiCg_aKDsXYzqVZpug4V-hWRVpslB82W9-3trxStltzlKtH-apoEFlevaTlnlriMqscFYGn7ajVJGGUTeh215veHaBRFXEm3q_f4XzPQN5WqEO_hMaTtk1BQDMYT4T-mGrj9R-nR2VU-hQgAd_fevnm31eOl9du3QdSgagZ5t-UvUs-1t58l-TFpA\"><img decoding=\"async\" src=\"https:\/\/blogger.googleusercontent.com\/img\/a\/AVvXsEiCg_aKDsXYzqVZpug4V-hWRVpslB82W9-3trxStltzlKtH-apoEFlevaTlnlriMqscFYGn7ajVJGGUTeh215veHaBRFXEm3q_f4XzPQN5WqEO_hMaTtk1BQDMYT4T-mGrj9R-nR2VU-hQgAd_fevnm31eOl9du3QdSgagZ5t-UvUs-1t58l-TFpA=w640-h342\" alt=\"\"\/><\/a><\/figure>\n<\/div>\n\n\n<p>Diante disso, os participantes do IV Encontro da Igreja cat\u00f3lica na Amaz\u00f4nia Legal insistem em que \u201c\u00e9 urgente uma parada, que estanque este modelo de soberania privativa que se sobrep\u00f5e \u00e0 soberania social, e promova a reconstru\u00e7\u00e3o e a garantia da Vida e de salvaguarda da Amaz\u00f4nia\u201d. E fazer isso sendo conscientes de uma caminhada em rede, \u201c<strong>tecida pelos que acreditam que as sementes do Reino foram lan\u00e7adas por tanta gente nessas terras e \u00e1guas, e hoje, por n\u00f3s<\/strong>\u201d.<\/p>\n\n\n\n<p>Tendo como fundamento a Palavra de Deus e o Magist\u00e9rio, os participantes se comprometem \u201ca uma vida mais simples, de mais partilha e gratuidade, de convers\u00e3o integral e de incid\u00eancia na defesa da vida de mulheres e homens, e, aliados aos povos da Amaz\u00f4nia\u201d, assumindo alguns compromissos, em \u201c<strong>uma Igreja com rostos amaz\u00f4nicos<\/strong>\u201d, que atualizam as linhas priorit\u00e1rias do Documento de 1972: encarna\u00e7\u00e3o na realidade e evangeliza\u00e7\u00e3o libertadora.<\/p>\n\n\n\n<p>Neste momento hist\u00f3rico, as&nbsp;<strong>linhas priorit\u00e1rias para os novos caminhos Evangeliza\u00e7\u00e3o<\/strong>&nbsp;s\u00e3o: Fortalecimento das Comunidades Eclesiais De Base; Forma\u00e7\u00e3o dos Disc\u00edpulos Mission\u00e1rios na Amaz\u00f4nia; Defesa da Vida dos Povos Da Amaz\u00f4nia; Cuidado com a Casa Comum: Migra\u00e7\u00e3o, Minera\u00e7\u00e3o e Mega Projetos de Infraestrutura; Evangeliza\u00e7\u00e3o Das Juventudes.<\/p>\n\n\n\n<p>A mensagem pede a ora\u00e7\u00e3o das Comunidades Eclesiais e expressa seu \u201c<strong>agradecimento ao Papa Francisco por sua proximidade e ternura para com a Amaz\u00f4nia, nossos povos e Igrejas particulares<\/strong>\u201d, e \u201c\u00e0 Igreja de Santar\u00e9m, que nos acolheu nestes dias com carinho, disponibilidade, fraternidade e sinodalidade\u201d. Tudo isso sob a intercess\u00e3o de \u201cMaria, Nossa Senhora de Nazar\u00e9, M\u00e3e da Amaz\u00f4nia e Estrela da Evangeliza\u00e7\u00e3o\u201d.<\/p>\n\n\n\n<div data-wp-interactive=\"core\/file\" class=\"wp-block-file aligncenter\"><object data-wp-bind--hidden=\"!state.hasPdfPreview\" hidden class=\"wp-block-file__embed\" data=\"https:\/\/www.repam.net\/pt\/wp-content\/uploads\/2022\/06\/Mensagem-ao-povo-de-Deus-IV-Encontro-da-Amazonia-Legal-Santarem-2022.pdf\" type=\"application\/pdf\" style=\"width:100%;height:600px\" aria-label=\"Incorporado de Incorporado de Mensagem-ao-povo-de-Deus-IV-Encontro-da-Amazonia-Legal-Santarem-2022..\"><\/object><a id=\"wp-block-file--media-6d7969ff-5f84-450e-9f90-81b049e1747f\" href=\"https:\/\/www.repam.net\/pt\/wp-content\/uploads\/2022\/06\/Mensagem-ao-povo-de-Deus-IV-Encontro-da-Amazonia-Legal-Santarem-2022.pdf\">Mensagem-ao-povo-de-Deus-IV-Encontro-da-Amazonia-Legal-Santarem-2022<\/a><a href=\"https:\/\/www.repam.net\/pt\/wp-content\/uploads\/2022\/06\/Mensagem-ao-povo-de-Deus-IV-Encontro-da-Amazonia-Legal-Santarem-2022.pdf\" class=\"wp-block-file__button\" download aria-describedby=\"wp-block-file--media-6d7969ff-5f84-450e-9f90-81b049e1747f\">Baixar<\/a><\/div>\n\n\n\n<p><\/p>\n","protected":false},"excerpt":{"rendered":"<p>Os participantes do&nbsp;IV Encontro da Igreja Cat\u00f3lica na Amaz\u00f4nia Legal, realizado no Semin\u00e1rio S\u00e3o Pio X de Santar\u00e9m (PA), de 6 a 9 de junho de 2022, fazendo mem\u00f3ria do acontecido 50 anos atr\u00e1s no mesmo local, enviaram uma Mensagem ao Povo de Deus Por Luis Miguel Modino O texto \u00e9 fruto de um encontro [&hellip;]<\/p>\n","protected":false},"author":1,"featured_media":1153,"parent":0,"menu_order":0,"comment_status":"closed","ping_status":"closed","template":"","meta":{"_acf_changed":false,"_uf_show_specific_survey":0,"_uf_disable_surveys":false,"footnotes":""},"class_list":["post-1152","page","type-page","status-publish","has-post-thumbnail","hentry"],"acf":[],"aioseo_notices":[],"yoast_head":"<!-- This site is optimized with the Yoast SEO plugin v24.2 - https:\/\/yoast.com\/wordpress\/plugins\/seo\/ -->\n<title>Mensagem do IV Encontro da Igreja na Amaz\u00f4nia Legal: \u201cContinuar a semeadura do Evangelho em nossa Querida Amaz\u00f4nia\u201d - Repam<\/title>\n<meta name=\"robots\" content=\"index, follow, max-snippet:-1, max-image-preview:large, max-video-preview:-1\" \/>\n<link rel=\"canonical\" href=\"https:\/\/www.repam.net\/pt\/mensagem-do-iv-encontro-da-igreja-na-amazonia-legal-continuar-a-semeadura-do-evangelho-em-nossa-querida-amazonia\/\" \/>\n<meta property=\"og:locale\" content=\"pt_BR\" \/>\n<meta property=\"og:type\" content=\"article\" \/>\n<meta property=\"og:title\" content=\"Mensagem do IV Encontro da Igreja na Amaz\u00f4nia Legal: \u201cContinuar a semeadura do Evangelho em nossa Querida Amaz\u00f4nia\u201d - Repam\" \/>\n<meta property=\"og:description\" content=\"Os participantes do&nbsp;IV Encontro da Igreja Cat\u00f3lica na Amaz\u00f4nia Legal, realizado no Semin\u00e1rio S\u00e3o Pio X de Santar\u00e9m (PA), de 6 a 9 de junho de 2022, fazendo mem\u00f3ria do acontecido 50 anos atr\u00e1s no mesmo local, enviaram uma Mensagem ao Povo de Deus Por Luis Miguel Modino O texto \u00e9 fruto de um encontro [&hellip;]\" \/>\n<meta property=\"og:url\" content=\"https:\/\/www.repam.net\/pt\/mensagem-do-iv-encontro-da-igreja-na-amazonia-legal-continuar-a-semeadura-do-evangelho-em-nossa-querida-amazonia\/\" \/>\n<meta property=\"og:site_name\" content=\"Repam\" \/>\n<meta property=\"article:modified_time\" content=\"2022-06-09T17:53:31+00:00\" \/>\n<meta property=\"og:image\" content=\"https:\/\/www.repam.net\/pt\/wp-content\/uploads\/2022\/06\/mensagem-final-santarem.png\" \/>\n\t<meta property=\"og:image:width\" content=\"638\" \/>\n\t<meta property=\"og:image:height\" content=\"304\" \/>\n\t<meta property=\"og:image:type\" content=\"image\/png\" \/>\n<meta name=\"twitter:card\" content=\"summary_large_image\" \/>\n<meta name=\"twitter:label1\" content=\"Est. tempo de leitura\" \/>\n\t<meta name=\"twitter:data1\" content=\"3 minutos\" \/>\n<script type=\"application\/ld+json\" class=\"yoast-schema-graph\">{\"@context\":\"https:\/\/schema.org\",\"@graph\":[{\"@type\":\"WebPage\",\"@id\":\"https:\/\/www.repam.net\/pt\/mensagem-do-iv-encontro-da-igreja-na-amazonia-legal-continuar-a-semeadura-do-evangelho-em-nossa-querida-amazonia\/\",\"url\":\"https:\/\/www.repam.net\/pt\/mensagem-do-iv-encontro-da-igreja-na-amazonia-legal-continuar-a-semeadura-do-evangelho-em-nossa-querida-amazonia\/\",\"name\":\"Mensagem do IV Encontro da Igreja na Amaz\u00f4nia Legal: \u201cContinuar a semeadura do Evangelho em nossa Querida Amaz\u00f4nia\u201d - Repam\",\"isPartOf\":{\"@id\":\"https:\/\/www.repam.net\/pt\/#website\"},\"primaryImageOfPage\":{\"@id\":\"https:\/\/www.repam.net\/pt\/mensagem-do-iv-encontro-da-igreja-na-amazonia-legal-continuar-a-semeadura-do-evangelho-em-nossa-querida-amazonia\/#primaryimage\"},\"image\":{\"@id\":\"https:\/\/www.repam.net\/pt\/mensagem-do-iv-encontro-da-igreja-na-amazonia-legal-continuar-a-semeadura-do-evangelho-em-nossa-querida-amazonia\/#primaryimage\"},\"thumbnailUrl\":\"https:\/\/www.repam.net\/pt\/wp-content\/uploads\/2022\/06\/mensagem-final-santarem.png\",\"datePublished\":\"2022-06-09T17:52:31+00:00\",\"dateModified\":\"2022-06-09T17:53:31+00:00\",\"breadcrumb\":{\"@id\":\"https:\/\/www.repam.net\/pt\/mensagem-do-iv-encontro-da-igreja-na-amazonia-legal-continuar-a-semeadura-do-evangelho-em-nossa-querida-amazonia\/#breadcrumb\"},\"inLanguage\":\"pt-BR\",\"potentialAction\":[{\"@type\":\"ReadAction\",\"target\":[\"https:\/\/www.repam.net\/pt\/mensagem-do-iv-encontro-da-igreja-na-amazonia-legal-continuar-a-semeadura-do-evangelho-em-nossa-querida-amazonia\/\"]}]},{\"@type\":\"ImageObject\",\"inLanguage\":\"pt-BR\",\"@id\":\"https:\/\/www.repam.net\/pt\/mensagem-do-iv-encontro-da-igreja-na-amazonia-legal-continuar-a-semeadura-do-evangelho-em-nossa-querida-amazonia\/#primaryimage\",\"url\":\"https:\/\/www.repam.net\/pt\/wp-content\/uploads\/2022\/06\/mensagem-final-santarem.png\",\"contentUrl\":\"https:\/\/www.repam.net\/pt\/wp-content\/uploads\/2022\/06\/mensagem-final-santarem.png\",\"width\":638,\"height\":304},{\"@type\":\"BreadcrumbList\",\"@id\":\"https:\/\/www.repam.net\/pt\/mensagem-do-iv-encontro-da-igreja-na-amazonia-legal-continuar-a-semeadura-do-evangelho-em-nossa-querida-amazonia\/#breadcrumb\",\"itemListElement\":[{\"@type\":\"ListItem\",\"position\":1,\"name\":\"In\u00edcio\",\"item\":\"https:\/\/www.repam.net\/pt\/\"},{\"@type\":\"ListItem\",\"position\":2,\"name\":\"Mensagem do IV Encontro da Igreja na Amaz\u00f4nia Legal: \u201cContinuar a semeadura do Evangelho em nossa Querida Amaz\u00f4nia\u201d\"}]},{\"@type\":\"WebSite\",\"@id\":\"https:\/\/www.repam.net\/pt\/#website\",\"url\":\"https:\/\/www.repam.net\/pt\/\",\"name\":\"Repam\",\"description\":\"Rede Eclesial Pan-amaz\u00f4nica\",\"publisher\":{\"@id\":\"https:\/\/www.repam.net\/pt\/#organization\"},\"potentialAction\":[{\"@type\":\"SearchAction\",\"target\":{\"@type\":\"EntryPoint\",\"urlTemplate\":\"https:\/\/www.repam.net\/pt\/?s={search_term_string}\"},\"query-input\":{\"@type\":\"PropertyValueSpecification\",\"valueRequired\":true,\"valueName\":\"search_term_string\"}}],\"inLanguage\":\"pt-BR\"},{\"@type\":\"Organization\",\"@id\":\"https:\/\/www.repam.net\/pt\/#organization\",\"name\":\"Repam\",\"url\":\"https:\/\/www.repam.net\/pt\/\",\"logo\":{\"@type\":\"ImageObject\",\"inLanguage\":\"pt-BR\",\"@id\":\"https:\/\/www.repam.net\/pt\/#\/schema\/logo\/image\/\",\"url\":\"https:\/\/www.repam.net\/pt\/wp-content\/uploads\/2022\/02\/15.-REPAM-BRASIL.jpg\",\"contentUrl\":\"https:\/\/www.repam.net\/pt\/wp-content\/uploads\/2022\/02\/15.-REPAM-BRASIL.jpg\",\"width\":231,\"height\":230,\"caption\":\"Repam\"},\"image\":{\"@id\":\"https:\/\/www.repam.net\/pt\/#\/schema\/logo\/image\/\"}}]}<\/script>\n<!-- \/ Yoast SEO plugin. -->","yoast_head_json":{"title":"Mensagem do IV Encontro da Igreja na Amaz\u00f4nia Legal: \u201cContinuar a semeadura do Evangelho em nossa Querida Amaz\u00f4nia\u201d - Repam","robots":{"index":"index","follow":"follow","max-snippet":"max-snippet:-1","max-image-preview":"max-image-preview:large","max-video-preview":"max-video-preview:-1"},"canonical":"https:\/\/www.repam.net\/pt\/mensagem-do-iv-encontro-da-igreja-na-amazonia-legal-continuar-a-semeadura-do-evangelho-em-nossa-querida-amazonia\/","og_locale":"pt_BR","og_type":"article","og_title":"Mensagem do IV Encontro da Igreja na Amaz\u00f4nia Legal: \u201cContinuar a semeadura do Evangelho em nossa Querida Amaz\u00f4nia\u201d - Repam","og_description":"Os participantes do&nbsp;IV Encontro da Igreja Cat\u00f3lica na Amaz\u00f4nia Legal, realizado no Semin\u00e1rio S\u00e3o Pio X de Santar\u00e9m (PA), de 6 a 9 de junho de 2022, fazendo mem\u00f3ria do acontecido 50 anos atr\u00e1s no mesmo local, enviaram uma Mensagem ao Povo de Deus Por Luis Miguel Modino O texto \u00e9 fruto de um encontro [&hellip;]","og_url":"https:\/\/www.repam.net\/pt\/mensagem-do-iv-encontro-da-igreja-na-amazonia-legal-continuar-a-semeadura-do-evangelho-em-nossa-querida-amazonia\/","og_site_name":"Repam","article_modified_time":"2022-06-09T17:53:31+00:00","og_image":[{"width":638,"height":304,"url":"https:\/\/www.repam.net\/pt\/wp-content\/uploads\/2022\/06\/mensagem-final-santarem.png","type":"image\/png"}],"twitter_card":"summary_large_image","twitter_misc":{"Est. tempo de leitura":"3 minutos"},"schema":{"@context":"https:\/\/schema.org","@graph":[{"@type":"WebPage","@id":"https:\/\/www.repam.net\/pt\/mensagem-do-iv-encontro-da-igreja-na-amazonia-legal-continuar-a-semeadura-do-evangelho-em-nossa-querida-amazonia\/","url":"https:\/\/www.repam.net\/pt\/mensagem-do-iv-encontro-da-igreja-na-amazonia-legal-continuar-a-semeadura-do-evangelho-em-nossa-querida-amazonia\/","name":"Mensagem do IV Encontro da Igreja na Amaz\u00f4nia Legal: \u201cContinuar a semeadura do Evangelho em nossa Querida Amaz\u00f4nia\u201d - Repam","isPartOf":{"@id":"https:\/\/www.repam.net\/pt\/#website"},"primaryImageOfPage":{"@id":"https:\/\/www.repam.net\/pt\/mensagem-do-iv-encontro-da-igreja-na-amazonia-legal-continuar-a-semeadura-do-evangelho-em-nossa-querida-amazonia\/#primaryimage"},"image":{"@id":"https:\/\/www.repam.net\/pt\/mensagem-do-iv-encontro-da-igreja-na-amazonia-legal-continuar-a-semeadura-do-evangelho-em-nossa-querida-amazonia\/#primaryimage"},"thumbnailUrl":"https:\/\/www.repam.net\/pt\/wp-content\/uploads\/2022\/06\/mensagem-final-santarem.png","datePublished":"2022-06-09T17:52:31+00:00","dateModified":"2022-06-09T17:53:31+00:00","breadcrumb":{"@id":"https:\/\/www.repam.net\/pt\/mensagem-do-iv-encontro-da-igreja-na-amazonia-legal-continuar-a-semeadura-do-evangelho-em-nossa-querida-amazonia\/#breadcrumb"},"inLanguage":"pt-BR","potentialAction":[{"@type":"ReadAction","target":["https:\/\/www.repam.net\/pt\/mensagem-do-iv-encontro-da-igreja-na-amazonia-legal-continuar-a-semeadura-do-evangelho-em-nossa-querida-amazonia\/"]}]},{"@type":"ImageObject","inLanguage":"pt-BR","@id":"https:\/\/www.repam.net\/pt\/mensagem-do-iv-encontro-da-igreja-na-amazonia-legal-continuar-a-semeadura-do-evangelho-em-nossa-querida-amazonia\/#primaryimage","url":"https:\/\/www.repam.net\/pt\/wp-content\/uploads\/2022\/06\/mensagem-final-santarem.png","contentUrl":"https:\/\/www.repam.net\/pt\/wp-content\/uploads\/2022\/06\/mensagem-final-santarem.png","width":638,"height":304},{"@type":"BreadcrumbList","@id":"https:\/\/www.repam.net\/pt\/mensagem-do-iv-encontro-da-igreja-na-amazonia-legal-continuar-a-semeadura-do-evangelho-em-nossa-querida-amazonia\/#breadcrumb","itemListElement":[{"@type":"ListItem","position":1,"name":"In\u00edcio","item":"https:\/\/www.repam.net\/pt\/"},{"@type":"ListItem","position":2,"name":"Mensagem do IV Encontro da Igreja na Amaz\u00f4nia Legal: \u201cContinuar a semeadura do Evangelho em nossa Querida Amaz\u00f4nia\u201d"}]},{"@type":"WebSite","@id":"https:\/\/www.repam.net\/pt\/#website","url":"https:\/\/www.repam.net\/pt\/","name":"Repam","description":"Rede Eclesial Pan-amaz\u00f4nica","publisher":{"@id":"https:\/\/www.repam.net\/pt\/#organization"},"potentialAction":[{"@type":"SearchAction","target":{"@type":"EntryPoint","urlTemplate":"https:\/\/www.repam.net\/pt\/?s={search_term_string}"},"query-input":{"@type":"PropertyValueSpecification","valueRequired":true,"valueName":"search_term_string"}}],"inLanguage":"pt-BR"},{"@type":"Organization","@id":"https:\/\/www.repam.net\/pt\/#organization","name":"Repam","url":"https:\/\/www.repam.net\/pt\/","logo":{"@type":"ImageObject","inLanguage":"pt-BR","@id":"https:\/\/www.repam.net\/pt\/#\/schema\/logo\/image\/","url":"https:\/\/www.repam.net\/pt\/wp-content\/uploads\/2022\/02\/15.-REPAM-BRASIL.jpg","contentUrl":"https:\/\/www.repam.net\/pt\/wp-content\/uploads\/2022\/02\/15.-REPAM-BRASIL.jpg","width":231,"height":230,"caption":"Repam"},"image":{"@id":"https:\/\/www.repam.net\/pt\/#\/schema\/logo\/image\/"}}]}},"_links":{"self":[{"href":"https:\/\/www.repam.net\/pt\/wp-json\/wp\/v2\/pages\/1152","targetHints":{"allow":["GET"]}}],"collection":[{"href":"https:\/\/www.repam.net\/pt\/wp-json\/wp\/v2\/pages"}],"about":[{"href":"https:\/\/www.repam.net\/pt\/wp-json\/wp\/v2\/types\/page"}],"author":[{"embeddable":true,"href":"https:\/\/www.repam.net\/pt\/wp-json\/wp\/v2\/users\/1"}],"replies":[{"embeddable":true,"href":"https:\/\/www.repam.net\/pt\/wp-json\/wp\/v2\/comments?post=1152"}],"version-history":[{"count":2,"href":"https:\/\/www.repam.net\/pt\/wp-json\/wp\/v2\/pages\/1152\/revisions"}],"predecessor-version":[{"id":1156,"href":"https:\/\/www.repam.net\/pt\/wp-json\/wp\/v2\/pages\/1152\/revisions\/1156"}],"wp:featuredmedia":[{"embeddable":true,"href":"https:\/\/www.repam.net\/pt\/wp-json\/wp\/v2\/media\/1153"}],"wp:attachment":[{"href":"https:\/\/www.repam.net\/pt\/wp-json\/wp\/v2\/media?parent=1152"}],"curies":[{"name":"wp","href":"https:\/\/api.w.org\/{rel}","templated":true}]}}