{"id":12,"date":"2022-01-19T14:04:59","date_gmt":"2022-01-19T17:04:59","guid":{"rendered":"http:\/\/repam.net\/pt\/?page_id=12"},"modified":"2024-02-26T18:22:52","modified_gmt":"2024-02-26T21:22:52","slug":"home","status":"publish","type":"page","link":"https:\/\/www.repam.net\/pt\/","title":{"rendered":"Home"},"content":{"rendered":"\n<div class=\"wp-block-columns is-layout-flex wp-container-core-columns-is-layout-9d6595d7 wp-block-columns-is-layout-flex\">\n<div class=\"wp-block-column is-layout-flow wp-block-column-is-layout-flow\"><\/div>\n\n\n\n<div class=\"wp-block-column is-layout-flow wp-block-column-is-layout-flow\">\n<figure class=\"wp-block-image size-large\"><a href=\"https:\/\/sirepam.repam.net\/portal\/home.action\" target=\"_blank\" rel=\"noopener\"><img decoding=\"async\" src=\"https:\/\/www.repam.net\/es\/wp-content\/uploads\/2021\/08\/sirepam@2x-1024x587.png\" alt=\"\" class=\"wp-image-208\"\/><\/a><\/figure>\n\n\n\n<h5 class=\"wp-block-heading has-text-align-center\">SIREPAM<\/h5>\n\n\n\n<p class=\"has-text-align-center\">Sistema de Informa\u00e7\u00e3o da Realidade Eclesial da Panamaz\u00f4nia<\/p>\n<\/div>\n\n\n\n<div class=\"wp-block-column is-layout-flow wp-block-column-is-layout-flow\">\n<figure class=\"wp-block-image size-large\"><a class=\"youtube\" href=\"https:\/\/youtu.be\/trOKcJm2bek\"><img decoding=\"async\" src=\"https:\/\/www.repam.net\/es\/wp-content\/uploads\/2021\/08\/video@2x-1024x591.png\" alt=\"\" class=\"wp-image-210\"\/><\/a><\/figure>\n\n\n\n<h5 class=\"wp-block-heading has-text-align-center\">AMAZONIZA-TE!<\/h5>\n\n\n\n<p class=\"has-text-align-center\">A Amaz\u00f4nia \u00e9 fonte de vida no cora\u00e7\u00e3o da Igreja<\/p>\n<\/div>\n\n\n\n<div class=\"wp-block-column is-layout-flow wp-block-column-is-layout-flow\">\n<figure class=\"wp-block-image size-large\"><a href=\"https:\/\/www.repam.net\/pt\/politica-de-protecao-repam\/\" target=\"_blank\" rel=\"noreferrer noopener\"><img loading=\"lazy\" decoding=\"async\" width=\"1024\" height=\"576\" src=\"https:\/\/www.repam.net\/pt\/wp-content\/uploads\/2023\/02\/Politica-de-Protecao-PT-1024x576.jpg\" alt=\"\" class=\"wp-image-2116\" srcset=\"https:\/\/www.repam.net\/pt\/wp-content\/uploads\/2023\/02\/Politica-de-Protecao-PT-1024x576.jpg 1024w, https:\/\/www.repam.net\/pt\/wp-content\/uploads\/2023\/02\/Politica-de-Protecao-PT-300x169.jpg 300w, https:\/\/www.repam.net\/pt\/wp-content\/uploads\/2023\/02\/Politica-de-Protecao-PT-768x432.jpg 768w, https:\/\/www.repam.net\/pt\/wp-content\/uploads\/2023\/02\/Politica-de-Protecao-PT.jpg 1280w\" sizes=\"auto, (max-width: 1024px) 100vw, 1024px\" \/><\/a><\/figure>\n\n\n\n<h5 class=\"wp-block-heading\">POL\u00cdTICA DE PROTE\u00c7\u00c3O<\/h5>\n\n\n\n<p class=\"has-text-align-center\">Pol\u00edtica de Prote\u00e7\u00e3o de Crian\u00e7as e Adultos Vulner\u00e1veis<\/p>\n<\/div>\n\n\n\n<div class=\"wp-block-column is-layout-flow wp-block-column-is-layout-flow\"><\/div>\n<\/div>\n\n\n<div class=\"pt-4 pb-12 bg-gray-100 home1\"><div class=\"flex items-center container mx-auto px-4\"><div class=\"w-1\/12 text-lima-300 hover:text-lima-500 flex justify-center\"><button class=\"mt-24\" onclick=\"home1.go('<')\"><svg xmlns=\"http:\/\/www.w3.org\/2000\/svg\" class=\"h-12 w-12\" fill=\"none\" viewBox=\"0 0 24 24\" stroke=\"currentColor\"><path stroke-linecap=\"round\" stroke-linejoin=\"round\" stroke-width=\"2\" d=\"M15 19l-7-7 7-7\" \/><\/svg><\/button><\/div><div class=\"w-10\/12 px-8\"><h2 class=\"text-verde-500 text-3xl font-bold pb-8\">Atualidade<\/h2><div class=\"glide-home1\"><div class=\"glide__track\" data-glide-el=\"track\"><div class=\"glide__slides\"><div class=\"glide__slide\">\n    <a href=\"https:\/\/www.repam.net\/pt\/da-mata-a-kalliana\/\">\n                    <img decoding=\"async\" src=\"https:\/\/www.repam.net\/pt\/wp-content\/uploads\/fly-images\/4230\/WhatsApp-Image-2026-04-01-at-12.18.57-PM-edited-350x250-c.jpeg\" class=\"w-full rounded-lg shadow\">\n            <\/a>\n    <h3 class=\"text-verde-500 text-lg font-bold mb-4\">\n        <a href=\"https:\/\/www.repam.net\/pt\/da-mata-a-kalliana\/\">\n            Da mata \u00e0 kalliana: O tecido entre sementes e produ\u00e7\u00e3o sustent\u00e1vel a partir de iniciativas de mulheres kichwas amaz\u00f4nicas de Pastaza        <\/a>\n    <\/h3>\n    <p class=\"pb-4\">\n        Por: Jorlenys Cal\u00e9 \u2013 Lanceros Digitales. Vencedora do Concurso de Comunica\u00e7\u00e3o Popular \u201cCardenal Claudio Hummes\u201d, na categoria escritos, com o texto \u201cDa mata \u00e0 kalliana: o tecido entre sementes...    <\/p>\n<\/div><div class=\"glide__slide\">\n    <a href=\"https:\/\/www.repam.net\/pt\/iii-juntanza-culminou-no-equador\/\">\n                    <img decoding=\"async\" src=\"https:\/\/www.repam.net\/pt\/wp-content\/uploads\/fly-images\/4225\/WhatsApp-Image-2026-03-24-at-5.57.52-PM-edited-350x250-c.jpeg\" class=\"w-full rounded-lg shadow\">\n            <\/a>\n    <h3 class=\"text-verde-500 text-lg font-bold mb-4\">\n        <a href=\"https:\/\/www.repam.net\/pt\/iii-juntanza-culminou-no-equador\/\">\n            O III Festival JUNTANZA culminou na Mitad del Mundo: um compromisso pela vida, pela justi\u00e7a digital e pelo territ\u00f3rio        <\/a>\n    <\/h3>\n    <p class=\"pb-4\">\n        Ap\u00f3s tr\u00eas dias de intenso di\u00e1logo e tecido fraterno, o III Festival JUNTANZA concluiu-se em um ato carregado de simbolismo. O encontro, que reuniu mais de 150 jornalistas e...    <\/p>\n<\/div><div class=\"glide__slide\">\n    <a href=\"https:\/\/www.repam.net\/pt\/presidencia-da-ceama-expressa-rosto-amazonico-e-horizonte-sinodal\/\">\n                    <img decoding=\"async\" src=\"https:\/\/www.repam.net\/pt\/wp-content\/uploads\/fly-images\/4211\/WhatsApp-Image-2026-03-24-at-11.25.33-AM-edited-350x250-c.jpeg\" class=\"w-full rounded-lg shadow\">\n            <\/a>\n    <h3 class=\"text-verde-500 text-lg font-bold mb-4\">\n        <a href=\"https:\/\/www.repam.net\/pt\/presidencia-da-ceama-expressa-rosto-amazonico-e-horizonte-sinodal\/\">\n            Nova presid\u00eancia da CEAMA expressa seu rosto amaz\u00f4nico e horizonte sinodal        <\/a>\n    <\/h3>\n    <p class=\"pb-4\">\n        Com a elei\u00e7\u00e3o do cardeal Leonardo Ulrich Steiner como presidente e uma equipe de vice-presidentes origin\u00e1rios da regi\u00e3o, a CEAMA inicia uma nova etapa (2026\u20132030) marcada pelo fortalecimento de...    <\/p>\n<\/div><div class=\"glide__slide\">\n    <a href=\"https:\/\/www.repam.net\/pt\/deixou-nos-o-padre-frank-mcgourns\/\">\n                    <img decoding=\"async\" src=\"https:\/\/www.repam.net\/pt\/wp-content\/uploads\/fly-images\/4207\/IMG_20260320_162550.jpg-edited-2048x1152-1-350x250-c.jpeg\" class=\"w-full rounded-lg shadow\">\n            <\/a>\n    <h3 class=\"text-verde-500 text-lg font-bold mb-4\">\n        <a href=\"https:\/\/www.repam.net\/pt\/deixou-nos-o-padre-frank-mcgourns\/\">\n            Deixou-nos o padre Frank McGourn\u2019s, mission\u00e1rio Maryknoll que dedicou toda a sua vida a trabalhar e lutar pelo Reino de Deus.        <\/a>\n    <\/h3>\n    <p class=\"pb-4\">\n        Faleceu na sexta-feira, 20 de mar\u00e7o, no condado de Westchester, Nova York, em meio \u00e0 sua recupera\u00e7\u00e3o ap\u00f3s uma interven\u00e7\u00e3o m\u00e9dica. A Amaz\u00f4nia chora hoje um homem que escolheu...    <\/p>\n<\/div><div class=\"glide__slide\">\n    <a href=\"https:\/\/www.repam.net\/pt\/falece-a-irma-lupita-do-putumayo\/\">\n                    <img decoding=\"async\" src=\"https:\/\/www.repam.net\/pt\/wp-content\/uploads\/fly-images\/4203\/WhatsApp-Image-2026-03-20-at-3.23.28-PM-edited-350x250-c.jpeg\" class=\"w-full rounded-lg shadow\">\n            <\/a>\n    <h3 class=\"text-verde-500 text-lg font-bold mb-4\">\n        <a href=\"https:\/\/www.repam.net\/pt\/falece-a-irma-lupita-do-putumayo\/\">\n            Falece a irm\u00e3 Lupita do Putumayo, mission\u00e1ria que entregou mais de 50 anos de vida \u201cno cora\u00e7\u00e3o da selva\u201d        <\/a>\n    <\/h3>\n    <p class=\"pb-4\">\n        Durante mais de meio s\u00e9culo, navegou rios, caminhou pela selva e semeou esperan\u00e7a em comunidades esquecidas. Hoje, a Amaz\u00f4nia se despede de Lupita do Putumayo, mission\u00e1ria que fez de...    <\/p>\n<\/div><div class=\"glide__slide\">\n    <a href=\"https:\/\/www.repam.net\/pt\/inicia-a-juntaza-da-comunicacao\/\">\n                    <img decoding=\"async\" src=\"https:\/\/www.repam.net\/pt\/wp-content\/uploads\/fly-images\/4190\/WhatsApp-Image-2026-03-19-at-4.53.11-PM-edited-350x250-c.jpeg\" class=\"w-full rounded-lg shadow\">\n            <\/a>\n    <h3 class=\"text-verde-500 text-lg font-bold mb-4\">\n        <a href=\"https:\/\/www.repam.net\/pt\/inicia-a-juntaza-da-comunicacao\/\">\n            O III Festival Juntanza da Comunica\u00e7\u00e3o tem in\u00edcio na cidade de Quito        <\/a>\n    <\/h3>\n    <p class=\"pb-4\">\n        Na cidade de Quito, no Equador, mais de 60 jornalistas e mais de 90 defensores dos territ\u00f3rios se unem como um tecido de vozes latino-americanas pela comunica\u00e7\u00e3o comunit\u00e1ria, que...    <\/p>\n<\/div><\/div><\/div><\/div><\/div><div class=\"w-1\/12 text-lima-300 hover:text-lima-500 flex justify-center\"><button class=\"mt-24\" onclick=\"home1.go('>')\"><svg xmlns=\"http:\/\/www.w3.org\/2000\/svg\" class=\"h-12 w-12\" fill=\"none\" viewBox=\"0 0 24 24\" stroke=\"currentColor\"><path stroke-linecap=\"round\" stroke-linejoin=\"round\" stroke-width=\"2\" d=\"M9 5l7 7-7 7\" \/><\/svg><\/button><\/div><\/div><div class=\"flex justify-center mt-4\"><a href=\"\/es\/category\/noticias\" class=\"text-white bg-lima-500 rounded-full py-1 px-8 hover:bg-lima-600 transition\">ver todo<\/a><\/div><\/div>\n\n\n<div class=\"pt-4 pb-12 home2\"><div class=\"flex items-center container mx-auto px-4\"><div class=\"w-1\/12 text-lima-300 hover:text-lima-500 flex justify-center\"><button class=\"mt-24\" onclick=\"home2.go('<')\"><svg xmlns=\"http:\/\/www.w3.org\/2000\/svg\" class=\"h-12 w-12\" fill=\"none\" viewBox=\"0 0 24 24\" stroke=\"currentColor\"><path stroke-linecap=\"round\" stroke-linejoin=\"round\" stroke-width=\"2\" d=\"M15 19l-7-7 7-7\" \/><\/svg><\/button><\/div><div class=\"w-10\/12 px-8\"><h2 class=\"text-verde-500 text-3xl font-bold pb-8\">Agenda<\/h2><div class=\"glide-home2\"><div class=\"glide__track\" data-glide-el=\"track\"><div class=\"glide__slides\"><div class=\"glide__slide\">\n    <a href=\"https:\/\/www.repam.net\/pt\/publicacoes\/40-dias-navegando\/40-dias-navegando-2025-navegando-como-peregrinos-de-esperanca-na-amazonia\/\" target=\"_blank\">\n                    <img decoding=\"async\" src=\"https:\/\/www.repam.net\/pt\/wp-content\/uploads\/fly-images\/3176\/5-@crisdibujante92-250x250-c.png\" class=\"w-full rounded-lg shadow\">\n            <\/a>\n    <h3 class=\"text-verde-500 text-lg font-bold mb-4\">Forma\u00e7\u00e3o, Ora\u00e7\u00e3o e Reflex\u00e3o<\/h3>\n    <p>Material semanal para ora\u00e7\u00e3o e reflex\u00e3o para o tempo quaresmal: \u201c 2025. Navegando como peregrinos de esperan\u00e7a na Amaz\u00f4nia&#8220;.<\/p>\n<\/div><div class=\"glide__slide\">\n    <a href=\"https:\/\/www.youtube.com\/watch?v=o2sGT8a-I1w&#038;t=13s\" target=\"_blank\">\n                    <img decoding=\"async\" src=\"https:\/\/www.repam.net\/pt\/wp-content\/uploads\/fly-images\/2129\/Mulheres-Manchineri-250x250-c.jpg\" class=\"w-full rounded-lg shadow\">\n            <\/a>\n    <h3 class=\"text-verde-500 text-lg font-bold mb-4\">Igreja em Fronteiras<\/h3>\n    <p>O povo ind\u00edgena Manchineri, da fronteira entre Brasil, Bol\u00edvia e Peru, resgatando sua l\u00edngua e cultura<\/p>\n<\/div><div class=\"glide__slide\">\n    <a href=\"https:\/\/www.repam.net\/pt\/serie-juventudes-e-amazonia\/\" target=\"_blank\">\n                    <img decoding=\"async\" src=\"https:\/\/www.repam.net\/pt\/wp-content\/uploads\/fly-images\/2139\/Juventudes-e-Amazonia-quadrado-250x250-c.jpg\" class=\"w-full rounded-lg shadow\">\n            <\/a>\n    <h3 class=\"text-verde-500 text-lg font-bold mb-4\">Juventudes<\/h3>\n    <p>Jovens de pa\u00edses Pan-Amaz\u00f4nicos apresentam suas a\u00e7\u00f5es para promover a Ecologia Integral<\/p>\n<\/div><div class=\"glide__slide\">\n    <a href=\"https:\/\/www.repam.net\/pt\/calendario-2023-mulheres-da-amazonia\/\" target=\"_blank\">\n                    <img decoding=\"async\" src=\"https:\/\/www.repam.net\/pt\/wp-content\/uploads\/fly-images\/2136\/Guardias-do-Territorio-250x250-c.jpg\" class=\"w-full rounded-lg shadow\">\n            <\/a>\n    <h3 class=\"text-verde-500 text-lg font-bold mb-4\">Mulheres Amaz\u00f4nicas<\/h3>\n    <p>Calend\u00e1rio 2023, &#8220;Guardi\u00e3s do Territ\u00f3rio&#8221;: testemunho de mulheres defensoras da vida e pelos direitos<\/p>\n<\/div><div class=\"glide__slide\">\n    <a href=\"https:\/\/www.youtube.com\/watch?v=aNTNRaNeXnE&#038;list=PLzlcvg4GuiUYN3YcnwLiUTCJWukfaXX2h\" target=\"_blank\">\n                    <img decoding=\"async\" src=\"https:\/\/www.repam.net\/pt\/wp-content\/uploads\/fly-images\/2134\/Justica-Socioambiental-e-Bem-Viver-250x250-c.jpg\" class=\"w-full rounded-lg shadow\">\n            <\/a>\n    <h3 class=\"text-verde-500 text-lg font-bold mb-4\">Bem Viver<\/h3>\n    <p>Testemunhos de amaz\u00f4nicos comprometidos com a justi\u00e7a socioambiental e o bem viver na Col\u00f4mbia, Brasil e Peru.<\/p>\n<\/div><div class=\"glide__slide\">\n    <a href=\"https:\/\/www.youtube.com\/watch?v=aQLAnps31cQ&#038;list=PLzlcvg4GuiUZpxE5RbWUegOizDagPXz1S\" target=\"_blank\">\n                    <img decoding=\"async\" src=\"https:\/\/www.repam.net\/pt\/wp-content\/uploads\/fly-images\/2131\/Frutos-do-Sinodo-Amazonico-250x250-c.jpg\" class=\"w-full rounded-lg shadow\">\n            <\/a>\n    <h3 class=\"text-verde-500 text-lg font-bold mb-4\">S\u00ednodo Amaz\u00f4nico<\/h3>\n    <p>Apresenta\u00e7\u00e3o dos avan\u00e7os no caminho p\u00f3s-sinodal no territ\u00f3rio pan-amaz\u00f4nico<\/p>\n<\/div><\/div><\/div><\/div><\/div><div class=\"w-1\/12 text-lima-300 hover:text-lima-500 flex justify-center\"><button class=\"mt-24\" onclick=\"home2.go('>')\"><svg xmlns=\"http:\/\/www.w3.org\/2000\/svg\" class=\"h-12 w-12\" fill=\"none\" viewBox=\"0 0 24 24\" stroke=\"currentColor\"><path stroke-linecap=\"round\" stroke-linejoin=\"round\" stroke-width=\"2\" d=\"M9 5l7 7-7 7\" \/><\/svg><\/button><\/div><\/div><div class=\"flex justify-center mt-4\"><a href=\"\/es\/es\/agenda\" class=\"text-white bg-lima-500 rounded-full py-1 px-8 hover:bg-lima-600 transition\">ver todo<\/a><\/div><\/div>\n","protected":false},"excerpt":{"rendered":"<p>SIREPAM Sistema de Informa\u00e7\u00e3o da Realidade Eclesial da Panamaz\u00f4nia AMAZONIZA-TE! A Amaz\u00f4nia \u00e9 fonte de vida no cora\u00e7\u00e3o da Igreja POL\u00cdTICA DE PROTE\u00c7\u00c3O Pol\u00edtica de Prote\u00e7\u00e3o de Crian\u00e7as e Adultos Vulner\u00e1veis<\/p>\n","protected":false},"author":1,"featured_media":2116,"parent":0,"menu_order":0,"comment_status":"closed","ping_status":"closed","template":"","meta":{"_acf_changed":false,"_uf_show_specific_survey":0,"_uf_disable_surveys":false,"footnotes":""},"class_list":["post-12","page","type-page","status-publish","has-post-thumbnail","hentry"],"acf":[],"aioseo_notices":[],"yoast_head":"<!-- This site is optimized with the Yoast SEO plugin v24.2 - https:\/\/yoast.com\/wordpress\/plugins\/seo\/ -->\n<title>Home - Repam<\/title>\n<meta name=\"robots\" content=\"index, follow, max-snippet:-1, max-image-preview:large, max-video-preview:-1\" \/>\n<link rel=\"canonical\" href=\"https:\/\/www.repam.net\/pt\/\" \/>\n<meta property=\"og:locale\" content=\"pt_BR\" \/>\n<meta property=\"og:type\" content=\"article\" \/>\n<meta property=\"og:title\" content=\"Home - Repam\" \/>\n<meta property=\"og:description\" content=\"SIREPAM Sistema de Informa\u00e7\u00e3o da Realidade Eclesial da Panamaz\u00f4nia AMAZONIZA-TE! A Amaz\u00f4nia \u00e9 fonte de vida no cora\u00e7\u00e3o da Igreja POL\u00cdTICA DE PROTE\u00c7\u00c3O Pol\u00edtica de Prote\u00e7\u00e3o de Crian\u00e7as e Adultos Vulner\u00e1veis\" \/>\n<meta property=\"og:url\" content=\"https:\/\/www.repam.net\/pt\/\" \/>\n<meta property=\"og:site_name\" content=\"Repam\" \/>\n<meta property=\"article:modified_time\" content=\"2024-02-26T21:22:52+00:00\" \/>\n<meta property=\"og:image\" content=\"https:\/\/www.repam.net\/pt\/wp-content\/uploads\/2023\/02\/Politica-de-Protecao-PT.jpg\" \/>\n\t<meta property=\"og:image:width\" content=\"1280\" \/>\n\t<meta property=\"og:image:height\" content=\"720\" \/>\n\t<meta property=\"og:image:type\" content=\"image\/jpeg\" \/>\n<meta name=\"twitter:card\" content=\"summary_large_image\" \/>\n<meta name=\"twitter:label1\" content=\"Est. tempo de leitura\" \/>\n\t<meta name=\"twitter:data1\" content=\"1 minuto\" \/>\n<script type=\"application\/ld+json\" class=\"yoast-schema-graph\">{\"@context\":\"https:\/\/schema.org\",\"@graph\":[{\"@type\":\"WebPage\",\"@id\":\"https:\/\/www.repam.net\/pt\/\",\"url\":\"https:\/\/www.repam.net\/pt\/\",\"name\":\"Home - Repam\",\"isPartOf\":{\"@id\":\"https:\/\/www.repam.net\/pt\/#website\"},\"primaryImageOfPage\":{\"@id\":\"https:\/\/www.repam.net\/pt\/#primaryimage\"},\"image\":{\"@id\":\"https:\/\/www.repam.net\/pt\/#primaryimage\"},\"thumbnailUrl\":\"https:\/\/www.repam.net\/pt\/wp-content\/uploads\/2023\/02\/Politica-de-Protecao-PT.jpg\",\"datePublished\":\"2022-01-19T17:04:59+00:00\",\"dateModified\":\"2024-02-26T21:22:52+00:00\",\"breadcrumb\":{\"@id\":\"https:\/\/www.repam.net\/pt\/#breadcrumb\"},\"inLanguage\":\"pt-BR\",\"potentialAction\":[{\"@type\":\"ReadAction\",\"target\":[\"https:\/\/www.repam.net\/pt\/\"]}]},{\"@type\":\"ImageObject\",\"inLanguage\":\"pt-BR\",\"@id\":\"https:\/\/www.repam.net\/pt\/#primaryimage\",\"url\":\"https:\/\/www.repam.net\/pt\/wp-content\/uploads\/2023\/02\/Politica-de-Protecao-PT.jpg\",\"contentUrl\":\"https:\/\/www.repam.net\/pt\/wp-content\/uploads\/2023\/02\/Politica-de-Protecao-PT.jpg\",\"width\":1280,\"height\":720},{\"@type\":\"BreadcrumbList\",\"@id\":\"https:\/\/www.repam.net\/pt\/#breadcrumb\",\"itemListElement\":[{\"@type\":\"ListItem\",\"position\":1,\"name\":\"In\u00edcio\",\"item\":\"https:\/\/www.repam.net\/pt\/\"},{\"@type\":\"ListItem\",\"position\":2,\"name\":\"Home\"}]},{\"@type\":\"WebSite\",\"@id\":\"https:\/\/www.repam.net\/pt\/#website\",\"url\":\"https:\/\/www.repam.net\/pt\/\",\"name\":\"Repam\",\"description\":\"Rede Eclesial Pan-amaz\u00f4nica\",\"publisher\":{\"@id\":\"https:\/\/www.repam.net\/pt\/#organization\"},\"potentialAction\":[{\"@type\":\"SearchAction\",\"target\":{\"@type\":\"EntryPoint\",\"urlTemplate\":\"https:\/\/www.repam.net\/pt\/?s={search_term_string}\"},\"query-input\":{\"@type\":\"PropertyValueSpecification\",\"valueRequired\":true,\"valueName\":\"search_term_string\"}}],\"inLanguage\":\"pt-BR\"},{\"@type\":\"Organization\",\"@id\":\"https:\/\/www.repam.net\/pt\/#organization\",\"name\":\"Repam\",\"url\":\"https:\/\/www.repam.net\/pt\/\",\"logo\":{\"@type\":\"ImageObject\",\"inLanguage\":\"pt-BR\",\"@id\":\"https:\/\/www.repam.net\/pt\/#\/schema\/logo\/image\/\",\"url\":\"https:\/\/www.repam.net\/pt\/wp-content\/uploads\/2022\/02\/15.-REPAM-BRASIL.jpg\",\"contentUrl\":\"https:\/\/www.repam.net\/pt\/wp-content\/uploads\/2022\/02\/15.-REPAM-BRASIL.jpg\",\"width\":231,\"height\":230,\"caption\":\"Repam\"},\"image\":{\"@id\":\"https:\/\/www.repam.net\/pt\/#\/schema\/logo\/image\/\"}}]}<\/script>\n<!-- \/ Yoast SEO plugin. -->","yoast_head_json":{"title":"Home - Repam","robots":{"index":"index","follow":"follow","max-snippet":"max-snippet:-1","max-image-preview":"max-image-preview:large","max-video-preview":"max-video-preview:-1"},"canonical":"https:\/\/www.repam.net\/pt\/","og_locale":"pt_BR","og_type":"article","og_title":"Home - Repam","og_description":"SIREPAM Sistema de Informa\u00e7\u00e3o da Realidade Eclesial da Panamaz\u00f4nia AMAZONIZA-TE! A Amaz\u00f4nia \u00e9 fonte de vida no cora\u00e7\u00e3o da Igreja POL\u00cdTICA DE PROTE\u00c7\u00c3O Pol\u00edtica de Prote\u00e7\u00e3o de Crian\u00e7as e Adultos Vulner\u00e1veis","og_url":"https:\/\/www.repam.net\/pt\/","og_site_name":"Repam","article_modified_time":"2024-02-26T21:22:52+00:00","og_image":[{"width":1280,"height":720,"url":"https:\/\/www.repam.net\/pt\/wp-content\/uploads\/2023\/02\/Politica-de-Protecao-PT.jpg","type":"image\/jpeg"}],"twitter_card":"summary_large_image","twitter_misc":{"Est. tempo de leitura":"1 minuto"},"schema":{"@context":"https:\/\/schema.org","@graph":[{"@type":"WebPage","@id":"https:\/\/www.repam.net\/pt\/","url":"https:\/\/www.repam.net\/pt\/","name":"Home - Repam","isPartOf":{"@id":"https:\/\/www.repam.net\/pt\/#website"},"primaryImageOfPage":{"@id":"https:\/\/www.repam.net\/pt\/#primaryimage"},"image":{"@id":"https:\/\/www.repam.net\/pt\/#primaryimage"},"thumbnailUrl":"https:\/\/www.repam.net\/pt\/wp-content\/uploads\/2023\/02\/Politica-de-Protecao-PT.jpg","datePublished":"2022-01-19T17:04:59+00:00","dateModified":"2024-02-26T21:22:52+00:00","breadcrumb":{"@id":"https:\/\/www.repam.net\/pt\/#breadcrumb"},"inLanguage":"pt-BR","potentialAction":[{"@type":"ReadAction","target":["https:\/\/www.repam.net\/pt\/"]}]},{"@type":"ImageObject","inLanguage":"pt-BR","@id":"https:\/\/www.repam.net\/pt\/#primaryimage","url":"https:\/\/www.repam.net\/pt\/wp-content\/uploads\/2023\/02\/Politica-de-Protecao-PT.jpg","contentUrl":"https:\/\/www.repam.net\/pt\/wp-content\/uploads\/2023\/02\/Politica-de-Protecao-PT.jpg","width":1280,"height":720},{"@type":"BreadcrumbList","@id":"https:\/\/www.repam.net\/pt\/#breadcrumb","itemListElement":[{"@type":"ListItem","position":1,"name":"In\u00edcio","item":"https:\/\/www.repam.net\/pt\/"},{"@type":"ListItem","position":2,"name":"Home"}]},{"@type":"WebSite","@id":"https:\/\/www.repam.net\/pt\/#website","url":"https:\/\/www.repam.net\/pt\/","name":"Repam","description":"Rede Eclesial Pan-amaz\u00f4nica","publisher":{"@id":"https:\/\/www.repam.net\/pt\/#organization"},"potentialAction":[{"@type":"SearchAction","target":{"@type":"EntryPoint","urlTemplate":"https:\/\/www.repam.net\/pt\/?s={search_term_string}"},"query-input":{"@type":"PropertyValueSpecification","valueRequired":true,"valueName":"search_term_string"}}],"inLanguage":"pt-BR"},{"@type":"Organization","@id":"https:\/\/www.repam.net\/pt\/#organization","name":"Repam","url":"https:\/\/www.repam.net\/pt\/","logo":{"@type":"ImageObject","inLanguage":"pt-BR","@id":"https:\/\/www.repam.net\/pt\/#\/schema\/logo\/image\/","url":"https:\/\/www.repam.net\/pt\/wp-content\/uploads\/2022\/02\/15.-REPAM-BRASIL.jpg","contentUrl":"https:\/\/www.repam.net\/pt\/wp-content\/uploads\/2022\/02\/15.-REPAM-BRASIL.jpg","width":231,"height":230,"caption":"Repam"},"image":{"@id":"https:\/\/www.repam.net\/pt\/#\/schema\/logo\/image\/"}}]}},"_links":{"self":[{"href":"https:\/\/www.repam.net\/pt\/wp-json\/wp\/v2\/pages\/12","targetHints":{"allow":["GET"]}}],"collection":[{"href":"https:\/\/www.repam.net\/pt\/wp-json\/wp\/v2\/pages"}],"about":[{"href":"https:\/\/www.repam.net\/pt\/wp-json\/wp\/v2\/types\/page"}],"author":[{"embeddable":true,"href":"https:\/\/www.repam.net\/pt\/wp-json\/wp\/v2\/users\/1"}],"replies":[{"embeddable":true,"href":"https:\/\/www.repam.net\/pt\/wp-json\/wp\/v2\/comments?post=12"}],"version-history":[{"count":9,"href":"https:\/\/www.repam.net\/pt\/wp-json\/wp\/v2\/pages\/12\/revisions"}],"predecessor-version":[{"id":2772,"href":"https:\/\/www.repam.net\/pt\/wp-json\/wp\/v2\/pages\/12\/revisions\/2772"}],"wp:featuredmedia":[{"embeddable":true,"href":"https:\/\/www.repam.net\/pt\/wp-json\/wp\/v2\/media\/2116"}],"wp:attachment":[{"href":"https:\/\/www.repam.net\/pt\/wp-json\/wp\/v2\/media?parent=12"}],"curies":[{"name":"wp","href":"https:\/\/api.w.org\/{rel}","templated":true}]}}