{"id":2081,"date":"2023-02-20T16:54:45","date_gmt":"2023-02-20T19:54:45","guid":{"rendered":"https:\/\/www.repam.net\/pt\/?page_id=2081"},"modified":"2023-03-30T18:27:40","modified_gmt":"2023-03-30T21:27:40","slug":"2023-remando-juntos-pela-vida-na-amazonia","status":"publish","type":"page","link":"https:\/\/www.repam.net\/pt\/publicacoes\/40-dias-navegando\/2023-remando-juntos-pela-vida-na-amazonia\/","title":{"rendered":"2023. Remando juntos pela vida na Amaz\u00f4nia"},"content":{"rendered":"\n<blockquote class=\"wp-block-quote is-layout-flow wp-block-quote-is-layout-flow\">\n<p>Para viver o caminho quaresmal como tempo de convers\u00e3o, o N\u00facleo Forma\u00e7\u00e3o e M\u00e9todos Pastorais da Rede Eclesial Pan-Amaz\u00f4nica &#8211; REPAM, preparou um material semanal para ora\u00e7\u00e3o e reflex\u00e3o com o tema: \u201c<strong><em>Remando juntos pela vida na Amaz\u00f4nia<\/em><\/strong>\u201d. S\u00e3o 6 fichas semanais, ilustradas com imagens da &#8220;<a href=\"https:\/\/www.instagram.com\/reddedibujantes\/\" target=\"_blank\" rel=\"noreferrer noopener\">Red de Dibujantes de Am\u00e9rica Latina<\/a>&#8220;, que ser\u00e3o publicadas toda quinta-feira durante&nbsp;a&nbsp;quaresma.<\/p>\n<\/blockquote>\n\n\n\n<p>O prop\u00f3sito deste material \u00e9 convidar os participantes a &#8220;remar&#8221; nesta travessia que nos chama \u00e0 convers\u00e3o. Essa convers\u00e3o assume tons de atitudes \u201cem sa\u00edda\u201d (a realidade dos territ\u00f3rios nos inquieta, nos indigna, nos provoca\u2026) pautada nos saberes da espiritualidade e educa\u00e7\u00e3o ecol\u00f3gica, em di\u00e1logo com os compromissos do Pacto Educativo Global.<\/p>\n\n\n\n<p>Convidamos todos e todas a \u201cremar juntos\u201d nessa sintonia de reconstruir o Pacto, neste caso, desde a Casa Comum da Amaz\u00f4nia. Colocar o \u201cremo na \u00e1gua\u201d significa ligar-se \u00e0 realidade, a \u201cconvers\u00e3o\u201d precisa ser concreta, na realidade cotidiana social, ecol\u00f3gica, cultural e eclesial.<\/p>\n\n\n\n<h5 class=\"wp-block-heading\"><strong>Venha remar conosco neste tempo quaresmal na querida Amaz\u00f4nia:<\/strong><\/h5>\n\n\n\n<div class=\"wp-block-columns is-layout-flex wp-container-core-columns-is-layout-9d6595d7 wp-block-columns-is-layout-flex\">\n<div class=\"wp-block-column is-layout-flow wp-block-column-is-layout-flow\" style=\"flex-basis:100%\">\n<div class=\"wp-block-file\"><a href=\"blob:https:\/\/www.repam.net\/487e7d1b-335d-48fe-8902-f5ae05ce0fa6\" class=\"wp-block-file__button wp-element-button\" download><\/a><\/div>\n\n\n\n<div class=\"wp-block-columns is-layout-flex wp-container-core-columns-is-layout-9d6595d7 wp-block-columns-is-layout-flex\">\n<div class=\"wp-block-column is-layout-flow wp-block-column-is-layout-flow\">\n<p><strong>FICHA 1 &#8211; &#8220;No deserto&#8221; da Amaz\u00f4nia<\/strong><\/p>\n\n\n\n<div data-wp-interactive=\"core\/file\" class=\"wp-block-file\"><object data-wp-bind--hidden=\"!state.hasPdfPreview\" hidden class=\"wp-block-file__embed\" data=\"https:\/\/www.repam.net\/pt\/wp-content\/uploads\/2023\/02\/ficha1-PT.pdf\" type=\"application\/pdf\" style=\"width:100%;height:600px\" aria-label=\"Incorporado de ficha1 PT.\"><\/object><a id=\"wp-block-file--media-26f696bb-1a75-400a-8fcb-53f29445bb99\" href=\"https:\/\/www.repam.net\/pt\/wp-content\/uploads\/2023\/02\/ficha1-PT.pdf\">ficha1 PT<\/a><a href=\"https:\/\/www.repam.net\/pt\/wp-content\/uploads\/2023\/02\/ficha1-PT.pdf\" class=\"wp-block-file__button wp-element-button\" download aria-describedby=\"wp-block-file--media-26f696bb-1a75-400a-8fcb-53f29445bb99\">Baixar<\/a><\/div>\n<\/div>\n<\/div>\n\n\n\n<p><\/p>\n\n\n\n<p><strong>FICHA 3 &#8211; Amaz\u00f4nia: Po\u00e7o de \u00e1gua viva<\/strong><\/p>\n\n\n\n<div data-wp-interactive=\"core\/file\" class=\"wp-block-file\"><object data-wp-bind--hidden=\"!state.hasPdfPreview\" hidden class=\"wp-block-file__embed\" data=\"https:\/\/www.repam.net\/pt\/wp-content\/uploads\/2023\/03\/Ficha-3-PT-1.pdf\" type=\"application\/pdf\" style=\"width:100%;height:600px\" aria-label=\"Incorporado de Ficha-3-PT-1.\"><\/object><a id=\"wp-block-file--media-367a9d90-7dbe-49fc-abd5-f99925d0d475\" href=\"https:\/\/www.repam.net\/pt\/wp-content\/uploads\/2023\/03\/Ficha-3-PT-1.pdf\">Ficha-3-PT-1<\/a><a href=\"https:\/\/www.repam.net\/pt\/wp-content\/uploads\/2023\/03\/Ficha-3-PT-1.pdf\" class=\"wp-block-file__button wp-element-button\" download aria-describedby=\"wp-block-file--media-367a9d90-7dbe-49fc-abd5-f99925d0d475\">Baixar<\/a><\/div>\n\n\n\n<p><\/p>\n\n\n\n<p><strong>FICHA 5 &#8211; A Amaz\u00f4nia est\u00e1 viva<\/strong><\/p>\n\n\n\n<div data-wp-interactive=\"core\/file\" class=\"wp-block-file\"><object data-wp-bind--hidden=\"!state.hasPdfPreview\" hidden class=\"wp-block-file__embed\" data=\"https:\/\/www.repam.net\/pt\/wp-content\/uploads\/2023\/03\/Ficha-5-PT-1.pdf\" type=\"application\/pdf\" style=\"width:100%;height:600px\" aria-label=\"Incorporado de Ficha-5-PT-1.\"><\/object><a id=\"wp-block-file--media-b1b4ee62-a626-4a72-b80d-55cbd0414396\" href=\"https:\/\/www.repam.net\/pt\/wp-content\/uploads\/2023\/03\/Ficha-5-PT-1.pdf\">Ficha-5-PT-1<\/a><a href=\"https:\/\/www.repam.net\/pt\/wp-content\/uploads\/2023\/03\/Ficha-5-PT-1.pdf\" class=\"wp-block-file__button wp-element-button\" download aria-describedby=\"wp-block-file--media-b1b4ee62-a626-4a72-b80d-55cbd0414396\">Baixar<\/a><\/div>\n<\/div>\n\n\n\n<div class=\"wp-block-column is-layout-flow wp-block-column-is-layout-flow\" style=\"flex-basis:100%\">\n<p><\/p>\n\n\n\n<p><strong>FICHA 2 &#8211; Jesus se transfigura &#8211; tamb\u00e9m na Amaz\u00f4nia<\/strong><\/p>\n\n\n\n<div data-wp-interactive=\"core\/file\" class=\"wp-block-file\"><object data-wp-bind--hidden=\"!state.hasPdfPreview\" hidden class=\"wp-block-file__embed\" data=\"https:\/\/www.repam.net\/pt\/wp-content\/uploads\/2023\/03\/Ficha2-PT-1.pdf\" type=\"application\/pdf\" style=\"width:100%;height:600px\" aria-label=\"Incorporado de Ficha2-PT-1.\"><\/object><a id=\"wp-block-file--media-6f7143d1-a8b3-4c70-878d-ec10009b47aa\" href=\"https:\/\/www.repam.net\/pt\/wp-content\/uploads\/2023\/03\/Ficha2-PT-1.pdf\">Ficha2-PT-1<\/a><a href=\"https:\/\/www.repam.net\/pt\/wp-content\/uploads\/2023\/03\/Ficha2-PT-1.pdf\" class=\"wp-block-file__button wp-element-button\" download aria-describedby=\"wp-block-file--media-6f7143d1-a8b3-4c70-878d-ec10009b47aa\">Baixar<\/a><\/div>\n\n\n\n<p><strong>FICHA 4- Abrir os olhos e crer &#8211; Escutar os povos<\/strong><\/p>\n\n\n\n<div data-wp-interactive=\"core\/file\" class=\"wp-block-file\"><object data-wp-bind--hidden=\"!state.hasPdfPreview\" hidden class=\"wp-block-file__embed\" data=\"https:\/\/www.repam.net\/pt\/wp-content\/uploads\/2023\/03\/Ficha-4-PT.pdf\" type=\"application\/pdf\" style=\"width:100%;height:600px\" aria-label=\"Incorporado de Ficha-4-PT.\"><\/object><a id=\"wp-block-file--media-6f7143d1-a8b3-4c70-878d-ec10009b47aa\" href=\"https:\/\/www.repam.net\/pt\/wp-content\/uploads\/2023\/03\/Ficha-4-PT.pdf\">Ficha-4-PT<\/a><a href=\"https:\/\/www.repam.net\/pt\/wp-content\/uploads\/2023\/03\/Ficha-4-PT.pdf\" class=\"wp-block-file__button wp-element-button\" download aria-describedby=\"wp-block-file--media-6f7143d1-a8b3-4c70-878d-ec10009b47aa\">Baixar<\/a><\/div>\n\n\n\n<blockquote class=\"wp-block-quote is-layout-flow wp-block-quote-is-layout-flow\"><\/blockquote>\n\n\n\n<p><\/p>\n\n\n\n<p><\/p>\n\n\n\n<p><strong>FICHA 6 &#8211; A paix\u00e3o do senhor e os Povos Amaz\u00f4nicos<\/strong><\/p>\n\n\n\n<div data-wp-interactive=\"core\/file\" class=\"wp-block-file\"><object data-wp-bind--hidden=\"!state.hasPdfPreview\" hidden class=\"wp-block-file__embed\" data=\"https:\/\/www.repam.net\/pt\/wp-content\/uploads\/2023\/03\/Ficha-6-PT-2.pdf\" type=\"application\/pdf\" style=\"width:100%;height:600px\" aria-label=\"Incorporado de Ficha-6-PT-2.\"><\/object><a id=\"wp-block-file--media-01184bb6-2d93-4118-84f3-83b397f847dc\" href=\"https:\/\/www.repam.net\/pt\/wp-content\/uploads\/2023\/03\/Ficha-6-PT-2.pdf\">Ficha-6-PT-2<\/a><a href=\"https:\/\/www.repam.net\/pt\/wp-content\/uploads\/2023\/03\/Ficha-6-PT-2.pdf\" class=\"wp-block-file__button wp-element-button\" download aria-describedby=\"wp-block-file--media-01184bb6-2d93-4118-84f3-83b397f847dc\">Baixar<\/a><\/div>\n<\/div>\n<\/div>\n\n\n\n<hr class=\"wp-block-separator has-alpha-channel-opacity\"\/>\n\n\n\n<p><\/p>\n\n\n\n<h5 class=\"wp-block-heading\"><strong>REALIZA\u00c7\u00c3O:<\/strong><\/h5>\n\n\n\n<div class=\"wp-block-columns is-layout-flex wp-container-core-columns-is-layout-9d6595d7 wp-block-columns-is-layout-flex\">\n<div class=\"wp-block-column is-layout-flow wp-block-column-is-layout-flow\"><\/div>\n\n\n\n<div class=\"wp-block-column is-layout-flow wp-block-column-is-layout-flow\">\n<figure class=\"wp-block-image size-full\"><img loading=\"lazy\" decoding=\"async\" width=\"394\" height=\"400\" src=\"https:\/\/www.repam.net\/pt\/wp-content\/uploads\/2023\/02\/logo-repam-portugues.jpg\" alt=\"\" class=\"wp-image-2108\" srcset=\"https:\/\/www.repam.net\/pt\/wp-content\/uploads\/2023\/02\/logo-repam-portugues.jpg 394w, https:\/\/www.repam.net\/pt\/wp-content\/uploads\/2023\/02\/logo-repam-portugues-296x300.jpg 296w\" sizes=\"auto, (max-width: 394px) 100vw, 394px\" \/><\/figure>\n<\/div>\n\n\n\n<div class=\"wp-block-column is-layout-flow wp-block-column-is-layout-flow\">\n<figure class=\"wp-block-image size-large\"><img loading=\"lazy\" decoding=\"async\" width=\"1024\" height=\"1024\" src=\"https:\/\/www.repam.net\/pt\/wp-content\/uploads\/2023\/02\/Red-de-Dibujantes-1024x1024.jpg\" alt=\"\" class=\"wp-image-2107\" srcset=\"https:\/\/www.repam.net\/pt\/wp-content\/uploads\/2023\/02\/Red-de-Dibujantes-1024x1024.jpg 1024w, https:\/\/www.repam.net\/pt\/wp-content\/uploads\/2023\/02\/Red-de-Dibujantes-300x300.jpg 300w, https:\/\/www.repam.net\/pt\/wp-content\/uploads\/2023\/02\/Red-de-Dibujantes-150x150.jpg 150w, https:\/\/www.repam.net\/pt\/wp-content\/uploads\/2023\/02\/Red-de-Dibujantes-768x768.jpg 768w, https:\/\/www.repam.net\/pt\/wp-content\/uploads\/2023\/02\/Red-de-Dibujantes-1536x1536.jpg 1536w, https:\/\/www.repam.net\/pt\/wp-content\/uploads\/2023\/02\/Red-de-Dibujantes.jpg 2048w\" sizes=\"auto, (max-width: 1024px) 100vw, 1024px\" \/><\/figure>\n<\/div>\n\n\n\n<div class=\"wp-block-column is-layout-flow wp-block-column-is-layout-flow\"><\/div>\n<\/div>\n\n\n\n<div class=\"wp-block-columns is-layout-flex wp-container-core-columns-is-layout-9d6595d7 wp-block-columns-is-layout-flex\">\n<div class=\"wp-block-column is-layout-flow wp-block-column-is-layout-flow\">\n<h5 class=\"wp-block-heading\"><strong>N\u00daCLEO FORMA\u00c7\u00c3O E M\u00c9TODOS PASTORAIS REPAM:<\/strong><\/h5>\n\n\n\n<ul class=\"wp-block-list\">\n<li><strong>Coordinadores:<\/strong>&nbsp;Humberto Contreras, Carlos Tubay e Alexandra Heras<\/li>\n\n\n\n<li><strong>Articula\u00e7\u00e3o:&nbsp;<\/strong>Diego Aguiar<\/li>\n<\/ul>\n<\/div>\n\n\n\n<div class=\"wp-block-column is-layout-flow wp-block-column-is-layout-flow\">\n<h5 class=\"wp-block-heading\"><strong>EQUIPE DE COMUNICA\u00c7\u00c3O REPAM:<\/strong><\/h5>\n\n\n\n<ul class=\"wp-block-list\">\n<li><strong>Comunica\u00e7\u00f5es<\/strong>: Vanessa Xisto e Julio Caldeira IMC<\/li>\n\n\n\n<li><strong>Edi\u00e7\u00e3o de v\u00eddeo<\/strong>: Ricardo Pontes<\/li>\n<\/ul>\n<\/div>\n<\/div>\n","protected":false},"excerpt":{"rendered":"<p>Para viver o caminho quaresmal como tempo de convers\u00e3o, o N\u00facleo Forma\u00e7\u00e3o e M\u00e9todos Pastorais da Rede Eclesial Pan-Amaz\u00f4nica &#8211; REPAM, preparou um material semanal para ora\u00e7\u00e3o e reflex\u00e3o com o tema: \u201cRemando juntos pela vida na Amaz\u00f4nia\u201d. S\u00e3o 6 fichas semanais, ilustradas com imagens da &#8220;Red de Dibujantes de Am\u00e9rica Latina&#8220;, que ser\u00e3o publicadas [&hellip;]<\/p>\n","protected":false},"author":1,"featured_media":2094,"parent":61,"menu_order":1,"comment_status":"closed","ping_status":"closed","template":"","meta":{"_acf_changed":false,"_uf_show_specific_survey":0,"_uf_disable_surveys":false,"footnotes":""},"class_list":["post-2081","page","type-page","status-publish","has-post-thumbnail","hentry"],"acf":[],"aioseo_notices":[],"yoast_head":"<!-- This site is optimized with the Yoast SEO plugin v24.2 - https:\/\/yoast.com\/wordpress\/plugins\/seo\/ -->\n<title>2023. Remando juntos pela vida na Amaz\u00f4nia - Repam<\/title>\n<meta name=\"robots\" content=\"index, follow, max-snippet:-1, max-image-preview:large, max-video-preview:-1\" \/>\n<link rel=\"canonical\" href=\"https:\/\/www.repam.net\/pt\/publicacoes\/40-dias-navegando\/2023-remando-juntos-pela-vida-na-amazonia\/\" \/>\n<meta property=\"og:locale\" content=\"pt_BR\" \/>\n<meta property=\"og:type\" content=\"article\" \/>\n<meta property=\"og:title\" content=\"2023. Remando juntos pela vida na Amaz\u00f4nia - Repam\" \/>\n<meta property=\"og:description\" content=\"Para viver o caminho quaresmal como tempo de convers\u00e3o, o N\u00facleo Forma\u00e7\u00e3o e M\u00e9todos Pastorais da Rede Eclesial Pan-Amaz\u00f4nica &#8211; REPAM, preparou um material semanal para ora\u00e7\u00e3o e reflex\u00e3o com o tema: \u201cRemando juntos pela vida na Amaz\u00f4nia\u201d. S\u00e3o 6 fichas semanais, ilustradas com imagens da &#8220;Red de Dibujantes de Am\u00e9rica Latina&#8220;, que ser\u00e3o publicadas [&hellip;]\" \/>\n<meta property=\"og:url\" content=\"https:\/\/www.repam.net\/pt\/publicacoes\/40-dias-navegando\/2023-remando-juntos-pela-vida-na-amazonia\/\" \/>\n<meta property=\"og:site_name\" content=\"Repam\" \/>\n<meta property=\"article:modified_time\" content=\"2023-03-30T21:27:40+00:00\" \/>\n<meta property=\"og:image\" content=\"https:\/\/www.repam.net\/pt\/wp-content\/uploads\/2023\/02\/28-Lunes.png\" \/>\n\t<meta property=\"og:image:width\" content=\"1500\" \/>\n\t<meta property=\"og:image:height\" content=\"1500\" \/>\n\t<meta property=\"og:image:type\" content=\"image\/png\" \/>\n<meta name=\"twitter:card\" content=\"summary_large_image\" \/>\n<meta name=\"twitter:label1\" content=\"Est. tempo de leitura\" \/>\n\t<meta name=\"twitter:data1\" content=\"2 minutos\" \/>\n<script type=\"application\/ld+json\" class=\"yoast-schema-graph\">{\"@context\":\"https:\/\/schema.org\",\"@graph\":[{\"@type\":\"WebPage\",\"@id\":\"https:\/\/www.repam.net\/pt\/publicacoes\/40-dias-navegando\/2023-remando-juntos-pela-vida-na-amazonia\/\",\"url\":\"https:\/\/www.repam.net\/pt\/publicacoes\/40-dias-navegando\/2023-remando-juntos-pela-vida-na-amazonia\/\",\"name\":\"2023. Remando juntos pela vida na Amaz\u00f4nia - Repam\",\"isPartOf\":{\"@id\":\"https:\/\/www.repam.net\/pt\/#website\"},\"primaryImageOfPage\":{\"@id\":\"https:\/\/www.repam.net\/pt\/publicacoes\/40-dias-navegando\/2023-remando-juntos-pela-vida-na-amazonia\/#primaryimage\"},\"image\":{\"@id\":\"https:\/\/www.repam.net\/pt\/publicacoes\/40-dias-navegando\/2023-remando-juntos-pela-vida-na-amazonia\/#primaryimage\"},\"thumbnailUrl\":\"https:\/\/www.repam.net\/pt\/wp-content\/uploads\/2023\/02\/28-Lunes.png\",\"datePublished\":\"2023-02-20T19:54:45+00:00\",\"dateModified\":\"2023-03-30T21:27:40+00:00\",\"breadcrumb\":{\"@id\":\"https:\/\/www.repam.net\/pt\/publicacoes\/40-dias-navegando\/2023-remando-juntos-pela-vida-na-amazonia\/#breadcrumb\"},\"inLanguage\":\"pt-BR\",\"potentialAction\":[{\"@type\":\"ReadAction\",\"target\":[\"https:\/\/www.repam.net\/pt\/publicacoes\/40-dias-navegando\/2023-remando-juntos-pela-vida-na-amazonia\/\"]}]},{\"@type\":\"ImageObject\",\"inLanguage\":\"pt-BR\",\"@id\":\"https:\/\/www.repam.net\/pt\/publicacoes\/40-dias-navegando\/2023-remando-juntos-pela-vida-na-amazonia\/#primaryimage\",\"url\":\"https:\/\/www.repam.net\/pt\/wp-content\/uploads\/2023\/02\/28-Lunes.png\",\"contentUrl\":\"https:\/\/www.repam.net\/pt\/wp-content\/uploads\/2023\/02\/28-Lunes.png\",\"width\":1500,\"height\":1500},{\"@type\":\"BreadcrumbList\",\"@id\":\"https:\/\/www.repam.net\/pt\/publicacoes\/40-dias-navegando\/2023-remando-juntos-pela-vida-na-amazonia\/#breadcrumb\",\"itemListElement\":[{\"@type\":\"ListItem\",\"position\":1,\"name\":\"In\u00edcio\",\"item\":\"https:\/\/www.repam.net\/pt\/\"},{\"@type\":\"ListItem\",\"position\":2,\"name\":\"Publica\u00e7\u00f5es\",\"item\":\"https:\/\/www.repam.net\/pt\/publicacoes\/\"},{\"@type\":\"ListItem\",\"position\":3,\"name\":\"40 dias navegando\",\"item\":\"https:\/\/www.repam.net\/pt\/publicacoes\/40-dias-navegando\/\"},{\"@type\":\"ListItem\",\"position\":4,\"name\":\"2023. Remando juntos pela vida na Amaz\u00f4nia\"}]},{\"@type\":\"WebSite\",\"@id\":\"https:\/\/www.repam.net\/pt\/#website\",\"url\":\"https:\/\/www.repam.net\/pt\/\",\"name\":\"Repam\",\"description\":\"Rede Eclesial Pan-amaz\u00f4nica\",\"publisher\":{\"@id\":\"https:\/\/www.repam.net\/pt\/#organization\"},\"potentialAction\":[{\"@type\":\"SearchAction\",\"target\":{\"@type\":\"EntryPoint\",\"urlTemplate\":\"https:\/\/www.repam.net\/pt\/?s={search_term_string}\"},\"query-input\":{\"@type\":\"PropertyValueSpecification\",\"valueRequired\":true,\"valueName\":\"search_term_string\"}}],\"inLanguage\":\"pt-BR\"},{\"@type\":\"Organization\",\"@id\":\"https:\/\/www.repam.net\/pt\/#organization\",\"name\":\"Repam\",\"url\":\"https:\/\/www.repam.net\/pt\/\",\"logo\":{\"@type\":\"ImageObject\",\"inLanguage\":\"pt-BR\",\"@id\":\"https:\/\/www.repam.net\/pt\/#\/schema\/logo\/image\/\",\"url\":\"https:\/\/www.repam.net\/pt\/wp-content\/uploads\/2022\/02\/15.-REPAM-BRASIL.jpg\",\"contentUrl\":\"https:\/\/www.repam.net\/pt\/wp-content\/uploads\/2022\/02\/15.-REPAM-BRASIL.jpg\",\"width\":231,\"height\":230,\"caption\":\"Repam\"},\"image\":{\"@id\":\"https:\/\/www.repam.net\/pt\/#\/schema\/logo\/image\/\"}}]}<\/script>\n<!-- \/ Yoast SEO plugin. -->","yoast_head_json":{"title":"2023. Remando juntos pela vida na Amaz\u00f4nia - Repam","robots":{"index":"index","follow":"follow","max-snippet":"max-snippet:-1","max-image-preview":"max-image-preview:large","max-video-preview":"max-video-preview:-1"},"canonical":"https:\/\/www.repam.net\/pt\/publicacoes\/40-dias-navegando\/2023-remando-juntos-pela-vida-na-amazonia\/","og_locale":"pt_BR","og_type":"article","og_title":"2023. Remando juntos pela vida na Amaz\u00f4nia - Repam","og_description":"Para viver o caminho quaresmal como tempo de convers\u00e3o, o N\u00facleo Forma\u00e7\u00e3o e M\u00e9todos Pastorais da Rede Eclesial Pan-Amaz\u00f4nica &#8211; REPAM, preparou um material semanal para ora\u00e7\u00e3o e reflex\u00e3o com o tema: \u201cRemando juntos pela vida na Amaz\u00f4nia\u201d. S\u00e3o 6 fichas semanais, ilustradas com imagens da &#8220;Red de Dibujantes de Am\u00e9rica Latina&#8220;, que ser\u00e3o publicadas [&hellip;]","og_url":"https:\/\/www.repam.net\/pt\/publicacoes\/40-dias-navegando\/2023-remando-juntos-pela-vida-na-amazonia\/","og_site_name":"Repam","article_modified_time":"2023-03-30T21:27:40+00:00","og_image":[{"width":1500,"height":1500,"url":"https:\/\/www.repam.net\/pt\/wp-content\/uploads\/2023\/02\/28-Lunes.png","type":"image\/png"}],"twitter_card":"summary_large_image","twitter_misc":{"Est. tempo de leitura":"2 minutos"},"schema":{"@context":"https:\/\/schema.org","@graph":[{"@type":"WebPage","@id":"https:\/\/www.repam.net\/pt\/publicacoes\/40-dias-navegando\/2023-remando-juntos-pela-vida-na-amazonia\/","url":"https:\/\/www.repam.net\/pt\/publicacoes\/40-dias-navegando\/2023-remando-juntos-pela-vida-na-amazonia\/","name":"2023. Remando juntos pela vida na Amaz\u00f4nia - Repam","isPartOf":{"@id":"https:\/\/www.repam.net\/pt\/#website"},"primaryImageOfPage":{"@id":"https:\/\/www.repam.net\/pt\/publicacoes\/40-dias-navegando\/2023-remando-juntos-pela-vida-na-amazonia\/#primaryimage"},"image":{"@id":"https:\/\/www.repam.net\/pt\/publicacoes\/40-dias-navegando\/2023-remando-juntos-pela-vida-na-amazonia\/#primaryimage"},"thumbnailUrl":"https:\/\/www.repam.net\/pt\/wp-content\/uploads\/2023\/02\/28-Lunes.png","datePublished":"2023-02-20T19:54:45+00:00","dateModified":"2023-03-30T21:27:40+00:00","breadcrumb":{"@id":"https:\/\/www.repam.net\/pt\/publicacoes\/40-dias-navegando\/2023-remando-juntos-pela-vida-na-amazonia\/#breadcrumb"},"inLanguage":"pt-BR","potentialAction":[{"@type":"ReadAction","target":["https:\/\/www.repam.net\/pt\/publicacoes\/40-dias-navegando\/2023-remando-juntos-pela-vida-na-amazonia\/"]}]},{"@type":"ImageObject","inLanguage":"pt-BR","@id":"https:\/\/www.repam.net\/pt\/publicacoes\/40-dias-navegando\/2023-remando-juntos-pela-vida-na-amazonia\/#primaryimage","url":"https:\/\/www.repam.net\/pt\/wp-content\/uploads\/2023\/02\/28-Lunes.png","contentUrl":"https:\/\/www.repam.net\/pt\/wp-content\/uploads\/2023\/02\/28-Lunes.png","width":1500,"height":1500},{"@type":"BreadcrumbList","@id":"https:\/\/www.repam.net\/pt\/publicacoes\/40-dias-navegando\/2023-remando-juntos-pela-vida-na-amazonia\/#breadcrumb","itemListElement":[{"@type":"ListItem","position":1,"name":"In\u00edcio","item":"https:\/\/www.repam.net\/pt\/"},{"@type":"ListItem","position":2,"name":"Publica\u00e7\u00f5es","item":"https:\/\/www.repam.net\/pt\/publicacoes\/"},{"@type":"ListItem","position":3,"name":"40 dias navegando","item":"https:\/\/www.repam.net\/pt\/publicacoes\/40-dias-navegando\/"},{"@type":"ListItem","position":4,"name":"2023. Remando juntos pela vida na Amaz\u00f4nia"}]},{"@type":"WebSite","@id":"https:\/\/www.repam.net\/pt\/#website","url":"https:\/\/www.repam.net\/pt\/","name":"Repam","description":"Rede Eclesial Pan-amaz\u00f4nica","publisher":{"@id":"https:\/\/www.repam.net\/pt\/#organization"},"potentialAction":[{"@type":"SearchAction","target":{"@type":"EntryPoint","urlTemplate":"https:\/\/www.repam.net\/pt\/?s={search_term_string}"},"query-input":{"@type":"PropertyValueSpecification","valueRequired":true,"valueName":"search_term_string"}}],"inLanguage":"pt-BR"},{"@type":"Organization","@id":"https:\/\/www.repam.net\/pt\/#organization","name":"Repam","url":"https:\/\/www.repam.net\/pt\/","logo":{"@type":"ImageObject","inLanguage":"pt-BR","@id":"https:\/\/www.repam.net\/pt\/#\/schema\/logo\/image\/","url":"https:\/\/www.repam.net\/pt\/wp-content\/uploads\/2022\/02\/15.-REPAM-BRASIL.jpg","contentUrl":"https:\/\/www.repam.net\/pt\/wp-content\/uploads\/2022\/02\/15.-REPAM-BRASIL.jpg","width":231,"height":230,"caption":"Repam"},"image":{"@id":"https:\/\/www.repam.net\/pt\/#\/schema\/logo\/image\/"}}]}},"_links":{"self":[{"href":"https:\/\/www.repam.net\/pt\/wp-json\/wp\/v2\/pages\/2081","targetHints":{"allow":["GET"]}}],"collection":[{"href":"https:\/\/www.repam.net\/pt\/wp-json\/wp\/v2\/pages"}],"about":[{"href":"https:\/\/www.repam.net\/pt\/wp-json\/wp\/v2\/types\/page"}],"author":[{"embeddable":true,"href":"https:\/\/www.repam.net\/pt\/wp-json\/wp\/v2\/users\/1"}],"replies":[{"embeddable":true,"href":"https:\/\/www.repam.net\/pt\/wp-json\/wp\/v2\/comments?post=2081"}],"version-history":[{"count":15,"href":"https:\/\/www.repam.net\/pt\/wp-json\/wp\/v2\/pages\/2081\/revisions"}],"predecessor-version":[{"id":2260,"href":"https:\/\/www.repam.net\/pt\/wp-json\/wp\/v2\/pages\/2081\/revisions\/2260"}],"up":[{"embeddable":true,"href":"https:\/\/www.repam.net\/pt\/wp-json\/wp\/v2\/pages\/61"}],"wp:featuredmedia":[{"embeddable":true,"href":"https:\/\/www.repam.net\/pt\/wp-json\/wp\/v2\/media\/2094"}],"wp:attachment":[{"href":"https:\/\/www.repam.net\/pt\/wp-json\/wp\/v2\/media?parent=2081"}],"curies":[{"name":"wp","href":"https:\/\/api.w.org\/{rel}","templated":true}]}}