{"id":2110,"date":"2023-02-23T12:44:23","date_gmt":"2023-02-23T15:44:23","guid":{"rendered":"https:\/\/www.repam.net\/pt\/?page_id=2110"},"modified":"2023-02-23T12:45:24","modified_gmt":"2023-02-23T15:45:24","slug":"politica-de-protecao-repam","status":"publish","type":"page","link":"https:\/\/www.repam.net\/pt\/politica-de-protecao-repam\/","title":{"rendered":"Pol\u00edtica de Prote\u00e7\u00e3o de Crian\u00e7as, Adolescentes e Adultos em Situa\u00e7\u00e3o de Vulnerabilidade"},"content":{"rendered":"\n<p>A &#8220;Pol\u00edtica de Prote\u00e7\u00e3o de Crian\u00e7as, Adolescentes e Adultos em Situa\u00e7\u00e3o de Vulnerabilidade da Rede Eclesial Pan-Amaz\u00f4nica &#8211; REPAM&#8221;, aprovada em maio de 2022, \u00e9 um instrumento que protege, como seu nome sugere, crian\u00e7as, adolescentes e adultos em situa\u00e7\u00e3o de vulnerabilidade.<\/p>\n\n\n\n<p>Seu objetivo \u00e9 garantir a seriedade e o compromisso da REPAM com as pessoas, preservando a integridade f\u00edsica, psicol\u00f3gica e moral da inf\u00e2ncia e adultos vulner\u00e1veis nos espa\u00e7os de atua\u00e7\u00e3o da Rede.<\/p>\n\n\n\n<p>Para quaisquer d\u00favidas ou den\u00fancia, voc\u00ea pode entrar em contato com o Comit\u00ea de Prote\u00e7\u00e3o pelo e-mail&nbsp;<a href=\"mailto:comiteprot@repam.net\" target=\"_blank\" rel=\"noreferrer noopener\">comiteprot@repam.net<\/a>.<\/p>\n\n\n\n<p><strong>Convidamos voc\u00ea a baix\u00e1-lo e divulg\u00e1-lo:<\/strong><\/p>\n\n\n\n<div class=\"wp-block-columns is-layout-flex wp-container-core-columns-is-layout-9d6595d7 wp-block-columns-is-layout-flex\">\n<div class=\"wp-block-column is-layout-flow wp-block-column-is-layout-flow\">\n<div data-wp-interactive=\"core\/file\" class=\"wp-block-file\"><object data-wp-bind--hidden=\"!state.hasPdfPreview\" hidden class=\"wp-block-file__embed\" data=\"https:\/\/www.repam.net\/pt\/wp-content\/uploads\/2023\/02\/PT.-POLITICA-DE-PROTECAO-REPAM-digital.pdf\" type=\"application\/pdf\" style=\"width:100%;height:600px\" aria-label=\"Incorporado de PT.-POLITICA-DE-PROTECAO-REPAM-digital.\"><\/object><a id=\"wp-block-file--media-bf629a8c-1dc5-44d7-95e3-2861e92e90cc\" href=\"https:\/\/www.repam.net\/pt\/wp-content\/uploads\/2023\/02\/PT.-POLITICA-DE-PROTECAO-REPAM-digital.pdf\">PT.-POLITICA-DE-PROTECAO-REPAM-digital<\/a><a href=\"https:\/\/www.repam.net\/pt\/wp-content\/uploads\/2023\/02\/PT.-POLITICA-DE-PROTECAO-REPAM-digital.pdf\" class=\"wp-block-file__button wp-element-button\" download aria-describedby=\"wp-block-file--media-bf629a8c-1dc5-44d7-95e3-2861e92e90cc\">Baixar<\/a><\/div>\n<\/div>\n\n\n\n<div class=\"wp-block-column is-layout-flow wp-block-column-is-layout-flow\">\n<div data-wp-interactive=\"core\/file\" class=\"wp-block-file\"><object data-wp-bind--hidden=\"!state.hasPdfPreview\" hidden class=\"wp-block-file__embed\" data=\"https:\/\/www.repam.net\/pt\/wp-content\/uploads\/2023\/02\/ESP.-Politica-de-Proteccion-REPAM-digital.pdf\" type=\"application\/pdf\" style=\"width:100%;height:600px\" aria-label=\"Incorporado de ESP.-Politica-de-Proteccion-REPAM-digital.\"><\/object><a id=\"wp-block-file--media-506baf0a-64b8-46ef-96fc-a88993824eba\" href=\"https:\/\/www.repam.net\/pt\/wp-content\/uploads\/2023\/02\/ESP.-Politica-de-Proteccion-REPAM-digital.pdf\">ESP.-Politica-de-Proteccion-REPAM-digital<\/a><a href=\"https:\/\/www.repam.net\/pt\/wp-content\/uploads\/2023\/02\/ESP.-Politica-de-Proteccion-REPAM-digital.pdf\" class=\"wp-block-file__button wp-element-button\" download aria-describedby=\"wp-block-file--media-506baf0a-64b8-46ef-96fc-a88993824eba\">Baixar<\/a><\/div>\n<\/div>\n<\/div>\n","protected":false},"excerpt":{"rendered":"<p>A &#8220;Pol\u00edtica de Prote\u00e7\u00e3o de Crian\u00e7as, Adolescentes e Adultos em Situa\u00e7\u00e3o de Vulnerabilidade da Rede Eclesial Pan-Amaz\u00f4nica &#8211; REPAM&#8221;, aprovada em maio de 2022, \u00e9 um instrumento que protege, como seu nome sugere, crian\u00e7as, adolescentes e adultos em situa\u00e7\u00e3o de vulnerabilidade. Seu objetivo \u00e9 garantir a seriedade e o compromisso da REPAM com as pessoas, [&hellip;]<\/p>\n","protected":false},"author":1,"featured_media":0,"parent":0,"menu_order":0,"comment_status":"closed","ping_status":"closed","template":"","meta":{"_acf_changed":false,"_uf_show_specific_survey":0,"_uf_disable_surveys":false,"footnotes":""},"class_list":["post-2110","page","type-page","status-publish","hentry"],"acf":[],"aioseo_notices":[],"yoast_head":"<!-- This site is optimized with the Yoast SEO plugin v24.2 - https:\/\/yoast.com\/wordpress\/plugins\/seo\/ -->\n<title>Pol\u00edtica de Prote\u00e7\u00e3o de Crian\u00e7as, Adolescentes e Adultos em Situa\u00e7\u00e3o de Vulnerabilidade - Repam<\/title>\n<meta name=\"robots\" content=\"index, follow, max-snippet:-1, max-image-preview:large, max-video-preview:-1\" \/>\n<link rel=\"canonical\" href=\"https:\/\/www.repam.net\/pt\/politica-de-protecao-repam\/\" \/>\n<meta property=\"og:locale\" content=\"pt_BR\" \/>\n<meta property=\"og:type\" content=\"article\" \/>\n<meta property=\"og:title\" content=\"Pol\u00edtica de Prote\u00e7\u00e3o de Crian\u00e7as, Adolescentes e Adultos em Situa\u00e7\u00e3o de Vulnerabilidade - Repam\" \/>\n<meta property=\"og:description\" content=\"A &#8220;Pol\u00edtica de Prote\u00e7\u00e3o de Crian\u00e7as, Adolescentes e Adultos em Situa\u00e7\u00e3o de Vulnerabilidade da Rede Eclesial Pan-Amaz\u00f4nica &#8211; REPAM&#8221;, aprovada em maio de 2022, \u00e9 um instrumento que protege, como seu nome sugere, crian\u00e7as, adolescentes e adultos em situa\u00e7\u00e3o de vulnerabilidade. Seu objetivo \u00e9 garantir a seriedade e o compromisso da REPAM com as pessoas, [&hellip;]\" \/>\n<meta property=\"og:url\" content=\"https:\/\/www.repam.net\/pt\/politica-de-protecao-repam\/\" \/>\n<meta property=\"og:site_name\" content=\"Repam\" \/>\n<meta property=\"article:modified_time\" content=\"2023-02-23T15:45:24+00:00\" \/>\n<meta name=\"twitter:card\" content=\"summary_large_image\" \/>\n<meta name=\"twitter:label1\" content=\"Est. tempo de leitura\" \/>\n\t<meta name=\"twitter:data1\" content=\"1 minuto\" \/>\n<script type=\"application\/ld+json\" class=\"yoast-schema-graph\">{\"@context\":\"https:\/\/schema.org\",\"@graph\":[{\"@type\":\"WebPage\",\"@id\":\"https:\/\/www.repam.net\/pt\/politica-de-protecao-repam\/\",\"url\":\"https:\/\/www.repam.net\/pt\/politica-de-protecao-repam\/\",\"name\":\"Pol\u00edtica de Prote\u00e7\u00e3o de Crian\u00e7as, Adolescentes e Adultos em Situa\u00e7\u00e3o de Vulnerabilidade - Repam\",\"isPartOf\":{\"@id\":\"https:\/\/www.repam.net\/pt\/#website\"},\"datePublished\":\"2023-02-23T15:44:23+00:00\",\"dateModified\":\"2023-02-23T15:45:24+00:00\",\"breadcrumb\":{\"@id\":\"https:\/\/www.repam.net\/pt\/politica-de-protecao-repam\/#breadcrumb\"},\"inLanguage\":\"pt-BR\",\"potentialAction\":[{\"@type\":\"ReadAction\",\"target\":[\"https:\/\/www.repam.net\/pt\/politica-de-protecao-repam\/\"]}]},{\"@type\":\"BreadcrumbList\",\"@id\":\"https:\/\/www.repam.net\/pt\/politica-de-protecao-repam\/#breadcrumb\",\"itemListElement\":[{\"@type\":\"ListItem\",\"position\":1,\"name\":\"In\u00edcio\",\"item\":\"https:\/\/www.repam.net\/pt\/\"},{\"@type\":\"ListItem\",\"position\":2,\"name\":\"Pol\u00edtica de Prote\u00e7\u00e3o de Crian\u00e7as, Adolescentes e Adultos em Situa\u00e7\u00e3o de Vulnerabilidade\"}]},{\"@type\":\"WebSite\",\"@id\":\"https:\/\/www.repam.net\/pt\/#website\",\"url\":\"https:\/\/www.repam.net\/pt\/\",\"name\":\"Repam\",\"description\":\"Rede Eclesial Pan-amaz\u00f4nica\",\"publisher\":{\"@id\":\"https:\/\/www.repam.net\/pt\/#organization\"},\"potentialAction\":[{\"@type\":\"SearchAction\",\"target\":{\"@type\":\"EntryPoint\",\"urlTemplate\":\"https:\/\/www.repam.net\/pt\/?s={search_term_string}\"},\"query-input\":{\"@type\":\"PropertyValueSpecification\",\"valueRequired\":true,\"valueName\":\"search_term_string\"}}],\"inLanguage\":\"pt-BR\"},{\"@type\":\"Organization\",\"@id\":\"https:\/\/www.repam.net\/pt\/#organization\",\"name\":\"Repam\",\"url\":\"https:\/\/www.repam.net\/pt\/\",\"logo\":{\"@type\":\"ImageObject\",\"inLanguage\":\"pt-BR\",\"@id\":\"https:\/\/www.repam.net\/pt\/#\/schema\/logo\/image\/\",\"url\":\"https:\/\/www.repam.net\/pt\/wp-content\/uploads\/2022\/02\/15.-REPAM-BRASIL.jpg\",\"contentUrl\":\"https:\/\/www.repam.net\/pt\/wp-content\/uploads\/2022\/02\/15.-REPAM-BRASIL.jpg\",\"width\":231,\"height\":230,\"caption\":\"Repam\"},\"image\":{\"@id\":\"https:\/\/www.repam.net\/pt\/#\/schema\/logo\/image\/\"}}]}<\/script>\n<!-- \/ Yoast SEO plugin. -->","yoast_head_json":{"title":"Pol\u00edtica de Prote\u00e7\u00e3o de Crian\u00e7as, Adolescentes e Adultos em Situa\u00e7\u00e3o de Vulnerabilidade - Repam","robots":{"index":"index","follow":"follow","max-snippet":"max-snippet:-1","max-image-preview":"max-image-preview:large","max-video-preview":"max-video-preview:-1"},"canonical":"https:\/\/www.repam.net\/pt\/politica-de-protecao-repam\/","og_locale":"pt_BR","og_type":"article","og_title":"Pol\u00edtica de Prote\u00e7\u00e3o de Crian\u00e7as, Adolescentes e Adultos em Situa\u00e7\u00e3o de Vulnerabilidade - Repam","og_description":"A &#8220;Pol\u00edtica de Prote\u00e7\u00e3o de Crian\u00e7as, Adolescentes e Adultos em Situa\u00e7\u00e3o de Vulnerabilidade da Rede Eclesial Pan-Amaz\u00f4nica &#8211; REPAM&#8221;, aprovada em maio de 2022, \u00e9 um instrumento que protege, como seu nome sugere, crian\u00e7as, adolescentes e adultos em situa\u00e7\u00e3o de vulnerabilidade. Seu objetivo \u00e9 garantir a seriedade e o compromisso da REPAM com as pessoas, [&hellip;]","og_url":"https:\/\/www.repam.net\/pt\/politica-de-protecao-repam\/","og_site_name":"Repam","article_modified_time":"2023-02-23T15:45:24+00:00","twitter_card":"summary_large_image","twitter_misc":{"Est. tempo de leitura":"1 minuto"},"schema":{"@context":"https:\/\/schema.org","@graph":[{"@type":"WebPage","@id":"https:\/\/www.repam.net\/pt\/politica-de-protecao-repam\/","url":"https:\/\/www.repam.net\/pt\/politica-de-protecao-repam\/","name":"Pol\u00edtica de Prote\u00e7\u00e3o de Crian\u00e7as, Adolescentes e Adultos em Situa\u00e7\u00e3o de Vulnerabilidade - Repam","isPartOf":{"@id":"https:\/\/www.repam.net\/pt\/#website"},"datePublished":"2023-02-23T15:44:23+00:00","dateModified":"2023-02-23T15:45:24+00:00","breadcrumb":{"@id":"https:\/\/www.repam.net\/pt\/politica-de-protecao-repam\/#breadcrumb"},"inLanguage":"pt-BR","potentialAction":[{"@type":"ReadAction","target":["https:\/\/www.repam.net\/pt\/politica-de-protecao-repam\/"]}]},{"@type":"BreadcrumbList","@id":"https:\/\/www.repam.net\/pt\/politica-de-protecao-repam\/#breadcrumb","itemListElement":[{"@type":"ListItem","position":1,"name":"In\u00edcio","item":"https:\/\/www.repam.net\/pt\/"},{"@type":"ListItem","position":2,"name":"Pol\u00edtica de Prote\u00e7\u00e3o de Crian\u00e7as, Adolescentes e Adultos em Situa\u00e7\u00e3o de Vulnerabilidade"}]},{"@type":"WebSite","@id":"https:\/\/www.repam.net\/pt\/#website","url":"https:\/\/www.repam.net\/pt\/","name":"Repam","description":"Rede Eclesial Pan-amaz\u00f4nica","publisher":{"@id":"https:\/\/www.repam.net\/pt\/#organization"},"potentialAction":[{"@type":"SearchAction","target":{"@type":"EntryPoint","urlTemplate":"https:\/\/www.repam.net\/pt\/?s={search_term_string}"},"query-input":{"@type":"PropertyValueSpecification","valueRequired":true,"valueName":"search_term_string"}}],"inLanguage":"pt-BR"},{"@type":"Organization","@id":"https:\/\/www.repam.net\/pt\/#organization","name":"Repam","url":"https:\/\/www.repam.net\/pt\/","logo":{"@type":"ImageObject","inLanguage":"pt-BR","@id":"https:\/\/www.repam.net\/pt\/#\/schema\/logo\/image\/","url":"https:\/\/www.repam.net\/pt\/wp-content\/uploads\/2022\/02\/15.-REPAM-BRASIL.jpg","contentUrl":"https:\/\/www.repam.net\/pt\/wp-content\/uploads\/2022\/02\/15.-REPAM-BRASIL.jpg","width":231,"height":230,"caption":"Repam"},"image":{"@id":"https:\/\/www.repam.net\/pt\/#\/schema\/logo\/image\/"}}]}},"_links":{"self":[{"href":"https:\/\/www.repam.net\/pt\/wp-json\/wp\/v2\/pages\/2110","targetHints":{"allow":["GET"]}}],"collection":[{"href":"https:\/\/www.repam.net\/pt\/wp-json\/wp\/v2\/pages"}],"about":[{"href":"https:\/\/www.repam.net\/pt\/wp-json\/wp\/v2\/types\/page"}],"author":[{"embeddable":true,"href":"https:\/\/www.repam.net\/pt\/wp-json\/wp\/v2\/users\/1"}],"replies":[{"embeddable":true,"href":"https:\/\/www.repam.net\/pt\/wp-json\/wp\/v2\/comments?post=2110"}],"version-history":[{"count":2,"href":"https:\/\/www.repam.net\/pt\/wp-json\/wp\/v2\/pages\/2110\/revisions"}],"predecessor-version":[{"id":2114,"href":"https:\/\/www.repam.net\/pt\/wp-json\/wp\/v2\/pages\/2110\/revisions\/2114"}],"wp:attachment":[{"href":"https:\/\/www.repam.net\/pt\/wp-json\/wp\/v2\/media?parent=2110"}],"curies":[{"name":"wp","href":"https:\/\/api.w.org\/{rel}","templated":true}]}}