{"id":2753,"date":"2024-02-15T17:51:00","date_gmt":"2024-02-15T20:51:00","guid":{"rendered":"https:\/\/www.repam.net\/pt\/?page_id=2753"},"modified":"2024-03-21T15:55:46","modified_gmt":"2024-03-21T18:55:46","slug":"publicacoes-40-dias-navegando-2024-tecendo-juntos-caminhos-de-vida-na-amazonia","status":"publish","type":"page","link":"https:\/\/www.repam.net\/pt\/publicacoes\/40-dias-navegando\/publicacoes-40-dias-navegando-2024-tecendo-juntos-caminhos-de-vida-na-amazonia\/","title":{"rendered":"2024. Tecendo juntos caminhos de vida na Amaz\u00f4nia"},"content":{"rendered":"\n<p>Para viver o caminho quaresmal como tempo de convers\u00e3o, o N\u00facleo Forma\u00e7\u00e3o e M\u00e9todos Pastorais da Rede Eclesial Pan-Amaz\u00f4nica \u2013 REPAM, preparou um material semanal para ora\u00e7\u00e3o e reflex\u00e3o com o tema: <strong>\u201cTecendo juntos caminhos de vida na Amaz\u00f4nia\u201d<\/strong>. S\u00e3o 6 fichas semanais, ilustradas com imagens da \u201c<a href=\"https:\/\/www.instagram.com\/reddedibujantes\/\" target=\"_blank\" rel=\"noreferrer noopener\">Red de Dibujantes de Am\u00e9rica Latina<\/a>\u201c, que ser\u00e3o publicadas toda quinta-feira durante a quaresma.<\/p>\n\n\n\n<p>&nbsp;Convidamos voc\u00ea para acessar ao nosso material semanal da quaresma:<\/p>\n\n\n\n<div class=\"wp-block-columns is-layout-flex wp-container-core-columns-is-layout-9d6595d7 wp-block-columns-is-layout-flex\">\n<div class=\"wp-block-column is-layout-flow wp-block-column-is-layout-flow\">\n<p>Ficha 1 &#8211; <strong>&#8220;Convers\u00e3o Amaz\u00f4nica, Convers\u00e3o Sinodal&#8221;<\/strong><\/p>\n<\/div>\n\n\n\n<div class=\"wp-block-column is-layout-flow wp-block-column-is-layout-flow\">\n<p>Ficha 2- <strong>&#8220;Armar nossa tenda com Jesus na Amaz\u00f4nia&#8221;<\/strong><\/p>\n<\/div>\n<\/div>\n\n\n\n<div class=\"wp-block-columns is-layout-flex wp-container-core-columns-is-layout-9d6595d7 wp-block-columns-is-layout-flex\">\n<div class=\"wp-block-column is-layout-flow wp-block-column-is-layout-flow\">\n<div data-wp-interactive=\"core\/file\" class=\"wp-block-file\"><object data-wp-bind--hidden=\"!state.hasPdfPreview\" hidden class=\"wp-block-file__embed\" data=\"https:\/\/www.repam.net\/pt\/wp-content\/uploads\/2024\/02\/Ficha-1-PT.pdf\" type=\"application\/pdf\" style=\"width:100%;height:600px\" aria-label=\"Incorporado de Ficha-1-PT.\"><\/object><a id=\"wp-block-file--media-3220f478-759c-4fad-ade6-68e2afa19e7d\" href=\"https:\/\/www.repam.net\/pt\/wp-content\/uploads\/2024\/02\/Ficha-1-PT.pdf\">Ficha-1-PT<\/a><a href=\"https:\/\/www.repam.net\/pt\/wp-content\/uploads\/2024\/02\/Ficha-1-PT.pdf\" class=\"wp-block-file__button wp-element-button\" download aria-describedby=\"wp-block-file--media-3220f478-759c-4fad-ade6-68e2afa19e7d\">Baixar<\/a><\/div>\n<\/div>\n\n\n\n<div class=\"wp-block-column is-layout-flow wp-block-column-is-layout-flow\">\n<div data-wp-interactive=\"core\/file\" class=\"wp-block-file\"><object data-wp-bind--hidden=\"!state.hasPdfPreview\" hidden class=\"wp-block-file__embed\" data=\"https:\/\/www.repam.net\/pt\/wp-content\/uploads\/2024\/02\/Ficha-PT.pdf\" type=\"application\/pdf\" style=\"width:100%;height:600px\" aria-label=\"Incorporado de Ficha-PT.\"><\/object><a id=\"wp-block-file--media-357ceb17-694f-4cc5-8c10-da6f3a3b9786\" href=\"https:\/\/www.repam.net\/pt\/wp-content\/uploads\/2024\/02\/Ficha-PT.pdf\">Ficha-PT<\/a><a href=\"https:\/\/www.repam.net\/pt\/wp-content\/uploads\/2024\/02\/Ficha-PT.pdf\" class=\"wp-block-file__button wp-element-button\" download aria-describedby=\"wp-block-file--media-357ceb17-694f-4cc5-8c10-da6f3a3b9786\">Baixar<\/a><\/div>\n<\/div>\n<\/div>\n\n\n\n<div class=\"wp-block-columns is-layout-flex wp-container-core-columns-is-layout-9d6595d7 wp-block-columns-is-layout-flex\">\n<div class=\"wp-block-column is-layout-flow wp-block-column-is-layout-flow\">\n<p>Ficha 3 &#8211; <strong>&#8220;O cuidado pela casa de Deus nos leva ao cuidado pela vida&#8221;<\/strong><\/p>\n<\/div>\n\n\n\n<div class=\"wp-block-column is-layout-flow wp-block-column-is-layout-flow\">\n<p>Ficha 4 &#8211; <strong>&#8220;Caminhar juntos na Amaz\u00f4nia para salvar, n\u00e3o para condenar&#8221;<\/strong><\/p>\n<\/div>\n<\/div>\n\n\n\n<div class=\"wp-block-columns is-layout-flex wp-container-core-columns-is-layout-9d6595d7 wp-block-columns-is-layout-flex\">\n<div class=\"wp-block-column is-layout-flow wp-block-column-is-layout-flow\">\n<div data-wp-interactive=\"core\/file\" class=\"wp-block-file\"><object data-wp-bind--hidden=\"!state.hasPdfPreview\" hidden class=\"wp-block-file__embed\" data=\"https:\/\/www.repam.net\/pt\/wp-content\/uploads\/2024\/02\/Ficha-03-PT.pdf\" type=\"application\/pdf\" style=\"width:100%;height:600px\" aria-label=\"Incorporado de Ficha-03-PT.\"><\/object><a id=\"wp-block-file--media-1405c74e-bc1c-4acf-997c-f8896b9db5ca\" href=\"https:\/\/www.repam.net\/pt\/wp-content\/uploads\/2024\/02\/Ficha-03-PT.pdf\">Ficha-03-PT<\/a><a href=\"https:\/\/www.repam.net\/pt\/wp-content\/uploads\/2024\/02\/Ficha-03-PT.pdf\" class=\"wp-block-file__button wp-element-button\" download aria-describedby=\"wp-block-file--media-1405c74e-bc1c-4acf-997c-f8896b9db5ca\">Baixar<\/a><\/div>\n<\/div>\n\n\n\n<div class=\"wp-block-column is-layout-flow wp-block-column-is-layout-flow\">\n<div data-wp-interactive=\"core\/file\" class=\"wp-block-file\"><object data-wp-bind--hidden=\"!state.hasPdfPreview\" hidden class=\"wp-block-file__embed\" data=\"https:\/\/www.repam.net\/pt\/wp-content\/uploads\/2024\/03\/Ficha-04-PT.pdf\" type=\"application\/pdf\" style=\"width:100%;height:600px\" aria-label=\"Incorporado de Ficha-04-PT.\"><\/object><a id=\"wp-block-file--media-29dccc12-7e5f-4f47-b2b5-ddbecdbbb1dc\" href=\"https:\/\/www.repam.net\/pt\/wp-content\/uploads\/2024\/03\/Ficha-04-PT.pdf\">Ficha-04-PT<\/a><a href=\"https:\/\/www.repam.net\/pt\/wp-content\/uploads\/2024\/03\/Ficha-04-PT.pdf\" class=\"wp-block-file__button wp-element-button\" download aria-describedby=\"wp-block-file--media-29dccc12-7e5f-4f47-b2b5-ddbecdbbb1dc\">Baixar<\/a><\/div>\n<\/div>\n<\/div>\n\n\n\n<div class=\"wp-block-columns is-layout-flex wp-container-core-columns-is-layout-9d6595d7 wp-block-columns-is-layout-flex\">\n<div class=\"wp-block-column is-layout-flow wp-block-column-is-layout-flow\">\n<p>Ficha 5 &#8211;<strong>&#8220;Caminhando junto com os M\u00e1rtires e as M\u00e1rtires da Amaz\u00f4nia&#8221;<\/strong><\/p>\n\n\n\n<div class=\"wp-block-columns is-layout-flex wp-container-core-columns-is-layout-9d6595d7 wp-block-columns-is-layout-flex\">\n<div class=\"wp-block-column is-layout-flow wp-block-column-is-layout-flow\"><\/div>\n<\/div>\n<\/div>\n\n\n\n<div class=\"wp-block-column is-layout-flow wp-block-column-is-layout-flow\">\n<p>Ficha 6 &#8211; <strong>&#8220;Caminhando juntos com Jesus, na sua paix\u00e3o, morte e ressurrei\u00e7\u00e3o&#8221;<\/strong><\/p>\n<\/div>\n<\/div>\n\n\n\n<div class=\"wp-block-columns is-layout-flex wp-container-core-columns-is-layout-9d6595d7 wp-block-columns-is-layout-flex\">\n<div class=\"wp-block-column is-layout-flow wp-block-column-is-layout-flow\">\n<div data-wp-interactive=\"core\/file\" class=\"wp-block-file\"><object data-wp-bind--hidden=\"!state.hasPdfPreview\" hidden class=\"wp-block-file__embed\" data=\"https:\/\/www.repam.net\/pt\/wp-content\/uploads\/2024\/03\/Ficha-05-PT.pdf\" type=\"application\/pdf\" style=\"width:100%;height:600px\" aria-label=\"Incorporado de Ficha-05-PT.\"><\/object><a id=\"wp-block-file--media-1b067193-f125-4baa-814b-257d3c873a6c\" href=\"https:\/\/www.repam.net\/pt\/wp-content\/uploads\/2024\/03\/Ficha-05-PT.pdf\">Ficha-05-PT<\/a><a href=\"https:\/\/www.repam.net\/pt\/wp-content\/uploads\/2024\/03\/Ficha-05-PT.pdf\" class=\"wp-block-file__button wp-element-button\" download aria-describedby=\"wp-block-file--media-1b067193-f125-4baa-814b-257d3c873a6c\">Baixar<\/a><\/div>\n<\/div>\n\n\n\n<div class=\"wp-block-column is-layout-flow wp-block-column-is-layout-flow\">\n<div data-wp-interactive=\"core\/file\" class=\"wp-block-file\"><object data-wp-bind--hidden=\"!state.hasPdfPreview\" hidden class=\"wp-block-file__embed\" data=\"https:\/\/www.repam.net\/pt\/wp-content\/uploads\/2024\/03\/Ficha-06-PT_compressed.pdf\" type=\"application\/pdf\" style=\"width:100%;height:600px\" aria-label=\"Incorporado de Ficha-06-PT_compressed.\"><\/object><a id=\"wp-block-file--media-a35dd1a1-34dc-41b5-b1db-fa5f28885d94\" href=\"https:\/\/www.repam.net\/pt\/wp-content\/uploads\/2024\/03\/Ficha-06-PT_compressed.pdf\">Ficha-06-PT_compressed<\/a><a href=\"https:\/\/www.repam.net\/pt\/wp-content\/uploads\/2024\/03\/Ficha-06-PT_compressed.pdf\" class=\"wp-block-file__button wp-element-button\" download aria-describedby=\"wp-block-file--media-a35dd1a1-34dc-41b5-b1db-fa5f28885d94\">Baixar<\/a><\/div>\n<\/div>\n<\/div>\n\n\n\n<p><strong>REALIZA\u00c7\u00c3O:<\/strong><\/p>\n\n\n\n<div class=\"wp-block-columns is-layout-flex wp-container-core-columns-is-layout-9d6595d7 wp-block-columns-is-layout-flex\">\n<div class=\"wp-block-column is-layout-flow wp-block-column-is-layout-flow\">\n<figure class=\"wp-block-image size-large is-resized\"><img loading=\"lazy\" decoding=\"async\" width=\"1024\" height=\"489\" src=\"https:\/\/www.repam.net\/pt\/wp-content\/uploads\/2024\/02\/Ativo-3-PT-1024x489.png\" alt=\"\" class=\"wp-image-2755\" style=\"width:300px;height:auto\" srcset=\"https:\/\/www.repam.net\/pt\/wp-content\/uploads\/2024\/02\/Ativo-3-PT-1024x489.png 1024w, https:\/\/www.repam.net\/pt\/wp-content\/uploads\/2024\/02\/Ativo-3-PT-300x143.png 300w, https:\/\/www.repam.net\/pt\/wp-content\/uploads\/2024\/02\/Ativo-3-PT-768x367.png 768w, https:\/\/www.repam.net\/pt\/wp-content\/uploads\/2024\/02\/Ativo-3-PT-1536x734.png 1536w, https:\/\/www.repam.net\/pt\/wp-content\/uploads\/2024\/02\/Ativo-3-PT-2048x979.png 2048w\" sizes=\"auto, (max-width: 1024px) 100vw, 1024px\" \/><\/figure>\n<\/div>\n\n\n\n<div class=\"wp-block-column is-layout-flow wp-block-column-is-layout-flow\">\n<figure class=\"wp-block-image size-full is-resized\"><img loading=\"lazy\" decoding=\"async\" width=\"745\" height=\"507\" src=\"https:\/\/www.repam.net\/pt\/wp-content\/uploads\/2024\/02\/dibujante.jpeg\" alt=\"\" class=\"wp-image-2756\" style=\"width:218px;height:auto\" srcset=\"https:\/\/www.repam.net\/pt\/wp-content\/uploads\/2024\/02\/dibujante.jpeg 745w, https:\/\/www.repam.net\/pt\/wp-content\/uploads\/2024\/02\/dibujante-300x204.jpeg 300w\" sizes=\"auto, (max-width: 745px) 100vw, 745px\" \/><\/figure>\n<\/div>\n<\/div>\n\n\n\n<div class=\"wp-block-columns is-layout-flex wp-container-core-columns-is-layout-9d6595d7 wp-block-columns-is-layout-flex\">\n<div class=\"wp-block-column is-layout-flow wp-block-column-is-layout-flow\" style=\"flex-basis:100%\">\n<div class=\"wp-block-group is-vertical is-layout-flex wp-container-core-group-is-layout-8cf370e7 wp-block-group-is-layout-flex\">\n<p><strong>N\u00facleo Forma\u00e7\u00e3o e M\u00e9todos Pastorais                                           Equipe de comunica\u00e7\u00e3o da REPAM<\/strong><\/p>\n\n\n\n<p><strong>Coordenadores (a): <\/strong>                                                                          <strong>Comunica\u00e7\u00e3o:<\/strong> Vanessa Xisto<\/p>\n\n\n\n<ul class=\"wp-block-list\">\n<li>Humberto Contreras, Carlos Tubay y Alexandra Heras             <strong>Edi\u00e7\u00e3o: <\/strong>Ricardo Pontes<\/li>\n\n\n\n<li><strong>Articulaci\u00f3n:&nbsp;<\/strong>Diego Aguiar<\/li>\n<\/ul>\n<\/div>\n<\/div>\n<\/div>\n","protected":false},"excerpt":{"rendered":"<p>Para viver o caminho quaresmal como tempo de convers\u00e3o, o N\u00facleo Forma\u00e7\u00e3o e M\u00e9todos Pastorais da Rede Eclesial Pan-Amaz\u00f4nica \u2013 REPAM, preparou um material semanal para ora\u00e7\u00e3o e reflex\u00e3o com o tema: \u201cTecendo juntos caminhos de vida na Amaz\u00f4nia\u201d. S\u00e3o 6 fichas semanais, ilustradas com imagens da \u201cRed de Dibujantes de Am\u00e9rica Latina\u201c, que ser\u00e3o [&hellip;]<\/p>\n","protected":false},"author":1,"featured_media":2757,"parent":61,"menu_order":3,"comment_status":"closed","ping_status":"closed","template":"","meta":{"_acf_changed":false,"_uf_show_specific_survey":0,"_uf_disable_surveys":false,"footnotes":""},"class_list":["post-2753","page","type-page","status-publish","has-post-thumbnail","hentry"],"acf":[],"aioseo_notices":[],"yoast_head":"<!-- This site is optimized with the Yoast SEO plugin v24.2 - https:\/\/yoast.com\/wordpress\/plugins\/seo\/ -->\n<title>2024. Tecendo juntos caminhos de vida na Amaz\u00f4nia - Repam<\/title>\n<meta name=\"robots\" content=\"index, follow, max-snippet:-1, max-image-preview:large, max-video-preview:-1\" \/>\n<link rel=\"canonical\" href=\"https:\/\/www.repam.net\/pt\/publicacoes\/40-dias-navegando\/publicacoes-40-dias-navegando-2024-tecendo-juntos-caminhos-de-vida-na-amazonia\/\" \/>\n<meta property=\"og:locale\" content=\"pt_BR\" \/>\n<meta property=\"og:type\" content=\"article\" \/>\n<meta property=\"og:title\" content=\"2024. Tecendo juntos caminhos de vida na Amaz\u00f4nia - Repam\" \/>\n<meta property=\"og:description\" content=\"Para viver o caminho quaresmal como tempo de convers\u00e3o, o N\u00facleo Forma\u00e7\u00e3o e M\u00e9todos Pastorais da Rede Eclesial Pan-Amaz\u00f4nica \u2013 REPAM, preparou um material semanal para ora\u00e7\u00e3o e reflex\u00e3o com o tema: \u201cTecendo juntos caminhos de vida na Amaz\u00f4nia\u201d. S\u00e3o 6 fichas semanais, ilustradas com imagens da \u201cRed de Dibujantes de Am\u00e9rica Latina\u201c, que ser\u00e3o [&hellip;]\" \/>\n<meta property=\"og:url\" content=\"https:\/\/www.repam.net\/pt\/publicacoes\/40-dias-navegando\/publicacoes-40-dias-navegando-2024-tecendo-juntos-caminhos-de-vida-na-amazonia\/\" \/>\n<meta property=\"og:site_name\" content=\"Repam\" \/>\n<meta property=\"article:modified_time\" content=\"2024-03-21T18:55:46+00:00\" \/>\n<meta property=\"og:image\" content=\"https:\/\/www.repam.net\/pt\/wp-content\/uploads\/2024\/02\/remando-juntos.jpeg\" \/>\n\t<meta property=\"og:image:width\" content=\"1080\" \/>\n\t<meta property=\"og:image:height\" content=\"1080\" \/>\n\t<meta property=\"og:image:type\" content=\"image\/jpeg\" \/>\n<meta name=\"twitter:card\" content=\"summary_large_image\" \/>\n<meta name=\"twitter:label1\" content=\"Est. tempo de leitura\" \/>\n\t<meta name=\"twitter:data1\" content=\"1 minuto\" \/>\n<script type=\"application\/ld+json\" class=\"yoast-schema-graph\">{\"@context\":\"https:\/\/schema.org\",\"@graph\":[{\"@type\":\"WebPage\",\"@id\":\"https:\/\/www.repam.net\/pt\/publicacoes\/40-dias-navegando\/publicacoes-40-dias-navegando-2024-tecendo-juntos-caminhos-de-vida-na-amazonia\/\",\"url\":\"https:\/\/www.repam.net\/pt\/publicacoes\/40-dias-navegando\/publicacoes-40-dias-navegando-2024-tecendo-juntos-caminhos-de-vida-na-amazonia\/\",\"name\":\"2024. Tecendo juntos caminhos de vida na Amaz\u00f4nia - Repam\",\"isPartOf\":{\"@id\":\"https:\/\/www.repam.net\/pt\/#website\"},\"primaryImageOfPage\":{\"@id\":\"https:\/\/www.repam.net\/pt\/publicacoes\/40-dias-navegando\/publicacoes-40-dias-navegando-2024-tecendo-juntos-caminhos-de-vida-na-amazonia\/#primaryimage\"},\"image\":{\"@id\":\"https:\/\/www.repam.net\/pt\/publicacoes\/40-dias-navegando\/publicacoes-40-dias-navegando-2024-tecendo-juntos-caminhos-de-vida-na-amazonia\/#primaryimage\"},\"thumbnailUrl\":\"https:\/\/www.repam.net\/pt\/wp-content\/uploads\/2024\/02\/remando-juntos.jpeg\",\"datePublished\":\"2024-02-15T20:51:00+00:00\",\"dateModified\":\"2024-03-21T18:55:46+00:00\",\"breadcrumb\":{\"@id\":\"https:\/\/www.repam.net\/pt\/publicacoes\/40-dias-navegando\/publicacoes-40-dias-navegando-2024-tecendo-juntos-caminhos-de-vida-na-amazonia\/#breadcrumb\"},\"inLanguage\":\"pt-BR\",\"potentialAction\":[{\"@type\":\"ReadAction\",\"target\":[\"https:\/\/www.repam.net\/pt\/publicacoes\/40-dias-navegando\/publicacoes-40-dias-navegando-2024-tecendo-juntos-caminhos-de-vida-na-amazonia\/\"]}]},{\"@type\":\"ImageObject\",\"inLanguage\":\"pt-BR\",\"@id\":\"https:\/\/www.repam.net\/pt\/publicacoes\/40-dias-navegando\/publicacoes-40-dias-navegando-2024-tecendo-juntos-caminhos-de-vida-na-amazonia\/#primaryimage\",\"url\":\"https:\/\/www.repam.net\/pt\/wp-content\/uploads\/2024\/02\/remando-juntos.jpeg\",\"contentUrl\":\"https:\/\/www.repam.net\/pt\/wp-content\/uploads\/2024\/02\/remando-juntos.jpeg\",\"width\":1080,\"height\":1080},{\"@type\":\"BreadcrumbList\",\"@id\":\"https:\/\/www.repam.net\/pt\/publicacoes\/40-dias-navegando\/publicacoes-40-dias-navegando-2024-tecendo-juntos-caminhos-de-vida-na-amazonia\/#breadcrumb\",\"itemListElement\":[{\"@type\":\"ListItem\",\"position\":1,\"name\":\"In\u00edcio\",\"item\":\"https:\/\/www.repam.net\/pt\/\"},{\"@type\":\"ListItem\",\"position\":2,\"name\":\"Publica\u00e7\u00f5es\",\"item\":\"https:\/\/www.repam.net\/pt\/publicacoes\/\"},{\"@type\":\"ListItem\",\"position\":3,\"name\":\"40 dias navegando\",\"item\":\"https:\/\/www.repam.net\/pt\/publicacoes\/40-dias-navegando\/\"},{\"@type\":\"ListItem\",\"position\":4,\"name\":\"2024. Tecendo juntos caminhos de vida na Amaz\u00f4nia\"}]},{\"@type\":\"WebSite\",\"@id\":\"https:\/\/www.repam.net\/pt\/#website\",\"url\":\"https:\/\/www.repam.net\/pt\/\",\"name\":\"Repam\",\"description\":\"Rede Eclesial Pan-amaz\u00f4nica\",\"publisher\":{\"@id\":\"https:\/\/www.repam.net\/pt\/#organization\"},\"potentialAction\":[{\"@type\":\"SearchAction\",\"target\":{\"@type\":\"EntryPoint\",\"urlTemplate\":\"https:\/\/www.repam.net\/pt\/?s={search_term_string}\"},\"query-input\":{\"@type\":\"PropertyValueSpecification\",\"valueRequired\":true,\"valueName\":\"search_term_string\"}}],\"inLanguage\":\"pt-BR\"},{\"@type\":\"Organization\",\"@id\":\"https:\/\/www.repam.net\/pt\/#organization\",\"name\":\"Repam\",\"url\":\"https:\/\/www.repam.net\/pt\/\",\"logo\":{\"@type\":\"ImageObject\",\"inLanguage\":\"pt-BR\",\"@id\":\"https:\/\/www.repam.net\/pt\/#\/schema\/logo\/image\/\",\"url\":\"https:\/\/www.repam.net\/pt\/wp-content\/uploads\/2022\/02\/15.-REPAM-BRASIL.jpg\",\"contentUrl\":\"https:\/\/www.repam.net\/pt\/wp-content\/uploads\/2022\/02\/15.-REPAM-BRASIL.jpg\",\"width\":231,\"height\":230,\"caption\":\"Repam\"},\"image\":{\"@id\":\"https:\/\/www.repam.net\/pt\/#\/schema\/logo\/image\/\"}}]}<\/script>\n<!-- \/ Yoast SEO plugin. -->","yoast_head_json":{"title":"2024. Tecendo juntos caminhos de vida na Amaz\u00f4nia - Repam","robots":{"index":"index","follow":"follow","max-snippet":"max-snippet:-1","max-image-preview":"max-image-preview:large","max-video-preview":"max-video-preview:-1"},"canonical":"https:\/\/www.repam.net\/pt\/publicacoes\/40-dias-navegando\/publicacoes-40-dias-navegando-2024-tecendo-juntos-caminhos-de-vida-na-amazonia\/","og_locale":"pt_BR","og_type":"article","og_title":"2024. Tecendo juntos caminhos de vida na Amaz\u00f4nia - Repam","og_description":"Para viver o caminho quaresmal como tempo de convers\u00e3o, o N\u00facleo Forma\u00e7\u00e3o e M\u00e9todos Pastorais da Rede Eclesial Pan-Amaz\u00f4nica \u2013 REPAM, preparou um material semanal para ora\u00e7\u00e3o e reflex\u00e3o com o tema: \u201cTecendo juntos caminhos de vida na Amaz\u00f4nia\u201d. S\u00e3o 6 fichas semanais, ilustradas com imagens da \u201cRed de Dibujantes de Am\u00e9rica Latina\u201c, que ser\u00e3o [&hellip;]","og_url":"https:\/\/www.repam.net\/pt\/publicacoes\/40-dias-navegando\/publicacoes-40-dias-navegando-2024-tecendo-juntos-caminhos-de-vida-na-amazonia\/","og_site_name":"Repam","article_modified_time":"2024-03-21T18:55:46+00:00","og_image":[{"width":1080,"height":1080,"url":"https:\/\/www.repam.net\/pt\/wp-content\/uploads\/2024\/02\/remando-juntos.jpeg","type":"image\/jpeg"}],"twitter_card":"summary_large_image","twitter_misc":{"Est. tempo de leitura":"1 minuto"},"schema":{"@context":"https:\/\/schema.org","@graph":[{"@type":"WebPage","@id":"https:\/\/www.repam.net\/pt\/publicacoes\/40-dias-navegando\/publicacoes-40-dias-navegando-2024-tecendo-juntos-caminhos-de-vida-na-amazonia\/","url":"https:\/\/www.repam.net\/pt\/publicacoes\/40-dias-navegando\/publicacoes-40-dias-navegando-2024-tecendo-juntos-caminhos-de-vida-na-amazonia\/","name":"2024. Tecendo juntos caminhos de vida na Amaz\u00f4nia - Repam","isPartOf":{"@id":"https:\/\/www.repam.net\/pt\/#website"},"primaryImageOfPage":{"@id":"https:\/\/www.repam.net\/pt\/publicacoes\/40-dias-navegando\/publicacoes-40-dias-navegando-2024-tecendo-juntos-caminhos-de-vida-na-amazonia\/#primaryimage"},"image":{"@id":"https:\/\/www.repam.net\/pt\/publicacoes\/40-dias-navegando\/publicacoes-40-dias-navegando-2024-tecendo-juntos-caminhos-de-vida-na-amazonia\/#primaryimage"},"thumbnailUrl":"https:\/\/www.repam.net\/pt\/wp-content\/uploads\/2024\/02\/remando-juntos.jpeg","datePublished":"2024-02-15T20:51:00+00:00","dateModified":"2024-03-21T18:55:46+00:00","breadcrumb":{"@id":"https:\/\/www.repam.net\/pt\/publicacoes\/40-dias-navegando\/publicacoes-40-dias-navegando-2024-tecendo-juntos-caminhos-de-vida-na-amazonia\/#breadcrumb"},"inLanguage":"pt-BR","potentialAction":[{"@type":"ReadAction","target":["https:\/\/www.repam.net\/pt\/publicacoes\/40-dias-navegando\/publicacoes-40-dias-navegando-2024-tecendo-juntos-caminhos-de-vida-na-amazonia\/"]}]},{"@type":"ImageObject","inLanguage":"pt-BR","@id":"https:\/\/www.repam.net\/pt\/publicacoes\/40-dias-navegando\/publicacoes-40-dias-navegando-2024-tecendo-juntos-caminhos-de-vida-na-amazonia\/#primaryimage","url":"https:\/\/www.repam.net\/pt\/wp-content\/uploads\/2024\/02\/remando-juntos.jpeg","contentUrl":"https:\/\/www.repam.net\/pt\/wp-content\/uploads\/2024\/02\/remando-juntos.jpeg","width":1080,"height":1080},{"@type":"BreadcrumbList","@id":"https:\/\/www.repam.net\/pt\/publicacoes\/40-dias-navegando\/publicacoes-40-dias-navegando-2024-tecendo-juntos-caminhos-de-vida-na-amazonia\/#breadcrumb","itemListElement":[{"@type":"ListItem","position":1,"name":"In\u00edcio","item":"https:\/\/www.repam.net\/pt\/"},{"@type":"ListItem","position":2,"name":"Publica\u00e7\u00f5es","item":"https:\/\/www.repam.net\/pt\/publicacoes\/"},{"@type":"ListItem","position":3,"name":"40 dias navegando","item":"https:\/\/www.repam.net\/pt\/publicacoes\/40-dias-navegando\/"},{"@type":"ListItem","position":4,"name":"2024. Tecendo juntos caminhos de vida na Amaz\u00f4nia"}]},{"@type":"WebSite","@id":"https:\/\/www.repam.net\/pt\/#website","url":"https:\/\/www.repam.net\/pt\/","name":"Repam","description":"Rede Eclesial Pan-amaz\u00f4nica","publisher":{"@id":"https:\/\/www.repam.net\/pt\/#organization"},"potentialAction":[{"@type":"SearchAction","target":{"@type":"EntryPoint","urlTemplate":"https:\/\/www.repam.net\/pt\/?s={search_term_string}"},"query-input":{"@type":"PropertyValueSpecification","valueRequired":true,"valueName":"search_term_string"}}],"inLanguage":"pt-BR"},{"@type":"Organization","@id":"https:\/\/www.repam.net\/pt\/#organization","name":"Repam","url":"https:\/\/www.repam.net\/pt\/","logo":{"@type":"ImageObject","inLanguage":"pt-BR","@id":"https:\/\/www.repam.net\/pt\/#\/schema\/logo\/image\/","url":"https:\/\/www.repam.net\/pt\/wp-content\/uploads\/2022\/02\/15.-REPAM-BRASIL.jpg","contentUrl":"https:\/\/www.repam.net\/pt\/wp-content\/uploads\/2022\/02\/15.-REPAM-BRASIL.jpg","width":231,"height":230,"caption":"Repam"},"image":{"@id":"https:\/\/www.repam.net\/pt\/#\/schema\/logo\/image\/"}}]}},"_links":{"self":[{"href":"https:\/\/www.repam.net\/pt\/wp-json\/wp\/v2\/pages\/2753","targetHints":{"allow":["GET"]}}],"collection":[{"href":"https:\/\/www.repam.net\/pt\/wp-json\/wp\/v2\/pages"}],"about":[{"href":"https:\/\/www.repam.net\/pt\/wp-json\/wp\/v2\/types\/page"}],"author":[{"embeddable":true,"href":"https:\/\/www.repam.net\/pt\/wp-json\/wp\/v2\/users\/1"}],"replies":[{"embeddable":true,"href":"https:\/\/www.repam.net\/pt\/wp-json\/wp\/v2\/comments?post=2753"}],"version-history":[{"count":6,"href":"https:\/\/www.repam.net\/pt\/wp-json\/wp\/v2\/pages\/2753\/revisions"}],"predecessor-version":[{"id":2806,"href":"https:\/\/www.repam.net\/pt\/wp-json\/wp\/v2\/pages\/2753\/revisions\/2806"}],"up":[{"embeddable":true,"href":"https:\/\/www.repam.net\/pt\/wp-json\/wp\/v2\/pages\/61"}],"wp:featuredmedia":[{"embeddable":true,"href":"https:\/\/www.repam.net\/pt\/wp-json\/wp\/v2\/media\/2757"}],"wp:attachment":[{"href":"https:\/\/www.repam.net\/pt\/wp-json\/wp\/v2\/media?parent=2753"}],"curies":[{"name":"wp","href":"https:\/\/api.w.org\/{rel}","templated":true}]}}