{"id":34,"date":"2022-01-21T11:35:35","date_gmt":"2022-01-21T14:35:35","guid":{"rendered":"http:\/\/repam.net\/pt\/?page_id=34"},"modified":"2024-04-09T12:52:12","modified_gmt":"2024-04-09T15:52:12","slug":"organizacao","status":"publish","type":"page","link":"https:\/\/www.repam.net\/pt\/organizacao\/","title":{"rendered":"Organiza\u00e7\u00e3o"},"content":{"rendered":"<div class=\"wp-block-image\">\n<figure class=\"aligncenter size-full\"><img loading=\"lazy\" decoding=\"async\" width=\"1024\" height=\"575\" src=\"https:\/\/www.repam.net\/pt\/wp-content\/uploads\/2022\/11\/organizacion-1024x683-1.jpg\" alt=\"\" class=\"wp-image-1866\" srcset=\"https:\/\/www.repam.net\/pt\/wp-content\/uploads\/2022\/11\/organizacion-1024x683-1.jpg 1024w, https:\/\/www.repam.net\/pt\/wp-content\/uploads\/2022\/11\/organizacion-1024x683-1-300x168.jpg 300w, https:\/\/www.repam.net\/pt\/wp-content\/uploads\/2022\/11\/organizacion-1024x683-1-768x431.jpg 768w\" sizes=\"auto, (max-width: 1024px) 100vw, 1024px\" \/><\/figure>\n<\/div>\n\n\n<p>Em setembro de 2014 em Bras\u00edlia, Brasil aconteceu a Funda\u00e7\u00e3o da REPAM. A concep\u00e7\u00e3o se fundamenta na composi\u00e7\u00e3o do rio Amazonas, que existe gra\u00e7as \u00e0 conflu\u00eancia de seus diversos afluentes grandes, medianos e pequenos; da mesma forma, busca que a diversidade de experi\u00eancias e viv\u00eancias de muitas pessoas, comunidades, par\u00f3quias, vicariatos, prelazias, dioceses, organiza\u00e7\u00f5es, etc. se encontrem para juntos consolidar um rio\/rede bem maior.&nbsp;<\/p>\n\n\n\n<p>A aposta como Rede Eclesial Pan-Amaz\u00f4nica se sustenta numa perspectiva territorial, onde se gerem as conex\u00f5es entre as presen\u00e7as hist\u00f3ricas da Igreja na Pan-Amaz\u00f4nia e a diversidade institucional eclesial, para que possamos construir pontes que fortale\u00e7am a miss\u00e3o integral e possam servir da melhor forma \u00e0s popula\u00e7\u00f5es ind\u00edgenas, campesinas, afrodescendentes e ribeirinhas.<\/p>\n\n\n\n<p>\u00c9 por isso que a REPAM proponha um processo de articula\u00e7\u00e3o que parta do territ\u00f3rio e permita incidir em n\u00edveis internacionais: eclesiais, pol\u00edticas e sociais.&nbsp;<\/p>\n\n\n\n<h5 class=\"wp-block-heading\"><strong>N\u00daCLEOS TEM\u00c1TICOS&nbsp;<\/strong><\/h5>\n\n\n\n<p>A REPAM organiza seu trabalho atrav\u00e9s de N\u00facleos Tem\u00e1ticos:&nbsp;<\/p>\n\n\n\n<p><img decoding=\"async\" src=\"blob:https:\/\/www.repam.net\/08d93dd1-88cf-46e0-ac5f-d9f9a21d2c0f\"><\/p>\n\n\n\n<h5 class=\"wp-block-heading\"><strong>ACOMPANHAM E ANIMAM A A\u00c7\u00c3O DA REDE&nbsp;<\/strong><\/h5>\n\n\n\n<ul class=\"wp-block-list\">\n<li>Presid\u00eancia e Secretaria Executiva&nbsp;<\/li>\n\n\n\n<li>Assessores e Comit\u00ea Executivo Ampliado&nbsp;<\/li>\n\n\n\n<li>REPAM Nacionais: Bol\u00edvia, Brasil, Col\u00f4mbia, Equador, Guiana Francesas, Peru e Venezuela. Est\u00e3o sendo constitu\u00eddas em Guiana e Suriname.<\/li>\n<\/ul>\n\n\n\n<h5 class=\"wp-block-heading\"><strong>PLANO PASTORAL 2022-2024<\/strong><\/h5>\n\n\n\n<div data-wp-interactive=\"core\/file\" class=\"wp-block-file\"><object data-wp-bind--hidden=\"!state.hasPdfPreview\" hidden class=\"wp-block-file__embed\" data=\"https:\/\/www.repam.net\/pt\/wp-content\/uploads\/2022\/11\/PT.-Plano-Pastoral-REPAM-2022-2024-final.pdf\" type=\"application\/pdf\" style=\"width:100%;height:600px\" aria-label=\"Incorporado de PT.-Plano-Pastoral-REPAM-2022-2024-final.\"><\/object><a id=\"wp-block-file--media-f5338f53-d4ae-4c4e-b2f4-0a64ed0a6901\" href=\"https:\/\/www.repam.net\/pt\/wp-content\/uploads\/2022\/11\/PT.-Plano-Pastoral-REPAM-2022-2024-final.pdf\">PT.-Plano-Pastoral-REPAM-2022-2024-final<\/a><a href=\"https:\/\/www.repam.net\/pt\/wp-content\/uploads\/2022\/11\/PT.-Plano-Pastoral-REPAM-2022-2024-final.pdf\" class=\"wp-block-file__button wp-element-button\" download aria-describedby=\"wp-block-file--media-f5338f53-d4ae-4c4e-b2f4-0a64ed0a6901\">Baixar<\/a><\/div>\n","protected":false},"excerpt":{"rendered":"<p>Em setembro de 2014 em Bras\u00edlia, Brasil aconteceu a Funda\u00e7\u00e3o da REPAM. A concep\u00e7\u00e3o se fundamenta na composi\u00e7\u00e3o do rio Amazonas, que existe gra\u00e7as \u00e0 conflu\u00eancia de seus diversos afluentes grandes, medianos e pequenos; da mesma forma, busca que a diversidade de experi\u00eancias e viv\u00eancias de muitas pessoas, comunidades, par\u00f3quias, vicariatos, prelazias, dioceses, organiza\u00e7\u00f5es, etc. [&hellip;]<\/p>\n","protected":false},"author":1,"featured_media":0,"parent":0,"menu_order":0,"comment_status":"closed","ping_status":"closed","template":"","meta":{"_acf_changed":false,"_uf_show_specific_survey":0,"_uf_disable_surveys":false,"footnotes":""},"class_list":["post-34","page","type-page","status-publish","hentry"],"acf":[],"aioseo_notices":[],"yoast_head":"<!-- This site is optimized with the Yoast SEO plugin v24.2 - https:\/\/yoast.com\/wordpress\/plugins\/seo\/ -->\n<title>Organiza\u00e7\u00e3o - Repam<\/title>\n<meta name=\"robots\" content=\"index, follow, max-snippet:-1, max-image-preview:large, max-video-preview:-1\" \/>\n<link rel=\"canonical\" href=\"https:\/\/www.repam.net\/pt\/organizacao\/\" \/>\n<meta property=\"og:locale\" content=\"pt_BR\" \/>\n<meta property=\"og:type\" content=\"article\" \/>\n<meta property=\"og:title\" content=\"Organiza\u00e7\u00e3o - Repam\" \/>\n<meta property=\"og:description\" content=\"Em setembro de 2014 em Bras\u00edlia, Brasil aconteceu a Funda\u00e7\u00e3o da REPAM. A concep\u00e7\u00e3o se fundamenta na composi\u00e7\u00e3o do rio Amazonas, que existe gra\u00e7as \u00e0 conflu\u00eancia de seus diversos afluentes grandes, medianos e pequenos; da mesma forma, busca que a diversidade de experi\u00eancias e viv\u00eancias de muitas pessoas, comunidades, par\u00f3quias, vicariatos, prelazias, dioceses, organiza\u00e7\u00f5es, etc. [&hellip;]\" \/>\n<meta property=\"og:url\" content=\"https:\/\/www.repam.net\/pt\/organizacao\/\" \/>\n<meta property=\"og:site_name\" content=\"Repam\" \/>\n<meta property=\"article:modified_time\" content=\"2024-04-09T15:52:12+00:00\" \/>\n<meta property=\"og:image\" content=\"https:\/\/www.repam.net\/pt\/wp-content\/uploads\/2022\/11\/organizacion-1024x683-1.jpg\" \/>\n<meta name=\"twitter:card\" content=\"summary_large_image\" \/>\n<meta name=\"twitter:label1\" content=\"Est. tempo de leitura\" \/>\n\t<meta name=\"twitter:data1\" content=\"2 minutos\" \/>\n<script type=\"application\/ld+json\" class=\"yoast-schema-graph\">{\"@context\":\"https:\/\/schema.org\",\"@graph\":[{\"@type\":\"WebPage\",\"@id\":\"https:\/\/www.repam.net\/pt\/organizacao\/\",\"url\":\"https:\/\/www.repam.net\/pt\/organizacao\/\",\"name\":\"Organiza\u00e7\u00e3o - Repam\",\"isPartOf\":{\"@id\":\"https:\/\/www.repam.net\/pt\/#website\"},\"primaryImageOfPage\":{\"@id\":\"https:\/\/www.repam.net\/pt\/organizacao\/#primaryimage\"},\"image\":{\"@id\":\"https:\/\/www.repam.net\/pt\/organizacao\/#primaryimage\"},\"thumbnailUrl\":\"https:\/\/www.repam.net\/pt\/wp-content\/uploads\/2022\/11\/organizacion-1024x683-1.jpg\",\"datePublished\":\"2022-01-21T14:35:35+00:00\",\"dateModified\":\"2024-04-09T15:52:12+00:00\",\"breadcrumb\":{\"@id\":\"https:\/\/www.repam.net\/pt\/organizacao\/#breadcrumb\"},\"inLanguage\":\"pt-BR\",\"potentialAction\":[{\"@type\":\"ReadAction\",\"target\":[\"https:\/\/www.repam.net\/pt\/organizacao\/\"]}]},{\"@type\":\"ImageObject\",\"inLanguage\":\"pt-BR\",\"@id\":\"https:\/\/www.repam.net\/pt\/organizacao\/#primaryimage\",\"url\":\"https:\/\/www.repam.net\/pt\/wp-content\/uploads\/2022\/11\/organizacion-1024x683-1.jpg\",\"contentUrl\":\"https:\/\/www.repam.net\/pt\/wp-content\/uploads\/2022\/11\/organizacion-1024x683-1.jpg\",\"width\":1024,\"height\":575},{\"@type\":\"BreadcrumbList\",\"@id\":\"https:\/\/www.repam.net\/pt\/organizacao\/#breadcrumb\",\"itemListElement\":[{\"@type\":\"ListItem\",\"position\":1,\"name\":\"In\u00edcio\",\"item\":\"https:\/\/www.repam.net\/pt\/\"},{\"@type\":\"ListItem\",\"position\":2,\"name\":\"Organiza\u00e7\u00e3o\"}]},{\"@type\":\"WebSite\",\"@id\":\"https:\/\/www.repam.net\/pt\/#website\",\"url\":\"https:\/\/www.repam.net\/pt\/\",\"name\":\"Repam\",\"description\":\"Rede Eclesial Pan-amaz\u00f4nica\",\"publisher\":{\"@id\":\"https:\/\/www.repam.net\/pt\/#organization\"},\"potentialAction\":[{\"@type\":\"SearchAction\",\"target\":{\"@type\":\"EntryPoint\",\"urlTemplate\":\"https:\/\/www.repam.net\/pt\/?s={search_term_string}\"},\"query-input\":{\"@type\":\"PropertyValueSpecification\",\"valueRequired\":true,\"valueName\":\"search_term_string\"}}],\"inLanguage\":\"pt-BR\"},{\"@type\":\"Organization\",\"@id\":\"https:\/\/www.repam.net\/pt\/#organization\",\"name\":\"Repam\",\"url\":\"https:\/\/www.repam.net\/pt\/\",\"logo\":{\"@type\":\"ImageObject\",\"inLanguage\":\"pt-BR\",\"@id\":\"https:\/\/www.repam.net\/pt\/#\/schema\/logo\/image\/\",\"url\":\"https:\/\/www.repam.net\/pt\/wp-content\/uploads\/2022\/02\/15.-REPAM-BRASIL.jpg\",\"contentUrl\":\"https:\/\/www.repam.net\/pt\/wp-content\/uploads\/2022\/02\/15.-REPAM-BRASIL.jpg\",\"width\":231,\"height\":230,\"caption\":\"Repam\"},\"image\":{\"@id\":\"https:\/\/www.repam.net\/pt\/#\/schema\/logo\/image\/\"}}]}<\/script>\n<!-- \/ Yoast SEO plugin. -->","yoast_head_json":{"title":"Organiza\u00e7\u00e3o - Repam","robots":{"index":"index","follow":"follow","max-snippet":"max-snippet:-1","max-image-preview":"max-image-preview:large","max-video-preview":"max-video-preview:-1"},"canonical":"https:\/\/www.repam.net\/pt\/organizacao\/","og_locale":"pt_BR","og_type":"article","og_title":"Organiza\u00e7\u00e3o - Repam","og_description":"Em setembro de 2014 em Bras\u00edlia, Brasil aconteceu a Funda\u00e7\u00e3o da REPAM. A concep\u00e7\u00e3o se fundamenta na composi\u00e7\u00e3o do rio Amazonas, que existe gra\u00e7as \u00e0 conflu\u00eancia de seus diversos afluentes grandes, medianos e pequenos; da mesma forma, busca que a diversidade de experi\u00eancias e viv\u00eancias de muitas pessoas, comunidades, par\u00f3quias, vicariatos, prelazias, dioceses, organiza\u00e7\u00f5es, etc. [&hellip;]","og_url":"https:\/\/www.repam.net\/pt\/organizacao\/","og_site_name":"Repam","article_modified_time":"2024-04-09T15:52:12+00:00","og_image":[{"url":"https:\/\/www.repam.net\/pt\/wp-content\/uploads\/2022\/11\/organizacion-1024x683-1.jpg","type":"","width":"","height":""}],"twitter_card":"summary_large_image","twitter_misc":{"Est. tempo de leitura":"2 minutos"},"schema":{"@context":"https:\/\/schema.org","@graph":[{"@type":"WebPage","@id":"https:\/\/www.repam.net\/pt\/organizacao\/","url":"https:\/\/www.repam.net\/pt\/organizacao\/","name":"Organiza\u00e7\u00e3o - Repam","isPartOf":{"@id":"https:\/\/www.repam.net\/pt\/#website"},"primaryImageOfPage":{"@id":"https:\/\/www.repam.net\/pt\/organizacao\/#primaryimage"},"image":{"@id":"https:\/\/www.repam.net\/pt\/organizacao\/#primaryimage"},"thumbnailUrl":"https:\/\/www.repam.net\/pt\/wp-content\/uploads\/2022\/11\/organizacion-1024x683-1.jpg","datePublished":"2022-01-21T14:35:35+00:00","dateModified":"2024-04-09T15:52:12+00:00","breadcrumb":{"@id":"https:\/\/www.repam.net\/pt\/organizacao\/#breadcrumb"},"inLanguage":"pt-BR","potentialAction":[{"@type":"ReadAction","target":["https:\/\/www.repam.net\/pt\/organizacao\/"]}]},{"@type":"ImageObject","inLanguage":"pt-BR","@id":"https:\/\/www.repam.net\/pt\/organizacao\/#primaryimage","url":"https:\/\/www.repam.net\/pt\/wp-content\/uploads\/2022\/11\/organizacion-1024x683-1.jpg","contentUrl":"https:\/\/www.repam.net\/pt\/wp-content\/uploads\/2022\/11\/organizacion-1024x683-1.jpg","width":1024,"height":575},{"@type":"BreadcrumbList","@id":"https:\/\/www.repam.net\/pt\/organizacao\/#breadcrumb","itemListElement":[{"@type":"ListItem","position":1,"name":"In\u00edcio","item":"https:\/\/www.repam.net\/pt\/"},{"@type":"ListItem","position":2,"name":"Organiza\u00e7\u00e3o"}]},{"@type":"WebSite","@id":"https:\/\/www.repam.net\/pt\/#website","url":"https:\/\/www.repam.net\/pt\/","name":"Repam","description":"Rede Eclesial Pan-amaz\u00f4nica","publisher":{"@id":"https:\/\/www.repam.net\/pt\/#organization"},"potentialAction":[{"@type":"SearchAction","target":{"@type":"EntryPoint","urlTemplate":"https:\/\/www.repam.net\/pt\/?s={search_term_string}"},"query-input":{"@type":"PropertyValueSpecification","valueRequired":true,"valueName":"search_term_string"}}],"inLanguage":"pt-BR"},{"@type":"Organization","@id":"https:\/\/www.repam.net\/pt\/#organization","name":"Repam","url":"https:\/\/www.repam.net\/pt\/","logo":{"@type":"ImageObject","inLanguage":"pt-BR","@id":"https:\/\/www.repam.net\/pt\/#\/schema\/logo\/image\/","url":"https:\/\/www.repam.net\/pt\/wp-content\/uploads\/2022\/02\/15.-REPAM-BRASIL.jpg","contentUrl":"https:\/\/www.repam.net\/pt\/wp-content\/uploads\/2022\/02\/15.-REPAM-BRASIL.jpg","width":231,"height":230,"caption":"Repam"},"image":{"@id":"https:\/\/www.repam.net\/pt\/#\/schema\/logo\/image\/"}}]}},"_links":{"self":[{"href":"https:\/\/www.repam.net\/pt\/wp-json\/wp\/v2\/pages\/34","targetHints":{"allow":["GET"]}}],"collection":[{"href":"https:\/\/www.repam.net\/pt\/wp-json\/wp\/v2\/pages"}],"about":[{"href":"https:\/\/www.repam.net\/pt\/wp-json\/wp\/v2\/types\/page"}],"author":[{"embeddable":true,"href":"https:\/\/www.repam.net\/pt\/wp-json\/wp\/v2\/users\/1"}],"replies":[{"embeddable":true,"href":"https:\/\/www.repam.net\/pt\/wp-json\/wp\/v2\/comments?post=34"}],"version-history":[{"count":3,"href":"https:\/\/www.repam.net\/pt\/wp-json\/wp\/v2\/pages\/34\/revisions"}],"predecessor-version":[{"id":2826,"href":"https:\/\/www.repam.net\/pt\/wp-json\/wp\/v2\/pages\/34\/revisions\/2826"}],"wp:attachment":[{"href":"https:\/\/www.repam.net\/pt\/wp-json\/wp\/v2\/media?parent=34"}],"curies":[{"name":"wp","href":"https:\/\/api.w.org\/{rel}","templated":true}]}}