{"id":3609,"date":"2025-08-26T21:07:46","date_gmt":"2025-08-27T00:07:46","guid":{"rendered":"https:\/\/www.repam.net\/pt\/?page_id=3609"},"modified":"2025-08-26T21:14:52","modified_gmt":"2025-08-27T00:14:52","slug":"juventudes-e-amazonia","status":"publish","type":"page","link":"https:\/\/www.repam.net\/pt\/nucleos-tematicos\/juventudes-e-amazonia\/","title":{"rendered":"Juventudes e Amaz\u00f4nia"},"content":{"rendered":"\n<figure class=\"wp-block-image size-full\"><img loading=\"lazy\" decoding=\"async\" width=\"1024\" height=\"682\" src=\"https:\/\/www.repam.net\/pt\/wp-content\/uploads\/2025\/08\/juventudes-web.jpeg\" alt=\"\" class=\"wp-image-3610\" srcset=\"https:\/\/www.repam.net\/pt\/wp-content\/uploads\/2025\/08\/juventudes-web.jpeg 1024w, https:\/\/www.repam.net\/pt\/wp-content\/uploads\/2025\/08\/juventudes-web-300x200.jpeg 300w, https:\/\/www.repam.net\/pt\/wp-content\/uploads\/2025\/08\/juventudes-web-768x512.jpeg 768w\" sizes=\"auto, (max-width: 1024px) 100vw, 1024px\" \/><\/figure>\n\n\n\n<blockquote class=\"wp-block-quote is-layout-flow wp-block-quote-is-layout-flow\">\n<p>O N\u00facleo Juventudes e Amaz\u00f4nia da REPAM tem como objetivo articular em rede as diferentes express\u00f5es juvenis da regi\u00e3o Pan-Amaz\u00f4nica (tanto na Igreja como em outros espa\u00e7os), com o intuito de possibilitar a reflex\u00e3o e o compromisso socioambiental, socializando conte\u00fados e experi\u00eancias vinculadas \u00e0 Ecologia Integral.<\/p>\n<\/blockquote>\n\n\n\n<hr class=\"wp-block-separator has-alpha-channel-opacity\"\/>\n\n\n<div class=\"wp-block-image\">\n<figure class=\"aligncenter size-full\"><a href=\"https:\/\/www.repam.net\/pt\/serie-juventudes-e-amazonia\/\" target=\"_blank\" rel=\" noreferrer noopener\"><img loading=\"lazy\" decoding=\"async\" width=\"756\" height=\"756\" src=\"https:\/\/www.repam.net\/pt\/wp-content\/uploads\/2025\/08\/Juventudes-e-Amazonia-quadrado.jpg\" alt=\"\" class=\"wp-image-3611\" srcset=\"https:\/\/www.repam.net\/pt\/wp-content\/uploads\/2025\/08\/Juventudes-e-Amazonia-quadrado.jpg 756w, https:\/\/www.repam.net\/pt\/wp-content\/uploads\/2025\/08\/Juventudes-e-Amazonia-quadrado-300x300.jpg 300w, https:\/\/www.repam.net\/pt\/wp-content\/uploads\/2025\/08\/Juventudes-e-Amazonia-quadrado-150x150.jpg 150w\" sizes=\"auto, (max-width: 756px) 100vw, 756px\" \/><\/a><\/figure>\n<\/div>\n\n\n<p><\/p>\n","protected":false},"excerpt":{"rendered":"<p>O N\u00facleo Juventudes e Amaz\u00f4nia da REPAM tem como objetivo articular em rede as diferentes express\u00f5es juvenis da regi\u00e3o Pan-Amaz\u00f4nica (tanto na Igreja como em outros espa\u00e7os), com o intuito de possibilitar a reflex\u00e3o e o compromisso socioambiental, socializando conte\u00fados e experi\u00eancias vinculadas \u00e0 Ecologia Integral.<\/p>\n","protected":false},"author":1,"featured_media":0,"parent":39,"menu_order":0,"comment_status":"closed","ping_status":"closed","template":"page-multipla.php","meta":{"_acf_changed":false,"_uf_show_specific_survey":0,"_uf_disable_surveys":false,"footnotes":""},"class_list":["post-3609","page","type-page","status-publish","hentry"],"acf":[],"aioseo_notices":[],"yoast_head":"<!-- This site is optimized with the Yoast SEO plugin v24.2 - https:\/\/yoast.com\/wordpress\/plugins\/seo\/ -->\n<title>Juventudes e Amaz\u00f4nia - Repam<\/title>\n<meta name=\"description\" content=\"O N\u00facleo Juventudes e Amaz\u00f4nia da REPAM tem como objetivo articular em rede as diferentes express\u00f5es juvenis da regi\u00e3o Pan-Amaz\u00f4nica (tanto na Igreja como em outros espa\u00e7os), com o intuito de possibilitar a reflex\u00e3o e o compromisso socioambiental, socializando conte\u00fados e experi\u00eancias vinculadas \u00e0 Ecologia Integral.\" \/>\n<meta name=\"robots\" content=\"index, follow, max-snippet:-1, max-image-preview:large, max-video-preview:-1\" \/>\n<link rel=\"canonical\" href=\"https:\/\/www.repam.net\/pt\/nucleos-tematicos\/juventudes-e-amazonia\/\" \/>\n<meta property=\"og:locale\" content=\"pt_BR\" \/>\n<meta property=\"og:type\" content=\"article\" \/>\n<meta property=\"og:title\" content=\"Juventudes e Amaz\u00f4nia - Repam\" \/>\n<meta property=\"og:description\" content=\"O N\u00facleo Juventudes e Amaz\u00f4nia da REPAM tem como objetivo articular em rede as diferentes express\u00f5es juvenis da regi\u00e3o Pan-Amaz\u00f4nica (tanto na Igreja como em outros espa\u00e7os), com o intuito de possibilitar a reflex\u00e3o e o compromisso socioambiental, socializando conte\u00fados e experi\u00eancias vinculadas \u00e0 Ecologia Integral.\" \/>\n<meta property=\"og:url\" content=\"https:\/\/www.repam.net\/pt\/nucleos-tematicos\/juventudes-e-amazonia\/\" \/>\n<meta property=\"og:site_name\" content=\"Repam\" \/>\n<meta property=\"article:modified_time\" content=\"2025-08-27T00:14:52+00:00\" \/>\n<meta property=\"og:image\" content=\"https:\/\/www.repam.net\/pt\/wp-content\/uploads\/2025\/08\/juventudes-web.jpeg\" \/>\n\t<meta property=\"og:image:width\" content=\"1024\" \/>\n\t<meta property=\"og:image:height\" content=\"682\" \/>\n\t<meta property=\"og:image:type\" content=\"image\/jpeg\" \/>\n<meta name=\"twitter:card\" content=\"summary_large_image\" \/>\n<meta name=\"twitter:label1\" content=\"Est. tempo de leitura\" \/>\n\t<meta name=\"twitter:data1\" content=\"1 minuto\" \/>\n<script type=\"application\/ld+json\" class=\"yoast-schema-graph\">{\"@context\":\"https:\/\/schema.org\",\"@graph\":[{\"@type\":\"WebPage\",\"@id\":\"https:\/\/www.repam.net\/pt\/nucleos-tematicos\/juventudes-e-amazonia\/\",\"url\":\"https:\/\/www.repam.net\/pt\/nucleos-tematicos\/juventudes-e-amazonia\/\",\"name\":\"Juventudes e Amaz\u00f4nia - Repam\",\"isPartOf\":{\"@id\":\"https:\/\/www.repam.net\/pt\/#website\"},\"primaryImageOfPage\":{\"@id\":\"https:\/\/www.repam.net\/pt\/nucleos-tematicos\/juventudes-e-amazonia\/#primaryimage\"},\"image\":{\"@id\":\"https:\/\/www.repam.net\/pt\/nucleos-tematicos\/juventudes-e-amazonia\/#primaryimage\"},\"thumbnailUrl\":\"https:\/\/www.repam.net\/pt\/wp-content\/uploads\/2025\/08\/juventudes-web.jpeg\",\"datePublished\":\"2025-08-27T00:07:46+00:00\",\"dateModified\":\"2025-08-27T00:14:52+00:00\",\"description\":\"O N\u00facleo Juventudes e Amaz\u00f4nia da REPAM tem como objetivo articular em rede as diferentes express\u00f5es juvenis da regi\u00e3o Pan-Amaz\u00f4nica (tanto na Igreja como em outros espa\u00e7os), com o intuito de possibilitar a reflex\u00e3o e o compromisso socioambiental, socializando conte\u00fados e experi\u00eancias vinculadas \u00e0 Ecologia Integral.\",\"breadcrumb\":{\"@id\":\"https:\/\/www.repam.net\/pt\/nucleos-tematicos\/juventudes-e-amazonia\/#breadcrumb\"},\"inLanguage\":\"pt-BR\",\"potentialAction\":[{\"@type\":\"ReadAction\",\"target\":[\"https:\/\/www.repam.net\/pt\/nucleos-tematicos\/juventudes-e-amazonia\/\"]}]},{\"@type\":\"ImageObject\",\"inLanguage\":\"pt-BR\",\"@id\":\"https:\/\/www.repam.net\/pt\/nucleos-tematicos\/juventudes-e-amazonia\/#primaryimage\",\"url\":\"https:\/\/www.repam.net\/pt\/wp-content\/uploads\/2025\/08\/juventudes-web.jpeg\",\"contentUrl\":\"https:\/\/www.repam.net\/pt\/wp-content\/uploads\/2025\/08\/juventudes-web.jpeg\",\"width\":1024,\"height\":682},{\"@type\":\"BreadcrumbList\",\"@id\":\"https:\/\/www.repam.net\/pt\/nucleos-tematicos\/juventudes-e-amazonia\/#breadcrumb\",\"itemListElement\":[{\"@type\":\"ListItem\",\"position\":1,\"name\":\"In\u00edcio\",\"item\":\"https:\/\/www.repam.net\/pt\/\"},{\"@type\":\"ListItem\",\"position\":2,\"name\":\"N\u00facleos Tem\u00e1ticos\",\"item\":\"https:\/\/www.repam.net\/pt\/nucleos-tematicos\/\"},{\"@type\":\"ListItem\",\"position\":3,\"name\":\"Juventudes e Amaz\u00f4nia\"}]},{\"@type\":\"WebSite\",\"@id\":\"https:\/\/www.repam.net\/pt\/#website\",\"url\":\"https:\/\/www.repam.net\/pt\/\",\"name\":\"Repam\",\"description\":\"Rede Eclesial Pan-amaz\u00f4nica\",\"publisher\":{\"@id\":\"https:\/\/www.repam.net\/pt\/#organization\"},\"potentialAction\":[{\"@type\":\"SearchAction\",\"target\":{\"@type\":\"EntryPoint\",\"urlTemplate\":\"https:\/\/www.repam.net\/pt\/?s={search_term_string}\"},\"query-input\":{\"@type\":\"PropertyValueSpecification\",\"valueRequired\":true,\"valueName\":\"search_term_string\"}}],\"inLanguage\":\"pt-BR\"},{\"@type\":\"Organization\",\"@id\":\"https:\/\/www.repam.net\/pt\/#organization\",\"name\":\"Repam\",\"url\":\"https:\/\/www.repam.net\/pt\/\",\"logo\":{\"@type\":\"ImageObject\",\"inLanguage\":\"pt-BR\",\"@id\":\"https:\/\/www.repam.net\/pt\/#\/schema\/logo\/image\/\",\"url\":\"https:\/\/www.repam.net\/pt\/wp-content\/uploads\/2022\/02\/15.-REPAM-BRASIL.jpg\",\"contentUrl\":\"https:\/\/www.repam.net\/pt\/wp-content\/uploads\/2022\/02\/15.-REPAM-BRASIL.jpg\",\"width\":231,\"height\":230,\"caption\":\"Repam\"},\"image\":{\"@id\":\"https:\/\/www.repam.net\/pt\/#\/schema\/logo\/image\/\"}}]}<\/script>\n<!-- \/ Yoast SEO plugin. -->","yoast_head_json":{"title":"Juventudes e Amaz\u00f4nia - Repam","description":"O N\u00facleo Juventudes e Amaz\u00f4nia da REPAM tem como objetivo articular em rede as diferentes express\u00f5es juvenis da regi\u00e3o Pan-Amaz\u00f4nica (tanto na Igreja como em outros espa\u00e7os), com o intuito de possibilitar a reflex\u00e3o e o compromisso socioambiental, socializando conte\u00fados e experi\u00eancias vinculadas \u00e0 Ecologia Integral.","robots":{"index":"index","follow":"follow","max-snippet":"max-snippet:-1","max-image-preview":"max-image-preview:large","max-video-preview":"max-video-preview:-1"},"canonical":"https:\/\/www.repam.net\/pt\/nucleos-tematicos\/juventudes-e-amazonia\/","og_locale":"pt_BR","og_type":"article","og_title":"Juventudes e Amaz\u00f4nia - Repam","og_description":"O N\u00facleo Juventudes e Amaz\u00f4nia da REPAM tem como objetivo articular em rede as diferentes express\u00f5es juvenis da regi\u00e3o Pan-Amaz\u00f4nica (tanto na Igreja como em outros espa\u00e7os), com o intuito de possibilitar a reflex\u00e3o e o compromisso socioambiental, socializando conte\u00fados e experi\u00eancias vinculadas \u00e0 Ecologia Integral.","og_url":"https:\/\/www.repam.net\/pt\/nucleos-tematicos\/juventudes-e-amazonia\/","og_site_name":"Repam","article_modified_time":"2025-08-27T00:14:52+00:00","og_image":[{"width":1024,"height":682,"url":"https:\/\/www.repam.net\/pt\/wp-content\/uploads\/2025\/08\/juventudes-web.jpeg","type":"image\/jpeg"}],"twitter_card":"summary_large_image","twitter_misc":{"Est. tempo de leitura":"1 minuto"},"schema":{"@context":"https:\/\/schema.org","@graph":[{"@type":"WebPage","@id":"https:\/\/www.repam.net\/pt\/nucleos-tematicos\/juventudes-e-amazonia\/","url":"https:\/\/www.repam.net\/pt\/nucleos-tematicos\/juventudes-e-amazonia\/","name":"Juventudes e Amaz\u00f4nia - Repam","isPartOf":{"@id":"https:\/\/www.repam.net\/pt\/#website"},"primaryImageOfPage":{"@id":"https:\/\/www.repam.net\/pt\/nucleos-tematicos\/juventudes-e-amazonia\/#primaryimage"},"image":{"@id":"https:\/\/www.repam.net\/pt\/nucleos-tematicos\/juventudes-e-amazonia\/#primaryimage"},"thumbnailUrl":"https:\/\/www.repam.net\/pt\/wp-content\/uploads\/2025\/08\/juventudes-web.jpeg","datePublished":"2025-08-27T00:07:46+00:00","dateModified":"2025-08-27T00:14:52+00:00","description":"O N\u00facleo Juventudes e Amaz\u00f4nia da REPAM tem como objetivo articular em rede as diferentes express\u00f5es juvenis da regi\u00e3o Pan-Amaz\u00f4nica (tanto na Igreja como em outros espa\u00e7os), com o intuito de possibilitar a reflex\u00e3o e o compromisso socioambiental, socializando conte\u00fados e experi\u00eancias vinculadas \u00e0 Ecologia Integral.","breadcrumb":{"@id":"https:\/\/www.repam.net\/pt\/nucleos-tematicos\/juventudes-e-amazonia\/#breadcrumb"},"inLanguage":"pt-BR","potentialAction":[{"@type":"ReadAction","target":["https:\/\/www.repam.net\/pt\/nucleos-tematicos\/juventudes-e-amazonia\/"]}]},{"@type":"ImageObject","inLanguage":"pt-BR","@id":"https:\/\/www.repam.net\/pt\/nucleos-tematicos\/juventudes-e-amazonia\/#primaryimage","url":"https:\/\/www.repam.net\/pt\/wp-content\/uploads\/2025\/08\/juventudes-web.jpeg","contentUrl":"https:\/\/www.repam.net\/pt\/wp-content\/uploads\/2025\/08\/juventudes-web.jpeg","width":1024,"height":682},{"@type":"BreadcrumbList","@id":"https:\/\/www.repam.net\/pt\/nucleos-tematicos\/juventudes-e-amazonia\/#breadcrumb","itemListElement":[{"@type":"ListItem","position":1,"name":"In\u00edcio","item":"https:\/\/www.repam.net\/pt\/"},{"@type":"ListItem","position":2,"name":"N\u00facleos Tem\u00e1ticos","item":"https:\/\/www.repam.net\/pt\/nucleos-tematicos\/"},{"@type":"ListItem","position":3,"name":"Juventudes e Amaz\u00f4nia"}]},{"@type":"WebSite","@id":"https:\/\/www.repam.net\/pt\/#website","url":"https:\/\/www.repam.net\/pt\/","name":"Repam","description":"Rede Eclesial Pan-amaz\u00f4nica","publisher":{"@id":"https:\/\/www.repam.net\/pt\/#organization"},"potentialAction":[{"@type":"SearchAction","target":{"@type":"EntryPoint","urlTemplate":"https:\/\/www.repam.net\/pt\/?s={search_term_string}"},"query-input":{"@type":"PropertyValueSpecification","valueRequired":true,"valueName":"search_term_string"}}],"inLanguage":"pt-BR"},{"@type":"Organization","@id":"https:\/\/www.repam.net\/pt\/#organization","name":"Repam","url":"https:\/\/www.repam.net\/pt\/","logo":{"@type":"ImageObject","inLanguage":"pt-BR","@id":"https:\/\/www.repam.net\/pt\/#\/schema\/logo\/image\/","url":"https:\/\/www.repam.net\/pt\/wp-content\/uploads\/2022\/02\/15.-REPAM-BRASIL.jpg","contentUrl":"https:\/\/www.repam.net\/pt\/wp-content\/uploads\/2022\/02\/15.-REPAM-BRASIL.jpg","width":231,"height":230,"caption":"Repam"},"image":{"@id":"https:\/\/www.repam.net\/pt\/#\/schema\/logo\/image\/"}}]}},"_links":{"self":[{"href":"https:\/\/www.repam.net\/pt\/wp-json\/wp\/v2\/pages\/3609","targetHints":{"allow":["GET"]}}],"collection":[{"href":"https:\/\/www.repam.net\/pt\/wp-json\/wp\/v2\/pages"}],"about":[{"href":"https:\/\/www.repam.net\/pt\/wp-json\/wp\/v2\/types\/page"}],"author":[{"embeddable":true,"href":"https:\/\/www.repam.net\/pt\/wp-json\/wp\/v2\/users\/1"}],"replies":[{"embeddable":true,"href":"https:\/\/www.repam.net\/pt\/wp-json\/wp\/v2\/comments?post=3609"}],"version-history":[{"count":2,"href":"https:\/\/www.repam.net\/pt\/wp-json\/wp\/v2\/pages\/3609\/revisions"}],"predecessor-version":[{"id":3614,"href":"https:\/\/www.repam.net\/pt\/wp-json\/wp\/v2\/pages\/3609\/revisions\/3614"}],"up":[{"embeddable":true,"href":"https:\/\/www.repam.net\/pt\/wp-json\/wp\/v2\/pages\/39"}],"wp:attachment":[{"href":"https:\/\/www.repam.net\/pt\/wp-json\/wp\/v2\/media?parent=3609"}],"curies":[{"name":"wp","href":"https:\/\/api.w.org\/{rel}","templated":true}]}}