{"id":3615,"date":"2025-08-26T21:44:52","date_gmt":"2025-08-27T00:44:52","guid":{"rendered":"https:\/\/www.repam.net\/pt\/?page_id=3615"},"modified":"2025-08-26T22:01:45","modified_gmt":"2025-08-27T01:01:45","slug":"rede-itinerante-amazonica","status":"publish","type":"page","link":"https:\/\/www.repam.net\/pt\/nucleos-tematicos\/rede-itinerante-amazonica\/","title":{"rendered":"Rede Itinerante Amaz\u00f4nica"},"content":{"rendered":"\n<figure class=\"wp-block-image size-large\"><img loading=\"lazy\" decoding=\"async\" width=\"2560\" height=\"1439\" src=\"https:\/\/www.repam.net\/pt\/wp-content\/uploads\/2025\/08\/Reditine_01-edited-scaled.jpg\" alt=\"\" class=\"wp-image-3617\" srcset=\"https:\/\/www.repam.net\/pt\/wp-content\/uploads\/2025\/08\/Reditine_01-edited-scaled.jpg 2560w, https:\/\/www.repam.net\/pt\/wp-content\/uploads\/2025\/08\/Reditine_01-edited-300x169.jpg 300w, https:\/\/www.repam.net\/pt\/wp-content\/uploads\/2025\/08\/Reditine_01-edited-1024x576.jpg 1024w, https:\/\/www.repam.net\/pt\/wp-content\/uploads\/2025\/08\/Reditine_01-edited-768x432.jpg 768w, https:\/\/www.repam.net\/pt\/wp-content\/uploads\/2025\/08\/Reditine_01-edited-1536x864.jpg 1536w, https:\/\/www.repam.net\/pt\/wp-content\/uploads\/2025\/08\/Reditine_01-edited-2048x1151.jpg 2048w\" sizes=\"auto, (max-width: 2560px) 100vw, 2560px\" \/><\/figure>\n\n\n\n<blockquote class=\"wp-block-quote is-layout-flow wp-block-quote-is-layout-flow\">\n<p>Uma das propostas concretas do S\u00ednodo Amaz\u00f4nico foi \u201cformar uma rede itinerante que re\u00fana os diversos esfor\u00e7os das equipes que acompanham e dinamizam as comunidades\u201d (cf. DF 40). Este \u00e9 um dos sonhos que se tornam realidade na Amaz\u00f4nia.<\/p>\n<\/blockquote>\n\n\n\n<div class=\"wp-block-columns is-layout-flex wp-container-core-columns-is-layout-9d6595d7 wp-block-columns-is-layout-flex\">\n<div class=\"wp-block-column is-layout-flow wp-block-column-is-layout-flow\">\n<figure class=\"wp-block-embed is-type-video is-provider-youtube wp-block-embed-youtube wp-embed-aspect-16-9 wp-has-aspect-ratio\"><div class=\"wp-block-embed__wrapper\">\n<iframe loading=\"lazy\" title=\"II Encuentro de la Red Itinerante Amaz\u00f3nica\" width=\"500\" height=\"281\" src=\"https:\/\/www.youtube.com\/embed\/RjOL01HOo_s?feature=oembed\" frameborder=\"0\" allow=\"accelerometer; autoplay; clipboard-write; encrypted-media; gyroscope; picture-in-picture; web-share\" referrerpolicy=\"strict-origin-when-cross-origin\" allowfullscreen><\/iframe>\n<\/div><\/figure>\n<\/div>\n\n\n\n<div class=\"wp-block-column is-layout-flow wp-block-column-is-layout-flow\">\n<figure class=\"wp-block-embed is-type-video is-provider-youtube wp-block-embed-youtube wp-embed-aspect-16-9 wp-has-aspect-ratio\"><div class=\"wp-block-embed__wrapper\">\n<iframe loading=\"lazy\" title=\"III Encuentro de la Red Itinerante Amaz\u00f3nica\" width=\"500\" height=\"281\" src=\"https:\/\/www.youtube.com\/embed\/MbqsZmKIKQQ?feature=oembed\" frameborder=\"0\" allow=\"accelerometer; autoplay; clipboard-write; encrypted-media; gyroscope; picture-in-picture; web-share\" referrerpolicy=\"strict-origin-when-cross-origin\" allowfullscreen><\/iframe>\n<\/div><\/figure>\n<\/div>\n<\/div>\n\n\n\n<div class=\"wp-block-columns is-layout-flex wp-container-core-columns-is-layout-9d6595d7 wp-block-columns-is-layout-flex\">\n<div class=\"wp-block-column is-layout-flow wp-block-column-is-layout-flow\"><\/div>\n\n\n\n<div class=\"wp-block-column is-layout-flow wp-block-column-is-layout-flow\">\n<figure class=\"wp-block-image size-full\"><a href=\"https:\/\/www.repam.net\/pt\/category\/rede-itinerante\/\"><img loading=\"lazy\" decoding=\"async\" width=\"303\" height=\"84\" src=\"https:\/\/www.repam.net\/pt\/wp-content\/uploads\/2025\/08\/Noticias-1.jpg\" alt=\"\" class=\"wp-image-3623\" srcset=\"https:\/\/www.repam.net\/pt\/wp-content\/uploads\/2025\/08\/Noticias-1.jpg 303w, https:\/\/www.repam.net\/pt\/wp-content\/uploads\/2025\/08\/Noticias-1-300x83.jpg 300w\" sizes=\"auto, (max-width: 303px) 100vw, 303px\" \/><\/a><\/figure>\n<\/div>\n\n\n\n<div class=\"wp-block-column is-layout-flow wp-block-column-is-layout-flow\"><\/div>\n<\/div>\n","protected":false},"excerpt":{"rendered":"<p>Uma das propostas concretas do S\u00ednodo Amaz\u00f4nico foi \u201cformar uma rede itinerante que re\u00fana os diversos esfor\u00e7os das equipes que acompanham e dinamizam as comunidades\u201d (cf. DF 40). Este \u00e9 um dos sonhos que se tornam realidade na Amaz\u00f4nia.<\/p>\n","protected":false},"author":1,"featured_media":0,"parent":39,"menu_order":0,"comment_status":"closed","ping_status":"closed","template":"page-multipla.php","meta":{"_acf_changed":false,"_uf_show_specific_survey":0,"_uf_disable_surveys":false,"footnotes":""},"class_list":["post-3615","page","type-page","status-publish","hentry"],"acf":[],"aioseo_notices":[],"yoast_head":"<!-- This site is optimized with the Yoast SEO plugin v24.2 - https:\/\/yoast.com\/wordpress\/plugins\/seo\/ -->\n<title>Rede Itinerante Amaz\u00f4nica - Repam<\/title>\n<meta name=\"robots\" content=\"index, follow, max-snippet:-1, max-image-preview:large, max-video-preview:-1\" \/>\n<link rel=\"canonical\" href=\"https:\/\/www.repam.net\/pt\/nucleos-tematicos\/rede-itinerante-amazonica\/\" \/>\n<meta property=\"og:locale\" content=\"pt_BR\" \/>\n<meta property=\"og:type\" content=\"article\" \/>\n<meta property=\"og:title\" content=\"Rede Itinerante Amaz\u00f4nica - Repam\" \/>\n<meta property=\"og:description\" content=\"Uma das propostas concretas do S\u00ednodo Amaz\u00f4nico foi \u201cformar uma rede itinerante que re\u00fana os diversos esfor\u00e7os das equipes que acompanham e dinamizam as comunidades\u201d (cf. DF 40). Este \u00e9 um dos sonhos que se tornam realidade na Amaz\u00f4nia.\" \/>\n<meta property=\"og:url\" content=\"https:\/\/www.repam.net\/pt\/nucleos-tematicos\/rede-itinerante-amazonica\/\" \/>\n<meta property=\"og:site_name\" content=\"Repam\" \/>\n<meta property=\"article:modified_time\" content=\"2025-08-27T01:01:45+00:00\" \/>\n<meta property=\"og:image\" content=\"https:\/\/www.repam.net\/pt\/wp-content\/uploads\/2025\/08\/Reditine_01-edited-scaled.jpg\" \/>\n\t<meta property=\"og:image:width\" content=\"2560\" \/>\n\t<meta property=\"og:image:height\" content=\"1439\" \/>\n\t<meta property=\"og:image:type\" content=\"image\/jpeg\" \/>\n<meta name=\"twitter:card\" content=\"summary_large_image\" \/>\n<meta name=\"twitter:label1\" content=\"Est. tempo de leitura\" \/>\n\t<meta name=\"twitter:data1\" content=\"1 minuto\" \/>\n<script type=\"application\/ld+json\" class=\"yoast-schema-graph\">{\"@context\":\"https:\/\/schema.org\",\"@graph\":[{\"@type\":\"WebPage\",\"@id\":\"https:\/\/www.repam.net\/pt\/nucleos-tematicos\/rede-itinerante-amazonica\/\",\"url\":\"https:\/\/www.repam.net\/pt\/nucleos-tematicos\/rede-itinerante-amazonica\/\",\"name\":\"Rede Itinerante Amaz\u00f4nica - Repam\",\"isPartOf\":{\"@id\":\"https:\/\/www.repam.net\/pt\/#website\"},\"primaryImageOfPage\":{\"@id\":\"https:\/\/www.repam.net\/pt\/nucleos-tematicos\/rede-itinerante-amazonica\/#primaryimage\"},\"image\":{\"@id\":\"https:\/\/www.repam.net\/pt\/nucleos-tematicos\/rede-itinerante-amazonica\/#primaryimage\"},\"thumbnailUrl\":\"https:\/\/www.repam.net\/pt\/wp-content\/uploads\/2025\/08\/Reditine_01-edited-scaled.jpg\",\"datePublished\":\"2025-08-27T00:44:52+00:00\",\"dateModified\":\"2025-08-27T01:01:45+00:00\",\"breadcrumb\":{\"@id\":\"https:\/\/www.repam.net\/pt\/nucleos-tematicos\/rede-itinerante-amazonica\/#breadcrumb\"},\"inLanguage\":\"pt-BR\",\"potentialAction\":[{\"@type\":\"ReadAction\",\"target\":[\"https:\/\/www.repam.net\/pt\/nucleos-tematicos\/rede-itinerante-amazonica\/\"]}]},{\"@type\":\"ImageObject\",\"inLanguage\":\"pt-BR\",\"@id\":\"https:\/\/www.repam.net\/pt\/nucleos-tematicos\/rede-itinerante-amazonica\/#primaryimage\",\"url\":\"https:\/\/www.repam.net\/pt\/wp-content\/uploads\/2025\/08\/Reditine_01-edited-scaled.jpg\",\"contentUrl\":\"https:\/\/www.repam.net\/pt\/wp-content\/uploads\/2025\/08\/Reditine_01-edited-scaled.jpg\",\"width\":2560,\"height\":1439},{\"@type\":\"BreadcrumbList\",\"@id\":\"https:\/\/www.repam.net\/pt\/nucleos-tematicos\/rede-itinerante-amazonica\/#breadcrumb\",\"itemListElement\":[{\"@type\":\"ListItem\",\"position\":1,\"name\":\"In\u00edcio\",\"item\":\"https:\/\/www.repam.net\/pt\/\"},{\"@type\":\"ListItem\",\"position\":2,\"name\":\"N\u00facleos Tem\u00e1ticos\",\"item\":\"https:\/\/www.repam.net\/pt\/nucleos-tematicos\/\"},{\"@type\":\"ListItem\",\"position\":3,\"name\":\"Rede Itinerante Amaz\u00f4nica\"}]},{\"@type\":\"WebSite\",\"@id\":\"https:\/\/www.repam.net\/pt\/#website\",\"url\":\"https:\/\/www.repam.net\/pt\/\",\"name\":\"Repam\",\"description\":\"Rede Eclesial Pan-amaz\u00f4nica\",\"publisher\":{\"@id\":\"https:\/\/www.repam.net\/pt\/#organization\"},\"potentialAction\":[{\"@type\":\"SearchAction\",\"target\":{\"@type\":\"EntryPoint\",\"urlTemplate\":\"https:\/\/www.repam.net\/pt\/?s={search_term_string}\"},\"query-input\":{\"@type\":\"PropertyValueSpecification\",\"valueRequired\":true,\"valueName\":\"search_term_string\"}}],\"inLanguage\":\"pt-BR\"},{\"@type\":\"Organization\",\"@id\":\"https:\/\/www.repam.net\/pt\/#organization\",\"name\":\"Repam\",\"url\":\"https:\/\/www.repam.net\/pt\/\",\"logo\":{\"@type\":\"ImageObject\",\"inLanguage\":\"pt-BR\",\"@id\":\"https:\/\/www.repam.net\/pt\/#\/schema\/logo\/image\/\",\"url\":\"https:\/\/www.repam.net\/pt\/wp-content\/uploads\/2022\/02\/15.-REPAM-BRASIL.jpg\",\"contentUrl\":\"https:\/\/www.repam.net\/pt\/wp-content\/uploads\/2022\/02\/15.-REPAM-BRASIL.jpg\",\"width\":231,\"height\":230,\"caption\":\"Repam\"},\"image\":{\"@id\":\"https:\/\/www.repam.net\/pt\/#\/schema\/logo\/image\/\"}}]}<\/script>\n<!-- \/ Yoast SEO plugin. -->","yoast_head_json":{"title":"Rede Itinerante Amaz\u00f4nica - Repam","robots":{"index":"index","follow":"follow","max-snippet":"max-snippet:-1","max-image-preview":"max-image-preview:large","max-video-preview":"max-video-preview:-1"},"canonical":"https:\/\/www.repam.net\/pt\/nucleos-tematicos\/rede-itinerante-amazonica\/","og_locale":"pt_BR","og_type":"article","og_title":"Rede Itinerante Amaz\u00f4nica - Repam","og_description":"Uma das propostas concretas do S\u00ednodo Amaz\u00f4nico foi \u201cformar uma rede itinerante que re\u00fana os diversos esfor\u00e7os das equipes que acompanham e dinamizam as comunidades\u201d (cf. DF 40). Este \u00e9 um dos sonhos que se tornam realidade na Amaz\u00f4nia.","og_url":"https:\/\/www.repam.net\/pt\/nucleos-tematicos\/rede-itinerante-amazonica\/","og_site_name":"Repam","article_modified_time":"2025-08-27T01:01:45+00:00","og_image":[{"width":2560,"height":1439,"url":"https:\/\/www.repam.net\/pt\/wp-content\/uploads\/2025\/08\/Reditine_01-edited-scaled.jpg","type":"image\/jpeg"}],"twitter_card":"summary_large_image","twitter_misc":{"Est. tempo de leitura":"1 minuto"},"schema":{"@context":"https:\/\/schema.org","@graph":[{"@type":"WebPage","@id":"https:\/\/www.repam.net\/pt\/nucleos-tematicos\/rede-itinerante-amazonica\/","url":"https:\/\/www.repam.net\/pt\/nucleos-tematicos\/rede-itinerante-amazonica\/","name":"Rede Itinerante Amaz\u00f4nica - Repam","isPartOf":{"@id":"https:\/\/www.repam.net\/pt\/#website"},"primaryImageOfPage":{"@id":"https:\/\/www.repam.net\/pt\/nucleos-tematicos\/rede-itinerante-amazonica\/#primaryimage"},"image":{"@id":"https:\/\/www.repam.net\/pt\/nucleos-tematicos\/rede-itinerante-amazonica\/#primaryimage"},"thumbnailUrl":"https:\/\/www.repam.net\/pt\/wp-content\/uploads\/2025\/08\/Reditine_01-edited-scaled.jpg","datePublished":"2025-08-27T00:44:52+00:00","dateModified":"2025-08-27T01:01:45+00:00","breadcrumb":{"@id":"https:\/\/www.repam.net\/pt\/nucleos-tematicos\/rede-itinerante-amazonica\/#breadcrumb"},"inLanguage":"pt-BR","potentialAction":[{"@type":"ReadAction","target":["https:\/\/www.repam.net\/pt\/nucleos-tematicos\/rede-itinerante-amazonica\/"]}]},{"@type":"ImageObject","inLanguage":"pt-BR","@id":"https:\/\/www.repam.net\/pt\/nucleos-tematicos\/rede-itinerante-amazonica\/#primaryimage","url":"https:\/\/www.repam.net\/pt\/wp-content\/uploads\/2025\/08\/Reditine_01-edited-scaled.jpg","contentUrl":"https:\/\/www.repam.net\/pt\/wp-content\/uploads\/2025\/08\/Reditine_01-edited-scaled.jpg","width":2560,"height":1439},{"@type":"BreadcrumbList","@id":"https:\/\/www.repam.net\/pt\/nucleos-tematicos\/rede-itinerante-amazonica\/#breadcrumb","itemListElement":[{"@type":"ListItem","position":1,"name":"In\u00edcio","item":"https:\/\/www.repam.net\/pt\/"},{"@type":"ListItem","position":2,"name":"N\u00facleos Tem\u00e1ticos","item":"https:\/\/www.repam.net\/pt\/nucleos-tematicos\/"},{"@type":"ListItem","position":3,"name":"Rede Itinerante Amaz\u00f4nica"}]},{"@type":"WebSite","@id":"https:\/\/www.repam.net\/pt\/#website","url":"https:\/\/www.repam.net\/pt\/","name":"Repam","description":"Rede Eclesial Pan-amaz\u00f4nica","publisher":{"@id":"https:\/\/www.repam.net\/pt\/#organization"},"potentialAction":[{"@type":"SearchAction","target":{"@type":"EntryPoint","urlTemplate":"https:\/\/www.repam.net\/pt\/?s={search_term_string}"},"query-input":{"@type":"PropertyValueSpecification","valueRequired":true,"valueName":"search_term_string"}}],"inLanguage":"pt-BR"},{"@type":"Organization","@id":"https:\/\/www.repam.net\/pt\/#organization","name":"Repam","url":"https:\/\/www.repam.net\/pt\/","logo":{"@type":"ImageObject","inLanguage":"pt-BR","@id":"https:\/\/www.repam.net\/pt\/#\/schema\/logo\/image\/","url":"https:\/\/www.repam.net\/pt\/wp-content\/uploads\/2022\/02\/15.-REPAM-BRASIL.jpg","contentUrl":"https:\/\/www.repam.net\/pt\/wp-content\/uploads\/2022\/02\/15.-REPAM-BRASIL.jpg","width":231,"height":230,"caption":"Repam"},"image":{"@id":"https:\/\/www.repam.net\/pt\/#\/schema\/logo\/image\/"}}]}},"_links":{"self":[{"href":"https:\/\/www.repam.net\/pt\/wp-json\/wp\/v2\/pages\/3615","targetHints":{"allow":["GET"]}}],"collection":[{"href":"https:\/\/www.repam.net\/pt\/wp-json\/wp\/v2\/pages"}],"about":[{"href":"https:\/\/www.repam.net\/pt\/wp-json\/wp\/v2\/types\/page"}],"author":[{"embeddable":true,"href":"https:\/\/www.repam.net\/pt\/wp-json\/wp\/v2\/users\/1"}],"replies":[{"embeddable":true,"href":"https:\/\/www.repam.net\/pt\/wp-json\/wp\/v2\/comments?post=3615"}],"version-history":[{"count":2,"href":"https:\/\/www.repam.net\/pt\/wp-json\/wp\/v2\/pages\/3615\/revisions"}],"predecessor-version":[{"id":3624,"href":"https:\/\/www.repam.net\/pt\/wp-json\/wp\/v2\/pages\/3615\/revisions\/3624"}],"up":[{"embeddable":true,"href":"https:\/\/www.repam.net\/pt\/wp-json\/wp\/v2\/pages\/39"}],"wp:attachment":[{"href":"https:\/\/www.repam.net\/pt\/wp-json\/wp\/v2\/media?parent=3615"}],"curies":[{"name":"wp","href":"https:\/\/api.w.org\/{rel}","templated":true}]}}