{"id":3658,"date":"2025-11-04T17:59:53","date_gmt":"2025-11-04T20:59:53","guid":{"rendered":"https:\/\/www.repam.net\/pt\/?page_id=3658"},"modified":"2025-11-05T14:05:40","modified_gmt":"2025-11-05T17:05:40","slug":"kukama-tikuna-maguta","status":"publish","type":"page","link":"https:\/\/www.repam.net\/pt\/kukama-tikuna-maguta\/","title":{"rendered":"Kukama-Tikuna-Mag\u00fcta"},"content":{"rendered":"<div class=\"wp-block-image\">\n<figure class=\"aligncenter size-large\"><img loading=\"lazy\" decoding=\"async\" width=\"1280\" height=\"720\" src=\"https:\/\/www.repam.net\/pt\/wp-content\/uploads\/2025\/08\/Triple-frontera-web-edited.jpg\" alt=\"\" class=\"wp-image-3660\" srcset=\"https:\/\/www.repam.net\/pt\/wp-content\/uploads\/2025\/08\/Triple-frontera-web-edited.jpg 1280w, https:\/\/www.repam.net\/pt\/wp-content\/uploads\/2025\/08\/Triple-frontera-web-edited-300x169.jpg 300w, https:\/\/www.repam.net\/pt\/wp-content\/uploads\/2025\/08\/Triple-frontera-web-edited-1024x576.jpg 1024w, https:\/\/www.repam.net\/pt\/wp-content\/uploads\/2025\/08\/Triple-frontera-web-edited-768x432.jpg 768w\" sizes=\"auto, (max-width: 1280px) 100vw, 1280px\" \/><\/figure>\n<\/div>\n\n\n<h2 class=\"wp-block-heading has-text-align-left\"><strong>Nossa atua\u00e7\u00e3o em comunica\u00e7\u00e3o<\/strong><\/h2>\n\n\n\n<div class=\"wp-block-columns is-layout-flex wp-container-core-columns-is-layout-9d6595d7 wp-block-columns-is-layout-flex\">\n<div class=\"wp-block-column is-layout-flow wp-block-column-is-layout-flow\">\n<p>A tr\u00edplice fronteira Brasil\u2013Col\u00f4mbia\u2013Peru \u00e9 uma regi\u00e3o habitada, tanto atualmente quanto ancestralmente, por popula\u00e7\u00f5es ind\u00edgenas origin\u00e1rias da Amaz\u00f4nia. As rela\u00e7\u00f5es sociais e as din\u00e2micas que se manifestam no territ\u00f3rio geraram uma popula\u00e7\u00e3o com amplos aspectos culturais. No territ\u00f3rio, persistem diversos problemas ligados a quest\u00f5es ambientais e de sa\u00fade p\u00fablica que, al\u00e9m de provocarem a viola\u00e7\u00e3o de direitos fundamentais, tamb\u00e9m geram o \u00eaxodo de parte da popula\u00e7\u00e3o e a reduzida presen\u00e7a de jovens na regi\u00e3o. O territ\u00f3rio da tr\u00edplice fronteira foi um espa\u00e7o de mobiliza\u00e7\u00e3o de grupos ind\u00edgenas que acabaram separados pela delimita\u00e7\u00e3o das fronteiras baseadas na soberania dos tr\u00eas pa\u00edses (Brasil, Col\u00f4mbia e Peru). <\/p>\n\n\n\n<p>Seguindo um processo comunicativo, os facilitadores, em conjunto com seis comunidades nativas e duas r\u00e1dios comunit\u00e1rias do territ\u00f3rio, dedicaram-se \u00e0 tarefa de resgatar uma s\u00e9rie de narrativas que permitem reviver a mem\u00f3ria, as pr\u00e1ticas e a leitura social que os povos Kukama e Tikuna (assentados na tr\u00edplice fronteira Brasil\u2013Col\u00f4mbia\u2013Peru) t\u00eam feito, ancestralmente, sobre seu territ\u00f3rio. As hist\u00f3rias, a m\u00fasica, a dan\u00e7a e a cartografia oferecem ferramentas que permitem compreender, em um primeiro momento, a situa\u00e7\u00e3o vivenciada por esses povos; assim, por meio da cria\u00e7\u00e3o de pe\u00e7as audiovisuais, programas de r\u00e1dio e do design de infogr\u00e1ficos, ser\u00e3o encontradas alternativas de mudan\u00e7a que contribuam para preservar a Amaz\u00f4nia como um territ\u00f3rio comum para o planeta.<\/p>\n<\/div>\n<\/div>\n\n\n\n<h2 class=\"wp-block-heading\"><strong>O territ\u00f3rio<\/strong><\/h2>\n\n\n\n<div class=\"wp-block-columns is-layout-flex wp-container-core-columns-is-layout-9d6595d7 wp-block-columns-is-layout-flex\">\n<div class=\"wp-block-column is-layout-flow wp-block-column-is-layout-flow\">\n<p>A tr\u00edplice fronteira Brasil \u2013 Col\u00f4mbia \u2013 Peru \u00e9 uma regi\u00e3o habitada, atual e ancestralmente, por popula\u00e7\u00f5es ind\u00edgenas pr\u00f3prias da regi\u00e3o amaz\u00f4nica. As rela\u00e7\u00f5es sociais e din\u00e2micas que se manifestam no territ\u00f3rio geraram uma popula\u00e7\u00e3o com amplos aspectos culturais. As pesquisas sociais realizadas na \u00e1rea t\u00eam apresentado conclus\u00f5es interessantes sobre os la\u00e7os de parentesco no territ\u00f3rio. Na regi\u00e3o, persiste a falta de integra\u00e7\u00e3o e colabora\u00e7\u00e3o em aspectos legais e jur\u00eddicos. A isso, somam-se uma s\u00e9rie de problem\u00e1ticas ligadas a quest\u00f5es ambientais e de sa\u00fade p\u00fablica. O territ\u00f3rio da tr\u00edplice fronteira foi um espa\u00e7o de mobiliza\u00e7\u00e3o de grupos ind\u00edgenas que acabaram separados pela delimita\u00e7\u00e3o das fronteiras sustentadas na soberania dos tr\u00eas pa\u00edses (Brasil, Col\u00f4mbia e Peru). Os povos Tikuna e Kukama s\u00e3o os mais numerosos e aqueles que historicamente se deslocaram por diferentes pontos do territ\u00f3rio devido ao per\u00edodo da borracha e \u00e0s pr\u00e1ticas econ\u00f4micas que o sucederam. Atualmente, persistem na regi\u00e3o diversas problem\u00e1ticas que se somam ao deterioramento da sa\u00fade p\u00fablica e \u00e0 segrega\u00e7\u00e3o territorial dos povos.<\/p>\n\n\n\n<p>No territ\u00f3rio da tr\u00edplice fronteira, tem ocorrido uma deprecia\u00e7\u00e3o da riqueza amaz\u00f4nica pela falta de fiscaliza\u00e7\u00e3o na extra\u00e7\u00e3o dos recursos florestais e pela aus\u00eancia de ordenamento no manejo de res\u00edduos. A prolifera\u00e7\u00e3o do narcotr\u00e1fico tem gerado delinqu\u00eancia juvenil e outros tipos de viol\u00eancia f\u00edsica, que se traduzem em assassinatos, intimida\u00e7\u00f5es e extors\u00f5es. Tamb\u00e9m persistem o desemprego, a falta de garantias para o desenvolvimento econ\u00f4mico e a aus\u00eancia de pol\u00edticas p\u00fablicas que assegurem o bom desenvolvimento da educa\u00e7\u00e3o e da pr\u00f3pria sa\u00fade. No norte do Peru, e especificamente na regi\u00e3o de Loreto (zona de influ\u00eancia do Peru na tr\u00edplice fronteira), a economia baseia-se na explora\u00e7\u00e3o petrol\u00edfera, respaldada pela Petroper\u00fa, que tem gerado uma infinidade de consequ\u00eancias para a bacia do rio Amazonas devido aos vazamentos que ocorrem. A situa\u00e7\u00e3o ambiental e social impacta diretamente mais de 85.000 quil\u00f4metros quadrados que comp\u00f5em a segunda maior reserva ind\u00edgena do Brasil, o Vale do Javari, que conta com cerca de 6.000 habitantes ind\u00edgenas de seis povos distintos e \u00e9 considerado um espa\u00e7o de preserva\u00e7\u00e3o importante para o pa\u00eds. Tamb\u00e9m n\u00e3o ficam atr\u00e1s os povos ind\u00edgenas do departamento do Amazonas, na Col\u00f4mbia, que correspondem a 42% da popula\u00e7\u00e3o que ali habita.<\/p>\n<\/div>\n<\/div>\n\n\n\n<figure class=\"wp-block-gallery has-nested-images columns-4 is-cropped wp-block-gallery-1 is-layout-flex wp-block-gallery-is-layout-flex\">\n<figure class=\"wp-block-image size-large\"><img loading=\"lazy\" decoding=\"async\" width=\"1024\" height=\"682\" data-id=\"3841\" src=\"https:\/\/www.repam.net\/pt\/wp-content\/uploads\/2025\/10\/Territorio-12-1024x682.jpg\" alt=\"\" class=\"wp-image-3841\" srcset=\"https:\/\/www.repam.net\/pt\/wp-content\/uploads\/2025\/10\/Territorio-12-1024x682.jpg 1024w, https:\/\/www.repam.net\/pt\/wp-content\/uploads\/2025\/10\/Territorio-12-300x200.jpg 300w, https:\/\/www.repam.net\/pt\/wp-content\/uploads\/2025\/10\/Territorio-12-768x512.jpg 768w, https:\/\/www.repam.net\/pt\/wp-content\/uploads\/2025\/10\/Territorio-12.jpg 1280w\" sizes=\"auto, (max-width: 1024px) 100vw, 1024px\" \/><\/figure>\n\n\n\n<figure class=\"wp-block-image size-large\"><img loading=\"lazy\" decoding=\"async\" width=\"1024\" height=\"682\" data-id=\"3840\" src=\"https:\/\/www.repam.net\/pt\/wp-content\/uploads\/2025\/10\/Territorio-11-1024x682.jpg\" alt=\"\" class=\"wp-image-3840\" srcset=\"https:\/\/www.repam.net\/pt\/wp-content\/uploads\/2025\/10\/Territorio-11-1024x682.jpg 1024w, https:\/\/www.repam.net\/pt\/wp-content\/uploads\/2025\/10\/Territorio-11-300x200.jpg 300w, https:\/\/www.repam.net\/pt\/wp-content\/uploads\/2025\/10\/Territorio-11-768x512.jpg 768w, https:\/\/www.repam.net\/pt\/wp-content\/uploads\/2025\/10\/Territorio-11.jpg 1280w\" sizes=\"auto, (max-width: 1024px) 100vw, 1024px\" \/><\/figure>\n\n\n\n<figure class=\"wp-block-image size-large\"><img loading=\"lazy\" decoding=\"async\" width=\"1024\" height=\"682\" data-id=\"3839\" src=\"https:\/\/www.repam.net\/pt\/wp-content\/uploads\/2025\/10\/Territorio-10-1024x682.jpg\" alt=\"\" class=\"wp-image-3839\" srcset=\"https:\/\/www.repam.net\/pt\/wp-content\/uploads\/2025\/10\/Territorio-10-1024x682.jpg 1024w, https:\/\/www.repam.net\/pt\/wp-content\/uploads\/2025\/10\/Territorio-10-300x200.jpg 300w, https:\/\/www.repam.net\/pt\/wp-content\/uploads\/2025\/10\/Territorio-10-768x512.jpg 768w, https:\/\/www.repam.net\/pt\/wp-content\/uploads\/2025\/10\/Territorio-10.jpg 1280w\" sizes=\"auto, (max-width: 1024px) 100vw, 1024px\" \/><\/figure>\n\n\n\n<figure class=\"wp-block-image size-large\"><img loading=\"lazy\" decoding=\"async\" width=\"1024\" height=\"682\" data-id=\"3838\" src=\"https:\/\/www.repam.net\/pt\/wp-content\/uploads\/2025\/10\/Territorio-9-1024x682.jpg\" alt=\"\" class=\"wp-image-3838\" srcset=\"https:\/\/www.repam.net\/pt\/wp-content\/uploads\/2025\/10\/Territorio-9-1024x682.jpg 1024w, https:\/\/www.repam.net\/pt\/wp-content\/uploads\/2025\/10\/Territorio-9-300x200.jpg 300w, https:\/\/www.repam.net\/pt\/wp-content\/uploads\/2025\/10\/Territorio-9-768x512.jpg 768w, https:\/\/www.repam.net\/pt\/wp-content\/uploads\/2025\/10\/Territorio-9.jpg 1280w\" sizes=\"auto, (max-width: 1024px) 100vw, 1024px\" \/><\/figure>\n\n\n\n<figure class=\"wp-block-image size-large\"><img loading=\"lazy\" decoding=\"async\" width=\"1024\" height=\"682\" data-id=\"3835\" src=\"https:\/\/www.repam.net\/pt\/wp-content\/uploads\/2025\/10\/Territorio-6-1024x682.jpg\" alt=\"\" class=\"wp-image-3835\" srcset=\"https:\/\/www.repam.net\/pt\/wp-content\/uploads\/2025\/10\/Territorio-6-1024x682.jpg 1024w, https:\/\/www.repam.net\/pt\/wp-content\/uploads\/2025\/10\/Territorio-6-300x200.jpg 300w, https:\/\/www.repam.net\/pt\/wp-content\/uploads\/2025\/10\/Territorio-6-768x512.jpg 768w, https:\/\/www.repam.net\/pt\/wp-content\/uploads\/2025\/10\/Territorio-6.jpg 1280w\" sizes=\"auto, (max-width: 1024px) 100vw, 1024px\" \/><\/figure>\n\n\n\n<figure class=\"wp-block-image size-large\"><img loading=\"lazy\" decoding=\"async\" width=\"1024\" height=\"682\" data-id=\"3834\" src=\"https:\/\/www.repam.net\/pt\/wp-content\/uploads\/2025\/10\/Territorio-5-1024x682.jpg\" alt=\"\" class=\"wp-image-3834\" srcset=\"https:\/\/www.repam.net\/pt\/wp-content\/uploads\/2025\/10\/Territorio-5-1024x682.jpg 1024w, https:\/\/www.repam.net\/pt\/wp-content\/uploads\/2025\/10\/Territorio-5-300x200.jpg 300w, https:\/\/www.repam.net\/pt\/wp-content\/uploads\/2025\/10\/Territorio-5-768x512.jpg 768w, https:\/\/www.repam.net\/pt\/wp-content\/uploads\/2025\/10\/Territorio-5.jpg 1280w\" sizes=\"auto, (max-width: 1024px) 100vw, 1024px\" \/><\/figure>\n\n\n\n<figure class=\"wp-block-image size-large\"><img loading=\"lazy\" decoding=\"async\" width=\"1024\" height=\"682\" data-id=\"3833\" src=\"https:\/\/www.repam.net\/pt\/wp-content\/uploads\/2025\/10\/Territorio-4-1024x682.jpg\" alt=\"\" class=\"wp-image-3833\" srcset=\"https:\/\/www.repam.net\/pt\/wp-content\/uploads\/2025\/10\/Territorio-4-1024x682.jpg 1024w, https:\/\/www.repam.net\/pt\/wp-content\/uploads\/2025\/10\/Territorio-4-300x200.jpg 300w, https:\/\/www.repam.net\/pt\/wp-content\/uploads\/2025\/10\/Territorio-4-768x512.jpg 768w, https:\/\/www.repam.net\/pt\/wp-content\/uploads\/2025\/10\/Territorio-4.jpg 1280w\" sizes=\"auto, (max-width: 1024px) 100vw, 1024px\" \/><\/figure>\n\n\n\n<figure class=\"wp-block-image size-large\"><img loading=\"lazy\" decoding=\"async\" width=\"1024\" height=\"682\" data-id=\"3832\" src=\"https:\/\/www.repam.net\/pt\/wp-content\/uploads\/2025\/10\/Territorio-3-1024x682.jpg\" alt=\"\" class=\"wp-image-3832\" srcset=\"https:\/\/www.repam.net\/pt\/wp-content\/uploads\/2025\/10\/Territorio-3-1024x682.jpg 1024w, https:\/\/www.repam.net\/pt\/wp-content\/uploads\/2025\/10\/Territorio-3-300x200.jpg 300w, https:\/\/www.repam.net\/pt\/wp-content\/uploads\/2025\/10\/Territorio-3-768x512.jpg 768w, https:\/\/www.repam.net\/pt\/wp-content\/uploads\/2025\/10\/Territorio-3.jpg 1280w\" sizes=\"auto, (max-width: 1024px) 100vw, 1024px\" \/><\/figure>\n\n\n\n<figure class=\"wp-block-image size-large\"><img loading=\"lazy\" decoding=\"async\" width=\"1024\" height=\"682\" data-id=\"3830\" src=\"https:\/\/www.repam.net\/pt\/wp-content\/uploads\/2025\/10\/Territorio-1-1024x682.jpg\" alt=\"\" class=\"wp-image-3830\" srcset=\"https:\/\/www.repam.net\/pt\/wp-content\/uploads\/2025\/10\/Territorio-1-1024x682.jpg 1024w, https:\/\/www.repam.net\/pt\/wp-content\/uploads\/2025\/10\/Territorio-1-300x200.jpg 300w, https:\/\/www.repam.net\/pt\/wp-content\/uploads\/2025\/10\/Territorio-1-768x512.jpg 768w, https:\/\/www.repam.net\/pt\/wp-content\/uploads\/2025\/10\/Territorio-1.jpg 1280w\" sizes=\"auto, (max-width: 1024px) 100vw, 1024px\" \/><\/figure>\n\n\n\n<figure class=\"wp-block-image size-large\"><img loading=\"lazy\" decoding=\"async\" width=\"1024\" height=\"682\" data-id=\"3791\" src=\"https:\/\/www.repam.net\/pt\/wp-content\/uploads\/2025\/10\/Radio-Ucamara-6-1024x682.jpg\" alt=\"\" class=\"wp-image-3791\" srcset=\"https:\/\/www.repam.net\/pt\/wp-content\/uploads\/2025\/10\/Radio-Ucamara-6-1024x682.jpg 1024w, https:\/\/www.repam.net\/pt\/wp-content\/uploads\/2025\/10\/Radio-Ucamara-6-300x200.jpg 300w, https:\/\/www.repam.net\/pt\/wp-content\/uploads\/2025\/10\/Radio-Ucamara-6-768x512.jpg 768w, https:\/\/www.repam.net\/pt\/wp-content\/uploads\/2025\/10\/Radio-Ucamara-6.jpg 1280w\" sizes=\"auto, (max-width: 1024px) 100vw, 1024px\" \/><\/figure>\n\n\n\n<figure class=\"wp-block-image size-large\"><img loading=\"lazy\" decoding=\"async\" width=\"1024\" height=\"682\" data-id=\"3777\" src=\"https:\/\/www.repam.net\/pt\/wp-content\/uploads\/2025\/10\/Nauta-1024x682.jpg\" alt=\"\" class=\"wp-image-3777\" srcset=\"https:\/\/www.repam.net\/pt\/wp-content\/uploads\/2025\/10\/Nauta-1024x682.jpg 1024w, https:\/\/www.repam.net\/pt\/wp-content\/uploads\/2025\/10\/Nauta-300x200.jpg 300w, https:\/\/www.repam.net\/pt\/wp-content\/uploads\/2025\/10\/Nauta-768x512.jpg 768w, https:\/\/www.repam.net\/pt\/wp-content\/uploads\/2025\/10\/Nauta.jpg 1280w\" sizes=\"auto, (max-width: 1024px) 100vw, 1024px\" \/><\/figure>\n\n\n\n<figure class=\"wp-block-image size-large\"><img loading=\"lazy\" decoding=\"async\" width=\"1024\" height=\"682\" data-id=\"3831\" src=\"https:\/\/www.repam.net\/pt\/wp-content\/uploads\/2025\/10\/Territorio-2-1024x682.jpg\" alt=\"\" class=\"wp-image-3831\" srcset=\"https:\/\/www.repam.net\/pt\/wp-content\/uploads\/2025\/10\/Territorio-2-1024x682.jpg 1024w, https:\/\/www.repam.net\/pt\/wp-content\/uploads\/2025\/10\/Territorio-2-300x200.jpg 300w, https:\/\/www.repam.net\/pt\/wp-content\/uploads\/2025\/10\/Territorio-2-768x512.jpg 768w, https:\/\/www.repam.net\/pt\/wp-content\/uploads\/2025\/10\/Territorio-2.jpg 1280w\" sizes=\"auto, (max-width: 1024px) 100vw, 1024px\" \/><\/figure>\n<\/figure>\n\n\n\n<hr class=\"wp-block-separator has-alpha-channel-opacity is-style-default\"\/>\n","protected":false},"excerpt":{"rendered":"<p>Nossa atua\u00e7\u00e3o em comunica\u00e7\u00e3o A tr\u00edplice fronteira Brasil\u2013Col\u00f4mbia\u2013Peru \u00e9 uma regi\u00e3o habitada, tanto atualmente quanto ancestralmente, por popula\u00e7\u00f5es ind\u00edgenas origin\u00e1rias da Amaz\u00f4nia. As rela\u00e7\u00f5es sociais e as din\u00e2micas que se manifestam no territ\u00f3rio geraram uma popula\u00e7\u00e3o com amplos aspectos culturais. No territ\u00f3rio, persistem diversos problemas ligados a quest\u00f5es ambientais e de sa\u00fade p\u00fablica que, al\u00e9m [&hellip;]<\/p>\n","protected":false},"author":1,"featured_media":0,"parent":0,"menu_order":0,"comment_status":"closed","ping_status":"closed","template":"page-multipla.php","meta":{"_acf_changed":false,"_uf_show_specific_survey":0,"_uf_disable_surveys":false,"footnotes":""},"class_list":["post-3658","page","type-page","status-publish","hentry"],"acf":[],"aioseo_notices":[],"yoast_head":"<!-- This site is optimized with the Yoast SEO plugin v24.2 - https:\/\/yoast.com\/wordpress\/plugins\/seo\/ -->\n<title>Kukama-Tikuna-Mag\u00fcta - Repam<\/title>\n<meta name=\"robots\" content=\"index, follow, max-snippet:-1, max-image-preview:large, max-video-preview:-1\" \/>\n<link rel=\"canonical\" href=\"https:\/\/www.repam.net\/pt\/kukama-tikuna-maguta\/\" \/>\n<meta property=\"og:locale\" content=\"pt_BR\" \/>\n<meta property=\"og:type\" content=\"article\" \/>\n<meta property=\"og:title\" content=\"Kukama-Tikuna-Mag\u00fcta - Repam\" \/>\n<meta property=\"og:description\" content=\"Nossa atua\u00e7\u00e3o em comunica\u00e7\u00e3o A tr\u00edplice fronteira Brasil\u2013Col\u00f4mbia\u2013Peru \u00e9 uma regi\u00e3o habitada, tanto atualmente quanto ancestralmente, por popula\u00e7\u00f5es ind\u00edgenas origin\u00e1rias da Amaz\u00f4nia. As rela\u00e7\u00f5es sociais e as din\u00e2micas que se manifestam no territ\u00f3rio geraram uma popula\u00e7\u00e3o com amplos aspectos culturais. No territ\u00f3rio, persistem diversos problemas ligados a quest\u00f5es ambientais e de sa\u00fade p\u00fablica que, al\u00e9m [&hellip;]\" \/>\n<meta property=\"og:url\" content=\"https:\/\/www.repam.net\/pt\/kukama-tikuna-maguta\/\" \/>\n<meta property=\"og:site_name\" content=\"Repam\" \/>\n<meta property=\"article:modified_time\" content=\"2025-11-05T17:05:40+00:00\" \/>\n<meta property=\"og:image\" content=\"https:\/\/www.repam.net\/pt\/wp-content\/uploads\/2025\/08\/Triple-frontera-web-edited.jpg\" \/>\n\t<meta property=\"og:image:width\" content=\"1280\" \/>\n\t<meta property=\"og:image:height\" content=\"720\" \/>\n\t<meta property=\"og:image:type\" content=\"image\/jpeg\" \/>\n<meta name=\"twitter:card\" content=\"summary_large_image\" \/>\n<meta name=\"twitter:label1\" content=\"Est. tempo de leitura\" \/>\n\t<meta name=\"twitter:data1\" content=\"6 minutos\" \/>\n<script type=\"application\/ld+json\" class=\"yoast-schema-graph\">{\"@context\":\"https:\/\/schema.org\",\"@graph\":[{\"@type\":\"WebPage\",\"@id\":\"https:\/\/www.repam.net\/pt\/kukama-tikuna-maguta\/\",\"url\":\"https:\/\/www.repam.net\/pt\/kukama-tikuna-maguta\/\",\"name\":\"Kukama-Tikuna-Mag\u00fcta - Repam\",\"isPartOf\":{\"@id\":\"https:\/\/www.repam.net\/pt\/#website\"},\"primaryImageOfPage\":{\"@id\":\"https:\/\/www.repam.net\/pt\/kukama-tikuna-maguta\/#primaryimage\"},\"image\":{\"@id\":\"https:\/\/www.repam.net\/pt\/kukama-tikuna-maguta\/#primaryimage\"},\"thumbnailUrl\":\"https:\/\/www.repam.net\/pt\/wp-content\/uploads\/2025\/08\/Triple-frontera-web-edited.jpg\",\"datePublished\":\"2025-11-04T20:59:53+00:00\",\"dateModified\":\"2025-11-05T17:05:40+00:00\",\"breadcrumb\":{\"@id\":\"https:\/\/www.repam.net\/pt\/kukama-tikuna-maguta\/#breadcrumb\"},\"inLanguage\":\"pt-BR\",\"potentialAction\":[{\"@type\":\"ReadAction\",\"target\":[\"https:\/\/www.repam.net\/pt\/kukama-tikuna-maguta\/\"]}]},{\"@type\":\"ImageObject\",\"inLanguage\":\"pt-BR\",\"@id\":\"https:\/\/www.repam.net\/pt\/kukama-tikuna-maguta\/#primaryimage\",\"url\":\"https:\/\/www.repam.net\/pt\/wp-content\/uploads\/2025\/08\/Triple-frontera-web-edited.jpg\",\"contentUrl\":\"https:\/\/www.repam.net\/pt\/wp-content\/uploads\/2025\/08\/Triple-frontera-web-edited.jpg\",\"width\":1280,\"height\":720},{\"@type\":\"BreadcrumbList\",\"@id\":\"https:\/\/www.repam.net\/pt\/kukama-tikuna-maguta\/#breadcrumb\",\"itemListElement\":[{\"@type\":\"ListItem\",\"position\":1,\"name\":\"In\u00edcio\",\"item\":\"https:\/\/www.repam.net\/pt\/\"},{\"@type\":\"ListItem\",\"position\":2,\"name\":\"Kukama-Tikuna-Mag\u00fcta\"}]},{\"@type\":\"WebSite\",\"@id\":\"https:\/\/www.repam.net\/pt\/#website\",\"url\":\"https:\/\/www.repam.net\/pt\/\",\"name\":\"Repam\",\"description\":\"Rede Eclesial Pan-amaz\u00f4nica\",\"publisher\":{\"@id\":\"https:\/\/www.repam.net\/pt\/#organization\"},\"potentialAction\":[{\"@type\":\"SearchAction\",\"target\":{\"@type\":\"EntryPoint\",\"urlTemplate\":\"https:\/\/www.repam.net\/pt\/?s={search_term_string}\"},\"query-input\":{\"@type\":\"PropertyValueSpecification\",\"valueRequired\":true,\"valueName\":\"search_term_string\"}}],\"inLanguage\":\"pt-BR\"},{\"@type\":\"Organization\",\"@id\":\"https:\/\/www.repam.net\/pt\/#organization\",\"name\":\"Repam\",\"url\":\"https:\/\/www.repam.net\/pt\/\",\"logo\":{\"@type\":\"ImageObject\",\"inLanguage\":\"pt-BR\",\"@id\":\"https:\/\/www.repam.net\/pt\/#\/schema\/logo\/image\/\",\"url\":\"https:\/\/www.repam.net\/pt\/wp-content\/uploads\/2022\/02\/15.-REPAM-BRASIL.jpg\",\"contentUrl\":\"https:\/\/www.repam.net\/pt\/wp-content\/uploads\/2022\/02\/15.-REPAM-BRASIL.jpg\",\"width\":231,\"height\":230,\"caption\":\"Repam\"},\"image\":{\"@id\":\"https:\/\/www.repam.net\/pt\/#\/schema\/logo\/image\/\"}}]}<\/script>\n<!-- \/ Yoast SEO plugin. -->","yoast_head_json":{"title":"Kukama-Tikuna-Mag\u00fcta - Repam","robots":{"index":"index","follow":"follow","max-snippet":"max-snippet:-1","max-image-preview":"max-image-preview:large","max-video-preview":"max-video-preview:-1"},"canonical":"https:\/\/www.repam.net\/pt\/kukama-tikuna-maguta\/","og_locale":"pt_BR","og_type":"article","og_title":"Kukama-Tikuna-Mag\u00fcta - Repam","og_description":"Nossa atua\u00e7\u00e3o em comunica\u00e7\u00e3o A tr\u00edplice fronteira Brasil\u2013Col\u00f4mbia\u2013Peru \u00e9 uma regi\u00e3o habitada, tanto atualmente quanto ancestralmente, por popula\u00e7\u00f5es ind\u00edgenas origin\u00e1rias da Amaz\u00f4nia. As rela\u00e7\u00f5es sociais e as din\u00e2micas que se manifestam no territ\u00f3rio geraram uma popula\u00e7\u00e3o com amplos aspectos culturais. No territ\u00f3rio, persistem diversos problemas ligados a quest\u00f5es ambientais e de sa\u00fade p\u00fablica que, al\u00e9m [&hellip;]","og_url":"https:\/\/www.repam.net\/pt\/kukama-tikuna-maguta\/","og_site_name":"Repam","article_modified_time":"2025-11-05T17:05:40+00:00","og_image":[{"width":1280,"height":720,"url":"https:\/\/www.repam.net\/pt\/wp-content\/uploads\/2025\/08\/Triple-frontera-web-edited.jpg","type":"image\/jpeg"}],"twitter_card":"summary_large_image","twitter_misc":{"Est. tempo de leitura":"6 minutos"},"schema":{"@context":"https:\/\/schema.org","@graph":[{"@type":"WebPage","@id":"https:\/\/www.repam.net\/pt\/kukama-tikuna-maguta\/","url":"https:\/\/www.repam.net\/pt\/kukama-tikuna-maguta\/","name":"Kukama-Tikuna-Mag\u00fcta - Repam","isPartOf":{"@id":"https:\/\/www.repam.net\/pt\/#website"},"primaryImageOfPage":{"@id":"https:\/\/www.repam.net\/pt\/kukama-tikuna-maguta\/#primaryimage"},"image":{"@id":"https:\/\/www.repam.net\/pt\/kukama-tikuna-maguta\/#primaryimage"},"thumbnailUrl":"https:\/\/www.repam.net\/pt\/wp-content\/uploads\/2025\/08\/Triple-frontera-web-edited.jpg","datePublished":"2025-11-04T20:59:53+00:00","dateModified":"2025-11-05T17:05:40+00:00","breadcrumb":{"@id":"https:\/\/www.repam.net\/pt\/kukama-tikuna-maguta\/#breadcrumb"},"inLanguage":"pt-BR","potentialAction":[{"@type":"ReadAction","target":["https:\/\/www.repam.net\/pt\/kukama-tikuna-maguta\/"]}]},{"@type":"ImageObject","inLanguage":"pt-BR","@id":"https:\/\/www.repam.net\/pt\/kukama-tikuna-maguta\/#primaryimage","url":"https:\/\/www.repam.net\/pt\/wp-content\/uploads\/2025\/08\/Triple-frontera-web-edited.jpg","contentUrl":"https:\/\/www.repam.net\/pt\/wp-content\/uploads\/2025\/08\/Triple-frontera-web-edited.jpg","width":1280,"height":720},{"@type":"BreadcrumbList","@id":"https:\/\/www.repam.net\/pt\/kukama-tikuna-maguta\/#breadcrumb","itemListElement":[{"@type":"ListItem","position":1,"name":"In\u00edcio","item":"https:\/\/www.repam.net\/pt\/"},{"@type":"ListItem","position":2,"name":"Kukama-Tikuna-Mag\u00fcta"}]},{"@type":"WebSite","@id":"https:\/\/www.repam.net\/pt\/#website","url":"https:\/\/www.repam.net\/pt\/","name":"Repam","description":"Rede Eclesial Pan-amaz\u00f4nica","publisher":{"@id":"https:\/\/www.repam.net\/pt\/#organization"},"potentialAction":[{"@type":"SearchAction","target":{"@type":"EntryPoint","urlTemplate":"https:\/\/www.repam.net\/pt\/?s={search_term_string}"},"query-input":{"@type":"PropertyValueSpecification","valueRequired":true,"valueName":"search_term_string"}}],"inLanguage":"pt-BR"},{"@type":"Organization","@id":"https:\/\/www.repam.net\/pt\/#organization","name":"Repam","url":"https:\/\/www.repam.net\/pt\/","logo":{"@type":"ImageObject","inLanguage":"pt-BR","@id":"https:\/\/www.repam.net\/pt\/#\/schema\/logo\/image\/","url":"https:\/\/www.repam.net\/pt\/wp-content\/uploads\/2022\/02\/15.-REPAM-BRASIL.jpg","contentUrl":"https:\/\/www.repam.net\/pt\/wp-content\/uploads\/2022\/02\/15.-REPAM-BRASIL.jpg","width":231,"height":230,"caption":"Repam"},"image":{"@id":"https:\/\/www.repam.net\/pt\/#\/schema\/logo\/image\/"}}]}},"_links":{"self":[{"href":"https:\/\/www.repam.net\/pt\/wp-json\/wp\/v2\/pages\/3658","targetHints":{"allow":["GET"]}}],"collection":[{"href":"https:\/\/www.repam.net\/pt\/wp-json\/wp\/v2\/pages"}],"about":[{"href":"https:\/\/www.repam.net\/pt\/wp-json\/wp\/v2\/types\/page"}],"author":[{"embeddable":true,"href":"https:\/\/www.repam.net\/pt\/wp-json\/wp\/v2\/users\/1"}],"replies":[{"embeddable":true,"href":"https:\/\/www.repam.net\/pt\/wp-json\/wp\/v2\/comments?post=3658"}],"version-history":[{"count":25,"href":"https:\/\/www.repam.net\/pt\/wp-json\/wp\/v2\/pages\/3658\/revisions"}],"predecessor-version":[{"id":3852,"href":"https:\/\/www.repam.net\/pt\/wp-json\/wp\/v2\/pages\/3658\/revisions\/3852"}],"wp:attachment":[{"href":"https:\/\/www.repam.net\/pt\/wp-json\/wp\/v2\/media?parent=3658"}],"curies":[{"name":"wp","href":"https:\/\/api.w.org\/{rel}","templated":true}]}}