{"id":367,"date":"2022-02-18T10:50:25","date_gmt":"2022-02-18T13:50:25","guid":{"rendered":"http:\/\/repam.net\/pt\/?page_id=367"},"modified":"2022-03-21T14:25:41","modified_gmt":"2022-03-21T17:25:41","slug":"modulo-1-territorio","status":"publish","type":"page","link":"https:\/\/www.repam.net\/pt\/cesta-amazonica\/modulo-1-territorio\/","title":{"rendered":"M\u00f3dulo 1 &#8211; Territ\u00f3rio"},"content":{"rendered":"\n<div class=\"wp-block-columns is-layout-flex wp-container-core-columns-is-layout-9d6595d7 wp-block-columns-is-layout-flex\">\n<div class=\"wp-block-column is-layout-flow wp-block-column-is-layout-flow\">\n<figure class=\"wp-block-image size-large\"><a href=\"https:\/\/www.repam.net\/pt\/wp-content\/uploads\/2022\/03\/1.-PT_Territorio_modulo-01-FINAL.pdf\" target=\"_blank\" rel=\"noopener\"><img loading=\"lazy\" decoding=\"async\" width=\"691\" height=\"1024\" src=\"https:\/\/www.repam.net\/pt\/wp-content\/uploads\/2022\/03\/1.-PT_Territorio_modulo-01-FINAL-691x1024.jpg\" alt=\"\" class=\"wp-image-982\" srcset=\"https:\/\/www.repam.net\/pt\/wp-content\/uploads\/2022\/03\/1.-PT_Territorio_modulo-01-FINAL-691x1024.jpg 691w, https:\/\/www.repam.net\/pt\/wp-content\/uploads\/2022\/03\/1.-PT_Territorio_modulo-01-FINAL-202x300.jpg 202w, https:\/\/www.repam.net\/pt\/wp-content\/uploads\/2022\/03\/1.-PT_Territorio_modulo-01-FINAL.jpg 760w\" sizes=\"auto, (max-width: 691px) 100vw, 691px\" \/><\/a><figcaption>Idioma Materno e Territ\u00f3rio Minha Voz<\/figcaption><\/figure>\n<\/div>\n\n\n\n<div class=\"wp-block-column is-layout-flow wp-block-column-is-layout-flow\">\n<figure class=\"wp-block-image size-large\"><a href=\"https:\/\/www.repam.net\/pt\/wp-content\/uploads\/2022\/02\/2.-PT_Territorio_modulo_2-final.pdf\" target=\"_blank\" rel=\"noopener\"><img loading=\"lazy\" decoding=\"async\" width=\"691\" height=\"1024\" src=\"https:\/\/www.repam.net\/pt\/wp-content\/uploads\/2022\/02\/2.-PT_Territorio_modulo_2-final-691x1024.jpg\" alt=\"\" class=\"wp-image-372\" srcset=\"https:\/\/www.repam.net\/pt\/wp-content\/uploads\/2022\/02\/2.-PT_Territorio_modulo_2-final-691x1024.jpg 691w, https:\/\/www.repam.net\/pt\/wp-content\/uploads\/2022\/02\/2.-PT_Territorio_modulo_2-final-202x300.jpg 202w, https:\/\/www.repam.net\/pt\/wp-content\/uploads\/2022\/02\/2.-PT_Territorio_modulo_2-final.jpg 760w\" sizes=\"auto, (max-width: 691px) 100vw, 691px\" \/><\/a><figcaption>Educa\u00e7\u00e3o tradicional no territ\u00f3rio<\/figcaption><\/figure>\n<\/div>\n\n\n\n<div class=\"wp-block-column is-layout-flow wp-block-column-is-layout-flow\">\n<figure class=\"wp-block-image size-large\"><a href=\"https:\/\/www.repam.net\/pt\/wp-content\/uploads\/2022\/03\/3.-PT_Territorio_modulo-_3-final.pdf\" target=\"_blank\" rel=\"noopener\"><img loading=\"lazy\" decoding=\"async\" width=\"691\" height=\"1024\" src=\"https:\/\/www.repam.net\/pt\/wp-content\/uploads\/2022\/03\/3.-PT_Territorio_modulo-_3-final-691x1024.jpg\" alt=\"\" class=\"wp-image-985\" srcset=\"https:\/\/www.repam.net\/pt\/wp-content\/uploads\/2022\/03\/3.-PT_Territorio_modulo-_3-final-691x1024.jpg 691w, https:\/\/www.repam.net\/pt\/wp-content\/uploads\/2022\/03\/3.-PT_Territorio_modulo-_3-final-202x300.jpg 202w, https:\/\/www.repam.net\/pt\/wp-content\/uploads\/2022\/03\/3.-PT_Territorio_modulo-_3-final.jpg 760w\" sizes=\"auto, (max-width: 691px) 100vw, 691px\" \/><\/a><figcaption>Leis de prote\u00e7\u00e3o do territ\u00f3rio<\/figcaption><\/figure>\n<\/div>\n<\/div>\n\n\n\n<div class=\"wp-block-columns is-layout-flex wp-container-core-columns-is-layout-9d6595d7 wp-block-columns-is-layout-flex\">\n<div class=\"wp-block-column is-layout-flow wp-block-column-is-layout-flow\">\n<figure class=\"wp-block-image size-large\"><a href=\"https:\/\/www.repam.net\/pt\/wp-content\/uploads\/2022\/03\/1.-PT_Territorio_-modulo-4_FINAL.pdf\" target=\"_blank\" rel=\"noopener\"><img loading=\"lazy\" decoding=\"async\" width=\"691\" height=\"1024\" src=\"https:\/\/www.repam.net\/pt\/wp-content\/uploads\/2022\/03\/1.-PT_Territorio_-modulo-4_FINAL-691x1024.jpg\" alt=\"\" class=\"wp-image-987\" srcset=\"https:\/\/www.repam.net\/pt\/wp-content\/uploads\/2022\/03\/1.-PT_Territorio_-modulo-4_FINAL-691x1024.jpg 691w, https:\/\/www.repam.net\/pt\/wp-content\/uploads\/2022\/03\/1.-PT_Territorio_-modulo-4_FINAL-202x300.jpg 202w, https:\/\/www.repam.net\/pt\/wp-content\/uploads\/2022\/03\/1.-PT_Territorio_-modulo-4_FINAL.jpg 760w\" sizes=\"auto, (max-width: 691px) 100vw, 691px\" \/><\/a><figcaption>Desterritorializa\u00e7\u00e3o<\/figcaption><\/figure>\n<\/div>\n\n\n\n<div class=\"wp-block-column is-layout-flow wp-block-column-is-layout-flow\">\n<figure class=\"wp-block-image size-large\"><a href=\"https:\/\/www.repam.net\/pt\/wp-content\/uploads\/2022\/03\/1.-PT_Territorio_-modulo-5-FINAL.pdf\" target=\"_blank\" rel=\"noopener\"><img loading=\"lazy\" decoding=\"async\" width=\"691\" height=\"1024\" src=\"https:\/\/www.repam.net\/pt\/wp-content\/uploads\/2022\/03\/1.-PT_Territorio_-modulo-5-FINAL-691x1024.jpg\" alt=\"\" class=\"wp-image-989\" srcset=\"https:\/\/www.repam.net\/pt\/wp-content\/uploads\/2022\/03\/1.-PT_Territorio_-modulo-5-FINAL-691x1024.jpg 691w, https:\/\/www.repam.net\/pt\/wp-content\/uploads\/2022\/03\/1.-PT_Territorio_-modulo-5-FINAL-202x300.jpg 202w, https:\/\/www.repam.net\/pt\/wp-content\/uploads\/2022\/03\/1.-PT_Territorio_-modulo-5-FINAL.jpg 760w\" sizes=\"auto, (max-width: 691px) 100vw, 691px\" \/><\/a><figcaption>Ecossistema<\/figcaption><\/figure>\n<\/div>\n\n\n\n<div class=\"wp-block-column is-layout-flow wp-block-column-is-layout-flow\">\n<figure class=\"wp-block-image size-large\"><a href=\"https:\/\/www.repam.net\/pt\/wp-content\/uploads\/2022\/02\/PT_Territorio-modulo_6-FINAL.pdf\" target=\"_blank\" rel=\"noopener\"><img loading=\"lazy\" decoding=\"async\" width=\"691\" height=\"1024\" src=\"https:\/\/www.repam.net\/pt\/wp-content\/uploads\/2022\/02\/PT_Territorio-modulo_6-FINAL-691x1024.jpg\" alt=\"\" class=\"wp-image-375\" srcset=\"https:\/\/www.repam.net\/pt\/wp-content\/uploads\/2022\/02\/PT_Territorio-modulo_6-FINAL-691x1024.jpg 691w, https:\/\/www.repam.net\/pt\/wp-content\/uploads\/2022\/02\/PT_Territorio-modulo_6-FINAL-202x300.jpg 202w, https:\/\/www.repam.net\/pt\/wp-content\/uploads\/2022\/02\/PT_Territorio-modulo_6-FINAL.jpg 760w\" sizes=\"auto, (max-width: 691px) 100vw, 691px\" \/><\/a><figcaption>Cesta Amaz\u00f4nica &#8211; Salud<\/figcaption><\/figure>\n<\/div>\n<\/div>\n","protected":false},"excerpt":{"rendered":"","protected":false},"author":1,"featured_media":0,"parent":65,"menu_order":1,"comment_status":"closed","ping_status":"closed","template":"page-multipla.php","meta":{"_acf_changed":false,"_uf_show_specific_survey":0,"_uf_disable_surveys":false,"footnotes":""},"class_list":["post-367","page","type-page","status-publish","hentry"],"acf":[],"aioseo_notices":[],"yoast_head":"<!-- This site is optimized with the Yoast SEO plugin v24.2 - https:\/\/yoast.com\/wordpress\/plugins\/seo\/ -->\n<title>M\u00f3dulo 1 - Territ\u00f3rio - Repam<\/title>\n<meta name=\"robots\" content=\"index, follow, max-snippet:-1, max-image-preview:large, max-video-preview:-1\" \/>\n<link rel=\"canonical\" href=\"https:\/\/www.repam.net\/pt\/cesta-amazonica\/modulo-1-territorio\/\" \/>\n<meta property=\"og:locale\" content=\"pt_BR\" \/>\n<meta property=\"og:type\" content=\"article\" \/>\n<meta property=\"og:title\" content=\"M\u00f3dulo 1 - Territ\u00f3rio - Repam\" \/>\n<meta property=\"og:url\" content=\"https:\/\/www.repam.net\/pt\/cesta-amazonica\/modulo-1-territorio\/\" \/>\n<meta property=\"og:site_name\" content=\"Repam\" \/>\n<meta property=\"article:modified_time\" content=\"2022-03-21T17:25:41+00:00\" \/>\n<meta property=\"og:image\" content=\"https:\/\/www.repam.net\/pt\/wp-content\/uploads\/2022\/03\/1.-PT_Territorio_modulo-01-FINAL-691x1024.jpg\" \/>\n<meta name=\"twitter:card\" content=\"summary_large_image\" \/>\n<script type=\"application\/ld+json\" class=\"yoast-schema-graph\">{\"@context\":\"https:\/\/schema.org\",\"@graph\":[{\"@type\":\"WebPage\",\"@id\":\"https:\/\/www.repam.net\/pt\/cesta-amazonica\/modulo-1-territorio\/\",\"url\":\"https:\/\/www.repam.net\/pt\/cesta-amazonica\/modulo-1-territorio\/\",\"name\":\"M\u00f3dulo 1 - Territ\u00f3rio - Repam\",\"isPartOf\":{\"@id\":\"https:\/\/www.repam.net\/pt\/#website\"},\"primaryImageOfPage\":{\"@id\":\"https:\/\/www.repam.net\/pt\/cesta-amazonica\/modulo-1-territorio\/#primaryimage\"},\"image\":{\"@id\":\"https:\/\/www.repam.net\/pt\/cesta-amazonica\/modulo-1-territorio\/#primaryimage\"},\"thumbnailUrl\":\"https:\/\/www.repam.net\/pt\/wp-content\/uploads\/2022\/03\/1.-PT_Territorio_modulo-01-FINAL-691x1024.jpg\",\"datePublished\":\"2022-02-18T13:50:25+00:00\",\"dateModified\":\"2022-03-21T17:25:41+00:00\",\"breadcrumb\":{\"@id\":\"https:\/\/www.repam.net\/pt\/cesta-amazonica\/modulo-1-territorio\/#breadcrumb\"},\"inLanguage\":\"pt-BR\",\"potentialAction\":[{\"@type\":\"ReadAction\",\"target\":[\"https:\/\/www.repam.net\/pt\/cesta-amazonica\/modulo-1-territorio\/\"]}]},{\"@type\":\"ImageObject\",\"inLanguage\":\"pt-BR\",\"@id\":\"https:\/\/www.repam.net\/pt\/cesta-amazonica\/modulo-1-territorio\/#primaryimage\",\"url\":\"https:\/\/www.repam.net\/pt\/wp-content\/uploads\/2022\/03\/1.-PT_Territorio_modulo-01-FINAL.jpg\",\"contentUrl\":\"https:\/\/www.repam.net\/pt\/wp-content\/uploads\/2022\/03\/1.-PT_Territorio_modulo-01-FINAL.jpg\",\"width\":760,\"height\":1127},{\"@type\":\"BreadcrumbList\",\"@id\":\"https:\/\/www.repam.net\/pt\/cesta-amazonica\/modulo-1-territorio\/#breadcrumb\",\"itemListElement\":[{\"@type\":\"ListItem\",\"position\":1,\"name\":\"In\u00edcio\",\"item\":\"https:\/\/www.repam.net\/pt\/\"},{\"@type\":\"ListItem\",\"position\":2,\"name\":\"Cesta Amaz\u00f4nica\",\"item\":\"https:\/\/www.repam.net\/pt\/cesta-amazonica\/\"},{\"@type\":\"ListItem\",\"position\":3,\"name\":\"M\u00f3dulo 1 &#8211; Territ\u00f3rio\"}]},{\"@type\":\"WebSite\",\"@id\":\"https:\/\/www.repam.net\/pt\/#website\",\"url\":\"https:\/\/www.repam.net\/pt\/\",\"name\":\"Repam\",\"description\":\"Rede Eclesial Pan-amaz\u00f4nica\",\"publisher\":{\"@id\":\"https:\/\/www.repam.net\/pt\/#organization\"},\"potentialAction\":[{\"@type\":\"SearchAction\",\"target\":{\"@type\":\"EntryPoint\",\"urlTemplate\":\"https:\/\/www.repam.net\/pt\/?s={search_term_string}\"},\"query-input\":{\"@type\":\"PropertyValueSpecification\",\"valueRequired\":true,\"valueName\":\"search_term_string\"}}],\"inLanguage\":\"pt-BR\"},{\"@type\":\"Organization\",\"@id\":\"https:\/\/www.repam.net\/pt\/#organization\",\"name\":\"Repam\",\"url\":\"https:\/\/www.repam.net\/pt\/\",\"logo\":{\"@type\":\"ImageObject\",\"inLanguage\":\"pt-BR\",\"@id\":\"https:\/\/www.repam.net\/pt\/#\/schema\/logo\/image\/\",\"url\":\"https:\/\/www.repam.net\/pt\/wp-content\/uploads\/2022\/02\/15.-REPAM-BRASIL.jpg\",\"contentUrl\":\"https:\/\/www.repam.net\/pt\/wp-content\/uploads\/2022\/02\/15.-REPAM-BRASIL.jpg\",\"width\":231,\"height\":230,\"caption\":\"Repam\"},\"image\":{\"@id\":\"https:\/\/www.repam.net\/pt\/#\/schema\/logo\/image\/\"}}]}<\/script>\n<!-- \/ Yoast SEO plugin. -->","yoast_head_json":{"title":"M\u00f3dulo 1 - Territ\u00f3rio - Repam","robots":{"index":"index","follow":"follow","max-snippet":"max-snippet:-1","max-image-preview":"max-image-preview:large","max-video-preview":"max-video-preview:-1"},"canonical":"https:\/\/www.repam.net\/pt\/cesta-amazonica\/modulo-1-territorio\/","og_locale":"pt_BR","og_type":"article","og_title":"M\u00f3dulo 1 - Territ\u00f3rio - Repam","og_url":"https:\/\/www.repam.net\/pt\/cesta-amazonica\/modulo-1-territorio\/","og_site_name":"Repam","article_modified_time":"2022-03-21T17:25:41+00:00","og_image":[{"url":"https:\/\/www.repam.net\/pt\/wp-content\/uploads\/2022\/03\/1.-PT_Territorio_modulo-01-FINAL-691x1024.jpg","type":"","width":"","height":""}],"twitter_card":"summary_large_image","schema":{"@context":"https:\/\/schema.org","@graph":[{"@type":"WebPage","@id":"https:\/\/www.repam.net\/pt\/cesta-amazonica\/modulo-1-territorio\/","url":"https:\/\/www.repam.net\/pt\/cesta-amazonica\/modulo-1-territorio\/","name":"M\u00f3dulo 1 - Territ\u00f3rio - Repam","isPartOf":{"@id":"https:\/\/www.repam.net\/pt\/#website"},"primaryImageOfPage":{"@id":"https:\/\/www.repam.net\/pt\/cesta-amazonica\/modulo-1-territorio\/#primaryimage"},"image":{"@id":"https:\/\/www.repam.net\/pt\/cesta-amazonica\/modulo-1-territorio\/#primaryimage"},"thumbnailUrl":"https:\/\/www.repam.net\/pt\/wp-content\/uploads\/2022\/03\/1.-PT_Territorio_modulo-01-FINAL-691x1024.jpg","datePublished":"2022-02-18T13:50:25+00:00","dateModified":"2022-03-21T17:25:41+00:00","breadcrumb":{"@id":"https:\/\/www.repam.net\/pt\/cesta-amazonica\/modulo-1-territorio\/#breadcrumb"},"inLanguage":"pt-BR","potentialAction":[{"@type":"ReadAction","target":["https:\/\/www.repam.net\/pt\/cesta-amazonica\/modulo-1-territorio\/"]}]},{"@type":"ImageObject","inLanguage":"pt-BR","@id":"https:\/\/www.repam.net\/pt\/cesta-amazonica\/modulo-1-territorio\/#primaryimage","url":"https:\/\/www.repam.net\/pt\/wp-content\/uploads\/2022\/03\/1.-PT_Territorio_modulo-01-FINAL.jpg","contentUrl":"https:\/\/www.repam.net\/pt\/wp-content\/uploads\/2022\/03\/1.-PT_Territorio_modulo-01-FINAL.jpg","width":760,"height":1127},{"@type":"BreadcrumbList","@id":"https:\/\/www.repam.net\/pt\/cesta-amazonica\/modulo-1-territorio\/#breadcrumb","itemListElement":[{"@type":"ListItem","position":1,"name":"In\u00edcio","item":"https:\/\/www.repam.net\/pt\/"},{"@type":"ListItem","position":2,"name":"Cesta Amaz\u00f4nica","item":"https:\/\/www.repam.net\/pt\/cesta-amazonica\/"},{"@type":"ListItem","position":3,"name":"M\u00f3dulo 1 &#8211; Territ\u00f3rio"}]},{"@type":"WebSite","@id":"https:\/\/www.repam.net\/pt\/#website","url":"https:\/\/www.repam.net\/pt\/","name":"Repam","description":"Rede Eclesial Pan-amaz\u00f4nica","publisher":{"@id":"https:\/\/www.repam.net\/pt\/#organization"},"potentialAction":[{"@type":"SearchAction","target":{"@type":"EntryPoint","urlTemplate":"https:\/\/www.repam.net\/pt\/?s={search_term_string}"},"query-input":{"@type":"PropertyValueSpecification","valueRequired":true,"valueName":"search_term_string"}}],"inLanguage":"pt-BR"},{"@type":"Organization","@id":"https:\/\/www.repam.net\/pt\/#organization","name":"Repam","url":"https:\/\/www.repam.net\/pt\/","logo":{"@type":"ImageObject","inLanguage":"pt-BR","@id":"https:\/\/www.repam.net\/pt\/#\/schema\/logo\/image\/","url":"https:\/\/www.repam.net\/pt\/wp-content\/uploads\/2022\/02\/15.-REPAM-BRASIL.jpg","contentUrl":"https:\/\/www.repam.net\/pt\/wp-content\/uploads\/2022\/02\/15.-REPAM-BRASIL.jpg","width":231,"height":230,"caption":"Repam"},"image":{"@id":"https:\/\/www.repam.net\/pt\/#\/schema\/logo\/image\/"}}]}},"_links":{"self":[{"href":"https:\/\/www.repam.net\/pt\/wp-json\/wp\/v2\/pages\/367","targetHints":{"allow":["GET"]}}],"collection":[{"href":"https:\/\/www.repam.net\/pt\/wp-json\/wp\/v2\/pages"}],"about":[{"href":"https:\/\/www.repam.net\/pt\/wp-json\/wp\/v2\/types\/page"}],"author":[{"embeddable":true,"href":"https:\/\/www.repam.net\/pt\/wp-json\/wp\/v2\/users\/1"}],"replies":[{"embeddable":true,"href":"https:\/\/www.repam.net\/pt\/wp-json\/wp\/v2\/comments?post=367"}],"version-history":[{"count":4,"href":"https:\/\/www.repam.net\/pt\/wp-json\/wp\/v2\/pages\/367\/revisions"}],"predecessor-version":[{"id":991,"href":"https:\/\/www.repam.net\/pt\/wp-json\/wp\/v2\/pages\/367\/revisions\/991"}],"up":[{"embeddable":true,"href":"https:\/\/www.repam.net\/pt\/wp-json\/wp\/v2\/pages\/65"}],"wp:attachment":[{"href":"https:\/\/www.repam.net\/pt\/wp-json\/wp\/v2\/media?parent=367"}],"curies":[{"name":"wp","href":"https:\/\/api.w.org\/{rel}","templated":true}]}}