{"id":3853,"date":"2025-11-04T18:11:36","date_gmt":"2025-11-04T21:11:36","guid":{"rendered":"https:\/\/www.repam.net\/pt\/?page_id=3853"},"modified":"2025-11-05T18:03:48","modified_gmt":"2025-11-05T21:03:48","slug":"modulo-1-fundamentos-do-jornalismo","status":"publish","type":"page","link":"https:\/\/www.repam.net\/pt\/kukama-tikuna-maguta\/modulo-1-fundamentos-do-jornalismo\/","title":{"rendered":"M\u00f3dulo 1: Fundamentos do Jornalismo"},"content":{"rendered":"\n<p>O jornalismo, como exerc\u00edcio dos meios de comunica\u00e7\u00e3o, nos oferece as ferramentas necess\u00e1rias para fomentar o senso cr\u00edtico das popula\u00e7\u00f5es em todo o mundo. No caso da Amaz\u00f4nia, nos encontramos diante de um panorama repleto de realidades que devem ser abordadas por aqueles que fazem parte dos meios de comunica\u00e7\u00e3o, na busca por melhores condi\u00e7\u00f5es de vida para as comunidades que habitam este imenso territ\u00f3rio verde e para o planeta inteiro. Como podemos responder \u00e0 falta de garantias sociais, culturais, ambientais e econ\u00f4micas que se apresentam na regi\u00e3o? Pretendemos responder a essa pergunta durante o desenvolvimento deste m\u00f3dulo.<\/p>\n\n\n\n<p>Qualquer que seja o car\u00e1ter que defina os meios de comunica\u00e7\u00e3o (do setor privado, estatais, comunit\u00e1rios, educativos, populares e alternativos), deve contemplar as quatro fun\u00e7\u00f5es b\u00e1sicas que eles t\u00eam com as audi\u00eancias: informar, organizar, mobilizar e entreter. Apesar de que muitos dos meios de comunica\u00e7\u00e3o, que respondem aos interesses de grupos econ\u00f4micos espec\u00edficos, t\u00eam se focado em atender \u00e0s necessidades de informar e entreter, a responsabilidade dos meios e jornalistas que se aproximam diretamente de cada um dos setores que comp\u00f5em nossa sociedade \u00e9 a de manter as quatro fun\u00e7\u00f5es b\u00e1sicas em conjunto, buscando uma participa\u00e7\u00e3o ativa daqueles que convivem em espa\u00e7os definidos para garantir alternativas de progresso e desenvolvimento.<\/p>\n\n\n\n<figure class=\"wp-block-gallery has-nested-images columns-default is-cropped wp-block-gallery-1 is-layout-flex wp-block-gallery-is-layout-flex\">\n<figure class=\"wp-block-image size-large\"><img loading=\"lazy\" decoding=\"async\" width=\"1024\" height=\"682\" data-id=\"3832\" src=\"https:\/\/www.repam.net\/pt\/wp-content\/uploads\/2025\/10\/Territorio-3-1024x682.jpg\" alt=\"\" class=\"wp-image-3832\" srcset=\"https:\/\/www.repam.net\/pt\/wp-content\/uploads\/2025\/10\/Territorio-3-1024x682.jpg 1024w, https:\/\/www.repam.net\/pt\/wp-content\/uploads\/2025\/10\/Territorio-3-300x200.jpg 300w, https:\/\/www.repam.net\/pt\/wp-content\/uploads\/2025\/10\/Territorio-3-768x512.jpg 768w, https:\/\/www.repam.net\/pt\/wp-content\/uploads\/2025\/10\/Territorio-3.jpg 1280w\" sizes=\"auto, (max-width: 1024px) 100vw, 1024px\" \/><\/figure>\n\n\n\n<figure class=\"wp-block-image size-large\"><img loading=\"lazy\" decoding=\"async\" width=\"1024\" height=\"682\" data-id=\"3789\" src=\"https:\/\/www.repam.net\/pt\/wp-content\/uploads\/2025\/10\/Radio-Ucamara-5-1024x682.jpg\" alt=\"\" class=\"wp-image-3789\" srcset=\"https:\/\/www.repam.net\/pt\/wp-content\/uploads\/2025\/10\/Radio-Ucamara-5-1024x682.jpg 1024w, https:\/\/www.repam.net\/pt\/wp-content\/uploads\/2025\/10\/Radio-Ucamara-5-300x200.jpg 300w, https:\/\/www.repam.net\/pt\/wp-content\/uploads\/2025\/10\/Radio-Ucamara-5-768x512.jpg 768w, https:\/\/www.repam.net\/pt\/wp-content\/uploads\/2025\/10\/Radio-Ucamara-5.jpg 1280w\" sizes=\"auto, (max-width: 1024px) 100vw, 1024px\" \/><\/figure>\n\n\n\n<figure class=\"wp-block-image size-large\"><img loading=\"lazy\" decoding=\"async\" width=\"1024\" height=\"682\" data-id=\"3781\" src=\"https:\/\/www.repam.net\/pt\/wp-content\/uploads\/2025\/10\/San-Jose-del-Rio-1024x682.jpg\" alt=\"\" class=\"wp-image-3781\" srcset=\"https:\/\/www.repam.net\/pt\/wp-content\/uploads\/2025\/10\/San-Jose-del-Rio-1024x682.jpg 1024w, https:\/\/www.repam.net\/pt\/wp-content\/uploads\/2025\/10\/San-Jose-del-Rio-300x200.jpg 300w, https:\/\/www.repam.net\/pt\/wp-content\/uploads\/2025\/10\/San-Jose-del-Rio-768x512.jpg 768w, https:\/\/www.repam.net\/pt\/wp-content\/uploads\/2025\/10\/San-Jose-del-Rio.jpg 1280w\" sizes=\"auto, (max-width: 1024px) 100vw, 1024px\" \/><\/figure>\n\n\n\n<figure class=\"wp-block-image size-large\"><img loading=\"lazy\" decoding=\"async\" width=\"1024\" height=\"682\" data-id=\"3838\" src=\"https:\/\/www.repam.net\/pt\/wp-content\/uploads\/2025\/10\/Territorio-9-1024x682.jpg\" alt=\"\" class=\"wp-image-3838\" srcset=\"https:\/\/www.repam.net\/pt\/wp-content\/uploads\/2025\/10\/Territorio-9-1024x682.jpg 1024w, https:\/\/www.repam.net\/pt\/wp-content\/uploads\/2025\/10\/Territorio-9-300x200.jpg 300w, https:\/\/www.repam.net\/pt\/wp-content\/uploads\/2025\/10\/Territorio-9-768x512.jpg 768w, https:\/\/www.repam.net\/pt\/wp-content\/uploads\/2025\/10\/Territorio-9.jpg 1280w\" sizes=\"auto, (max-width: 1024px) 100vw, 1024px\" \/><\/figure>\n\n\n\n<figure class=\"wp-block-image size-large\"><img loading=\"lazy\" decoding=\"async\" width=\"1024\" height=\"682\" data-id=\"3835\" src=\"https:\/\/www.repam.net\/pt\/wp-content\/uploads\/2025\/10\/Territorio-6-1024x682.jpg\" alt=\"\" class=\"wp-image-3835\" srcset=\"https:\/\/www.repam.net\/pt\/wp-content\/uploads\/2025\/10\/Territorio-6-1024x682.jpg 1024w, https:\/\/www.repam.net\/pt\/wp-content\/uploads\/2025\/10\/Territorio-6-300x200.jpg 300w, https:\/\/www.repam.net\/pt\/wp-content\/uploads\/2025\/10\/Territorio-6-768x512.jpg 768w, https:\/\/www.repam.net\/pt\/wp-content\/uploads\/2025\/10\/Territorio-6.jpg 1280w\" sizes=\"auto, (max-width: 1024px) 100vw, 1024px\" \/><\/figure>\n\n\n\n<figure class=\"wp-block-image size-large\"><img loading=\"lazy\" decoding=\"async\" width=\"1024\" height=\"682\" data-id=\"3799\" src=\"https:\/\/www.repam.net\/pt\/wp-content\/uploads\/2025\/10\/Radio-Eware-2-1024x682.jpg\" alt=\"\" class=\"wp-image-3799\" srcset=\"https:\/\/www.repam.net\/pt\/wp-content\/uploads\/2025\/10\/Radio-Eware-2-1024x682.jpg 1024w, https:\/\/www.repam.net\/pt\/wp-content\/uploads\/2025\/10\/Radio-Eware-2-300x200.jpg 300w, https:\/\/www.repam.net\/pt\/wp-content\/uploads\/2025\/10\/Radio-Eware-2-768x512.jpg 768w, https:\/\/www.repam.net\/pt\/wp-content\/uploads\/2025\/10\/Radio-Eware-2.jpg 1280w\" sizes=\"auto, (max-width: 1024px) 100vw, 1024px\" \/><\/figure>\n<\/figure>\n\n\n\n<figure class=\"wp-block-image size-full is-resized\"><a href=\"https:\/\/www.repam.net\/pt\/kukama-tikuna-maguta\/\"><img loading=\"lazy\" decoding=\"async\" width=\"500\" height=\"500\" src=\"https:\/\/www.repam.net\/pt\/wp-content\/uploads\/2025\/11\/pngwing.com_.png\" alt=\"\" class=\"wp-image-3954\" style=\"width:80px\" srcset=\"https:\/\/www.repam.net\/pt\/wp-content\/uploads\/2025\/11\/pngwing.com_.png 500w, https:\/\/www.repam.net\/pt\/wp-content\/uploads\/2025\/11\/pngwing.com_-300x300.png 300w, https:\/\/www.repam.net\/pt\/wp-content\/uploads\/2025\/11\/pngwing.com_-150x150.png 150w\" sizes=\"auto, (max-width: 500px) 100vw, 500px\" \/><\/a><\/figure>\n","protected":false},"excerpt":{"rendered":"<p>O jornalismo, como exerc\u00edcio dos meios de comunica\u00e7\u00e3o, nos oferece as ferramentas necess\u00e1rias para fomentar o senso cr\u00edtico das popula\u00e7\u00f5es em todo o mundo. No caso da Amaz\u00f4nia, nos encontramos diante de um panorama repleto de realidades que devem ser abordadas por aqueles que fazem parte dos meios de comunica\u00e7\u00e3o, na busca por melhores condi\u00e7\u00f5es [&hellip;]<\/p>\n","protected":false},"author":1,"featured_media":0,"parent":3658,"menu_order":0,"comment_status":"closed","ping_status":"closed","template":"page-multipla.php","meta":{"_acf_changed":false,"_uf_show_specific_survey":0,"_uf_disable_surveys":false,"footnotes":""},"class_list":["post-3853","page","type-page","status-publish","hentry"],"acf":[],"aioseo_notices":[],"yoast_head":"<!-- This site is optimized with the Yoast SEO plugin v24.2 - https:\/\/yoast.com\/wordpress\/plugins\/seo\/ -->\n<title>M\u00f3dulo 1: Fundamentos do Jornalismo - Repam<\/title>\n<meta name=\"robots\" content=\"index, follow, max-snippet:-1, max-image-preview:large, max-video-preview:-1\" \/>\n<link rel=\"canonical\" href=\"https:\/\/www.repam.net\/pt\/kukama-tikuna-maguta\/modulo-1-fundamentos-do-jornalismo\/\" \/>\n<meta property=\"og:locale\" content=\"pt_BR\" \/>\n<meta property=\"og:type\" content=\"article\" \/>\n<meta property=\"og:title\" content=\"M\u00f3dulo 1: Fundamentos do Jornalismo - Repam\" \/>\n<meta property=\"og:description\" content=\"O jornalismo, como exerc\u00edcio dos meios de comunica\u00e7\u00e3o, nos oferece as ferramentas necess\u00e1rias para fomentar o senso cr\u00edtico das popula\u00e7\u00f5es em todo o mundo. No caso da Amaz\u00f4nia, nos encontramos diante de um panorama repleto de realidades que devem ser abordadas por aqueles que fazem parte dos meios de comunica\u00e7\u00e3o, na busca por melhores condi\u00e7\u00f5es [&hellip;]\" \/>\n<meta property=\"og:url\" content=\"https:\/\/www.repam.net\/pt\/kukama-tikuna-maguta\/modulo-1-fundamentos-do-jornalismo\/\" \/>\n<meta property=\"og:site_name\" content=\"Repam\" \/>\n<meta property=\"article:modified_time\" content=\"2025-11-05T21:03:48+00:00\" \/>\n<meta property=\"og:image\" content=\"https:\/\/www.repam.net\/pt\/wp-content\/uploads\/2025\/10\/Territorio-3.jpg\" \/>\n\t<meta property=\"og:image:width\" content=\"1280\" \/>\n\t<meta property=\"og:image:height\" content=\"853\" \/>\n\t<meta property=\"og:image:type\" content=\"image\/jpeg\" \/>\n<meta name=\"twitter:card\" content=\"summary_large_image\" \/>\n<meta name=\"twitter:label1\" content=\"Est. tempo de leitura\" \/>\n\t<meta name=\"twitter:data1\" content=\"3 minutos\" \/>\n<script type=\"application\/ld+json\" class=\"yoast-schema-graph\">{\"@context\":\"https:\/\/schema.org\",\"@graph\":[{\"@type\":\"WebPage\",\"@id\":\"https:\/\/www.repam.net\/pt\/kukama-tikuna-maguta\/modulo-1-fundamentos-do-jornalismo\/\",\"url\":\"https:\/\/www.repam.net\/pt\/kukama-tikuna-maguta\/modulo-1-fundamentos-do-jornalismo\/\",\"name\":\"M\u00f3dulo 1: Fundamentos do Jornalismo - Repam\",\"isPartOf\":{\"@id\":\"https:\/\/www.repam.net\/pt\/#website\"},\"primaryImageOfPage\":{\"@id\":\"https:\/\/www.repam.net\/pt\/kukama-tikuna-maguta\/modulo-1-fundamentos-do-jornalismo\/#primaryimage\"},\"image\":{\"@id\":\"https:\/\/www.repam.net\/pt\/kukama-tikuna-maguta\/modulo-1-fundamentos-do-jornalismo\/#primaryimage\"},\"thumbnailUrl\":\"https:\/\/www.repam.net\/pt\/wp-content\/uploads\/2025\/10\/Territorio-3-1024x682.jpg\",\"datePublished\":\"2025-11-04T21:11:36+00:00\",\"dateModified\":\"2025-11-05T21:03:48+00:00\",\"breadcrumb\":{\"@id\":\"https:\/\/www.repam.net\/pt\/kukama-tikuna-maguta\/modulo-1-fundamentos-do-jornalismo\/#breadcrumb\"},\"inLanguage\":\"pt-BR\",\"potentialAction\":[{\"@type\":\"ReadAction\",\"target\":[\"https:\/\/www.repam.net\/pt\/kukama-tikuna-maguta\/modulo-1-fundamentos-do-jornalismo\/\"]}]},{\"@type\":\"ImageObject\",\"inLanguage\":\"pt-BR\",\"@id\":\"https:\/\/www.repam.net\/pt\/kukama-tikuna-maguta\/modulo-1-fundamentos-do-jornalismo\/#primaryimage\",\"url\":\"https:\/\/www.repam.net\/pt\/wp-content\/uploads\/2025\/10\/Territorio-3.jpg\",\"contentUrl\":\"https:\/\/www.repam.net\/pt\/wp-content\/uploads\/2025\/10\/Territorio-3.jpg\",\"width\":1280,\"height\":853},{\"@type\":\"BreadcrumbList\",\"@id\":\"https:\/\/www.repam.net\/pt\/kukama-tikuna-maguta\/modulo-1-fundamentos-do-jornalismo\/#breadcrumb\",\"itemListElement\":[{\"@type\":\"ListItem\",\"position\":1,\"name\":\"In\u00edcio\",\"item\":\"https:\/\/www.repam.net\/pt\/\"},{\"@type\":\"ListItem\",\"position\":2,\"name\":\"Kukama-Tikuna-Mag\u00fcta\",\"item\":\"https:\/\/www.repam.net\/pt\/kukama-tikuna-maguta\/\"},{\"@type\":\"ListItem\",\"position\":3,\"name\":\"M\u00f3dulo 1: Fundamentos do Jornalismo\"}]},{\"@type\":\"WebSite\",\"@id\":\"https:\/\/www.repam.net\/pt\/#website\",\"url\":\"https:\/\/www.repam.net\/pt\/\",\"name\":\"Repam\",\"description\":\"Rede Eclesial Pan-amaz\u00f4nica\",\"publisher\":{\"@id\":\"https:\/\/www.repam.net\/pt\/#organization\"},\"potentialAction\":[{\"@type\":\"SearchAction\",\"target\":{\"@type\":\"EntryPoint\",\"urlTemplate\":\"https:\/\/www.repam.net\/pt\/?s={search_term_string}\"},\"query-input\":{\"@type\":\"PropertyValueSpecification\",\"valueRequired\":true,\"valueName\":\"search_term_string\"}}],\"inLanguage\":\"pt-BR\"},{\"@type\":\"Organization\",\"@id\":\"https:\/\/www.repam.net\/pt\/#organization\",\"name\":\"Repam\",\"url\":\"https:\/\/www.repam.net\/pt\/\",\"logo\":{\"@type\":\"ImageObject\",\"inLanguage\":\"pt-BR\",\"@id\":\"https:\/\/www.repam.net\/pt\/#\/schema\/logo\/image\/\",\"url\":\"https:\/\/www.repam.net\/pt\/wp-content\/uploads\/2022\/02\/15.-REPAM-BRASIL.jpg\",\"contentUrl\":\"https:\/\/www.repam.net\/pt\/wp-content\/uploads\/2022\/02\/15.-REPAM-BRASIL.jpg\",\"width\":231,\"height\":230,\"caption\":\"Repam\"},\"image\":{\"@id\":\"https:\/\/www.repam.net\/pt\/#\/schema\/logo\/image\/\"}}]}<\/script>\n<!-- \/ Yoast SEO plugin. -->","yoast_head_json":{"title":"M\u00f3dulo 1: Fundamentos do Jornalismo - Repam","robots":{"index":"index","follow":"follow","max-snippet":"max-snippet:-1","max-image-preview":"max-image-preview:large","max-video-preview":"max-video-preview:-1"},"canonical":"https:\/\/www.repam.net\/pt\/kukama-tikuna-maguta\/modulo-1-fundamentos-do-jornalismo\/","og_locale":"pt_BR","og_type":"article","og_title":"M\u00f3dulo 1: Fundamentos do Jornalismo - Repam","og_description":"O jornalismo, como exerc\u00edcio dos meios de comunica\u00e7\u00e3o, nos oferece as ferramentas necess\u00e1rias para fomentar o senso cr\u00edtico das popula\u00e7\u00f5es em todo o mundo. No caso da Amaz\u00f4nia, nos encontramos diante de um panorama repleto de realidades que devem ser abordadas por aqueles que fazem parte dos meios de comunica\u00e7\u00e3o, na busca por melhores condi\u00e7\u00f5es [&hellip;]","og_url":"https:\/\/www.repam.net\/pt\/kukama-tikuna-maguta\/modulo-1-fundamentos-do-jornalismo\/","og_site_name":"Repam","article_modified_time":"2025-11-05T21:03:48+00:00","og_image":[{"width":1280,"height":853,"url":"https:\/\/www.repam.net\/pt\/wp-content\/uploads\/2025\/10\/Territorio-3.jpg","type":"image\/jpeg"}],"twitter_card":"summary_large_image","twitter_misc":{"Est. tempo de leitura":"3 minutos"},"schema":{"@context":"https:\/\/schema.org","@graph":[{"@type":"WebPage","@id":"https:\/\/www.repam.net\/pt\/kukama-tikuna-maguta\/modulo-1-fundamentos-do-jornalismo\/","url":"https:\/\/www.repam.net\/pt\/kukama-tikuna-maguta\/modulo-1-fundamentos-do-jornalismo\/","name":"M\u00f3dulo 1: Fundamentos do Jornalismo - Repam","isPartOf":{"@id":"https:\/\/www.repam.net\/pt\/#website"},"primaryImageOfPage":{"@id":"https:\/\/www.repam.net\/pt\/kukama-tikuna-maguta\/modulo-1-fundamentos-do-jornalismo\/#primaryimage"},"image":{"@id":"https:\/\/www.repam.net\/pt\/kukama-tikuna-maguta\/modulo-1-fundamentos-do-jornalismo\/#primaryimage"},"thumbnailUrl":"https:\/\/www.repam.net\/pt\/wp-content\/uploads\/2025\/10\/Territorio-3-1024x682.jpg","datePublished":"2025-11-04T21:11:36+00:00","dateModified":"2025-11-05T21:03:48+00:00","breadcrumb":{"@id":"https:\/\/www.repam.net\/pt\/kukama-tikuna-maguta\/modulo-1-fundamentos-do-jornalismo\/#breadcrumb"},"inLanguage":"pt-BR","potentialAction":[{"@type":"ReadAction","target":["https:\/\/www.repam.net\/pt\/kukama-tikuna-maguta\/modulo-1-fundamentos-do-jornalismo\/"]}]},{"@type":"ImageObject","inLanguage":"pt-BR","@id":"https:\/\/www.repam.net\/pt\/kukama-tikuna-maguta\/modulo-1-fundamentos-do-jornalismo\/#primaryimage","url":"https:\/\/www.repam.net\/pt\/wp-content\/uploads\/2025\/10\/Territorio-3.jpg","contentUrl":"https:\/\/www.repam.net\/pt\/wp-content\/uploads\/2025\/10\/Territorio-3.jpg","width":1280,"height":853},{"@type":"BreadcrumbList","@id":"https:\/\/www.repam.net\/pt\/kukama-tikuna-maguta\/modulo-1-fundamentos-do-jornalismo\/#breadcrumb","itemListElement":[{"@type":"ListItem","position":1,"name":"In\u00edcio","item":"https:\/\/www.repam.net\/pt\/"},{"@type":"ListItem","position":2,"name":"Kukama-Tikuna-Mag\u00fcta","item":"https:\/\/www.repam.net\/pt\/kukama-tikuna-maguta\/"},{"@type":"ListItem","position":3,"name":"M\u00f3dulo 1: Fundamentos do Jornalismo"}]},{"@type":"WebSite","@id":"https:\/\/www.repam.net\/pt\/#website","url":"https:\/\/www.repam.net\/pt\/","name":"Repam","description":"Rede Eclesial Pan-amaz\u00f4nica","publisher":{"@id":"https:\/\/www.repam.net\/pt\/#organization"},"potentialAction":[{"@type":"SearchAction","target":{"@type":"EntryPoint","urlTemplate":"https:\/\/www.repam.net\/pt\/?s={search_term_string}"},"query-input":{"@type":"PropertyValueSpecification","valueRequired":true,"valueName":"search_term_string"}}],"inLanguage":"pt-BR"},{"@type":"Organization","@id":"https:\/\/www.repam.net\/pt\/#organization","name":"Repam","url":"https:\/\/www.repam.net\/pt\/","logo":{"@type":"ImageObject","inLanguage":"pt-BR","@id":"https:\/\/www.repam.net\/pt\/#\/schema\/logo\/image\/","url":"https:\/\/www.repam.net\/pt\/wp-content\/uploads\/2022\/02\/15.-REPAM-BRASIL.jpg","contentUrl":"https:\/\/www.repam.net\/pt\/wp-content\/uploads\/2022\/02\/15.-REPAM-BRASIL.jpg","width":231,"height":230,"caption":"Repam"},"image":{"@id":"https:\/\/www.repam.net\/pt\/#\/schema\/logo\/image\/"}}]}},"_links":{"self":[{"href":"https:\/\/www.repam.net\/pt\/wp-json\/wp\/v2\/pages\/3853","targetHints":{"allow":["GET"]}}],"collection":[{"href":"https:\/\/www.repam.net\/pt\/wp-json\/wp\/v2\/pages"}],"about":[{"href":"https:\/\/www.repam.net\/pt\/wp-json\/wp\/v2\/types\/page"}],"author":[{"embeddable":true,"href":"https:\/\/www.repam.net\/pt\/wp-json\/wp\/v2\/users\/1"}],"replies":[{"embeddable":true,"href":"https:\/\/www.repam.net\/pt\/wp-json\/wp\/v2\/comments?post=3853"}],"version-history":[{"count":4,"href":"https:\/\/www.repam.net\/pt\/wp-json\/wp\/v2\/pages\/3853\/revisions"}],"predecessor-version":[{"id":3957,"href":"https:\/\/www.repam.net\/pt\/wp-json\/wp\/v2\/pages\/3853\/revisions\/3957"}],"up":[{"embeddable":true,"href":"https:\/\/www.repam.net\/pt\/wp-json\/wp\/v2\/pages\/3658"}],"wp:attachment":[{"href":"https:\/\/www.repam.net\/pt\/wp-json\/wp\/v2\/media?parent=3853"}],"curies":[{"name":"wp","href":"https:\/\/api.w.org\/{rel}","templated":true}]}}