{"id":3860,"date":"2025-11-04T18:36:10","date_gmt":"2025-11-04T21:36:10","guid":{"rendered":"https:\/\/www.repam.net\/pt\/?page_id=3860"},"modified":"2025-11-05T18:04:30","modified_gmt":"2025-11-05T21:04:30","slug":"modulo-2-realidade-cultural-e-socioecologica-das-comunidades-amazonicas","status":"publish","type":"page","link":"https:\/\/www.repam.net\/pt\/kukama-tikuna-maguta\/modulo-2-realidade-cultural-e-socioecologica-das-comunidades-amazonicas\/","title":{"rendered":"M\u00f3dulo 2: Realidade cultural e socioecol\u00f3gica das comunidades amaz\u00f4nicas"},"content":{"rendered":"\n<p>Como habitantes, trabalhadores ou interessados na Amaz\u00f4nia, podemos identificar que a situa\u00e7\u00e3o social e ambiental do nosso territ\u00f3rio est\u00e1 marcada por diversos fatores culturais. Ancestralmente, os povos da nossa Pan-Amaz\u00f4nia encontraram uma harmonia total com o territ\u00f3rio; o respeito pelos meios de vida permanecia dentro do bioma amaz\u00f4nico e o equil\u00edbrio necess\u00e1rio para a subsist\u00eancia era mantido. Hoje em dia, a situa\u00e7\u00e3o mudou consideravelmente e, diante da imposi\u00e7\u00e3o de uma economia e de um mercado desenfreados, vemos como esse equil\u00edbrio se rompe e diminuem as garantias de vida.<\/p>\n\n\n\n<p>Qual foi o caminho seguido pelas popula\u00e7\u00f5es amaz\u00f4nicas para transformar suas a\u00e7\u00f5es em n\u00edvel social? Por que \u00e9 t\u00e3o dif\u00edcil falar, atualmente, sobre o respeito pelo equil\u00edbrio do ecossistema? Podemos reverter a crise clim\u00e1tica que avan\u00e7a cada vez mais? O presente m\u00f3dulo pretende oferecer as ferramentas para que, a partir da comunica\u00e7\u00e3o, sejam os pr\u00f3prios membros das comunidades amaz\u00f4nicas aqueles que estruturem os relatos, as hist\u00f3rias, os testemunhos e as alternativas que nascem do seio da Pan-Amaz\u00f4nia para enfrentar este cen\u00e1rio sombrio.<\/p>\n\n\n\n<figure class=\"wp-block-gallery has-nested-images columns-default is-cropped wp-block-gallery-1 is-layout-flex wp-block-gallery-is-layout-flex\">\n<figure class=\"wp-block-image size-large\"><img loading=\"lazy\" decoding=\"async\" width=\"1024\" height=\"682\" data-id=\"3839\" src=\"https:\/\/www.repam.net\/pt\/wp-content\/uploads\/2025\/10\/Territorio-10-1024x682.jpg\" alt=\"\" class=\"wp-image-3839\" srcset=\"https:\/\/www.repam.net\/pt\/wp-content\/uploads\/2025\/10\/Territorio-10-1024x682.jpg 1024w, https:\/\/www.repam.net\/pt\/wp-content\/uploads\/2025\/10\/Territorio-10-300x200.jpg 300w, https:\/\/www.repam.net\/pt\/wp-content\/uploads\/2025\/10\/Territorio-10-768x512.jpg 768w, https:\/\/www.repam.net\/pt\/wp-content\/uploads\/2025\/10\/Territorio-10.jpg 1280w\" sizes=\"auto, (max-width: 1024px) 100vw, 1024px\" \/><\/figure>\n\n\n\n<figure class=\"wp-block-image size-large\"><img loading=\"lazy\" decoding=\"async\" width=\"1024\" height=\"682\" data-id=\"3831\" src=\"https:\/\/www.repam.net\/pt\/wp-content\/uploads\/2025\/10\/Territorio-2-1024x682.jpg\" alt=\"\" class=\"wp-image-3831\" srcset=\"https:\/\/www.repam.net\/pt\/wp-content\/uploads\/2025\/10\/Territorio-2-1024x682.jpg 1024w, https:\/\/www.repam.net\/pt\/wp-content\/uploads\/2025\/10\/Territorio-2-300x200.jpg 300w, https:\/\/www.repam.net\/pt\/wp-content\/uploads\/2025\/10\/Territorio-2-768x512.jpg 768w, https:\/\/www.repam.net\/pt\/wp-content\/uploads\/2025\/10\/Territorio-2.jpg 1280w\" sizes=\"auto, (max-width: 1024px) 100vw, 1024px\" \/><\/figure>\n\n\n\n<figure class=\"wp-block-image size-large\"><img loading=\"lazy\" decoding=\"async\" width=\"1024\" height=\"682\" data-id=\"3793\" src=\"https:\/\/www.repam.net\/pt\/wp-content\/uploads\/2025\/10\/Radio-Ucamara-7-1024x682.jpg\" alt=\"\" class=\"wp-image-3793\" srcset=\"https:\/\/www.repam.net\/pt\/wp-content\/uploads\/2025\/10\/Radio-Ucamara-7-1024x682.jpg 1024w, https:\/\/www.repam.net\/pt\/wp-content\/uploads\/2025\/10\/Radio-Ucamara-7-300x200.jpg 300w, https:\/\/www.repam.net\/pt\/wp-content\/uploads\/2025\/10\/Radio-Ucamara-7-768x512.jpg 768w, https:\/\/www.repam.net\/pt\/wp-content\/uploads\/2025\/10\/Radio-Ucamara-7.jpg 1280w\" sizes=\"auto, (max-width: 1024px) 100vw, 1024px\" \/><\/figure>\n\n\n\n<figure class=\"wp-block-image size-large\"><img loading=\"lazy\" decoding=\"async\" width=\"1024\" height=\"682\" data-id=\"3861\" src=\"https:\/\/www.repam.net\/pt\/wp-content\/uploads\/2025\/11\/Territorio-14-1024x682.jpg\" alt=\"\" class=\"wp-image-3861\" srcset=\"https:\/\/www.repam.net\/pt\/wp-content\/uploads\/2025\/11\/Territorio-14-1024x682.jpg 1024w, https:\/\/www.repam.net\/pt\/wp-content\/uploads\/2025\/11\/Territorio-14-300x200.jpg 300w, https:\/\/www.repam.net\/pt\/wp-content\/uploads\/2025\/11\/Territorio-14-768x512.jpg 768w, https:\/\/www.repam.net\/pt\/wp-content\/uploads\/2025\/11\/Territorio-14.jpg 1280w\" sizes=\"auto, (max-width: 1024px) 100vw, 1024px\" \/><\/figure>\n\n\n\n<figure class=\"wp-block-image size-large\"><img loading=\"lazy\" decoding=\"async\" width=\"1024\" height=\"682\" data-id=\"3862\" src=\"https:\/\/www.repam.net\/pt\/wp-content\/uploads\/2025\/11\/Territorio-15-1024x682.jpg\" alt=\"\" class=\"wp-image-3862\" srcset=\"https:\/\/www.repam.net\/pt\/wp-content\/uploads\/2025\/11\/Territorio-15-1024x682.jpg 1024w, https:\/\/www.repam.net\/pt\/wp-content\/uploads\/2025\/11\/Territorio-15-300x200.jpg 300w, https:\/\/www.repam.net\/pt\/wp-content\/uploads\/2025\/11\/Territorio-15-768x512.jpg 768w, https:\/\/www.repam.net\/pt\/wp-content\/uploads\/2025\/11\/Territorio-15.jpg 1280w\" sizes=\"auto, (max-width: 1024px) 100vw, 1024px\" \/><\/figure>\n\n\n\n<figure class=\"wp-block-image size-large\"><img loading=\"lazy\" decoding=\"async\" width=\"1024\" height=\"682\" data-id=\"3863\" src=\"https:\/\/www.repam.net\/pt\/wp-content\/uploads\/2025\/11\/Territorio-16-1024x682.jpg\" alt=\"\" class=\"wp-image-3863\" srcset=\"https:\/\/www.repam.net\/pt\/wp-content\/uploads\/2025\/11\/Territorio-16-1024x682.jpg 1024w, https:\/\/www.repam.net\/pt\/wp-content\/uploads\/2025\/11\/Territorio-16-300x200.jpg 300w, https:\/\/www.repam.net\/pt\/wp-content\/uploads\/2025\/11\/Territorio-16-768x512.jpg 768w, https:\/\/www.repam.net\/pt\/wp-content\/uploads\/2025\/11\/Territorio-16.jpg 1280w\" sizes=\"auto, (max-width: 1024px) 100vw, 1024px\" \/><\/figure>\n<\/figure>\n\n\n\n<figure class=\"wp-block-image size-full is-resized\"><a href=\"https:\/\/www.repam.net\/pt\/kukama-tikuna-maguta\/\"><img loading=\"lazy\" decoding=\"async\" width=\"500\" height=\"500\" src=\"https:\/\/www.repam.net\/pt\/wp-content\/uploads\/2025\/11\/pngwing.com_.png\" alt=\"\" class=\"wp-image-3954\" style=\"width:80px\" srcset=\"https:\/\/www.repam.net\/pt\/wp-content\/uploads\/2025\/11\/pngwing.com_.png 500w, https:\/\/www.repam.net\/pt\/wp-content\/uploads\/2025\/11\/pngwing.com_-300x300.png 300w, https:\/\/www.repam.net\/pt\/wp-content\/uploads\/2025\/11\/pngwing.com_-150x150.png 150w\" sizes=\"auto, (max-width: 500px) 100vw, 500px\" \/><\/a><\/figure>\n","protected":false},"excerpt":{"rendered":"<p>Como habitantes, trabalhadores ou interessados na Amaz\u00f4nia, podemos identificar que a situa\u00e7\u00e3o social e ambiental do nosso territ\u00f3rio est\u00e1 marcada por diversos fatores culturais. Ancestralmente, os povos da nossa Pan-Amaz\u00f4nia encontraram uma harmonia total com o territ\u00f3rio; o respeito pelos meios de vida permanecia dentro do bioma amaz\u00f4nico e o equil\u00edbrio necess\u00e1rio para a subsist\u00eancia [&hellip;]<\/p>\n","protected":false},"author":1,"featured_media":0,"parent":3658,"menu_order":0,"comment_status":"closed","ping_status":"closed","template":"page-multipla.php","meta":{"_acf_changed":false,"_uf_show_specific_survey":0,"_uf_disable_surveys":false,"footnotes":""},"class_list":["post-3860","page","type-page","status-publish","hentry"],"acf":[],"aioseo_notices":[],"yoast_head":"<!-- This site is optimized with the Yoast SEO plugin v24.2 - https:\/\/yoast.com\/wordpress\/plugins\/seo\/ -->\n<title>M\u00f3dulo 2: Realidade cultural e socioecol\u00f3gica das comunidades amaz\u00f4nicas - Repam<\/title>\n<meta name=\"robots\" content=\"index, follow, max-snippet:-1, max-image-preview:large, max-video-preview:-1\" \/>\n<link rel=\"canonical\" href=\"https:\/\/www.repam.net\/pt\/kukama-tikuna-maguta\/modulo-2-realidade-cultural-e-socioecologica-das-comunidades-amazonicas\/\" \/>\n<meta property=\"og:locale\" content=\"pt_BR\" \/>\n<meta property=\"og:type\" content=\"article\" \/>\n<meta property=\"og:title\" content=\"M\u00f3dulo 2: Realidade cultural e socioecol\u00f3gica das comunidades amaz\u00f4nicas - Repam\" \/>\n<meta property=\"og:description\" content=\"Como habitantes, trabalhadores ou interessados na Amaz\u00f4nia, podemos identificar que a situa\u00e7\u00e3o social e ambiental do nosso territ\u00f3rio est\u00e1 marcada por diversos fatores culturais. Ancestralmente, os povos da nossa Pan-Amaz\u00f4nia encontraram uma harmonia total com o territ\u00f3rio; o respeito pelos meios de vida permanecia dentro do bioma amaz\u00f4nico e o equil\u00edbrio necess\u00e1rio para a subsist\u00eancia [&hellip;]\" \/>\n<meta property=\"og:url\" content=\"https:\/\/www.repam.net\/pt\/kukama-tikuna-maguta\/modulo-2-realidade-cultural-e-socioecologica-das-comunidades-amazonicas\/\" \/>\n<meta property=\"og:site_name\" content=\"Repam\" \/>\n<meta property=\"article:modified_time\" content=\"2025-11-05T21:04:30+00:00\" \/>\n<meta property=\"og:image\" content=\"https:\/\/www.repam.net\/pt\/wp-content\/uploads\/2025\/10\/Territorio-10.jpg\" \/>\n\t<meta property=\"og:image:width\" content=\"1280\" \/>\n\t<meta property=\"og:image:height\" content=\"853\" \/>\n\t<meta property=\"og:image:type\" content=\"image\/jpeg\" \/>\n<meta name=\"twitter:card\" content=\"summary_large_image\" \/>\n<meta name=\"twitter:label1\" content=\"Est. tempo de leitura\" \/>\n\t<meta name=\"twitter:data1\" content=\"3 minutos\" \/>\n<script type=\"application\/ld+json\" class=\"yoast-schema-graph\">{\"@context\":\"https:\/\/schema.org\",\"@graph\":[{\"@type\":\"WebPage\",\"@id\":\"https:\/\/www.repam.net\/pt\/kukama-tikuna-maguta\/modulo-2-realidade-cultural-e-socioecologica-das-comunidades-amazonicas\/\",\"url\":\"https:\/\/www.repam.net\/pt\/kukama-tikuna-maguta\/modulo-2-realidade-cultural-e-socioecologica-das-comunidades-amazonicas\/\",\"name\":\"M\u00f3dulo 2: Realidade cultural e socioecol\u00f3gica das comunidades amaz\u00f4nicas - Repam\",\"isPartOf\":{\"@id\":\"https:\/\/www.repam.net\/pt\/#website\"},\"primaryImageOfPage\":{\"@id\":\"https:\/\/www.repam.net\/pt\/kukama-tikuna-maguta\/modulo-2-realidade-cultural-e-socioecologica-das-comunidades-amazonicas\/#primaryimage\"},\"image\":{\"@id\":\"https:\/\/www.repam.net\/pt\/kukama-tikuna-maguta\/modulo-2-realidade-cultural-e-socioecologica-das-comunidades-amazonicas\/#primaryimage\"},\"thumbnailUrl\":\"https:\/\/www.repam.net\/pt\/wp-content\/uploads\/2025\/10\/Territorio-10-1024x682.jpg\",\"datePublished\":\"2025-11-04T21:36:10+00:00\",\"dateModified\":\"2025-11-05T21:04:30+00:00\",\"breadcrumb\":{\"@id\":\"https:\/\/www.repam.net\/pt\/kukama-tikuna-maguta\/modulo-2-realidade-cultural-e-socioecologica-das-comunidades-amazonicas\/#breadcrumb\"},\"inLanguage\":\"pt-BR\",\"potentialAction\":[{\"@type\":\"ReadAction\",\"target\":[\"https:\/\/www.repam.net\/pt\/kukama-tikuna-maguta\/modulo-2-realidade-cultural-e-socioecologica-das-comunidades-amazonicas\/\"]}]},{\"@type\":\"ImageObject\",\"inLanguage\":\"pt-BR\",\"@id\":\"https:\/\/www.repam.net\/pt\/kukama-tikuna-maguta\/modulo-2-realidade-cultural-e-socioecologica-das-comunidades-amazonicas\/#primaryimage\",\"url\":\"https:\/\/www.repam.net\/pt\/wp-content\/uploads\/2025\/10\/Territorio-10.jpg\",\"contentUrl\":\"https:\/\/www.repam.net\/pt\/wp-content\/uploads\/2025\/10\/Territorio-10.jpg\",\"width\":1280,\"height\":853},{\"@type\":\"BreadcrumbList\",\"@id\":\"https:\/\/www.repam.net\/pt\/kukama-tikuna-maguta\/modulo-2-realidade-cultural-e-socioecologica-das-comunidades-amazonicas\/#breadcrumb\",\"itemListElement\":[{\"@type\":\"ListItem\",\"position\":1,\"name\":\"In\u00edcio\",\"item\":\"https:\/\/www.repam.net\/pt\/\"},{\"@type\":\"ListItem\",\"position\":2,\"name\":\"Kukama-Tikuna-Mag\u00fcta\",\"item\":\"https:\/\/www.repam.net\/pt\/kukama-tikuna-maguta\/\"},{\"@type\":\"ListItem\",\"position\":3,\"name\":\"M\u00f3dulo 2: Realidade cultural e socioecol\u00f3gica das comunidades amaz\u00f4nicas\"}]},{\"@type\":\"WebSite\",\"@id\":\"https:\/\/www.repam.net\/pt\/#website\",\"url\":\"https:\/\/www.repam.net\/pt\/\",\"name\":\"Repam\",\"description\":\"Rede Eclesial Pan-amaz\u00f4nica\",\"publisher\":{\"@id\":\"https:\/\/www.repam.net\/pt\/#organization\"},\"potentialAction\":[{\"@type\":\"SearchAction\",\"target\":{\"@type\":\"EntryPoint\",\"urlTemplate\":\"https:\/\/www.repam.net\/pt\/?s={search_term_string}\"},\"query-input\":{\"@type\":\"PropertyValueSpecification\",\"valueRequired\":true,\"valueName\":\"search_term_string\"}}],\"inLanguage\":\"pt-BR\"},{\"@type\":\"Organization\",\"@id\":\"https:\/\/www.repam.net\/pt\/#organization\",\"name\":\"Repam\",\"url\":\"https:\/\/www.repam.net\/pt\/\",\"logo\":{\"@type\":\"ImageObject\",\"inLanguage\":\"pt-BR\",\"@id\":\"https:\/\/www.repam.net\/pt\/#\/schema\/logo\/image\/\",\"url\":\"https:\/\/www.repam.net\/pt\/wp-content\/uploads\/2022\/02\/15.-REPAM-BRASIL.jpg\",\"contentUrl\":\"https:\/\/www.repam.net\/pt\/wp-content\/uploads\/2022\/02\/15.-REPAM-BRASIL.jpg\",\"width\":231,\"height\":230,\"caption\":\"Repam\"},\"image\":{\"@id\":\"https:\/\/www.repam.net\/pt\/#\/schema\/logo\/image\/\"}}]}<\/script>\n<!-- \/ Yoast SEO plugin. -->","yoast_head_json":{"title":"M\u00f3dulo 2: Realidade cultural e socioecol\u00f3gica das comunidades amaz\u00f4nicas - Repam","robots":{"index":"index","follow":"follow","max-snippet":"max-snippet:-1","max-image-preview":"max-image-preview:large","max-video-preview":"max-video-preview:-1"},"canonical":"https:\/\/www.repam.net\/pt\/kukama-tikuna-maguta\/modulo-2-realidade-cultural-e-socioecologica-das-comunidades-amazonicas\/","og_locale":"pt_BR","og_type":"article","og_title":"M\u00f3dulo 2: Realidade cultural e socioecol\u00f3gica das comunidades amaz\u00f4nicas - Repam","og_description":"Como habitantes, trabalhadores ou interessados na Amaz\u00f4nia, podemos identificar que a situa\u00e7\u00e3o social e ambiental do nosso territ\u00f3rio est\u00e1 marcada por diversos fatores culturais. Ancestralmente, os povos da nossa Pan-Amaz\u00f4nia encontraram uma harmonia total com o territ\u00f3rio; o respeito pelos meios de vida permanecia dentro do bioma amaz\u00f4nico e o equil\u00edbrio necess\u00e1rio para a subsist\u00eancia [&hellip;]","og_url":"https:\/\/www.repam.net\/pt\/kukama-tikuna-maguta\/modulo-2-realidade-cultural-e-socioecologica-das-comunidades-amazonicas\/","og_site_name":"Repam","article_modified_time":"2025-11-05T21:04:30+00:00","og_image":[{"width":1280,"height":853,"url":"https:\/\/www.repam.net\/pt\/wp-content\/uploads\/2025\/10\/Territorio-10.jpg","type":"image\/jpeg"}],"twitter_card":"summary_large_image","twitter_misc":{"Est. tempo de leitura":"3 minutos"},"schema":{"@context":"https:\/\/schema.org","@graph":[{"@type":"WebPage","@id":"https:\/\/www.repam.net\/pt\/kukama-tikuna-maguta\/modulo-2-realidade-cultural-e-socioecologica-das-comunidades-amazonicas\/","url":"https:\/\/www.repam.net\/pt\/kukama-tikuna-maguta\/modulo-2-realidade-cultural-e-socioecologica-das-comunidades-amazonicas\/","name":"M\u00f3dulo 2: Realidade cultural e socioecol\u00f3gica das comunidades amaz\u00f4nicas - Repam","isPartOf":{"@id":"https:\/\/www.repam.net\/pt\/#website"},"primaryImageOfPage":{"@id":"https:\/\/www.repam.net\/pt\/kukama-tikuna-maguta\/modulo-2-realidade-cultural-e-socioecologica-das-comunidades-amazonicas\/#primaryimage"},"image":{"@id":"https:\/\/www.repam.net\/pt\/kukama-tikuna-maguta\/modulo-2-realidade-cultural-e-socioecologica-das-comunidades-amazonicas\/#primaryimage"},"thumbnailUrl":"https:\/\/www.repam.net\/pt\/wp-content\/uploads\/2025\/10\/Territorio-10-1024x682.jpg","datePublished":"2025-11-04T21:36:10+00:00","dateModified":"2025-11-05T21:04:30+00:00","breadcrumb":{"@id":"https:\/\/www.repam.net\/pt\/kukama-tikuna-maguta\/modulo-2-realidade-cultural-e-socioecologica-das-comunidades-amazonicas\/#breadcrumb"},"inLanguage":"pt-BR","potentialAction":[{"@type":"ReadAction","target":["https:\/\/www.repam.net\/pt\/kukama-tikuna-maguta\/modulo-2-realidade-cultural-e-socioecologica-das-comunidades-amazonicas\/"]}]},{"@type":"ImageObject","inLanguage":"pt-BR","@id":"https:\/\/www.repam.net\/pt\/kukama-tikuna-maguta\/modulo-2-realidade-cultural-e-socioecologica-das-comunidades-amazonicas\/#primaryimage","url":"https:\/\/www.repam.net\/pt\/wp-content\/uploads\/2025\/10\/Territorio-10.jpg","contentUrl":"https:\/\/www.repam.net\/pt\/wp-content\/uploads\/2025\/10\/Territorio-10.jpg","width":1280,"height":853},{"@type":"BreadcrumbList","@id":"https:\/\/www.repam.net\/pt\/kukama-tikuna-maguta\/modulo-2-realidade-cultural-e-socioecologica-das-comunidades-amazonicas\/#breadcrumb","itemListElement":[{"@type":"ListItem","position":1,"name":"In\u00edcio","item":"https:\/\/www.repam.net\/pt\/"},{"@type":"ListItem","position":2,"name":"Kukama-Tikuna-Mag\u00fcta","item":"https:\/\/www.repam.net\/pt\/kukama-tikuna-maguta\/"},{"@type":"ListItem","position":3,"name":"M\u00f3dulo 2: Realidade cultural e socioecol\u00f3gica das comunidades amaz\u00f4nicas"}]},{"@type":"WebSite","@id":"https:\/\/www.repam.net\/pt\/#website","url":"https:\/\/www.repam.net\/pt\/","name":"Repam","description":"Rede Eclesial Pan-amaz\u00f4nica","publisher":{"@id":"https:\/\/www.repam.net\/pt\/#organization"},"potentialAction":[{"@type":"SearchAction","target":{"@type":"EntryPoint","urlTemplate":"https:\/\/www.repam.net\/pt\/?s={search_term_string}"},"query-input":{"@type":"PropertyValueSpecification","valueRequired":true,"valueName":"search_term_string"}}],"inLanguage":"pt-BR"},{"@type":"Organization","@id":"https:\/\/www.repam.net\/pt\/#organization","name":"Repam","url":"https:\/\/www.repam.net\/pt\/","logo":{"@type":"ImageObject","inLanguage":"pt-BR","@id":"https:\/\/www.repam.net\/pt\/#\/schema\/logo\/image\/","url":"https:\/\/www.repam.net\/pt\/wp-content\/uploads\/2022\/02\/15.-REPAM-BRASIL.jpg","contentUrl":"https:\/\/www.repam.net\/pt\/wp-content\/uploads\/2022\/02\/15.-REPAM-BRASIL.jpg","width":231,"height":230,"caption":"Repam"},"image":{"@id":"https:\/\/www.repam.net\/pt\/#\/schema\/logo\/image\/"}}]}},"_links":{"self":[{"href":"https:\/\/www.repam.net\/pt\/wp-json\/wp\/v2\/pages\/3860","targetHints":{"allow":["GET"]}}],"collection":[{"href":"https:\/\/www.repam.net\/pt\/wp-json\/wp\/v2\/pages"}],"about":[{"href":"https:\/\/www.repam.net\/pt\/wp-json\/wp\/v2\/types\/page"}],"author":[{"embeddable":true,"href":"https:\/\/www.repam.net\/pt\/wp-json\/wp\/v2\/users\/1"}],"replies":[{"embeddable":true,"href":"https:\/\/www.repam.net\/pt\/wp-json\/wp\/v2\/comments?post=3860"}],"version-history":[{"count":2,"href":"https:\/\/www.repam.net\/pt\/wp-json\/wp\/v2\/pages\/3860\/revisions"}],"predecessor-version":[{"id":3958,"href":"https:\/\/www.repam.net\/pt\/wp-json\/wp\/v2\/pages\/3860\/revisions\/3958"}],"up":[{"embeddable":true,"href":"https:\/\/www.repam.net\/pt\/wp-json\/wp\/v2\/pages\/3658"}],"wp:attachment":[{"href":"https:\/\/www.repam.net\/pt\/wp-json\/wp\/v2\/media?parent=3860"}],"curies":[{"name":"wp","href":"https:\/\/api.w.org\/{rel}","templated":true}]}}